{"id":32459,"date":"2025-09-27T07:43:11","date_gmt":"2025-09-27T07:43:11","guid":{"rendered":"https:\/\/parketasala.lv\/?post_type=product&#038;p=32459"},"modified":"2025-11-13T08:12:16","modified_gmt":"2025-11-13T08:12:16","slug":"%d0%b2%d0%b8%d0%bd%d0%b8%d0%bb%d0%be%d0%b2%d1%8b%d0%b9-%d0%bf%d0%be%d0%bb-moduleo-roots-country-oak-54225-copy-copy-copy-copy-copy-copy-copy-copy-copy-copy-copy-copy-copy-co-25","status":"publish","type":"product","link":"https:\/\/parketasala.lv\/ru\/product\/%d0%b2%d0%b8%d0%bd%d0%b8%d0%bb%d0%be%d0%b2%d1%8b%d0%b9-%d0%bf%d0%be%d0%bb-moduleo-roots-country-oak-54225-copy-copy-copy-copy-copy-copy-copy-copy-copy-copy-copy-copy-copy-co-25\/","title":{"rendered":"\u0412\u0438\u043d\u0438\u043b\u043e\u0432\u044b\u0439 \u043f\u043e\u043b Moduleo Roots 20565"},"content":{"rendered":"<p>\u0412\u0438\u043d\u0438\u043b\u043e\u0432\u044b\u0435 \u043f\u043e\u043b\u044b Moduleo Roots:<\/p>\n<ul>\n<li>\u0424\u0430\u043a\u0442\u0443\u0440\u0430 \u043d\u0430\u0442\u0443\u0440\u0430\u043b\u044c\u043d\u043e\u0433\u043e \u0434\u0435\u0440\u0435\u0432\u0430 \u0438\u043b\u0438 \u043a\u0430\u043c\u043d\u044f (\u0442\u0435\u043a\u0441\u0442\u0443\u0440\u0430 \u043f\u043e\u0432\u0435\u0440\u0445\u043d\u043e\u0441\u0442\u0438 \u0434\u043e\u043b\u0436\u043d\u0430 \u0441\u043e\u043e\u0442\u0432\u0435\u0442\u0441\u0442\u0432\u043e\u0432\u0430\u0442\u044c \u0440\u0438\u0441\u0443\u043d\u043a\u0443 \u0434\u0435\u043a\u043e\u0440\u0430)<\/li>\n<li>\u0412\u0441\u0435 \u043a\u043e\u043d\u0441\u0442\u0440\u0443\u043a\u0446\u0438\u0438 \u0438\u043c\u0435\u044e\u0442 \u0447\u0435\u0442\u044b\u0440\u0435\u0445\u0441\u0442\u043e\u0440\u043e\u043d\u043d\u044e\u044e \u0444\u0430\u0437\u0443<\/li>\n<li>\u0411\u044b\u0441\u0442\u0440\u0430\u044f \u0438 \u043f\u0440\u043e\u0441\u0442\u0430\u044f \u0443\u0441\u0442\u0430\u043d\u043e\u0432\u043a\u0430.<\/li>\n<li>100% \u0432\u043e\u0434\u043e\u043d\u0435\u043f\u0440\u043e\u043d\u0438\u0446\u0430\u0435\u043c\u043e\u0441\u0442\u044c &#8212; \u043c\u043e\u0436\u043d\u043e \u0441\u043c\u0435\u043b\u043e \u0438\u0441\u043f\u043e\u043b\u044c\u0437\u043e\u0432\u0430\u0442\u044c \u0432 \u0432\u0430\u043d\u043d\u043e\u0439, \u043a\u043e\u0440\u0438\u0434\u043e\u0440\u0435 \u0438\u043b\u0438 \u043d\u0430 \u043a\u0443\u0445\u043d\u0435.<\/li>\n<li>\u0418\u0434\u0435\u0430\u043b\u044c\u043d\u043e \u043f\u043e\u0434\u0445\u043e\u0434\u0438\u0442 \u0434\u043b\u044f \u043f\u043e\u043b\u043e\u0432 \u0441 \u043f\u043e\u0434\u043e\u0433\u0440\u0435\u0432\u043e\u043c.<\/li>\n<li>\u0411\u043e\u043b\u0435\u0435 \u0442\u0438\u0445\u0438\u0439 \u0438 \u0442\u0435\u043f\u043b\u044b\u0439, \u0447\u0435\u043c \u043b\u0430\u043c\u0438\u043d\u0430\u0442.<\/li>\n<li>\u0423\u0441\u0442\u043e\u0439\u0447\u0438\u0432\u043e\u0441\u0442\u044c \u043a \u0438\u0441\u0442\u0438\u0440\u0430\u043d\u0438\u044e &#8212; \u0432\u0438\u043d\u0438\u043b\u043e\u0432\u044b\u0439 \u0441\u043b\u043e\u0439 0,55 \u043c\u043c (\u043a\u043b\u0430\u0441\u0441 \u0443\u0441\u0442\u043e\u0439\u0447\u0438\u0432\u043e\u0441\u0442\u0438 \u043a \u0438\u0441\u0442\u0438\u0440\u0430\u043d\u0438\u044e 42).<\/li>\n<li>\u041d\u0430\u043f\u043e\u043b\u044c\u043d\u043e\u0435 \u043f\u043e\u043a\u0440\u044b\u0442\u0438\u0435 \u043d\u0435 \u043e\u0431\u0435\u0441\u0446\u0432\u0435\u0447\u0438\u0432\u0430\u0435\u0442\u0441\u044f \u0438 \u043d\u0435 \u0432\u044b\u0446\u0432\u0435\u0442\u0430\u0435\u0442 \u043d\u0430 \u0441\u043e\u043b\u043d\u0446\u0435<\/li>\n<li>\u041f\u0440\u043e\u0441\u0442\u043e\u0442\u0430 \u0432 \u043e\u0431\u0441\u043b\u0443\u0436\u0438\u0432\u0430\u043d\u0438\u0438<\/li>\n<li>\u0412\u043e\u0437\u043c\u043e\u0436\u043d\u0430 \u0437\u0430\u043c\u0435\u043d\u0430 \u043d\u0435\u0438\u0441\u043f\u0440\u0430\u0432\u043d\u043e\u0439 \u043f\u043b\u0430\u0442\u044b<\/li>\n<li>\u041a\u0440\u0435\u0430\u0442\u0438\u0432\u043d\u044b\u0439 \u043f\u043b\u0438\u043d\u0442\u0443\u0441 \u0438\u0434\u0435\u043d\u0442\u0438\u0447\u043d\u043e\u0433\u043e \u043e\u0442\u0442\u0435\u043d\u043a\u0430 (\u0438\u0437 \u0442\u043e\u0433\u043e \u0436\u0435 \u0432\u0438\u043d\u0438\u043b\u0430)<\/li>\n<\/ul>\n<p>\u0422\u0438\u043f \u0443\u0441\u0442\u0430\u043d\u043e\u0432\u043a\u0438:<\/p>\n<ul>\n<li>\u041f\u0440\u0438\u043a\u043b\u0435\u0438\u0432\u0430\u043d\u0438\u0435 \u043a \u043f\u043e\u043b\u0443<\/li>\n<\/ul>\n<p>&nbsp;<\/p>\n","protected":false},"excerpt":{"rendered":"<p>\u0412\u0438\u043d\u0438\u043b\u043e\u0432\u044b\u0435 \u043f\u043e\u043b\u044b Moduleo Roots: \u0424\u0430\u043a\u0442\u0443\u0440\u0430 \u043d\u0430\u0442\u0443\u0440\u0430\u043b\u044c\u043d\u043e\u0433\u043e \u0434\u0435\u0440\u0435\u0432\u0430 \u0438\u043b\u0438 \u043a\u0430\u043c\u043d\u044f (\u0442\u0435\u043a\u0441\u0442\u0443\u0440\u0430 \u043f\u043e\u0432\u0435\u0440\u0445\u043d\u043e\u0441\u0442\u0438 \u0434\u043e\u043b\u0436\u043d\u0430 \u0441\u043e\u043e\u0442\u0432\u0435\u0442\u0441\u0442\u0432\u043e\u0432\u0430\u0442\u044c \u0440\u0438\u0441\u0443\u043d\u043a\u0443 \u0434\u0435\u043a\u043e\u0440\u0430) \u0412\u0441\u0435 \u043a\u043e\u043d\u0441\u0442\u0440\u0443\u043a\u0446\u0438\u0438 \u0438\u043c\u0435\u044e\u0442 \u0447\u0435\u0442\u044b\u0440\u0435\u0445\u0441\u0442\u043e\u0440\u043e\u043d\u043d\u044e\u044e \u0444\u0430\u0437\u0443 \u0411\u044b\u0441\u0442\u0440\u0430\u044f \u0438 \u043f\u0440\u043e\u0441\u0442\u0430\u044f \u0443\u0441\u0442\u0430\u043d\u043e\u0432\u043a\u0430. 100% \u0432\u043e\u0434\u043e\u043d\u0435\u043f\u0440\u043e\u043d\u0438\u0446\u0430\u0435\u043c\u043e\u0441\u0442\u044c &#8212; \u043c\u043e\u0436\u043d\u043e \u0441\u043c\u0435\u043b\u043e \u0438\u0441\u043f\u043e\u043b\u044c\u0437\u043e\u0432\u0430\u0442\u044c \u0432 \u0432\u0430\u043d\u043d\u043e\u0439, \u043a\u043e\u0440\u0438\u0434\u043e\u0440\u0435 \u0438\u043b\u0438 \u043d\u0430 \u043a\u0443\u0445\u043d\u0435. \u0418\u0434\u0435\u0430\u043b\u044c\u043d\u043e \u043f\u043e\u0434\u0445\u043e\u0434\u0438\u0442 \u0434\u043b\u044f \u043f\u043e\u043b\u043e\u0432 \u0441 \u043f\u043e\u0434\u043e\u0433\u0440\u0435\u0432\u043e\u043c. \u0411\u043e\u043b\u0435\u0435 \u0442\u0438\u0445\u0438\u0439 \u0438 \u0442\u0435\u043f\u043b\u044b\u0439, \u0447\u0435\u043c \u043b\u0430\u043c\u0438\u043d\u0430\u0442. \u0423\u0441\u0442\u043e\u0439\u0447\u0438\u0432\u043e\u0441\u0442\u044c \u043a \u0438\u0441\u0442\u0438\u0440\u0430\u043d\u0438\u044e &#8212; \u0432\u0438\u043d\u0438\u043b\u043e\u0432\u044b\u0439 \u0441\u043b\u043e\u0439 0,55 [&hellip;]<\/p>\n","protected":false},"featured_media":32453,"template":"","meta":{"_acf_changed":false},"product_brand":[],"product_cat":[735,740,731,732,776],"product_tag":[],"class_list":{"0":"post-32459","1":"product","2":"type-product","3":"status-publish","4":"has-post-thumbnail","6":"product_cat-moduleo-ru","7":"product_cat--ru","8":"product_cat-731","9":"product_cat-732","10":"product_cat-776","12":"first","13":"onbackorder","14":"taxable","15":"shipping-taxable","16":"purchasable","17":"product-type-simple"},"acf":[],"yoast_head":"<!-- This site is optimized with the Yoast SEO plugin v27.3 - https:\/\/yoast.com\/product\/yoast-seo-wordpress\/ -->\n<title>\u0412\u0438\u043d\u0438\u043b\u043e\u0432\u044b\u0439 \u043f\u043e\u043b Moduleo Roots 20565 &#8211; Parketa Sala<\/title>\n<meta name=\"robots\" content=\"index,follow\" \/>\n<link rel=\"canonical\" href=\"https:\/\/parketasala.lv\/ru\/product\/%d0%b2%d0%b8%d0%bd%d0%b8%d0%bb%d0%be%d0%b2%d1%8b%d0%b9-%d0%bf%d0%be%d0%bb-moduleo-roots-country-oak-54225-copy-copy-copy-copy-copy-copy-copy-copy-copy-copy-copy-copy-copy-co-25\/\" \/>\n<meta property=\"og:locale\" content=\"ru_RU\" \/>\n<meta property=\"og:type\" content=\"article\" \/>\n<meta property=\"og:title\" content=\"\u0412\u0438\u043d\u0438\u043b\u043e\u0432\u044b\u0439 \u043f\u043e\u043b Moduleo Roots 20565 &#8211; Parketa Sala\" \/>\n<meta property=\"og:description\" content=\"\u0412\u0438\u043d\u0438\u043b\u043e\u0432\u044b\u0435 \u043f\u043e\u043b\u044b Moduleo Roots: \u0424\u0430\u043a\u0442\u0443\u0440\u0430 \u043d\u0430\u0442\u0443\u0440\u0430\u043b\u044c\u043d\u043e\u0433\u043e \u0434\u0435\u0440\u0435\u0432\u0430 \u0438\u043b\u0438 \u043a\u0430\u043c\u043d\u044f (\u0442\u0435\u043a\u0441\u0442\u0443\u0440\u0430 \u043f\u043e\u0432\u0435\u0440\u0445\u043d\u043e\u0441\u0442\u0438 \u0434\u043e\u043b\u0436\u043d\u0430 \u0441\u043e\u043e\u0442\u0432\u0435\u0442\u0441\u0442\u0432\u043e\u0432\u0430\u0442\u044c \u0440\u0438\u0441\u0443\u043d\u043a\u0443 \u0434\u0435\u043a\u043e\u0440\u0430) \u0412\u0441\u0435 \u043a\u043e\u043d\u0441\u0442\u0440\u0443\u043a\u0446\u0438\u0438 \u0438\u043c\u0435\u044e\u0442 \u0447\u0435\u0442\u044b\u0440\u0435\u0445\u0441\u0442\u043e\u0440\u043e\u043d\u043d\u044e\u044e \u0444\u0430\u0437\u0443 \u0411\u044b\u0441\u0442\u0440\u0430\u044f \u0438 \u043f\u0440\u043e\u0441\u0442\u0430\u044f \u0443\u0441\u0442\u0430\u043d\u043e\u0432\u043a\u0430. 100% \u0432\u043e\u0434\u043e\u043d\u0435\u043f\u0440\u043e\u043d\u0438\u0446\u0430\u0435\u043c\u043e\u0441\u0442\u044c &#8212; \u043c\u043e\u0436\u043d\u043e \u0441\u043c\u0435\u043b\u043e \u0438\u0441\u043f\u043e\u043b\u044c\u0437\u043e\u0432\u0430\u0442\u044c \u0432 \u0432\u0430\u043d\u043d\u043e\u0439, \u043a\u043e\u0440\u0438\u0434\u043e\u0440\u0435 \u0438\u043b\u0438 \u043d\u0430 \u043a\u0443\u0445\u043d\u0435. \u0418\u0434\u0435\u0430\u043b\u044c\u043d\u043e \u043f\u043e\u0434\u0445\u043e\u0434\u0438\u0442 \u0434\u043b\u044f \u043f\u043e\u043b\u043e\u0432 \u0441 \u043f\u043e\u0434\u043e\u0433\u0440\u0435\u0432\u043e\u043c. \u0411\u043e\u043b\u0435\u0435 \u0442\u0438\u0445\u0438\u0439 \u0438 \u0442\u0435\u043f\u043b\u044b\u0439, \u0447\u0435\u043c \u043b\u0430\u043c\u0438\u043d\u0430\u0442. \u0423\u0441\u0442\u043e\u0439\u0447\u0438\u0432\u043e\u0441\u0442\u044c \u043a \u0438\u0441\u0442\u0438\u0440\u0430\u043d\u0438\u044e &#8212; \u0432\u0438\u043d\u0438\u043b\u043e\u0432\u044b\u0439 \u0441\u043b\u043e\u0439 0,55 [&hellip;]\" \/>\n<meta property=\"og:url\" content=\"https:\/\/parketasala.lv\/ru\/product\/%d0%b2%d0%b8%d0%bd%d0%b8%d0%bb%d0%be%d0%b2%d1%8b%d0%b9-%d0%bf%d0%be%d0%bb-moduleo-roots-country-oak-54225-copy-copy-copy-copy-copy-copy-copy-copy-copy-copy-copy-copy-copy-co-25\/\" \/>\n<meta property=\"og:site_name\" content=\"Parketa Sala\" \/>\n<meta property=\"article:publisher\" content=\"https:\/\/www.facebook.com\/parketasala\/\" \/>\n<meta property=\"article:modified_time\" content=\"2025-11-13T08:12:16+00:00\" \/>\n<meta property=\"og:image\" content=\"https:\/\/parketasala.lv\/wp-content\/uploads\/2025\/09\/Tropical-Forest_English-Walnut-20565_room-Square-HR-scaled.jpg\" \/>\n\t<meta property=\"og:image:width\" content=\"2560\" \/>\n\t<meta property=\"og:image:height\" content=\"2560\" \/>\n\t<meta property=\"og:image:type\" content=\"image\/jpeg\" \/>\n<meta name=\"twitter:card\" content=\"summary_large_image\" \/>\n<meta name=\"twitter:label1\" content=\"\u041f\u0440\u0438\u043c\u0435\u0440\u043d\u043e\u0435 \u0432\u0440\u0435\u043c\u044f \u0434\u043b\u044f \u0447\u0442\u0435\u043d\u0438\u044f\" \/>\n\t<meta name=\"twitter:data1\" content=\"1 \u043c\u0438\u043d\u0443\u0442\u0430\" \/>\n<script type=\"application\/ld+json\" class=\"yoast-schema-graph\">{\"@context\":\"https:\\\/\\\/schema.org\",\"@graph\":[{\"@type\":\"WebPage\",\"@id\":\"https:\\\/\\\/parketasala.lv\\\/ru\\\/product\\\/%d0%b2%d0%b8%d0%bd%d0%b8%d0%bb%d0%be%d0%b2%d1%8b%d0%b9-%d0%bf%d0%be%d0%bb-moduleo-roots-country-oak-54225-copy-copy-copy-copy-copy-copy-copy-copy-copy-copy-copy-copy-copy-co-25\\\/\",\"url\":\"https:\\\/\\\/parketasala.lv\\\/ru\\\/product\\\/%d0%b2%d0%b8%d0%bd%d0%b8%d0%bb%d0%be%d0%b2%d1%8b%d0%b9-%d0%bf%d0%be%d0%bb-moduleo-roots-country-oak-54225-copy-copy-copy-copy-copy-copy-copy-copy-copy-copy-copy-copy-copy-co-25\\\/\",\"name\":\"\u0412\u0438\u043d\u0438\u043b\u043e\u0432\u044b\u0439 \u043f\u043e\u043b Moduleo Roots 20565 &#8211; Parketa Sala\",\"isPartOf\":{\"@id\":\"https:\\\/\\\/parketasala.lv\\\/ru\\\/#website\"},\"primaryImageOfPage\":{\"@id\":\"https:\\\/\\\/parketasala.lv\\\/ru\\\/product\\\/%d0%b2%d0%b8%d0%bd%d0%b8%d0%bb%d0%be%d0%b2%d1%8b%d0%b9-%d0%bf%d0%be%d0%bb-moduleo-roots-country-oak-54225-copy-copy-copy-copy-copy-copy-copy-copy-copy-copy-copy-copy-copy-co-25\\\/#primaryimage\"},\"image\":{\"@id\":\"https:\\\/\\\/parketasala.lv\\\/ru\\\/product\\\/%d0%b2%d0%b8%d0%bd%d0%b8%d0%bb%d0%be%d0%b2%d1%8b%d0%b9-%d0%bf%d0%be%d0%bb-moduleo-roots-country-oak-54225-copy-copy-copy-copy-copy-copy-copy-copy-copy-copy-copy-copy-copy-co-25\\\/#primaryimage\"},\"thumbnailUrl\":\"https:\\\/\\\/parketasala.lv\\\/wp-content\\\/uploads\\\/2025\\\/09\\\/Tropical-Forest_English-Walnut-20565_room-Square-HR-scaled.jpg\",\"datePublished\":\"2025-09-27T07:43:11+00:00\",\"dateModified\":\"2025-11-13T08:12:16+00:00\",\"breadcrumb\":{\"@id\":\"https:\\\/\\\/parketasala.lv\\\/ru\\\/product\\\/%d0%b2%d0%b8%d0%bd%d0%b8%d0%bb%d0%be%d0%b2%d1%8b%d0%b9-%d0%bf%d0%be%d0%bb-moduleo-roots-country-oak-54225-copy-copy-copy-copy-copy-copy-copy-copy-copy-copy-copy-copy-copy-co-25\\\/#breadcrumb\"},\"inLanguage\":\"ru-RU\",\"potentialAction\":[{\"@type\":\"ReadAction\",\"target\":[\"https:\\\/\\\/parketasala.lv\\\/ru\\\/product\\\/%d0%b2%d0%b8%d0%bd%d0%b8%d0%bb%d0%be%d0%b2%d1%8b%d0%b9-%d0%bf%d0%be%d0%bb-moduleo-roots-country-oak-54225-copy-copy-copy-copy-copy-copy-copy-copy-copy-copy-copy-copy-copy-co-25\\\/\"]}]},{\"@type\":\"ImageObject\",\"inLanguage\":\"ru-RU\",\"@id\":\"https:\\\/\\\/parketasala.lv\\\/ru\\\/product\\\/%d0%b2%d0%b8%d0%bd%d0%b8%d0%bb%d0%be%d0%b2%d1%8b%d0%b9-%d0%bf%d0%be%d0%bb-moduleo-roots-country-oak-54225-copy-copy-copy-copy-copy-copy-copy-copy-copy-copy-copy-copy-copy-co-25\\\/#primaryimage\",\"url\":\"https:\\\/\\\/parketasala.lv\\\/wp-content\\\/uploads\\\/2025\\\/09\\\/Tropical-Forest_English-Walnut-20565_room-Square-HR-scaled.jpg\",\"contentUrl\":\"https:\\\/\\\/parketasala.lv\\\/wp-content\\\/uploads\\\/2025\\\/09\\\/Tropical-Forest_English-Walnut-20565_room-Square-HR-scaled.jpg\",\"width\":2560,\"height\":2560,\"caption\":\"Vinila gr\u012bda Moduleo Roots English Walnut 20565 L\"},{\"@type\":\"BreadcrumbList\",\"@id\":\"https:\\\/\\\/parketasala.lv\\\/ru\\\/product\\\/%d0%b2%d0%b8%d0%bd%d0%b8%d0%bb%d0%be%d0%b2%d1%8b%d0%b9-%d0%bf%d0%be%d0%bb-moduleo-roots-country-oak-54225-copy-copy-copy-copy-copy-copy-copy-copy-copy-copy-copy-copy-copy-co-25\\\/#breadcrumb\",\"itemListElement\":[{\"@type\":\"ListItem\",\"position\":1,\"name\":\"Home\",\"item\":\"https:\\\/\\\/parketasala.lv\\\/ru\\\/%d0%b3%d0%bb%d0%b0%d0%b2%d0%bd%d0%b0%d1%8f\\\/\"},{\"@type\":\"ListItem\",\"position\":2,\"name\":\"\u041c\u0430\u0433\u0430\u0437\u0438\u043d\",\"item\":\"https:\\\/\\\/parketasala.lv\\\/ru\\\/%d0%bc%d0%b0%d0%b3%d0%b0%d0%b7%d0%b8%d0%bd\\\/\"},{\"@type\":\"ListItem\",\"position\":3,\"name\":\"\u0412\u0438\u043d\u0438\u043b\u043e\u0432\u044b\u0439 \u043f\u043e\u043b Moduleo Roots 20565\"}]},{\"@type\":\"WebSite\",\"@id\":\"https:\\\/\\\/parketasala.lv\\\/ru\\\/#website\",\"url\":\"https:\\\/\\\/parketasala.lv\\\/ru\\\/\",\"name\":\"Parketa Sala\",\"description\":\"Pla&scaron;s lamin\u0101ta, vinila, parketa un kor\u0137a gr\u012bdu kl\u0101sts\",\"publisher\":{\"@id\":\"https:\\\/\\\/parketasala.lv\\\/ru\\\/#organization\"},\"potentialAction\":[{\"@type\":\"SearchAction\",\"target\":{\"@type\":\"EntryPoint\",\"urlTemplate\":\"https:\\\/\\\/parketasala.lv\\\/ru\\\/?s={search_term_string}\"},\"query-input\":{\"@type\":\"PropertyValueSpecification\",\"valueRequired\":true,\"valueName\":\"search_term_string\"}}],\"inLanguage\":\"ru-RU\"},{\"@type\":\"Organization\",\"@id\":\"https:\\\/\\\/parketasala.lv\\\/ru\\\/#organization\",\"name\":\"Parketa Sala\",\"url\":\"https:\\\/\\\/parketasala.lv\\\/ru\\\/\",\"logo\":{\"@type\":\"ImageObject\",\"inLanguage\":\"ru-RU\",\"@id\":\"https:\\\/\\\/parketasala.lv\\\/ru\\\/#\\\/schema\\\/logo\\\/image\\\/\",\"url\":\"https:\\\/\\\/parketasala.lv\\\/wp-content\\\/uploads\\\/2019\\\/12\\\/Logo-x3.png\",\"contentUrl\":\"https:\\\/\\\/parketasala.lv\\\/wp-content\\\/uploads\\\/2019\\\/12\\\/Logo-x3.png\",\"width\":660,\"height\":137,\"caption\":\"Parketa Sala\"},\"image\":{\"@id\":\"https:\\\/\\\/parketasala.lv\\\/ru\\\/#\\\/schema\\\/logo\\\/image\\\/\"},\"sameAs\":[\"https:\\\/\\\/www.facebook.com\\\/parketasala\\\/\",\"https:\\\/\\\/www.instagram.com\\\/parketasala\\\/\"]}]}<\/script>\n<!-- \/ Yoast SEO plugin. -->","yoast_head_json":{"title":"\u0412\u0438\u043d\u0438\u043b\u043e\u0432\u044b\u0439 \u043f\u043e\u043b Moduleo Roots 20565 &#8211; Parketa Sala","robots":{"index,follow":"index,follow"},"canonical":"https:\/\/parketasala.lv\/ru\/product\/%d0%b2%d0%b8%d0%bd%d0%b8%d0%bb%d0%be%d0%b2%d1%8b%d0%b9-%d0%bf%d0%be%d0%bb-moduleo-roots-country-oak-54225-copy-copy-copy-copy-copy-copy-copy-copy-copy-copy-copy-copy-copy-co-25\/","og_locale":"ru_RU","og_type":"article","og_title":"\u0412\u0438\u043d\u0438\u043b\u043e\u0432\u044b\u0439 \u043f\u043e\u043b Moduleo Roots 20565 &#8211; Parketa Sala","og_description":"\u0412\u0438\u043d\u0438\u043b\u043e\u0432\u044b\u0435 \u043f\u043e\u043b\u044b Moduleo Roots: \u0424\u0430\u043a\u0442\u0443\u0440\u0430 \u043d\u0430\u0442\u0443\u0440\u0430\u043b\u044c\u043d\u043e\u0433\u043e \u0434\u0435\u0440\u0435\u0432\u0430 \u0438\u043b\u0438 \u043a\u0430\u043c\u043d\u044f (\u0442\u0435\u043a\u0441\u0442\u0443\u0440\u0430 \u043f\u043e\u0432\u0435\u0440\u0445\u043d\u043e\u0441\u0442\u0438 \u0434\u043e\u043b\u0436\u043d\u0430 \u0441\u043e\u043e\u0442\u0432\u0435\u0442\u0441\u0442\u0432\u043e\u0432\u0430\u0442\u044c \u0440\u0438\u0441\u0443\u043d\u043a\u0443 \u0434\u0435\u043a\u043e\u0440\u0430) \u0412\u0441\u0435 \u043a\u043e\u043d\u0441\u0442\u0440\u0443\u043a\u0446\u0438\u0438 \u0438\u043c\u0435\u044e\u0442 \u0447\u0435\u0442\u044b\u0440\u0435\u0445\u0441\u0442\u043e\u0440\u043e\u043d\u043d\u044e\u044e \u0444\u0430\u0437\u0443 \u0411\u044b\u0441\u0442\u0440\u0430\u044f \u0438 \u043f\u0440\u043e\u0441\u0442\u0430\u044f \u0443\u0441\u0442\u0430\u043d\u043e\u0432\u043a\u0430. 100% \u0432\u043e\u0434\u043e\u043d\u0435\u043f\u0440\u043e\u043d\u0438\u0446\u0430\u0435\u043c\u043e\u0441\u0442\u044c &#8212; \u043c\u043e\u0436\u043d\u043e \u0441\u043c\u0435\u043b\u043e \u0438\u0441\u043f\u043e\u043b\u044c\u0437\u043e\u0432\u0430\u0442\u044c \u0432 \u0432\u0430\u043d\u043d\u043e\u0439, \u043a\u043e\u0440\u0438\u0434\u043e\u0440\u0435 \u0438\u043b\u0438 \u043d\u0430 \u043a\u0443\u0445\u043d\u0435. \u0418\u0434\u0435\u0430\u043b\u044c\u043d\u043e \u043f\u043e\u0434\u0445\u043e\u0434\u0438\u0442 \u0434\u043b\u044f \u043f\u043e\u043b\u043e\u0432 \u0441 \u043f\u043e\u0434\u043e\u0433\u0440\u0435\u0432\u043e\u043c. \u0411\u043e\u043b\u0435\u0435 \u0442\u0438\u0445\u0438\u0439 \u0438 \u0442\u0435\u043f\u043b\u044b\u0439, \u0447\u0435\u043c \u043b\u0430\u043c\u0438\u043d\u0430\u0442. \u0423\u0441\u0442\u043e\u0439\u0447\u0438\u0432\u043e\u0441\u0442\u044c \u043a \u0438\u0441\u0442\u0438\u0440\u0430\u043d\u0438\u044e &#8212; \u0432\u0438\u043d\u0438\u043b\u043e\u0432\u044b\u0439 \u0441\u043b\u043e\u0439 0,55 [&hellip;]","og_url":"https:\/\/parketasala.lv\/ru\/product\/%d0%b2%d0%b8%d0%bd%d0%b8%d0%bb%d0%be%d0%b2%d1%8b%d0%b9-%d0%bf%d0%be%d0%bb-moduleo-roots-country-oak-54225-copy-copy-copy-copy-copy-copy-copy-copy-copy-copy-copy-copy-copy-co-25\/","og_site_name":"Parketa Sala","article_publisher":"https:\/\/www.facebook.com\/parketasala\/","article_modified_time":"2025-11-13T08:12:16+00:00","og_image":[{"width":2560,"height":2560,"url":"https:\/\/parketasala.lv\/wp-content\/uploads\/2025\/09\/Tropical-Forest_English-Walnut-20565_room-Square-HR-scaled.jpg","type":"image\/jpeg"}],"twitter_card":"summary_large_image","twitter_misc":{"\u041f\u0440\u0438\u043c\u0435\u0440\u043d\u043e\u0435 \u0432\u0440\u0435\u043c\u044f \u0434\u043b\u044f \u0447\u0442\u0435\u043d\u0438\u044f":"1 \u043c\u0438\u043d\u0443\u0442\u0430"},"schema":{"@context":"https:\/\/schema.org","@graph":[{"@type":"WebPage","@id":"https:\/\/parketasala.lv\/ru\/product\/%d0%b2%d0%b8%d0%bd%d0%b8%d0%bb%d0%be%d0%b2%d1%8b%d0%b9-%d0%bf%d0%be%d0%bb-moduleo-roots-country-oak-54225-copy-copy-copy-copy-copy-copy-copy-copy-copy-copy-copy-copy-copy-co-25\/","url":"https:\/\/parketasala.lv\/ru\/product\/%d0%b2%d0%b8%d0%bd%d0%b8%d0%bb%d0%be%d0%b2%d1%8b%d0%b9-%d0%bf%d0%be%d0%bb-moduleo-roots-country-oak-54225-copy-copy-copy-copy-copy-copy-copy-copy-copy-copy-copy-copy-copy-co-25\/","name":"\u0412\u0438\u043d\u0438\u043b\u043e\u0432\u044b\u0439 \u043f\u043e\u043b Moduleo Roots 20565 &#8211; Parketa Sala","isPartOf":{"@id":"https:\/\/parketasala.lv\/ru\/#website"},"primaryImageOfPage":{"@id":"https:\/\/parketasala.lv\/ru\/product\/%d0%b2%d0%b8%d0%bd%d0%b8%d0%bb%d0%be%d0%b2%d1%8b%d0%b9-%d0%bf%d0%be%d0%bb-moduleo-roots-country-oak-54225-copy-copy-copy-copy-copy-copy-copy-copy-copy-copy-copy-copy-copy-co-25\/#primaryimage"},"image":{"@id":"https:\/\/parketasala.lv\/ru\/product\/%d0%b2%d0%b8%d0%bd%d0%b8%d0%bb%d0%be%d0%b2%d1%8b%d0%b9-%d0%bf%d0%be%d0%bb-moduleo-roots-country-oak-54225-copy-copy-copy-copy-copy-copy-copy-copy-copy-copy-copy-copy-copy-co-25\/#primaryimage"},"thumbnailUrl":"https:\/\/parketasala.lv\/wp-content\/uploads\/2025\/09\/Tropical-Forest_English-Walnut-20565_room-Square-HR-scaled.jpg","datePublished":"2025-09-27T07:43:11+00:00","dateModified":"2025-11-13T08:12:16+00:00","breadcrumb":{"@id":"https:\/\/parketasala.lv\/ru\/product\/%d0%b2%d0%b8%d0%bd%d0%b8%d0%bb%d0%be%d0%b2%d1%8b%d0%b9-%d0%bf%d0%be%d0%bb-moduleo-roots-country-oak-54225-copy-copy-copy-copy-copy-copy-copy-copy-copy-copy-copy-copy-copy-co-25\/#breadcrumb"},"inLanguage":"ru-RU","potentialAction":[{"@type":"ReadAction","target":["https:\/\/parketasala.lv\/ru\/product\/%d0%b2%d0%b8%d0%bd%d0%b8%d0%bb%d0%be%d0%b2%d1%8b%d0%b9-%d0%bf%d0%be%d0%bb-moduleo-roots-country-oak-54225-copy-copy-copy-copy-copy-copy-copy-copy-copy-copy-copy-copy-copy-co-25\/"]}]},{"@type":"ImageObject","inLanguage":"ru-RU","@id":"https:\/\/parketasala.lv\/ru\/product\/%d0%b2%d0%b8%d0%bd%d0%b8%d0%bb%d0%be%d0%b2%d1%8b%d0%b9-%d0%bf%d0%be%d0%bb-moduleo-roots-country-oak-54225-copy-copy-copy-copy-copy-copy-copy-copy-copy-copy-copy-copy-copy-co-25\/#primaryimage","url":"https:\/\/parketasala.lv\/wp-content\/uploads\/2025\/09\/Tropical-Forest_English-Walnut-20565_room-Square-HR-scaled.jpg","contentUrl":"https:\/\/parketasala.lv\/wp-content\/uploads\/2025\/09\/Tropical-Forest_English-Walnut-20565_room-Square-HR-scaled.jpg","width":2560,"height":2560,"caption":"Vinila gr\u012bda Moduleo Roots English Walnut 20565 L"},{"@type":"BreadcrumbList","@id":"https:\/\/parketasala.lv\/ru\/product\/%d0%b2%d0%b8%d0%bd%d0%b8%d0%bb%d0%be%d0%b2%d1%8b%d0%b9-%d0%bf%d0%be%d0%bb-moduleo-roots-country-oak-54225-copy-copy-copy-copy-copy-copy-copy-copy-copy-copy-copy-copy-copy-co-25\/#breadcrumb","itemListElement":[{"@type":"ListItem","position":1,"name":"Home","item":"https:\/\/parketasala.lv\/ru\/%d0%b3%d0%bb%d0%b0%d0%b2%d0%bd%d0%b0%d1%8f\/"},{"@type":"ListItem","position":2,"name":"\u041c\u0430\u0433\u0430\u0437\u0438\u043d","item":"https:\/\/parketasala.lv\/ru\/%d0%bc%d0%b0%d0%b3%d0%b0%d0%b7%d0%b8%d0%bd\/"},{"@type":"ListItem","position":3,"name":"\u0412\u0438\u043d\u0438\u043b\u043e\u0432\u044b\u0439 \u043f\u043e\u043b Moduleo Roots 20565"}]},{"@type":"WebSite","@id":"https:\/\/parketasala.lv\/ru\/#website","url":"https:\/\/parketasala.lv\/ru\/","name":"Parketa Sala","description":"Pla&scaron;s lamin\u0101ta, vinila, parketa un kor\u0137a gr\u012bdu kl\u0101sts","publisher":{"@id":"https:\/\/parketasala.lv\/ru\/#organization"},"potentialAction":[{"@type":"SearchAction","target":{"@type":"EntryPoint","urlTemplate":"https:\/\/parketasala.lv\/ru\/?s={search_term_string}"},"query-input":{"@type":"PropertyValueSpecification","valueRequired":true,"valueName":"search_term_string"}}],"inLanguage":"ru-RU"},{"@type":"Organization","@id":"https:\/\/parketasala.lv\/ru\/#organization","name":"Parketa Sala","url":"https:\/\/parketasala.lv\/ru\/","logo":{"@type":"ImageObject","inLanguage":"ru-RU","@id":"https:\/\/parketasala.lv\/ru\/#\/schema\/logo\/image\/","url":"https:\/\/parketasala.lv\/wp-content\/uploads\/2019\/12\/Logo-x3.png","contentUrl":"https:\/\/parketasala.lv\/wp-content\/uploads\/2019\/12\/Logo-x3.png","width":660,"height":137,"caption":"Parketa Sala"},"image":{"@id":"https:\/\/parketasala.lv\/ru\/#\/schema\/logo\/image\/"},"sameAs":["https:\/\/www.facebook.com\/parketasala\/","https:\/\/www.instagram.com\/parketasala\/"]}]}},"_links":{"self":[{"href":"https:\/\/parketasala.lv\/ru\/wp-json\/wp\/v2\/product\/32459","targetHints":{"allow":["GET"]}}],"collection":[{"href":"https:\/\/parketasala.lv\/ru\/wp-json\/wp\/v2\/product"}],"about":[{"href":"https:\/\/parketasala.lv\/ru\/wp-json\/wp\/v2\/types\/product"}],"wp:featuredmedia":[{"embeddable":true,"href":"https:\/\/parketasala.lv\/ru\/wp-json\/wp\/v2\/media\/32453"}],"wp:attachment":[{"href":"https:\/\/parketasala.lv\/ru\/wp-json\/wp\/v2\/media?parent=32459"}],"wp:term":[{"taxonomy":"product_brand","embeddable":true,"href":"https:\/\/parketasala.lv\/ru\/wp-json\/wp\/v2\/product_brand?post=32459"},{"taxonomy":"product_cat","embeddable":true,"href":"https:\/\/parketasala.lv\/ru\/wp-json\/wp\/v2\/product_cat?post=32459"},{"taxonomy":"product_tag","embeddable":true,"href":"https:\/\/parketasala.lv\/ru\/wp-json\/wp\/v2\/product_tag?post=32459"}],"curies":[{"name":"wp","href":"https:\/\/api.w.org\/{rel}","templated":true}]}}