{"id":29309,"date":"2023-07-01T09:23:11","date_gmt":"2023-07-01T09:23:11","guid":{"rendered":"https:\/\/parketasala.lv\/product\/%d0%bb%d0%b0%d0%bc%d0%b8%d0%bd%d0%b0%d1%82-haro-%d0%b4%d1%83%d0%b1-%d0%bf%d0%be%d1%80%d1%82%d0%bb%d0%b0%d0%bd%d0%b4-%d0%bf%d1%83%d1%80%d0%be-%d0%b0%d0%ba%d0%b2%d0%b0-%d0%be%d1%81%d1%82%d0%b0%d1%82\/"},"modified":"2023-07-01T09:23:11","modified_gmt":"2023-07-01T09:23:11","slug":"%d0%bb%d0%b0%d0%bc%d0%b8%d0%bd%d0%b0%d1%82-haro-%d0%b4%d1%83%d0%b1-%d0%bf%d0%be%d1%80%d1%82%d0%bb%d0%b0%d0%bd%d0%b4-%d0%bf%d1%83%d1%80%d0%be-%d0%b0%d0%ba%d0%b2%d0%b0-%d0%be%d1%81%d1%82%d0%b0%d1%82","status":"publish","type":"product","link":"https:\/\/parketasala.lv\/ru\/product\/%d0%bb%d0%b0%d0%bc%d0%b8%d0%bd%d0%b0%d1%82-haro-%d0%b4%d1%83%d0%b1-%d0%bf%d0%be%d1%80%d1%82%d0%bb%d0%b0%d0%bd%d0%b4-%d0%bf%d1%83%d1%80%d0%be-%d0%b0%d0%ba%d0%b2%d0%b0-%d0%be%d1%81%d1%82%d0%b0%d1%82\/","title":{"rendered":"\u041b\u0430\u043c\u0438\u043d\u0430\u0442 HARO \u0414\u0443\u0431 \u041f\u043e\u0440\u0442\u043b\u0430\u043d\u0434 \u041f\u0443\u0440\u043e \u0410\u043a\u0432\u0430 (\u043e\u0441\u0442\u0430\u0442\u043a\u0438)"},"content":{"rendered":"<p>\u041b\u0430\u043c\u0438\u043d\u0430\u0442\u043d\u044b\u0435 \u0434\u043e\u0441\u043a\u0438 \u0441\u0442\u0430\u043d\u0434\u0430\u0440\u0442\u043d\u043e\u0433\u043e \u0440\u0430\u0437\u043c\u0435\u0440\u0430 \u0441 \u0447\u0435\u0442\u044b\u0440\u0435\u0445\u0441\u0442\u043e\u0440\u043e\u043d\u043d\u0435\u0439 \u0444\u0430\u0441\u043a\u043e\u0439 \u0438 \u0442\u0435\u043a\u0441\u0442\u0443\u0440\u043e\u0439 \u043f\u043e\u0432\u0435\u0440\u0445\u043d\u043e\u0441\u0442\u0438, \u043f\u043e\u0434\u0445\u043e\u0434\u044f\u0449\u0435\u0439 \u0434\u043b\u044f \u0434\u0435\u043a\u043e\u0440\u0430. \u041b\u0430\u043c\u0438\u043d\u0430\u0442 \u043e\u0441\u043e\u0431\u0435\u043d\u043d\u043e \u0437\u0430\u0449\u0438\u0449\u0435\u043d \u043e\u0442 \u0432\u043b\u0430\u0433\u0438.  \u0421\u0438\u0441\u0442\u0435\u043c\u0430 5G &#171;Click&#187; \u043f\u043e\u0437\u0432\u043e\u043b\u044f\u0435\u0442 \u043b\u0435\u0433\u043a\u043e \u0438 \u0431\u044b\u0441\u0442\u0440\u043e \u0443\u043a\u043b\u0430\u0434\u044b\u0432\u0430\u0442\u044c \u043f\u043e \u043e\u0434\u043d\u043e\u0439 \u0434\u043e\u0441\u043a\u0435 \u0437\u0430 \u0440\u0430\u0437. \u0425\u043e\u0440\u043e\u0448\u043e \u043f\u043e\u0434\u0445\u043e\u0434\u0438\u0442 \u0434\u043b\u044f \u043b\u044e\u0431\u044b\u0445 \u043f\u043e\u043c\u0435\u0449\u0435\u043d\u0438\u0439, \u0432\u043a\u043b\u044e\u0447\u0430\u044f \u043a\u0443\u0445\u043d\u0438, \u043a\u043e\u0440\u0438\u0434\u043e\u0440\u044b \u0438 \u0432\u043b\u0430\u0436\u043d\u044b\u0435 \u0437\u043e\u043d\u044b. <\/p>\n<p>&nbsp;<\/p>\n<h2><\/h2>\n<p><strong><span style=\"color: #ff6600;\">\u0420\u0430\u0441\u043f\u0440\u043e\u0434\u0430\u0436\u0430!<\/span><\/strong><\/p>\n<p><strong>\u0415\u0441\u043b\u0438 \u0412\u044b \u043a\u0443\u043f\u0438\u0442\u0435 \u0432\u0435\u0441\u044c \u043e\u0441\u0442\u0430\u0442\u043e\u043a (16,59 \u043c2), \u0446\u0435\u043d\u0430 \u0441\u043e\u0441\u0442\u0430\u0432\u0438\u0442 \u0432\u0441\u0435\u0433\u043e 15,00 EUR\/\u043c2!<\/strong><\/p>\n<p>&nbsp;<\/p>\n","protected":false},"excerpt":{"rendered":"<p>\u041b\u0430\u043c\u0438\u043d\u0430\u0442\u043d\u044b\u0435 \u0434\u043e\u0441\u043a\u0438 \u0441\u0442\u0430\u043d\u0434\u0430\u0440\u0442\u043d\u043e\u0433\u043e \u0440\u0430\u0437\u043c\u0435\u0440\u0430 \u0441 \u0447\u0435\u0442\u044b\u0440\u0435\u0445\u0441\u0442\u043e\u0440\u043e\u043d\u043d\u0435\u0439 \u0444\u0430\u0441\u043a\u043e\u0439 \u0438 \u0442\u0435\u043a\u0441\u0442\u0443\u0440\u043e\u0439 \u043f\u043e\u0432\u0435\u0440\u0445\u043d\u043e\u0441\u0442\u0438, \u043f\u043e\u0434\u0445\u043e\u0434\u044f\u0449\u0435\u0439 \u0434\u043b\u044f \u0434\u0435\u043a\u043e\u0440\u0430. \u041b\u0430\u043c\u0438\u043d\u0430\u0442 \u043e\u0441\u043e\u0431\u0435\u043d\u043d\u043e \u0437\u0430\u0449\u0438\u0449\u0435\u043d \u043e\u0442 \u0432\u043b\u0430\u0433\u0438. \u0421\u0438\u0441\u0442\u0435\u043c\u0430 5G &#171;Click&#187; \u043f\u043e\u0437\u0432\u043e\u043b\u044f\u0435\u0442 \u043b\u0435\u0433\u043a\u043e \u0438 \u0431\u044b\u0441\u0442\u0440\u043e \u0443\u043a\u043b\u0430\u0434\u044b\u0432\u0430\u0442\u044c \u043f\u043e \u043e\u0434\u043d\u043e\u0439 \u0434\u043e\u0441\u043a\u0435 \u0437\u0430 \u0440\u0430\u0437. \u0425\u043e\u0440\u043e\u0448\u043e \u043f\u043e\u0434\u0445\u043e\u0434\u0438\u0442 \u0434\u043b\u044f \u043b\u044e\u0431\u044b\u0445 \u043f\u043e\u043c\u0435\u0449\u0435\u043d\u0438\u0439, \u0432\u043a\u043b\u044e\u0447\u0430\u044f \u043a\u0443\u0445\u043d\u0438, \u043a\u043e\u0440\u0438\u0434\u043e\u0440\u044b \u0438 \u0432\u043b\u0430\u0436\u043d\u044b\u0435 \u0437\u043e\u043d\u044b. &nbsp; \u0420\u0430\u0441\u043f\u0440\u043e\u0434\u0430\u0436\u0430! \u0415\u0441\u043b\u0438 \u0412\u044b \u043a\u0443\u043f\u0438\u0442\u0435 \u0432\u0435\u0441\u044c \u043e\u0441\u0442\u0430\u0442\u043e\u043a (16,59 \u043c2), \u0446\u0435\u043d\u0430 \u0441\u043e\u0441\u0442\u0430\u0432\u0438\u0442 \u0432\u0441\u0435\u0433\u043e 15,00 [&hellip;]<\/p>\n","protected":false},"featured_media":12149,"template":"","meta":{"_acf_changed":false},"product_brand":[],"product_cat":[798,809,799,797,712,945],"product_tag":[],"class_list":{"0":"post-29309","1":"product","2":"type-product","3":"status-publish","4":"has-post-thumbnail","6":"product_cat---ru","7":"product_cat--haro","8":"product_cat-799","9":"product_cat-797","10":"product_cat-712","11":"product_cat-945","13":"first","14":"instock","15":"sale","16":"taxable","17":"shipping-taxable","18":"purchasable","19":"product-type-simple"},"acf":[],"yoast_head":"<!-- This site is optimized with the Yoast SEO plugin v27.3 - https:\/\/yoast.com\/product\/yoast-seo-wordpress\/ -->\n<title>\u041b\u0430\u043c\u0438\u043d\u0430\u0442 HARO \u0414\u0443\u0431 \u041f\u043e\u0440\u0442\u043b\u0430\u043d\u0434 \u041f\u0443\u0440\u043e \u0410\u043a\u0432\u0430 (\u043e\u0441\u0442\u0430\u0442\u043a\u0438) &#8211; Parketa Sala<\/title>\n<meta name=\"robots\" content=\"index,follow\" \/>\n<link rel=\"canonical\" href=\"https:\/\/parketasala.lv\/ru\/product\/%d0%bb%d0%b0%d0%bc%d0%b8%d0%bd%d0%b0%d1%82-haro-%d0%b4%d1%83%d0%b1-%d0%bf%d0%be%d1%80%d1%82%d0%bb%d0%b0%d0%bd%d0%b4-%d0%bf%d1%83%d1%80%d0%be-%d0%b0%d0%ba%d0%b2%d0%b0-%d0%be%d1%81%d1%82%d0%b0%d1%82\/\" \/>\n<meta property=\"og:locale\" content=\"ru_RU\" \/>\n<meta property=\"og:type\" content=\"article\" \/>\n<meta property=\"og:title\" content=\"\u041b\u0430\u043c\u0438\u043d\u0430\u0442 HARO \u0414\u0443\u0431 \u041f\u043e\u0440\u0442\u043b\u0430\u043d\u0434 \u041f\u0443\u0440\u043e \u0410\u043a\u0432\u0430 (\u043e\u0441\u0442\u0430\u0442\u043a\u0438) &#8211; Parketa Sala\" \/>\n<meta property=\"og:description\" content=\"\u041b\u0430\u043c\u0438\u043d\u0430\u0442\u043d\u044b\u0435 \u0434\u043e\u0441\u043a\u0438 \u0441\u0442\u0430\u043d\u0434\u0430\u0440\u0442\u043d\u043e\u0433\u043e \u0440\u0430\u0437\u043c\u0435\u0440\u0430 \u0441 \u0447\u0435\u0442\u044b\u0440\u0435\u0445\u0441\u0442\u043e\u0440\u043e\u043d\u043d\u0435\u0439 \u0444\u0430\u0441\u043a\u043e\u0439 \u0438 \u0442\u0435\u043a\u0441\u0442\u0443\u0440\u043e\u0439 \u043f\u043e\u0432\u0435\u0440\u0445\u043d\u043e\u0441\u0442\u0438, \u043f\u043e\u0434\u0445\u043e\u0434\u044f\u0449\u0435\u0439 \u0434\u043b\u044f \u0434\u0435\u043a\u043e\u0440\u0430. \u041b\u0430\u043c\u0438\u043d\u0430\u0442 \u043e\u0441\u043e\u0431\u0435\u043d\u043d\u043e \u0437\u0430\u0449\u0438\u0449\u0435\u043d \u043e\u0442 \u0432\u043b\u0430\u0433\u0438. \u0421\u0438\u0441\u0442\u0435\u043c\u0430 5G &#171;Click&#187; \u043f\u043e\u0437\u0432\u043e\u043b\u044f\u0435\u0442 \u043b\u0435\u0433\u043a\u043e \u0438 \u0431\u044b\u0441\u0442\u0440\u043e \u0443\u043a\u043b\u0430\u0434\u044b\u0432\u0430\u0442\u044c \u043f\u043e \u043e\u0434\u043d\u043e\u0439 \u0434\u043e\u0441\u043a\u0435 \u0437\u0430 \u0440\u0430\u0437. \u0425\u043e\u0440\u043e\u0448\u043e \u043f\u043e\u0434\u0445\u043e\u0434\u0438\u0442 \u0434\u043b\u044f \u043b\u044e\u0431\u044b\u0445 \u043f\u043e\u043c\u0435\u0449\u0435\u043d\u0438\u0439, \u0432\u043a\u043b\u044e\u0447\u0430\u044f \u043a\u0443\u0445\u043d\u0438, \u043a\u043e\u0440\u0438\u0434\u043e\u0440\u044b \u0438 \u0432\u043b\u0430\u0436\u043d\u044b\u0435 \u0437\u043e\u043d\u044b. &nbsp; \u0420\u0430\u0441\u043f\u0440\u043e\u0434\u0430\u0436\u0430! \u0415\u0441\u043b\u0438 \u0412\u044b \u043a\u0443\u043f\u0438\u0442\u0435 \u0432\u0435\u0441\u044c \u043e\u0441\u0442\u0430\u0442\u043e\u043a (16,59 \u043c2), \u0446\u0435\u043d\u0430 \u0441\u043e\u0441\u0442\u0430\u0432\u0438\u0442 \u0432\u0441\u0435\u0433\u043e 15,00 [&hellip;]\" \/>\n<meta property=\"og:url\" content=\"https:\/\/parketasala.lv\/ru\/product\/%d0%bb%d0%b0%d0%bc%d0%b8%d0%bd%d0%b0%d1%82-haro-%d0%b4%d1%83%d0%b1-%d0%bf%d0%be%d1%80%d1%82%d0%bb%d0%b0%d0%bd%d0%b4-%d0%bf%d1%83%d1%80%d0%be-%d0%b0%d0%ba%d0%b2%d0%b0-%d0%be%d1%81%d1%82%d0%b0%d1%82\/\" \/>\n<meta property=\"og:site_name\" content=\"Parketa Sala\" \/>\n<meta property=\"article:publisher\" content=\"https:\/\/www.facebook.com\/parketasala\/\" \/>\n<meta property=\"og:image\" content=\"https:\/\/parketasala.lv\/wp-content\/uploads\/2020\/01\/533122_HARO_Laminatboden_Landhausdiele_4V_Eiche-Portland-puro_authentic_Int-1024x576.jpg\" \/>\n\t<meta property=\"og:image:width\" content=\"1024\" \/>\n\t<meta property=\"og:image:height\" content=\"576\" \/>\n\t<meta property=\"og:image:type\" content=\"image\/jpeg\" \/>\n<meta name=\"twitter:card\" content=\"summary_large_image\" \/>\n<script type=\"application\/ld+json\" class=\"yoast-schema-graph\">{\"@context\":\"https:\\\/\\\/schema.org\",\"@graph\":[{\"@type\":\"WebPage\",\"@id\":\"https:\\\/\\\/parketasala.lv\\\/ru\\\/product\\\/%d0%bb%d0%b0%d0%bc%d0%b8%d0%bd%d0%b0%d1%82-haro-%d0%b4%d1%83%d0%b1-%d0%bf%d0%be%d1%80%d1%82%d0%bb%d0%b0%d0%bd%d0%b4-%d0%bf%d1%83%d1%80%d0%be-%d0%b0%d0%ba%d0%b2%d0%b0-%d0%be%d1%81%d1%82%d0%b0%d1%82\\\/\",\"url\":\"https:\\\/\\\/parketasala.lv\\\/ru\\\/product\\\/%d0%bb%d0%b0%d0%bc%d0%b8%d0%bd%d0%b0%d1%82-haro-%d0%b4%d1%83%d0%b1-%d0%bf%d0%be%d1%80%d1%82%d0%bb%d0%b0%d0%bd%d0%b4-%d0%bf%d1%83%d1%80%d0%be-%d0%b0%d0%ba%d0%b2%d0%b0-%d0%be%d1%81%d1%82%d0%b0%d1%82\\\/\",\"name\":\"\u041b\u0430\u043c\u0438\u043d\u0430\u0442 HARO \u0414\u0443\u0431 \u041f\u043e\u0440\u0442\u043b\u0430\u043d\u0434 \u041f\u0443\u0440\u043e \u0410\u043a\u0432\u0430 (\u043e\u0441\u0442\u0430\u0442\u043a\u0438) &#8211; Parketa Sala\",\"isPartOf\":{\"@id\":\"https:\\\/\\\/parketasala.lv\\\/ru\\\/#website\"},\"primaryImageOfPage\":{\"@id\":\"https:\\\/\\\/parketasala.lv\\\/ru\\\/product\\\/%d0%bb%d0%b0%d0%bc%d0%b8%d0%bd%d0%b0%d1%82-haro-%d0%b4%d1%83%d0%b1-%d0%bf%d0%be%d1%80%d1%82%d0%bb%d0%b0%d0%bd%d0%b4-%d0%bf%d1%83%d1%80%d0%be-%d0%b0%d0%ba%d0%b2%d0%b0-%d0%be%d1%81%d1%82%d0%b0%d1%82\\\/#primaryimage\"},\"image\":{\"@id\":\"https:\\\/\\\/parketasala.lv\\\/ru\\\/product\\\/%d0%bb%d0%b0%d0%bc%d0%b8%d0%bd%d0%b0%d1%82-haro-%d0%b4%d1%83%d0%b1-%d0%bf%d0%be%d1%80%d1%82%d0%bb%d0%b0%d0%bd%d0%b4-%d0%bf%d1%83%d1%80%d0%be-%d0%b0%d0%ba%d0%b2%d0%b0-%d0%be%d1%81%d1%82%d0%b0%d1%82\\\/#primaryimage\"},\"thumbnailUrl\":\"https:\\\/\\\/parketasala.lv\\\/wp-content\\\/uploads\\\/2020\\\/01\\\/533122_HARO_Laminatboden_Landhausdiele_4V_Eiche-Portland-puro_authentic_Int.jpg.webp\",\"datePublished\":\"2023-07-01T09:23:11+00:00\",\"breadcrumb\":{\"@id\":\"https:\\\/\\\/parketasala.lv\\\/ru\\\/product\\\/%d0%bb%d0%b0%d0%bc%d0%b8%d0%bd%d0%b0%d1%82-haro-%d0%b4%d1%83%d0%b1-%d0%bf%d0%be%d1%80%d1%82%d0%bb%d0%b0%d0%bd%d0%b4-%d0%bf%d1%83%d1%80%d0%be-%d0%b0%d0%ba%d0%b2%d0%b0-%d0%be%d1%81%d1%82%d0%b0%d1%82\\\/#breadcrumb\"},\"inLanguage\":\"ru-RU\",\"potentialAction\":[{\"@type\":\"ReadAction\",\"target\":[\"https:\\\/\\\/parketasala.lv\\\/ru\\\/product\\\/%d0%bb%d0%b0%d0%bc%d0%b8%d0%bd%d0%b0%d1%82-haro-%d0%b4%d1%83%d0%b1-%d0%bf%d0%be%d1%80%d1%82%d0%bb%d0%b0%d0%bd%d0%b4-%d0%bf%d1%83%d1%80%d0%be-%d0%b0%d0%ba%d0%b2%d0%b0-%d0%be%d1%81%d1%82%d0%b0%d1%82\\\/\"]}]},{\"@type\":\"ImageObject\",\"inLanguage\":\"ru-RU\",\"@id\":\"https:\\\/\\\/parketasala.lv\\\/ru\\\/product\\\/%d0%bb%d0%b0%d0%bc%d0%b8%d0%bd%d0%b0%d1%82-haro-%d0%b4%d1%83%d0%b1-%d0%bf%d0%be%d1%80%d1%82%d0%bb%d0%b0%d0%bd%d0%b4-%d0%bf%d1%83%d1%80%d0%be-%d0%b0%d0%ba%d0%b2%d0%b0-%d0%be%d1%81%d1%82%d0%b0%d1%82\\\/#primaryimage\",\"url\":\"https:\\\/\\\/parketasala.lv\\\/wp-content\\\/uploads\\\/2020\\\/01\\\/533122_HARO_Laminatboden_Landhausdiele_4V_Eiche-Portland-puro_authentic_Int.jpg.webp\",\"contentUrl\":\"https:\\\/\\\/parketasala.lv\\\/wp-content\\\/uploads\\\/2020\\\/01\\\/533122_HARO_Laminatboden_Landhausdiele_4V_Eiche-Portland-puro_authentic_Int.jpg.webp\",\"width\":2560,\"height\":1440,\"caption\":\"Laminate HARO Oak Portland Puro Aqua 539146\"},{\"@type\":\"BreadcrumbList\",\"@id\":\"https:\\\/\\\/parketasala.lv\\\/ru\\\/product\\\/%d0%bb%d0%b0%d0%bc%d0%b8%d0%bd%d0%b0%d1%82-haro-%d0%b4%d1%83%d0%b1-%d0%bf%d0%be%d1%80%d1%82%d0%bb%d0%b0%d0%bd%d0%b4-%d0%bf%d1%83%d1%80%d0%be-%d0%b0%d0%ba%d0%b2%d0%b0-%d0%be%d1%81%d1%82%d0%b0%d1%82\\\/#breadcrumb\",\"itemListElement\":[{\"@type\":\"ListItem\",\"position\":1,\"name\":\"Home\",\"item\":\"https:\\\/\\\/parketasala.lv\\\/ru\\\/%d0%b3%d0%bb%d0%b0%d0%b2%d0%bd%d0%b0%d1%8f\\\/\"},{\"@type\":\"ListItem\",\"position\":2,\"name\":\"\u041c\u0430\u0433\u0430\u0437\u0438\u043d\",\"item\":\"https:\\\/\\\/parketasala.lv\\\/ru\\\/%d0%bc%d0%b0%d0%b3%d0%b0%d0%b7%d0%b8%d0%bd\\\/\"},{\"@type\":\"ListItem\",\"position\":3,\"name\":\"\u041b\u0430\u043c\u0438\u043d\u0430\u0442 HARO \u0414\u0443\u0431 \u041f\u043e\u0440\u0442\u043b\u0430\u043d\u0434 \u041f\u0443\u0440\u043e \u0410\u043a\u0432\u0430 (\u043e\u0441\u0442\u0430\u0442\u043a\u0438)\"}]},{\"@type\":\"WebSite\",\"@id\":\"https:\\\/\\\/parketasala.lv\\\/ru\\\/#website\",\"url\":\"https:\\\/\\\/parketasala.lv\\\/ru\\\/\",\"name\":\"Parketa Sala\",\"description\":\"Pla&scaron;s lamin\u0101ta, vinila, parketa un kor\u0137a gr\u012bdu kl\u0101sts\",\"publisher\":{\"@id\":\"https:\\\/\\\/parketasala.lv\\\/ru\\\/#organization\"},\"potentialAction\":[{\"@type\":\"SearchAction\",\"target\":{\"@type\":\"EntryPoint\",\"urlTemplate\":\"https:\\\/\\\/parketasala.lv\\\/ru\\\/?s={search_term_string}\"},\"query-input\":{\"@type\":\"PropertyValueSpecification\",\"valueRequired\":true,\"valueName\":\"search_term_string\"}}],\"inLanguage\":\"ru-RU\"},{\"@type\":\"Organization\",\"@id\":\"https:\\\/\\\/parketasala.lv\\\/ru\\\/#organization\",\"name\":\"Parketa Sala\",\"url\":\"https:\\\/\\\/parketasala.lv\\\/ru\\\/\",\"logo\":{\"@type\":\"ImageObject\",\"inLanguage\":\"ru-RU\",\"@id\":\"https:\\\/\\\/parketasala.lv\\\/ru\\\/#\\\/schema\\\/logo\\\/image\\\/\",\"url\":\"https:\\\/\\\/parketasala.lv\\\/wp-content\\\/uploads\\\/2019\\\/12\\\/Logo-x3.png\",\"contentUrl\":\"https:\\\/\\\/parketasala.lv\\\/wp-content\\\/uploads\\\/2019\\\/12\\\/Logo-x3.png\",\"width\":660,\"height\":137,\"caption\":\"Parketa Sala\"},\"image\":{\"@id\":\"https:\\\/\\\/parketasala.lv\\\/ru\\\/#\\\/schema\\\/logo\\\/image\\\/\"},\"sameAs\":[\"https:\\\/\\\/www.facebook.com\\\/parketasala\\\/\",\"https:\\\/\\\/www.instagram.com\\\/parketasala\\\/\"]}]}<\/script>\n<!-- \/ Yoast SEO plugin. -->","yoast_head_json":{"title":"\u041b\u0430\u043c\u0438\u043d\u0430\u0442 HARO \u0414\u0443\u0431 \u041f\u043e\u0440\u0442\u043b\u0430\u043d\u0434 \u041f\u0443\u0440\u043e \u0410\u043a\u0432\u0430 (\u043e\u0441\u0442\u0430\u0442\u043a\u0438) &#8211; Parketa Sala","robots":{"index,follow":"index,follow"},"canonical":"https:\/\/parketasala.lv\/ru\/product\/%d0%bb%d0%b0%d0%bc%d0%b8%d0%bd%d0%b0%d1%82-haro-%d0%b4%d1%83%d0%b1-%d0%bf%d0%be%d1%80%d1%82%d0%bb%d0%b0%d0%bd%d0%b4-%d0%bf%d1%83%d1%80%d0%be-%d0%b0%d0%ba%d0%b2%d0%b0-%d0%be%d1%81%d1%82%d0%b0%d1%82\/","og_locale":"ru_RU","og_type":"article","og_title":"\u041b\u0430\u043c\u0438\u043d\u0430\u0442 HARO \u0414\u0443\u0431 \u041f\u043e\u0440\u0442\u043b\u0430\u043d\u0434 \u041f\u0443\u0440\u043e \u0410\u043a\u0432\u0430 (\u043e\u0441\u0442\u0430\u0442\u043a\u0438) &#8211; Parketa Sala","og_description":"\u041b\u0430\u043c\u0438\u043d\u0430\u0442\u043d\u044b\u0435 \u0434\u043e\u0441\u043a\u0438 \u0441\u0442\u0430\u043d\u0434\u0430\u0440\u0442\u043d\u043e\u0433\u043e \u0440\u0430\u0437\u043c\u0435\u0440\u0430 \u0441 \u0447\u0435\u0442\u044b\u0440\u0435\u0445\u0441\u0442\u043e\u0440\u043e\u043d\u043d\u0435\u0439 \u0444\u0430\u0441\u043a\u043e\u0439 \u0438 \u0442\u0435\u043a\u0441\u0442\u0443\u0440\u043e\u0439 \u043f\u043e\u0432\u0435\u0440\u0445\u043d\u043e\u0441\u0442\u0438, \u043f\u043e\u0434\u0445\u043e\u0434\u044f\u0449\u0435\u0439 \u0434\u043b\u044f \u0434\u0435\u043a\u043e\u0440\u0430. \u041b\u0430\u043c\u0438\u043d\u0430\u0442 \u043e\u0441\u043e\u0431\u0435\u043d\u043d\u043e \u0437\u0430\u0449\u0438\u0449\u0435\u043d \u043e\u0442 \u0432\u043b\u0430\u0433\u0438. \u0421\u0438\u0441\u0442\u0435\u043c\u0430 5G &#171;Click&#187; \u043f\u043e\u0437\u0432\u043e\u043b\u044f\u0435\u0442 \u043b\u0435\u0433\u043a\u043e \u0438 \u0431\u044b\u0441\u0442\u0440\u043e \u0443\u043a\u043b\u0430\u0434\u044b\u0432\u0430\u0442\u044c \u043f\u043e \u043e\u0434\u043d\u043e\u0439 \u0434\u043e\u0441\u043a\u0435 \u0437\u0430 \u0440\u0430\u0437. \u0425\u043e\u0440\u043e\u0448\u043e \u043f\u043e\u0434\u0445\u043e\u0434\u0438\u0442 \u0434\u043b\u044f \u043b\u044e\u0431\u044b\u0445 \u043f\u043e\u043c\u0435\u0449\u0435\u043d\u0438\u0439, \u0432\u043a\u043b\u044e\u0447\u0430\u044f \u043a\u0443\u0445\u043d\u0438, \u043a\u043e\u0440\u0438\u0434\u043e\u0440\u044b \u0438 \u0432\u043b\u0430\u0436\u043d\u044b\u0435 \u0437\u043e\u043d\u044b. &nbsp; \u0420\u0430\u0441\u043f\u0440\u043e\u0434\u0430\u0436\u0430! \u0415\u0441\u043b\u0438 \u0412\u044b \u043a\u0443\u043f\u0438\u0442\u0435 \u0432\u0435\u0441\u044c \u043e\u0441\u0442\u0430\u0442\u043e\u043a (16,59 \u043c2), \u0446\u0435\u043d\u0430 \u0441\u043e\u0441\u0442\u0430\u0432\u0438\u0442 \u0432\u0441\u0435\u0433\u043e 15,00 [&hellip;]","og_url":"https:\/\/parketasala.lv\/ru\/product\/%d0%bb%d0%b0%d0%bc%d0%b8%d0%bd%d0%b0%d1%82-haro-%d0%b4%d1%83%d0%b1-%d0%bf%d0%be%d1%80%d1%82%d0%bb%d0%b0%d0%bd%d0%b4-%d0%bf%d1%83%d1%80%d0%be-%d0%b0%d0%ba%d0%b2%d0%b0-%d0%be%d1%81%d1%82%d0%b0%d1%82\/","og_site_name":"Parketa Sala","article_publisher":"https:\/\/www.facebook.com\/parketasala\/","og_image":[{"width":1024,"height":576,"url":"https:\/\/parketasala.lv\/wp-content\/uploads\/2020\/01\/533122_HARO_Laminatboden_Landhausdiele_4V_Eiche-Portland-puro_authentic_Int-1024x576.jpg","type":"image\/jpeg"}],"twitter_card":"summary_large_image","schema":{"@context":"https:\/\/schema.org","@graph":[{"@type":"WebPage","@id":"https:\/\/parketasala.lv\/ru\/product\/%d0%bb%d0%b0%d0%bc%d0%b8%d0%bd%d0%b0%d1%82-haro-%d0%b4%d1%83%d0%b1-%d0%bf%d0%be%d1%80%d1%82%d0%bb%d0%b0%d0%bd%d0%b4-%d0%bf%d1%83%d1%80%d0%be-%d0%b0%d0%ba%d0%b2%d0%b0-%d0%be%d1%81%d1%82%d0%b0%d1%82\/","url":"https:\/\/parketasala.lv\/ru\/product\/%d0%bb%d0%b0%d0%bc%d0%b8%d0%bd%d0%b0%d1%82-haro-%d0%b4%d1%83%d0%b1-%d0%bf%d0%be%d1%80%d1%82%d0%bb%d0%b0%d0%bd%d0%b4-%d0%bf%d1%83%d1%80%d0%be-%d0%b0%d0%ba%d0%b2%d0%b0-%d0%be%d1%81%d1%82%d0%b0%d1%82\/","name":"\u041b\u0430\u043c\u0438\u043d\u0430\u0442 HARO \u0414\u0443\u0431 \u041f\u043e\u0440\u0442\u043b\u0430\u043d\u0434 \u041f\u0443\u0440\u043e \u0410\u043a\u0432\u0430 (\u043e\u0441\u0442\u0430\u0442\u043a\u0438) &#8211; Parketa Sala","isPartOf":{"@id":"https:\/\/parketasala.lv\/ru\/#website"},"primaryImageOfPage":{"@id":"https:\/\/parketasala.lv\/ru\/product\/%d0%bb%d0%b0%d0%bc%d0%b8%d0%bd%d0%b0%d1%82-haro-%d0%b4%d1%83%d0%b1-%d0%bf%d0%be%d1%80%d1%82%d0%bb%d0%b0%d0%bd%d0%b4-%d0%bf%d1%83%d1%80%d0%be-%d0%b0%d0%ba%d0%b2%d0%b0-%d0%be%d1%81%d1%82%d0%b0%d1%82\/#primaryimage"},"image":{"@id":"https:\/\/parketasala.lv\/ru\/product\/%d0%bb%d0%b0%d0%bc%d0%b8%d0%bd%d0%b0%d1%82-haro-%d0%b4%d1%83%d0%b1-%d0%bf%d0%be%d1%80%d1%82%d0%bb%d0%b0%d0%bd%d0%b4-%d0%bf%d1%83%d1%80%d0%be-%d0%b0%d0%ba%d0%b2%d0%b0-%d0%be%d1%81%d1%82%d0%b0%d1%82\/#primaryimage"},"thumbnailUrl":"https:\/\/parketasala.lv\/wp-content\/uploads\/2020\/01\/533122_HARO_Laminatboden_Landhausdiele_4V_Eiche-Portland-puro_authentic_Int.jpg.webp","datePublished":"2023-07-01T09:23:11+00:00","breadcrumb":{"@id":"https:\/\/parketasala.lv\/ru\/product\/%d0%bb%d0%b0%d0%bc%d0%b8%d0%bd%d0%b0%d1%82-haro-%d0%b4%d1%83%d0%b1-%d0%bf%d0%be%d1%80%d1%82%d0%bb%d0%b0%d0%bd%d0%b4-%d0%bf%d1%83%d1%80%d0%be-%d0%b0%d0%ba%d0%b2%d0%b0-%d0%be%d1%81%d1%82%d0%b0%d1%82\/#breadcrumb"},"inLanguage":"ru-RU","potentialAction":[{"@type":"ReadAction","target":["https:\/\/parketasala.lv\/ru\/product\/%d0%bb%d0%b0%d0%bc%d0%b8%d0%bd%d0%b0%d1%82-haro-%d0%b4%d1%83%d0%b1-%d0%bf%d0%be%d1%80%d1%82%d0%bb%d0%b0%d0%bd%d0%b4-%d0%bf%d1%83%d1%80%d0%be-%d0%b0%d0%ba%d0%b2%d0%b0-%d0%be%d1%81%d1%82%d0%b0%d1%82\/"]}]},{"@type":"ImageObject","inLanguage":"ru-RU","@id":"https:\/\/parketasala.lv\/ru\/product\/%d0%bb%d0%b0%d0%bc%d0%b8%d0%bd%d0%b0%d1%82-haro-%d0%b4%d1%83%d0%b1-%d0%bf%d0%be%d1%80%d1%82%d0%bb%d0%b0%d0%bd%d0%b4-%d0%bf%d1%83%d1%80%d0%be-%d0%b0%d0%ba%d0%b2%d0%b0-%d0%be%d1%81%d1%82%d0%b0%d1%82\/#primaryimage","url":"https:\/\/parketasala.lv\/wp-content\/uploads\/2020\/01\/533122_HARO_Laminatboden_Landhausdiele_4V_Eiche-Portland-puro_authentic_Int.jpg.webp","contentUrl":"https:\/\/parketasala.lv\/wp-content\/uploads\/2020\/01\/533122_HARO_Laminatboden_Landhausdiele_4V_Eiche-Portland-puro_authentic_Int.jpg.webp","width":2560,"height":1440,"caption":"Laminate HARO Oak Portland Puro Aqua 539146"},{"@type":"BreadcrumbList","@id":"https:\/\/parketasala.lv\/ru\/product\/%d0%bb%d0%b0%d0%bc%d0%b8%d0%bd%d0%b0%d1%82-haro-%d0%b4%d1%83%d0%b1-%d0%bf%d0%be%d1%80%d1%82%d0%bb%d0%b0%d0%bd%d0%b4-%d0%bf%d1%83%d1%80%d0%be-%d0%b0%d0%ba%d0%b2%d0%b0-%d0%be%d1%81%d1%82%d0%b0%d1%82\/#breadcrumb","itemListElement":[{"@type":"ListItem","position":1,"name":"Home","item":"https:\/\/parketasala.lv\/ru\/%d0%b3%d0%bb%d0%b0%d0%b2%d0%bd%d0%b0%d1%8f\/"},{"@type":"ListItem","position":2,"name":"\u041c\u0430\u0433\u0430\u0437\u0438\u043d","item":"https:\/\/parketasala.lv\/ru\/%d0%bc%d0%b0%d0%b3%d0%b0%d0%b7%d0%b8%d0%bd\/"},{"@type":"ListItem","position":3,"name":"\u041b\u0430\u043c\u0438\u043d\u0430\u0442 HARO \u0414\u0443\u0431 \u041f\u043e\u0440\u0442\u043b\u0430\u043d\u0434 \u041f\u0443\u0440\u043e \u0410\u043a\u0432\u0430 (\u043e\u0441\u0442\u0430\u0442\u043a\u0438)"}]},{"@type":"WebSite","@id":"https:\/\/parketasala.lv\/ru\/#website","url":"https:\/\/parketasala.lv\/ru\/","name":"Parketa Sala","description":"Pla&scaron;s lamin\u0101ta, vinila, parketa un kor\u0137a gr\u012bdu kl\u0101sts","publisher":{"@id":"https:\/\/parketasala.lv\/ru\/#organization"},"potentialAction":[{"@type":"SearchAction","target":{"@type":"EntryPoint","urlTemplate":"https:\/\/parketasala.lv\/ru\/?s={search_term_string}"},"query-input":{"@type":"PropertyValueSpecification","valueRequired":true,"valueName":"search_term_string"}}],"inLanguage":"ru-RU"},{"@type":"Organization","@id":"https:\/\/parketasala.lv\/ru\/#organization","name":"Parketa Sala","url":"https:\/\/parketasala.lv\/ru\/","logo":{"@type":"ImageObject","inLanguage":"ru-RU","@id":"https:\/\/parketasala.lv\/ru\/#\/schema\/logo\/image\/","url":"https:\/\/parketasala.lv\/wp-content\/uploads\/2019\/12\/Logo-x3.png","contentUrl":"https:\/\/parketasala.lv\/wp-content\/uploads\/2019\/12\/Logo-x3.png","width":660,"height":137,"caption":"Parketa Sala"},"image":{"@id":"https:\/\/parketasala.lv\/ru\/#\/schema\/logo\/image\/"},"sameAs":["https:\/\/www.facebook.com\/parketasala\/","https:\/\/www.instagram.com\/parketasala\/"]}]}},"_links":{"self":[{"href":"https:\/\/parketasala.lv\/ru\/wp-json\/wp\/v2\/product\/29309","targetHints":{"allow":["GET"]}}],"collection":[{"href":"https:\/\/parketasala.lv\/ru\/wp-json\/wp\/v2\/product"}],"about":[{"href":"https:\/\/parketasala.lv\/ru\/wp-json\/wp\/v2\/types\/product"}],"wp:featuredmedia":[{"embeddable":true,"href":"https:\/\/parketasala.lv\/ru\/wp-json\/wp\/v2\/media\/12149"}],"wp:attachment":[{"href":"https:\/\/parketasala.lv\/ru\/wp-json\/wp\/v2\/media?parent=29309"}],"wp:term":[{"taxonomy":"product_brand","embeddable":true,"href":"https:\/\/parketasala.lv\/ru\/wp-json\/wp\/v2\/product_brand?post=29309"},{"taxonomy":"product_cat","embeddable":true,"href":"https:\/\/parketasala.lv\/ru\/wp-json\/wp\/v2\/product_cat?post=29309"},{"taxonomy":"product_tag","embeddable":true,"href":"https:\/\/parketasala.lv\/ru\/wp-json\/wp\/v2\/product_tag?post=29309"}],"curies":[{"name":"wp","href":"https:\/\/api.w.org\/{rel}","templated":true}]}}