{"id":28669,"date":"2022-05-14T09:08:37","date_gmt":"2022-05-14T09:08:37","guid":{"rendered":"https:\/\/parketasala.lv\/product\/%d0%b2%d0%b8%d0%bd%d0%b8%d0%bb%d0%be%d0%b2%d1%8b%d0%b9-%d0%bf%d0%be%d0%bb-moduleo-layred-cantera-46990\/"},"modified":"2022-05-14T09:08:37","modified_gmt":"2022-05-14T09:08:37","slug":"%d0%b2%d0%b8%d0%bd%d0%b8%d0%bb%d0%be%d0%b2%d1%8b%d0%b9-%d0%bf%d0%be%d0%bb-moduleo-layred-cantera-46990","status":"publish","type":"product","link":"https:\/\/parketasala.lv\/ru\/product\/%d0%b2%d0%b8%d0%bd%d0%b8%d0%bb%d0%be%d0%b2%d1%8b%d0%b9-%d0%bf%d0%be%d0%bb-moduleo-layred-cantera-46990\/","title":{"rendered":"\u0412\u0438\u043d\u0438\u043b\u043e\u0432\u044b\u0439 \u043f\u043e\u043b Moduleo LayRed Cantera 46990"},"content":{"rendered":"<p>\u0412\u0438\u043d\u0438\u043b\u043e\u0432\u044b\u0435 \u043f\u043e\u043b\u044b LayRed &#8212; \u044d\u0442\u043e \u0432\u0438\u043d\u0438\u043b\u043e\u0432\u044b\u0435 \u043f\u043e\u043b\u044b \u0441\u043e \u0441\u043f\u043b\u043e\u0448\u043d\u044b\u043c \u043e\u0441\u043d\u043e\u0432\u0430\u043d\u0438\u0435\u043c, \u0441\u0442\u044b\u043a\u043e\u043c Click \u0438 \u0432\u0441\u0442\u0440\u043e\u0435\u043d\u043d\u043e\u0439 \u043f\u043e\u0434\u043b\u043e\u0436\u043a\u043e\u0439. \u041e\u043d\u0438 \u043f\u043e\u0434\u0445\u043e\u0434\u044f\u0442 \u0434\u043b\u044f \u043b\u044e\u0431\u044b\u0445 \u043f\u043e\u043c\u0435\u0449\u0435\u043d\u0438\u0439 \u0432 \u0434\u043e\u043c\u0430\u0448\u043d\u0438\u0445 \u0438 \u043e\u0431\u0449\u0435\u0441\u0442\u0432\u0435\u043d\u043d\u044b\u0445 \u0443\u0441\u043b\u043e\u0432\u0438\u044f\u0445 \u0438 \u0438\u043c\u0435\u044e\u0442 \u043a\u043b\u0430\u0441\u0441 \u0438\u0437\u043d\u043e\u0441\u043e\u0441\u0442\u043e\u0439\u043a\u043e\u0441\u0442\u0438 33 (\u0432\u0435\u0440\u0445\u043d\u0438\u0439 \u0441\u043b\u043e\u0439 0,55 \u043c\u043c).  <\/p>\n<ul>\n<li>\u0414\u043e\u0441\u0442\u0430\u043d\u044c\u0442\u0435 \u0438\u0437 \u0443\u043f\u0430\u043a\u043e\u0432\u043a\u0438 \u0438 \u0443\u043b\u043e\u0436\u0438\u0442\u0435 &#8212; \u043d\u0435 \u0442\u0440\u0435\u0431\u0443\u0435\u0442\u0441\u044f \u043d\u0438\u043a\u0430\u043a\u0438\u0445 \u0434\u043e\u043f\u043e\u043b\u043d\u0438\u0442\u0435\u043b\u044c\u043d\u044b\u0445 \u043c\u0430\u0442\u0435\u0440\u0438\u0430\u043b\u043e\u0432 (\u043f\u043e\u0434\u043b\u043e\u0436\u043a\u0430 \u0438\u043b\u0438 \u043a\u043b\u0435\u0439)<\/li>\n<li>\u043c\u0435\u043d\u0435\u0435 \u0442\u0440\u0435\u0431\u043e\u0432\u0430\u0442\u0435\u043b\u0435\u043d \u043a \u0440\u043e\u0432\u043d\u043e\u0441\u0442\u0438 \u043f\u043e\u043b\u0430, \u0447\u0435\u043c \u043e\u0431\u044b\u0447\u043d\u044b\u0439 \u0432\u0438\u043d\u0438\u043b<\/li>\n<li>\u043e\u0434\u0438\u043d \u0438\u0437 \u0441\u0430\u043c\u044b\u0445 \u0442\u0438\u0445\u0438\u0445 \u0442\u0438\u043f\u043e\u0432 \u043f\u043e\u043b\u0430<\/li>\n<li>\u043d\u0435 \u0431\u043e\u0438\u0442\u0441\u044f \u0432\u043e\u0434\u044b \u0438 \u0443\u0434\u0430\u0440\u043e\u0432<\/li>\n<li>\u041e\u0442\u043b\u0438\u0447\u043d\u0430\u044f \u0442\u0435\u043f\u043b\u043e\u043f\u0440\u043e\u0432\u043e\u0434\u043d\u043e\u0441\u0442\u044c \u043f\u0440\u0438 \u0443\u043a\u043b\u0430\u0434\u043a\u0435 \u043d\u0430 \u043f\u043e\u043b\u044b \u0441 \u043f\u043e\u0434\u043e\u0433\u0440\u0435\u0432\u043e\u043c<\/li>\n<\/ul>\n","protected":false},"excerpt":{"rendered":"<p>\u0412\u0438\u043d\u0438\u043b\u043e\u0432\u044b\u0435 \u043f\u043e\u043b\u044b LayRed &#8212; \u044d\u0442\u043e \u0432\u0438\u043d\u0438\u043b\u043e\u0432\u044b\u0435 \u043f\u043e\u043b\u044b \u0441\u043e \u0441\u043f\u043b\u043e\u0448\u043d\u044b\u043c \u043e\u0441\u043d\u043e\u0432\u0430\u043d\u0438\u0435\u043c, \u0441\u0442\u044b\u043a\u043e\u043c Click \u0438 \u0432\u0441\u0442\u0440\u043e\u0435\u043d\u043d\u043e\u0439 \u043f\u043e\u0434\u043b\u043e\u0436\u043a\u043e\u0439. \u041e\u043d\u0438 \u043f\u043e\u0434\u0445\u043e\u0434\u044f\u0442 \u0434\u043b\u044f \u043b\u044e\u0431\u044b\u0445 \u043f\u043e\u043c\u0435\u0449\u0435\u043d\u0438\u0439 \u0432 \u0434\u043e\u043c\u0430\u0448\u043d\u0438\u0445 \u0438 \u043e\u0431\u0449\u0435\u0441\u0442\u0432\u0435\u043d\u043d\u044b\u0445 \u0443\u0441\u043b\u043e\u0432\u0438\u044f\u0445 \u0438 \u0438\u043c\u0435\u044e\u0442 \u043a\u043b\u0430\u0441\u0441 \u0438\u0437\u043d\u043e\u0441\u043e\u0441\u0442\u043e\u0439\u043a\u043e\u0441\u0442\u0438 33 (\u0432\u0435\u0440\u0445\u043d\u0438\u0439 \u0441\u043b\u043e\u0439 0,55 \u043c\u043c). \u0414\u043e\u0441\u0442\u0430\u043d\u044c\u0442\u0435 \u0438\u0437 \u0443\u043f\u0430\u043a\u043e\u0432\u043a\u0438 \u0438 \u0443\u043b\u043e\u0436\u0438\u0442\u0435 &#8212; \u043d\u0435 \u0442\u0440\u0435\u0431\u0443\u0435\u0442\u0441\u044f \u043d\u0438\u043a\u0430\u043a\u0438\u0445 \u0434\u043e\u043f\u043e\u043b\u043d\u0438\u0442\u0435\u043b\u044c\u043d\u044b\u0445 \u043c\u0430\u0442\u0435\u0440\u0438\u0430\u043b\u043e\u0432 (\u043f\u043e\u0434\u043b\u043e\u0436\u043a\u0430 \u0438\u043b\u0438 \u043a\u043b\u0435\u0439) \u043c\u0435\u043d\u0435\u0435 \u0442\u0440\u0435\u0431\u043e\u0432\u0430\u0442\u0435\u043b\u0435\u043d \u043a \u0440\u043e\u0432\u043d\u043e\u0441\u0442\u0438 \u043f\u043e\u043b\u0430, \u0447\u0435\u043c \u043e\u0431\u044b\u0447\u043d\u044b\u0439 [&hellip;]<\/p>\n","protected":false},"featured_media":9744,"template":"","meta":{"_acf_changed":false},"product_brand":[],"product_cat":[735,731,756,734],"product_tag":[],"class_list":{"0":"post-28669","1":"product","2":"type-product","3":"status-publish","4":"has-post-thumbnail","6":"product_cat-moduleo-ru","7":"product_cat-731","8":"product_cat-756","9":"product_cat-734","11":"first","12":"onbackorder","13":"taxable","14":"shipping-taxable","15":"purchasable","16":"product-type-simple"},"acf":[],"yoast_head":"<!-- This site is optimized with the Yoast SEO plugin v27.3 - https:\/\/yoast.com\/product\/yoast-seo-wordpress\/ -->\n<title>\u0412\u0438\u043d\u0438\u043b\u043e\u0432\u044b\u0439 \u043f\u043e\u043b Moduleo LayRed Cantera 46990 &#8211; Parketa Sala<\/title>\n<meta name=\"robots\" content=\"index,follow\" \/>\n<link rel=\"canonical\" href=\"https:\/\/parketasala.lv\/ru\/product\/%d0%b2%d0%b8%d0%bd%d0%b8%d0%bb%d0%be%d0%b2%d1%8b%d0%b9-%d0%bf%d0%be%d0%bb-moduleo-layred-cantera-46990\/\" \/>\n<meta property=\"og:locale\" content=\"ru_RU\" \/>\n<meta property=\"og:type\" content=\"article\" \/>\n<meta property=\"og:title\" content=\"\u0412\u0438\u043d\u0438\u043b\u043e\u0432\u044b\u0439 \u043f\u043e\u043b Moduleo LayRed Cantera 46990 &#8211; Parketa Sala\" \/>\n<meta property=\"og:description\" content=\"\u0412\u0438\u043d\u0438\u043b\u043e\u0432\u044b\u0435 \u043f\u043e\u043b\u044b LayRed &#8212; \u044d\u0442\u043e \u0432\u0438\u043d\u0438\u043b\u043e\u0432\u044b\u0435 \u043f\u043e\u043b\u044b \u0441\u043e \u0441\u043f\u043b\u043e\u0448\u043d\u044b\u043c \u043e\u0441\u043d\u043e\u0432\u0430\u043d\u0438\u0435\u043c, \u0441\u0442\u044b\u043a\u043e\u043c Click \u0438 \u0432\u0441\u0442\u0440\u043e\u0435\u043d\u043d\u043e\u0439 \u043f\u043e\u0434\u043b\u043e\u0436\u043a\u043e\u0439. \u041e\u043d\u0438 \u043f\u043e\u0434\u0445\u043e\u0434\u044f\u0442 \u0434\u043b\u044f \u043b\u044e\u0431\u044b\u0445 \u043f\u043e\u043c\u0435\u0449\u0435\u043d\u0438\u0439 \u0432 \u0434\u043e\u043c\u0430\u0448\u043d\u0438\u0445 \u0438 \u043e\u0431\u0449\u0435\u0441\u0442\u0432\u0435\u043d\u043d\u044b\u0445 \u0443\u0441\u043b\u043e\u0432\u0438\u044f\u0445 \u0438 \u0438\u043c\u0435\u044e\u0442 \u043a\u043b\u0430\u0441\u0441 \u0438\u0437\u043d\u043e\u0441\u043e\u0441\u0442\u043e\u0439\u043a\u043e\u0441\u0442\u0438 33 (\u0432\u0435\u0440\u0445\u043d\u0438\u0439 \u0441\u043b\u043e\u0439 0,55 \u043c\u043c). \u0414\u043e\u0441\u0442\u0430\u043d\u044c\u0442\u0435 \u0438\u0437 \u0443\u043f\u0430\u043a\u043e\u0432\u043a\u0438 \u0438 \u0443\u043b\u043e\u0436\u0438\u0442\u0435 &#8212; \u043d\u0435 \u0442\u0440\u0435\u0431\u0443\u0435\u0442\u0441\u044f \u043d\u0438\u043a\u0430\u043a\u0438\u0445 \u0434\u043e\u043f\u043e\u043b\u043d\u0438\u0442\u0435\u043b\u044c\u043d\u044b\u0445 \u043c\u0430\u0442\u0435\u0440\u0438\u0430\u043b\u043e\u0432 (\u043f\u043e\u0434\u043b\u043e\u0436\u043a\u0430 \u0438\u043b\u0438 \u043a\u043b\u0435\u0439) \u043c\u0435\u043d\u0435\u0435 \u0442\u0440\u0435\u0431\u043e\u0432\u0430\u0442\u0435\u043b\u0435\u043d \u043a \u0440\u043e\u0432\u043d\u043e\u0441\u0442\u0438 \u043f\u043e\u043b\u0430, \u0447\u0435\u043c \u043e\u0431\u044b\u0447\u043d\u044b\u0439 [&hellip;]\" \/>\n<meta property=\"og:url\" content=\"https:\/\/parketasala.lv\/ru\/product\/%d0%b2%d0%b8%d0%bd%d0%b8%d0%bb%d0%be%d0%b2%d1%8b%d0%b9-%d0%bf%d0%be%d0%bb-moduleo-layred-cantera-46990\/\" \/>\n<meta property=\"og:site_name\" content=\"Parketa Sala\" \/>\n<meta property=\"article:publisher\" content=\"https:\/\/www.facebook.com\/parketasala\/\" \/>\n<meta property=\"og:image\" content=\"https:\/\/parketasala.lv\/wp-content\/uploads\/2023\/01\/LR_Cantera-46990_room-WEB1280.jpg\" \/>\n\t<meta property=\"og:image:width\" content=\"1024\" \/>\n\t<meta property=\"og:image:height\" content=\"1280\" \/>\n\t<meta property=\"og:image:type\" content=\"image\/jpeg\" \/>\n<meta name=\"twitter:card\" content=\"summary_large_image\" \/>\n<script type=\"application\/ld+json\" class=\"yoast-schema-graph\">{\"@context\":\"https:\\\/\\\/schema.org\",\"@graph\":[{\"@type\":\"WebPage\",\"@id\":\"https:\\\/\\\/parketasala.lv\\\/ru\\\/product\\\/%d0%b2%d0%b8%d0%bd%d0%b8%d0%bb%d0%be%d0%b2%d1%8b%d0%b9-%d0%bf%d0%be%d0%bb-moduleo-layred-cantera-46990\\\/\",\"url\":\"https:\\\/\\\/parketasala.lv\\\/ru\\\/product\\\/%d0%b2%d0%b8%d0%bd%d0%b8%d0%bb%d0%be%d0%b2%d1%8b%d0%b9-%d0%bf%d0%be%d0%bb-moduleo-layred-cantera-46990\\\/\",\"name\":\"\u0412\u0438\u043d\u0438\u043b\u043e\u0432\u044b\u0439 \u043f\u043e\u043b Moduleo LayRed Cantera 46990 &#8211; Parketa Sala\",\"isPartOf\":{\"@id\":\"https:\\\/\\\/parketasala.lv\\\/ru\\\/#website\"},\"primaryImageOfPage\":{\"@id\":\"https:\\\/\\\/parketasala.lv\\\/ru\\\/product\\\/%d0%b2%d0%b8%d0%bd%d0%b8%d0%bb%d0%be%d0%b2%d1%8b%d0%b9-%d0%bf%d0%be%d0%bb-moduleo-layred-cantera-46990\\\/#primaryimage\"},\"image\":{\"@id\":\"https:\\\/\\\/parketasala.lv\\\/ru\\\/product\\\/%d0%b2%d0%b8%d0%bd%d0%b8%d0%bb%d0%be%d0%b2%d1%8b%d0%b9-%d0%bf%d0%be%d0%bb-moduleo-layred-cantera-46990\\\/#primaryimage\"},\"thumbnailUrl\":\"https:\\\/\\\/parketasala.lv\\\/wp-content\\\/uploads\\\/2023\\\/01\\\/LR_Cantera-46990_room-WEB1280.jpg\",\"datePublished\":\"2022-05-14T09:08:37+00:00\",\"breadcrumb\":{\"@id\":\"https:\\\/\\\/parketasala.lv\\\/ru\\\/product\\\/%d0%b2%d0%b8%d0%bd%d0%b8%d0%bb%d0%be%d0%b2%d1%8b%d0%b9-%d0%bf%d0%be%d0%bb-moduleo-layred-cantera-46990\\\/#breadcrumb\"},\"inLanguage\":\"ru-RU\",\"potentialAction\":[{\"@type\":\"ReadAction\",\"target\":[\"https:\\\/\\\/parketasala.lv\\\/ru\\\/product\\\/%d0%b2%d0%b8%d0%bd%d0%b8%d0%bb%d0%be%d0%b2%d1%8b%d0%b9-%d0%bf%d0%be%d0%bb-moduleo-layred-cantera-46990\\\/\"]}]},{\"@type\":\"ImageObject\",\"inLanguage\":\"ru-RU\",\"@id\":\"https:\\\/\\\/parketasala.lv\\\/ru\\\/product\\\/%d0%b2%d0%b8%d0%bd%d0%b8%d0%bb%d0%be%d0%b2%d1%8b%d0%b9-%d0%bf%d0%be%d0%bb-moduleo-layred-cantera-46990\\\/#primaryimage\",\"url\":\"https:\\\/\\\/parketasala.lv\\\/wp-content\\\/uploads\\\/2023\\\/01\\\/LR_Cantera-46990_room-WEB1280.jpg\",\"contentUrl\":\"https:\\\/\\\/parketasala.lv\\\/wp-content\\\/uploads\\\/2023\\\/01\\\/LR_Cantera-46990_room-WEB1280.jpg\",\"width\":1024,\"height\":1280,\"caption\":\"Moduleo LayRed Cantera 46990\"},{\"@type\":\"BreadcrumbList\",\"@id\":\"https:\\\/\\\/parketasala.lv\\\/ru\\\/product\\\/%d0%b2%d0%b8%d0%bd%d0%b8%d0%bb%d0%be%d0%b2%d1%8b%d0%b9-%d0%bf%d0%be%d0%bb-moduleo-layred-cantera-46990\\\/#breadcrumb\",\"itemListElement\":[{\"@type\":\"ListItem\",\"position\":1,\"name\":\"Home\",\"item\":\"https:\\\/\\\/parketasala.lv\\\/ru\\\/%d0%b3%d0%bb%d0%b0%d0%b2%d0%bd%d0%b0%d1%8f\\\/\"},{\"@type\":\"ListItem\",\"position\":2,\"name\":\"\u041c\u0430\u0433\u0430\u0437\u0438\u043d\",\"item\":\"https:\\\/\\\/parketasala.lv\\\/ru\\\/%d0%bc%d0%b0%d0%b3%d0%b0%d0%b7%d0%b8%d0%bd\\\/\"},{\"@type\":\"ListItem\",\"position\":3,\"name\":\"\u0412\u0438\u043d\u0438\u043b\u043e\u0432\u044b\u0439 \u043f\u043e\u043b Moduleo LayRed Cantera 46990\"}]},{\"@type\":\"WebSite\",\"@id\":\"https:\\\/\\\/parketasala.lv\\\/ru\\\/#website\",\"url\":\"https:\\\/\\\/parketasala.lv\\\/ru\\\/\",\"name\":\"Parketa Sala\",\"description\":\"Pla&scaron;s lamin\u0101ta, vinila, parketa un kor\u0137a gr\u012bdu kl\u0101sts\",\"publisher\":{\"@id\":\"https:\\\/\\\/parketasala.lv\\\/ru\\\/#organization\"},\"potentialAction\":[{\"@type\":\"SearchAction\",\"target\":{\"@type\":\"EntryPoint\",\"urlTemplate\":\"https:\\\/\\\/parketasala.lv\\\/ru\\\/?s={search_term_string}\"},\"query-input\":{\"@type\":\"PropertyValueSpecification\",\"valueRequired\":true,\"valueName\":\"search_term_string\"}}],\"inLanguage\":\"ru-RU\"},{\"@type\":\"Organization\",\"@id\":\"https:\\\/\\\/parketasala.lv\\\/ru\\\/#organization\",\"name\":\"Parketa Sala\",\"url\":\"https:\\\/\\\/parketasala.lv\\\/ru\\\/\",\"logo\":{\"@type\":\"ImageObject\",\"inLanguage\":\"ru-RU\",\"@id\":\"https:\\\/\\\/parketasala.lv\\\/ru\\\/#\\\/schema\\\/logo\\\/image\\\/\",\"url\":\"https:\\\/\\\/parketasala.lv\\\/wp-content\\\/uploads\\\/2019\\\/12\\\/Logo-x3.png\",\"contentUrl\":\"https:\\\/\\\/parketasala.lv\\\/wp-content\\\/uploads\\\/2019\\\/12\\\/Logo-x3.png\",\"width\":660,\"height\":137,\"caption\":\"Parketa Sala\"},\"image\":{\"@id\":\"https:\\\/\\\/parketasala.lv\\\/ru\\\/#\\\/schema\\\/logo\\\/image\\\/\"},\"sameAs\":[\"https:\\\/\\\/www.facebook.com\\\/parketasala\\\/\",\"https:\\\/\\\/www.instagram.com\\\/parketasala\\\/\"]}]}<\/script>\n<!-- \/ Yoast SEO plugin. -->","yoast_head_json":{"title":"\u0412\u0438\u043d\u0438\u043b\u043e\u0432\u044b\u0439 \u043f\u043e\u043b Moduleo LayRed Cantera 46990 &#8211; Parketa Sala","robots":{"index,follow":"index,follow"},"canonical":"https:\/\/parketasala.lv\/ru\/product\/%d0%b2%d0%b8%d0%bd%d0%b8%d0%bb%d0%be%d0%b2%d1%8b%d0%b9-%d0%bf%d0%be%d0%bb-moduleo-layred-cantera-46990\/","og_locale":"ru_RU","og_type":"article","og_title":"\u0412\u0438\u043d\u0438\u043b\u043e\u0432\u044b\u0439 \u043f\u043e\u043b Moduleo LayRed Cantera 46990 &#8211; Parketa Sala","og_description":"\u0412\u0438\u043d\u0438\u043b\u043e\u0432\u044b\u0435 \u043f\u043e\u043b\u044b LayRed &#8212; \u044d\u0442\u043e \u0432\u0438\u043d\u0438\u043b\u043e\u0432\u044b\u0435 \u043f\u043e\u043b\u044b \u0441\u043e \u0441\u043f\u043b\u043e\u0448\u043d\u044b\u043c \u043e\u0441\u043d\u043e\u0432\u0430\u043d\u0438\u0435\u043c, \u0441\u0442\u044b\u043a\u043e\u043c Click \u0438 \u0432\u0441\u0442\u0440\u043e\u0435\u043d\u043d\u043e\u0439 \u043f\u043e\u0434\u043b\u043e\u0436\u043a\u043e\u0439. \u041e\u043d\u0438 \u043f\u043e\u0434\u0445\u043e\u0434\u044f\u0442 \u0434\u043b\u044f \u043b\u044e\u0431\u044b\u0445 \u043f\u043e\u043c\u0435\u0449\u0435\u043d\u0438\u0439 \u0432 \u0434\u043e\u043c\u0430\u0448\u043d\u0438\u0445 \u0438 \u043e\u0431\u0449\u0435\u0441\u0442\u0432\u0435\u043d\u043d\u044b\u0445 \u0443\u0441\u043b\u043e\u0432\u0438\u044f\u0445 \u0438 \u0438\u043c\u0435\u044e\u0442 \u043a\u043b\u0430\u0441\u0441 \u0438\u0437\u043d\u043e\u0441\u043e\u0441\u0442\u043e\u0439\u043a\u043e\u0441\u0442\u0438 33 (\u0432\u0435\u0440\u0445\u043d\u0438\u0439 \u0441\u043b\u043e\u0439 0,55 \u043c\u043c). \u0414\u043e\u0441\u0442\u0430\u043d\u044c\u0442\u0435 \u0438\u0437 \u0443\u043f\u0430\u043a\u043e\u0432\u043a\u0438 \u0438 \u0443\u043b\u043e\u0436\u0438\u0442\u0435 &#8212; \u043d\u0435 \u0442\u0440\u0435\u0431\u0443\u0435\u0442\u0441\u044f \u043d\u0438\u043a\u0430\u043a\u0438\u0445 \u0434\u043e\u043f\u043e\u043b\u043d\u0438\u0442\u0435\u043b\u044c\u043d\u044b\u0445 \u043c\u0430\u0442\u0435\u0440\u0438\u0430\u043b\u043e\u0432 (\u043f\u043e\u0434\u043b\u043e\u0436\u043a\u0430 \u0438\u043b\u0438 \u043a\u043b\u0435\u0439) \u043c\u0435\u043d\u0435\u0435 \u0442\u0440\u0435\u0431\u043e\u0432\u0430\u0442\u0435\u043b\u0435\u043d \u043a \u0440\u043e\u0432\u043d\u043e\u0441\u0442\u0438 \u043f\u043e\u043b\u0430, \u0447\u0435\u043c \u043e\u0431\u044b\u0447\u043d\u044b\u0439 [&hellip;]","og_url":"https:\/\/parketasala.lv\/ru\/product\/%d0%b2%d0%b8%d0%bd%d0%b8%d0%bb%d0%be%d0%b2%d1%8b%d0%b9-%d0%bf%d0%be%d0%bb-moduleo-layred-cantera-46990\/","og_site_name":"Parketa Sala","article_publisher":"https:\/\/www.facebook.com\/parketasala\/","og_image":[{"width":1024,"height":1280,"url":"https:\/\/parketasala.lv\/wp-content\/uploads\/2023\/01\/LR_Cantera-46990_room-WEB1280.jpg","type":"image\/jpeg"}],"twitter_card":"summary_large_image","schema":{"@context":"https:\/\/schema.org","@graph":[{"@type":"WebPage","@id":"https:\/\/parketasala.lv\/ru\/product\/%d0%b2%d0%b8%d0%bd%d0%b8%d0%bb%d0%be%d0%b2%d1%8b%d0%b9-%d0%bf%d0%be%d0%bb-moduleo-layred-cantera-46990\/","url":"https:\/\/parketasala.lv\/ru\/product\/%d0%b2%d0%b8%d0%bd%d0%b8%d0%bb%d0%be%d0%b2%d1%8b%d0%b9-%d0%bf%d0%be%d0%bb-moduleo-layred-cantera-46990\/","name":"\u0412\u0438\u043d\u0438\u043b\u043e\u0432\u044b\u0439 \u043f\u043e\u043b Moduleo LayRed Cantera 46990 &#8211; Parketa Sala","isPartOf":{"@id":"https:\/\/parketasala.lv\/ru\/#website"},"primaryImageOfPage":{"@id":"https:\/\/parketasala.lv\/ru\/product\/%d0%b2%d0%b8%d0%bd%d0%b8%d0%bb%d0%be%d0%b2%d1%8b%d0%b9-%d0%bf%d0%be%d0%bb-moduleo-layred-cantera-46990\/#primaryimage"},"image":{"@id":"https:\/\/parketasala.lv\/ru\/product\/%d0%b2%d0%b8%d0%bd%d0%b8%d0%bb%d0%be%d0%b2%d1%8b%d0%b9-%d0%bf%d0%be%d0%bb-moduleo-layred-cantera-46990\/#primaryimage"},"thumbnailUrl":"https:\/\/parketasala.lv\/wp-content\/uploads\/2023\/01\/LR_Cantera-46990_room-WEB1280.jpg","datePublished":"2022-05-14T09:08:37+00:00","breadcrumb":{"@id":"https:\/\/parketasala.lv\/ru\/product\/%d0%b2%d0%b8%d0%bd%d0%b8%d0%bb%d0%be%d0%b2%d1%8b%d0%b9-%d0%bf%d0%be%d0%bb-moduleo-layred-cantera-46990\/#breadcrumb"},"inLanguage":"ru-RU","potentialAction":[{"@type":"ReadAction","target":["https:\/\/parketasala.lv\/ru\/product\/%d0%b2%d0%b8%d0%bd%d0%b8%d0%bb%d0%be%d0%b2%d1%8b%d0%b9-%d0%bf%d0%be%d0%bb-moduleo-layred-cantera-46990\/"]}]},{"@type":"ImageObject","inLanguage":"ru-RU","@id":"https:\/\/parketasala.lv\/ru\/product\/%d0%b2%d0%b8%d0%bd%d0%b8%d0%bb%d0%be%d0%b2%d1%8b%d0%b9-%d0%bf%d0%be%d0%bb-moduleo-layred-cantera-46990\/#primaryimage","url":"https:\/\/parketasala.lv\/wp-content\/uploads\/2023\/01\/LR_Cantera-46990_room-WEB1280.jpg","contentUrl":"https:\/\/parketasala.lv\/wp-content\/uploads\/2023\/01\/LR_Cantera-46990_room-WEB1280.jpg","width":1024,"height":1280,"caption":"Moduleo LayRed Cantera 46990"},{"@type":"BreadcrumbList","@id":"https:\/\/parketasala.lv\/ru\/product\/%d0%b2%d0%b8%d0%bd%d0%b8%d0%bb%d0%be%d0%b2%d1%8b%d0%b9-%d0%bf%d0%be%d0%bb-moduleo-layred-cantera-46990\/#breadcrumb","itemListElement":[{"@type":"ListItem","position":1,"name":"Home","item":"https:\/\/parketasala.lv\/ru\/%d0%b3%d0%bb%d0%b0%d0%b2%d0%bd%d0%b0%d1%8f\/"},{"@type":"ListItem","position":2,"name":"\u041c\u0430\u0433\u0430\u0437\u0438\u043d","item":"https:\/\/parketasala.lv\/ru\/%d0%bc%d0%b0%d0%b3%d0%b0%d0%b7%d0%b8%d0%bd\/"},{"@type":"ListItem","position":3,"name":"\u0412\u0438\u043d\u0438\u043b\u043e\u0432\u044b\u0439 \u043f\u043e\u043b Moduleo LayRed Cantera 46990"}]},{"@type":"WebSite","@id":"https:\/\/parketasala.lv\/ru\/#website","url":"https:\/\/parketasala.lv\/ru\/","name":"Parketa Sala","description":"Pla&scaron;s lamin\u0101ta, vinila, parketa un kor\u0137a gr\u012bdu kl\u0101sts","publisher":{"@id":"https:\/\/parketasala.lv\/ru\/#organization"},"potentialAction":[{"@type":"SearchAction","target":{"@type":"EntryPoint","urlTemplate":"https:\/\/parketasala.lv\/ru\/?s={search_term_string}"},"query-input":{"@type":"PropertyValueSpecification","valueRequired":true,"valueName":"search_term_string"}}],"inLanguage":"ru-RU"},{"@type":"Organization","@id":"https:\/\/parketasala.lv\/ru\/#organization","name":"Parketa Sala","url":"https:\/\/parketasala.lv\/ru\/","logo":{"@type":"ImageObject","inLanguage":"ru-RU","@id":"https:\/\/parketasala.lv\/ru\/#\/schema\/logo\/image\/","url":"https:\/\/parketasala.lv\/wp-content\/uploads\/2019\/12\/Logo-x3.png","contentUrl":"https:\/\/parketasala.lv\/wp-content\/uploads\/2019\/12\/Logo-x3.png","width":660,"height":137,"caption":"Parketa Sala"},"image":{"@id":"https:\/\/parketasala.lv\/ru\/#\/schema\/logo\/image\/"},"sameAs":["https:\/\/www.facebook.com\/parketasala\/","https:\/\/www.instagram.com\/parketasala\/"]}]}},"_links":{"self":[{"href":"https:\/\/parketasala.lv\/ru\/wp-json\/wp\/v2\/product\/28669","targetHints":{"allow":["GET"]}}],"collection":[{"href":"https:\/\/parketasala.lv\/ru\/wp-json\/wp\/v2\/product"}],"about":[{"href":"https:\/\/parketasala.lv\/ru\/wp-json\/wp\/v2\/types\/product"}],"wp:featuredmedia":[{"embeddable":true,"href":"https:\/\/parketasala.lv\/ru\/wp-json\/wp\/v2\/media\/9744"}],"wp:attachment":[{"href":"https:\/\/parketasala.lv\/ru\/wp-json\/wp\/v2\/media?parent=28669"}],"wp:term":[{"taxonomy":"product_brand","embeddable":true,"href":"https:\/\/parketasala.lv\/ru\/wp-json\/wp\/v2\/product_brand?post=28669"},{"taxonomy":"product_cat","embeddable":true,"href":"https:\/\/parketasala.lv\/ru\/wp-json\/wp\/v2\/product_cat?post=28669"},{"taxonomy":"product_tag","embeddable":true,"href":"https:\/\/parketasala.lv\/ru\/wp-json\/wp\/v2\/product_tag?post=28669"}],"curies":[{"name":"wp","href":"https:\/\/api.w.org\/{rel}","templated":true}]}}