{"id":27693,"date":"2022-02-16T09:31:48","date_gmt":"2022-02-16T09:31:48","guid":{"rendered":"https:\/\/parketasala.lv\/product\/quick-step-hydroxy-scotia-%d0%b4%d0%bb%d1%8f-%d0%bf%d0%bb%d0%b8%d0%bd%d1%82%d1%83%d1%81%d0%be%d0%b2\/"},"modified":"2022-02-16T09:31:48","modified_gmt":"2022-02-16T09:31:48","slug":"quick-step-hydroxy-scotia-%d0%b4%d0%bb%d1%8f-%d0%bf%d0%bb%d0%b8%d0%bd%d1%82%d1%83%d1%81%d0%be%d0%b2","status":"publish","type":"product","link":"https:\/\/parketasala.lv\/ru\/product\/quick-step-hydroxy-scotia-%d0%b4%d0%bb%d1%8f-%d0%bf%d0%bb%d0%b8%d0%bd%d1%82%d1%83%d1%81%d0%be%d0%b2\/","title":{"rendered":"Quick-Step Hydroxy Scotia \u0434\u043b\u044f \u043f\u043b\u0438\u043d\u0442\u0443\u0441\u043e\u0432"},"content":{"rendered":"<p>Quick-Step Hydro-Sheet \u043f\u0440\u0435\u0434\u043d\u0430\u0437\u043d\u0430\u0447\u0435\u043d \u0434\u043b\u044f \u0438\u0441\u043f\u043e\u043b\u044c\u0437\u043e\u0432\u0430\u043d\u0438\u044f \u0441 \u043f\u043b\u0438\u043d\u0442\u0443\u0441\u0430\u043c\u0438 Quick-Step Scotia \u0434\u043b\u044f \u043e\u0431\u0435\u0441\u043f\u0435\u0447\u0435\u043d\u0438\u044f \u0432\u043b\u0430\u0433\u043e\u0441\u0442\u043e\u0439\u043a\u043e\u0441\u0442\u0438.<\/p>\n<h6><\/h6>\n<p>\u0413\u0438\u0431\u043a\u0438\u0439 \u0433\u0438\u0434\u0440\u043e\u0438\u0437\u043e\u043b\u044f\u0446\u0438\u043e\u043d\u043d\u044b\u0439 \u043b\u0438\u0441\u0442 \u0441\u043b\u0435\u0434\u0443\u0435\u0442 \u043f\u0440\u0438\u043a\u0440\u0435\u043f\u0438\u0442\u044c \u043a \u043d\u0438\u0436\u043d\u0435\u0439 \u0441\u0442\u043e\u0440\u043e\u043d\u0435 \u043f\u043b\u0438\u043d\u0442\u0443\u0441\u0430, \u0447\u0442\u043e\u0431\u044b \u043e\u0431\u0435\u0441\u043f\u0435\u0447\u0438\u0442\u044c \u0432\u043e\u0434\u043e\u043d\u0435\u043f\u0440\u043e\u043d\u0438\u0446\u0430\u0435\u043c\u043e\u0441\u0442\u044c \u043f\u043b\u0438\u043d\u0442\u0443\u0441\u0430.<\/p>\n<h6><\/h6>\n<p>\u0414\u043b\u044f \u0438\u0441\u043f\u043e\u043b\u044c\u0437\u043e\u0432\u0430\u043d\u0438\u044f \u0441 17-\u043c\u0438\u043b\u043b\u0438\u043c\u0435\u0442\u0440\u043e\u0432\u044b\u043c\u0438 \u043f\u043b\u0438\u043d\u0442\u0443\u0441\u0430\u043c\u0438 Quick-Step Scotia.<\/p>\n<h4><\/h4>\n","protected":false},"excerpt":{"rendered":"<p>Quick-Step Hydro-Sheet \u043f\u0440\u0435\u0434\u043d\u0430\u0437\u043d\u0430\u0447\u0435\u043d \u0434\u043b\u044f \u0438\u0441\u043f\u043e\u043b\u044c\u0437\u043e\u0432\u0430\u043d\u0438\u044f \u0441 \u043f\u043b\u0438\u043d\u0442\u0443\u0441\u0430\u043c\u0438 Quick-Step Scotia \u0434\u043b\u044f \u043e\u0431\u0435\u0441\u043f\u0435\u0447\u0435\u043d\u0438\u044f \u0432\u043b\u0430\u0433\u043e\u0441\u0442\u043e\u0439\u043a\u043e\u0441\u0442\u0438. \u0413\u0438\u0431\u043a\u0438\u0439 \u0433\u0438\u0434\u0440\u043e\u0438\u0437\u043e\u043b\u044f\u0446\u0438\u043e\u043d\u043d\u044b\u0439 \u043b\u0438\u0441\u0442 \u0441\u043b\u0435\u0434\u0443\u0435\u0442 \u043f\u0440\u0438\u043a\u0440\u0435\u043f\u0438\u0442\u044c \u043a \u043d\u0438\u0436\u043d\u0435\u0439 \u0441\u0442\u043e\u0440\u043e\u043d\u0435 \u043f\u043b\u0438\u043d\u0442\u0443\u0441\u0430, \u0447\u0442\u043e\u0431\u044b \u043e\u0431\u0435\u0441\u043f\u0435\u0447\u0438\u0442\u044c \u0432\u043e\u0434\u043e\u043d\u0435\u043f\u0440\u043e\u043d\u0438\u0446\u0430\u0435\u043c\u043e\u0441\u0442\u044c \u043f\u043b\u0438\u043d\u0442\u0443\u0441\u0430. \u0414\u043b\u044f \u0438\u0441\u043f\u043e\u043b\u044c\u0437\u043e\u0432\u0430\u043d\u0438\u044f \u0441 17-\u043c\u0438\u043b\u043b\u0438\u043c\u0435\u0442\u0440\u043e\u0432\u044b\u043c\u0438 \u043f\u043b\u0438\u043d\u0442\u0443\u0441\u0430\u043c\u0438 Quick-Step Scotia.<\/p>\n","protected":false},"featured_media":7157,"template":"","meta":{"_acf_changed":false},"product_brand":[],"product_cat":[711,822],"product_tag":[],"class_list":{"0":"post-27693","1":"product","2":"type-product","3":"status-publish","4":"has-post-thumbnail","6":"product_cat-711","7":"product_cat-822","9":"first","10":"onbackorder","11":"taxable","12":"shipping-taxable","13":"purchasable","14":"product-type-simple"},"acf":[],"yoast_head":"<!-- This site is optimized with the Yoast SEO plugin v27.3 - https:\/\/yoast.com\/product\/yoast-seo-wordpress\/ -->\n<title>Quick-Step Hydroxy Scotia \u0434\u043b\u044f \u043f\u043b\u0438\u043d\u0442\u0443\u0441\u043e\u0432 &#8211; Parketa Sala<\/title>\n<meta name=\"robots\" content=\"index,follow\" \/>\n<link rel=\"canonical\" href=\"https:\/\/parketasala.lv\/ru\/product\/quick-step-hydroxy-scotia-%d0%b4%d0%bb%d1%8f-%d0%bf%d0%bb%d0%b8%d0%bd%d1%82%d1%83%d1%81%d0%be%d0%b2\/\" \/>\n<meta property=\"og:locale\" content=\"ru_RU\" \/>\n<meta property=\"og:type\" content=\"article\" \/>\n<meta property=\"og:title\" content=\"Quick-Step Hydroxy Scotia \u0434\u043b\u044f \u043f\u043b\u0438\u043d\u0442\u0443\u0441\u043e\u0432 &#8211; Parketa Sala\" \/>\n<meta property=\"og:description\" content=\"Quick-Step Hydro-Sheet \u043f\u0440\u0435\u0434\u043d\u0430\u0437\u043d\u0430\u0447\u0435\u043d \u0434\u043b\u044f \u0438\u0441\u043f\u043e\u043b\u044c\u0437\u043e\u0432\u0430\u043d\u0438\u044f \u0441 \u043f\u043b\u0438\u043d\u0442\u0443\u0441\u0430\u043c\u0438 Quick-Step Scotia \u0434\u043b\u044f \u043e\u0431\u0435\u0441\u043f\u0435\u0447\u0435\u043d\u0438\u044f \u0432\u043b\u0430\u0433\u043e\u0441\u0442\u043e\u0439\u043a\u043e\u0441\u0442\u0438. \u0413\u0438\u0431\u043a\u0438\u0439 \u0433\u0438\u0434\u0440\u043e\u0438\u0437\u043e\u043b\u044f\u0446\u0438\u043e\u043d\u043d\u044b\u0439 \u043b\u0438\u0441\u0442 \u0441\u043b\u0435\u0434\u0443\u0435\u0442 \u043f\u0440\u0438\u043a\u0440\u0435\u043f\u0438\u0442\u044c \u043a \u043d\u0438\u0436\u043d\u0435\u0439 \u0441\u0442\u043e\u0440\u043e\u043d\u0435 \u043f\u043b\u0438\u043d\u0442\u0443\u0441\u0430, \u0447\u0442\u043e\u0431\u044b \u043e\u0431\u0435\u0441\u043f\u0435\u0447\u0438\u0442\u044c \u0432\u043e\u0434\u043e\u043d\u0435\u043f\u0440\u043e\u043d\u0438\u0446\u0430\u0435\u043c\u043e\u0441\u0442\u044c \u043f\u043b\u0438\u043d\u0442\u0443\u0441\u0430. \u0414\u043b\u044f \u0438\u0441\u043f\u043e\u043b\u044c\u0437\u043e\u0432\u0430\u043d\u0438\u044f \u0441 17-\u043c\u0438\u043b\u043b\u0438\u043c\u0435\u0442\u0440\u043e\u0432\u044b\u043c\u0438 \u043f\u043b\u0438\u043d\u0442\u0443\u0441\u0430\u043c\u0438 Quick-Step Scotia.\" \/>\n<meta property=\"og:url\" content=\"https:\/\/parketasala.lv\/ru\/product\/quick-step-hydroxy-scotia-%d0%b4%d0%bb%d1%8f-%d0%bf%d0%bb%d0%b8%d0%bd%d1%82%d1%83%d1%81%d0%be%d0%b2\/\" \/>\n<meta property=\"og:site_name\" content=\"Parketa Sala\" \/>\n<meta property=\"article:publisher\" content=\"https:\/\/www.facebook.com\/parketasala\/\" \/>\n<meta property=\"og:image\" content=\"https:\/\/parketasala.lv\/wp-content\/uploads\/2022\/02\/NEHSTRIPSCOT15.jpeg\" \/>\n\t<meta property=\"og:image:width\" content=\"1280\" \/>\n\t<meta property=\"og:image:height\" content=\"905\" \/>\n\t<meta property=\"og:image:type\" content=\"image\/jpeg\" \/>\n<meta name=\"twitter:card\" content=\"summary_large_image\" \/>\n<script type=\"application\/ld+json\" class=\"yoast-schema-graph\">{\"@context\":\"https:\\\/\\\/schema.org\",\"@graph\":[{\"@type\":\"WebPage\",\"@id\":\"https:\\\/\\\/parketasala.lv\\\/ru\\\/product\\\/quick-step-hydroxy-scotia-%d0%b4%d0%bb%d1%8f-%d0%bf%d0%bb%d0%b8%d0%bd%d1%82%d1%83%d1%81%d0%be%d0%b2\\\/\",\"url\":\"https:\\\/\\\/parketasala.lv\\\/ru\\\/product\\\/quick-step-hydroxy-scotia-%d0%b4%d0%bb%d1%8f-%d0%bf%d0%bb%d0%b8%d0%bd%d1%82%d1%83%d1%81%d0%be%d0%b2\\\/\",\"name\":\"Quick-Step Hydroxy Scotia \u0434\u043b\u044f \u043f\u043b\u0438\u043d\u0442\u0443\u0441\u043e\u0432 &#8211; Parketa Sala\",\"isPartOf\":{\"@id\":\"https:\\\/\\\/parketasala.lv\\\/ru\\\/#website\"},\"primaryImageOfPage\":{\"@id\":\"https:\\\/\\\/parketasala.lv\\\/ru\\\/product\\\/quick-step-hydroxy-scotia-%d0%b4%d0%bb%d1%8f-%d0%bf%d0%bb%d0%b8%d0%bd%d1%82%d1%83%d1%81%d0%be%d0%b2\\\/#primaryimage\"},\"image\":{\"@id\":\"https:\\\/\\\/parketasala.lv\\\/ru\\\/product\\\/quick-step-hydroxy-scotia-%d0%b4%d0%bb%d1%8f-%d0%bf%d0%bb%d0%b8%d0%bd%d1%82%d1%83%d1%81%d0%be%d0%b2\\\/#primaryimage\"},\"thumbnailUrl\":\"https:\\\/\\\/parketasala.lv\\\/wp-content\\\/uploads\\\/2022\\\/02\\\/NEHSTRIPSCOT15.jpeg\",\"datePublished\":\"2022-02-16T09:31:48+00:00\",\"breadcrumb\":{\"@id\":\"https:\\\/\\\/parketasala.lv\\\/ru\\\/product\\\/quick-step-hydroxy-scotia-%d0%b4%d0%bb%d1%8f-%d0%bf%d0%bb%d0%b8%d0%bd%d1%82%d1%83%d1%81%d0%be%d0%b2\\\/#breadcrumb\"},\"inLanguage\":\"ru-RU\",\"potentialAction\":[{\"@type\":\"ReadAction\",\"target\":[\"https:\\\/\\\/parketasala.lv\\\/ru\\\/product\\\/quick-step-hydroxy-scotia-%d0%b4%d0%bb%d1%8f-%d0%bf%d0%bb%d0%b8%d0%bd%d1%82%d1%83%d1%81%d0%be%d0%b2\\\/\"]}]},{\"@type\":\"ImageObject\",\"inLanguage\":\"ru-RU\",\"@id\":\"https:\\\/\\\/parketasala.lv\\\/ru\\\/product\\\/quick-step-hydroxy-scotia-%d0%b4%d0%bb%d1%8f-%d0%bf%d0%bb%d0%b8%d0%bd%d1%82%d1%83%d1%81%d0%be%d0%b2\\\/#primaryimage\",\"url\":\"https:\\\/\\\/parketasala.lv\\\/wp-content\\\/uploads\\\/2022\\\/02\\\/NEHSTRIPSCOT15.jpeg\",\"contentUrl\":\"https:\\\/\\\/parketasala.lv\\\/wp-content\\\/uploads\\\/2022\\\/02\\\/NEHSTRIPSCOT15.jpeg\",\"width\":1280,\"height\":905,\"caption\":\"Quick-Step Hidroizol\u0101cijas lenta NEHSTRIPSCOT15\"},{\"@type\":\"BreadcrumbList\",\"@id\":\"https:\\\/\\\/parketasala.lv\\\/ru\\\/product\\\/quick-step-hydroxy-scotia-%d0%b4%d0%bb%d1%8f-%d0%bf%d0%bb%d0%b8%d0%bd%d1%82%d1%83%d1%81%d0%be%d0%b2\\\/#breadcrumb\",\"itemListElement\":[{\"@type\":\"ListItem\",\"position\":1,\"name\":\"Home\",\"item\":\"https:\\\/\\\/parketasala.lv\\\/ru\\\/%d0%b3%d0%bb%d0%b0%d0%b2%d0%bd%d0%b0%d1%8f\\\/\"},{\"@type\":\"ListItem\",\"position\":2,\"name\":\"\u041c\u0430\u0433\u0430\u0437\u0438\u043d\",\"item\":\"https:\\\/\\\/parketasala.lv\\\/ru\\\/%d0%bc%d0%b0%d0%b3%d0%b0%d0%b7%d0%b8%d0%bd\\\/\"},{\"@type\":\"ListItem\",\"position\":3,\"name\":\"Quick-Step Hydroxy Scotia \u0434\u043b\u044f \u043f\u043b\u0438\u043d\u0442\u0443\u0441\u043e\u0432\"}]},{\"@type\":\"WebSite\",\"@id\":\"https:\\\/\\\/parketasala.lv\\\/ru\\\/#website\",\"url\":\"https:\\\/\\\/parketasala.lv\\\/ru\\\/\",\"name\":\"Parketa Sala\",\"description\":\"Pla&scaron;s lamin\u0101ta, vinila, parketa un kor\u0137a gr\u012bdu kl\u0101sts\",\"publisher\":{\"@id\":\"https:\\\/\\\/parketasala.lv\\\/ru\\\/#organization\"},\"potentialAction\":[{\"@type\":\"SearchAction\",\"target\":{\"@type\":\"EntryPoint\",\"urlTemplate\":\"https:\\\/\\\/parketasala.lv\\\/ru\\\/?s={search_term_string}\"},\"query-input\":{\"@type\":\"PropertyValueSpecification\",\"valueRequired\":true,\"valueName\":\"search_term_string\"}}],\"inLanguage\":\"ru-RU\"},{\"@type\":\"Organization\",\"@id\":\"https:\\\/\\\/parketasala.lv\\\/ru\\\/#organization\",\"name\":\"Parketa Sala\",\"url\":\"https:\\\/\\\/parketasala.lv\\\/ru\\\/\",\"logo\":{\"@type\":\"ImageObject\",\"inLanguage\":\"ru-RU\",\"@id\":\"https:\\\/\\\/parketasala.lv\\\/ru\\\/#\\\/schema\\\/logo\\\/image\\\/\",\"url\":\"https:\\\/\\\/parketasala.lv\\\/wp-content\\\/uploads\\\/2019\\\/12\\\/Logo-x3.png\",\"contentUrl\":\"https:\\\/\\\/parketasala.lv\\\/wp-content\\\/uploads\\\/2019\\\/12\\\/Logo-x3.png\",\"width\":660,\"height\":137,\"caption\":\"Parketa Sala\"},\"image\":{\"@id\":\"https:\\\/\\\/parketasala.lv\\\/ru\\\/#\\\/schema\\\/logo\\\/image\\\/\"},\"sameAs\":[\"https:\\\/\\\/www.facebook.com\\\/parketasala\\\/\",\"https:\\\/\\\/www.instagram.com\\\/parketasala\\\/\"]}]}<\/script>\n<!-- \/ Yoast SEO plugin. -->","yoast_head_json":{"title":"Quick-Step Hydroxy Scotia \u0434\u043b\u044f \u043f\u043b\u0438\u043d\u0442\u0443\u0441\u043e\u0432 &#8211; Parketa Sala","robots":{"index,follow":"index,follow"},"canonical":"https:\/\/parketasala.lv\/ru\/product\/quick-step-hydroxy-scotia-%d0%b4%d0%bb%d1%8f-%d0%bf%d0%bb%d0%b8%d0%bd%d1%82%d1%83%d1%81%d0%be%d0%b2\/","og_locale":"ru_RU","og_type":"article","og_title":"Quick-Step Hydroxy Scotia \u0434\u043b\u044f \u043f\u043b\u0438\u043d\u0442\u0443\u0441\u043e\u0432 &#8211; Parketa Sala","og_description":"Quick-Step Hydro-Sheet \u043f\u0440\u0435\u0434\u043d\u0430\u0437\u043d\u0430\u0447\u0435\u043d \u0434\u043b\u044f \u0438\u0441\u043f\u043e\u043b\u044c\u0437\u043e\u0432\u0430\u043d\u0438\u044f \u0441 \u043f\u043b\u0438\u043d\u0442\u0443\u0441\u0430\u043c\u0438 Quick-Step Scotia \u0434\u043b\u044f \u043e\u0431\u0435\u0441\u043f\u0435\u0447\u0435\u043d\u0438\u044f \u0432\u043b\u0430\u0433\u043e\u0441\u0442\u043e\u0439\u043a\u043e\u0441\u0442\u0438. \u0413\u0438\u0431\u043a\u0438\u0439 \u0433\u0438\u0434\u0440\u043e\u0438\u0437\u043e\u043b\u044f\u0446\u0438\u043e\u043d\u043d\u044b\u0439 \u043b\u0438\u0441\u0442 \u0441\u043b\u0435\u0434\u0443\u0435\u0442 \u043f\u0440\u0438\u043a\u0440\u0435\u043f\u0438\u0442\u044c \u043a \u043d\u0438\u0436\u043d\u0435\u0439 \u0441\u0442\u043e\u0440\u043e\u043d\u0435 \u043f\u043b\u0438\u043d\u0442\u0443\u0441\u0430, \u0447\u0442\u043e\u0431\u044b \u043e\u0431\u0435\u0441\u043f\u0435\u0447\u0438\u0442\u044c \u0432\u043e\u0434\u043e\u043d\u0435\u043f\u0440\u043e\u043d\u0438\u0446\u0430\u0435\u043c\u043e\u0441\u0442\u044c \u043f\u043b\u0438\u043d\u0442\u0443\u0441\u0430. \u0414\u043b\u044f \u0438\u0441\u043f\u043e\u043b\u044c\u0437\u043e\u0432\u0430\u043d\u0438\u044f \u0441 17-\u043c\u0438\u043b\u043b\u0438\u043c\u0435\u0442\u0440\u043e\u0432\u044b\u043c\u0438 \u043f\u043b\u0438\u043d\u0442\u0443\u0441\u0430\u043c\u0438 Quick-Step Scotia.","og_url":"https:\/\/parketasala.lv\/ru\/product\/quick-step-hydroxy-scotia-%d0%b4%d0%bb%d1%8f-%d0%bf%d0%bb%d0%b8%d0%bd%d1%82%d1%83%d1%81%d0%be%d0%b2\/","og_site_name":"Parketa Sala","article_publisher":"https:\/\/www.facebook.com\/parketasala\/","og_image":[{"width":1280,"height":905,"url":"https:\/\/parketasala.lv\/wp-content\/uploads\/2022\/02\/NEHSTRIPSCOT15.jpeg","type":"image\/jpeg"}],"twitter_card":"summary_large_image","schema":{"@context":"https:\/\/schema.org","@graph":[{"@type":"WebPage","@id":"https:\/\/parketasala.lv\/ru\/product\/quick-step-hydroxy-scotia-%d0%b4%d0%bb%d1%8f-%d0%bf%d0%bb%d0%b8%d0%bd%d1%82%d1%83%d1%81%d0%be%d0%b2\/","url":"https:\/\/parketasala.lv\/ru\/product\/quick-step-hydroxy-scotia-%d0%b4%d0%bb%d1%8f-%d0%bf%d0%bb%d0%b8%d0%bd%d1%82%d1%83%d1%81%d0%be%d0%b2\/","name":"Quick-Step Hydroxy Scotia \u0434\u043b\u044f \u043f\u043b\u0438\u043d\u0442\u0443\u0441\u043e\u0432 &#8211; Parketa Sala","isPartOf":{"@id":"https:\/\/parketasala.lv\/ru\/#website"},"primaryImageOfPage":{"@id":"https:\/\/parketasala.lv\/ru\/product\/quick-step-hydroxy-scotia-%d0%b4%d0%bb%d1%8f-%d0%bf%d0%bb%d0%b8%d0%bd%d1%82%d1%83%d1%81%d0%be%d0%b2\/#primaryimage"},"image":{"@id":"https:\/\/parketasala.lv\/ru\/product\/quick-step-hydroxy-scotia-%d0%b4%d0%bb%d1%8f-%d0%bf%d0%bb%d0%b8%d0%bd%d1%82%d1%83%d1%81%d0%be%d0%b2\/#primaryimage"},"thumbnailUrl":"https:\/\/parketasala.lv\/wp-content\/uploads\/2022\/02\/NEHSTRIPSCOT15.jpeg","datePublished":"2022-02-16T09:31:48+00:00","breadcrumb":{"@id":"https:\/\/parketasala.lv\/ru\/product\/quick-step-hydroxy-scotia-%d0%b4%d0%bb%d1%8f-%d0%bf%d0%bb%d0%b8%d0%bd%d1%82%d1%83%d1%81%d0%be%d0%b2\/#breadcrumb"},"inLanguage":"ru-RU","potentialAction":[{"@type":"ReadAction","target":["https:\/\/parketasala.lv\/ru\/product\/quick-step-hydroxy-scotia-%d0%b4%d0%bb%d1%8f-%d0%bf%d0%bb%d0%b8%d0%bd%d1%82%d1%83%d1%81%d0%be%d0%b2\/"]}]},{"@type":"ImageObject","inLanguage":"ru-RU","@id":"https:\/\/parketasala.lv\/ru\/product\/quick-step-hydroxy-scotia-%d0%b4%d0%bb%d1%8f-%d0%bf%d0%bb%d0%b8%d0%bd%d1%82%d1%83%d1%81%d0%be%d0%b2\/#primaryimage","url":"https:\/\/parketasala.lv\/wp-content\/uploads\/2022\/02\/NEHSTRIPSCOT15.jpeg","contentUrl":"https:\/\/parketasala.lv\/wp-content\/uploads\/2022\/02\/NEHSTRIPSCOT15.jpeg","width":1280,"height":905,"caption":"Quick-Step Hidroizol\u0101cijas lenta NEHSTRIPSCOT15"},{"@type":"BreadcrumbList","@id":"https:\/\/parketasala.lv\/ru\/product\/quick-step-hydroxy-scotia-%d0%b4%d0%bb%d1%8f-%d0%bf%d0%bb%d0%b8%d0%bd%d1%82%d1%83%d1%81%d0%be%d0%b2\/#breadcrumb","itemListElement":[{"@type":"ListItem","position":1,"name":"Home","item":"https:\/\/parketasala.lv\/ru\/%d0%b3%d0%bb%d0%b0%d0%b2%d0%bd%d0%b0%d1%8f\/"},{"@type":"ListItem","position":2,"name":"\u041c\u0430\u0433\u0430\u0437\u0438\u043d","item":"https:\/\/parketasala.lv\/ru\/%d0%bc%d0%b0%d0%b3%d0%b0%d0%b7%d0%b8%d0%bd\/"},{"@type":"ListItem","position":3,"name":"Quick-Step Hydroxy Scotia \u0434\u043b\u044f \u043f\u043b\u0438\u043d\u0442\u0443\u0441\u043e\u0432"}]},{"@type":"WebSite","@id":"https:\/\/parketasala.lv\/ru\/#website","url":"https:\/\/parketasala.lv\/ru\/","name":"Parketa Sala","description":"Pla&scaron;s lamin\u0101ta, vinila, parketa un kor\u0137a gr\u012bdu kl\u0101sts","publisher":{"@id":"https:\/\/parketasala.lv\/ru\/#organization"},"potentialAction":[{"@type":"SearchAction","target":{"@type":"EntryPoint","urlTemplate":"https:\/\/parketasala.lv\/ru\/?s={search_term_string}"},"query-input":{"@type":"PropertyValueSpecification","valueRequired":true,"valueName":"search_term_string"}}],"inLanguage":"ru-RU"},{"@type":"Organization","@id":"https:\/\/parketasala.lv\/ru\/#organization","name":"Parketa Sala","url":"https:\/\/parketasala.lv\/ru\/","logo":{"@type":"ImageObject","inLanguage":"ru-RU","@id":"https:\/\/parketasala.lv\/ru\/#\/schema\/logo\/image\/","url":"https:\/\/parketasala.lv\/wp-content\/uploads\/2019\/12\/Logo-x3.png","contentUrl":"https:\/\/parketasala.lv\/wp-content\/uploads\/2019\/12\/Logo-x3.png","width":660,"height":137,"caption":"Parketa Sala"},"image":{"@id":"https:\/\/parketasala.lv\/ru\/#\/schema\/logo\/image\/"},"sameAs":["https:\/\/www.facebook.com\/parketasala\/","https:\/\/www.instagram.com\/parketasala\/"]}]}},"_links":{"self":[{"href":"https:\/\/parketasala.lv\/ru\/wp-json\/wp\/v2\/product\/27693","targetHints":{"allow":["GET"]}}],"collection":[{"href":"https:\/\/parketasala.lv\/ru\/wp-json\/wp\/v2\/product"}],"about":[{"href":"https:\/\/parketasala.lv\/ru\/wp-json\/wp\/v2\/types\/product"}],"wp:featuredmedia":[{"embeddable":true,"href":"https:\/\/parketasala.lv\/ru\/wp-json\/wp\/v2\/media\/7157"}],"wp:attachment":[{"href":"https:\/\/parketasala.lv\/ru\/wp-json\/wp\/v2\/media?parent=27693"}],"wp:term":[{"taxonomy":"product_brand","embeddable":true,"href":"https:\/\/parketasala.lv\/ru\/wp-json\/wp\/v2\/product_brand?post=27693"},{"taxonomy":"product_cat","embeddable":true,"href":"https:\/\/parketasala.lv\/ru\/wp-json\/wp\/v2\/product_cat?post=27693"},{"taxonomy":"product_tag","embeddable":true,"href":"https:\/\/parketasala.lv\/ru\/wp-json\/wp\/v2\/product_tag?post=27693"}],"curies":[{"name":"wp","href":"https:\/\/api.w.org\/{rel}","templated":true}]}}