{"id":27316,"date":"2021-03-23T13:45:03","date_gmt":"2021-03-23T13:45:03","guid":{"rendered":"https:\/\/parketasala.lv\/product\/quick-step-%d0%ba%d1%80%d1%8b%d1%88%d0%ba%d0%b0-%d1%80%d0%b0%d0%b4%d0%b8%d0%b0%d1%82%d0%be%d1%80%d0%b0-%d0%bd%d0%b5%d1%80%d0%b6%d0%b0%d0%b2%d0%b5%d1%8e%d1%89%d0%b0%d1%8f-%d1%81%d1%82%d0%b0%d0%bb\/"},"modified":"2021-03-23T13:45:03","modified_gmt":"2021-03-23T13:45:03","slug":"quick-step-%d0%ba%d1%80%d1%8b%d1%88%d0%ba%d0%b0-%d1%80%d0%b0%d0%b4%d0%b8%d0%b0%d1%82%d0%be%d1%80%d0%b0-%d0%bd%d0%b5%d1%80%d0%b6%d0%b0%d0%b2%d0%b5%d1%8e%d1%89%d0%b0%d1%8f-%d1%81%d1%82%d0%b0%d0%bb","status":"publish","type":"product","link":"https:\/\/parketasala.lv\/ru\/product\/quick-step-%d0%ba%d1%80%d1%8b%d1%88%d0%ba%d0%b0-%d1%80%d0%b0%d0%b4%d0%b8%d0%b0%d1%82%d0%be%d1%80%d0%b0-%d0%bd%d0%b5%d1%80%d0%b6%d0%b0%d0%b2%d0%b5%d1%8e%d1%89%d0%b0%d1%8f-%d1%81%d1%82%d0%b0%d0%bb\/","title":{"rendered":"Quick-Step \u041a\u0440\u044b\u0448\u043a\u0430 \u0440\u0430\u0434\u0438\u0430\u0442\u043e\u0440\u0430, \u043d\u0435\u0440\u0436\u0430\u0432\u0435\u044e\u0449\u0430\u044f \u0441\u0442\u0430\u043b\u044c (\u0434\u0438\u0430\u043c. 15 \u043c\u043c)"},"content":{"rendered":"<p>\u042d\u0442\u0430 \u043a\u0440\u044b\u0448\u043a\u0430 \u0438\u0437 \u043d\u0435\u0440\u0436\u0430\u0432\u0435\u044e\u0449\u0435\u0439 \u0441\u0442\u0430\u043b\u0438 \u043f\u0440\u0438\u0434\u0430\u0441\u0442 \u044d\u043b\u0435\u0433\u0430\u043d\u0442\u043d\u044b\u0439 \u0432\u0438\u0434 \u0441\u0442\u044b\u043a\u0430\u043c \u0432\u043e\u043a\u0440\u0443\u0433 \u043d\u0430\u0433\u0440\u0435\u0432\u0430\u0442\u0435\u043b\u044c\u043d\u044b\u0445 \u044d\u043b\u0435\u043c\u0435\u043d\u0442\u043e\u0432 \u0438 \u0442\u0440\u0443\u0431.<\/p>\n<p>2 \u043a\u0440\u044b\u0448\u043a\u0438 \u0432 \u043a\u043e\u043c\u043f\u043b\u0435\u043a\u0442\u0435.<\/p>\n","protected":false},"excerpt":{"rendered":"<p>\u042d\u0442\u0430 \u043a\u0440\u044b\u0448\u043a\u0430 \u0438\u0437 \u043d\u0435\u0440\u0436\u0430\u0432\u0435\u044e\u0449\u0435\u0439 \u0441\u0442\u0430\u043b\u0438 \u043f\u0440\u0438\u0434\u0430\u0441\u0442 \u044d\u043b\u0435\u0433\u0430\u043d\u0442\u043d\u044b\u0439 \u0432\u0438\u0434 \u0441\u0442\u044b\u043a\u0430\u043c \u0432\u043e\u043a\u0440\u0443\u0433 \u043d\u0430\u0433\u0440\u0435\u0432\u0430\u0442\u0435\u043b\u044c\u043d\u044b\u0445 \u044d\u043b\u0435\u043c\u0435\u043d\u0442\u043e\u0432 \u0438 \u0442\u0440\u0443\u0431. 2 \u043a\u0440\u044b\u0448\u043a\u0438 \u0432 \u043a\u043e\u043c\u043f\u043b\u0435\u043a\u0442\u0435.<\/p>\n","protected":false},"featured_media":5450,"template":"","meta":{"_acf_changed":false},"product_brand":[],"product_cat":[711,822],"product_tag":[],"class_list":{"0":"post-27316","1":"product","2":"type-product","3":"status-publish","4":"has-post-thumbnail","6":"product_cat-711","7":"product_cat-822","9":"first","10":"onbackorder","11":"taxable","12":"shipping-taxable","13":"purchasable","14":"product-type-simple"},"acf":[],"yoast_head":"<!-- This site is optimized with the Yoast SEO plugin v27.3 - https:\/\/yoast.com\/product\/yoast-seo-wordpress\/ -->\n<title>Quick-Step \u041a\u0440\u044b\u0448\u043a\u0430 \u0440\u0430\u0434\u0438\u0430\u0442\u043e\u0440\u0430, \u043d\u0435\u0440\u0436\u0430\u0432\u0435\u044e\u0449\u0430\u044f \u0441\u0442\u0430\u043b\u044c (\u0434\u0438\u0430\u043c. 15 \u043c\u043c) &#8211; Parketa Sala<\/title>\n<meta name=\"robots\" content=\"index,follow\" \/>\n<link rel=\"canonical\" href=\"https:\/\/parketasala.lv\/ru\/product\/quick-step-%d0%ba%d1%80%d1%8b%d1%88%d0%ba%d0%b0-%d1%80%d0%b0%d0%b4%d0%b8%d0%b0%d1%82%d0%be%d1%80%d0%b0-%d0%bd%d0%b5%d1%80%d0%b6%d0%b0%d0%b2%d0%b5%d1%8e%d1%89%d0%b0%d1%8f-%d1%81%d1%82%d0%b0%d0%bb\/\" \/>\n<meta property=\"og:locale\" content=\"ru_RU\" \/>\n<meta property=\"og:type\" content=\"article\" \/>\n<meta property=\"og:title\" content=\"Quick-Step \u041a\u0440\u044b\u0448\u043a\u0430 \u0440\u0430\u0434\u0438\u0430\u0442\u043e\u0440\u0430, \u043d\u0435\u0440\u0436\u0430\u0432\u0435\u044e\u0449\u0430\u044f \u0441\u0442\u0430\u043b\u044c (\u0434\u0438\u0430\u043c. 15 \u043c\u043c) &#8211; Parketa Sala\" \/>\n<meta property=\"og:description\" content=\"\u042d\u0442\u0430 \u043a\u0440\u044b\u0448\u043a\u0430 \u0438\u0437 \u043d\u0435\u0440\u0436\u0430\u0432\u0435\u044e\u0449\u0435\u0439 \u0441\u0442\u0430\u043b\u0438 \u043f\u0440\u0438\u0434\u0430\u0441\u0442 \u044d\u043b\u0435\u0433\u0430\u043d\u0442\u043d\u044b\u0439 \u0432\u0438\u0434 \u0441\u0442\u044b\u043a\u0430\u043c \u0432\u043e\u043a\u0440\u0443\u0433 \u043d\u0430\u0433\u0440\u0435\u0432\u0430\u0442\u0435\u043b\u044c\u043d\u044b\u0445 \u044d\u043b\u0435\u043c\u0435\u043d\u0442\u043e\u0432 \u0438 \u0442\u0440\u0443\u0431. 2 \u043a\u0440\u044b\u0448\u043a\u0438 \u0432 \u043a\u043e\u043c\u043f\u043b\u0435\u043a\u0442\u0435.\" \/>\n<meta property=\"og:url\" content=\"https:\/\/parketasala.lv\/ru\/product\/quick-step-%d0%ba%d1%80%d1%8b%d1%88%d0%ba%d0%b0-%d1%80%d0%b0%d0%b4%d0%b8%d0%b0%d1%82%d0%be%d1%80%d0%b0-%d0%bd%d0%b5%d1%80%d0%b6%d0%b0%d0%b2%d0%b5%d1%8e%d1%89%d0%b0%d1%8f-%d1%81%d1%82%d0%b0%d0%bb\/\" \/>\n<meta property=\"og:site_name\" content=\"Parketa Sala\" \/>\n<meta property=\"article:publisher\" content=\"https:\/\/www.facebook.com\/parketasala\/\" \/>\n<meta property=\"og:image\" content=\"https:\/\/parketasala.lv\/wp-content\/uploads\/2021\/03\/QSRCINOX22_Radiatorcover03-scaled.jpg\" \/>\n\t<meta property=\"og:image:width\" content=\"2560\" \/>\n\t<meta property=\"og:image:height\" content=\"1707\" \/>\n\t<meta property=\"og:image:type\" content=\"image\/jpeg\" \/>\n<meta name=\"twitter:card\" content=\"summary_large_image\" \/>\n<script type=\"application\/ld+json\" class=\"yoast-schema-graph\">{\"@context\":\"https:\\\/\\\/schema.org\",\"@graph\":[{\"@type\":\"WebPage\",\"@id\":\"https:\\\/\\\/parketasala.lv\\\/ru\\\/product\\\/quick-step-%d0%ba%d1%80%d1%8b%d1%88%d0%ba%d0%b0-%d1%80%d0%b0%d0%b4%d0%b8%d0%b0%d1%82%d0%be%d1%80%d0%b0-%d0%bd%d0%b5%d1%80%d0%b6%d0%b0%d0%b2%d0%b5%d1%8e%d1%89%d0%b0%d1%8f-%d1%81%d1%82%d0%b0%d0%bb\\\/\",\"url\":\"https:\\\/\\\/parketasala.lv\\\/ru\\\/product\\\/quick-step-%d0%ba%d1%80%d1%8b%d1%88%d0%ba%d0%b0-%d1%80%d0%b0%d0%b4%d0%b8%d0%b0%d1%82%d0%be%d1%80%d0%b0-%d0%bd%d0%b5%d1%80%d0%b6%d0%b0%d0%b2%d0%b5%d1%8e%d1%89%d0%b0%d1%8f-%d1%81%d1%82%d0%b0%d0%bb\\\/\",\"name\":\"Quick-Step \u041a\u0440\u044b\u0448\u043a\u0430 \u0440\u0430\u0434\u0438\u0430\u0442\u043e\u0440\u0430, \u043d\u0435\u0440\u0436\u0430\u0432\u0435\u044e\u0449\u0430\u044f \u0441\u0442\u0430\u043b\u044c (\u0434\u0438\u0430\u043c. 15 \u043c\u043c) &#8211; Parketa Sala\",\"isPartOf\":{\"@id\":\"https:\\\/\\\/parketasala.lv\\\/ru\\\/#website\"},\"primaryImageOfPage\":{\"@id\":\"https:\\\/\\\/parketasala.lv\\\/ru\\\/product\\\/quick-step-%d0%ba%d1%80%d1%8b%d1%88%d0%ba%d0%b0-%d1%80%d0%b0%d0%b4%d0%b8%d0%b0%d1%82%d0%be%d1%80%d0%b0-%d0%bd%d0%b5%d1%80%d0%b6%d0%b0%d0%b2%d0%b5%d1%8e%d1%89%d0%b0%d1%8f-%d1%81%d1%82%d0%b0%d0%bb\\\/#primaryimage\"},\"image\":{\"@id\":\"https:\\\/\\\/parketasala.lv\\\/ru\\\/product\\\/quick-step-%d0%ba%d1%80%d1%8b%d1%88%d0%ba%d0%b0-%d1%80%d0%b0%d0%b4%d0%b8%d0%b0%d1%82%d0%be%d1%80%d0%b0-%d0%bd%d0%b5%d1%80%d0%b6%d0%b0%d0%b2%d0%b5%d1%8e%d1%89%d0%b0%d1%8f-%d1%81%d1%82%d0%b0%d0%bb\\\/#primaryimage\"},\"thumbnailUrl\":\"https:\\\/\\\/parketasala.lv\\\/wp-content\\\/uploads\\\/2021\\\/03\\\/QSRCINOX22_Radiatorcover03-scaled.jpg\",\"datePublished\":\"2021-03-23T13:45:03+00:00\",\"breadcrumb\":{\"@id\":\"https:\\\/\\\/parketasala.lv\\\/ru\\\/product\\\/quick-step-%d0%ba%d1%80%d1%8b%d1%88%d0%ba%d0%b0-%d1%80%d0%b0%d0%b4%d0%b8%d0%b0%d1%82%d0%be%d1%80%d0%b0-%d0%bd%d0%b5%d1%80%d0%b6%d0%b0%d0%b2%d0%b5%d1%8e%d1%89%d0%b0%d1%8f-%d1%81%d1%82%d0%b0%d0%bb\\\/#breadcrumb\"},\"inLanguage\":\"ru-RU\",\"potentialAction\":[{\"@type\":\"ReadAction\",\"target\":[\"https:\\\/\\\/parketasala.lv\\\/ru\\\/product\\\/quick-step-%d0%ba%d1%80%d1%8b%d1%88%d0%ba%d0%b0-%d1%80%d0%b0%d0%b4%d0%b8%d0%b0%d1%82%d0%be%d1%80%d0%b0-%d0%bd%d0%b5%d1%80%d0%b6%d0%b0%d0%b2%d0%b5%d1%8e%d1%89%d0%b0%d1%8f-%d1%81%d1%82%d0%b0%d0%bb\\\/\"]}]},{\"@type\":\"ImageObject\",\"inLanguage\":\"ru-RU\",\"@id\":\"https:\\\/\\\/parketasala.lv\\\/ru\\\/product\\\/quick-step-%d0%ba%d1%80%d1%8b%d1%88%d0%ba%d0%b0-%d1%80%d0%b0%d0%b4%d0%b8%d0%b0%d1%82%d0%be%d1%80%d0%b0-%d0%bd%d0%b5%d1%80%d0%b6%d0%b0%d0%b2%d0%b5%d1%8e%d1%89%d0%b0%d1%8f-%d1%81%d1%82%d0%b0%d0%bb\\\/#primaryimage\",\"url\":\"https:\\\/\\\/parketasala.lv\\\/wp-content\\\/uploads\\\/2021\\\/03\\\/QSRCINOX22_Radiatorcover03-scaled.jpg\",\"contentUrl\":\"https:\\\/\\\/parketasala.lv\\\/wp-content\\\/uploads\\\/2021\\\/03\\\/QSRCINOX22_Radiatorcover03-scaled.jpg\",\"width\":2560,\"height\":1707,\"caption\":\"Quick-Step Radiatoru p\u0101rsegs QSRCINOX22 (diam. 22 mm)\"},{\"@type\":\"BreadcrumbList\",\"@id\":\"https:\\\/\\\/parketasala.lv\\\/ru\\\/product\\\/quick-step-%d0%ba%d1%80%d1%8b%d1%88%d0%ba%d0%b0-%d1%80%d0%b0%d0%b4%d0%b8%d0%b0%d1%82%d0%be%d1%80%d0%b0-%d0%bd%d0%b5%d1%80%d0%b6%d0%b0%d0%b2%d0%b5%d1%8e%d1%89%d0%b0%d1%8f-%d1%81%d1%82%d0%b0%d0%bb\\\/#breadcrumb\",\"itemListElement\":[{\"@type\":\"ListItem\",\"position\":1,\"name\":\"Home\",\"item\":\"https:\\\/\\\/parketasala.lv\\\/ru\\\/%d0%b3%d0%bb%d0%b0%d0%b2%d0%bd%d0%b0%d1%8f\\\/\"},{\"@type\":\"ListItem\",\"position\":2,\"name\":\"\u041c\u0430\u0433\u0430\u0437\u0438\u043d\",\"item\":\"https:\\\/\\\/parketasala.lv\\\/ru\\\/%d0%bc%d0%b0%d0%b3%d0%b0%d0%b7%d0%b8%d0%bd\\\/\"},{\"@type\":\"ListItem\",\"position\":3,\"name\":\"Quick-Step \u041a\u0440\u044b\u0448\u043a\u0430 \u0440\u0430\u0434\u0438\u0430\u0442\u043e\u0440\u0430, \u043d\u0435\u0440\u0436\u0430\u0432\u0435\u044e\u0449\u0430\u044f \u0441\u0442\u0430\u043b\u044c (\u0434\u0438\u0430\u043c. 15 \u043c\u043c)\"}]},{\"@type\":\"WebSite\",\"@id\":\"https:\\\/\\\/parketasala.lv\\\/ru\\\/#website\",\"url\":\"https:\\\/\\\/parketasala.lv\\\/ru\\\/\",\"name\":\"Parketa Sala\",\"description\":\"Pla&scaron;s lamin\u0101ta, vinila, parketa un kor\u0137a gr\u012bdu kl\u0101sts\",\"publisher\":{\"@id\":\"https:\\\/\\\/parketasala.lv\\\/ru\\\/#organization\"},\"potentialAction\":[{\"@type\":\"SearchAction\",\"target\":{\"@type\":\"EntryPoint\",\"urlTemplate\":\"https:\\\/\\\/parketasala.lv\\\/ru\\\/?s={search_term_string}\"},\"query-input\":{\"@type\":\"PropertyValueSpecification\",\"valueRequired\":true,\"valueName\":\"search_term_string\"}}],\"inLanguage\":\"ru-RU\"},{\"@type\":\"Organization\",\"@id\":\"https:\\\/\\\/parketasala.lv\\\/ru\\\/#organization\",\"name\":\"Parketa Sala\",\"url\":\"https:\\\/\\\/parketasala.lv\\\/ru\\\/\",\"logo\":{\"@type\":\"ImageObject\",\"inLanguage\":\"ru-RU\",\"@id\":\"https:\\\/\\\/parketasala.lv\\\/ru\\\/#\\\/schema\\\/logo\\\/image\\\/\",\"url\":\"https:\\\/\\\/parketasala.lv\\\/wp-content\\\/uploads\\\/2019\\\/12\\\/Logo-x3.png\",\"contentUrl\":\"https:\\\/\\\/parketasala.lv\\\/wp-content\\\/uploads\\\/2019\\\/12\\\/Logo-x3.png\",\"width\":660,\"height\":137,\"caption\":\"Parketa Sala\"},\"image\":{\"@id\":\"https:\\\/\\\/parketasala.lv\\\/ru\\\/#\\\/schema\\\/logo\\\/image\\\/\"},\"sameAs\":[\"https:\\\/\\\/www.facebook.com\\\/parketasala\\\/\",\"https:\\\/\\\/www.instagram.com\\\/parketasala\\\/\"]}]}<\/script>\n<!-- \/ Yoast SEO plugin. -->","yoast_head_json":{"title":"Quick-Step \u041a\u0440\u044b\u0448\u043a\u0430 \u0440\u0430\u0434\u0438\u0430\u0442\u043e\u0440\u0430, \u043d\u0435\u0440\u0436\u0430\u0432\u0435\u044e\u0449\u0430\u044f \u0441\u0442\u0430\u043b\u044c (\u0434\u0438\u0430\u043c. 15 \u043c\u043c) &#8211; Parketa Sala","robots":{"index,follow":"index,follow"},"canonical":"https:\/\/parketasala.lv\/ru\/product\/quick-step-%d0%ba%d1%80%d1%8b%d1%88%d0%ba%d0%b0-%d1%80%d0%b0%d0%b4%d0%b8%d0%b0%d1%82%d0%be%d1%80%d0%b0-%d0%bd%d0%b5%d1%80%d0%b6%d0%b0%d0%b2%d0%b5%d1%8e%d1%89%d0%b0%d1%8f-%d1%81%d1%82%d0%b0%d0%bb\/","og_locale":"ru_RU","og_type":"article","og_title":"Quick-Step \u041a\u0440\u044b\u0448\u043a\u0430 \u0440\u0430\u0434\u0438\u0430\u0442\u043e\u0440\u0430, \u043d\u0435\u0440\u0436\u0430\u0432\u0435\u044e\u0449\u0430\u044f \u0441\u0442\u0430\u043b\u044c (\u0434\u0438\u0430\u043c. 15 \u043c\u043c) &#8211; Parketa Sala","og_description":"\u042d\u0442\u0430 \u043a\u0440\u044b\u0448\u043a\u0430 \u0438\u0437 \u043d\u0435\u0440\u0436\u0430\u0432\u0435\u044e\u0449\u0435\u0439 \u0441\u0442\u0430\u043b\u0438 \u043f\u0440\u0438\u0434\u0430\u0441\u0442 \u044d\u043b\u0435\u0433\u0430\u043d\u0442\u043d\u044b\u0439 \u0432\u0438\u0434 \u0441\u0442\u044b\u043a\u0430\u043c \u0432\u043e\u043a\u0440\u0443\u0433 \u043d\u0430\u0433\u0440\u0435\u0432\u0430\u0442\u0435\u043b\u044c\u043d\u044b\u0445 \u044d\u043b\u0435\u043c\u0435\u043d\u0442\u043e\u0432 \u0438 \u0442\u0440\u0443\u0431. 2 \u043a\u0440\u044b\u0448\u043a\u0438 \u0432 \u043a\u043e\u043c\u043f\u043b\u0435\u043a\u0442\u0435.","og_url":"https:\/\/parketasala.lv\/ru\/product\/quick-step-%d0%ba%d1%80%d1%8b%d1%88%d0%ba%d0%b0-%d1%80%d0%b0%d0%b4%d0%b8%d0%b0%d1%82%d0%be%d1%80%d0%b0-%d0%bd%d0%b5%d1%80%d0%b6%d0%b0%d0%b2%d0%b5%d1%8e%d1%89%d0%b0%d1%8f-%d1%81%d1%82%d0%b0%d0%bb\/","og_site_name":"Parketa Sala","article_publisher":"https:\/\/www.facebook.com\/parketasala\/","og_image":[{"width":2560,"height":1707,"url":"https:\/\/parketasala.lv\/wp-content\/uploads\/2021\/03\/QSRCINOX22_Radiatorcover03-scaled.jpg","type":"image\/jpeg"}],"twitter_card":"summary_large_image","schema":{"@context":"https:\/\/schema.org","@graph":[{"@type":"WebPage","@id":"https:\/\/parketasala.lv\/ru\/product\/quick-step-%d0%ba%d1%80%d1%8b%d1%88%d0%ba%d0%b0-%d1%80%d0%b0%d0%b4%d0%b8%d0%b0%d1%82%d0%be%d1%80%d0%b0-%d0%bd%d0%b5%d1%80%d0%b6%d0%b0%d0%b2%d0%b5%d1%8e%d1%89%d0%b0%d1%8f-%d1%81%d1%82%d0%b0%d0%bb\/","url":"https:\/\/parketasala.lv\/ru\/product\/quick-step-%d0%ba%d1%80%d1%8b%d1%88%d0%ba%d0%b0-%d1%80%d0%b0%d0%b4%d0%b8%d0%b0%d1%82%d0%be%d1%80%d0%b0-%d0%bd%d0%b5%d1%80%d0%b6%d0%b0%d0%b2%d0%b5%d1%8e%d1%89%d0%b0%d1%8f-%d1%81%d1%82%d0%b0%d0%bb\/","name":"Quick-Step \u041a\u0440\u044b\u0448\u043a\u0430 \u0440\u0430\u0434\u0438\u0430\u0442\u043e\u0440\u0430, \u043d\u0435\u0440\u0436\u0430\u0432\u0435\u044e\u0449\u0430\u044f \u0441\u0442\u0430\u043b\u044c (\u0434\u0438\u0430\u043c. 15 \u043c\u043c) &#8211; Parketa Sala","isPartOf":{"@id":"https:\/\/parketasala.lv\/ru\/#website"},"primaryImageOfPage":{"@id":"https:\/\/parketasala.lv\/ru\/product\/quick-step-%d0%ba%d1%80%d1%8b%d1%88%d0%ba%d0%b0-%d1%80%d0%b0%d0%b4%d0%b8%d0%b0%d1%82%d0%be%d1%80%d0%b0-%d0%bd%d0%b5%d1%80%d0%b6%d0%b0%d0%b2%d0%b5%d1%8e%d1%89%d0%b0%d1%8f-%d1%81%d1%82%d0%b0%d0%bb\/#primaryimage"},"image":{"@id":"https:\/\/parketasala.lv\/ru\/product\/quick-step-%d0%ba%d1%80%d1%8b%d1%88%d0%ba%d0%b0-%d1%80%d0%b0%d0%b4%d0%b8%d0%b0%d1%82%d0%be%d1%80%d0%b0-%d0%bd%d0%b5%d1%80%d0%b6%d0%b0%d0%b2%d0%b5%d1%8e%d1%89%d0%b0%d1%8f-%d1%81%d1%82%d0%b0%d0%bb\/#primaryimage"},"thumbnailUrl":"https:\/\/parketasala.lv\/wp-content\/uploads\/2021\/03\/QSRCINOX22_Radiatorcover03-scaled.jpg","datePublished":"2021-03-23T13:45:03+00:00","breadcrumb":{"@id":"https:\/\/parketasala.lv\/ru\/product\/quick-step-%d0%ba%d1%80%d1%8b%d1%88%d0%ba%d0%b0-%d1%80%d0%b0%d0%b4%d0%b8%d0%b0%d1%82%d0%be%d1%80%d0%b0-%d0%bd%d0%b5%d1%80%d0%b6%d0%b0%d0%b2%d0%b5%d1%8e%d1%89%d0%b0%d1%8f-%d1%81%d1%82%d0%b0%d0%bb\/#breadcrumb"},"inLanguage":"ru-RU","potentialAction":[{"@type":"ReadAction","target":["https:\/\/parketasala.lv\/ru\/product\/quick-step-%d0%ba%d1%80%d1%8b%d1%88%d0%ba%d0%b0-%d1%80%d0%b0%d0%b4%d0%b8%d0%b0%d1%82%d0%be%d1%80%d0%b0-%d0%bd%d0%b5%d1%80%d0%b6%d0%b0%d0%b2%d0%b5%d1%8e%d1%89%d0%b0%d1%8f-%d1%81%d1%82%d0%b0%d0%bb\/"]}]},{"@type":"ImageObject","inLanguage":"ru-RU","@id":"https:\/\/parketasala.lv\/ru\/product\/quick-step-%d0%ba%d1%80%d1%8b%d1%88%d0%ba%d0%b0-%d1%80%d0%b0%d0%b4%d0%b8%d0%b0%d1%82%d0%be%d1%80%d0%b0-%d0%bd%d0%b5%d1%80%d0%b6%d0%b0%d0%b2%d0%b5%d1%8e%d1%89%d0%b0%d1%8f-%d1%81%d1%82%d0%b0%d0%bb\/#primaryimage","url":"https:\/\/parketasala.lv\/wp-content\/uploads\/2021\/03\/QSRCINOX22_Radiatorcover03-scaled.jpg","contentUrl":"https:\/\/parketasala.lv\/wp-content\/uploads\/2021\/03\/QSRCINOX22_Radiatorcover03-scaled.jpg","width":2560,"height":1707,"caption":"Quick-Step Radiatoru p\u0101rsegs QSRCINOX22 (diam. 22 mm)"},{"@type":"BreadcrumbList","@id":"https:\/\/parketasala.lv\/ru\/product\/quick-step-%d0%ba%d1%80%d1%8b%d1%88%d0%ba%d0%b0-%d1%80%d0%b0%d0%b4%d0%b8%d0%b0%d1%82%d0%be%d1%80%d0%b0-%d0%bd%d0%b5%d1%80%d0%b6%d0%b0%d0%b2%d0%b5%d1%8e%d1%89%d0%b0%d1%8f-%d1%81%d1%82%d0%b0%d0%bb\/#breadcrumb","itemListElement":[{"@type":"ListItem","position":1,"name":"Home","item":"https:\/\/parketasala.lv\/ru\/%d0%b3%d0%bb%d0%b0%d0%b2%d0%bd%d0%b0%d1%8f\/"},{"@type":"ListItem","position":2,"name":"\u041c\u0430\u0433\u0430\u0437\u0438\u043d","item":"https:\/\/parketasala.lv\/ru\/%d0%bc%d0%b0%d0%b3%d0%b0%d0%b7%d0%b8%d0%bd\/"},{"@type":"ListItem","position":3,"name":"Quick-Step \u041a\u0440\u044b\u0448\u043a\u0430 \u0440\u0430\u0434\u0438\u0430\u0442\u043e\u0440\u0430, \u043d\u0435\u0440\u0436\u0430\u0432\u0435\u044e\u0449\u0430\u044f \u0441\u0442\u0430\u043b\u044c (\u0434\u0438\u0430\u043c. 15 \u043c\u043c)"}]},{"@type":"WebSite","@id":"https:\/\/parketasala.lv\/ru\/#website","url":"https:\/\/parketasala.lv\/ru\/","name":"Parketa Sala","description":"Pla&scaron;s lamin\u0101ta, vinila, parketa un kor\u0137a gr\u012bdu kl\u0101sts","publisher":{"@id":"https:\/\/parketasala.lv\/ru\/#organization"},"potentialAction":[{"@type":"SearchAction","target":{"@type":"EntryPoint","urlTemplate":"https:\/\/parketasala.lv\/ru\/?s={search_term_string}"},"query-input":{"@type":"PropertyValueSpecification","valueRequired":true,"valueName":"search_term_string"}}],"inLanguage":"ru-RU"},{"@type":"Organization","@id":"https:\/\/parketasala.lv\/ru\/#organization","name":"Parketa Sala","url":"https:\/\/parketasala.lv\/ru\/","logo":{"@type":"ImageObject","inLanguage":"ru-RU","@id":"https:\/\/parketasala.lv\/ru\/#\/schema\/logo\/image\/","url":"https:\/\/parketasala.lv\/wp-content\/uploads\/2019\/12\/Logo-x3.png","contentUrl":"https:\/\/parketasala.lv\/wp-content\/uploads\/2019\/12\/Logo-x3.png","width":660,"height":137,"caption":"Parketa Sala"},"image":{"@id":"https:\/\/parketasala.lv\/ru\/#\/schema\/logo\/image\/"},"sameAs":["https:\/\/www.facebook.com\/parketasala\/","https:\/\/www.instagram.com\/parketasala\/"]}]}},"_links":{"self":[{"href":"https:\/\/parketasala.lv\/ru\/wp-json\/wp\/v2\/product\/27316","targetHints":{"allow":["GET"]}}],"collection":[{"href":"https:\/\/parketasala.lv\/ru\/wp-json\/wp\/v2\/product"}],"about":[{"href":"https:\/\/parketasala.lv\/ru\/wp-json\/wp\/v2\/types\/product"}],"wp:featuredmedia":[{"embeddable":true,"href":"https:\/\/parketasala.lv\/ru\/wp-json\/wp\/v2\/media\/5450"}],"wp:attachment":[{"href":"https:\/\/parketasala.lv\/ru\/wp-json\/wp\/v2\/media?parent=27316"}],"wp:term":[{"taxonomy":"product_brand","embeddable":true,"href":"https:\/\/parketasala.lv\/ru\/wp-json\/wp\/v2\/product_brand?post=27316"},{"taxonomy":"product_cat","embeddable":true,"href":"https:\/\/parketasala.lv\/ru\/wp-json\/wp\/v2\/product_cat?post=27316"},{"taxonomy":"product_tag","embeddable":true,"href":"https:\/\/parketasala.lv\/ru\/wp-json\/wp\/v2\/product_tag?post=27316"}],"curies":[{"name":"wp","href":"https:\/\/api.w.org\/{rel}","templated":true}]}}