{"id":26184,"date":"2020-03-23T13:37:36","date_gmt":"2020-03-23T13:37:36","guid":{"rendered":"https:\/\/parketasala.lv\/product\/%d0%b0%d0%bb%d1%8e%d0%bc%d0%b8%d0%bd%d0%b8%d0%b5%d0%b2%d1%8b%d0%b9-%d0%bf%d0%be%d0%b4%d0%bf%d1%80%d0%be%d1%84%d0%b8%d0%bb%d1%8c-quick-step-incizo-%d0%b4%d0%bb%d1%8f-%d0%bb%d0%b5%d1%81%d1%82%d0%bd\/"},"modified":"2020-03-23T13:37:36","modified_gmt":"2020-03-23T13:37:36","slug":"%d0%b0%d0%bb%d1%8e%d0%bc%d0%b8%d0%bd%d0%b8%d0%b5%d0%b2%d1%8b%d0%b9-%d0%bf%d0%be%d0%b4%d0%bf%d1%80%d0%be%d1%84%d0%b8%d0%bb%d1%8c-quick-step-incizo-%d0%b4%d0%bb%d1%8f-%d0%bb%d0%b5%d1%81%d1%82%d0%bd","status":"publish","type":"product","link":"https:\/\/parketasala.lv\/ru\/product\/%d0%b0%d0%bb%d1%8e%d0%bc%d0%b8%d0%bd%d0%b8%d0%b5%d0%b2%d1%8b%d0%b9-%d0%bf%d0%be%d0%b4%d0%bf%d1%80%d0%be%d1%84%d0%b8%d0%bb%d1%8c-quick-step-incizo-%d0%b4%d0%bb%d1%8f-%d0%bb%d0%b5%d1%81%d1%82%d0%bd\/","title":{"rendered":"\u0410\u043b\u044e\u043c\u0438\u043d\u0438\u0435\u0432\u044b\u0439 \u043f\u043e\u0434\u043f\u0440\u043e\u0444\u0438\u043b\u044c Quick-Step Incizo \u0434\u043b\u044f \u043b\u0435\u0441\u0442\u043d\u0438\u0446 (\u0432\u0438\u043d\u0438\u043b)"},"content":{"rendered":"<p>\u0410\u043b\u044e\u043c\u0438\u043d\u0438\u0435\u0432\u044b\u0439 \u043f\u043e\u0434\u043f\u0440\u043e\u0444\u0438\u043b\u044c \u0434\u043b\u044f \u043b\u0435\u0441\u0442\u043d\u0438\u0446 Quick-Step Incizo \u043f\u043e\u0437\u0432\u043e\u043b\u0438\u0442 \u0412\u0430\u043c \u0441\u043e\u0437\u0434\u0430\u0442\u044c \u043b\u0435\u0441\u0442\u043d\u0438\u0446\u0443, \u043a\u043e\u0442\u043e\u0440\u0430\u044f \u0438\u0434\u0435\u0430\u043b\u044c\u043d\u043e \u0432\u043f\u0438\u0448\u0435\u0442\u0441\u044f \u0432 \u0412\u0430\u0448 \u0438\u043d\u0442\u0435\u0440\u044c\u0435\u0440.<\/p>\n<p>\u041f\u043e\u0434\u043b\u043e\u0436\u043a\u0430 \u043f\u0440\u0435\u0434\u043d\u0430\u0437\u043d\u0430\u0447\u0435\u043d\u0430 \u0434\u043b\u044f \u0432\u0438\u043d\u0438\u043b\u043e\u0432\u044b\u0445 \u043f\u043e\u043b\u043e\u0432. \u0421\u043e\u0432\u043c\u0435\u0441\u0442\u0438\u043c \u0441 \u0432\u0438\u043d\u0438\u043b\u043e\u0432\u044b\u043c\u0438 \u043f\u043e\u0440\u043e\u0433\u0430\u043c\u0438 QSVINCP(-) incizo <\/p>\n<p>\u041f\u043e\u0434\u0445\u043e\u0434\u0438\u0442 \u0442\u043e\u043b\u044c\u043a\u043e \u0434\u043b\u044f \u0432\u0438\u043d\u0438\u043b\u0430:<\/p>\n<ul>\n<li>\u0441\u043e\u0435\u0434\u0438\u043d\u0435\u043d\u0438\u0435 \u043a\u043b\u0438\u043a\u0430 (4,5 \u043c\u043c)<\/li>\n<li>\u0416\u0435\u0441\u0442\u043a\u0438\u0439 (5 \u043c\u043c) \u0434\u043b\u044f \u0432\u0438\u043d\u0438\u043b\u043e\u0432\u044b\u0445 \u043f\u043e\u043b\u043e\u0432<\/li>\n<\/ul>\n<p>&nbsp;<\/p>\n<p>&nbsp;<\/p>\n","protected":false},"excerpt":{"rendered":"<p>\u0410\u043b\u044e\u043c\u0438\u043d\u0438\u0435\u0432\u044b\u0439 \u043f\u043e\u0434\u043f\u0440\u043e\u0444\u0438\u043b\u044c \u0434\u043b\u044f \u043b\u0435\u0441\u0442\u043d\u0438\u0446 Quick-Step Incizo \u043f\u043e\u0437\u0432\u043e\u043b\u0438\u0442 \u0412\u0430\u043c \u0441\u043e\u0437\u0434\u0430\u0442\u044c \u043b\u0435\u0441\u0442\u043d\u0438\u0446\u0443, \u043a\u043e\u0442\u043e\u0440\u0430\u044f \u0438\u0434\u0435\u0430\u043b\u044c\u043d\u043e \u0432\u043f\u0438\u0448\u0435\u0442\u0441\u044f \u0432 \u0412\u0430\u0448 \u0438\u043d\u0442\u0435\u0440\u044c\u0435\u0440. \u041f\u043e\u0434\u043b\u043e\u0436\u043a\u0430 \u043f\u0440\u0435\u0434\u043d\u0430\u0437\u043d\u0430\u0447\u0435\u043d\u0430 \u0434\u043b\u044f \u0432\u0438\u043d\u0438\u043b\u043e\u0432\u044b\u0445 \u043f\u043e\u043b\u043e\u0432. \u0421\u043e\u0432\u043c\u0435\u0441\u0442\u0438\u043c \u0441 \u0432\u0438\u043d\u0438\u043b\u043e\u0432\u044b\u043c\u0438 \u043f\u043e\u0440\u043e\u0433\u0430\u043c\u0438 QSVINCP(-) incizo \u041f\u043e\u0434\u0445\u043e\u0434\u0438\u0442 \u0442\u043e\u043b\u044c\u043a\u043e \u0434\u043b\u044f \u0432\u0438\u043d\u0438\u043b\u0430: \u0441\u043e\u0435\u0434\u0438\u043d\u0435\u043d\u0438\u0435 \u043a\u043b\u0438\u043a\u0430 (4,5 \u043c\u043c) \u0416\u0435\u0441\u0442\u043a\u0438\u0439 (5 \u043c\u043c) \u0434\u043b\u044f \u0432\u0438\u043d\u0438\u043b\u043e\u0432\u044b\u0445 \u043f\u043e\u043b\u043e\u0432 &nbsp; &nbsp;<\/p>\n","protected":false},"featured_media":4342,"template":"","meta":{"_acf_changed":false},"product_brand":[],"product_cat":[711,767],"product_tag":[],"class_list":{"0":"post-26184","1":"product","2":"type-product","3":"status-publish","4":"has-post-thumbnail","6":"product_cat-711","7":"product_cat-767","9":"first","10":"onbackorder","11":"taxable","12":"shipping-taxable","13":"purchasable","14":"product-type-simple"},"acf":[],"yoast_head":"<!-- This site is optimized with the Yoast SEO plugin v27.3 - https:\/\/yoast.com\/product\/yoast-seo-wordpress\/ -->\n<title>\u0410\u043b\u044e\u043c\u0438\u043d\u0438\u0435\u0432\u044b\u0439 \u043f\u043e\u0434\u043f\u0440\u043e\u0444\u0438\u043b\u044c Quick-Step Incizo \u0434\u043b\u044f \u043b\u0435\u0441\u0442\u043d\u0438\u0446 (\u0432\u0438\u043d\u0438\u043b) &#8211; Parketa Sala<\/title>\n<meta name=\"robots\" content=\"index,follow\" \/>\n<link rel=\"canonical\" href=\"https:\/\/parketasala.lv\/ru\/product\/%d0%b0%d0%bb%d1%8e%d0%bc%d0%b8%d0%bd%d0%b8%d0%b5%d0%b2%d1%8b%d0%b9-%d0%bf%d0%be%d0%b4%d0%bf%d1%80%d0%be%d1%84%d0%b8%d0%bb%d1%8c-quick-step-incizo-%d0%b4%d0%bb%d1%8f-%d0%bb%d0%b5%d1%81%d1%82%d0%bd\/\" \/>\n<meta property=\"og:locale\" content=\"ru_RU\" \/>\n<meta property=\"og:type\" content=\"article\" \/>\n<meta property=\"og:title\" content=\"\u0410\u043b\u044e\u043c\u0438\u043d\u0438\u0435\u0432\u044b\u0439 \u043f\u043e\u0434\u043f\u0440\u043e\u0444\u0438\u043b\u044c Quick-Step Incizo \u0434\u043b\u044f \u043b\u0435\u0441\u0442\u043d\u0438\u0446 (\u0432\u0438\u043d\u0438\u043b) &#8211; Parketa Sala\" \/>\n<meta property=\"og:description\" content=\"\u0410\u043b\u044e\u043c\u0438\u043d\u0438\u0435\u0432\u044b\u0439 \u043f\u043e\u0434\u043f\u0440\u043e\u0444\u0438\u043b\u044c \u0434\u043b\u044f \u043b\u0435\u0441\u0442\u043d\u0438\u0446 Quick-Step Incizo \u043f\u043e\u0437\u0432\u043e\u043b\u0438\u0442 \u0412\u0430\u043c \u0441\u043e\u0437\u0434\u0430\u0442\u044c \u043b\u0435\u0441\u0442\u043d\u0438\u0446\u0443, \u043a\u043e\u0442\u043e\u0440\u0430\u044f \u0438\u0434\u0435\u0430\u043b\u044c\u043d\u043e \u0432\u043f\u0438\u0448\u0435\u0442\u0441\u044f \u0432 \u0412\u0430\u0448 \u0438\u043d\u0442\u0435\u0440\u044c\u0435\u0440. \u041f\u043e\u0434\u043b\u043e\u0436\u043a\u0430 \u043f\u0440\u0435\u0434\u043d\u0430\u0437\u043d\u0430\u0447\u0435\u043d\u0430 \u0434\u043b\u044f \u0432\u0438\u043d\u0438\u043b\u043e\u0432\u044b\u0445 \u043f\u043e\u043b\u043e\u0432. \u0421\u043e\u0432\u043c\u0435\u0441\u0442\u0438\u043c \u0441 \u0432\u0438\u043d\u0438\u043b\u043e\u0432\u044b\u043c\u0438 \u043f\u043e\u0440\u043e\u0433\u0430\u043c\u0438 QSVINCP(-) incizo \u041f\u043e\u0434\u0445\u043e\u0434\u0438\u0442 \u0442\u043e\u043b\u044c\u043a\u043e \u0434\u043b\u044f \u0432\u0438\u043d\u0438\u043b\u0430: \u0441\u043e\u0435\u0434\u0438\u043d\u0435\u043d\u0438\u0435 \u043a\u043b\u0438\u043a\u0430 (4,5 \u043c\u043c) \u0416\u0435\u0441\u0442\u043a\u0438\u0439 (5 \u043c\u043c) \u0434\u043b\u044f \u0432\u0438\u043d\u0438\u043b\u043e\u0432\u044b\u0445 \u043f\u043e\u043b\u043e\u0432 &nbsp; &nbsp;\" \/>\n<meta property=\"og:url\" content=\"https:\/\/parketasala.lv\/ru\/product\/%d0%b0%d0%bb%d1%8e%d0%bc%d0%b8%d0%bd%d0%b8%d0%b5%d0%b2%d1%8b%d0%b9-%d0%bf%d0%be%d0%b4%d0%bf%d1%80%d0%be%d1%84%d0%b8%d0%bb%d1%8c-quick-step-incizo-%d0%b4%d0%bb%d1%8f-%d0%bb%d0%b5%d1%81%d1%82%d0%bd\/\" \/>\n<meta property=\"og:site_name\" content=\"Parketa Sala\" \/>\n<meta property=\"article:publisher\" content=\"https:\/\/www.facebook.com\/parketasala\/\" \/>\n<meta property=\"og:image\" content=\"https:\/\/parketasala.lv\/wp-content\/uploads\/2020\/03\/NEVINCPBASE1.jpeg\" \/>\n\t<meta property=\"og:image:width\" content=\"1280\" \/>\n\t<meta property=\"og:image:height\" content=\"800\" \/>\n\t<meta property=\"og:image:type\" content=\"image\/jpeg\" \/>\n<meta name=\"twitter:card\" content=\"summary_large_image\" \/>\n<script type=\"application\/ld+json\" class=\"yoast-schema-graph\">{\"@context\":\"https:\\\/\\\/schema.org\",\"@graph\":[{\"@type\":\"WebPage\",\"@id\":\"https:\\\/\\\/parketasala.lv\\\/ru\\\/product\\\/%d0%b0%d0%bb%d1%8e%d0%bc%d0%b8%d0%bd%d0%b8%d0%b5%d0%b2%d1%8b%d0%b9-%d0%bf%d0%be%d0%b4%d0%bf%d1%80%d0%be%d1%84%d0%b8%d0%bb%d1%8c-quick-step-incizo-%d0%b4%d0%bb%d1%8f-%d0%bb%d0%b5%d1%81%d1%82%d0%bd\\\/\",\"url\":\"https:\\\/\\\/parketasala.lv\\\/ru\\\/product\\\/%d0%b0%d0%bb%d1%8e%d0%bc%d0%b8%d0%bd%d0%b8%d0%b5%d0%b2%d1%8b%d0%b9-%d0%bf%d0%be%d0%b4%d0%bf%d1%80%d0%be%d1%84%d0%b8%d0%bb%d1%8c-quick-step-incizo-%d0%b4%d0%bb%d1%8f-%d0%bb%d0%b5%d1%81%d1%82%d0%bd\\\/\",\"name\":\"\u0410\u043b\u044e\u043c\u0438\u043d\u0438\u0435\u0432\u044b\u0439 \u043f\u043e\u0434\u043f\u0440\u043e\u0444\u0438\u043b\u044c Quick-Step Incizo \u0434\u043b\u044f \u043b\u0435\u0441\u0442\u043d\u0438\u0446 (\u0432\u0438\u043d\u0438\u043b) &#8211; Parketa Sala\",\"isPartOf\":{\"@id\":\"https:\\\/\\\/parketasala.lv\\\/ru\\\/#website\"},\"primaryImageOfPage\":{\"@id\":\"https:\\\/\\\/parketasala.lv\\\/ru\\\/product\\\/%d0%b0%d0%bb%d1%8e%d0%bc%d0%b8%d0%bd%d0%b8%d0%b5%d0%b2%d1%8b%d0%b9-%d0%bf%d0%be%d0%b4%d0%bf%d1%80%d0%be%d1%84%d0%b8%d0%bb%d1%8c-quick-step-incizo-%d0%b4%d0%bb%d1%8f-%d0%bb%d0%b5%d1%81%d1%82%d0%bd\\\/#primaryimage\"},\"image\":{\"@id\":\"https:\\\/\\\/parketasala.lv\\\/ru\\\/product\\\/%d0%b0%d0%bb%d1%8e%d0%bc%d0%b8%d0%bd%d0%b8%d0%b5%d0%b2%d1%8b%d0%b9-%d0%bf%d0%be%d0%b4%d0%bf%d1%80%d0%be%d1%84%d0%b8%d0%bb%d1%8c-quick-step-incizo-%d0%b4%d0%bb%d1%8f-%d0%bb%d0%b5%d1%81%d1%82%d0%bd\\\/#primaryimage\"},\"thumbnailUrl\":\"https:\\\/\\\/parketasala.lv\\\/wp-content\\\/uploads\\\/2020\\\/03\\\/NEVINCPBASE1.jpeg\",\"datePublished\":\"2020-03-23T13:37:36+00:00\",\"breadcrumb\":{\"@id\":\"https:\\\/\\\/parketasala.lv\\\/ru\\\/product\\\/%d0%b0%d0%bb%d1%8e%d0%bc%d0%b8%d0%bd%d0%b8%d0%b5%d0%b2%d1%8b%d0%b9-%d0%bf%d0%be%d0%b4%d0%bf%d1%80%d0%be%d1%84%d0%b8%d0%bb%d1%8c-quick-step-incizo-%d0%b4%d0%bb%d1%8f-%d0%bb%d0%b5%d1%81%d1%82%d0%bd\\\/#breadcrumb\"},\"inLanguage\":\"ru-RU\",\"potentialAction\":[{\"@type\":\"ReadAction\",\"target\":[\"https:\\\/\\\/parketasala.lv\\\/ru\\\/product\\\/%d0%b0%d0%bb%d1%8e%d0%bc%d0%b8%d0%bd%d0%b8%d0%b5%d0%b2%d1%8b%d0%b9-%d0%bf%d0%be%d0%b4%d0%bf%d1%80%d0%be%d1%84%d0%b8%d0%bb%d1%8c-quick-step-incizo-%d0%b4%d0%bb%d1%8f-%d0%bb%d0%b5%d1%81%d1%82%d0%bd\\\/\"]}]},{\"@type\":\"ImageObject\",\"inLanguage\":\"ru-RU\",\"@id\":\"https:\\\/\\\/parketasala.lv\\\/ru\\\/product\\\/%d0%b0%d0%bb%d1%8e%d0%bc%d0%b8%d0%bd%d0%b8%d0%b5%d0%b2%d1%8b%d0%b9-%d0%bf%d0%be%d0%b4%d0%bf%d1%80%d0%be%d1%84%d0%b8%d0%bb%d1%8c-quick-step-incizo-%d0%b4%d0%bb%d1%8f-%d0%bb%d0%b5%d1%81%d1%82%d0%bd\\\/#primaryimage\",\"url\":\"https:\\\/\\\/parketasala.lv\\\/wp-content\\\/uploads\\\/2020\\\/03\\\/NEVINCPBASE1.jpeg\",\"contentUrl\":\"https:\\\/\\\/parketasala.lv\\\/wp-content\\\/uploads\\\/2020\\\/03\\\/NEVINCPBASE1.jpeg\",\"width\":1280,\"height\":800,\"caption\":\"NEVINCPBASE1\"},{\"@type\":\"BreadcrumbList\",\"@id\":\"https:\\\/\\\/parketasala.lv\\\/ru\\\/product\\\/%d0%b0%d0%bb%d1%8e%d0%bc%d0%b8%d0%bd%d0%b8%d0%b5%d0%b2%d1%8b%d0%b9-%d0%bf%d0%be%d0%b4%d0%bf%d1%80%d0%be%d1%84%d0%b8%d0%bb%d1%8c-quick-step-incizo-%d0%b4%d0%bb%d1%8f-%d0%bb%d0%b5%d1%81%d1%82%d0%bd\\\/#breadcrumb\",\"itemListElement\":[{\"@type\":\"ListItem\",\"position\":1,\"name\":\"Home\",\"item\":\"https:\\\/\\\/parketasala.lv\\\/ru\\\/%d0%b3%d0%bb%d0%b0%d0%b2%d0%bd%d0%b0%d1%8f\\\/\"},{\"@type\":\"ListItem\",\"position\":2,\"name\":\"\u041c\u0430\u0433\u0430\u0437\u0438\u043d\",\"item\":\"https:\\\/\\\/parketasala.lv\\\/ru\\\/%d0%bc%d0%b0%d0%b3%d0%b0%d0%b7%d0%b8%d0%bd\\\/\"},{\"@type\":\"ListItem\",\"position\":3,\"name\":\"\u0410\u043b\u044e\u043c\u0438\u043d\u0438\u0435\u0432\u044b\u0439 \u043f\u043e\u0434\u043f\u0440\u043e\u0444\u0438\u043b\u044c Quick-Step Incizo \u0434\u043b\u044f \u043b\u0435\u0441\u0442\u043d\u0438\u0446 (\u0432\u0438\u043d\u0438\u043b)\"}]},{\"@type\":\"WebSite\",\"@id\":\"https:\\\/\\\/parketasala.lv\\\/ru\\\/#website\",\"url\":\"https:\\\/\\\/parketasala.lv\\\/ru\\\/\",\"name\":\"Parketa Sala\",\"description\":\"Pla&scaron;s lamin\u0101ta, vinila, parketa un kor\u0137a gr\u012bdu kl\u0101sts\",\"publisher\":{\"@id\":\"https:\\\/\\\/parketasala.lv\\\/ru\\\/#organization\"},\"potentialAction\":[{\"@type\":\"SearchAction\",\"target\":{\"@type\":\"EntryPoint\",\"urlTemplate\":\"https:\\\/\\\/parketasala.lv\\\/ru\\\/?s={search_term_string}\"},\"query-input\":{\"@type\":\"PropertyValueSpecification\",\"valueRequired\":true,\"valueName\":\"search_term_string\"}}],\"inLanguage\":\"ru-RU\"},{\"@type\":\"Organization\",\"@id\":\"https:\\\/\\\/parketasala.lv\\\/ru\\\/#organization\",\"name\":\"Parketa Sala\",\"url\":\"https:\\\/\\\/parketasala.lv\\\/ru\\\/\",\"logo\":{\"@type\":\"ImageObject\",\"inLanguage\":\"ru-RU\",\"@id\":\"https:\\\/\\\/parketasala.lv\\\/ru\\\/#\\\/schema\\\/logo\\\/image\\\/\",\"url\":\"https:\\\/\\\/parketasala.lv\\\/wp-content\\\/uploads\\\/2019\\\/12\\\/Logo-x3.png\",\"contentUrl\":\"https:\\\/\\\/parketasala.lv\\\/wp-content\\\/uploads\\\/2019\\\/12\\\/Logo-x3.png\",\"width\":660,\"height\":137,\"caption\":\"Parketa Sala\"},\"image\":{\"@id\":\"https:\\\/\\\/parketasala.lv\\\/ru\\\/#\\\/schema\\\/logo\\\/image\\\/\"},\"sameAs\":[\"https:\\\/\\\/www.facebook.com\\\/parketasala\\\/\",\"https:\\\/\\\/www.instagram.com\\\/parketasala\\\/\"]}]}<\/script>\n<!-- \/ Yoast SEO plugin. -->","yoast_head_json":{"title":"\u0410\u043b\u044e\u043c\u0438\u043d\u0438\u0435\u0432\u044b\u0439 \u043f\u043e\u0434\u043f\u0440\u043e\u0444\u0438\u043b\u044c Quick-Step Incizo \u0434\u043b\u044f \u043b\u0435\u0441\u0442\u043d\u0438\u0446 (\u0432\u0438\u043d\u0438\u043b) &#8211; Parketa Sala","robots":{"index,follow":"index,follow"},"canonical":"https:\/\/parketasala.lv\/ru\/product\/%d0%b0%d0%bb%d1%8e%d0%bc%d0%b8%d0%bd%d0%b8%d0%b5%d0%b2%d1%8b%d0%b9-%d0%bf%d0%be%d0%b4%d0%bf%d1%80%d0%be%d1%84%d0%b8%d0%bb%d1%8c-quick-step-incizo-%d0%b4%d0%bb%d1%8f-%d0%bb%d0%b5%d1%81%d1%82%d0%bd\/","og_locale":"ru_RU","og_type":"article","og_title":"\u0410\u043b\u044e\u043c\u0438\u043d\u0438\u0435\u0432\u044b\u0439 \u043f\u043e\u0434\u043f\u0440\u043e\u0444\u0438\u043b\u044c Quick-Step Incizo \u0434\u043b\u044f \u043b\u0435\u0441\u0442\u043d\u0438\u0446 (\u0432\u0438\u043d\u0438\u043b) &#8211; Parketa Sala","og_description":"\u0410\u043b\u044e\u043c\u0438\u043d\u0438\u0435\u0432\u044b\u0439 \u043f\u043e\u0434\u043f\u0440\u043e\u0444\u0438\u043b\u044c \u0434\u043b\u044f \u043b\u0435\u0441\u0442\u043d\u0438\u0446 Quick-Step Incizo \u043f\u043e\u0437\u0432\u043e\u043b\u0438\u0442 \u0412\u0430\u043c \u0441\u043e\u0437\u0434\u0430\u0442\u044c \u043b\u0435\u0441\u0442\u043d\u0438\u0446\u0443, \u043a\u043e\u0442\u043e\u0440\u0430\u044f \u0438\u0434\u0435\u0430\u043b\u044c\u043d\u043e \u0432\u043f\u0438\u0448\u0435\u0442\u0441\u044f \u0432 \u0412\u0430\u0448 \u0438\u043d\u0442\u0435\u0440\u044c\u0435\u0440. \u041f\u043e\u0434\u043b\u043e\u0436\u043a\u0430 \u043f\u0440\u0435\u0434\u043d\u0430\u0437\u043d\u0430\u0447\u0435\u043d\u0430 \u0434\u043b\u044f \u0432\u0438\u043d\u0438\u043b\u043e\u0432\u044b\u0445 \u043f\u043e\u043b\u043e\u0432. \u0421\u043e\u0432\u043c\u0435\u0441\u0442\u0438\u043c \u0441 \u0432\u0438\u043d\u0438\u043b\u043e\u0432\u044b\u043c\u0438 \u043f\u043e\u0440\u043e\u0433\u0430\u043c\u0438 QSVINCP(-) incizo \u041f\u043e\u0434\u0445\u043e\u0434\u0438\u0442 \u0442\u043e\u043b\u044c\u043a\u043e \u0434\u043b\u044f \u0432\u0438\u043d\u0438\u043b\u0430: \u0441\u043e\u0435\u0434\u0438\u043d\u0435\u043d\u0438\u0435 \u043a\u043b\u0438\u043a\u0430 (4,5 \u043c\u043c) \u0416\u0435\u0441\u0442\u043a\u0438\u0439 (5 \u043c\u043c) \u0434\u043b\u044f \u0432\u0438\u043d\u0438\u043b\u043e\u0432\u044b\u0445 \u043f\u043e\u043b\u043e\u0432 &nbsp; &nbsp;","og_url":"https:\/\/parketasala.lv\/ru\/product\/%d0%b0%d0%bb%d1%8e%d0%bc%d0%b8%d0%bd%d0%b8%d0%b5%d0%b2%d1%8b%d0%b9-%d0%bf%d0%be%d0%b4%d0%bf%d1%80%d0%be%d1%84%d0%b8%d0%bb%d1%8c-quick-step-incizo-%d0%b4%d0%bb%d1%8f-%d0%bb%d0%b5%d1%81%d1%82%d0%bd\/","og_site_name":"Parketa Sala","article_publisher":"https:\/\/www.facebook.com\/parketasala\/","og_image":[{"width":1280,"height":800,"url":"https:\/\/parketasala.lv\/wp-content\/uploads\/2020\/03\/NEVINCPBASE1.jpeg","type":"image\/jpeg"}],"twitter_card":"summary_large_image","schema":{"@context":"https:\/\/schema.org","@graph":[{"@type":"WebPage","@id":"https:\/\/parketasala.lv\/ru\/product\/%d0%b0%d0%bb%d1%8e%d0%bc%d0%b8%d0%bd%d0%b8%d0%b5%d0%b2%d1%8b%d0%b9-%d0%bf%d0%be%d0%b4%d0%bf%d1%80%d0%be%d1%84%d0%b8%d0%bb%d1%8c-quick-step-incizo-%d0%b4%d0%bb%d1%8f-%d0%bb%d0%b5%d1%81%d1%82%d0%bd\/","url":"https:\/\/parketasala.lv\/ru\/product\/%d0%b0%d0%bb%d1%8e%d0%bc%d0%b8%d0%bd%d0%b8%d0%b5%d0%b2%d1%8b%d0%b9-%d0%bf%d0%be%d0%b4%d0%bf%d1%80%d0%be%d1%84%d0%b8%d0%bb%d1%8c-quick-step-incizo-%d0%b4%d0%bb%d1%8f-%d0%bb%d0%b5%d1%81%d1%82%d0%bd\/","name":"\u0410\u043b\u044e\u043c\u0438\u043d\u0438\u0435\u0432\u044b\u0439 \u043f\u043e\u0434\u043f\u0440\u043e\u0444\u0438\u043b\u044c Quick-Step Incizo \u0434\u043b\u044f \u043b\u0435\u0441\u0442\u043d\u0438\u0446 (\u0432\u0438\u043d\u0438\u043b) &#8211; Parketa Sala","isPartOf":{"@id":"https:\/\/parketasala.lv\/ru\/#website"},"primaryImageOfPage":{"@id":"https:\/\/parketasala.lv\/ru\/product\/%d0%b0%d0%bb%d1%8e%d0%bc%d0%b8%d0%bd%d0%b8%d0%b5%d0%b2%d1%8b%d0%b9-%d0%bf%d0%be%d0%b4%d0%bf%d1%80%d0%be%d1%84%d0%b8%d0%bb%d1%8c-quick-step-incizo-%d0%b4%d0%bb%d1%8f-%d0%bb%d0%b5%d1%81%d1%82%d0%bd\/#primaryimage"},"image":{"@id":"https:\/\/parketasala.lv\/ru\/product\/%d0%b0%d0%bb%d1%8e%d0%bc%d0%b8%d0%bd%d0%b8%d0%b5%d0%b2%d1%8b%d0%b9-%d0%bf%d0%be%d0%b4%d0%bf%d1%80%d0%be%d1%84%d0%b8%d0%bb%d1%8c-quick-step-incizo-%d0%b4%d0%bb%d1%8f-%d0%bb%d0%b5%d1%81%d1%82%d0%bd\/#primaryimage"},"thumbnailUrl":"https:\/\/parketasala.lv\/wp-content\/uploads\/2020\/03\/NEVINCPBASE1.jpeg","datePublished":"2020-03-23T13:37:36+00:00","breadcrumb":{"@id":"https:\/\/parketasala.lv\/ru\/product\/%d0%b0%d0%bb%d1%8e%d0%bc%d0%b8%d0%bd%d0%b8%d0%b5%d0%b2%d1%8b%d0%b9-%d0%bf%d0%be%d0%b4%d0%bf%d1%80%d0%be%d1%84%d0%b8%d0%bb%d1%8c-quick-step-incizo-%d0%b4%d0%bb%d1%8f-%d0%bb%d0%b5%d1%81%d1%82%d0%bd\/#breadcrumb"},"inLanguage":"ru-RU","potentialAction":[{"@type":"ReadAction","target":["https:\/\/parketasala.lv\/ru\/product\/%d0%b0%d0%bb%d1%8e%d0%bc%d0%b8%d0%bd%d0%b8%d0%b5%d0%b2%d1%8b%d0%b9-%d0%bf%d0%be%d0%b4%d0%bf%d1%80%d0%be%d1%84%d0%b8%d0%bb%d1%8c-quick-step-incizo-%d0%b4%d0%bb%d1%8f-%d0%bb%d0%b5%d1%81%d1%82%d0%bd\/"]}]},{"@type":"ImageObject","inLanguage":"ru-RU","@id":"https:\/\/parketasala.lv\/ru\/product\/%d0%b0%d0%bb%d1%8e%d0%bc%d0%b8%d0%bd%d0%b8%d0%b5%d0%b2%d1%8b%d0%b9-%d0%bf%d0%be%d0%b4%d0%bf%d1%80%d0%be%d1%84%d0%b8%d0%bb%d1%8c-quick-step-incizo-%d0%b4%d0%bb%d1%8f-%d0%bb%d0%b5%d1%81%d1%82%d0%bd\/#primaryimage","url":"https:\/\/parketasala.lv\/wp-content\/uploads\/2020\/03\/NEVINCPBASE1.jpeg","contentUrl":"https:\/\/parketasala.lv\/wp-content\/uploads\/2020\/03\/NEVINCPBASE1.jpeg","width":1280,"height":800,"caption":"NEVINCPBASE1"},{"@type":"BreadcrumbList","@id":"https:\/\/parketasala.lv\/ru\/product\/%d0%b0%d0%bb%d1%8e%d0%bc%d0%b8%d0%bd%d0%b8%d0%b5%d0%b2%d1%8b%d0%b9-%d0%bf%d0%be%d0%b4%d0%bf%d1%80%d0%be%d1%84%d0%b8%d0%bb%d1%8c-quick-step-incizo-%d0%b4%d0%bb%d1%8f-%d0%bb%d0%b5%d1%81%d1%82%d0%bd\/#breadcrumb","itemListElement":[{"@type":"ListItem","position":1,"name":"Home","item":"https:\/\/parketasala.lv\/ru\/%d0%b3%d0%bb%d0%b0%d0%b2%d0%bd%d0%b0%d1%8f\/"},{"@type":"ListItem","position":2,"name":"\u041c\u0430\u0433\u0430\u0437\u0438\u043d","item":"https:\/\/parketasala.lv\/ru\/%d0%bc%d0%b0%d0%b3%d0%b0%d0%b7%d0%b8%d0%bd\/"},{"@type":"ListItem","position":3,"name":"\u0410\u043b\u044e\u043c\u0438\u043d\u0438\u0435\u0432\u044b\u0439 \u043f\u043e\u0434\u043f\u0440\u043e\u0444\u0438\u043b\u044c Quick-Step Incizo \u0434\u043b\u044f \u043b\u0435\u0441\u0442\u043d\u0438\u0446 (\u0432\u0438\u043d\u0438\u043b)"}]},{"@type":"WebSite","@id":"https:\/\/parketasala.lv\/ru\/#website","url":"https:\/\/parketasala.lv\/ru\/","name":"Parketa Sala","description":"Pla&scaron;s lamin\u0101ta, vinila, parketa un kor\u0137a gr\u012bdu kl\u0101sts","publisher":{"@id":"https:\/\/parketasala.lv\/ru\/#organization"},"potentialAction":[{"@type":"SearchAction","target":{"@type":"EntryPoint","urlTemplate":"https:\/\/parketasala.lv\/ru\/?s={search_term_string}"},"query-input":{"@type":"PropertyValueSpecification","valueRequired":true,"valueName":"search_term_string"}}],"inLanguage":"ru-RU"},{"@type":"Organization","@id":"https:\/\/parketasala.lv\/ru\/#organization","name":"Parketa Sala","url":"https:\/\/parketasala.lv\/ru\/","logo":{"@type":"ImageObject","inLanguage":"ru-RU","@id":"https:\/\/parketasala.lv\/ru\/#\/schema\/logo\/image\/","url":"https:\/\/parketasala.lv\/wp-content\/uploads\/2019\/12\/Logo-x3.png","contentUrl":"https:\/\/parketasala.lv\/wp-content\/uploads\/2019\/12\/Logo-x3.png","width":660,"height":137,"caption":"Parketa Sala"},"image":{"@id":"https:\/\/parketasala.lv\/ru\/#\/schema\/logo\/image\/"},"sameAs":["https:\/\/www.facebook.com\/parketasala\/","https:\/\/www.instagram.com\/parketasala\/"]}]}},"_links":{"self":[{"href":"https:\/\/parketasala.lv\/ru\/wp-json\/wp\/v2\/product\/26184","targetHints":{"allow":["GET"]}}],"collection":[{"href":"https:\/\/parketasala.lv\/ru\/wp-json\/wp\/v2\/product"}],"about":[{"href":"https:\/\/parketasala.lv\/ru\/wp-json\/wp\/v2\/types\/product"}],"wp:featuredmedia":[{"embeddable":true,"href":"https:\/\/parketasala.lv\/ru\/wp-json\/wp\/v2\/media\/4342"}],"wp:attachment":[{"href":"https:\/\/parketasala.lv\/ru\/wp-json\/wp\/v2\/media?parent=26184"}],"wp:term":[{"taxonomy":"product_brand","embeddable":true,"href":"https:\/\/parketasala.lv\/ru\/wp-json\/wp\/v2\/product_brand?post=26184"},{"taxonomy":"product_cat","embeddable":true,"href":"https:\/\/parketasala.lv\/ru\/wp-json\/wp\/v2\/product_cat?post=26184"},{"taxonomy":"product_tag","embeddable":true,"href":"https:\/\/parketasala.lv\/ru\/wp-json\/wp\/v2\/product_tag?post=26184"}],"curies":[{"name":"wp","href":"https:\/\/api.w.org\/{rel}","templated":true}]}}