{"id":24967,"date":"2020-01-21T08:14:31","date_gmt":"2020-01-21T08:14:31","guid":{"rendered":"https:\/\/parketasala.lv\/product\/%d0%bc%d0%be%d0%bd%d1%82%d0%b0%d0%b6%d0%bd%d1%8b%d0%b5-%d0%ba%d0%bb%d0%b8%d0%bf%d1%81%d1%8b-%d0%b4%d0%bb%d1%8f-%d0%bf%d0%b0%d1%80%d0%ba%d0%b5%d1%82%d0%b0-haro-135-%d0%bc%d0%bc\/"},"modified":"2020-01-21T08:14:31","modified_gmt":"2020-01-21T08:14:31","slug":"%d0%bc%d0%be%d0%bd%d1%82%d0%b0%d0%b6%d0%bd%d1%8b%d0%b5-%d0%ba%d0%bb%d0%b8%d0%bf%d1%81%d1%8b-%d0%b4%d0%bb%d1%8f-%d0%bf%d0%b0%d1%80%d0%ba%d0%b5%d1%82%d0%b0-haro-135-%d0%bc%d0%bc","status":"publish","type":"product","link":"https:\/\/parketasala.lv\/ru\/product\/%d0%bc%d0%be%d0%bd%d1%82%d0%b0%d0%b6%d0%bd%d1%8b%d0%b5-%d0%ba%d0%bb%d0%b8%d0%bf%d1%81%d1%8b-%d0%b4%d0%bb%d1%8f-%d0%bf%d0%b0%d1%80%d0%ba%d0%b5%d1%82%d0%b0-haro-135-%d0%bc%d0%bc\/","title":{"rendered":"\u041c\u043e\u043d\u0442\u0430\u0436\u043d\u044b\u0435 \u043a\u043b\u0438\u043f\u0441\u044b \u0434\u043b\u044f \u043f\u0430\u0440\u043a\u0435\u0442\u0430 Haro 13,5 \u043c\u043c"},"content":{"rendered":"<p>\u041a\u043b\u0438\u043f\u0441\u044b \u043f\u0440\u0435\u0434\u043d\u0430\u0437\u043d\u0430\u0447\u0435\u043d\u044b \u0434\u043b\u044f \u043d\u0430\u0441\u0442\u0435\u043d\u043d\u043e\u0433\u043e \u043c\u043e\u043d\u0442\u0430\u0436\u0430 \u043f\u0430\u0440\u043a\u0435\u0442\u0430 HARO. \u041f\u043e\u043b\u043d\u044b\u0439 \u043a\u043e\u043c\u043f\u043b\u0435\u043a\u0442 \u0434\u043b\u044f \u043c\u043e\u043d\u0442\u0430\u0436\u0430 \u0441\u043e\u0441\u0442\u043e\u0438\u0442 \u0438\u0437<strong> <a href=\"https:\/\/parketasala.lv\/product\/montazas-sliede-haro\/\" target=\"_blank\" rel=\"noopener noreferrer\">\u043c\u043e\u043d\u0442\u0430\u0436\u043d\u044b\u0445 \u0448\u0438\u043d<\/a><\/strong>, <strong><a href=\"https:\/\/parketasala.lv\/product\/sakuma-nobeiguma-klipsi-haro\/\" target=\"_blank\" rel=\"noopener noreferrer\">\u0441\u0442\u0430\u0440\u0442\u043e\u0432\u044b\u0445\/\u043a\u043e\u043d\u0435\u0447\u043d\u044b\u0445 \u0437\u0430\u0436\u0438\u043c\u043e\u0432<\/a><\/strong> \u0438 \u043c\u043e\u043d\u0442\u0430\u0436\u043d\u044b\u0445 \u043a\u043b\u0438\u043f\u0441. <\/p>\n","protected":false},"excerpt":{"rendered":"<p>\u041a\u043b\u0438\u043f\u0441\u044b \u043f\u0440\u0435\u0434\u043d\u0430\u0437\u043d\u0430\u0447\u0435\u043d\u044b \u0434\u043b\u044f \u043d\u0430\u0441\u0442\u0435\u043d\u043d\u043e\u0433\u043e \u043c\u043e\u043d\u0442\u0430\u0436\u0430 \u043f\u0430\u0440\u043a\u0435\u0442\u0430 HARO. \u041f\u043e\u043b\u043d\u044b\u0439 \u043a\u043e\u043c\u043f\u043b\u0435\u043a\u0442 \u0434\u043b\u044f \u043c\u043e\u043d\u0442\u0430\u0436\u0430 \u0441\u043e\u0441\u0442\u043e\u0438\u0442 \u0438\u0437 \u043c\u043e\u043d\u0442\u0430\u0436\u043d\u044b\u0445 \u0448\u0438\u043d, \u0441\u0442\u0430\u0440\u0442\u043e\u0432\u044b\u0445\/\u043a\u043e\u043d\u0435\u0447\u043d\u044b\u0445 \u0437\u0430\u0436\u0438\u043c\u043e\u0432 \u0438 \u043c\u043e\u043d\u0442\u0430\u0436\u043d\u044b\u0445 \u043a\u043b\u0438\u043f\u0441.<\/p>\n","protected":false},"featured_media":668,"template":"","meta":{"_acf_changed":false},"product_brand":[],"product_cat":[839],"product_tag":[],"class_list":{"0":"post-24967","1":"product","2":"type-product","3":"status-publish","4":"has-post-thumbnail","6":"product_cat-839","8":"first","9":"onbackorder","10":"taxable","11":"shipping-taxable","12":"purchasable","13":"product-type-simple"},"acf":[],"yoast_head":"<!-- This site is optimized with the Yoast SEO plugin v27.3 - https:\/\/yoast.com\/product\/yoast-seo-wordpress\/ -->\n<title>\u041c\u043e\u043d\u0442\u0430\u0436\u043d\u044b\u0435 \u043a\u043b\u0438\u043f\u0441\u044b \u0434\u043b\u044f \u043f\u0430\u0440\u043a\u0435\u0442\u0430 Haro 13,5 \u043c\u043c &#8211; Parketa Sala<\/title>\n<meta name=\"robots\" content=\"index,follow\" \/>\n<link rel=\"canonical\" href=\"https:\/\/parketasala.lv\/ru\/product\/%d0%bc%d0%be%d0%bd%d1%82%d0%b0%d0%b6%d0%bd%d1%8b%d0%b5-%d0%ba%d0%bb%d0%b8%d0%bf%d1%81%d1%8b-%d0%b4%d0%bb%d1%8f-%d0%bf%d0%b0%d1%80%d0%ba%d0%b5%d1%82%d0%b0-haro-135-%d0%bc%d0%bc\/\" \/>\n<meta property=\"og:locale\" content=\"ru_RU\" \/>\n<meta property=\"og:type\" content=\"article\" \/>\n<meta property=\"og:title\" content=\"\u041c\u043e\u043d\u0442\u0430\u0436\u043d\u044b\u0435 \u043a\u043b\u0438\u043f\u0441\u044b \u0434\u043b\u044f \u043f\u0430\u0440\u043a\u0435\u0442\u0430 Haro 13,5 \u043c\u043c &#8211; Parketa Sala\" \/>\n<meta property=\"og:description\" content=\"\u041a\u043b\u0438\u043f\u0441\u044b \u043f\u0440\u0435\u0434\u043d\u0430\u0437\u043d\u0430\u0447\u0435\u043d\u044b \u0434\u043b\u044f \u043d\u0430\u0441\u0442\u0435\u043d\u043d\u043e\u0433\u043e \u043c\u043e\u043d\u0442\u0430\u0436\u0430 \u043f\u0430\u0440\u043a\u0435\u0442\u0430 HARO. \u041f\u043e\u043b\u043d\u044b\u0439 \u043a\u043e\u043c\u043f\u043b\u0435\u043a\u0442 \u0434\u043b\u044f \u043c\u043e\u043d\u0442\u0430\u0436\u0430 \u0441\u043e\u0441\u0442\u043e\u0438\u0442 \u0438\u0437 \u043c\u043e\u043d\u0442\u0430\u0436\u043d\u044b\u0445 \u0448\u0438\u043d, \u0441\u0442\u0430\u0440\u0442\u043e\u0432\u044b\u0445\/\u043a\u043e\u043d\u0435\u0447\u043d\u044b\u0445 \u0437\u0430\u0436\u0438\u043c\u043e\u0432 \u0438 \u043c\u043e\u043d\u0442\u0430\u0436\u043d\u044b\u0445 \u043a\u043b\u0438\u043f\u0441.\" \/>\n<meta property=\"og:url\" content=\"https:\/\/parketasala.lv\/ru\/product\/%d0%bc%d0%be%d0%bd%d1%82%d0%b0%d0%b6%d0%bd%d1%8b%d0%b5-%d0%ba%d0%bb%d0%b8%d0%bf%d1%81%d1%8b-%d0%b4%d0%bb%d1%8f-%d0%bf%d0%b0%d1%80%d0%ba%d0%b5%d1%82%d0%b0-haro-135-%d0%bc%d0%bc\/\" \/>\n<meta property=\"og:site_name\" content=\"Parketa Sala\" \/>\n<meta property=\"article:publisher\" content=\"https:\/\/www.facebook.com\/parketasala\/\" \/>\n<meta property=\"og:image\" content=\"https:\/\/parketasala.lv\/wp-content\/uploads\/2020\/01\/409372_HARO_Boden-an-der-Wand_Befestigungsklammer_Laminat-Celenio-8mm_PLZ.jpg\" \/>\n\t<meta property=\"og:image:width\" content=\"1000\" \/>\n\t<meta property=\"og:image:height\" content=\"1000\" \/>\n\t<meta property=\"og:image:type\" content=\"image\/jpeg\" \/>\n<meta name=\"twitter:card\" content=\"summary_large_image\" \/>\n<script type=\"application\/ld+json\" class=\"yoast-schema-graph\">{\"@context\":\"https:\\\/\\\/schema.org\",\"@graph\":[{\"@type\":\"WebPage\",\"@id\":\"https:\\\/\\\/parketasala.lv\\\/ru\\\/product\\\/%d0%bc%d0%be%d0%bd%d1%82%d0%b0%d0%b6%d0%bd%d1%8b%d0%b5-%d0%ba%d0%bb%d0%b8%d0%bf%d1%81%d1%8b-%d0%b4%d0%bb%d1%8f-%d0%bf%d0%b0%d1%80%d0%ba%d0%b5%d1%82%d0%b0-haro-135-%d0%bc%d0%bc\\\/\",\"url\":\"https:\\\/\\\/parketasala.lv\\\/ru\\\/product\\\/%d0%bc%d0%be%d0%bd%d1%82%d0%b0%d0%b6%d0%bd%d1%8b%d0%b5-%d0%ba%d0%bb%d0%b8%d0%bf%d1%81%d1%8b-%d0%b4%d0%bb%d1%8f-%d0%bf%d0%b0%d1%80%d0%ba%d0%b5%d1%82%d0%b0-haro-135-%d0%bc%d0%bc\\\/\",\"name\":\"\u041c\u043e\u043d\u0442\u0430\u0436\u043d\u044b\u0435 \u043a\u043b\u0438\u043f\u0441\u044b \u0434\u043b\u044f \u043f\u0430\u0440\u043a\u0435\u0442\u0430 Haro 13,5 \u043c\u043c &#8211; Parketa Sala\",\"isPartOf\":{\"@id\":\"https:\\\/\\\/parketasala.lv\\\/ru\\\/#website\"},\"primaryImageOfPage\":{\"@id\":\"https:\\\/\\\/parketasala.lv\\\/ru\\\/product\\\/%d0%bc%d0%be%d0%bd%d1%82%d0%b0%d0%b6%d0%bd%d1%8b%d0%b5-%d0%ba%d0%bb%d0%b8%d0%bf%d1%81%d1%8b-%d0%b4%d0%bb%d1%8f-%d0%bf%d0%b0%d1%80%d0%ba%d0%b5%d1%82%d0%b0-haro-135-%d0%bc%d0%bc\\\/#primaryimage\"},\"image\":{\"@id\":\"https:\\\/\\\/parketasala.lv\\\/ru\\\/product\\\/%d0%bc%d0%be%d0%bd%d1%82%d0%b0%d0%b6%d0%bd%d1%8b%d0%b5-%d0%ba%d0%bb%d0%b8%d0%bf%d1%81%d1%8b-%d0%b4%d0%bb%d1%8f-%d0%bf%d0%b0%d1%80%d0%ba%d0%b5%d1%82%d0%b0-haro-135-%d0%bc%d0%bc\\\/#primaryimage\"},\"thumbnailUrl\":\"https:\\\/\\\/parketasala.lv\\\/wp-content\\\/uploads\\\/2020\\\/01\\\/409372_HARO_Boden-an-der-Wand_Befestigungsklammer_Laminat-Celenio-8mm_PLZ-768x768.jpg.webp\",\"datePublished\":\"2020-01-21T08:14:31+00:00\",\"breadcrumb\":{\"@id\":\"https:\\\/\\\/parketasala.lv\\\/ru\\\/product\\\/%d0%bc%d0%be%d0%bd%d1%82%d0%b0%d0%b6%d0%bd%d1%8b%d0%b5-%d0%ba%d0%bb%d0%b8%d0%bf%d1%81%d1%8b-%d0%b4%d0%bb%d1%8f-%d0%bf%d0%b0%d1%80%d0%ba%d0%b5%d1%82%d0%b0-haro-135-%d0%bc%d0%bc\\\/#breadcrumb\"},\"inLanguage\":\"ru-RU\",\"potentialAction\":[{\"@type\":\"ReadAction\",\"target\":[\"https:\\\/\\\/parketasala.lv\\\/ru\\\/product\\\/%d0%bc%d0%be%d0%bd%d1%82%d0%b0%d0%b6%d0%bd%d1%8b%d0%b5-%d0%ba%d0%bb%d0%b8%d0%bf%d1%81%d1%8b-%d0%b4%d0%bb%d1%8f-%d0%bf%d0%b0%d1%80%d0%ba%d0%b5%d1%82%d0%b0-haro-135-%d0%bc%d0%bc\\\/\"]}]},{\"@type\":\"ImageObject\",\"inLanguage\":\"ru-RU\",\"@id\":\"https:\\\/\\\/parketasala.lv\\\/ru\\\/product\\\/%d0%bc%d0%be%d0%bd%d1%82%d0%b0%d0%b6%d0%bd%d1%8b%d0%b5-%d0%ba%d0%bb%d0%b8%d0%bf%d1%81%d1%8b-%d0%b4%d0%bb%d1%8f-%d0%bf%d0%b0%d1%80%d0%ba%d0%b5%d1%82%d0%b0-haro-135-%d0%bc%d0%bc\\\/#primaryimage\",\"url\":\"https:\\\/\\\/parketasala.lv\\\/wp-content\\\/uploads\\\/2020\\\/01\\\/409372_HARO_Boden-an-der-Wand_Befestigungsklammer_Laminat-Celenio-8mm_PLZ-768x768.jpg.webp\",\"contentUrl\":\"https:\\\/\\\/parketasala.lv\\\/wp-content\\\/uploads\\\/2020\\\/01\\\/409372_HARO_Boden-an-der-Wand_Befestigungsklammer_Laminat-Celenio-8mm_PLZ-768x768.jpg.webp\",\"width\":1000,\"height\":1000,\"caption\":\"klip\u0161i haro 409372\"},{\"@type\":\"BreadcrumbList\",\"@id\":\"https:\\\/\\\/parketasala.lv\\\/ru\\\/product\\\/%d0%bc%d0%be%d0%bd%d1%82%d0%b0%d0%b6%d0%bd%d1%8b%d0%b5-%d0%ba%d0%bb%d0%b8%d0%bf%d1%81%d1%8b-%d0%b4%d0%bb%d1%8f-%d0%bf%d0%b0%d1%80%d0%ba%d0%b5%d1%82%d0%b0-haro-135-%d0%bc%d0%bc\\\/#breadcrumb\",\"itemListElement\":[{\"@type\":\"ListItem\",\"position\":1,\"name\":\"Home\",\"item\":\"https:\\\/\\\/parketasala.lv\\\/ru\\\/%d0%b3%d0%bb%d0%b0%d0%b2%d0%bd%d0%b0%d1%8f\\\/\"},{\"@type\":\"ListItem\",\"position\":2,\"name\":\"\u041c\u0430\u0433\u0430\u0437\u0438\u043d\",\"item\":\"https:\\\/\\\/parketasala.lv\\\/ru\\\/%d0%bc%d0%b0%d0%b3%d0%b0%d0%b7%d0%b8%d0%bd\\\/\"},{\"@type\":\"ListItem\",\"position\":3,\"name\":\"\u041c\u043e\u043d\u0442\u0430\u0436\u043d\u044b\u0435 \u043a\u043b\u0438\u043f\u0441\u044b \u0434\u043b\u044f \u043f\u0430\u0440\u043a\u0435\u0442\u0430 Haro 13,5 \u043c\u043c\"}]},{\"@type\":\"WebSite\",\"@id\":\"https:\\\/\\\/parketasala.lv\\\/ru\\\/#website\",\"url\":\"https:\\\/\\\/parketasala.lv\\\/ru\\\/\",\"name\":\"Parketa Sala\",\"description\":\"Pla&scaron;s lamin\u0101ta, vinila, parketa un kor\u0137a gr\u012bdu kl\u0101sts\",\"publisher\":{\"@id\":\"https:\\\/\\\/parketasala.lv\\\/ru\\\/#organization\"},\"potentialAction\":[{\"@type\":\"SearchAction\",\"target\":{\"@type\":\"EntryPoint\",\"urlTemplate\":\"https:\\\/\\\/parketasala.lv\\\/ru\\\/?s={search_term_string}\"},\"query-input\":{\"@type\":\"PropertyValueSpecification\",\"valueRequired\":true,\"valueName\":\"search_term_string\"}}],\"inLanguage\":\"ru-RU\"},{\"@type\":\"Organization\",\"@id\":\"https:\\\/\\\/parketasala.lv\\\/ru\\\/#organization\",\"name\":\"Parketa Sala\",\"url\":\"https:\\\/\\\/parketasala.lv\\\/ru\\\/\",\"logo\":{\"@type\":\"ImageObject\",\"inLanguage\":\"ru-RU\",\"@id\":\"https:\\\/\\\/parketasala.lv\\\/ru\\\/#\\\/schema\\\/logo\\\/image\\\/\",\"url\":\"https:\\\/\\\/parketasala.lv\\\/wp-content\\\/uploads\\\/2019\\\/12\\\/Logo-x3.png\",\"contentUrl\":\"https:\\\/\\\/parketasala.lv\\\/wp-content\\\/uploads\\\/2019\\\/12\\\/Logo-x3.png\",\"width\":660,\"height\":137,\"caption\":\"Parketa Sala\"},\"image\":{\"@id\":\"https:\\\/\\\/parketasala.lv\\\/ru\\\/#\\\/schema\\\/logo\\\/image\\\/\"},\"sameAs\":[\"https:\\\/\\\/www.facebook.com\\\/parketasala\\\/\",\"https:\\\/\\\/www.instagram.com\\\/parketasala\\\/\"]}]}<\/script>\n<!-- \/ Yoast SEO plugin. -->","yoast_head_json":{"title":"\u041c\u043e\u043d\u0442\u0430\u0436\u043d\u044b\u0435 \u043a\u043b\u0438\u043f\u0441\u044b \u0434\u043b\u044f \u043f\u0430\u0440\u043a\u0435\u0442\u0430 Haro 13,5 \u043c\u043c &#8211; Parketa Sala","robots":{"index,follow":"index,follow"},"canonical":"https:\/\/parketasala.lv\/ru\/product\/%d0%bc%d0%be%d0%bd%d1%82%d0%b0%d0%b6%d0%bd%d1%8b%d0%b5-%d0%ba%d0%bb%d0%b8%d0%bf%d1%81%d1%8b-%d0%b4%d0%bb%d1%8f-%d0%bf%d0%b0%d1%80%d0%ba%d0%b5%d1%82%d0%b0-haro-135-%d0%bc%d0%bc\/","og_locale":"ru_RU","og_type":"article","og_title":"\u041c\u043e\u043d\u0442\u0430\u0436\u043d\u044b\u0435 \u043a\u043b\u0438\u043f\u0441\u044b \u0434\u043b\u044f \u043f\u0430\u0440\u043a\u0435\u0442\u0430 Haro 13,5 \u043c\u043c &#8211; Parketa Sala","og_description":"\u041a\u043b\u0438\u043f\u0441\u044b \u043f\u0440\u0435\u0434\u043d\u0430\u0437\u043d\u0430\u0447\u0435\u043d\u044b \u0434\u043b\u044f \u043d\u0430\u0441\u0442\u0435\u043d\u043d\u043e\u0433\u043e \u043c\u043e\u043d\u0442\u0430\u0436\u0430 \u043f\u0430\u0440\u043a\u0435\u0442\u0430 HARO. \u041f\u043e\u043b\u043d\u044b\u0439 \u043a\u043e\u043c\u043f\u043b\u0435\u043a\u0442 \u0434\u043b\u044f \u043c\u043e\u043d\u0442\u0430\u0436\u0430 \u0441\u043e\u0441\u0442\u043e\u0438\u0442 \u0438\u0437 \u043c\u043e\u043d\u0442\u0430\u0436\u043d\u044b\u0445 \u0448\u0438\u043d, \u0441\u0442\u0430\u0440\u0442\u043e\u0432\u044b\u0445\/\u043a\u043e\u043d\u0435\u0447\u043d\u044b\u0445 \u0437\u0430\u0436\u0438\u043c\u043e\u0432 \u0438 \u043c\u043e\u043d\u0442\u0430\u0436\u043d\u044b\u0445 \u043a\u043b\u0438\u043f\u0441.","og_url":"https:\/\/parketasala.lv\/ru\/product\/%d0%bc%d0%be%d0%bd%d1%82%d0%b0%d0%b6%d0%bd%d1%8b%d0%b5-%d0%ba%d0%bb%d0%b8%d0%bf%d1%81%d1%8b-%d0%b4%d0%bb%d1%8f-%d0%bf%d0%b0%d1%80%d0%ba%d0%b5%d1%82%d0%b0-haro-135-%d0%bc%d0%bc\/","og_site_name":"Parketa Sala","article_publisher":"https:\/\/www.facebook.com\/parketasala\/","og_image":[{"width":1000,"height":1000,"url":"https:\/\/parketasala.lv\/wp-content\/uploads\/2020\/01\/409372_HARO_Boden-an-der-Wand_Befestigungsklammer_Laminat-Celenio-8mm_PLZ.jpg","type":"image\/jpeg"}],"twitter_card":"summary_large_image","schema":{"@context":"https:\/\/schema.org","@graph":[{"@type":"WebPage","@id":"https:\/\/parketasala.lv\/ru\/product\/%d0%bc%d0%be%d0%bd%d1%82%d0%b0%d0%b6%d0%bd%d1%8b%d0%b5-%d0%ba%d0%bb%d0%b8%d0%bf%d1%81%d1%8b-%d0%b4%d0%bb%d1%8f-%d0%bf%d0%b0%d1%80%d0%ba%d0%b5%d1%82%d0%b0-haro-135-%d0%bc%d0%bc\/","url":"https:\/\/parketasala.lv\/ru\/product\/%d0%bc%d0%be%d0%bd%d1%82%d0%b0%d0%b6%d0%bd%d1%8b%d0%b5-%d0%ba%d0%bb%d0%b8%d0%bf%d1%81%d1%8b-%d0%b4%d0%bb%d1%8f-%d0%bf%d0%b0%d1%80%d0%ba%d0%b5%d1%82%d0%b0-haro-135-%d0%bc%d0%bc\/","name":"\u041c\u043e\u043d\u0442\u0430\u0436\u043d\u044b\u0435 \u043a\u043b\u0438\u043f\u0441\u044b \u0434\u043b\u044f \u043f\u0430\u0440\u043a\u0435\u0442\u0430 Haro 13,5 \u043c\u043c &#8211; Parketa Sala","isPartOf":{"@id":"https:\/\/parketasala.lv\/ru\/#website"},"primaryImageOfPage":{"@id":"https:\/\/parketasala.lv\/ru\/product\/%d0%bc%d0%be%d0%bd%d1%82%d0%b0%d0%b6%d0%bd%d1%8b%d0%b5-%d0%ba%d0%bb%d0%b8%d0%bf%d1%81%d1%8b-%d0%b4%d0%bb%d1%8f-%d0%bf%d0%b0%d1%80%d0%ba%d0%b5%d1%82%d0%b0-haro-135-%d0%bc%d0%bc\/#primaryimage"},"image":{"@id":"https:\/\/parketasala.lv\/ru\/product\/%d0%bc%d0%be%d0%bd%d1%82%d0%b0%d0%b6%d0%bd%d1%8b%d0%b5-%d0%ba%d0%bb%d0%b8%d0%bf%d1%81%d1%8b-%d0%b4%d0%bb%d1%8f-%d0%bf%d0%b0%d1%80%d0%ba%d0%b5%d1%82%d0%b0-haro-135-%d0%bc%d0%bc\/#primaryimage"},"thumbnailUrl":"https:\/\/parketasala.lv\/wp-content\/uploads\/2020\/01\/409372_HARO_Boden-an-der-Wand_Befestigungsklammer_Laminat-Celenio-8mm_PLZ-768x768.jpg.webp","datePublished":"2020-01-21T08:14:31+00:00","breadcrumb":{"@id":"https:\/\/parketasala.lv\/ru\/product\/%d0%bc%d0%be%d0%bd%d1%82%d0%b0%d0%b6%d0%bd%d1%8b%d0%b5-%d0%ba%d0%bb%d0%b8%d0%bf%d1%81%d1%8b-%d0%b4%d0%bb%d1%8f-%d0%bf%d0%b0%d1%80%d0%ba%d0%b5%d1%82%d0%b0-haro-135-%d0%bc%d0%bc\/#breadcrumb"},"inLanguage":"ru-RU","potentialAction":[{"@type":"ReadAction","target":["https:\/\/parketasala.lv\/ru\/product\/%d0%bc%d0%be%d0%bd%d1%82%d0%b0%d0%b6%d0%bd%d1%8b%d0%b5-%d0%ba%d0%bb%d0%b8%d0%bf%d1%81%d1%8b-%d0%b4%d0%bb%d1%8f-%d0%bf%d0%b0%d1%80%d0%ba%d0%b5%d1%82%d0%b0-haro-135-%d0%bc%d0%bc\/"]}]},{"@type":"ImageObject","inLanguage":"ru-RU","@id":"https:\/\/parketasala.lv\/ru\/product\/%d0%bc%d0%be%d0%bd%d1%82%d0%b0%d0%b6%d0%bd%d1%8b%d0%b5-%d0%ba%d0%bb%d0%b8%d0%bf%d1%81%d1%8b-%d0%b4%d0%bb%d1%8f-%d0%bf%d0%b0%d1%80%d0%ba%d0%b5%d1%82%d0%b0-haro-135-%d0%bc%d0%bc\/#primaryimage","url":"https:\/\/parketasala.lv\/wp-content\/uploads\/2020\/01\/409372_HARO_Boden-an-der-Wand_Befestigungsklammer_Laminat-Celenio-8mm_PLZ-768x768.jpg.webp","contentUrl":"https:\/\/parketasala.lv\/wp-content\/uploads\/2020\/01\/409372_HARO_Boden-an-der-Wand_Befestigungsklammer_Laminat-Celenio-8mm_PLZ-768x768.jpg.webp","width":1000,"height":1000,"caption":"klip\u0161i haro 409372"},{"@type":"BreadcrumbList","@id":"https:\/\/parketasala.lv\/ru\/product\/%d0%bc%d0%be%d0%bd%d1%82%d0%b0%d0%b6%d0%bd%d1%8b%d0%b5-%d0%ba%d0%bb%d0%b8%d0%bf%d1%81%d1%8b-%d0%b4%d0%bb%d1%8f-%d0%bf%d0%b0%d1%80%d0%ba%d0%b5%d1%82%d0%b0-haro-135-%d0%bc%d0%bc\/#breadcrumb","itemListElement":[{"@type":"ListItem","position":1,"name":"Home","item":"https:\/\/parketasala.lv\/ru\/%d0%b3%d0%bb%d0%b0%d0%b2%d0%bd%d0%b0%d1%8f\/"},{"@type":"ListItem","position":2,"name":"\u041c\u0430\u0433\u0430\u0437\u0438\u043d","item":"https:\/\/parketasala.lv\/ru\/%d0%bc%d0%b0%d0%b3%d0%b0%d0%b7%d0%b8%d0%bd\/"},{"@type":"ListItem","position":3,"name":"\u041c\u043e\u043d\u0442\u0430\u0436\u043d\u044b\u0435 \u043a\u043b\u0438\u043f\u0441\u044b \u0434\u043b\u044f \u043f\u0430\u0440\u043a\u0435\u0442\u0430 Haro 13,5 \u043c\u043c"}]},{"@type":"WebSite","@id":"https:\/\/parketasala.lv\/ru\/#website","url":"https:\/\/parketasala.lv\/ru\/","name":"Parketa Sala","description":"Pla&scaron;s lamin\u0101ta, vinila, parketa un kor\u0137a gr\u012bdu kl\u0101sts","publisher":{"@id":"https:\/\/parketasala.lv\/ru\/#organization"},"potentialAction":[{"@type":"SearchAction","target":{"@type":"EntryPoint","urlTemplate":"https:\/\/parketasala.lv\/ru\/?s={search_term_string}"},"query-input":{"@type":"PropertyValueSpecification","valueRequired":true,"valueName":"search_term_string"}}],"inLanguage":"ru-RU"},{"@type":"Organization","@id":"https:\/\/parketasala.lv\/ru\/#organization","name":"Parketa Sala","url":"https:\/\/parketasala.lv\/ru\/","logo":{"@type":"ImageObject","inLanguage":"ru-RU","@id":"https:\/\/parketasala.lv\/ru\/#\/schema\/logo\/image\/","url":"https:\/\/parketasala.lv\/wp-content\/uploads\/2019\/12\/Logo-x3.png","contentUrl":"https:\/\/parketasala.lv\/wp-content\/uploads\/2019\/12\/Logo-x3.png","width":660,"height":137,"caption":"Parketa Sala"},"image":{"@id":"https:\/\/parketasala.lv\/ru\/#\/schema\/logo\/image\/"},"sameAs":["https:\/\/www.facebook.com\/parketasala\/","https:\/\/www.instagram.com\/parketasala\/"]}]}},"_links":{"self":[{"href":"https:\/\/parketasala.lv\/ru\/wp-json\/wp\/v2\/product\/24967","targetHints":{"allow":["GET"]}}],"collection":[{"href":"https:\/\/parketasala.lv\/ru\/wp-json\/wp\/v2\/product"}],"about":[{"href":"https:\/\/parketasala.lv\/ru\/wp-json\/wp\/v2\/types\/product"}],"wp:featuredmedia":[{"embeddable":true,"href":"https:\/\/parketasala.lv\/ru\/wp-json\/wp\/v2\/media\/668"}],"wp:attachment":[{"href":"https:\/\/parketasala.lv\/ru\/wp-json\/wp\/v2\/media?parent=24967"}],"wp:term":[{"taxonomy":"product_brand","embeddable":true,"href":"https:\/\/parketasala.lv\/ru\/wp-json\/wp\/v2\/product_brand?post=24967"},{"taxonomy":"product_cat","embeddable":true,"href":"https:\/\/parketasala.lv\/ru\/wp-json\/wp\/v2\/product_cat?post=24967"},{"taxonomy":"product_tag","embeddable":true,"href":"https:\/\/parketasala.lv\/ru\/wp-json\/wp\/v2\/product_tag?post=24967"}],"curies":[{"name":"wp","href":"https:\/\/api.w.org\/{rel}","templated":true}]}}