{"id":24343,"date":"2025-01-09T12:49:06","date_gmt":"2025-01-09T12:49:06","guid":{"rendered":"https:\/\/parketasala.lv\/product\/%d0%bd%d0%b0%d0%bf%d0%be%d0%bb%d1%8c%d0%bd%d0%b0%d1%8f-%d0%bf%d0%bb%d0%b8%d1%82%d0%ba%d0%b0-quick-step-%d0%b4%d0%bb%d1%8f-%d0%b2%d0%b8%d0%bd%d0%b8%d0%bb%d0%be%d0%b2%d1%8b%d1%85-%d0%bf%d0%be%d0%bb-6\/"},"modified":"2025-01-09T12:49:06","modified_gmt":"2025-01-09T12:49:06","slug":"%d0%bd%d0%b0%d0%bf%d0%be%d0%bb%d1%8c%d0%bd%d0%b0%d1%8f-%d0%bf%d0%bb%d0%b8%d1%82%d0%ba%d0%b0-quick-step-%d0%b4%d0%bb%d1%8f-%d0%b2%d0%b8%d0%bd%d0%b8%d0%bb%d0%be%d0%b2%d1%8b%d1%85-%d0%bf%d0%be%d0%bb-6","status":"publish","type":"product","link":"https:\/\/parketasala.lv\/ru\/product\/%d0%bd%d0%b0%d0%bf%d0%be%d0%bb%d1%8c%d0%bd%d0%b0%d1%8f-%d0%bf%d0%bb%d0%b8%d1%82%d0%ba%d0%b0-quick-step-%d0%b4%d0%bb%d1%8f-%d0%b2%d0%b8%d0%bd%d0%b8%d0%bb%d0%be%d0%b2%d1%8b%d1%85-%d0%bf%d0%be%d0%bb-6\/","title":{"rendered":"\u041d\u0430\u043f\u043e\u043b\u044c\u043d\u0430\u044f \u043f\u043b\u0438\u0442\u043a\u0430 Quick-Step \u0434\u043b\u044f \u0432\u0438\u043d\u0438\u043b\u043e\u0432\u044b\u0445 \u043f\u043e\u043b\u043e\u0432 20317"},"content":{"rendered":"<p>\u041f\u043b\u0438\u043d\u0442\u0443\u0441\u044b Quick-Step \u0438\u0434\u0435\u0430\u043b\u044c\u043d\u043e \u043f\u043e\u0434\u0445\u043e\u0434\u044f\u0442 \u043a \u043a\u0430\u0436\u0434\u043e\u043c\u0443 \u0432\u0438\u043d\u0438\u043b\u043e\u0432\u043e\u043c\u0443 \u043f\u043e\u043b\u0443, \u043f\u043e\u0442\u043e\u043c\u0443 \u0447\u0442\u043e \u043e\u043d\u0438 \u043f\u0440\u043e\u0438\u0437\u0432\u043e\u0434\u044f\u0442\u0441\u044f \u043d\u0430 \u0442\u043e\u043c \u0436\u0435 \u0437\u0430\u0432\u043e\u0434\u0435 \u0438\u0437 \u0442\u043e\u0433\u043e \u0436\u0435 \u043c\u0430\u0442\u0435\u0440\u0438\u0430\u043b\u0430, \u0447\u0442\u043e \u0438 \u0432\u0438\u043d\u0438\u043b\u043e\u0432\u044b\u0439 \u043f\u043e\u043b.<\/p>\n<h5><\/h5>\n<p>\u041e\u043d\u0438 100% \u0432\u043e\u0434\u043e\u043d\u0435\u043f\u0440\u043e\u043d\u0438\u0446\u0430\u0435\u043c\u044b, \u0443\u0434\u0430\u0440\u043e\u043f\u0440\u043e\u0447\u043d\u044b \u0438 \u0443\u0441\u0442\u043e\u0439\u0447\u0438\u0432\u044b \u043a \u0446\u0430\u0440\u0430\u043f\u0438\u043d\u0430\u043c.<\/p>\n<h5><\/h5>\n<p>\u041e\u043d\u0438 \u0433\u0438\u0431\u043a\u0438\u0435, \u043f\u043e\u044d\u0442\u043e\u043c\u0443 \u0445\u043e\u0440\u043e\u0448\u043e \u043f\u0440\u0438\u043b\u0435\u0433\u0430\u044e\u0442 \u0434\u0430\u0436\u0435 \u043a \u043d\u0435 \u043e\u0447\u0435\u043d\u044c \u0440\u043e\u0432\u043d\u043e\u0439 \u043f\u043b\u043e\u0441\u043a\u043e\u0441\u0442\u0438 \u0441\u0442\u0435\u043d\u044b.<\/p>\n<h5><\/h5>\n<p>\u0411\u043b\u0430\u0433\u043e\u0434\u0430\u0440\u044f \u0448\u0438\u0440\u043e\u043a\u043e\u0439 \u0433\u0430\u043c\u043c\u0435 \u043e\u0442\u0442\u0435\u043d\u043a\u043e\u0432 \u043c\u043e\u0436\u043d\u043e \u0442\u0430\u043a\u0436\u0435 \u043f\u043e\u0434\u043e\u0431\u0440\u0430\u0442\u044c \u043f\u043e\u0434\u0445\u043e\u0434\u044f\u0449\u0438\u0439 \u0446\u0432\u0435\u0442 \u0434\u043b\u044f \u043f\u043e\u043b\u043e\u0432 \u0434\u0440\u0443\u0433\u0438\u0445 \u043f\u0440\u043e\u0438\u0437\u0432\u043e\u0434\u0438\u0442\u0435\u043b\u0435\u0439, \u043d\u0435 \u043f\u0440\u0435\u0434\u043b\u0430\u0433\u0430\u044e\u0449\u0438\u0445 \u043e\u0440\u0438\u0433\u0438\u043d\u0430\u043b\u044c\u043d\u044b\u0435 \u043f\u043b\u0438\u043d\u0442\u0443\u0441\u044b.<\/p>\n<h4><\/h4>\n<p>\u0412\u0438\u0434\u044b \u043f\u0440\u0438\u0432\u044f\u0437\u0430\u043d\u043d\u043e\u0441\u0442\u0438:<\/p>\n<ol>\n<li style=\"list-style-type: none;\">\n<ol>\n<li>\u041a\u043b\u0435\u0439 <a href=\"https:\/\/parketasala.lv\/ru\/product\/%d0%bc%d0%be%d0%bd%d1%82%d0%b0%d0%b6%d0%bd%d1%8b%d0%b9-%d0%ba%d0%bb%d0%b5%d0%b9-bostik-msp108\/\">MSP108<\/a>, <a href=\"https:\/\/parketasala.lv\/ru\/product\/%d0%ba%d0%bb%d0%b5%d0%b9-quick-step-one4all\/\" target=\"_blank\" rel=\"noopener noreferrer\">ONE4ALLGLUE <\/a> <\/li>\n<\/ol>\n<\/li>\n<\/ol>\n<h1><\/h1>\n<p><strong>\u041f\u0440\u0435\u0434\u043b\u0430\u0433\u0430\u0435\u0442\u0441\u044f \u0442\u043e\u043b\u044c\u043a\u043e \u0432 \u043f\u043e\u043b\u043d\u043e\u0439 \u0443\u043f\u0430\u043a\u043e\u0432\u043a\u0435 \u0438\u0437 6 \u043f\u043b\u0438\u043d\u0442\u0443\u0441\u043e\u0432 (11,22 \u043c).<\/strong><\/p>\n","protected":false},"excerpt":{"rendered":"<p>\u041f\u043b\u0438\u043d\u0442\u0443\u0441\u044b Quick-Step \u0438\u0434\u0435\u0430\u043b\u044c\u043d\u043e \u043f\u043e\u0434\u0445\u043e\u0434\u044f\u0442 \u043a \u043a\u0430\u0436\u0434\u043e\u043c\u0443 \u0432\u0438\u043d\u0438\u043b\u043e\u0432\u043e\u043c\u0443 \u043f\u043e\u043b\u0443, \u043f\u043e\u0442\u043e\u043c\u0443 \u0447\u0442\u043e \u043e\u043d\u0438 \u043f\u0440\u043e\u0438\u0437\u0432\u043e\u0434\u044f\u0442\u0441\u044f \u043d\u0430 \u0442\u043e\u043c \u0436\u0435 \u0437\u0430\u0432\u043e\u0434\u0435 \u0438\u0437 \u0442\u043e\u0433\u043e \u0436\u0435 \u043c\u0430\u0442\u0435\u0440\u0438\u0430\u043b\u0430, \u0447\u0442\u043e \u0438 \u0432\u0438\u043d\u0438\u043b\u043e\u0432\u044b\u0439 \u043f\u043e\u043b. \u041e\u043d\u0438 100% \u0432\u043e\u0434\u043e\u043d\u0435\u043f\u0440\u043e\u043d\u0438\u0446\u0430\u0435\u043c\u044b, \u0443\u0434\u0430\u0440\u043e\u043f\u0440\u043e\u0447\u043d\u044b \u0438 \u0443\u0441\u0442\u043e\u0439\u0447\u0438\u0432\u044b \u043a \u0446\u0430\u0440\u0430\u043f\u0438\u043d\u0430\u043c. \u041e\u043d\u0438 \u0433\u0438\u0431\u043a\u0438\u0435, \u043f\u043e\u044d\u0442\u043e\u043c\u0443 \u0445\u043e\u0440\u043e\u0448\u043e \u043f\u0440\u0438\u043b\u0435\u0433\u0430\u044e\u0442 \u0434\u0430\u0436\u0435 \u043a \u043d\u0435 \u043e\u0447\u0435\u043d\u044c \u0440\u043e\u0432\u043d\u043e\u0439 \u043f\u043b\u043e\u0441\u043a\u043e\u0441\u0442\u0438 \u0441\u0442\u0435\u043d\u044b. \u0411\u043b\u0430\u0433\u043e\u0434\u0430\u0440\u044f \u0448\u0438\u0440\u043e\u043a\u043e\u0439 \u0433\u0430\u043c\u043c\u0435 \u043e\u0442\u0442\u0435\u043d\u043a\u043e\u0432 \u043c\u043e\u0436\u043d\u043e \u0442\u0430\u043a\u0436\u0435 \u043f\u043e\u0434\u043e\u0431\u0440\u0430\u0442\u044c \u043f\u043e\u0434\u0445\u043e\u0434\u044f\u0449\u0438\u0439 \u0446\u0432\u0435\u0442 \u0434\u043b\u044f \u043f\u043e\u043b\u043e\u0432 [&hellip;]<\/p>\n","protected":false},"featured_media":24344,"template":"","meta":{"_acf_changed":false},"product_brand":[],"product_cat":[711,714],"product_tag":[],"class_list":{"0":"post-24343","1":"product","2":"type-product","3":"status-publish","4":"has-post-thumbnail","6":"product_cat-711","7":"product_cat-714","9":"first","10":"onbackorder","11":"taxable","12":"shipping-taxable","13":"purchasable","14":"product-type-simple"},"acf":[],"yoast_head":"<!-- This site is optimized with the Yoast SEO plugin v27.3 - https:\/\/yoast.com\/product\/yoast-seo-wordpress\/ -->\n<title>\u041d\u0430\u043f\u043e\u043b\u044c\u043d\u0430\u044f \u043f\u043b\u0438\u0442\u043a\u0430 Quick-Step \u0434\u043b\u044f \u0432\u0438\u043d\u0438\u043b\u043e\u0432\u044b\u0445 \u043f\u043e\u043b\u043e\u0432 20317 &#8211; Parketa Sala<\/title>\n<meta name=\"robots\" content=\"index,follow\" \/>\n<link rel=\"canonical\" href=\"https:\/\/parketasala.lv\/ru\/product\/%d0%bd%d0%b0%d0%bf%d0%be%d0%bb%d1%8c%d0%bd%d0%b0%d1%8f-%d0%bf%d0%bb%d0%b8%d1%82%d0%ba%d0%b0-quick-step-%d0%b4%d0%bb%d1%8f-%d0%b2%d0%b8%d0%bd%d0%b8%d0%bb%d0%be%d0%b2%d1%8b%d1%85-%d0%bf%d0%be%d0%bb-6\/\" \/>\n<meta property=\"og:locale\" content=\"ru_RU\" \/>\n<meta property=\"og:type\" content=\"article\" \/>\n<meta property=\"og:title\" content=\"\u041d\u0430\u043f\u043e\u043b\u044c\u043d\u0430\u044f \u043f\u043b\u0438\u0442\u043a\u0430 Quick-Step \u0434\u043b\u044f \u0432\u0438\u043d\u0438\u043b\u043e\u0432\u044b\u0445 \u043f\u043e\u043b\u043e\u0432 20317 &#8211; Parketa Sala\" \/>\n<meta property=\"og:description\" content=\"\u041f\u043b\u0438\u043d\u0442\u0443\u0441\u044b Quick-Step \u0438\u0434\u0435\u0430\u043b\u044c\u043d\u043e \u043f\u043e\u0434\u0445\u043e\u0434\u044f\u0442 \u043a \u043a\u0430\u0436\u0434\u043e\u043c\u0443 \u0432\u0438\u043d\u0438\u043b\u043e\u0432\u043e\u043c\u0443 \u043f\u043e\u043b\u0443, \u043f\u043e\u0442\u043e\u043c\u0443 \u0447\u0442\u043e \u043e\u043d\u0438 \u043f\u0440\u043e\u0438\u0437\u0432\u043e\u0434\u044f\u0442\u0441\u044f \u043d\u0430 \u0442\u043e\u043c \u0436\u0435 \u0437\u0430\u0432\u043e\u0434\u0435 \u0438\u0437 \u0442\u043e\u0433\u043e \u0436\u0435 \u043c\u0430\u0442\u0435\u0440\u0438\u0430\u043b\u0430, \u0447\u0442\u043e \u0438 \u0432\u0438\u043d\u0438\u043b\u043e\u0432\u044b\u0439 \u043f\u043e\u043b. \u041e\u043d\u0438 100% \u0432\u043e\u0434\u043e\u043d\u0435\u043f\u0440\u043e\u043d\u0438\u0446\u0430\u0435\u043c\u044b, \u0443\u0434\u0430\u0440\u043e\u043f\u0440\u043e\u0447\u043d\u044b \u0438 \u0443\u0441\u0442\u043e\u0439\u0447\u0438\u0432\u044b \u043a \u0446\u0430\u0440\u0430\u043f\u0438\u043d\u0430\u043c. \u041e\u043d\u0438 \u0433\u0438\u0431\u043a\u0438\u0435, \u043f\u043e\u044d\u0442\u043e\u043c\u0443 \u0445\u043e\u0440\u043e\u0448\u043e \u043f\u0440\u0438\u043b\u0435\u0433\u0430\u044e\u0442 \u0434\u0430\u0436\u0435 \u043a \u043d\u0435 \u043e\u0447\u0435\u043d\u044c \u0440\u043e\u0432\u043d\u043e\u0439 \u043f\u043b\u043e\u0441\u043a\u043e\u0441\u0442\u0438 \u0441\u0442\u0435\u043d\u044b. \u0411\u043b\u0430\u0433\u043e\u0434\u0430\u0440\u044f \u0448\u0438\u0440\u043e\u043a\u043e\u0439 \u0433\u0430\u043c\u043c\u0435 \u043e\u0442\u0442\u0435\u043d\u043a\u043e\u0432 \u043c\u043e\u0436\u043d\u043e \u0442\u0430\u043a\u0436\u0435 \u043f\u043e\u0434\u043e\u0431\u0440\u0430\u0442\u044c \u043f\u043e\u0434\u0445\u043e\u0434\u044f\u0449\u0438\u0439 \u0446\u0432\u0435\u0442 \u0434\u043b\u044f \u043f\u043e\u043b\u043e\u0432 [&hellip;]\" \/>\n<meta property=\"og:url\" content=\"https:\/\/parketasala.lv\/ru\/product\/%d0%bd%d0%b0%d0%bf%d0%be%d0%bb%d1%8c%d0%bd%d0%b0%d1%8f-%d0%bf%d0%bb%d0%b8%d1%82%d0%ba%d0%b0-quick-step-%d0%b4%d0%bb%d1%8f-%d0%b2%d0%b8%d0%bd%d0%b8%d0%bb%d0%be%d0%b2%d1%8b%d1%85-%d0%bf%d0%be%d0%bb-6\/\" \/>\n<meta property=\"og:site_name\" content=\"Parketa Sala\" \/>\n<meta property=\"article:publisher\" content=\"https:\/\/www.facebook.com\/parketasala\/\" \/>\n<meta property=\"og:image\" content=\"https:\/\/parketasala.lv\/wp-content\/uploads\/2025\/01\/QSVSKDB20317.jpeg\" \/>\n\t<meta property=\"og:image:width\" content=\"768\" \/>\n\t<meta property=\"og:image:height\" content=\"768\" \/>\n\t<meta property=\"og:image:type\" content=\"image\/jpeg\" \/>\n<meta name=\"twitter:card\" content=\"summary_large_image\" \/>\n<script type=\"application\/ld+json\" class=\"yoast-schema-graph\">{\"@context\":\"https:\\\/\\\/schema.org\",\"@graph\":[{\"@type\":\"WebPage\",\"@id\":\"https:\\\/\\\/parketasala.lv\\\/ru\\\/product\\\/%d0%bd%d0%b0%d0%bf%d0%be%d0%bb%d1%8c%d0%bd%d0%b0%d1%8f-%d0%bf%d0%bb%d0%b8%d1%82%d0%ba%d0%b0-quick-step-%d0%b4%d0%bb%d1%8f-%d0%b2%d0%b8%d0%bd%d0%b8%d0%bb%d0%be%d0%b2%d1%8b%d1%85-%d0%bf%d0%be%d0%bb-6\\\/\",\"url\":\"https:\\\/\\\/parketasala.lv\\\/ru\\\/product\\\/%d0%bd%d0%b0%d0%bf%d0%be%d0%bb%d1%8c%d0%bd%d0%b0%d1%8f-%d0%bf%d0%bb%d0%b8%d1%82%d0%ba%d0%b0-quick-step-%d0%b4%d0%bb%d1%8f-%d0%b2%d0%b8%d0%bd%d0%b8%d0%bb%d0%be%d0%b2%d1%8b%d1%85-%d0%bf%d0%be%d0%bb-6\\\/\",\"name\":\"\u041d\u0430\u043f\u043e\u043b\u044c\u043d\u0430\u044f \u043f\u043b\u0438\u0442\u043a\u0430 Quick-Step \u0434\u043b\u044f \u0432\u0438\u043d\u0438\u043b\u043e\u0432\u044b\u0445 \u043f\u043e\u043b\u043e\u0432 20317 &#8211; Parketa Sala\",\"isPartOf\":{\"@id\":\"https:\\\/\\\/parketasala.lv\\\/ru\\\/#website\"},\"primaryImageOfPage\":{\"@id\":\"https:\\\/\\\/parketasala.lv\\\/ru\\\/product\\\/%d0%bd%d0%b0%d0%bf%d0%be%d0%bb%d1%8c%d0%bd%d0%b0%d1%8f-%d0%bf%d0%bb%d0%b8%d1%82%d0%ba%d0%b0-quick-step-%d0%b4%d0%bb%d1%8f-%d0%b2%d0%b8%d0%bd%d0%b8%d0%bb%d0%be%d0%b2%d1%8b%d1%85-%d0%bf%d0%be%d0%bb-6\\\/#primaryimage\"},\"image\":{\"@id\":\"https:\\\/\\\/parketasala.lv\\\/ru\\\/product\\\/%d0%bd%d0%b0%d0%bf%d0%be%d0%bb%d1%8c%d0%bd%d0%b0%d1%8f-%d0%bf%d0%bb%d0%b8%d1%82%d0%ba%d0%b0-quick-step-%d0%b4%d0%bb%d1%8f-%d0%b2%d0%b8%d0%bd%d0%b8%d0%bb%d0%be%d0%b2%d1%8b%d1%85-%d0%bf%d0%be%d0%bb-6\\\/#primaryimage\"},\"thumbnailUrl\":\"https:\\\/\\\/parketasala.lv\\\/wp-content\\\/uploads\\\/2025\\\/01\\\/QSVSKDB20317.jpeg\",\"datePublished\":\"2025-01-09T12:49:06+00:00\",\"breadcrumb\":{\"@id\":\"https:\\\/\\\/parketasala.lv\\\/ru\\\/product\\\/%d0%bd%d0%b0%d0%bf%d0%be%d0%bb%d1%8c%d0%bd%d0%b0%d1%8f-%d0%bf%d0%bb%d0%b8%d1%82%d0%ba%d0%b0-quick-step-%d0%b4%d0%bb%d1%8f-%d0%b2%d0%b8%d0%bd%d0%b8%d0%bb%d0%be%d0%b2%d1%8b%d1%85-%d0%bf%d0%be%d0%bb-6\\\/#breadcrumb\"},\"inLanguage\":\"ru-RU\",\"potentialAction\":[{\"@type\":\"ReadAction\",\"target\":[\"https:\\\/\\\/parketasala.lv\\\/ru\\\/product\\\/%d0%bd%d0%b0%d0%bf%d0%be%d0%bb%d1%8c%d0%bd%d0%b0%d1%8f-%d0%bf%d0%bb%d0%b8%d1%82%d0%ba%d0%b0-quick-step-%d0%b4%d0%bb%d1%8f-%d0%b2%d0%b8%d0%bd%d0%b8%d0%bb%d0%be%d0%b2%d1%8b%d1%85-%d0%bf%d0%be%d0%bb-6\\\/\"]}]},{\"@type\":\"ImageObject\",\"inLanguage\":\"ru-RU\",\"@id\":\"https:\\\/\\\/parketasala.lv\\\/ru\\\/product\\\/%d0%bd%d0%b0%d0%bf%d0%be%d0%bb%d1%8c%d0%bd%d0%b0%d1%8f-%d0%bf%d0%bb%d0%b8%d1%82%d0%ba%d0%b0-quick-step-%d0%b4%d0%bb%d1%8f-%d0%b2%d0%b8%d0%bd%d0%b8%d0%bb%d0%be%d0%b2%d1%8b%d1%85-%d0%bf%d0%be%d0%bb-6\\\/#primaryimage\",\"url\":\"https:\\\/\\\/parketasala.lv\\\/wp-content\\\/uploads\\\/2025\\\/01\\\/QSVSKDB20317.jpeg\",\"contentUrl\":\"https:\\\/\\\/parketasala.lv\\\/wp-content\\\/uploads\\\/2025\\\/01\\\/QSVSKDB20317.jpeg\",\"width\":768,\"height\":768,\"caption\":\"Quick-Step gr\u012bdl\u012bste vinila gr\u012bdai\"},{\"@type\":\"BreadcrumbList\",\"@id\":\"https:\\\/\\\/parketasala.lv\\\/ru\\\/product\\\/%d0%bd%d0%b0%d0%bf%d0%be%d0%bb%d1%8c%d0%bd%d0%b0%d1%8f-%d0%bf%d0%bb%d0%b8%d1%82%d0%ba%d0%b0-quick-step-%d0%b4%d0%bb%d1%8f-%d0%b2%d0%b8%d0%bd%d0%b8%d0%bb%d0%be%d0%b2%d1%8b%d1%85-%d0%bf%d0%be%d0%bb-6\\\/#breadcrumb\",\"itemListElement\":[{\"@type\":\"ListItem\",\"position\":1,\"name\":\"Home\",\"item\":\"https:\\\/\\\/parketasala.lv\\\/ru\\\/%d0%b3%d0%bb%d0%b0%d0%b2%d0%bd%d0%b0%d1%8f\\\/\"},{\"@type\":\"ListItem\",\"position\":2,\"name\":\"\u041c\u0430\u0433\u0430\u0437\u0438\u043d\",\"item\":\"https:\\\/\\\/parketasala.lv\\\/ru\\\/%d0%bc%d0%b0%d0%b3%d0%b0%d0%b7%d0%b8%d0%bd\\\/\"},{\"@type\":\"ListItem\",\"position\":3,\"name\":\"\u041d\u0430\u043f\u043e\u043b\u044c\u043d\u0430\u044f \u043f\u043b\u0438\u0442\u043a\u0430 Quick-Step \u0434\u043b\u044f \u0432\u0438\u043d\u0438\u043b\u043e\u0432\u044b\u0445 \u043f\u043e\u043b\u043e\u0432 20317\"}]},{\"@type\":\"WebSite\",\"@id\":\"https:\\\/\\\/parketasala.lv\\\/ru\\\/#website\",\"url\":\"https:\\\/\\\/parketasala.lv\\\/ru\\\/\",\"name\":\"Parketa Sala\",\"description\":\"Pla&scaron;s lamin\u0101ta, vinila, parketa un kor\u0137a gr\u012bdu kl\u0101sts\",\"publisher\":{\"@id\":\"https:\\\/\\\/parketasala.lv\\\/ru\\\/#organization\"},\"potentialAction\":[{\"@type\":\"SearchAction\",\"target\":{\"@type\":\"EntryPoint\",\"urlTemplate\":\"https:\\\/\\\/parketasala.lv\\\/ru\\\/?s={search_term_string}\"},\"query-input\":{\"@type\":\"PropertyValueSpecification\",\"valueRequired\":true,\"valueName\":\"search_term_string\"}}],\"inLanguage\":\"ru-RU\"},{\"@type\":\"Organization\",\"@id\":\"https:\\\/\\\/parketasala.lv\\\/ru\\\/#organization\",\"name\":\"Parketa Sala\",\"url\":\"https:\\\/\\\/parketasala.lv\\\/ru\\\/\",\"logo\":{\"@type\":\"ImageObject\",\"inLanguage\":\"ru-RU\",\"@id\":\"https:\\\/\\\/parketasala.lv\\\/ru\\\/#\\\/schema\\\/logo\\\/image\\\/\",\"url\":\"https:\\\/\\\/parketasala.lv\\\/wp-content\\\/uploads\\\/2019\\\/12\\\/Logo-x3.png\",\"contentUrl\":\"https:\\\/\\\/parketasala.lv\\\/wp-content\\\/uploads\\\/2019\\\/12\\\/Logo-x3.png\",\"width\":660,\"height\":137,\"caption\":\"Parketa Sala\"},\"image\":{\"@id\":\"https:\\\/\\\/parketasala.lv\\\/ru\\\/#\\\/schema\\\/logo\\\/image\\\/\"},\"sameAs\":[\"https:\\\/\\\/www.facebook.com\\\/parketasala\\\/\",\"https:\\\/\\\/www.instagram.com\\\/parketasala\\\/\"]}]}<\/script>\n<!-- \/ Yoast SEO plugin. -->","yoast_head_json":{"title":"\u041d\u0430\u043f\u043e\u043b\u044c\u043d\u0430\u044f \u043f\u043b\u0438\u0442\u043a\u0430 Quick-Step \u0434\u043b\u044f \u0432\u0438\u043d\u0438\u043b\u043e\u0432\u044b\u0445 \u043f\u043e\u043b\u043e\u0432 20317 &#8211; Parketa Sala","robots":{"index,follow":"index,follow"},"canonical":"https:\/\/parketasala.lv\/ru\/product\/%d0%bd%d0%b0%d0%bf%d0%be%d0%bb%d1%8c%d0%bd%d0%b0%d1%8f-%d0%bf%d0%bb%d0%b8%d1%82%d0%ba%d0%b0-quick-step-%d0%b4%d0%bb%d1%8f-%d0%b2%d0%b8%d0%bd%d0%b8%d0%bb%d0%be%d0%b2%d1%8b%d1%85-%d0%bf%d0%be%d0%bb-6\/","og_locale":"ru_RU","og_type":"article","og_title":"\u041d\u0430\u043f\u043e\u043b\u044c\u043d\u0430\u044f \u043f\u043b\u0438\u0442\u043a\u0430 Quick-Step \u0434\u043b\u044f \u0432\u0438\u043d\u0438\u043b\u043e\u0432\u044b\u0445 \u043f\u043e\u043b\u043e\u0432 20317 &#8211; Parketa Sala","og_description":"\u041f\u043b\u0438\u043d\u0442\u0443\u0441\u044b Quick-Step \u0438\u0434\u0435\u0430\u043b\u044c\u043d\u043e \u043f\u043e\u0434\u0445\u043e\u0434\u044f\u0442 \u043a \u043a\u0430\u0436\u0434\u043e\u043c\u0443 \u0432\u0438\u043d\u0438\u043b\u043e\u0432\u043e\u043c\u0443 \u043f\u043e\u043b\u0443, \u043f\u043e\u0442\u043e\u043c\u0443 \u0447\u0442\u043e \u043e\u043d\u0438 \u043f\u0440\u043e\u0438\u0437\u0432\u043e\u0434\u044f\u0442\u0441\u044f \u043d\u0430 \u0442\u043e\u043c \u0436\u0435 \u0437\u0430\u0432\u043e\u0434\u0435 \u0438\u0437 \u0442\u043e\u0433\u043e \u0436\u0435 \u043c\u0430\u0442\u0435\u0440\u0438\u0430\u043b\u0430, \u0447\u0442\u043e \u0438 \u0432\u0438\u043d\u0438\u043b\u043e\u0432\u044b\u0439 \u043f\u043e\u043b. \u041e\u043d\u0438 100% \u0432\u043e\u0434\u043e\u043d\u0435\u043f\u0440\u043e\u043d\u0438\u0446\u0430\u0435\u043c\u044b, \u0443\u0434\u0430\u0440\u043e\u043f\u0440\u043e\u0447\u043d\u044b \u0438 \u0443\u0441\u0442\u043e\u0439\u0447\u0438\u0432\u044b \u043a \u0446\u0430\u0440\u0430\u043f\u0438\u043d\u0430\u043c. \u041e\u043d\u0438 \u0433\u0438\u0431\u043a\u0438\u0435, \u043f\u043e\u044d\u0442\u043e\u043c\u0443 \u0445\u043e\u0440\u043e\u0448\u043e \u043f\u0440\u0438\u043b\u0435\u0433\u0430\u044e\u0442 \u0434\u0430\u0436\u0435 \u043a \u043d\u0435 \u043e\u0447\u0435\u043d\u044c \u0440\u043e\u0432\u043d\u043e\u0439 \u043f\u043b\u043e\u0441\u043a\u043e\u0441\u0442\u0438 \u0441\u0442\u0435\u043d\u044b. \u0411\u043b\u0430\u0433\u043e\u0434\u0430\u0440\u044f \u0448\u0438\u0440\u043e\u043a\u043e\u0439 \u0433\u0430\u043c\u043c\u0435 \u043e\u0442\u0442\u0435\u043d\u043a\u043e\u0432 \u043c\u043e\u0436\u043d\u043e \u0442\u0430\u043a\u0436\u0435 \u043f\u043e\u0434\u043e\u0431\u0440\u0430\u0442\u044c \u043f\u043e\u0434\u0445\u043e\u0434\u044f\u0449\u0438\u0439 \u0446\u0432\u0435\u0442 \u0434\u043b\u044f \u043f\u043e\u043b\u043e\u0432 [&hellip;]","og_url":"https:\/\/parketasala.lv\/ru\/product\/%d0%bd%d0%b0%d0%bf%d0%be%d0%bb%d1%8c%d0%bd%d0%b0%d1%8f-%d0%bf%d0%bb%d0%b8%d1%82%d0%ba%d0%b0-quick-step-%d0%b4%d0%bb%d1%8f-%d0%b2%d0%b8%d0%bd%d0%b8%d0%bb%d0%be%d0%b2%d1%8b%d1%85-%d0%bf%d0%be%d0%bb-6\/","og_site_name":"Parketa Sala","article_publisher":"https:\/\/www.facebook.com\/parketasala\/","og_image":[{"width":768,"height":768,"url":"https:\/\/parketasala.lv\/wp-content\/uploads\/2025\/01\/QSVSKDB20317.jpeg","type":"image\/jpeg"}],"twitter_card":"summary_large_image","schema":{"@context":"https:\/\/schema.org","@graph":[{"@type":"WebPage","@id":"https:\/\/parketasala.lv\/ru\/product\/%d0%bd%d0%b0%d0%bf%d0%be%d0%bb%d1%8c%d0%bd%d0%b0%d1%8f-%d0%bf%d0%bb%d0%b8%d1%82%d0%ba%d0%b0-quick-step-%d0%b4%d0%bb%d1%8f-%d0%b2%d0%b8%d0%bd%d0%b8%d0%bb%d0%be%d0%b2%d1%8b%d1%85-%d0%bf%d0%be%d0%bb-6\/","url":"https:\/\/parketasala.lv\/ru\/product\/%d0%bd%d0%b0%d0%bf%d0%be%d0%bb%d1%8c%d0%bd%d0%b0%d1%8f-%d0%bf%d0%bb%d0%b8%d1%82%d0%ba%d0%b0-quick-step-%d0%b4%d0%bb%d1%8f-%d0%b2%d0%b8%d0%bd%d0%b8%d0%bb%d0%be%d0%b2%d1%8b%d1%85-%d0%bf%d0%be%d0%bb-6\/","name":"\u041d\u0430\u043f\u043e\u043b\u044c\u043d\u0430\u044f \u043f\u043b\u0438\u0442\u043a\u0430 Quick-Step \u0434\u043b\u044f \u0432\u0438\u043d\u0438\u043b\u043e\u0432\u044b\u0445 \u043f\u043e\u043b\u043e\u0432 20317 &#8211; Parketa Sala","isPartOf":{"@id":"https:\/\/parketasala.lv\/ru\/#website"},"primaryImageOfPage":{"@id":"https:\/\/parketasala.lv\/ru\/product\/%d0%bd%d0%b0%d0%bf%d0%be%d0%bb%d1%8c%d0%bd%d0%b0%d1%8f-%d0%bf%d0%bb%d0%b8%d1%82%d0%ba%d0%b0-quick-step-%d0%b4%d0%bb%d1%8f-%d0%b2%d0%b8%d0%bd%d0%b8%d0%bb%d0%be%d0%b2%d1%8b%d1%85-%d0%bf%d0%be%d0%bb-6\/#primaryimage"},"image":{"@id":"https:\/\/parketasala.lv\/ru\/product\/%d0%bd%d0%b0%d0%bf%d0%be%d0%bb%d1%8c%d0%bd%d0%b0%d1%8f-%d0%bf%d0%bb%d0%b8%d1%82%d0%ba%d0%b0-quick-step-%d0%b4%d0%bb%d1%8f-%d0%b2%d0%b8%d0%bd%d0%b8%d0%bb%d0%be%d0%b2%d1%8b%d1%85-%d0%bf%d0%be%d0%bb-6\/#primaryimage"},"thumbnailUrl":"https:\/\/parketasala.lv\/wp-content\/uploads\/2025\/01\/QSVSKDB20317.jpeg","datePublished":"2025-01-09T12:49:06+00:00","breadcrumb":{"@id":"https:\/\/parketasala.lv\/ru\/product\/%d0%bd%d0%b0%d0%bf%d0%be%d0%bb%d1%8c%d0%bd%d0%b0%d1%8f-%d0%bf%d0%bb%d0%b8%d1%82%d0%ba%d0%b0-quick-step-%d0%b4%d0%bb%d1%8f-%d0%b2%d0%b8%d0%bd%d0%b8%d0%bb%d0%be%d0%b2%d1%8b%d1%85-%d0%bf%d0%be%d0%bb-6\/#breadcrumb"},"inLanguage":"ru-RU","potentialAction":[{"@type":"ReadAction","target":["https:\/\/parketasala.lv\/ru\/product\/%d0%bd%d0%b0%d0%bf%d0%be%d0%bb%d1%8c%d0%bd%d0%b0%d1%8f-%d0%bf%d0%bb%d0%b8%d1%82%d0%ba%d0%b0-quick-step-%d0%b4%d0%bb%d1%8f-%d0%b2%d0%b8%d0%bd%d0%b8%d0%bb%d0%be%d0%b2%d1%8b%d1%85-%d0%bf%d0%be%d0%bb-6\/"]}]},{"@type":"ImageObject","inLanguage":"ru-RU","@id":"https:\/\/parketasala.lv\/ru\/product\/%d0%bd%d0%b0%d0%bf%d0%be%d0%bb%d1%8c%d0%bd%d0%b0%d1%8f-%d0%bf%d0%bb%d0%b8%d1%82%d0%ba%d0%b0-quick-step-%d0%b4%d0%bb%d1%8f-%d0%b2%d0%b8%d0%bd%d0%b8%d0%bb%d0%be%d0%b2%d1%8b%d1%85-%d0%bf%d0%be%d0%bb-6\/#primaryimage","url":"https:\/\/parketasala.lv\/wp-content\/uploads\/2025\/01\/QSVSKDB20317.jpeg","contentUrl":"https:\/\/parketasala.lv\/wp-content\/uploads\/2025\/01\/QSVSKDB20317.jpeg","width":768,"height":768,"caption":"Quick-Step gr\u012bdl\u012bste vinila gr\u012bdai"},{"@type":"BreadcrumbList","@id":"https:\/\/parketasala.lv\/ru\/product\/%d0%bd%d0%b0%d0%bf%d0%be%d0%bb%d1%8c%d0%bd%d0%b0%d1%8f-%d0%bf%d0%bb%d0%b8%d1%82%d0%ba%d0%b0-quick-step-%d0%b4%d0%bb%d1%8f-%d0%b2%d0%b8%d0%bd%d0%b8%d0%bb%d0%be%d0%b2%d1%8b%d1%85-%d0%bf%d0%be%d0%bb-6\/#breadcrumb","itemListElement":[{"@type":"ListItem","position":1,"name":"Home","item":"https:\/\/parketasala.lv\/ru\/%d0%b3%d0%bb%d0%b0%d0%b2%d0%bd%d0%b0%d1%8f\/"},{"@type":"ListItem","position":2,"name":"\u041c\u0430\u0433\u0430\u0437\u0438\u043d","item":"https:\/\/parketasala.lv\/ru\/%d0%bc%d0%b0%d0%b3%d0%b0%d0%b7%d0%b8%d0%bd\/"},{"@type":"ListItem","position":3,"name":"\u041d\u0430\u043f\u043e\u043b\u044c\u043d\u0430\u044f \u043f\u043b\u0438\u0442\u043a\u0430 Quick-Step \u0434\u043b\u044f \u0432\u0438\u043d\u0438\u043b\u043e\u0432\u044b\u0445 \u043f\u043e\u043b\u043e\u0432 20317"}]},{"@type":"WebSite","@id":"https:\/\/parketasala.lv\/ru\/#website","url":"https:\/\/parketasala.lv\/ru\/","name":"Parketa Sala","description":"Pla&scaron;s lamin\u0101ta, vinila, parketa un kor\u0137a gr\u012bdu kl\u0101sts","publisher":{"@id":"https:\/\/parketasala.lv\/ru\/#organization"},"potentialAction":[{"@type":"SearchAction","target":{"@type":"EntryPoint","urlTemplate":"https:\/\/parketasala.lv\/ru\/?s={search_term_string}"},"query-input":{"@type":"PropertyValueSpecification","valueRequired":true,"valueName":"search_term_string"}}],"inLanguage":"ru-RU"},{"@type":"Organization","@id":"https:\/\/parketasala.lv\/ru\/#organization","name":"Parketa Sala","url":"https:\/\/parketasala.lv\/ru\/","logo":{"@type":"ImageObject","inLanguage":"ru-RU","@id":"https:\/\/parketasala.lv\/ru\/#\/schema\/logo\/image\/","url":"https:\/\/parketasala.lv\/wp-content\/uploads\/2019\/12\/Logo-x3.png","contentUrl":"https:\/\/parketasala.lv\/wp-content\/uploads\/2019\/12\/Logo-x3.png","width":660,"height":137,"caption":"Parketa Sala"},"image":{"@id":"https:\/\/parketasala.lv\/ru\/#\/schema\/logo\/image\/"},"sameAs":["https:\/\/www.facebook.com\/parketasala\/","https:\/\/www.instagram.com\/parketasala\/"]}]}},"_links":{"self":[{"href":"https:\/\/parketasala.lv\/ru\/wp-json\/wp\/v2\/product\/24343","targetHints":{"allow":["GET"]}}],"collection":[{"href":"https:\/\/parketasala.lv\/ru\/wp-json\/wp\/v2\/product"}],"about":[{"href":"https:\/\/parketasala.lv\/ru\/wp-json\/wp\/v2\/types\/product"}],"wp:featuredmedia":[{"embeddable":true,"href":"https:\/\/parketasala.lv\/ru\/wp-json\/wp\/v2\/media\/24344"}],"wp:attachment":[{"href":"https:\/\/parketasala.lv\/ru\/wp-json\/wp\/v2\/media?parent=24343"}],"wp:term":[{"taxonomy":"product_brand","embeddable":true,"href":"https:\/\/parketasala.lv\/ru\/wp-json\/wp\/v2\/product_brand?post=24343"},{"taxonomy":"product_cat","embeddable":true,"href":"https:\/\/parketasala.lv\/ru\/wp-json\/wp\/v2\/product_cat?post=24343"},{"taxonomy":"product_tag","embeddable":true,"href":"https:\/\/parketasala.lv\/ru\/wp-json\/wp\/v2\/product_tag?post=24343"}],"curies":[{"name":"wp","href":"https:\/\/api.w.org\/{rel}","templated":true}]}}