{"id":24135,"date":"2025-06-16T10:02:59","date_gmt":"2025-06-16T10:02:59","guid":{"rendered":"https:\/\/parketasala.lv\/product\/%d1%82%d1%80%d0%b5%d1%85%d1%81%d0%bb%d0%be%d0%b9%d0%bd%d1%8b%d0%b9-%d0%bf%d0%b0%d1%80%d0%ba%d0%b5%d1%82-boen-%d0%b4%d1%83%d0%b1-%d1%81%d0%b5%d1%80%d1%8b%d0%b9-harmony-rock-plank-138-%d0%bc%d0%bc\/"},"modified":"2025-06-16T10:02:59","modified_gmt":"2025-06-16T10:02:59","slug":"%d1%82%d1%80%d0%b5%d1%85%d1%81%d0%bb%d0%be%d0%b9%d0%bd%d1%8b%d0%b9-%d0%bf%d0%b0%d1%80%d0%ba%d0%b5%d1%82-boen-%d0%b4%d1%83%d0%b1-%d1%81%d0%b5%d1%80%d1%8b%d0%b9-harmony-rock-plank-138-%d0%bc%d0%bc","status":"publish","type":"product","link":"https:\/\/parketasala.lv\/ru\/product\/%d1%82%d1%80%d0%b5%d1%85%d1%81%d0%bb%d0%be%d0%b9%d0%bd%d1%8b%d0%b9-%d0%bf%d0%b0%d1%80%d0%ba%d0%b5%d1%82-boen-%d0%b4%d1%83%d0%b1-%d1%81%d0%b5%d1%80%d1%8b%d0%b9-harmony-rock-plank-138-%d0%bc%d0%bc\/","title":{"rendered":"\u0422\u0440\u0435\u0445\u0441\u043b\u043e\u0439\u043d\u044b\u0439 \u043f\u0430\u0440\u043a\u0435\u0442 BOEN \u0434\u0443\u0431 \u0441\u0435\u0440\u044b\u0439 Harmony Rock Plank 138 \u043c\u043c (\u043e\u0441\u0442\u0430\u0442\u043e\u043a)"},"content":{"rendered":"<p>\u041b\u0430\u043a\u0438\u0440\u043e\u0432\u0430\u043d\u043d\u044b\u0439 \u0438 \u0431\u0440\u0430\u0448\u0438\u0440\u043e\u0432\u0430\u043d\u043d\u044b\u0439 \u0434\u0443\u0431\u043e\u0432\u044b\u0439 \u043f\u0430\u0440\u043a\u0435\u0442 \u0432 \u0432\u0438\u0434\u0435 \u043e\u0434\u043d\u043e\u043f\u043e\u043b\u043e\u0441\u043d\u044b\u0445 \u0434\u043e\u0441\u043e\u043a.<\/p>\n<h4>\u0420\u0430\u0441\u043f\u0440\u043e\u0434\u0430\u0436\u0430! \u0414\u043e\u0441\u0442\u0443\u043f\u043d\u043e 29,184 \u043c2. <\/h4>\n<p>&nbsp;<\/p>\n","protected":false},"excerpt":{"rendered":"<p>\u041b\u0430\u043a\u0438\u0440\u043e\u0432\u0430\u043d\u043d\u044b\u0439 \u0438 \u0431\u0440\u0430\u0448\u0438\u0440\u043e\u0432\u0430\u043d\u043d\u044b\u0439 \u0434\u0443\u0431\u043e\u0432\u044b\u0439 \u043f\u0430\u0440\u043a\u0435\u0442 \u0432 \u0432\u0438\u0434\u0435 \u043e\u0434\u043d\u043e\u043f\u043e\u043b\u043e\u0441\u043d\u044b\u0445 \u0434\u043e\u0441\u043e\u043a. \u0420\u0430\u0441\u043f\u0440\u043e\u0434\u0430\u0436\u0430! \u0414\u043e\u0441\u0442\u0443\u043f\u043d\u043e 29,184 \u043c2. &nbsp;<\/p>\n","protected":false},"featured_media":24136,"template":"","meta":{"_acf_changed":false},"product_brand":[],"product_cat":[713,715,716,710,712],"product_tag":[],"class_list":{"0":"post-24135","1":"product","2":"type-product","3":"status-publish","4":"has-post-thumbnail","6":"product_cat-3--","7":"product_cat-boen-ru","8":"product_cat--ru","9":"product_cat-710","10":"product_cat-712","12":"first","13":"instock","14":"sale","15":"taxable","16":"shipping-taxable","17":"purchasable","18":"product-type-simple"},"acf":[],"yoast_head":"<!-- This site is optimized with the Yoast SEO plugin v27.3 - https:\/\/yoast.com\/product\/yoast-seo-wordpress\/ -->\n<title>\u0422\u0440\u0435\u0445\u0441\u043b\u043e\u0439\u043d\u044b\u0439 \u043f\u0430\u0440\u043a\u0435\u0442 BOEN \u0434\u0443\u0431 \u0441\u0435\u0440\u044b\u0439 Harmony Rock Plank 138 \u043c\u043c (\u043e\u0441\u0442\u0430\u0442\u043e\u043a) &#8211; Parketa Sala<\/title>\n<meta name=\"description\" content=\"\u041f\u0440\u043e\u0434\u0430\u0436\u0430 \u043f\u0430\u0440\u043a\u0435\u0442\u043d\u044b\u0445 \u043f\u043e\u043b\u043e\u0432 Boen, \u0414\u043e\u0441\u0442\u0443\u043f\u043d\u043e \u043d\u0435\u043c\u0435\u0434\u043b\u0435\u043d\u043d\u043e.\" \/>\n<meta name=\"robots\" content=\"index,follow\" \/>\n<link rel=\"canonical\" href=\"https:\/\/parketasala.lv\/ru\/product\/%d1%82%d1%80%d0%b5%d1%85%d1%81%d0%bb%d0%be%d0%b9%d0%bd%d1%8b%d0%b9-%d0%bf%d0%b0%d1%80%d0%ba%d0%b5%d1%82-boen-%d0%b4%d1%83%d0%b1-%d1%81%d0%b5%d1%80%d1%8b%d0%b9-harmony-rock-plank-138-%d0%bc%d0%bc\/\" \/>\n<meta property=\"og:locale\" content=\"ru_RU\" \/>\n<meta property=\"og:type\" content=\"article\" \/>\n<meta property=\"og:title\" content=\"\u0422\u0440\u0435\u0445\u0441\u043b\u043e\u0439\u043d\u044b\u0439 \u043f\u0430\u0440\u043a\u0435\u0442 BOEN \u0434\u0443\u0431 \u0441\u0435\u0440\u044b\u0439 Harmony Rock Plank 138 \u043c\u043c (\u043e\u0441\u0442\u0430\u0442\u043e\u043a) &#8211; Parketa Sala\" \/>\n<meta property=\"og:description\" content=\"\u041f\u0440\u043e\u0434\u0430\u0436\u0430 \u043f\u0430\u0440\u043a\u0435\u0442\u043d\u044b\u0445 \u043f\u043e\u043b\u043e\u0432 Boen, \u0414\u043e\u0441\u0442\u0443\u043f\u043d\u043e \u043d\u0435\u043c\u0435\u0434\u043b\u0435\u043d\u043d\u043e.\" \/>\n<meta property=\"og:url\" content=\"https:\/\/parketasala.lv\/ru\/product\/%d1%82%d1%80%d0%b5%d1%85%d1%81%d0%bb%d0%be%d0%b9%d0%bd%d1%8b%d0%b9-%d0%bf%d0%b0%d1%80%d0%ba%d0%b5%d1%82-boen-%d0%b4%d1%83%d0%b1-%d1%81%d0%b5%d1%80%d1%8b%d0%b9-harmony-rock-plank-138-%d0%bc%d0%bc\/\" \/>\n<meta property=\"og:site_name\" content=\"Parketa Sala\" \/>\n<meta property=\"article:publisher\" content=\"https:\/\/www.facebook.com\/parketasala\/\" \/>\n<meta property=\"og:image\" content=\"https:\/\/parketasala.lv\/wp-content\/uploads\/2025\/06\/Boen_Oak-Grey-Harmony-Plank.jpg\" \/>\n\t<meta property=\"og:image:width\" content=\"1414\" \/>\n\t<meta property=\"og:image:height\" content=\"2000\" \/>\n\t<meta property=\"og:image:type\" content=\"image\/jpeg\" \/>\n<meta name=\"twitter:card\" content=\"summary_large_image\" \/>\n<script type=\"application\/ld+json\" class=\"yoast-schema-graph\">{\"@context\":\"https:\\\/\\\/schema.org\",\"@graph\":[{\"@type\":\"WebPage\",\"@id\":\"https:\\\/\\\/parketasala.lv\\\/ru\\\/product\\\/%d1%82%d1%80%d0%b5%d1%85%d1%81%d0%bb%d0%be%d0%b9%d0%bd%d1%8b%d0%b9-%d0%bf%d0%b0%d1%80%d0%ba%d0%b5%d1%82-boen-%d0%b4%d1%83%d0%b1-%d1%81%d0%b5%d1%80%d1%8b%d0%b9-harmony-rock-plank-138-%d0%bc%d0%bc\\\/\",\"url\":\"https:\\\/\\\/parketasala.lv\\\/ru\\\/product\\\/%d1%82%d1%80%d0%b5%d1%85%d1%81%d0%bb%d0%be%d0%b9%d0%bd%d1%8b%d0%b9-%d0%bf%d0%b0%d1%80%d0%ba%d0%b5%d1%82-boen-%d0%b4%d1%83%d0%b1-%d1%81%d0%b5%d1%80%d1%8b%d0%b9-harmony-rock-plank-138-%d0%bc%d0%bc\\\/\",\"name\":\"\u0422\u0440\u0435\u0445\u0441\u043b\u043e\u0439\u043d\u044b\u0439 \u043f\u0430\u0440\u043a\u0435\u0442 BOEN \u0434\u0443\u0431 \u0441\u0435\u0440\u044b\u0439 Harmony Rock Plank 138 \u043c\u043c (\u043e\u0441\u0442\u0430\u0442\u043e\u043a) &#8211; Parketa Sala\",\"isPartOf\":{\"@id\":\"https:\\\/\\\/parketasala.lv\\\/ru\\\/#website\"},\"primaryImageOfPage\":{\"@id\":\"https:\\\/\\\/parketasala.lv\\\/ru\\\/product\\\/%d1%82%d1%80%d0%b5%d1%85%d1%81%d0%bb%d0%be%d0%b9%d0%bd%d1%8b%d0%b9-%d0%bf%d0%b0%d1%80%d0%ba%d0%b5%d1%82-boen-%d0%b4%d1%83%d0%b1-%d1%81%d0%b5%d1%80%d1%8b%d0%b9-harmony-rock-plank-138-%d0%bc%d0%bc\\\/#primaryimage\"},\"image\":{\"@id\":\"https:\\\/\\\/parketasala.lv\\\/ru\\\/product\\\/%d1%82%d1%80%d0%b5%d1%85%d1%81%d0%bb%d0%be%d0%b9%d0%bd%d1%8b%d0%b9-%d0%bf%d0%b0%d1%80%d0%ba%d0%b5%d1%82-boen-%d0%b4%d1%83%d0%b1-%d1%81%d0%b5%d1%80%d1%8b%d0%b9-harmony-rock-plank-138-%d0%bc%d0%bc\\\/#primaryimage\"},\"thumbnailUrl\":\"https:\\\/\\\/parketasala.lv\\\/wp-content\\\/uploads\\\/2025\\\/06\\\/Boen_Oak-Grey-Harmony-Plank.jpg\",\"datePublished\":\"2025-06-16T10:02:59+00:00\",\"description\":\"\u041f\u0440\u043e\u0434\u0430\u0436\u0430 \u043f\u0430\u0440\u043a\u0435\u0442\u043d\u044b\u0445 \u043f\u043e\u043b\u043e\u0432 Boen, \u0414\u043e\u0441\u0442\u0443\u043f\u043d\u043e \u043d\u0435\u043c\u0435\u0434\u043b\u0435\u043d\u043d\u043e.\",\"breadcrumb\":{\"@id\":\"https:\\\/\\\/parketasala.lv\\\/ru\\\/product\\\/%d1%82%d1%80%d0%b5%d1%85%d1%81%d0%bb%d0%be%d0%b9%d0%bd%d1%8b%d0%b9-%d0%bf%d0%b0%d1%80%d0%ba%d0%b5%d1%82-boen-%d0%b4%d1%83%d0%b1-%d1%81%d0%b5%d1%80%d1%8b%d0%b9-harmony-rock-plank-138-%d0%bc%d0%bc\\\/#breadcrumb\"},\"inLanguage\":\"ru-RU\",\"potentialAction\":[{\"@type\":\"ReadAction\",\"target\":[\"https:\\\/\\\/parketasala.lv\\\/ru\\\/product\\\/%d1%82%d1%80%d0%b5%d1%85%d1%81%d0%bb%d0%be%d0%b9%d0%bd%d1%8b%d0%b9-%d0%bf%d0%b0%d1%80%d0%ba%d0%b5%d1%82-boen-%d0%b4%d1%83%d0%b1-%d1%81%d0%b5%d1%80%d1%8b%d0%b9-harmony-rock-plank-138-%d0%bc%d0%bc\\\/\"]}]},{\"@type\":\"ImageObject\",\"inLanguage\":\"ru-RU\",\"@id\":\"https:\\\/\\\/parketasala.lv\\\/ru\\\/product\\\/%d1%82%d1%80%d0%b5%d1%85%d1%81%d0%bb%d0%be%d0%b9%d0%bd%d1%8b%d0%b9-%d0%bf%d0%b0%d1%80%d0%ba%d0%b5%d1%82-boen-%d0%b4%d1%83%d0%b1-%d1%81%d0%b5%d1%80%d1%8b%d0%b9-harmony-rock-plank-138-%d0%bc%d0%bc\\\/#primaryimage\",\"url\":\"https:\\\/\\\/parketasala.lv\\\/wp-content\\\/uploads\\\/2025\\\/06\\\/Boen_Oak-Grey-Harmony-Plank.jpg\",\"contentUrl\":\"https:\\\/\\\/parketasala.lv\\\/wp-content\\\/uploads\\\/2025\\\/06\\\/Boen_Oak-Grey-Harmony-Plank.jpg\",\"width\":1414,\"height\":2000,\"caption\":\"trisslanu-parkets-boen-ozols-grey-harmony-rock\"},{\"@type\":\"BreadcrumbList\",\"@id\":\"https:\\\/\\\/parketasala.lv\\\/ru\\\/product\\\/%d1%82%d1%80%d0%b5%d1%85%d1%81%d0%bb%d0%be%d0%b9%d0%bd%d1%8b%d0%b9-%d0%bf%d0%b0%d1%80%d0%ba%d0%b5%d1%82-boen-%d0%b4%d1%83%d0%b1-%d1%81%d0%b5%d1%80%d1%8b%d0%b9-harmony-rock-plank-138-%d0%bc%d0%bc\\\/#breadcrumb\",\"itemListElement\":[{\"@type\":\"ListItem\",\"position\":1,\"name\":\"Home\",\"item\":\"https:\\\/\\\/parketasala.lv\\\/ru\\\/%d0%b3%d0%bb%d0%b0%d0%b2%d0%bd%d0%b0%d1%8f\\\/\"},{\"@type\":\"ListItem\",\"position\":2,\"name\":\"\u041c\u0430\u0433\u0430\u0437\u0438\u043d\",\"item\":\"https:\\\/\\\/parketasala.lv\\\/ru\\\/%d0%bc%d0%b0%d0%b3%d0%b0%d0%b7%d0%b8%d0%bd\\\/\"},{\"@type\":\"ListItem\",\"position\":3,\"name\":\"\u0422\u0440\u0435\u0445\u0441\u043b\u043e\u0439\u043d\u044b\u0439 \u043f\u0430\u0440\u043a\u0435\u0442 BOEN \u0434\u0443\u0431 \u0441\u0435\u0440\u044b\u0439 Harmony Rock Plank 138 \u043c\u043c (\u043e\u0441\u0442\u0430\u0442\u043e\u043a)\"}]},{\"@type\":\"WebSite\",\"@id\":\"https:\\\/\\\/parketasala.lv\\\/ru\\\/#website\",\"url\":\"https:\\\/\\\/parketasala.lv\\\/ru\\\/\",\"name\":\"Parketa Sala\",\"description\":\"Pla&scaron;s lamin\u0101ta, vinila, parketa un kor\u0137a gr\u012bdu kl\u0101sts\",\"publisher\":{\"@id\":\"https:\\\/\\\/parketasala.lv\\\/ru\\\/#organization\"},\"potentialAction\":[{\"@type\":\"SearchAction\",\"target\":{\"@type\":\"EntryPoint\",\"urlTemplate\":\"https:\\\/\\\/parketasala.lv\\\/ru\\\/?s={search_term_string}\"},\"query-input\":{\"@type\":\"PropertyValueSpecification\",\"valueRequired\":true,\"valueName\":\"search_term_string\"}}],\"inLanguage\":\"ru-RU\"},{\"@type\":\"Organization\",\"@id\":\"https:\\\/\\\/parketasala.lv\\\/ru\\\/#organization\",\"name\":\"Parketa Sala\",\"url\":\"https:\\\/\\\/parketasala.lv\\\/ru\\\/\",\"logo\":{\"@type\":\"ImageObject\",\"inLanguage\":\"ru-RU\",\"@id\":\"https:\\\/\\\/parketasala.lv\\\/ru\\\/#\\\/schema\\\/logo\\\/image\\\/\",\"url\":\"https:\\\/\\\/parketasala.lv\\\/wp-content\\\/uploads\\\/2019\\\/12\\\/Logo-x3.png\",\"contentUrl\":\"https:\\\/\\\/parketasala.lv\\\/wp-content\\\/uploads\\\/2019\\\/12\\\/Logo-x3.png\",\"width\":660,\"height\":137,\"caption\":\"Parketa Sala\"},\"image\":{\"@id\":\"https:\\\/\\\/parketasala.lv\\\/ru\\\/#\\\/schema\\\/logo\\\/image\\\/\"},\"sameAs\":[\"https:\\\/\\\/www.facebook.com\\\/parketasala\\\/\",\"https:\\\/\\\/www.instagram.com\\\/parketasala\\\/\"]}]}<\/script>\n<!-- \/ Yoast SEO plugin. -->","yoast_head_json":{"title":"\u0422\u0440\u0435\u0445\u0441\u043b\u043e\u0439\u043d\u044b\u0439 \u043f\u0430\u0440\u043a\u0435\u0442 BOEN \u0434\u0443\u0431 \u0441\u0435\u0440\u044b\u0439 Harmony Rock Plank 138 \u043c\u043c (\u043e\u0441\u0442\u0430\u0442\u043e\u043a) &#8211; Parketa Sala","description":"\u041f\u0440\u043e\u0434\u0430\u0436\u0430 \u043f\u0430\u0440\u043a\u0435\u0442\u043d\u044b\u0445 \u043f\u043e\u043b\u043e\u0432 Boen, \u0414\u043e\u0441\u0442\u0443\u043f\u043d\u043e \u043d\u0435\u043c\u0435\u0434\u043b\u0435\u043d\u043d\u043e.","robots":{"index,follow":"index,follow"},"canonical":"https:\/\/parketasala.lv\/ru\/product\/%d1%82%d1%80%d0%b5%d1%85%d1%81%d0%bb%d0%be%d0%b9%d0%bd%d1%8b%d0%b9-%d0%bf%d0%b0%d1%80%d0%ba%d0%b5%d1%82-boen-%d0%b4%d1%83%d0%b1-%d1%81%d0%b5%d1%80%d1%8b%d0%b9-harmony-rock-plank-138-%d0%bc%d0%bc\/","og_locale":"ru_RU","og_type":"article","og_title":"\u0422\u0440\u0435\u0445\u0441\u043b\u043e\u0439\u043d\u044b\u0439 \u043f\u0430\u0440\u043a\u0435\u0442 BOEN \u0434\u0443\u0431 \u0441\u0435\u0440\u044b\u0439 Harmony Rock Plank 138 \u043c\u043c (\u043e\u0441\u0442\u0430\u0442\u043e\u043a) &#8211; Parketa Sala","og_description":"\u041f\u0440\u043e\u0434\u0430\u0436\u0430 \u043f\u0430\u0440\u043a\u0435\u0442\u043d\u044b\u0445 \u043f\u043e\u043b\u043e\u0432 Boen, \u0414\u043e\u0441\u0442\u0443\u043f\u043d\u043e \u043d\u0435\u043c\u0435\u0434\u043b\u0435\u043d\u043d\u043e.","og_url":"https:\/\/parketasala.lv\/ru\/product\/%d1%82%d1%80%d0%b5%d1%85%d1%81%d0%bb%d0%be%d0%b9%d0%bd%d1%8b%d0%b9-%d0%bf%d0%b0%d1%80%d0%ba%d0%b5%d1%82-boen-%d0%b4%d1%83%d0%b1-%d1%81%d0%b5%d1%80%d1%8b%d0%b9-harmony-rock-plank-138-%d0%bc%d0%bc\/","og_site_name":"Parketa Sala","article_publisher":"https:\/\/www.facebook.com\/parketasala\/","og_image":[{"width":1414,"height":2000,"url":"https:\/\/parketasala.lv\/wp-content\/uploads\/2025\/06\/Boen_Oak-Grey-Harmony-Plank.jpg","type":"image\/jpeg"}],"twitter_card":"summary_large_image","schema":{"@context":"https:\/\/schema.org","@graph":[{"@type":"WebPage","@id":"https:\/\/parketasala.lv\/ru\/product\/%d1%82%d1%80%d0%b5%d1%85%d1%81%d0%bb%d0%be%d0%b9%d0%bd%d1%8b%d0%b9-%d0%bf%d0%b0%d1%80%d0%ba%d0%b5%d1%82-boen-%d0%b4%d1%83%d0%b1-%d1%81%d0%b5%d1%80%d1%8b%d0%b9-harmony-rock-plank-138-%d0%bc%d0%bc\/","url":"https:\/\/parketasala.lv\/ru\/product\/%d1%82%d1%80%d0%b5%d1%85%d1%81%d0%bb%d0%be%d0%b9%d0%bd%d1%8b%d0%b9-%d0%bf%d0%b0%d1%80%d0%ba%d0%b5%d1%82-boen-%d0%b4%d1%83%d0%b1-%d1%81%d0%b5%d1%80%d1%8b%d0%b9-harmony-rock-plank-138-%d0%bc%d0%bc\/","name":"\u0422\u0440\u0435\u0445\u0441\u043b\u043e\u0439\u043d\u044b\u0439 \u043f\u0430\u0440\u043a\u0435\u0442 BOEN \u0434\u0443\u0431 \u0441\u0435\u0440\u044b\u0439 Harmony Rock Plank 138 \u043c\u043c (\u043e\u0441\u0442\u0430\u0442\u043e\u043a) &#8211; Parketa Sala","isPartOf":{"@id":"https:\/\/parketasala.lv\/ru\/#website"},"primaryImageOfPage":{"@id":"https:\/\/parketasala.lv\/ru\/product\/%d1%82%d1%80%d0%b5%d1%85%d1%81%d0%bb%d0%be%d0%b9%d0%bd%d1%8b%d0%b9-%d0%bf%d0%b0%d1%80%d0%ba%d0%b5%d1%82-boen-%d0%b4%d1%83%d0%b1-%d1%81%d0%b5%d1%80%d1%8b%d0%b9-harmony-rock-plank-138-%d0%bc%d0%bc\/#primaryimage"},"image":{"@id":"https:\/\/parketasala.lv\/ru\/product\/%d1%82%d1%80%d0%b5%d1%85%d1%81%d0%bb%d0%be%d0%b9%d0%bd%d1%8b%d0%b9-%d0%bf%d0%b0%d1%80%d0%ba%d0%b5%d1%82-boen-%d0%b4%d1%83%d0%b1-%d1%81%d0%b5%d1%80%d1%8b%d0%b9-harmony-rock-plank-138-%d0%bc%d0%bc\/#primaryimage"},"thumbnailUrl":"https:\/\/parketasala.lv\/wp-content\/uploads\/2025\/06\/Boen_Oak-Grey-Harmony-Plank.jpg","datePublished":"2025-06-16T10:02:59+00:00","description":"\u041f\u0440\u043e\u0434\u0430\u0436\u0430 \u043f\u0430\u0440\u043a\u0435\u0442\u043d\u044b\u0445 \u043f\u043e\u043b\u043e\u0432 Boen, \u0414\u043e\u0441\u0442\u0443\u043f\u043d\u043e \u043d\u0435\u043c\u0435\u0434\u043b\u0435\u043d\u043d\u043e.","breadcrumb":{"@id":"https:\/\/parketasala.lv\/ru\/product\/%d1%82%d1%80%d0%b5%d1%85%d1%81%d0%bb%d0%be%d0%b9%d0%bd%d1%8b%d0%b9-%d0%bf%d0%b0%d1%80%d0%ba%d0%b5%d1%82-boen-%d0%b4%d1%83%d0%b1-%d1%81%d0%b5%d1%80%d1%8b%d0%b9-harmony-rock-plank-138-%d0%bc%d0%bc\/#breadcrumb"},"inLanguage":"ru-RU","potentialAction":[{"@type":"ReadAction","target":["https:\/\/parketasala.lv\/ru\/product\/%d1%82%d1%80%d0%b5%d1%85%d1%81%d0%bb%d0%be%d0%b9%d0%bd%d1%8b%d0%b9-%d0%bf%d0%b0%d1%80%d0%ba%d0%b5%d1%82-boen-%d0%b4%d1%83%d0%b1-%d1%81%d0%b5%d1%80%d1%8b%d0%b9-harmony-rock-plank-138-%d0%bc%d0%bc\/"]}]},{"@type":"ImageObject","inLanguage":"ru-RU","@id":"https:\/\/parketasala.lv\/ru\/product\/%d1%82%d1%80%d0%b5%d1%85%d1%81%d0%bb%d0%be%d0%b9%d0%bd%d1%8b%d0%b9-%d0%bf%d0%b0%d1%80%d0%ba%d0%b5%d1%82-boen-%d0%b4%d1%83%d0%b1-%d1%81%d0%b5%d1%80%d1%8b%d0%b9-harmony-rock-plank-138-%d0%bc%d0%bc\/#primaryimage","url":"https:\/\/parketasala.lv\/wp-content\/uploads\/2025\/06\/Boen_Oak-Grey-Harmony-Plank.jpg","contentUrl":"https:\/\/parketasala.lv\/wp-content\/uploads\/2025\/06\/Boen_Oak-Grey-Harmony-Plank.jpg","width":1414,"height":2000,"caption":"trisslanu-parkets-boen-ozols-grey-harmony-rock"},{"@type":"BreadcrumbList","@id":"https:\/\/parketasala.lv\/ru\/product\/%d1%82%d1%80%d0%b5%d1%85%d1%81%d0%bb%d0%be%d0%b9%d0%bd%d1%8b%d0%b9-%d0%bf%d0%b0%d1%80%d0%ba%d0%b5%d1%82-boen-%d0%b4%d1%83%d0%b1-%d1%81%d0%b5%d1%80%d1%8b%d0%b9-harmony-rock-plank-138-%d0%bc%d0%bc\/#breadcrumb","itemListElement":[{"@type":"ListItem","position":1,"name":"Home","item":"https:\/\/parketasala.lv\/ru\/%d0%b3%d0%bb%d0%b0%d0%b2%d0%bd%d0%b0%d1%8f\/"},{"@type":"ListItem","position":2,"name":"\u041c\u0430\u0433\u0430\u0437\u0438\u043d","item":"https:\/\/parketasala.lv\/ru\/%d0%bc%d0%b0%d0%b3%d0%b0%d0%b7%d0%b8%d0%bd\/"},{"@type":"ListItem","position":3,"name":"\u0422\u0440\u0435\u0445\u0441\u043b\u043e\u0439\u043d\u044b\u0439 \u043f\u0430\u0440\u043a\u0435\u0442 BOEN \u0434\u0443\u0431 \u0441\u0435\u0440\u044b\u0439 Harmony Rock Plank 138 \u043c\u043c (\u043e\u0441\u0442\u0430\u0442\u043e\u043a)"}]},{"@type":"WebSite","@id":"https:\/\/parketasala.lv\/ru\/#website","url":"https:\/\/parketasala.lv\/ru\/","name":"Parketa Sala","description":"Pla&scaron;s lamin\u0101ta, vinila, parketa un kor\u0137a gr\u012bdu kl\u0101sts","publisher":{"@id":"https:\/\/parketasala.lv\/ru\/#organization"},"potentialAction":[{"@type":"SearchAction","target":{"@type":"EntryPoint","urlTemplate":"https:\/\/parketasala.lv\/ru\/?s={search_term_string}"},"query-input":{"@type":"PropertyValueSpecification","valueRequired":true,"valueName":"search_term_string"}}],"inLanguage":"ru-RU"},{"@type":"Organization","@id":"https:\/\/parketasala.lv\/ru\/#organization","name":"Parketa Sala","url":"https:\/\/parketasala.lv\/ru\/","logo":{"@type":"ImageObject","inLanguage":"ru-RU","@id":"https:\/\/parketasala.lv\/ru\/#\/schema\/logo\/image\/","url":"https:\/\/parketasala.lv\/wp-content\/uploads\/2019\/12\/Logo-x3.png","contentUrl":"https:\/\/parketasala.lv\/wp-content\/uploads\/2019\/12\/Logo-x3.png","width":660,"height":137,"caption":"Parketa Sala"},"image":{"@id":"https:\/\/parketasala.lv\/ru\/#\/schema\/logo\/image\/"},"sameAs":["https:\/\/www.facebook.com\/parketasala\/","https:\/\/www.instagram.com\/parketasala\/"]}]}},"_links":{"self":[{"href":"https:\/\/parketasala.lv\/ru\/wp-json\/wp\/v2\/product\/24135","targetHints":{"allow":["GET"]}}],"collection":[{"href":"https:\/\/parketasala.lv\/ru\/wp-json\/wp\/v2\/product"}],"about":[{"href":"https:\/\/parketasala.lv\/ru\/wp-json\/wp\/v2\/types\/product"}],"wp:featuredmedia":[{"embeddable":true,"href":"https:\/\/parketasala.lv\/ru\/wp-json\/wp\/v2\/media\/24136"}],"wp:attachment":[{"href":"https:\/\/parketasala.lv\/ru\/wp-json\/wp\/v2\/media?parent=24135"}],"wp:term":[{"taxonomy":"product_brand","embeddable":true,"href":"https:\/\/parketasala.lv\/ru\/wp-json\/wp\/v2\/product_brand?post=24135"},{"taxonomy":"product_cat","embeddable":true,"href":"https:\/\/parketasala.lv\/ru\/wp-json\/wp\/v2\/product_cat?post=24135"},{"taxonomy":"product_tag","embeddable":true,"href":"https:\/\/parketasala.lv\/ru\/wp-json\/wp\/v2\/product_tag?post=24135"}],"curies":[{"name":"wp","href":"https:\/\/api.w.org\/{rel}","templated":true}]}}