{"id":34040,"date":"2026-01-29T09:39:47","date_gmt":"2026-01-29T09:39:47","guid":{"rendered":"https:\/\/parketasala.lv\/?post_type=product&#038;p=34040"},"modified":"2026-01-29T09:41:14","modified_gmt":"2026-01-29T09:41:14","slug":"vinyl-flooring-quick-step-pristine-fall-oak-natural-copy-copy-copy-copy-copy-copy-2","status":"publish","type":"product","link":"https:\/\/parketasala.lv\/en\/product\/vinyl-flooring-quick-step-pristine-fall-oak-natural-copy-copy-copy-copy-copy-copy-2\/","title":{"rendered":"Vinyl flooring Quick-Step Pristine Fall oak natural (Copy) (Copy) (Copy) (Copy) (Copy) (Copy)"},"content":{"rendered":"<p>With vinyl from the Quick-Step Pristine collection, you get the stunning look of parquet flooring while benefiting from the practical properties of vinyl tiles:<\/p>\n<ul>\n<li>Very realistic and distinctive wood structure<\/li>\n<li>&#8220;Herringbone&#8221; parquet pattern<\/li>\n<li>Fascia between boards<\/li>\n<li>Also available in the Fuse collection.<\/li>\n<li>Quick and easy installation<\/li>\n<li>Lifetime guarantee for home use<\/li>\n<li>100% water-safe &#8211; can be safely used in the bathroom, corridor or kitchen<\/li>\n<li>Ideal for underfloor heating<\/li>\n<li>Quieter and warmer than laminate.<\/li>\n<li>Abrasion-resistant &#8211; vinyl layer 0,55 mm (Class 33).<\/li>\n<li>Scratch &amp; Stain Guard, a protective top layer that protects<strong> against scratches and stains.<\/strong><\/li>\n<\/ul>\n<p>&nbsp;<\/p>\n<p>Types of laying:<\/p>\n<ul>\n<li>Adhesive bonding to the floor (Bostik STIX A720)<\/li>\n<li>When adhering to Xtrafloor Flex Pro self-adhesive underlay<\/li>\n<\/ul>\n","protected":false},"excerpt":{"rendered":"<p>With vinyl from the Quick-Step Pristine collection, you get the stunning look of parquet flooring while benefiting from the practical properties of vinyl tiles: Very realistic and distinctive wood structure &#8220;Herringbone&#8221; parquet pattern Fascia between boards Also available in the Fuse collection. Quick and easy installation Lifetime guarantee for home use 100% water-safe &#8211; can [&hellip;]<\/p>\n","protected":false},"featured_media":34043,"template":"","meta":{"_acf_changed":false},"product_brand":[],"product_cat":[567,469,467,468],"product_tag":[],"class_list":{"0":"post-34040","1":"product","2":"type-product","3":"status-publish","4":"has-post-thumbnail","6":"product_cat-quick-step-en","7":"product_cat-to-be-downloaded-at","8":"product_cat-vinyl-flooring","9":"product_cat-wooden-design-en","11":"first","12":"onbackorder","13":"sale","14":"taxable","15":"shipping-taxable","16":"purchasable","17":"product-type-simple"},"acf":[],"yoast_head":"<!-- This site is optimized with the Yoast SEO plugin v27.3 - https:\/\/yoast.com\/product\/yoast-seo-wordpress\/ -->\n<title>Vinyl flooring Quick-Step Pristine Fall oak natural (Copy) (Copy) (Copy) (Copy) (Copy) (Copy) &#8211; Parketa Sala<\/title>\n<meta name=\"description\" content=\"Quick-Step Bloom vinyl flooring with Click system and integrated underlay, take out of the package and install!\" \/>\n<meta name=\"robots\" content=\"index,follow\" \/>\n<link rel=\"canonical\" href=\"https:\/\/parketasala.lv\/en\/product\/vinyl-flooring-quick-step-pristine-fall-oak-natural-copy-copy-copy-copy-copy-copy-2\/\" \/>\n<meta property=\"og:locale\" content=\"en_US\" \/>\n<meta property=\"og:type\" content=\"article\" \/>\n<meta property=\"og:title\" content=\"Vinyl flooring Quick-Step Pristine Fall oak natural (Copy) (Copy) (Copy) (Copy) (Copy) (Copy) &#8211; Parketa Sala\" \/>\n<meta property=\"og:description\" content=\"Quick-Step Bloom vinyl flooring with Click system and integrated underlay, take out of the package and install!\" \/>\n<meta property=\"og:url\" content=\"https:\/\/parketasala.lv\/en\/product\/vinyl-flooring-quick-step-pristine-fall-oak-natural-copy-copy-copy-copy-copy-copy-2\/\" \/>\n<meta property=\"og:site_name\" content=\"Parketa Sala\" \/>\n<meta property=\"article:publisher\" content=\"https:\/\/www.facebook.com\/parketasala\/\" \/>\n<meta property=\"article:modified_time\" content=\"2026-01-29T09:41:14+00:00\" \/>\n<meta property=\"og:image\" content=\"https:\/\/parketasala.lv\/wp-content\/uploads\/2026\/01\/vinila-grida-quick-step-fuse-linen-oak-dark-brown-SGMPC20330-1.jpg\" \/>\n\t<meta property=\"og:image:width\" content=\"854\" \/>\n\t<meta property=\"og:image:height\" content=\"1280\" \/>\n\t<meta property=\"og:image:type\" content=\"image\/jpeg\" \/>\n<meta name=\"twitter:card\" content=\"summary_large_image\" \/>\n<meta name=\"twitter:label1\" content=\"Est. reading time\" \/>\n\t<meta name=\"twitter:data1\" content=\"1 minute\" \/>\n<script type=\"application\/ld+json\" class=\"yoast-schema-graph\">{\"@context\":\"https:\\\/\\\/schema.org\",\"@graph\":[{\"@type\":\"WebPage\",\"@id\":\"https:\\\/\\\/parketasala.lv\\\/en\\\/product\\\/vinyl-flooring-quick-step-pristine-fall-oak-natural-copy-copy-copy-copy-copy-copy-2\\\/\",\"url\":\"https:\\\/\\\/parketasala.lv\\\/en\\\/product\\\/vinyl-flooring-quick-step-pristine-fall-oak-natural-copy-copy-copy-copy-copy-copy-2\\\/\",\"name\":\"Vinyl flooring Quick-Step Pristine Fall oak natural (Copy) (Copy) (Copy) (Copy) (Copy) (Copy) &#8211; Parketa Sala\",\"isPartOf\":{\"@id\":\"https:\\\/\\\/parketasala.lv\\\/en\\\/#website\"},\"primaryImageOfPage\":{\"@id\":\"https:\\\/\\\/parketasala.lv\\\/en\\\/product\\\/vinyl-flooring-quick-step-pristine-fall-oak-natural-copy-copy-copy-copy-copy-copy-2\\\/#primaryimage\"},\"image\":{\"@id\":\"https:\\\/\\\/parketasala.lv\\\/en\\\/product\\\/vinyl-flooring-quick-step-pristine-fall-oak-natural-copy-copy-copy-copy-copy-copy-2\\\/#primaryimage\"},\"thumbnailUrl\":\"https:\\\/\\\/parketasala.lv\\\/wp-content\\\/uploads\\\/2026\\\/01\\\/vinila-grida-quick-step-fuse-linen-oak-dark-brown-SGMPC20330-1.jpg\",\"datePublished\":\"2026-01-29T09:39:47+00:00\",\"dateModified\":\"2026-01-29T09:41:14+00:00\",\"description\":\"Quick-Step Bloom vinyl flooring with Click system and integrated underlay, take out of the package and install!\",\"breadcrumb\":{\"@id\":\"https:\\\/\\\/parketasala.lv\\\/en\\\/product\\\/vinyl-flooring-quick-step-pristine-fall-oak-natural-copy-copy-copy-copy-copy-copy-2\\\/#breadcrumb\"},\"inLanguage\":\"en-US\",\"potentialAction\":[{\"@type\":\"ReadAction\",\"target\":[\"https:\\\/\\\/parketasala.lv\\\/en\\\/product\\\/vinyl-flooring-quick-step-pristine-fall-oak-natural-copy-copy-copy-copy-copy-copy-2\\\/\"]}]},{\"@type\":\"ImageObject\",\"inLanguage\":\"en-US\",\"@id\":\"https:\\\/\\\/parketasala.lv\\\/en\\\/product\\\/vinyl-flooring-quick-step-pristine-fall-oak-natural-copy-copy-copy-copy-copy-copy-2\\\/#primaryimage\",\"url\":\"https:\\\/\\\/parketasala.lv\\\/wp-content\\\/uploads\\\/2026\\\/01\\\/vinila-grida-quick-step-fuse-linen-oak-dark-brown-SGMPC20330-1.jpg\",\"contentUrl\":\"https:\\\/\\\/parketasala.lv\\\/wp-content\\\/uploads\\\/2026\\\/01\\\/vinila-grida-quick-step-fuse-linen-oak-dark-brown-SGMPC20330-1.jpg\",\"width\":854,\"height\":1280,\"caption\":\"vinila-grida-quick-step-fuse-linen-oak-dark-brown-SGMPC20330\"},{\"@type\":\"BreadcrumbList\",\"@id\":\"https:\\\/\\\/parketasala.lv\\\/en\\\/product\\\/vinyl-flooring-quick-step-pristine-fall-oak-natural-copy-copy-copy-copy-copy-copy-2\\\/#breadcrumb\",\"itemListElement\":[{\"@type\":\"ListItem\",\"position\":1,\"name\":\"Home\",\"item\":\"https:\\\/\\\/parketasala.lv\\\/en\\\/home\\\/\"},{\"@type\":\"ListItem\",\"position\":2,\"name\":\"Shop\",\"item\":\"https:\\\/\\\/parketasala.lv\\\/en\\\/shop\\\/\"},{\"@type\":\"ListItem\",\"position\":3,\"name\":\"Vinyl flooring Quick-Step Pristine Fall oak natural (Copy) (Copy) (Copy) (Copy) (Copy) (Copy)\"}]},{\"@type\":\"WebSite\",\"@id\":\"https:\\\/\\\/parketasala.lv\\\/en\\\/#website\",\"url\":\"https:\\\/\\\/parketasala.lv\\\/en\\\/\",\"name\":\"Parketa Sala\",\"description\":\"Pla&scaron;s lamin\u0101ta, vinila, parketa un kor\u0137a gr\u012bdu kl\u0101sts\",\"publisher\":{\"@id\":\"https:\\\/\\\/parketasala.lv\\\/en\\\/#organization\"},\"potentialAction\":[{\"@type\":\"SearchAction\",\"target\":{\"@type\":\"EntryPoint\",\"urlTemplate\":\"https:\\\/\\\/parketasala.lv\\\/en\\\/?s={search_term_string}\"},\"query-input\":{\"@type\":\"PropertyValueSpecification\",\"valueRequired\":true,\"valueName\":\"search_term_string\"}}],\"inLanguage\":\"en-US\"},{\"@type\":\"Organization\",\"@id\":\"https:\\\/\\\/parketasala.lv\\\/en\\\/#organization\",\"name\":\"Parketa Sala\",\"url\":\"https:\\\/\\\/parketasala.lv\\\/en\\\/\",\"logo\":{\"@type\":\"ImageObject\",\"inLanguage\":\"en-US\",\"@id\":\"https:\\\/\\\/parketasala.lv\\\/en\\\/#\\\/schema\\\/logo\\\/image\\\/\",\"url\":\"https:\\\/\\\/parketasala.lv\\\/wp-content\\\/uploads\\\/2019\\\/12\\\/Logo-x3.png\",\"contentUrl\":\"https:\\\/\\\/parketasala.lv\\\/wp-content\\\/uploads\\\/2019\\\/12\\\/Logo-x3.png\",\"width\":660,\"height\":137,\"caption\":\"Parketa Sala\"},\"image\":{\"@id\":\"https:\\\/\\\/parketasala.lv\\\/en\\\/#\\\/schema\\\/logo\\\/image\\\/\"},\"sameAs\":[\"https:\\\/\\\/www.facebook.com\\\/parketasala\\\/\",\"https:\\\/\\\/www.instagram.com\\\/parketasala\\\/\"]}]}<\/script>\n<!-- \/ Yoast SEO plugin. -->","yoast_head_json":{"title":"Vinyl flooring Quick-Step Pristine Fall oak natural (Copy) (Copy) (Copy) (Copy) (Copy) (Copy) &#8211; Parketa Sala","description":"Quick-Step Bloom vinyl flooring with Click system and integrated underlay, take out of the package and install!","robots":{"index,follow":"index,follow"},"canonical":"https:\/\/parketasala.lv\/en\/product\/vinyl-flooring-quick-step-pristine-fall-oak-natural-copy-copy-copy-copy-copy-copy-2\/","og_locale":"en_US","og_type":"article","og_title":"Vinyl flooring Quick-Step Pristine Fall oak natural (Copy) (Copy) (Copy) (Copy) (Copy) (Copy) &#8211; Parketa Sala","og_description":"Quick-Step Bloom vinyl flooring with Click system and integrated underlay, take out of the package and install!","og_url":"https:\/\/parketasala.lv\/en\/product\/vinyl-flooring-quick-step-pristine-fall-oak-natural-copy-copy-copy-copy-copy-copy-2\/","og_site_name":"Parketa Sala","article_publisher":"https:\/\/www.facebook.com\/parketasala\/","article_modified_time":"2026-01-29T09:41:14+00:00","og_image":[{"width":854,"height":1280,"url":"https:\/\/parketasala.lv\/wp-content\/uploads\/2026\/01\/vinila-grida-quick-step-fuse-linen-oak-dark-brown-SGMPC20330-1.jpg","type":"image\/jpeg"}],"twitter_card":"summary_large_image","twitter_misc":{"Est. reading time":"1 minute"},"schema":{"@context":"https:\/\/schema.org","@graph":[{"@type":"WebPage","@id":"https:\/\/parketasala.lv\/en\/product\/vinyl-flooring-quick-step-pristine-fall-oak-natural-copy-copy-copy-copy-copy-copy-2\/","url":"https:\/\/parketasala.lv\/en\/product\/vinyl-flooring-quick-step-pristine-fall-oak-natural-copy-copy-copy-copy-copy-copy-2\/","name":"Vinyl flooring Quick-Step Pristine Fall oak natural (Copy) (Copy) (Copy) (Copy) (Copy) (Copy) &#8211; Parketa Sala","isPartOf":{"@id":"https:\/\/parketasala.lv\/en\/#website"},"primaryImageOfPage":{"@id":"https:\/\/parketasala.lv\/en\/product\/vinyl-flooring-quick-step-pristine-fall-oak-natural-copy-copy-copy-copy-copy-copy-2\/#primaryimage"},"image":{"@id":"https:\/\/parketasala.lv\/en\/product\/vinyl-flooring-quick-step-pristine-fall-oak-natural-copy-copy-copy-copy-copy-copy-2\/#primaryimage"},"thumbnailUrl":"https:\/\/parketasala.lv\/wp-content\/uploads\/2026\/01\/vinila-grida-quick-step-fuse-linen-oak-dark-brown-SGMPC20330-1.jpg","datePublished":"2026-01-29T09:39:47+00:00","dateModified":"2026-01-29T09:41:14+00:00","description":"Quick-Step Bloom vinyl flooring with Click system and integrated underlay, take out of the package and install!","breadcrumb":{"@id":"https:\/\/parketasala.lv\/en\/product\/vinyl-flooring-quick-step-pristine-fall-oak-natural-copy-copy-copy-copy-copy-copy-2\/#breadcrumb"},"inLanguage":"en-US","potentialAction":[{"@type":"ReadAction","target":["https:\/\/parketasala.lv\/en\/product\/vinyl-flooring-quick-step-pristine-fall-oak-natural-copy-copy-copy-copy-copy-copy-2\/"]}]},{"@type":"ImageObject","inLanguage":"en-US","@id":"https:\/\/parketasala.lv\/en\/product\/vinyl-flooring-quick-step-pristine-fall-oak-natural-copy-copy-copy-copy-copy-copy-2\/#primaryimage","url":"https:\/\/parketasala.lv\/wp-content\/uploads\/2026\/01\/vinila-grida-quick-step-fuse-linen-oak-dark-brown-SGMPC20330-1.jpg","contentUrl":"https:\/\/parketasala.lv\/wp-content\/uploads\/2026\/01\/vinila-grida-quick-step-fuse-linen-oak-dark-brown-SGMPC20330-1.jpg","width":854,"height":1280,"caption":"vinila-grida-quick-step-fuse-linen-oak-dark-brown-SGMPC20330"},{"@type":"BreadcrumbList","@id":"https:\/\/parketasala.lv\/en\/product\/vinyl-flooring-quick-step-pristine-fall-oak-natural-copy-copy-copy-copy-copy-copy-2\/#breadcrumb","itemListElement":[{"@type":"ListItem","position":1,"name":"Home","item":"https:\/\/parketasala.lv\/en\/home\/"},{"@type":"ListItem","position":2,"name":"Shop","item":"https:\/\/parketasala.lv\/en\/shop\/"},{"@type":"ListItem","position":3,"name":"Vinyl flooring Quick-Step Pristine Fall oak natural (Copy) (Copy) (Copy) (Copy) (Copy) (Copy)"}]},{"@type":"WebSite","@id":"https:\/\/parketasala.lv\/en\/#website","url":"https:\/\/parketasala.lv\/en\/","name":"Parketa Sala","description":"Pla&scaron;s lamin\u0101ta, vinila, parketa un kor\u0137a gr\u012bdu kl\u0101sts","publisher":{"@id":"https:\/\/parketasala.lv\/en\/#organization"},"potentialAction":[{"@type":"SearchAction","target":{"@type":"EntryPoint","urlTemplate":"https:\/\/parketasala.lv\/en\/?s={search_term_string}"},"query-input":{"@type":"PropertyValueSpecification","valueRequired":true,"valueName":"search_term_string"}}],"inLanguage":"en-US"},{"@type":"Organization","@id":"https:\/\/parketasala.lv\/en\/#organization","name":"Parketa Sala","url":"https:\/\/parketasala.lv\/en\/","logo":{"@type":"ImageObject","inLanguage":"en-US","@id":"https:\/\/parketasala.lv\/en\/#\/schema\/logo\/image\/","url":"https:\/\/parketasala.lv\/wp-content\/uploads\/2019\/12\/Logo-x3.png","contentUrl":"https:\/\/parketasala.lv\/wp-content\/uploads\/2019\/12\/Logo-x3.png","width":660,"height":137,"caption":"Parketa Sala"},"image":{"@id":"https:\/\/parketasala.lv\/en\/#\/schema\/logo\/image\/"},"sameAs":["https:\/\/www.facebook.com\/parketasala\/","https:\/\/www.instagram.com\/parketasala\/"]}]}},"_links":{"self":[{"href":"https:\/\/parketasala.lv\/en\/wp-json\/wp\/v2\/product\/34040","targetHints":{"allow":["GET"]}}],"collection":[{"href":"https:\/\/parketasala.lv\/en\/wp-json\/wp\/v2\/product"}],"about":[{"href":"https:\/\/parketasala.lv\/en\/wp-json\/wp\/v2\/types\/product"}],"wp:featuredmedia":[{"embeddable":true,"href":"https:\/\/parketasala.lv\/en\/wp-json\/wp\/v2\/media\/34043"}],"wp:attachment":[{"href":"https:\/\/parketasala.lv\/en\/wp-json\/wp\/v2\/media?parent=34040"}],"wp:term":[{"taxonomy":"product_brand","embeddable":true,"href":"https:\/\/parketasala.lv\/en\/wp-json\/wp\/v2\/product_brand?post=34040"},{"taxonomy":"product_cat","embeddable":true,"href":"https:\/\/parketasala.lv\/en\/wp-json\/wp\/v2\/product_cat?post=34040"},{"taxonomy":"product_tag","embeddable":true,"href":"https:\/\/parketasala.lv\/en\/wp-json\/wp\/v2\/product_tag?post=34040"}],"curies":[{"name":"wp","href":"https:\/\/api.w.org\/{rel}","templated":true}]}}