{"id":33083,"date":"2025-12-05T12:09:42","date_gmt":"2025-12-05T12:09:42","guid":{"rendered":"https:\/\/parketasala.lv\/?post_type=product&#038;p=33083"},"modified":"2025-12-05T12:31:53","modified_gmt":"2025-12-05T12:31:53","slug":"three-layer-parquet-haro-oak-natural-planks-copy","status":"publish","type":"product","link":"https:\/\/parketasala.lv\/en\/product\/three-layer-parquet-haro-oak-natural-planks-copy\/","title":{"rendered":"Three-layer parquet HARO Oak Natural Planks (Copy)"},"content":{"rendered":"<p>HARO Oak Natural Planks are 180 mm wide single-ply oak planks with a 4-sided bevel. The parquet is brushed and varnished with a highly durable naturaDur varnish. <\/p>\n<ul>\n<li>natural matt finish<\/li>\n<li>special coating with high wear and scratch resistance<\/li>\n<li>particularly easy to maintain<\/li>\n<li>also for use in public areas<\/li>\n<li>parquet with naturaDur coating has been awarded the Blue Angel environmental compatibility label<\/li>\n<li>easy installation thanks to the TopConnect click system<\/li>\n<\/ul>\n","protected":false},"excerpt":{"rendered":"<p>HARO Oak Natural Planks are 180 mm wide single-ply oak planks with a 4-sided bevel. The parquet is brushed and varnished with a highly durable naturaDur varnish. natural matt finish special coating with high wear and scratch resistance particularly easy to maintain also for use in public areas parquet with naturaDur coating has been awarded [&hellip;]<\/p>\n","protected":false},"featured_media":33089,"template":"","meta":{"_acf_changed":false},"product_brand":[],"product_cat":[536,681,522,641],"product_tag":[682],"class_list":{"0":"post-33083","1":"product","2":"type-product","3":"status-publish","4":"has-post-thumbnail","6":"product_cat-3-layer-parquet","7":"product_cat-haro-en","8":"product_cat-parquet","9":"product_cat-promotions-en","10":"product_tag-parquet-en","12":"first","13":"onbackorder","14":"sale","15":"taxable","16":"shipping-taxable","17":"purchasable","18":"product-type-simple"},"acf":[],"yoast_head":"<!-- This site is optimized with the Yoast SEO plugin v27.3 - https:\/\/yoast.com\/product\/yoast-seo-wordpress\/ -->\n<title>Three-layer parquet HARO Oak Natural Planks (Copy) &#8211; Parketa Sala<\/title>\n<meta name=\"description\" content=\"Oak parquet HARO Plank 1-Strip 180 4V Jubilee Edition Oak natural. Classic single-ply oak parquet from a leading German parquet manufacturer.\" \/>\n<meta name=\"robots\" content=\"index,follow\" \/>\n<link rel=\"canonical\" href=\"https:\/\/parketasala.lv\/en\/product\/three-layer-parquet-haro-oak-natural-planks-copy\/\" \/>\n<meta property=\"og:locale\" content=\"en_US\" \/>\n<meta property=\"og:type\" content=\"article\" \/>\n<meta property=\"og:title\" content=\"Three-layer parquet HARO Oak Natural Planks (Copy) &#8211; Parketa Sala\" \/>\n<meta property=\"og:description\" content=\"Oak parquet HARO Plank 1-Strip 180 4V Jubilee Edition Oak natural. Classic single-ply oak parquet from a leading German parquet manufacturer.\" \/>\n<meta property=\"og:url\" content=\"https:\/\/parketasala.lv\/en\/product\/three-layer-parquet-haro-oak-natural-planks-copy\/\" \/>\n<meta property=\"og:site_name\" content=\"Parketa Sala\" \/>\n<meta property=\"article:publisher\" content=\"https:\/\/www.facebook.com\/parketasala\/\" \/>\n<meta property=\"article:modified_time\" content=\"2025-12-05T12:31:53+00:00\" \/>\n<meta property=\"og:image\" content=\"https:\/\/parketasala.lv\/wp-content\/uploads\/2025\/12\/547812_haro_parquet_plank_1_strip_plaza_240_4v_oak_alabama_brushed_bilde.jpg\" \/>\n\t<meta property=\"og:image:width\" content=\"2560\" \/>\n\t<meta property=\"og:image:height\" content=\"1440\" \/>\n\t<meta property=\"og:image:type\" content=\"image\/jpeg\" \/>\n<meta name=\"twitter:card\" content=\"summary_large_image\" \/>\n<script type=\"application\/ld+json\" class=\"yoast-schema-graph\">{\"@context\":\"https:\\\/\\\/schema.org\",\"@graph\":[{\"@type\":\"WebPage\",\"@id\":\"https:\\\/\\\/parketasala.lv\\\/en\\\/product\\\/three-layer-parquet-haro-oak-natural-planks-copy\\\/\",\"url\":\"https:\\\/\\\/parketasala.lv\\\/en\\\/product\\\/three-layer-parquet-haro-oak-natural-planks-copy\\\/\",\"name\":\"Three-layer parquet HARO Oak Natural Planks (Copy) &#8211; Parketa Sala\",\"isPartOf\":{\"@id\":\"https:\\\/\\\/parketasala.lv\\\/en\\\/#website\"},\"primaryImageOfPage\":{\"@id\":\"https:\\\/\\\/parketasala.lv\\\/en\\\/product\\\/three-layer-parquet-haro-oak-natural-planks-copy\\\/#primaryimage\"},\"image\":{\"@id\":\"https:\\\/\\\/parketasala.lv\\\/en\\\/product\\\/three-layer-parquet-haro-oak-natural-planks-copy\\\/#primaryimage\"},\"thumbnailUrl\":\"https:\\\/\\\/parketasala.lv\\\/wp-content\\\/uploads\\\/2025\\\/12\\\/547812_haro_parquet_plank_1_strip_plaza_240_4v_oak_alabama_brushed_bilde.jpg\",\"datePublished\":\"2025-12-05T12:09:42+00:00\",\"dateModified\":\"2025-12-05T12:31:53+00:00\",\"description\":\"Oak parquet HARO Plank 1-Strip 180 4V Jubilee Edition Oak natural. Classic single-ply oak parquet from a leading German parquet manufacturer.\",\"breadcrumb\":{\"@id\":\"https:\\\/\\\/parketasala.lv\\\/en\\\/product\\\/three-layer-parquet-haro-oak-natural-planks-copy\\\/#breadcrumb\"},\"inLanguage\":\"en-US\",\"potentialAction\":[{\"@type\":\"ReadAction\",\"target\":[\"https:\\\/\\\/parketasala.lv\\\/en\\\/product\\\/three-layer-parquet-haro-oak-natural-planks-copy\\\/\"]}]},{\"@type\":\"ImageObject\",\"inLanguage\":\"en-US\",\"@id\":\"https:\\\/\\\/parketasala.lv\\\/en\\\/product\\\/three-layer-parquet-haro-oak-natural-planks-copy\\\/#primaryimage\",\"url\":\"https:\\\/\\\/parketasala.lv\\\/wp-content\\\/uploads\\\/2025\\\/12\\\/547812_haro_parquet_plank_1_strip_plaza_240_4v_oak_alabama_brushed_bilde.jpg\",\"contentUrl\":\"https:\\\/\\\/parketasala.lv\\\/wp-content\\\/uploads\\\/2025\\\/12\\\/547812_haro_parquet_plank_1_strip_plaza_240_4v_oak_alabama_brushed_bilde.jpg\",\"width\":2560,\"height\":1440,\"caption\":\"trisslanu-parkets-haro-ozols-alabama\"},{\"@type\":\"BreadcrumbList\",\"@id\":\"https:\\\/\\\/parketasala.lv\\\/en\\\/product\\\/three-layer-parquet-haro-oak-natural-planks-copy\\\/#breadcrumb\",\"itemListElement\":[{\"@type\":\"ListItem\",\"position\":1,\"name\":\"Home\",\"item\":\"https:\\\/\\\/parketasala.lv\\\/en\\\/home\\\/\"},{\"@type\":\"ListItem\",\"position\":2,\"name\":\"Shop\",\"item\":\"https:\\\/\\\/parketasala.lv\\\/en\\\/shop\\\/\"},{\"@type\":\"ListItem\",\"position\":3,\"name\":\"Three-layer parquet HARO Oak Natural Planks (Copy)\"}]},{\"@type\":\"WebSite\",\"@id\":\"https:\\\/\\\/parketasala.lv\\\/en\\\/#website\",\"url\":\"https:\\\/\\\/parketasala.lv\\\/en\\\/\",\"name\":\"Parketa Sala\",\"description\":\"Pla&scaron;s lamin\u0101ta, vinila, parketa un kor\u0137a gr\u012bdu kl\u0101sts\",\"publisher\":{\"@id\":\"https:\\\/\\\/parketasala.lv\\\/en\\\/#organization\"},\"potentialAction\":[{\"@type\":\"SearchAction\",\"target\":{\"@type\":\"EntryPoint\",\"urlTemplate\":\"https:\\\/\\\/parketasala.lv\\\/en\\\/?s={search_term_string}\"},\"query-input\":{\"@type\":\"PropertyValueSpecification\",\"valueRequired\":true,\"valueName\":\"search_term_string\"}}],\"inLanguage\":\"en-US\"},{\"@type\":\"Organization\",\"@id\":\"https:\\\/\\\/parketasala.lv\\\/en\\\/#organization\",\"name\":\"Parketa Sala\",\"url\":\"https:\\\/\\\/parketasala.lv\\\/en\\\/\",\"logo\":{\"@type\":\"ImageObject\",\"inLanguage\":\"en-US\",\"@id\":\"https:\\\/\\\/parketasala.lv\\\/en\\\/#\\\/schema\\\/logo\\\/image\\\/\",\"url\":\"https:\\\/\\\/parketasala.lv\\\/wp-content\\\/uploads\\\/2019\\\/12\\\/Logo-x3.png\",\"contentUrl\":\"https:\\\/\\\/parketasala.lv\\\/wp-content\\\/uploads\\\/2019\\\/12\\\/Logo-x3.png\",\"width\":660,\"height\":137,\"caption\":\"Parketa Sala\"},\"image\":{\"@id\":\"https:\\\/\\\/parketasala.lv\\\/en\\\/#\\\/schema\\\/logo\\\/image\\\/\"},\"sameAs\":[\"https:\\\/\\\/www.facebook.com\\\/parketasala\\\/\",\"https:\\\/\\\/www.instagram.com\\\/parketasala\\\/\"]}]}<\/script>\n<!-- \/ Yoast SEO plugin. -->","yoast_head_json":{"title":"Three-layer parquet HARO Oak Natural Planks (Copy) &#8211; Parketa Sala","description":"Oak parquet HARO Plank 1-Strip 180 4V Jubilee Edition Oak natural. Classic single-ply oak parquet from a leading German parquet manufacturer.","robots":{"index,follow":"index,follow"},"canonical":"https:\/\/parketasala.lv\/en\/product\/three-layer-parquet-haro-oak-natural-planks-copy\/","og_locale":"en_US","og_type":"article","og_title":"Three-layer parquet HARO Oak Natural Planks (Copy) &#8211; Parketa Sala","og_description":"Oak parquet HARO Plank 1-Strip 180 4V Jubilee Edition Oak natural. Classic single-ply oak parquet from a leading German parquet manufacturer.","og_url":"https:\/\/parketasala.lv\/en\/product\/three-layer-parquet-haro-oak-natural-planks-copy\/","og_site_name":"Parketa Sala","article_publisher":"https:\/\/www.facebook.com\/parketasala\/","article_modified_time":"2025-12-05T12:31:53+00:00","og_image":[{"width":2560,"height":1440,"url":"https:\/\/parketasala.lv\/wp-content\/uploads\/2025\/12\/547812_haro_parquet_plank_1_strip_plaza_240_4v_oak_alabama_brushed_bilde.jpg","type":"image\/jpeg"}],"twitter_card":"summary_large_image","schema":{"@context":"https:\/\/schema.org","@graph":[{"@type":"WebPage","@id":"https:\/\/parketasala.lv\/en\/product\/three-layer-parquet-haro-oak-natural-planks-copy\/","url":"https:\/\/parketasala.lv\/en\/product\/three-layer-parquet-haro-oak-natural-planks-copy\/","name":"Three-layer parquet HARO Oak Natural Planks (Copy) &#8211; Parketa Sala","isPartOf":{"@id":"https:\/\/parketasala.lv\/en\/#website"},"primaryImageOfPage":{"@id":"https:\/\/parketasala.lv\/en\/product\/three-layer-parquet-haro-oak-natural-planks-copy\/#primaryimage"},"image":{"@id":"https:\/\/parketasala.lv\/en\/product\/three-layer-parquet-haro-oak-natural-planks-copy\/#primaryimage"},"thumbnailUrl":"https:\/\/parketasala.lv\/wp-content\/uploads\/2025\/12\/547812_haro_parquet_plank_1_strip_plaza_240_4v_oak_alabama_brushed_bilde.jpg","datePublished":"2025-12-05T12:09:42+00:00","dateModified":"2025-12-05T12:31:53+00:00","description":"Oak parquet HARO Plank 1-Strip 180 4V Jubilee Edition Oak natural. Classic single-ply oak parquet from a leading German parquet manufacturer.","breadcrumb":{"@id":"https:\/\/parketasala.lv\/en\/product\/three-layer-parquet-haro-oak-natural-planks-copy\/#breadcrumb"},"inLanguage":"en-US","potentialAction":[{"@type":"ReadAction","target":["https:\/\/parketasala.lv\/en\/product\/three-layer-parquet-haro-oak-natural-planks-copy\/"]}]},{"@type":"ImageObject","inLanguage":"en-US","@id":"https:\/\/parketasala.lv\/en\/product\/three-layer-parquet-haro-oak-natural-planks-copy\/#primaryimage","url":"https:\/\/parketasala.lv\/wp-content\/uploads\/2025\/12\/547812_haro_parquet_plank_1_strip_plaza_240_4v_oak_alabama_brushed_bilde.jpg","contentUrl":"https:\/\/parketasala.lv\/wp-content\/uploads\/2025\/12\/547812_haro_parquet_plank_1_strip_plaza_240_4v_oak_alabama_brushed_bilde.jpg","width":2560,"height":1440,"caption":"trisslanu-parkets-haro-ozols-alabama"},{"@type":"BreadcrumbList","@id":"https:\/\/parketasala.lv\/en\/product\/three-layer-parquet-haro-oak-natural-planks-copy\/#breadcrumb","itemListElement":[{"@type":"ListItem","position":1,"name":"Home","item":"https:\/\/parketasala.lv\/en\/home\/"},{"@type":"ListItem","position":2,"name":"Shop","item":"https:\/\/parketasala.lv\/en\/shop\/"},{"@type":"ListItem","position":3,"name":"Three-layer parquet HARO Oak Natural Planks (Copy)"}]},{"@type":"WebSite","@id":"https:\/\/parketasala.lv\/en\/#website","url":"https:\/\/parketasala.lv\/en\/","name":"Parketa Sala","description":"Pla&scaron;s lamin\u0101ta, vinila, parketa un kor\u0137a gr\u012bdu kl\u0101sts","publisher":{"@id":"https:\/\/parketasala.lv\/en\/#organization"},"potentialAction":[{"@type":"SearchAction","target":{"@type":"EntryPoint","urlTemplate":"https:\/\/parketasala.lv\/en\/?s={search_term_string}"},"query-input":{"@type":"PropertyValueSpecification","valueRequired":true,"valueName":"search_term_string"}}],"inLanguage":"en-US"},{"@type":"Organization","@id":"https:\/\/parketasala.lv\/en\/#organization","name":"Parketa Sala","url":"https:\/\/parketasala.lv\/en\/","logo":{"@type":"ImageObject","inLanguage":"en-US","@id":"https:\/\/parketasala.lv\/en\/#\/schema\/logo\/image\/","url":"https:\/\/parketasala.lv\/wp-content\/uploads\/2019\/12\/Logo-x3.png","contentUrl":"https:\/\/parketasala.lv\/wp-content\/uploads\/2019\/12\/Logo-x3.png","width":660,"height":137,"caption":"Parketa Sala"},"image":{"@id":"https:\/\/parketasala.lv\/en\/#\/schema\/logo\/image\/"},"sameAs":["https:\/\/www.facebook.com\/parketasala\/","https:\/\/www.instagram.com\/parketasala\/"]}]}},"_links":{"self":[{"href":"https:\/\/parketasala.lv\/en\/wp-json\/wp\/v2\/product\/33083","targetHints":{"allow":["GET"]}}],"collection":[{"href":"https:\/\/parketasala.lv\/en\/wp-json\/wp\/v2\/product"}],"about":[{"href":"https:\/\/parketasala.lv\/en\/wp-json\/wp\/v2\/types\/product"}],"wp:featuredmedia":[{"embeddable":true,"href":"https:\/\/parketasala.lv\/en\/wp-json\/wp\/v2\/media\/33089"}],"wp:attachment":[{"href":"https:\/\/parketasala.lv\/en\/wp-json\/wp\/v2\/media?parent=33083"}],"wp:term":[{"taxonomy":"product_brand","embeddable":true,"href":"https:\/\/parketasala.lv\/en\/wp-json\/wp\/v2\/product_brand?post=33083"},{"taxonomy":"product_cat","embeddable":true,"href":"https:\/\/parketasala.lv\/en\/wp-json\/wp\/v2\/product_cat?post=33083"},{"taxonomy":"product_tag","embeddable":true,"href":"https:\/\/parketasala.lv\/en\/wp-json\/wp\/v2\/product_tag?post=33083"}],"curies":[{"name":"wp","href":"https:\/\/api.w.org\/{rel}","templated":true}]}}