{"id":32440,"date":"2025-09-27T07:40:53","date_gmt":"2025-09-27T07:40:53","guid":{"rendered":"https:\/\/parketasala.lv\/?post_type=product&#038;p=32440"},"modified":"2025-11-08T11:26:07","modified_gmt":"2025-11-08T11:26:07","slug":"vinyl-floor-moduleo-roots-country-oak-54225-copy-copy-copy-copy-copy-copy-copy-copy-copy-copy-copy-copy-copy-copy-copy-copy-copy-copy-copy-copy-copy-copy-c-9","status":"publish","type":"product","link":"https:\/\/parketasala.lv\/en\/product\/vinyl-floor-moduleo-roots-country-oak-54225-copy-copy-copy-copy-copy-copy-copy-copy-copy-copy-copy-copy-copy-copy-copy-copy-copy-copy-copy-copy-copy-copy-c-9\/","title":{"rendered":"Vinyl floor Moduleo Roots Country Oak 20226"},"content":{"rendered":"<p>Moduleo Roots vinyl flooring:<\/p>\n<ul>\n<li>Natural wood or stone texture (surface texture to match decor pattern)<\/li>\n<li>All designs have a four-sided phase<\/li>\n<li>Quick and easy installation.<\/li>\n<li>100% waterproof &#8211; can be safely used in the bathroom, corridor or kitchen.<\/li>\n<li>Ideal for underfloor heating.<\/li>\n<li>Quieter and warmer than laminate.<\/li>\n<li>Abrasion-resistant &#8211; vinyl layer 0,55 mm (abrasion resistance class 42).<\/li>\n<li>The flooring will not discolour and will not fade in the sun<\/li>\n<li>Easy to maintain<\/li>\n<li>Replacement of a faulty board is possible<\/li>\n<li>Creative skirting in identical shade (made from the same vinyl)<\/li>\n<\/ul>\n<p>Type of installation:<\/p>\n<ul>\n<li>Gluing to the floor<\/li>\n<\/ul>\n<p>&nbsp;<\/p>\n","protected":false},"excerpt":{"rendered":"<p>Moduleo Roots vinyl flooring: Natural wood or stone texture (surface texture to match decor pattern) All designs have a four-sided phase Quick and easy installation. 100% waterproof &#8211; can be safely used in the bathroom, corridor or kitchen. Ideal for underfloor heating. Quieter and warmer than laminate. Abrasion-resistant &#8211; vinyl layer 0,55 mm (abrasion resistance [&hellip;]<\/p>\n","protected":false},"featured_media":32434,"template":"","meta":{"_acf_changed":false},"product_brand":[],"product_cat":[470,496,469,467,468],"product_tag":[],"class_list":{"0":"post-32440","1":"product","2":"type-product","3":"status-publish","4":"has-post-thumbnail","6":"product_cat-moduleo","7":"product_cat-promotions","8":"product_cat-to-be-downloaded-at","9":"product_cat-vinyl-flooring","10":"product_cat-wooden-design-en","12":"first","13":"onbackorder","14":"taxable","15":"shipping-taxable","16":"purchasable","17":"product-type-simple"},"acf":[],"yoast_head":"<!-- This site is optimized with the Yoast SEO plugin v27.3 - https:\/\/yoast.com\/product\/yoast-seo-wordpress\/ -->\n<title>Vinyl floor Moduleo Roots Country Oak 20226 &#8211; Parketa Sala<\/title>\n<meta name=\"robots\" content=\"index,follow\" \/>\n<link rel=\"canonical\" href=\"https:\/\/parketasala.lv\/en\/product\/vinyl-floor-moduleo-roots-country-oak-54225-copy-copy-copy-copy-copy-copy-copy-copy-copy-copy-copy-copy-copy-copy-copy-copy-copy-copy-copy-copy-copy-copy-c-9\/\" \/>\n<meta property=\"og:locale\" content=\"en_US\" \/>\n<meta property=\"og:type\" content=\"article\" \/>\n<meta property=\"og:title\" content=\"Vinyl floor Moduleo Roots Country Oak 20226 &#8211; Parketa Sala\" \/>\n<meta property=\"og:description\" content=\"Moduleo Roots vinyl flooring: Natural wood or stone texture (surface texture to match decor pattern) All designs have a four-sided phase Quick and easy installation. 100% waterproof &#8211; can be safely used in the bathroom, corridor or kitchen. Ideal for underfloor heating. Quieter and warmer than laminate. Abrasion-resistant &#8211; vinyl layer 0,55 mm (abrasion resistance [&hellip;]\" \/>\n<meta property=\"og:url\" content=\"https:\/\/parketasala.lv\/en\/product\/vinyl-floor-moduleo-roots-country-oak-54225-copy-copy-copy-copy-copy-copy-copy-copy-copy-copy-copy-copy-copy-copy-copy-copy-copy-copy-copy-copy-copy-copy-c-9\/\" \/>\n<meta property=\"og:site_name\" content=\"Parketa Sala\" \/>\n<meta property=\"article:publisher\" content=\"https:\/\/www.facebook.com\/parketasala\/\" \/>\n<meta property=\"article:modified_time\" content=\"2025-11-08T11:26:07+00:00\" \/>\n<meta property=\"og:image\" content=\"https:\/\/parketasala.lv\/wp-content\/uploads\/2025\/09\/Desert-Escape_English-Walnut-20226-Lugano-46820_room-PRINT2560-684x1024.jpg\" \/>\n\t<meta property=\"og:image:width\" content=\"684\" \/>\n\t<meta property=\"og:image:height\" content=\"1024\" \/>\n\t<meta property=\"og:image:type\" content=\"image\/jpeg\" \/>\n<meta name=\"twitter:card\" content=\"summary_large_image\" \/>\n<meta name=\"twitter:label1\" content=\"Est. reading time\" \/>\n\t<meta name=\"twitter:data1\" content=\"1 minute\" \/>\n<script type=\"application\/ld+json\" class=\"yoast-schema-graph\">{\"@context\":\"https:\\\/\\\/schema.org\",\"@graph\":[{\"@type\":\"WebPage\",\"@id\":\"https:\\\/\\\/parketasala.lv\\\/en\\\/product\\\/vinyl-floor-moduleo-roots-country-oak-54225-copy-copy-copy-copy-copy-copy-copy-copy-copy-copy-copy-copy-copy-copy-copy-copy-copy-copy-copy-copy-copy-copy-c-9\\\/\",\"url\":\"https:\\\/\\\/parketasala.lv\\\/en\\\/product\\\/vinyl-floor-moduleo-roots-country-oak-54225-copy-copy-copy-copy-copy-copy-copy-copy-copy-copy-copy-copy-copy-copy-copy-copy-copy-copy-copy-copy-copy-copy-c-9\\\/\",\"name\":\"Vinyl floor Moduleo Roots Country Oak 20226 &#8211; Parketa Sala\",\"isPartOf\":{\"@id\":\"https:\\\/\\\/parketasala.lv\\\/en\\\/#website\"},\"primaryImageOfPage\":{\"@id\":\"https:\\\/\\\/parketasala.lv\\\/en\\\/product\\\/vinyl-floor-moduleo-roots-country-oak-54225-copy-copy-copy-copy-copy-copy-copy-copy-copy-copy-copy-copy-copy-copy-copy-copy-copy-copy-copy-copy-copy-copy-c-9\\\/#primaryimage\"},\"image\":{\"@id\":\"https:\\\/\\\/parketasala.lv\\\/en\\\/product\\\/vinyl-floor-moduleo-roots-country-oak-54225-copy-copy-copy-copy-copy-copy-copy-copy-copy-copy-copy-copy-copy-copy-copy-copy-copy-copy-copy-copy-copy-copy-c-9\\\/#primaryimage\"},\"thumbnailUrl\":\"https:\\\/\\\/parketasala.lv\\\/wp-content\\\/uploads\\\/2025\\\/09\\\/Desert-Escape_English-Walnut-20226-Lugano-46820_room-PRINT2560.jpg\",\"datePublished\":\"2025-09-27T07:40:53+00:00\",\"dateModified\":\"2025-11-08T11:26:07+00:00\",\"breadcrumb\":{\"@id\":\"https:\\\/\\\/parketasala.lv\\\/en\\\/product\\\/vinyl-floor-moduleo-roots-country-oak-54225-copy-copy-copy-copy-copy-copy-copy-copy-copy-copy-copy-copy-copy-copy-copy-copy-copy-copy-copy-copy-copy-copy-c-9\\\/#breadcrumb\"},\"inLanguage\":\"en-US\",\"potentialAction\":[{\"@type\":\"ReadAction\",\"target\":[\"https:\\\/\\\/parketasala.lv\\\/en\\\/product\\\/vinyl-floor-moduleo-roots-country-oak-54225-copy-copy-copy-copy-copy-copy-copy-copy-copy-copy-copy-copy-copy-copy-copy-copy-copy-copy-copy-copy-copy-copy-c-9\\\/\"]}]},{\"@type\":\"ImageObject\",\"inLanguage\":\"en-US\",\"@id\":\"https:\\\/\\\/parketasala.lv\\\/en\\\/product\\\/vinyl-floor-moduleo-roots-country-oak-54225-copy-copy-copy-copy-copy-copy-copy-copy-copy-copy-copy-copy-copy-copy-copy-copy-copy-copy-copy-copy-copy-copy-c-9\\\/#primaryimage\",\"url\":\"https:\\\/\\\/parketasala.lv\\\/wp-content\\\/uploads\\\/2025\\\/09\\\/Desert-Escape_English-Walnut-20226-Lugano-46820_room-PRINT2560.jpg\",\"contentUrl\":\"https:\\\/\\\/parketasala.lv\\\/wp-content\\\/uploads\\\/2025\\\/09\\\/Desert-Escape_English-Walnut-20226-Lugano-46820_room-PRINT2560.jpg\",\"width\":1709,\"height\":2560,\"caption\":\"Vinila gr\u012bda Moduleo Roots English Walnut 20226 L\"},{\"@type\":\"BreadcrumbList\",\"@id\":\"https:\\\/\\\/parketasala.lv\\\/en\\\/product\\\/vinyl-floor-moduleo-roots-country-oak-54225-copy-copy-copy-copy-copy-copy-copy-copy-copy-copy-copy-copy-copy-copy-copy-copy-copy-copy-copy-copy-copy-copy-c-9\\\/#breadcrumb\",\"itemListElement\":[{\"@type\":\"ListItem\",\"position\":1,\"name\":\"Home\",\"item\":\"https:\\\/\\\/parketasala.lv\\\/en\\\/home\\\/\"},{\"@type\":\"ListItem\",\"position\":2,\"name\":\"Shop\",\"item\":\"https:\\\/\\\/parketasala.lv\\\/en\\\/shop\\\/\"},{\"@type\":\"ListItem\",\"position\":3,\"name\":\"Vinyl floor Moduleo Roots Country Oak 20226\"}]},{\"@type\":\"WebSite\",\"@id\":\"https:\\\/\\\/parketasala.lv\\\/en\\\/#website\",\"url\":\"https:\\\/\\\/parketasala.lv\\\/en\\\/\",\"name\":\"Parketa Sala\",\"description\":\"Pla&scaron;s lamin\u0101ta, vinila, parketa un kor\u0137a gr\u012bdu kl\u0101sts\",\"publisher\":{\"@id\":\"https:\\\/\\\/parketasala.lv\\\/en\\\/#organization\"},\"potentialAction\":[{\"@type\":\"SearchAction\",\"target\":{\"@type\":\"EntryPoint\",\"urlTemplate\":\"https:\\\/\\\/parketasala.lv\\\/en\\\/?s={search_term_string}\"},\"query-input\":{\"@type\":\"PropertyValueSpecification\",\"valueRequired\":true,\"valueName\":\"search_term_string\"}}],\"inLanguage\":\"en-US\"},{\"@type\":\"Organization\",\"@id\":\"https:\\\/\\\/parketasala.lv\\\/en\\\/#organization\",\"name\":\"Parketa Sala\",\"url\":\"https:\\\/\\\/parketasala.lv\\\/en\\\/\",\"logo\":{\"@type\":\"ImageObject\",\"inLanguage\":\"en-US\",\"@id\":\"https:\\\/\\\/parketasala.lv\\\/en\\\/#\\\/schema\\\/logo\\\/image\\\/\",\"url\":\"https:\\\/\\\/parketasala.lv\\\/wp-content\\\/uploads\\\/2019\\\/12\\\/Logo-x3.png\",\"contentUrl\":\"https:\\\/\\\/parketasala.lv\\\/wp-content\\\/uploads\\\/2019\\\/12\\\/Logo-x3.png\",\"width\":660,\"height\":137,\"caption\":\"Parketa Sala\"},\"image\":{\"@id\":\"https:\\\/\\\/parketasala.lv\\\/en\\\/#\\\/schema\\\/logo\\\/image\\\/\"},\"sameAs\":[\"https:\\\/\\\/www.facebook.com\\\/parketasala\\\/\",\"https:\\\/\\\/www.instagram.com\\\/parketasala\\\/\"]}]}<\/script>\n<!-- \/ Yoast SEO plugin. -->","yoast_head_json":{"title":"Vinyl floor Moduleo Roots Country Oak 20226 &#8211; Parketa Sala","robots":{"index,follow":"index,follow"},"canonical":"https:\/\/parketasala.lv\/en\/product\/vinyl-floor-moduleo-roots-country-oak-54225-copy-copy-copy-copy-copy-copy-copy-copy-copy-copy-copy-copy-copy-copy-copy-copy-copy-copy-copy-copy-copy-copy-c-9\/","og_locale":"en_US","og_type":"article","og_title":"Vinyl floor Moduleo Roots Country Oak 20226 &#8211; Parketa Sala","og_description":"Moduleo Roots vinyl flooring: Natural wood or stone texture (surface texture to match decor pattern) All designs have a four-sided phase Quick and easy installation. 100% waterproof &#8211; can be safely used in the bathroom, corridor or kitchen. Ideal for underfloor heating. Quieter and warmer than laminate. Abrasion-resistant &#8211; vinyl layer 0,55 mm (abrasion resistance [&hellip;]","og_url":"https:\/\/parketasala.lv\/en\/product\/vinyl-floor-moduleo-roots-country-oak-54225-copy-copy-copy-copy-copy-copy-copy-copy-copy-copy-copy-copy-copy-copy-copy-copy-copy-copy-copy-copy-copy-copy-c-9\/","og_site_name":"Parketa Sala","article_publisher":"https:\/\/www.facebook.com\/parketasala\/","article_modified_time":"2025-11-08T11:26:07+00:00","og_image":[{"width":684,"height":1024,"url":"https:\/\/parketasala.lv\/wp-content\/uploads\/2025\/09\/Desert-Escape_English-Walnut-20226-Lugano-46820_room-PRINT2560-684x1024.jpg","type":"image\/jpeg"}],"twitter_card":"summary_large_image","twitter_misc":{"Est. reading time":"1 minute"},"schema":{"@context":"https:\/\/schema.org","@graph":[{"@type":"WebPage","@id":"https:\/\/parketasala.lv\/en\/product\/vinyl-floor-moduleo-roots-country-oak-54225-copy-copy-copy-copy-copy-copy-copy-copy-copy-copy-copy-copy-copy-copy-copy-copy-copy-copy-copy-copy-copy-copy-c-9\/","url":"https:\/\/parketasala.lv\/en\/product\/vinyl-floor-moduleo-roots-country-oak-54225-copy-copy-copy-copy-copy-copy-copy-copy-copy-copy-copy-copy-copy-copy-copy-copy-copy-copy-copy-copy-copy-copy-c-9\/","name":"Vinyl floor Moduleo Roots Country Oak 20226 &#8211; Parketa Sala","isPartOf":{"@id":"https:\/\/parketasala.lv\/en\/#website"},"primaryImageOfPage":{"@id":"https:\/\/parketasala.lv\/en\/product\/vinyl-floor-moduleo-roots-country-oak-54225-copy-copy-copy-copy-copy-copy-copy-copy-copy-copy-copy-copy-copy-copy-copy-copy-copy-copy-copy-copy-copy-copy-c-9\/#primaryimage"},"image":{"@id":"https:\/\/parketasala.lv\/en\/product\/vinyl-floor-moduleo-roots-country-oak-54225-copy-copy-copy-copy-copy-copy-copy-copy-copy-copy-copy-copy-copy-copy-copy-copy-copy-copy-copy-copy-copy-copy-c-9\/#primaryimage"},"thumbnailUrl":"https:\/\/parketasala.lv\/wp-content\/uploads\/2025\/09\/Desert-Escape_English-Walnut-20226-Lugano-46820_room-PRINT2560.jpg","datePublished":"2025-09-27T07:40:53+00:00","dateModified":"2025-11-08T11:26:07+00:00","breadcrumb":{"@id":"https:\/\/parketasala.lv\/en\/product\/vinyl-floor-moduleo-roots-country-oak-54225-copy-copy-copy-copy-copy-copy-copy-copy-copy-copy-copy-copy-copy-copy-copy-copy-copy-copy-copy-copy-copy-copy-c-9\/#breadcrumb"},"inLanguage":"en-US","potentialAction":[{"@type":"ReadAction","target":["https:\/\/parketasala.lv\/en\/product\/vinyl-floor-moduleo-roots-country-oak-54225-copy-copy-copy-copy-copy-copy-copy-copy-copy-copy-copy-copy-copy-copy-copy-copy-copy-copy-copy-copy-copy-copy-c-9\/"]}]},{"@type":"ImageObject","inLanguage":"en-US","@id":"https:\/\/parketasala.lv\/en\/product\/vinyl-floor-moduleo-roots-country-oak-54225-copy-copy-copy-copy-copy-copy-copy-copy-copy-copy-copy-copy-copy-copy-copy-copy-copy-copy-copy-copy-copy-copy-c-9\/#primaryimage","url":"https:\/\/parketasala.lv\/wp-content\/uploads\/2025\/09\/Desert-Escape_English-Walnut-20226-Lugano-46820_room-PRINT2560.jpg","contentUrl":"https:\/\/parketasala.lv\/wp-content\/uploads\/2025\/09\/Desert-Escape_English-Walnut-20226-Lugano-46820_room-PRINT2560.jpg","width":1709,"height":2560,"caption":"Vinila gr\u012bda Moduleo Roots English Walnut 20226 L"},{"@type":"BreadcrumbList","@id":"https:\/\/parketasala.lv\/en\/product\/vinyl-floor-moduleo-roots-country-oak-54225-copy-copy-copy-copy-copy-copy-copy-copy-copy-copy-copy-copy-copy-copy-copy-copy-copy-copy-copy-copy-copy-copy-c-9\/#breadcrumb","itemListElement":[{"@type":"ListItem","position":1,"name":"Home","item":"https:\/\/parketasala.lv\/en\/home\/"},{"@type":"ListItem","position":2,"name":"Shop","item":"https:\/\/parketasala.lv\/en\/shop\/"},{"@type":"ListItem","position":3,"name":"Vinyl floor Moduleo Roots Country Oak 20226"}]},{"@type":"WebSite","@id":"https:\/\/parketasala.lv\/en\/#website","url":"https:\/\/parketasala.lv\/en\/","name":"Parketa Sala","description":"Pla&scaron;s lamin\u0101ta, vinila, parketa un kor\u0137a gr\u012bdu kl\u0101sts","publisher":{"@id":"https:\/\/parketasala.lv\/en\/#organization"},"potentialAction":[{"@type":"SearchAction","target":{"@type":"EntryPoint","urlTemplate":"https:\/\/parketasala.lv\/en\/?s={search_term_string}"},"query-input":{"@type":"PropertyValueSpecification","valueRequired":true,"valueName":"search_term_string"}}],"inLanguage":"en-US"},{"@type":"Organization","@id":"https:\/\/parketasala.lv\/en\/#organization","name":"Parketa Sala","url":"https:\/\/parketasala.lv\/en\/","logo":{"@type":"ImageObject","inLanguage":"en-US","@id":"https:\/\/parketasala.lv\/en\/#\/schema\/logo\/image\/","url":"https:\/\/parketasala.lv\/wp-content\/uploads\/2019\/12\/Logo-x3.png","contentUrl":"https:\/\/parketasala.lv\/wp-content\/uploads\/2019\/12\/Logo-x3.png","width":660,"height":137,"caption":"Parketa Sala"},"image":{"@id":"https:\/\/parketasala.lv\/en\/#\/schema\/logo\/image\/"},"sameAs":["https:\/\/www.facebook.com\/parketasala\/","https:\/\/www.instagram.com\/parketasala\/"]}]}},"_links":{"self":[{"href":"https:\/\/parketasala.lv\/en\/wp-json\/wp\/v2\/product\/32440","targetHints":{"allow":["GET"]}}],"collection":[{"href":"https:\/\/parketasala.lv\/en\/wp-json\/wp\/v2\/product"}],"about":[{"href":"https:\/\/parketasala.lv\/en\/wp-json\/wp\/v2\/types\/product"}],"wp:featuredmedia":[{"embeddable":true,"href":"https:\/\/parketasala.lv\/en\/wp-json\/wp\/v2\/media\/32434"}],"wp:attachment":[{"href":"https:\/\/parketasala.lv\/en\/wp-json\/wp\/v2\/media?parent=32440"}],"wp:term":[{"taxonomy":"product_brand","embeddable":true,"href":"https:\/\/parketasala.lv\/en\/wp-json\/wp\/v2\/product_brand?post=32440"},{"taxonomy":"product_cat","embeddable":true,"href":"https:\/\/parketasala.lv\/en\/wp-json\/wp\/v2\/product_cat?post=32440"},{"taxonomy":"product_tag","embeddable":true,"href":"https:\/\/parketasala.lv\/en\/wp-json\/wp\/v2\/product_tag?post=32440"}],"curies":[{"name":"wp","href":"https:\/\/api.w.org\/{rel}","templated":true}]}}