{"id":29490,"date":"2025-08-26T08:40:20","date_gmt":"2025-08-26T08:40:20","guid":{"rendered":"https:\/\/parketasala.lv\/?post_type=product&#038;p=29490"},"modified":"2025-11-08T13:02:36","modified_gmt":"2025-11-08T13:02:36","slug":"quick-step-floor-tile-for-vinyl-flooring-20304-copy-copy-copy-copy","status":"publish","type":"product","link":"https:\/\/parketasala.lv\/en\/product\/quick-step-floor-tile-for-vinyl-flooring-20304-copy-copy-copy-copy\/","title":{"rendered":"Quick-Step floor tile for vinyl flooring 20309"},"content":{"rendered":"<p>Quick-Step skirting boards are ideally suited to each vinyl floor because they are manufactured in the same factory from the same material as the vinyl floor.<\/p>\n<h5><\/h5>\n<p>They are 100% waterproof, shockproof and scratchproof.<\/p>\n<h5><\/h5>\n<p>They are flexible, so they fit well even on a less smooth wall plane.<\/p>\n<h5><\/h5>\n<p>Due to the wide range of shades, it is also possible to find a matching colour for floors from other manufacturers that do not offer the original skirting boards.<\/p>\n<h4><\/h4>\n<p>Types of attachment:<\/p>\n<ol>\n<li style=\"list-style-type: none;\">\n<ol>\n<li>Adhesive <a href=\"https:\/\/parketasala.lv\/en\/product\/mounting-adhesive-bostik-msp108\/\">MSP108<\/a>, <a href=\"https:\/\/parketasala.lv\/en\/product\/quick-step-one4all-adhesive\/\" target=\"_blank\" rel=\"noopener noreferrer\">ONE4ALLGLUE <\/a><\/li>\n<\/ol>\n<\/li>\n<\/ol>\n<h1><\/h1>\n<p><strong>Only available in a full pack of 6 skirting boards (11.22 m).<\/strong><\/p>\n","protected":false},"excerpt":{"rendered":"<p>Quick-Step skirting boards are ideally suited to each vinyl floor because they are manufactured in the same factory from the same material as the vinyl floor. They are 100% waterproof, shockproof and scratchproof. They are flexible, so they fit well even on a less smooth wall plane. Due to the wide range of shades, it [&hellip;]<\/p>\n","protected":false},"featured_media":29493,"template":"","meta":{"_acf_changed":false},"product_brand":[],"product_cat":[424,660],"product_tag":[],"class_list":{"0":"post-29490","1":"product","2":"type-product","3":"status-publish","4":"has-post-thumbnail","6":"product_cat-accessories","7":"product_cat-vinyl-skirting","9":"first","10":"onbackorder","11":"taxable","12":"shipping-taxable","13":"purchasable","14":"product-type-simple"},"acf":[],"yoast_head":"<!-- This site is optimized with the Yoast SEO plugin v27.3 - https:\/\/yoast.com\/product\/yoast-seo-wordpress\/ -->\n<title>Quick-Step floor tile for vinyl flooring 20309 &#8211; Parketa Sala<\/title>\n<meta name=\"robots\" content=\"index,follow\" \/>\n<link rel=\"canonical\" href=\"https:\/\/parketasala.lv\/en\/product\/quick-step-floor-tile-for-vinyl-flooring-20304-copy-copy-copy-copy\/\" \/>\n<meta property=\"og:locale\" content=\"en_US\" \/>\n<meta property=\"og:type\" content=\"article\" \/>\n<meta property=\"og:title\" content=\"Quick-Step floor tile for vinyl flooring 20309 &#8211; Parketa Sala\" \/>\n<meta property=\"og:description\" content=\"Quick-Step skirting boards are ideally suited to each vinyl floor because they are manufactured in the same factory from the same material as the vinyl floor. They are 100% waterproof, shockproof and scratchproof. They are flexible, so they fit well even on a less smooth wall plane. Due to the wide range of shades, it [&hellip;]\" \/>\n<meta property=\"og:url\" content=\"https:\/\/parketasala.lv\/en\/product\/quick-step-floor-tile-for-vinyl-flooring-20304-copy-copy-copy-copy\/\" \/>\n<meta property=\"og:site_name\" content=\"Parketa Sala\" \/>\n<meta property=\"article:publisher\" content=\"https:\/\/www.facebook.com\/parketasala\/\" \/>\n<meta property=\"article:modified_time\" content=\"2025-11-08T13:02:36+00:00\" \/>\n<meta property=\"og:image\" content=\"https:\/\/parketasala.lv\/wp-content\/uploads\/2025\/08\/QSVSKDB20309_StandardSkirting01.jpg\" \/>\n\t<meta property=\"og:image:width\" content=\"1280\" \/>\n\t<meta property=\"og:image:height\" content=\"854\" \/>\n\t<meta property=\"og:image:type\" content=\"image\/jpeg\" \/>\n<meta name=\"twitter:card\" content=\"summary_large_image\" \/>\n<meta name=\"twitter:label1\" content=\"Est. reading time\" \/>\n\t<meta name=\"twitter:data1\" content=\"1 minute\" \/>\n<script type=\"application\/ld+json\" class=\"yoast-schema-graph\">{\"@context\":\"https:\\\/\\\/schema.org\",\"@graph\":[{\"@type\":\"WebPage\",\"@id\":\"https:\\\/\\\/parketasala.lv\\\/en\\\/product\\\/quick-step-floor-tile-for-vinyl-flooring-20304-copy-copy-copy-copy\\\/\",\"url\":\"https:\\\/\\\/parketasala.lv\\\/en\\\/product\\\/quick-step-floor-tile-for-vinyl-flooring-20304-copy-copy-copy-copy\\\/\",\"name\":\"Quick-Step floor tile for vinyl flooring 20309 &#8211; Parketa Sala\",\"isPartOf\":{\"@id\":\"https:\\\/\\\/parketasala.lv\\\/en\\\/#website\"},\"primaryImageOfPage\":{\"@id\":\"https:\\\/\\\/parketasala.lv\\\/en\\\/product\\\/quick-step-floor-tile-for-vinyl-flooring-20304-copy-copy-copy-copy\\\/#primaryimage\"},\"image\":{\"@id\":\"https:\\\/\\\/parketasala.lv\\\/en\\\/product\\\/quick-step-floor-tile-for-vinyl-flooring-20304-copy-copy-copy-copy\\\/#primaryimage\"},\"thumbnailUrl\":\"https:\\\/\\\/parketasala.lv\\\/wp-content\\\/uploads\\\/2025\\\/08\\\/QSVSKDB20309_StandardSkirting01.jpg\",\"datePublished\":\"2025-08-26T08:40:20+00:00\",\"dateModified\":\"2025-11-08T13:02:36+00:00\",\"breadcrumb\":{\"@id\":\"https:\\\/\\\/parketasala.lv\\\/en\\\/product\\\/quick-step-floor-tile-for-vinyl-flooring-20304-copy-copy-copy-copy\\\/#breadcrumb\"},\"inLanguage\":\"en-US\",\"potentialAction\":[{\"@type\":\"ReadAction\",\"target\":[\"https:\\\/\\\/parketasala.lv\\\/en\\\/product\\\/quick-step-floor-tile-for-vinyl-flooring-20304-copy-copy-copy-copy\\\/\"]}]},{\"@type\":\"ImageObject\",\"inLanguage\":\"en-US\",\"@id\":\"https:\\\/\\\/parketasala.lv\\\/en\\\/product\\\/quick-step-floor-tile-for-vinyl-flooring-20304-copy-copy-copy-copy\\\/#primaryimage\",\"url\":\"https:\\\/\\\/parketasala.lv\\\/wp-content\\\/uploads\\\/2025\\\/08\\\/QSVSKDB20309_StandardSkirting01.jpg\",\"contentUrl\":\"https:\\\/\\\/parketasala.lv\\\/wp-content\\\/uploads\\\/2025\\\/08\\\/QSVSKDB20309_StandardSkirting01.jpg\",\"width\":1280,\"height\":854},{\"@type\":\"BreadcrumbList\",\"@id\":\"https:\\\/\\\/parketasala.lv\\\/en\\\/product\\\/quick-step-floor-tile-for-vinyl-flooring-20304-copy-copy-copy-copy\\\/#breadcrumb\",\"itemListElement\":[{\"@type\":\"ListItem\",\"position\":1,\"name\":\"Home\",\"item\":\"https:\\\/\\\/parketasala.lv\\\/en\\\/home\\\/\"},{\"@type\":\"ListItem\",\"position\":2,\"name\":\"Shop\",\"item\":\"https:\\\/\\\/parketasala.lv\\\/en\\\/shop\\\/\"},{\"@type\":\"ListItem\",\"position\":3,\"name\":\"Quick-Step floor tile for vinyl flooring 20309\"}]},{\"@type\":\"WebSite\",\"@id\":\"https:\\\/\\\/parketasala.lv\\\/en\\\/#website\",\"url\":\"https:\\\/\\\/parketasala.lv\\\/en\\\/\",\"name\":\"Parketa Sala\",\"description\":\"Pla&scaron;s lamin\u0101ta, vinila, parketa un kor\u0137a gr\u012bdu kl\u0101sts\",\"publisher\":{\"@id\":\"https:\\\/\\\/parketasala.lv\\\/en\\\/#organization\"},\"potentialAction\":[{\"@type\":\"SearchAction\",\"target\":{\"@type\":\"EntryPoint\",\"urlTemplate\":\"https:\\\/\\\/parketasala.lv\\\/en\\\/?s={search_term_string}\"},\"query-input\":{\"@type\":\"PropertyValueSpecification\",\"valueRequired\":true,\"valueName\":\"search_term_string\"}}],\"inLanguage\":\"en-US\"},{\"@type\":\"Organization\",\"@id\":\"https:\\\/\\\/parketasala.lv\\\/en\\\/#organization\",\"name\":\"Parketa Sala\",\"url\":\"https:\\\/\\\/parketasala.lv\\\/en\\\/\",\"logo\":{\"@type\":\"ImageObject\",\"inLanguage\":\"en-US\",\"@id\":\"https:\\\/\\\/parketasala.lv\\\/en\\\/#\\\/schema\\\/logo\\\/image\\\/\",\"url\":\"https:\\\/\\\/parketasala.lv\\\/wp-content\\\/uploads\\\/2019\\\/12\\\/Logo-x3.png\",\"contentUrl\":\"https:\\\/\\\/parketasala.lv\\\/wp-content\\\/uploads\\\/2019\\\/12\\\/Logo-x3.png\",\"width\":660,\"height\":137,\"caption\":\"Parketa Sala\"},\"image\":{\"@id\":\"https:\\\/\\\/parketasala.lv\\\/en\\\/#\\\/schema\\\/logo\\\/image\\\/\"},\"sameAs\":[\"https:\\\/\\\/www.facebook.com\\\/parketasala\\\/\",\"https:\\\/\\\/www.instagram.com\\\/parketasala\\\/\"]}]}<\/script>\n<!-- \/ Yoast SEO plugin. -->","yoast_head_json":{"title":"Quick-Step floor tile for vinyl flooring 20309 &#8211; Parketa Sala","robots":{"index,follow":"index,follow"},"canonical":"https:\/\/parketasala.lv\/en\/product\/quick-step-floor-tile-for-vinyl-flooring-20304-copy-copy-copy-copy\/","og_locale":"en_US","og_type":"article","og_title":"Quick-Step floor tile for vinyl flooring 20309 &#8211; Parketa Sala","og_description":"Quick-Step skirting boards are ideally suited to each vinyl floor because they are manufactured in the same factory from the same material as the vinyl floor. They are 100% waterproof, shockproof and scratchproof. They are flexible, so they fit well even on a less smooth wall plane. Due to the wide range of shades, it [&hellip;]","og_url":"https:\/\/parketasala.lv\/en\/product\/quick-step-floor-tile-for-vinyl-flooring-20304-copy-copy-copy-copy\/","og_site_name":"Parketa Sala","article_publisher":"https:\/\/www.facebook.com\/parketasala\/","article_modified_time":"2025-11-08T13:02:36+00:00","og_image":[{"width":1280,"height":854,"url":"https:\/\/parketasala.lv\/wp-content\/uploads\/2025\/08\/QSVSKDB20309_StandardSkirting01.jpg","type":"image\/jpeg"}],"twitter_card":"summary_large_image","twitter_misc":{"Est. reading time":"1 minute"},"schema":{"@context":"https:\/\/schema.org","@graph":[{"@type":"WebPage","@id":"https:\/\/parketasala.lv\/en\/product\/quick-step-floor-tile-for-vinyl-flooring-20304-copy-copy-copy-copy\/","url":"https:\/\/parketasala.lv\/en\/product\/quick-step-floor-tile-for-vinyl-flooring-20304-copy-copy-copy-copy\/","name":"Quick-Step floor tile for vinyl flooring 20309 &#8211; Parketa Sala","isPartOf":{"@id":"https:\/\/parketasala.lv\/en\/#website"},"primaryImageOfPage":{"@id":"https:\/\/parketasala.lv\/en\/product\/quick-step-floor-tile-for-vinyl-flooring-20304-copy-copy-copy-copy\/#primaryimage"},"image":{"@id":"https:\/\/parketasala.lv\/en\/product\/quick-step-floor-tile-for-vinyl-flooring-20304-copy-copy-copy-copy\/#primaryimage"},"thumbnailUrl":"https:\/\/parketasala.lv\/wp-content\/uploads\/2025\/08\/QSVSKDB20309_StandardSkirting01.jpg","datePublished":"2025-08-26T08:40:20+00:00","dateModified":"2025-11-08T13:02:36+00:00","breadcrumb":{"@id":"https:\/\/parketasala.lv\/en\/product\/quick-step-floor-tile-for-vinyl-flooring-20304-copy-copy-copy-copy\/#breadcrumb"},"inLanguage":"en-US","potentialAction":[{"@type":"ReadAction","target":["https:\/\/parketasala.lv\/en\/product\/quick-step-floor-tile-for-vinyl-flooring-20304-copy-copy-copy-copy\/"]}]},{"@type":"ImageObject","inLanguage":"en-US","@id":"https:\/\/parketasala.lv\/en\/product\/quick-step-floor-tile-for-vinyl-flooring-20304-copy-copy-copy-copy\/#primaryimage","url":"https:\/\/parketasala.lv\/wp-content\/uploads\/2025\/08\/QSVSKDB20309_StandardSkirting01.jpg","contentUrl":"https:\/\/parketasala.lv\/wp-content\/uploads\/2025\/08\/QSVSKDB20309_StandardSkirting01.jpg","width":1280,"height":854},{"@type":"BreadcrumbList","@id":"https:\/\/parketasala.lv\/en\/product\/quick-step-floor-tile-for-vinyl-flooring-20304-copy-copy-copy-copy\/#breadcrumb","itemListElement":[{"@type":"ListItem","position":1,"name":"Home","item":"https:\/\/parketasala.lv\/en\/home\/"},{"@type":"ListItem","position":2,"name":"Shop","item":"https:\/\/parketasala.lv\/en\/shop\/"},{"@type":"ListItem","position":3,"name":"Quick-Step floor tile for vinyl flooring 20309"}]},{"@type":"WebSite","@id":"https:\/\/parketasala.lv\/en\/#website","url":"https:\/\/parketasala.lv\/en\/","name":"Parketa Sala","description":"Pla&scaron;s lamin\u0101ta, vinila, parketa un kor\u0137a gr\u012bdu kl\u0101sts","publisher":{"@id":"https:\/\/parketasala.lv\/en\/#organization"},"potentialAction":[{"@type":"SearchAction","target":{"@type":"EntryPoint","urlTemplate":"https:\/\/parketasala.lv\/en\/?s={search_term_string}"},"query-input":{"@type":"PropertyValueSpecification","valueRequired":true,"valueName":"search_term_string"}}],"inLanguage":"en-US"},{"@type":"Organization","@id":"https:\/\/parketasala.lv\/en\/#organization","name":"Parketa Sala","url":"https:\/\/parketasala.lv\/en\/","logo":{"@type":"ImageObject","inLanguage":"en-US","@id":"https:\/\/parketasala.lv\/en\/#\/schema\/logo\/image\/","url":"https:\/\/parketasala.lv\/wp-content\/uploads\/2019\/12\/Logo-x3.png","contentUrl":"https:\/\/parketasala.lv\/wp-content\/uploads\/2019\/12\/Logo-x3.png","width":660,"height":137,"caption":"Parketa Sala"},"image":{"@id":"https:\/\/parketasala.lv\/en\/#\/schema\/logo\/image\/"},"sameAs":["https:\/\/www.facebook.com\/parketasala\/","https:\/\/www.instagram.com\/parketasala\/"]}]}},"_links":{"self":[{"href":"https:\/\/parketasala.lv\/en\/wp-json\/wp\/v2\/product\/29490","targetHints":{"allow":["GET"]}}],"collection":[{"href":"https:\/\/parketasala.lv\/en\/wp-json\/wp\/v2\/product"}],"about":[{"href":"https:\/\/parketasala.lv\/en\/wp-json\/wp\/v2\/types\/product"}],"wp:featuredmedia":[{"embeddable":true,"href":"https:\/\/parketasala.lv\/en\/wp-json\/wp\/v2\/media\/29493"}],"wp:attachment":[{"href":"https:\/\/parketasala.lv\/en\/wp-json\/wp\/v2\/media?parent=29490"}],"wp:term":[{"taxonomy":"product_brand","embeddable":true,"href":"https:\/\/parketasala.lv\/en\/wp-json\/wp\/v2\/product_brand?post=29490"},{"taxonomy":"product_cat","embeddable":true,"href":"https:\/\/parketasala.lv\/en\/wp-json\/wp\/v2\/product_cat?post=29490"},{"taxonomy":"product_tag","embeddable":true,"href":"https:\/\/parketasala.lv\/en\/wp-json\/wp\/v2\/product_tag?post=29490"}],"curies":[{"name":"wp","href":"https:\/\/api.w.org\/{rel}","templated":true}]}}