{"id":24049,"date":"2025-06-16T09:24:39","date_gmt":"2025-06-16T09:24:39","guid":{"rendered":"https:\/\/parketasala.lv\/?post_type=product&#038;p=24049"},"modified":"2025-06-20T12:07:21","modified_gmt":"2025-06-20T12:07:21","slug":"three-layer-parquet-boen-oak-honey-vivo-planks-181-mm-copy","status":"publish","type":"product","link":"https:\/\/parketasala.lv\/en\/product\/three-layer-parquet-boen-oak-honey-vivo-planks-181-mm-copy\/","title":{"rendered":"Three-layer parquet BOEN oak Bronze Village Planks 181 mm"},"content":{"rendered":"<p>Bronze Village Planks are 2.2 m long, oiled, single-ply parquet planks with a solid oak top layer.<\/p>\n<p>The parquet can be interconnected with the BOEN X &#8211; press click system.<\/p>\n<p>Oiled with tinted Live Natural oil.<\/p>\n<p><a href=\"https:\/\/parketasala.lv\/en\/product\/boen-floor-soap-1l\/\">Floor Soap<\/a> is recommended for daily washing.<\/p>\n<p>&nbsp;<\/p>\n<h4>Factory Sale! Available balance &#8211; 41,87 m2.<\/h4>\n<p>&nbsp;<\/p>\n<p>&nbsp;<\/p>\n","protected":false},"excerpt":{"rendered":"<p>Bronze Village Planks are 2.2 m long, oiled, single-ply parquet planks with a solid oak top layer. The parquet can be interconnected with the BOEN X &#8211; press click system. Oiled with tinted Live Natural oil. Floor Soap is recommended for daily washing. &nbsp; Factory Sale! Available balance &#8211; 41,87 m2. &nbsp; &nbsp;<\/p>\n","protected":false},"featured_media":20520,"template":"","meta":{"_acf_changed":false},"product_brand":[],"product_cat":[536,642,494,522,654],"product_tag":[],"class_list":{"0":"post-24049","1":"product","2":"type-product","3":"status-publish","4":"has-post-thumbnail","6":"product_cat-3-layer-parquet","7":"product_cat-boen","8":"product_cat-outlet-en","9":"product_cat-parquet","10":"product_cat-parquet-en","12":"first","13":"instock","14":"sale","15":"taxable","16":"shipping-taxable","17":"purchasable","18":"product-type-simple"},"acf":[],"yoast_head":"<!-- This site is optimized with the Yoast SEO plugin v27.3 - https:\/\/yoast.com\/product\/yoast-seo-wordpress\/ -->\n<title>Three-layer parquet BOEN oak Bronze Village Planks 181 mm &#8211; Parketa Sala<\/title>\n<meta name=\"description\" content=\"Sale of parquet factory surplus. Available surplus 44.66 m2. Available at the shop.\" \/>\n<meta name=\"robots\" content=\"index,follow\" \/>\n<link rel=\"canonical\" href=\"https:\/\/parketasala.lv\/en\/product\/three-layer-parquet-boen-oak-honey-vivo-planks-181-mm-copy\/\" \/>\n<meta property=\"og:locale\" content=\"en_US\" \/>\n<meta property=\"og:type\" content=\"article\" \/>\n<meta property=\"og:title\" content=\"Three-layer parquet BOEN oak Bronze Village Planks 181 mm &#8211; Parketa Sala\" \/>\n<meta property=\"og:description\" content=\"Sale of parquet factory surplus. Available surplus 44.66 m2. Available at the shop.\" \/>\n<meta property=\"og:url\" content=\"https:\/\/parketasala.lv\/en\/product\/three-layer-parquet-boen-oak-honey-vivo-planks-181-mm-copy\/\" \/>\n<meta property=\"og:site_name\" content=\"Parketa Sala\" \/>\n<meta property=\"article:publisher\" content=\"https:\/\/www.facebook.com\/parketasala\/\" \/>\n<meta property=\"article:modified_time\" content=\"2025-06-20T12:07:21+00:00\" \/>\n<meta property=\"og:image\" content=\"https:\/\/parketasala.lv\/wp-content\/uploads\/2024\/10\/Honey-Vivo.jpg\" \/>\n\t<meta property=\"og:image:width\" content=\"1920\" \/>\n\t<meta property=\"og:image:height\" content=\"1080\" \/>\n\t<meta property=\"og:image:type\" content=\"image\/jpeg\" \/>\n<meta name=\"twitter:card\" content=\"summary_large_image\" \/>\n<script type=\"application\/ld+json\" class=\"yoast-schema-graph\">{\"@context\":\"https:\\\/\\\/schema.org\",\"@graph\":[{\"@type\":\"WebPage\",\"@id\":\"https:\\\/\\\/parketasala.lv\\\/en\\\/product\\\/three-layer-parquet-boen-oak-honey-vivo-planks-181-mm-copy\\\/\",\"url\":\"https:\\\/\\\/parketasala.lv\\\/en\\\/product\\\/three-layer-parquet-boen-oak-honey-vivo-planks-181-mm-copy\\\/\",\"name\":\"Three-layer parquet BOEN oak Bronze Village Planks 181 mm &#8211; Parketa Sala\",\"isPartOf\":{\"@id\":\"https:\\\/\\\/parketasala.lv\\\/en\\\/#website\"},\"primaryImageOfPage\":{\"@id\":\"https:\\\/\\\/parketasala.lv\\\/en\\\/product\\\/three-layer-parquet-boen-oak-honey-vivo-planks-181-mm-copy\\\/#primaryimage\"},\"image\":{\"@id\":\"https:\\\/\\\/parketasala.lv\\\/en\\\/product\\\/three-layer-parquet-boen-oak-honey-vivo-planks-181-mm-copy\\\/#primaryimage\"},\"thumbnailUrl\":\"https:\\\/\\\/parketasala.lv\\\/wp-content\\\/uploads\\\/2024\\\/10\\\/Honey-Vivo.jpg\",\"datePublished\":\"2025-06-16T09:24:39+00:00\",\"dateModified\":\"2025-06-20T12:07:21+00:00\",\"description\":\"Sale of parquet factory surplus. Available surplus 44.66 m2. Available at the shop.\",\"breadcrumb\":{\"@id\":\"https:\\\/\\\/parketasala.lv\\\/en\\\/product\\\/three-layer-parquet-boen-oak-honey-vivo-planks-181-mm-copy\\\/#breadcrumb\"},\"inLanguage\":\"en-US\",\"potentialAction\":[{\"@type\":\"ReadAction\",\"target\":[\"https:\\\/\\\/parketasala.lv\\\/en\\\/product\\\/three-layer-parquet-boen-oak-honey-vivo-planks-181-mm-copy\\\/\"]}]},{\"@type\":\"ImageObject\",\"inLanguage\":\"en-US\",\"@id\":\"https:\\\/\\\/parketasala.lv\\\/en\\\/product\\\/three-layer-parquet-boen-oak-honey-vivo-planks-181-mm-copy\\\/#primaryimage\",\"url\":\"https:\\\/\\\/parketasala.lv\\\/wp-content\\\/uploads\\\/2024\\\/10\\\/Honey-Vivo.jpg\",\"contentUrl\":\"https:\\\/\\\/parketasala.lv\\\/wp-content\\\/uploads\\\/2024\\\/10\\\/Honey-Vivo.jpg\",\"width\":1920,\"height\":1080,\"caption\":\"trisslanu-parkets-boen-ozols-honey-vivo-planks-181-mm-10156625\"},{\"@type\":\"BreadcrumbList\",\"@id\":\"https:\\\/\\\/parketasala.lv\\\/en\\\/product\\\/three-layer-parquet-boen-oak-honey-vivo-planks-181-mm-copy\\\/#breadcrumb\",\"itemListElement\":[{\"@type\":\"ListItem\",\"position\":1,\"name\":\"Home\",\"item\":\"https:\\\/\\\/parketasala.lv\\\/en\\\/home\\\/\"},{\"@type\":\"ListItem\",\"position\":2,\"name\":\"Shop\",\"item\":\"https:\\\/\\\/parketasala.lv\\\/en\\\/shop\\\/\"},{\"@type\":\"ListItem\",\"position\":3,\"name\":\"Three-layer parquet BOEN oak Bronze Village Planks 181 mm\"}]},{\"@type\":\"WebSite\",\"@id\":\"https:\\\/\\\/parketasala.lv\\\/en\\\/#website\",\"url\":\"https:\\\/\\\/parketasala.lv\\\/en\\\/\",\"name\":\"Parketa Sala\",\"description\":\"Pla&scaron;s lamin\u0101ta, vinila, parketa un kor\u0137a gr\u012bdu kl\u0101sts\",\"publisher\":{\"@id\":\"https:\\\/\\\/parketasala.lv\\\/en\\\/#organization\"},\"potentialAction\":[{\"@type\":\"SearchAction\",\"target\":{\"@type\":\"EntryPoint\",\"urlTemplate\":\"https:\\\/\\\/parketasala.lv\\\/en\\\/?s={search_term_string}\"},\"query-input\":{\"@type\":\"PropertyValueSpecification\",\"valueRequired\":true,\"valueName\":\"search_term_string\"}}],\"inLanguage\":\"en-US\"},{\"@type\":\"Organization\",\"@id\":\"https:\\\/\\\/parketasala.lv\\\/en\\\/#organization\",\"name\":\"Parketa Sala\",\"url\":\"https:\\\/\\\/parketasala.lv\\\/en\\\/\",\"logo\":{\"@type\":\"ImageObject\",\"inLanguage\":\"en-US\",\"@id\":\"https:\\\/\\\/parketasala.lv\\\/en\\\/#\\\/schema\\\/logo\\\/image\\\/\",\"url\":\"https:\\\/\\\/parketasala.lv\\\/wp-content\\\/uploads\\\/2019\\\/12\\\/Logo-x3.png\",\"contentUrl\":\"https:\\\/\\\/parketasala.lv\\\/wp-content\\\/uploads\\\/2019\\\/12\\\/Logo-x3.png\",\"width\":660,\"height\":137,\"caption\":\"Parketa Sala\"},\"image\":{\"@id\":\"https:\\\/\\\/parketasala.lv\\\/en\\\/#\\\/schema\\\/logo\\\/image\\\/\"},\"sameAs\":[\"https:\\\/\\\/www.facebook.com\\\/parketasala\\\/\",\"https:\\\/\\\/www.instagram.com\\\/parketasala\\\/\"]}]}<\/script>\n<!-- \/ Yoast SEO plugin. -->","yoast_head_json":{"title":"Three-layer parquet BOEN oak Bronze Village Planks 181 mm &#8211; Parketa Sala","description":"Sale of parquet factory surplus. Available surplus 44.66 m2. Available at the shop.","robots":{"index,follow":"index,follow"},"canonical":"https:\/\/parketasala.lv\/en\/product\/three-layer-parquet-boen-oak-honey-vivo-planks-181-mm-copy\/","og_locale":"en_US","og_type":"article","og_title":"Three-layer parquet BOEN oak Bronze Village Planks 181 mm &#8211; Parketa Sala","og_description":"Sale of parquet factory surplus. Available surplus 44.66 m2. Available at the shop.","og_url":"https:\/\/parketasala.lv\/en\/product\/three-layer-parquet-boen-oak-honey-vivo-planks-181-mm-copy\/","og_site_name":"Parketa Sala","article_publisher":"https:\/\/www.facebook.com\/parketasala\/","article_modified_time":"2025-06-20T12:07:21+00:00","og_image":[{"width":1920,"height":1080,"url":"https:\/\/parketasala.lv\/wp-content\/uploads\/2024\/10\/Honey-Vivo.jpg","type":"image\/jpeg"}],"twitter_card":"summary_large_image","schema":{"@context":"https:\/\/schema.org","@graph":[{"@type":"WebPage","@id":"https:\/\/parketasala.lv\/en\/product\/three-layer-parquet-boen-oak-honey-vivo-planks-181-mm-copy\/","url":"https:\/\/parketasala.lv\/en\/product\/three-layer-parquet-boen-oak-honey-vivo-planks-181-mm-copy\/","name":"Three-layer parquet BOEN oak Bronze Village Planks 181 mm &#8211; Parketa Sala","isPartOf":{"@id":"https:\/\/parketasala.lv\/en\/#website"},"primaryImageOfPage":{"@id":"https:\/\/parketasala.lv\/en\/product\/three-layer-parquet-boen-oak-honey-vivo-planks-181-mm-copy\/#primaryimage"},"image":{"@id":"https:\/\/parketasala.lv\/en\/product\/three-layer-parquet-boen-oak-honey-vivo-planks-181-mm-copy\/#primaryimage"},"thumbnailUrl":"https:\/\/parketasala.lv\/wp-content\/uploads\/2024\/10\/Honey-Vivo.jpg","datePublished":"2025-06-16T09:24:39+00:00","dateModified":"2025-06-20T12:07:21+00:00","description":"Sale of parquet factory surplus. Available surplus 44.66 m2. Available at the shop.","breadcrumb":{"@id":"https:\/\/parketasala.lv\/en\/product\/three-layer-parquet-boen-oak-honey-vivo-planks-181-mm-copy\/#breadcrumb"},"inLanguage":"en-US","potentialAction":[{"@type":"ReadAction","target":["https:\/\/parketasala.lv\/en\/product\/three-layer-parquet-boen-oak-honey-vivo-planks-181-mm-copy\/"]}]},{"@type":"ImageObject","inLanguage":"en-US","@id":"https:\/\/parketasala.lv\/en\/product\/three-layer-parquet-boen-oak-honey-vivo-planks-181-mm-copy\/#primaryimage","url":"https:\/\/parketasala.lv\/wp-content\/uploads\/2024\/10\/Honey-Vivo.jpg","contentUrl":"https:\/\/parketasala.lv\/wp-content\/uploads\/2024\/10\/Honey-Vivo.jpg","width":1920,"height":1080,"caption":"trisslanu-parkets-boen-ozols-honey-vivo-planks-181-mm-10156625"},{"@type":"BreadcrumbList","@id":"https:\/\/parketasala.lv\/en\/product\/three-layer-parquet-boen-oak-honey-vivo-planks-181-mm-copy\/#breadcrumb","itemListElement":[{"@type":"ListItem","position":1,"name":"Home","item":"https:\/\/parketasala.lv\/en\/home\/"},{"@type":"ListItem","position":2,"name":"Shop","item":"https:\/\/parketasala.lv\/en\/shop\/"},{"@type":"ListItem","position":3,"name":"Three-layer parquet BOEN oak Bronze Village Planks 181 mm"}]},{"@type":"WebSite","@id":"https:\/\/parketasala.lv\/en\/#website","url":"https:\/\/parketasala.lv\/en\/","name":"Parketa Sala","description":"Pla&scaron;s lamin\u0101ta, vinila, parketa un kor\u0137a gr\u012bdu kl\u0101sts","publisher":{"@id":"https:\/\/parketasala.lv\/en\/#organization"},"potentialAction":[{"@type":"SearchAction","target":{"@type":"EntryPoint","urlTemplate":"https:\/\/parketasala.lv\/en\/?s={search_term_string}"},"query-input":{"@type":"PropertyValueSpecification","valueRequired":true,"valueName":"search_term_string"}}],"inLanguage":"en-US"},{"@type":"Organization","@id":"https:\/\/parketasala.lv\/en\/#organization","name":"Parketa Sala","url":"https:\/\/parketasala.lv\/en\/","logo":{"@type":"ImageObject","inLanguage":"en-US","@id":"https:\/\/parketasala.lv\/en\/#\/schema\/logo\/image\/","url":"https:\/\/parketasala.lv\/wp-content\/uploads\/2019\/12\/Logo-x3.png","contentUrl":"https:\/\/parketasala.lv\/wp-content\/uploads\/2019\/12\/Logo-x3.png","width":660,"height":137,"caption":"Parketa Sala"},"image":{"@id":"https:\/\/parketasala.lv\/en\/#\/schema\/logo\/image\/"},"sameAs":["https:\/\/www.facebook.com\/parketasala\/","https:\/\/www.instagram.com\/parketasala\/"]}]}},"_links":{"self":[{"href":"https:\/\/parketasala.lv\/en\/wp-json\/wp\/v2\/product\/24049","targetHints":{"allow":["GET"]}}],"collection":[{"href":"https:\/\/parketasala.lv\/en\/wp-json\/wp\/v2\/product"}],"about":[{"href":"https:\/\/parketasala.lv\/en\/wp-json\/wp\/v2\/types\/product"}],"wp:featuredmedia":[{"embeddable":true,"href":"https:\/\/parketasala.lv\/en\/wp-json\/wp\/v2\/media\/20520"}],"wp:attachment":[{"href":"https:\/\/parketasala.lv\/en\/wp-json\/wp\/v2\/media?parent=24049"}],"wp:term":[{"taxonomy":"product_brand","embeddable":true,"href":"https:\/\/parketasala.lv\/en\/wp-json\/wp\/v2\/product_brand?post=24049"},{"taxonomy":"product_cat","embeddable":true,"href":"https:\/\/parketasala.lv\/en\/wp-json\/wp\/v2\/product_cat?post=24049"},{"taxonomy":"product_tag","embeddable":true,"href":"https:\/\/parketasala.lv\/en\/wp-json\/wp\/v2\/product_tag?post=24049"}],"curies":[{"name":"wp","href":"https:\/\/api.w.org\/{rel}","templated":true}]}}