{"id":24043,"date":"2025-06-12T11:11:44","date_gmt":"2025-06-12T11:11:44","guid":{"rendered":"https:\/\/parketasala.lv\/?post_type=product&#038;p=24043"},"modified":"2025-06-12T11:33:53","modified_gmt":"2025-06-12T11:33:53","slug":"three-layer-parquet-boen-oak-espressivo-castle-planks-209-mm-copy","status":"publish","type":"product","link":"https:\/\/parketasala.lv\/en\/product\/three-layer-parquet-boen-oak-espressivo-castle-planks-209-mm-copy\/","title":{"rendered":"Three-layer parquet BOEN oak Canyon Castle Planks 209 mm"},"content":{"rendered":"<p>Canyon Castle Planks are 2.2 m long and 209 mm wide single-ply parquet oak planks with a 4-sided bevel.<\/p>\n<p>Parquet is designed to be glued to the subfloor, which is the best solution for underfloor heating.<\/p>\n<p>Oiled with Live Natural oil. If this parquet is to be installed in a high-traffic area, it is recommended to oil it with <a href=\"https:\/\/parketasala.lv\/en\/product\/solid-wax-oil-osmo-hartwachs-ol-semi-matt-0-75l\/\">OSMO Hardwax Oil<\/a>.<\/p>\n<p>For daily wet care, <a href=\"https:\/\/parketasala.lv\/en\/product\/boen-floor-soap-1l\/\">BOEN Floor Soap<\/a> is recommended.<\/p>\n<p>&nbsp;<\/p>\n<h3><\/h3>\n<p>&nbsp;<\/p>\n","protected":false},"excerpt":{"rendered":"<p>Canyon Castle Planks are 2.2 m long and 209 mm wide single-ply parquet oak planks with a 4-sided bevel. Parquet is designed to be glued to the subfloor, which is the best solution for underfloor heating. Oiled with Live Natural oil. If this parquet is to be installed in a high-traffic area, it is recommended [&hellip;]<\/p>\n","protected":false},"featured_media":24047,"template":"","meta":{"_acf_changed":false},"product_brand":[],"product_cat":[79],"product_tag":[],"class_list":{"0":"post-24043","1":"product","2":"type-product","3":"status-publish","4":"has-post-thumbnail","6":"product_cat-limejamas-korka-gridas","8":"first","9":"onbackorder","10":"taxable","11":"shipping-taxable","12":"purchasable","13":"product-type-simple"},"acf":[],"yoast_head":"<!-- This site is optimized with the Yoast SEO plugin v27.3 - https:\/\/yoast.com\/product\/yoast-seo-wordpress\/ -->\n<title>Three-layer parquet BOEN oak Canyon Castle Planks 209 mm &#8211; Parketa Sala<\/title>\n<meta name=\"description\" content=\"This parquet is ideal for installation by gluing to the subfloor, and especially on warm floors. Large oak planks with four-sided bevel.\" \/>\n<meta name=\"robots\" content=\"index,follow\" \/>\n<link rel=\"canonical\" href=\"https:\/\/parketasala.lv\/en\/product\/three-layer-parquet-boen-oak-espressivo-castle-planks-209-mm-copy\/\" \/>\n<meta property=\"og:locale\" content=\"en_US\" \/>\n<meta property=\"og:type\" content=\"article\" \/>\n<meta property=\"og:title\" content=\"Three-layer parquet BOEN oak Canyon Castle Planks 209 mm &#8211; Parketa Sala\" \/>\n<meta property=\"og:description\" content=\"This parquet is ideal for installation by gluing to the subfloor, and especially on warm floors. Large oak planks with four-sided bevel.\" \/>\n<meta property=\"og:url\" content=\"https:\/\/parketasala.lv\/en\/product\/three-layer-parquet-boen-oak-espressivo-castle-planks-209-mm-copy\/\" \/>\n<meta property=\"og:site_name\" content=\"Parketa Sala\" \/>\n<meta property=\"article:publisher\" content=\"https:\/\/www.facebook.com\/parketasala\/\" \/>\n<meta property=\"article:modified_time\" content=\"2025-06-12T11:33:53+00:00\" \/>\n<meta property=\"og:image\" content=\"https:\/\/parketasala.lv\/wp-content\/uploads\/2025\/06\/trisslanu-parkets-boen-ozols-vivo-castle-planks.jpg\" \/>\n\t<meta property=\"og:image:width\" content=\"1920\" \/>\n\t<meta property=\"og:image:height\" content=\"1080\" \/>\n\t<meta property=\"og:image:type\" content=\"image\/jpeg\" \/>\n<meta name=\"twitter:card\" content=\"summary_large_image\" \/>\n<script type=\"application\/ld+json\" class=\"yoast-schema-graph\">{\"@context\":\"https:\\\/\\\/schema.org\",\"@graph\":[{\"@type\":\"WebPage\",\"@id\":\"https:\\\/\\\/parketasala.lv\\\/en\\\/product\\\/three-layer-parquet-boen-oak-espressivo-castle-planks-209-mm-copy\\\/\",\"url\":\"https:\\\/\\\/parketasala.lv\\\/en\\\/product\\\/three-layer-parquet-boen-oak-espressivo-castle-planks-209-mm-copy\\\/\",\"name\":\"Three-layer parquet BOEN oak Canyon Castle Planks 209 mm &#8211; Parketa Sala\",\"isPartOf\":{\"@id\":\"https:\\\/\\\/parketasala.lv\\\/en\\\/#website\"},\"primaryImageOfPage\":{\"@id\":\"https:\\\/\\\/parketasala.lv\\\/en\\\/product\\\/three-layer-parquet-boen-oak-espressivo-castle-planks-209-mm-copy\\\/#primaryimage\"},\"image\":{\"@id\":\"https:\\\/\\\/parketasala.lv\\\/en\\\/product\\\/three-layer-parquet-boen-oak-espressivo-castle-planks-209-mm-copy\\\/#primaryimage\"},\"thumbnailUrl\":\"https:\\\/\\\/parketasala.lv\\\/wp-content\\\/uploads\\\/2025\\\/06\\\/trisslanu-parkets-boen-ozols-vivo-castle-planks.jpg\",\"datePublished\":\"2025-06-12T11:11:44+00:00\",\"dateModified\":\"2025-06-12T11:33:53+00:00\",\"description\":\"This parquet is ideal for installation by gluing to the subfloor, and especially on warm floors. Large oak planks with four-sided bevel.\",\"breadcrumb\":{\"@id\":\"https:\\\/\\\/parketasala.lv\\\/en\\\/product\\\/three-layer-parquet-boen-oak-espressivo-castle-planks-209-mm-copy\\\/#breadcrumb\"},\"inLanguage\":\"en-US\",\"potentialAction\":[{\"@type\":\"ReadAction\",\"target\":[\"https:\\\/\\\/parketasala.lv\\\/en\\\/product\\\/three-layer-parquet-boen-oak-espressivo-castle-planks-209-mm-copy\\\/\"]}]},{\"@type\":\"ImageObject\",\"inLanguage\":\"en-US\",\"@id\":\"https:\\\/\\\/parketasala.lv\\\/en\\\/product\\\/three-layer-parquet-boen-oak-espressivo-castle-planks-209-mm-copy\\\/#primaryimage\",\"url\":\"https:\\\/\\\/parketasala.lv\\\/wp-content\\\/uploads\\\/2025\\\/06\\\/trisslanu-parkets-boen-ozols-vivo-castle-planks.jpg\",\"contentUrl\":\"https:\\\/\\\/parketasala.lv\\\/wp-content\\\/uploads\\\/2025\\\/06\\\/trisslanu-parkets-boen-ozols-vivo-castle-planks.jpg\",\"width\":1920,\"height\":1080,\"caption\":\"trisslan-parkets-boen-oaks-canyon-castle-planks-10160327\"},{\"@type\":\"BreadcrumbList\",\"@id\":\"https:\\\/\\\/parketasala.lv\\\/en\\\/product\\\/three-layer-parquet-boen-oak-espressivo-castle-planks-209-mm-copy\\\/#breadcrumb\",\"itemListElement\":[{\"@type\":\"ListItem\",\"position\":1,\"name\":\"Home\",\"item\":\"https:\\\/\\\/parketasala.lv\\\/en\\\/home\\\/\"},{\"@type\":\"ListItem\",\"position\":2,\"name\":\"Shop\",\"item\":\"https:\\\/\\\/parketasala.lv\\\/en\\\/shop\\\/\"},{\"@type\":\"ListItem\",\"position\":3,\"name\":\"Three-layer parquet BOEN oak Canyon Castle Planks 209 mm\"}]},{\"@type\":\"WebSite\",\"@id\":\"https:\\\/\\\/parketasala.lv\\\/en\\\/#website\",\"url\":\"https:\\\/\\\/parketasala.lv\\\/en\\\/\",\"name\":\"Parketa Sala\",\"description\":\"Pla&scaron;s lamin\u0101ta, vinila, parketa un kor\u0137a gr\u012bdu kl\u0101sts\",\"publisher\":{\"@id\":\"https:\\\/\\\/parketasala.lv\\\/en\\\/#organization\"},\"potentialAction\":[{\"@type\":\"SearchAction\",\"target\":{\"@type\":\"EntryPoint\",\"urlTemplate\":\"https:\\\/\\\/parketasala.lv\\\/en\\\/?s={search_term_string}\"},\"query-input\":{\"@type\":\"PropertyValueSpecification\",\"valueRequired\":true,\"valueName\":\"search_term_string\"}}],\"inLanguage\":\"en-US\"},{\"@type\":\"Organization\",\"@id\":\"https:\\\/\\\/parketasala.lv\\\/en\\\/#organization\",\"name\":\"Parketa Sala\",\"url\":\"https:\\\/\\\/parketasala.lv\\\/en\\\/\",\"logo\":{\"@type\":\"ImageObject\",\"inLanguage\":\"en-US\",\"@id\":\"https:\\\/\\\/parketasala.lv\\\/en\\\/#\\\/schema\\\/logo\\\/image\\\/\",\"url\":\"https:\\\/\\\/parketasala.lv\\\/wp-content\\\/uploads\\\/2019\\\/12\\\/Logo-x3.png\",\"contentUrl\":\"https:\\\/\\\/parketasala.lv\\\/wp-content\\\/uploads\\\/2019\\\/12\\\/Logo-x3.png\",\"width\":660,\"height\":137,\"caption\":\"Parketa Sala\"},\"image\":{\"@id\":\"https:\\\/\\\/parketasala.lv\\\/en\\\/#\\\/schema\\\/logo\\\/image\\\/\"},\"sameAs\":[\"https:\\\/\\\/www.facebook.com\\\/parketasala\\\/\",\"https:\\\/\\\/www.instagram.com\\\/parketasala\\\/\"]}]}<\/script>\n<!-- \/ Yoast SEO plugin. -->","yoast_head_json":{"title":"Three-layer parquet BOEN oak Canyon Castle Planks 209 mm &#8211; Parketa Sala","description":"This parquet is ideal for installation by gluing to the subfloor, and especially on warm floors. Large oak planks with four-sided bevel.","robots":{"index,follow":"index,follow"},"canonical":"https:\/\/parketasala.lv\/en\/product\/three-layer-parquet-boen-oak-espressivo-castle-planks-209-mm-copy\/","og_locale":"en_US","og_type":"article","og_title":"Three-layer parquet BOEN oak Canyon Castle Planks 209 mm &#8211; Parketa Sala","og_description":"This parquet is ideal for installation by gluing to the subfloor, and especially on warm floors. Large oak planks with four-sided bevel.","og_url":"https:\/\/parketasala.lv\/en\/product\/three-layer-parquet-boen-oak-espressivo-castle-planks-209-mm-copy\/","og_site_name":"Parketa Sala","article_publisher":"https:\/\/www.facebook.com\/parketasala\/","article_modified_time":"2025-06-12T11:33:53+00:00","og_image":[{"width":1920,"height":1080,"url":"https:\/\/parketasala.lv\/wp-content\/uploads\/2025\/06\/trisslanu-parkets-boen-ozols-vivo-castle-planks.jpg","type":"image\/jpeg"}],"twitter_card":"summary_large_image","schema":{"@context":"https:\/\/schema.org","@graph":[{"@type":"WebPage","@id":"https:\/\/parketasala.lv\/en\/product\/three-layer-parquet-boen-oak-espressivo-castle-planks-209-mm-copy\/","url":"https:\/\/parketasala.lv\/en\/product\/three-layer-parquet-boen-oak-espressivo-castle-planks-209-mm-copy\/","name":"Three-layer parquet BOEN oak Canyon Castle Planks 209 mm &#8211; Parketa Sala","isPartOf":{"@id":"https:\/\/parketasala.lv\/en\/#website"},"primaryImageOfPage":{"@id":"https:\/\/parketasala.lv\/en\/product\/three-layer-parquet-boen-oak-espressivo-castle-planks-209-mm-copy\/#primaryimage"},"image":{"@id":"https:\/\/parketasala.lv\/en\/product\/three-layer-parquet-boen-oak-espressivo-castle-planks-209-mm-copy\/#primaryimage"},"thumbnailUrl":"https:\/\/parketasala.lv\/wp-content\/uploads\/2025\/06\/trisslanu-parkets-boen-ozols-vivo-castle-planks.jpg","datePublished":"2025-06-12T11:11:44+00:00","dateModified":"2025-06-12T11:33:53+00:00","description":"This parquet is ideal for installation by gluing to the subfloor, and especially on warm floors. Large oak planks with four-sided bevel.","breadcrumb":{"@id":"https:\/\/parketasala.lv\/en\/product\/three-layer-parquet-boen-oak-espressivo-castle-planks-209-mm-copy\/#breadcrumb"},"inLanguage":"en-US","potentialAction":[{"@type":"ReadAction","target":["https:\/\/parketasala.lv\/en\/product\/three-layer-parquet-boen-oak-espressivo-castle-planks-209-mm-copy\/"]}]},{"@type":"ImageObject","inLanguage":"en-US","@id":"https:\/\/parketasala.lv\/en\/product\/three-layer-parquet-boen-oak-espressivo-castle-planks-209-mm-copy\/#primaryimage","url":"https:\/\/parketasala.lv\/wp-content\/uploads\/2025\/06\/trisslanu-parkets-boen-ozols-vivo-castle-planks.jpg","contentUrl":"https:\/\/parketasala.lv\/wp-content\/uploads\/2025\/06\/trisslanu-parkets-boen-ozols-vivo-castle-planks.jpg","width":1920,"height":1080,"caption":"trisslan-parkets-boen-oaks-canyon-castle-planks-10160327"},{"@type":"BreadcrumbList","@id":"https:\/\/parketasala.lv\/en\/product\/three-layer-parquet-boen-oak-espressivo-castle-planks-209-mm-copy\/#breadcrumb","itemListElement":[{"@type":"ListItem","position":1,"name":"Home","item":"https:\/\/parketasala.lv\/en\/home\/"},{"@type":"ListItem","position":2,"name":"Shop","item":"https:\/\/parketasala.lv\/en\/shop\/"},{"@type":"ListItem","position":3,"name":"Three-layer parquet BOEN oak Canyon Castle Planks 209 mm"}]},{"@type":"WebSite","@id":"https:\/\/parketasala.lv\/en\/#website","url":"https:\/\/parketasala.lv\/en\/","name":"Parketa Sala","description":"Pla&scaron;s lamin\u0101ta, vinila, parketa un kor\u0137a gr\u012bdu kl\u0101sts","publisher":{"@id":"https:\/\/parketasala.lv\/en\/#organization"},"potentialAction":[{"@type":"SearchAction","target":{"@type":"EntryPoint","urlTemplate":"https:\/\/parketasala.lv\/en\/?s={search_term_string}"},"query-input":{"@type":"PropertyValueSpecification","valueRequired":true,"valueName":"search_term_string"}}],"inLanguage":"en-US"},{"@type":"Organization","@id":"https:\/\/parketasala.lv\/en\/#organization","name":"Parketa Sala","url":"https:\/\/parketasala.lv\/en\/","logo":{"@type":"ImageObject","inLanguage":"en-US","@id":"https:\/\/parketasala.lv\/en\/#\/schema\/logo\/image\/","url":"https:\/\/parketasala.lv\/wp-content\/uploads\/2019\/12\/Logo-x3.png","contentUrl":"https:\/\/parketasala.lv\/wp-content\/uploads\/2019\/12\/Logo-x3.png","width":660,"height":137,"caption":"Parketa Sala"},"image":{"@id":"https:\/\/parketasala.lv\/en\/#\/schema\/logo\/image\/"},"sameAs":["https:\/\/www.facebook.com\/parketasala\/","https:\/\/www.instagram.com\/parketasala\/"]}]}},"_links":{"self":[{"href":"https:\/\/parketasala.lv\/en\/wp-json\/wp\/v2\/product\/24043","targetHints":{"allow":["GET"]}}],"collection":[{"href":"https:\/\/parketasala.lv\/en\/wp-json\/wp\/v2\/product"}],"about":[{"href":"https:\/\/parketasala.lv\/en\/wp-json\/wp\/v2\/types\/product"}],"wp:featuredmedia":[{"embeddable":true,"href":"https:\/\/parketasala.lv\/en\/wp-json\/wp\/v2\/media\/24047"}],"wp:attachment":[{"href":"https:\/\/parketasala.lv\/en\/wp-json\/wp\/v2\/media?parent=24043"}],"wp:term":[{"taxonomy":"product_brand","embeddable":true,"href":"https:\/\/parketasala.lv\/en\/wp-json\/wp\/v2\/product_brand?post=24043"},{"taxonomy":"product_cat","embeddable":true,"href":"https:\/\/parketasala.lv\/en\/wp-json\/wp\/v2\/product_cat?post=24043"},{"taxonomy":"product_tag","embeddable":true,"href":"https:\/\/parketasala.lv\/en\/wp-json\/wp\/v2\/product_tag?post=24043"}],"curies":[{"name":"wp","href":"https:\/\/api.w.org\/{rel}","templated":true}]}}