{"id":23810,"date":"2023-12-06T12:13:27","date_gmt":"2023-12-06T12:13:27","guid":{"rendered":"https:\/\/parketasala.lv\/product\/mapei-ultrabond-eco-ms-4-lvt-7-kg\/"},"modified":"2025-03-21T08:52:35","modified_gmt":"2025-03-21T08:52:35","slug":"mapei-ultrabond-eco-ms-4-lvt-7-kg","status":"publish","type":"product","link":"https:\/\/parketasala.lv\/en\/product\/mapei-ultrabond-eco-ms-4-lvt-7-kg\/","title":{"rendered":"Mapei Ultrabond Eco MS 4 LVT 7 kg"},"content":{"rendered":"<p>Mapei Ultrabond Eco MS 4LVT is a high-performance, single-component, silylated polymer-based adhesive for the <strong>application of<\/strong> LVT, SPC and rigid <strong>LVT on walls and floors<\/strong>. Also suitable as an all-purpose adhesive for all types of textiles and resilient floor coverings, especially all types of vinyl.<br \/>\nFor use on floors and walls indoors.<br \/>\nSuitable for:<br \/>\n&#8211; sufficiently prepared absorbent and non-absorbent substrates;<br \/>\n&#8211; underfloor heating.<br \/>\nThe product is particularly suitable for static and dynamic loads, including high wear loads in domestic, commercial and industrial locations (e.g. hospitals, shopping centres, airports, etc.).<br \/>\nHigh-strength formulation that is highly resistant to shear stress, making it particularly suitable for floors exposed to direct sunlight, intense mechanical loads from forklifts, etc., or which are constantly exposed to <strong>water<\/strong> (communal kitchens, showers, etc.).<br \/>\nSuitable for adhering floor coverings to substrates subjected to stresses from chair wheels in accordance with EN 12529.<\/p>\n","protected":false},"excerpt":{"rendered":"<p>Mapei Ultrabond Eco MS 4LVT is a high-performance, single-component, silylated polymer-based adhesive for the application of LVT, SPC and rigid LVT on walls and floors. Also suitable as an all-purpose adhesive for all types of textiles and resilient floor coverings, especially all types of vinyl. For use on floors and walls indoors. Suitable for: &#8211; [&hellip;]<\/p>\n","protected":false},"featured_media":20369,"template":"","meta":{"_acf_changed":false},"product_brand":[],"product_cat":[424,540],"product_tag":[],"class_list":{"0":"post-23810","1":"product","2":"type-product","3":"status-publish","4":"has-post-thumbnail","6":"product_cat-accessories","7":"product_cat-adhesives","9":"first","10":"onbackorder","11":"taxable","12":"shipping-taxable","13":"purchasable","14":"product-type-simple"},"acf":[],"yoast_head":"<!-- This site is optimized with the Yoast SEO plugin v27.3 - https:\/\/yoast.com\/product\/yoast-seo-wordpress\/ -->\n<title>Mapei Ultrabond Eco MS 4 LVT 7 kg &#8211; Parketa Sala<\/title>\n<meta name=\"description\" content=\"MAPEI Ultrabond Eco MS 4LVT vinyl floor adhesive is suitable for bonding various vinyl floor coverings in wet rooms and high traffic areas.\" \/>\n<meta name=\"robots\" content=\"index,follow\" \/>\n<link rel=\"canonical\" href=\"https:\/\/parketasala.lv\/en\/product\/mapei-ultrabond-eco-ms-4-lvt-7-kg\/\" \/>\n<meta property=\"og:locale\" content=\"en_US\" \/>\n<meta property=\"og:type\" content=\"article\" \/>\n<meta property=\"og:title\" content=\"Mapei Ultrabond Eco MS 4 LVT 7 kg &#8211; Parketa Sala\" \/>\n<meta property=\"og:description\" content=\"MAPEI Ultrabond Eco MS 4LVT vinyl floor adhesive is suitable for bonding various vinyl floor coverings in wet rooms and high traffic areas.\" \/>\n<meta property=\"og:url\" content=\"https:\/\/parketasala.lv\/en\/product\/mapei-ultrabond-eco-ms-4-lvt-7-kg\/\" \/>\n<meta property=\"og:site_name\" content=\"Parketa Sala\" \/>\n<meta property=\"article:publisher\" content=\"https:\/\/www.facebook.com\/parketasala\/\" \/>\n<meta property=\"article:modified_time\" content=\"2025-03-21T08:52:35+00:00\" \/>\n<meta property=\"og:image\" content=\"https:\/\/parketasala.lv\/wp-content\/uploads\/2023\/12\/mapei_ultrabond_eco_ms_4_lvt.jpg\" \/>\n\t<meta property=\"og:image:width\" content=\"2268\" \/>\n\t<meta property=\"og:image:height\" content=\"2255\" \/>\n\t<meta property=\"og:image:type\" content=\"image\/jpeg\" \/>\n<meta name=\"twitter:card\" content=\"summary_large_image\" \/>\n<meta name=\"twitter:label1\" content=\"Est. reading time\" \/>\n\t<meta name=\"twitter:data1\" content=\"1 minute\" \/>\n<script type=\"application\/ld+json\" class=\"yoast-schema-graph\">{\"@context\":\"https:\\\/\\\/schema.org\",\"@graph\":[{\"@type\":\"WebPage\",\"@id\":\"https:\\\/\\\/parketasala.lv\\\/en\\\/product\\\/mapei-ultrabond-eco-ms-4-lvt-7-kg\\\/\",\"url\":\"https:\\\/\\\/parketasala.lv\\\/en\\\/product\\\/mapei-ultrabond-eco-ms-4-lvt-7-kg\\\/\",\"name\":\"Mapei Ultrabond Eco MS 4 LVT 7 kg &#8211; Parketa Sala\",\"isPartOf\":{\"@id\":\"https:\\\/\\\/parketasala.lv\\\/en\\\/#website\"},\"primaryImageOfPage\":{\"@id\":\"https:\\\/\\\/parketasala.lv\\\/en\\\/product\\\/mapei-ultrabond-eco-ms-4-lvt-7-kg\\\/#primaryimage\"},\"image\":{\"@id\":\"https:\\\/\\\/parketasala.lv\\\/en\\\/product\\\/mapei-ultrabond-eco-ms-4-lvt-7-kg\\\/#primaryimage\"},\"thumbnailUrl\":\"https:\\\/\\\/parketasala.lv\\\/wp-content\\\/uploads\\\/2023\\\/12\\\/mapei_ultrabond_eco_ms_4_lvt.jpg\",\"datePublished\":\"2023-12-06T12:13:27+00:00\",\"dateModified\":\"2025-03-21T08:52:35+00:00\",\"description\":\"MAPEI Ultrabond Eco MS 4LVT vinyl floor adhesive is suitable for bonding various vinyl floor coverings in wet rooms and high traffic areas.\",\"breadcrumb\":{\"@id\":\"https:\\\/\\\/parketasala.lv\\\/en\\\/product\\\/mapei-ultrabond-eco-ms-4-lvt-7-kg\\\/#breadcrumb\"},\"inLanguage\":\"en-US\",\"potentialAction\":[{\"@type\":\"ReadAction\",\"target\":[\"https:\\\/\\\/parketasala.lv\\\/en\\\/product\\\/mapei-ultrabond-eco-ms-4-lvt-7-kg\\\/\"]}]},{\"@type\":\"ImageObject\",\"inLanguage\":\"en-US\",\"@id\":\"https:\\\/\\\/parketasala.lv\\\/en\\\/product\\\/mapei-ultrabond-eco-ms-4-lvt-7-kg\\\/#primaryimage\",\"url\":\"https:\\\/\\\/parketasala.lv\\\/wp-content\\\/uploads\\\/2023\\\/12\\\/mapei_ultrabond_eco_ms_4_lvt.jpg\",\"contentUrl\":\"https:\\\/\\\/parketasala.lv\\\/wp-content\\\/uploads\\\/2023\\\/12\\\/mapei_ultrabond_eco_ms_4_lvt.jpg\",\"width\":2268,\"height\":2255,\"caption\":\"MAPEI Ultrabond Eco MS 4LVT vinyl adhesive\"},{\"@type\":\"BreadcrumbList\",\"@id\":\"https:\\\/\\\/parketasala.lv\\\/en\\\/product\\\/mapei-ultrabond-eco-ms-4-lvt-7-kg\\\/#breadcrumb\",\"itemListElement\":[{\"@type\":\"ListItem\",\"position\":1,\"name\":\"Home\",\"item\":\"https:\\\/\\\/parketasala.lv\\\/en\\\/home\\\/\"},{\"@type\":\"ListItem\",\"position\":2,\"name\":\"Shop\",\"item\":\"https:\\\/\\\/parketasala.lv\\\/en\\\/shop\\\/\"},{\"@type\":\"ListItem\",\"position\":3,\"name\":\"Mapei Ultrabond Eco MS 4 LVT 7 kg\"}]},{\"@type\":\"WebSite\",\"@id\":\"https:\\\/\\\/parketasala.lv\\\/en\\\/#website\",\"url\":\"https:\\\/\\\/parketasala.lv\\\/en\\\/\",\"name\":\"Parketa Sala\",\"description\":\"Pla&scaron;s lamin\u0101ta, vinila, parketa un kor\u0137a gr\u012bdu kl\u0101sts\",\"publisher\":{\"@id\":\"https:\\\/\\\/parketasala.lv\\\/en\\\/#organization\"},\"potentialAction\":[{\"@type\":\"SearchAction\",\"target\":{\"@type\":\"EntryPoint\",\"urlTemplate\":\"https:\\\/\\\/parketasala.lv\\\/en\\\/?s={search_term_string}\"},\"query-input\":{\"@type\":\"PropertyValueSpecification\",\"valueRequired\":true,\"valueName\":\"search_term_string\"}}],\"inLanguage\":\"en-US\"},{\"@type\":\"Organization\",\"@id\":\"https:\\\/\\\/parketasala.lv\\\/en\\\/#organization\",\"name\":\"Parketa Sala\",\"url\":\"https:\\\/\\\/parketasala.lv\\\/en\\\/\",\"logo\":{\"@type\":\"ImageObject\",\"inLanguage\":\"en-US\",\"@id\":\"https:\\\/\\\/parketasala.lv\\\/en\\\/#\\\/schema\\\/logo\\\/image\\\/\",\"url\":\"https:\\\/\\\/parketasala.lv\\\/wp-content\\\/uploads\\\/2019\\\/12\\\/Logo-x3.png\",\"contentUrl\":\"https:\\\/\\\/parketasala.lv\\\/wp-content\\\/uploads\\\/2019\\\/12\\\/Logo-x3.png\",\"width\":660,\"height\":137,\"caption\":\"Parketa Sala\"},\"image\":{\"@id\":\"https:\\\/\\\/parketasala.lv\\\/en\\\/#\\\/schema\\\/logo\\\/image\\\/\"},\"sameAs\":[\"https:\\\/\\\/www.facebook.com\\\/parketasala\\\/\",\"https:\\\/\\\/www.instagram.com\\\/parketasala\\\/\"]}]}<\/script>\n<!-- \/ Yoast SEO plugin. -->","yoast_head_json":{"title":"Mapei Ultrabond Eco MS 4 LVT 7 kg &#8211; Parketa Sala","description":"MAPEI Ultrabond Eco MS 4LVT vinyl floor adhesive is suitable for bonding various vinyl floor coverings in wet rooms and high traffic areas.","robots":{"index,follow":"index,follow"},"canonical":"https:\/\/parketasala.lv\/en\/product\/mapei-ultrabond-eco-ms-4-lvt-7-kg\/","og_locale":"en_US","og_type":"article","og_title":"Mapei Ultrabond Eco MS 4 LVT 7 kg &#8211; Parketa Sala","og_description":"MAPEI Ultrabond Eco MS 4LVT vinyl floor adhesive is suitable for bonding various vinyl floor coverings in wet rooms and high traffic areas.","og_url":"https:\/\/parketasala.lv\/en\/product\/mapei-ultrabond-eco-ms-4-lvt-7-kg\/","og_site_name":"Parketa Sala","article_publisher":"https:\/\/www.facebook.com\/parketasala\/","article_modified_time":"2025-03-21T08:52:35+00:00","og_image":[{"width":2268,"height":2255,"url":"https:\/\/parketasala.lv\/wp-content\/uploads\/2023\/12\/mapei_ultrabond_eco_ms_4_lvt.jpg","type":"image\/jpeg"}],"twitter_card":"summary_large_image","twitter_misc":{"Est. reading time":"1 minute"},"schema":{"@context":"https:\/\/schema.org","@graph":[{"@type":"WebPage","@id":"https:\/\/parketasala.lv\/en\/product\/mapei-ultrabond-eco-ms-4-lvt-7-kg\/","url":"https:\/\/parketasala.lv\/en\/product\/mapei-ultrabond-eco-ms-4-lvt-7-kg\/","name":"Mapei Ultrabond Eco MS 4 LVT 7 kg &#8211; Parketa Sala","isPartOf":{"@id":"https:\/\/parketasala.lv\/en\/#website"},"primaryImageOfPage":{"@id":"https:\/\/parketasala.lv\/en\/product\/mapei-ultrabond-eco-ms-4-lvt-7-kg\/#primaryimage"},"image":{"@id":"https:\/\/parketasala.lv\/en\/product\/mapei-ultrabond-eco-ms-4-lvt-7-kg\/#primaryimage"},"thumbnailUrl":"https:\/\/parketasala.lv\/wp-content\/uploads\/2023\/12\/mapei_ultrabond_eco_ms_4_lvt.jpg","datePublished":"2023-12-06T12:13:27+00:00","dateModified":"2025-03-21T08:52:35+00:00","description":"MAPEI Ultrabond Eco MS 4LVT vinyl floor adhesive is suitable for bonding various vinyl floor coverings in wet rooms and high traffic areas.","breadcrumb":{"@id":"https:\/\/parketasala.lv\/en\/product\/mapei-ultrabond-eco-ms-4-lvt-7-kg\/#breadcrumb"},"inLanguage":"en-US","potentialAction":[{"@type":"ReadAction","target":["https:\/\/parketasala.lv\/en\/product\/mapei-ultrabond-eco-ms-4-lvt-7-kg\/"]}]},{"@type":"ImageObject","inLanguage":"en-US","@id":"https:\/\/parketasala.lv\/en\/product\/mapei-ultrabond-eco-ms-4-lvt-7-kg\/#primaryimage","url":"https:\/\/parketasala.lv\/wp-content\/uploads\/2023\/12\/mapei_ultrabond_eco_ms_4_lvt.jpg","contentUrl":"https:\/\/parketasala.lv\/wp-content\/uploads\/2023\/12\/mapei_ultrabond_eco_ms_4_lvt.jpg","width":2268,"height":2255,"caption":"MAPEI Ultrabond Eco MS 4LVT vinyl adhesive"},{"@type":"BreadcrumbList","@id":"https:\/\/parketasala.lv\/en\/product\/mapei-ultrabond-eco-ms-4-lvt-7-kg\/#breadcrumb","itemListElement":[{"@type":"ListItem","position":1,"name":"Home","item":"https:\/\/parketasala.lv\/en\/home\/"},{"@type":"ListItem","position":2,"name":"Shop","item":"https:\/\/parketasala.lv\/en\/shop\/"},{"@type":"ListItem","position":3,"name":"Mapei Ultrabond Eco MS 4 LVT 7 kg"}]},{"@type":"WebSite","@id":"https:\/\/parketasala.lv\/en\/#website","url":"https:\/\/parketasala.lv\/en\/","name":"Parketa Sala","description":"Pla&scaron;s lamin\u0101ta, vinila, parketa un kor\u0137a gr\u012bdu kl\u0101sts","publisher":{"@id":"https:\/\/parketasala.lv\/en\/#organization"},"potentialAction":[{"@type":"SearchAction","target":{"@type":"EntryPoint","urlTemplate":"https:\/\/parketasala.lv\/en\/?s={search_term_string}"},"query-input":{"@type":"PropertyValueSpecification","valueRequired":true,"valueName":"search_term_string"}}],"inLanguage":"en-US"},{"@type":"Organization","@id":"https:\/\/parketasala.lv\/en\/#organization","name":"Parketa Sala","url":"https:\/\/parketasala.lv\/en\/","logo":{"@type":"ImageObject","inLanguage":"en-US","@id":"https:\/\/parketasala.lv\/en\/#\/schema\/logo\/image\/","url":"https:\/\/parketasala.lv\/wp-content\/uploads\/2019\/12\/Logo-x3.png","contentUrl":"https:\/\/parketasala.lv\/wp-content\/uploads\/2019\/12\/Logo-x3.png","width":660,"height":137,"caption":"Parketa Sala"},"image":{"@id":"https:\/\/parketasala.lv\/en\/#\/schema\/logo\/image\/"},"sameAs":["https:\/\/www.facebook.com\/parketasala\/","https:\/\/www.instagram.com\/parketasala\/"]}]}},"_links":{"self":[{"href":"https:\/\/parketasala.lv\/en\/wp-json\/wp\/v2\/product\/23810","targetHints":{"allow":["GET"]}}],"collection":[{"href":"https:\/\/parketasala.lv\/en\/wp-json\/wp\/v2\/product"}],"about":[{"href":"https:\/\/parketasala.lv\/en\/wp-json\/wp\/v2\/types\/product"}],"wp:featuredmedia":[{"embeddable":true,"href":"https:\/\/parketasala.lv\/en\/wp-json\/wp\/v2\/media\/20369"}],"wp:attachment":[{"href":"https:\/\/parketasala.lv\/en\/wp-json\/wp\/v2\/media?parent=23810"}],"wp:term":[{"taxonomy":"product_brand","embeddable":true,"href":"https:\/\/parketasala.lv\/en\/wp-json\/wp\/v2\/product_brand?post=23810"},{"taxonomy":"product_cat","embeddable":true,"href":"https:\/\/parketasala.lv\/en\/wp-json\/wp\/v2\/product_cat?post=23810"},{"taxonomy":"product_tag","embeddable":true,"href":"https:\/\/parketasala.lv\/en\/wp-json\/wp\/v2\/product_tag?post=23810"}],"curies":[{"name":"wp","href":"https:\/\/api.w.org\/{rel}","templated":true}]}}