{"id":23793,"date":"2024-04-23T10:16:56","date_gmt":"2024-04-23T10:16:56","guid":{"rendered":"https:\/\/parketasala.lv\/product\/tarkett-rustic-oak-nature-laminate\/"},"modified":"2025-06-10T10:12:52","modified_gmt":"2025-06-10T10:12:52","slug":"tarkett-rustic-oak-nature-laminate","status":"publish","type":"product","link":"https:\/\/parketasala.lv\/en\/product\/tarkett-rustic-oak-nature-laminate\/","title":{"rendered":"Tarkett Rustic Oak Nature laminate"},"content":{"rendered":"<p>This Tarkett Soundlogic 932 series laminate has an integrated acoustic cork underlay. This means that no additional underlay is required when installing on wood substrates, whereas when installing on concrete substrates, only a 0.2 mm thick PE film is required as a moisture barrier. <\/p>\n<h4><\/h4>\n<p>Laminate has a four-sided facet and a distinctive wood grain. The Click system ensures easy installation. <\/p>\n<p>&nbsp;<\/p>\n<p>&nbsp;<\/p>\n","protected":false},"excerpt":{"rendered":"<p>This Tarkett Soundlogic 932 series laminate has an integrated acoustic cork underlay. This means that no additional underlay is required when installing on wood substrates, whereas when installing on concrete substrates, only a 0.2 mm thick PE film is required as a moisture barrier. Laminate has a four-sided facet and a distinctive wood grain. The [&hellip;]<\/p>\n","protected":false},"featured_media":20495,"template":"","meta":{"_acf_changed":false},"product_brand":[],"product_cat":[423,637,494,669,425],"product_tag":[],"class_list":{"0":"post-23793","1":"product","2":"type-product","3":"status-publish","4":"has-post-thumbnail","6":"product_cat-laminate-floor-coverings","7":"product_cat-laminate-outlet","8":"product_cat-outlet-en","9":"product_cat-tarkett-laminate","10":"product_cat-wooden-design","12":"first","13":"instock","14":"sale","15":"taxable","16":"shipping-taxable","17":"purchasable","18":"product-type-simple"},"acf":[],"yoast_head":"<!-- This site is optimized with the Yoast SEO plugin v27.3 - https:\/\/yoast.com\/product\/yoast-seo-wordpress\/ -->\n<title>Tarkett Rustic Oak Nature laminate &#8211; Parketa Sala<\/title>\n<meta name=\"robots\" content=\"index,follow\" \/>\n<link rel=\"canonical\" href=\"https:\/\/parketasala.lv\/en\/product\/tarkett-rustic-oak-nature-laminate\/\" \/>\n<meta property=\"og:locale\" content=\"en_US\" \/>\n<meta property=\"og:type\" content=\"article\" \/>\n<meta property=\"og:title\" content=\"Tarkett Rustic Oak Nature laminate &#8211; Parketa Sala\" \/>\n<meta property=\"og:description\" content=\"This Tarkett Soundlogic 932 series laminate has an integrated acoustic cork underlay. This means that no additional underlay is required when installing on wood substrates, whereas when installing on concrete substrates, only a 0.2 mm thick PE film is required as a moisture barrier. Laminate has a four-sided facet and a distinctive wood grain. The [&hellip;]\" \/>\n<meta property=\"og:url\" content=\"https:\/\/parketasala.lv\/en\/product\/tarkett-rustic-oak-nature-laminate\/\" \/>\n<meta property=\"og:site_name\" content=\"Parketa Sala\" \/>\n<meta property=\"article:publisher\" content=\"https:\/\/www.facebook.com\/parketasala\/\" \/>\n<meta property=\"article:modified_time\" content=\"2025-06-10T10:12:52+00:00\" \/>\n<meta property=\"og:image\" content=\"https:\/\/parketasala.lv\/wp-content\/uploads\/2024\/04\/510028004_SoundLogic.webp\" \/>\n\t<meta property=\"og:image:width\" content=\"1000\" \/>\n\t<meta property=\"og:image:height\" content=\"660\" \/>\n\t<meta property=\"og:image:type\" content=\"image\/webp\" \/>\n<meta name=\"twitter:card\" content=\"summary_large_image\" \/>\n<script type=\"application\/ld+json\" class=\"yoast-schema-graph\">{\"@context\":\"https:\\\/\\\/schema.org\",\"@graph\":[{\"@type\":\"WebPage\",\"@id\":\"https:\\\/\\\/parketasala.lv\\\/en\\\/product\\\/tarkett-rustic-oak-nature-laminate\\\/\",\"url\":\"https:\\\/\\\/parketasala.lv\\\/en\\\/product\\\/tarkett-rustic-oak-nature-laminate\\\/\",\"name\":\"Tarkett Rustic Oak Nature laminate &#8211; Parketa Sala\",\"isPartOf\":{\"@id\":\"https:\\\/\\\/parketasala.lv\\\/en\\\/#website\"},\"primaryImageOfPage\":{\"@id\":\"https:\\\/\\\/parketasala.lv\\\/en\\\/product\\\/tarkett-rustic-oak-nature-laminate\\\/#primaryimage\"},\"image\":{\"@id\":\"https:\\\/\\\/parketasala.lv\\\/en\\\/product\\\/tarkett-rustic-oak-nature-laminate\\\/#primaryimage\"},\"thumbnailUrl\":\"https:\\\/\\\/parketasala.lv\\\/wp-content\\\/uploads\\\/2024\\\/04\\\/510028004_SoundLogic.webp\",\"datePublished\":\"2024-04-23T10:16:56+00:00\",\"dateModified\":\"2025-06-10T10:12:52+00:00\",\"breadcrumb\":{\"@id\":\"https:\\\/\\\/parketasala.lv\\\/en\\\/product\\\/tarkett-rustic-oak-nature-laminate\\\/#breadcrumb\"},\"inLanguage\":\"en-US\",\"potentialAction\":[{\"@type\":\"ReadAction\",\"target\":[\"https:\\\/\\\/parketasala.lv\\\/en\\\/product\\\/tarkett-rustic-oak-nature-laminate\\\/\"]}]},{\"@type\":\"ImageObject\",\"inLanguage\":\"en-US\",\"@id\":\"https:\\\/\\\/parketasala.lv\\\/en\\\/product\\\/tarkett-rustic-oak-nature-laminate\\\/#primaryimage\",\"url\":\"https:\\\/\\\/parketasala.lv\\\/wp-content\\\/uploads\\\/2024\\\/04\\\/510028004_SoundLogic.webp\",\"contentUrl\":\"https:\\\/\\\/parketasala.lv\\\/wp-content\\\/uploads\\\/2024\\\/04\\\/510028004_SoundLogic.webp\",\"width\":1000,\"height\":660},{\"@type\":\"BreadcrumbList\",\"@id\":\"https:\\\/\\\/parketasala.lv\\\/en\\\/product\\\/tarkett-rustic-oak-nature-laminate\\\/#breadcrumb\",\"itemListElement\":[{\"@type\":\"ListItem\",\"position\":1,\"name\":\"Home\",\"item\":\"https:\\\/\\\/parketasala.lv\\\/en\\\/home\\\/\"},{\"@type\":\"ListItem\",\"position\":2,\"name\":\"Shop\",\"item\":\"https:\\\/\\\/parketasala.lv\\\/en\\\/shop\\\/\"},{\"@type\":\"ListItem\",\"position\":3,\"name\":\"Tarkett Rustic Oak Nature laminate\"}]},{\"@type\":\"WebSite\",\"@id\":\"https:\\\/\\\/parketasala.lv\\\/en\\\/#website\",\"url\":\"https:\\\/\\\/parketasala.lv\\\/en\\\/\",\"name\":\"Parketa Sala\",\"description\":\"Pla&scaron;s lamin\u0101ta, vinila, parketa un kor\u0137a gr\u012bdu kl\u0101sts\",\"publisher\":{\"@id\":\"https:\\\/\\\/parketasala.lv\\\/en\\\/#organization\"},\"potentialAction\":[{\"@type\":\"SearchAction\",\"target\":{\"@type\":\"EntryPoint\",\"urlTemplate\":\"https:\\\/\\\/parketasala.lv\\\/en\\\/?s={search_term_string}\"},\"query-input\":{\"@type\":\"PropertyValueSpecification\",\"valueRequired\":true,\"valueName\":\"search_term_string\"}}],\"inLanguage\":\"en-US\"},{\"@type\":\"Organization\",\"@id\":\"https:\\\/\\\/parketasala.lv\\\/en\\\/#organization\",\"name\":\"Parketa Sala\",\"url\":\"https:\\\/\\\/parketasala.lv\\\/en\\\/\",\"logo\":{\"@type\":\"ImageObject\",\"inLanguage\":\"en-US\",\"@id\":\"https:\\\/\\\/parketasala.lv\\\/en\\\/#\\\/schema\\\/logo\\\/image\\\/\",\"url\":\"https:\\\/\\\/parketasala.lv\\\/wp-content\\\/uploads\\\/2019\\\/12\\\/Logo-x3.png\",\"contentUrl\":\"https:\\\/\\\/parketasala.lv\\\/wp-content\\\/uploads\\\/2019\\\/12\\\/Logo-x3.png\",\"width\":660,\"height\":137,\"caption\":\"Parketa Sala\"},\"image\":{\"@id\":\"https:\\\/\\\/parketasala.lv\\\/en\\\/#\\\/schema\\\/logo\\\/image\\\/\"},\"sameAs\":[\"https:\\\/\\\/www.facebook.com\\\/parketasala\\\/\",\"https:\\\/\\\/www.instagram.com\\\/parketasala\\\/\"]}]}<\/script>\n<!-- \/ Yoast SEO plugin. -->","yoast_head_json":{"title":"Tarkett Rustic Oak Nature laminate &#8211; Parketa Sala","robots":{"index,follow":"index,follow"},"canonical":"https:\/\/parketasala.lv\/en\/product\/tarkett-rustic-oak-nature-laminate\/","og_locale":"en_US","og_type":"article","og_title":"Tarkett Rustic Oak Nature laminate &#8211; Parketa Sala","og_description":"This Tarkett Soundlogic 932 series laminate has an integrated acoustic cork underlay. This means that no additional underlay is required when installing on wood substrates, whereas when installing on concrete substrates, only a 0.2 mm thick PE film is required as a moisture barrier. Laminate has a four-sided facet and a distinctive wood grain. The [&hellip;]","og_url":"https:\/\/parketasala.lv\/en\/product\/tarkett-rustic-oak-nature-laminate\/","og_site_name":"Parketa Sala","article_publisher":"https:\/\/www.facebook.com\/parketasala\/","article_modified_time":"2025-06-10T10:12:52+00:00","og_image":[{"width":1000,"height":660,"url":"https:\/\/parketasala.lv\/wp-content\/uploads\/2024\/04\/510028004_SoundLogic.webp","type":"image\/webp"}],"twitter_card":"summary_large_image","schema":{"@context":"https:\/\/schema.org","@graph":[{"@type":"WebPage","@id":"https:\/\/parketasala.lv\/en\/product\/tarkett-rustic-oak-nature-laminate\/","url":"https:\/\/parketasala.lv\/en\/product\/tarkett-rustic-oak-nature-laminate\/","name":"Tarkett Rustic Oak Nature laminate &#8211; Parketa Sala","isPartOf":{"@id":"https:\/\/parketasala.lv\/en\/#website"},"primaryImageOfPage":{"@id":"https:\/\/parketasala.lv\/en\/product\/tarkett-rustic-oak-nature-laminate\/#primaryimage"},"image":{"@id":"https:\/\/parketasala.lv\/en\/product\/tarkett-rustic-oak-nature-laminate\/#primaryimage"},"thumbnailUrl":"https:\/\/parketasala.lv\/wp-content\/uploads\/2024\/04\/510028004_SoundLogic.webp","datePublished":"2024-04-23T10:16:56+00:00","dateModified":"2025-06-10T10:12:52+00:00","breadcrumb":{"@id":"https:\/\/parketasala.lv\/en\/product\/tarkett-rustic-oak-nature-laminate\/#breadcrumb"},"inLanguage":"en-US","potentialAction":[{"@type":"ReadAction","target":["https:\/\/parketasala.lv\/en\/product\/tarkett-rustic-oak-nature-laminate\/"]}]},{"@type":"ImageObject","inLanguage":"en-US","@id":"https:\/\/parketasala.lv\/en\/product\/tarkett-rustic-oak-nature-laminate\/#primaryimage","url":"https:\/\/parketasala.lv\/wp-content\/uploads\/2024\/04\/510028004_SoundLogic.webp","contentUrl":"https:\/\/parketasala.lv\/wp-content\/uploads\/2024\/04\/510028004_SoundLogic.webp","width":1000,"height":660},{"@type":"BreadcrumbList","@id":"https:\/\/parketasala.lv\/en\/product\/tarkett-rustic-oak-nature-laminate\/#breadcrumb","itemListElement":[{"@type":"ListItem","position":1,"name":"Home","item":"https:\/\/parketasala.lv\/en\/home\/"},{"@type":"ListItem","position":2,"name":"Shop","item":"https:\/\/parketasala.lv\/en\/shop\/"},{"@type":"ListItem","position":3,"name":"Tarkett Rustic Oak Nature laminate"}]},{"@type":"WebSite","@id":"https:\/\/parketasala.lv\/en\/#website","url":"https:\/\/parketasala.lv\/en\/","name":"Parketa Sala","description":"Pla&scaron;s lamin\u0101ta, vinila, parketa un kor\u0137a gr\u012bdu kl\u0101sts","publisher":{"@id":"https:\/\/parketasala.lv\/en\/#organization"},"potentialAction":[{"@type":"SearchAction","target":{"@type":"EntryPoint","urlTemplate":"https:\/\/parketasala.lv\/en\/?s={search_term_string}"},"query-input":{"@type":"PropertyValueSpecification","valueRequired":true,"valueName":"search_term_string"}}],"inLanguage":"en-US"},{"@type":"Organization","@id":"https:\/\/parketasala.lv\/en\/#organization","name":"Parketa Sala","url":"https:\/\/parketasala.lv\/en\/","logo":{"@type":"ImageObject","inLanguage":"en-US","@id":"https:\/\/parketasala.lv\/en\/#\/schema\/logo\/image\/","url":"https:\/\/parketasala.lv\/wp-content\/uploads\/2019\/12\/Logo-x3.png","contentUrl":"https:\/\/parketasala.lv\/wp-content\/uploads\/2019\/12\/Logo-x3.png","width":660,"height":137,"caption":"Parketa Sala"},"image":{"@id":"https:\/\/parketasala.lv\/en\/#\/schema\/logo\/image\/"},"sameAs":["https:\/\/www.facebook.com\/parketasala\/","https:\/\/www.instagram.com\/parketasala\/"]}]}},"_links":{"self":[{"href":"https:\/\/parketasala.lv\/en\/wp-json\/wp\/v2\/product\/23793","targetHints":{"allow":["GET"]}}],"collection":[{"href":"https:\/\/parketasala.lv\/en\/wp-json\/wp\/v2\/product"}],"about":[{"href":"https:\/\/parketasala.lv\/en\/wp-json\/wp\/v2\/types\/product"}],"wp:featuredmedia":[{"embeddable":true,"href":"https:\/\/parketasala.lv\/en\/wp-json\/wp\/v2\/media\/20495"}],"wp:attachment":[{"href":"https:\/\/parketasala.lv\/en\/wp-json\/wp\/v2\/media?parent=23793"}],"wp:term":[{"taxonomy":"product_brand","embeddable":true,"href":"https:\/\/parketasala.lv\/en\/wp-json\/wp\/v2\/product_brand?post=23793"},{"taxonomy":"product_cat","embeddable":true,"href":"https:\/\/parketasala.lv\/en\/wp-json\/wp\/v2\/product_cat?post=23793"},{"taxonomy":"product_tag","embeddable":true,"href":"https:\/\/parketasala.lv\/en\/wp-json\/wp\/v2\/product_tag?post=23793"}],"curies":[{"name":"wp","href":"https:\/\/api.w.org\/{rel}","templated":true}]}}