{"id":23789,"date":"2024-07-08T11:17:43","date_gmt":"2024-07-08T11:17:43","guid":{"rendered":"https:\/\/parketasala.lv\/product\/adhesive-bostik-stix-a720-power-10l\/"},"modified":"2025-03-21T08:52:16","modified_gmt":"2025-03-21T08:52:16","slug":"adhesive-bostik-stix-a720-power-10l","status":"publish","type":"product","link":"https:\/\/parketasala.lv\/en\/product\/adhesive-bostik-stix-a720-power-10l\/","title":{"rendered":"Adhesive Bostik STIX A720 Power 10l"},"content":{"rendered":"<p>Floor and wall adhesives<\/p>\n<p>&#8220;Bostik STIX A720 Power is a water-based floor and wall adhesive suitable for the most common floor coverings.<\/p>\n<p>Application:<\/p>\n<p>Suitable for bonding the following floor and wall coverings in dry and wet areas to rigid and absorbent substrates:<\/p>\n<ul>\n<li>PVC upholstered floor coverings, in rolls, with or without backing<\/li>\n<li>Rubber floor coverings (up to 3.5 mm thick)<\/li>\n<li>LVT (design friezes and vinyl plaques)<\/li>\n<li>Polyvinyl chloride and chlorine-free carpets<\/li>\n<li>  Textile and natural linoleum floor coverings with synthetic backing<\/li>\n<li>PVC wall coverings with a vinyl layer at least 0,6 mm thick<\/li>\n<\/ul>\n<p>Advantages:<\/p>\n<ul>\n<li>Easy to apply with a glue stick or roller<\/li>\n<li>User-friendly, with extended open time, instant adhesion and firm bonding.<\/li>\n<li>Wide range of applications &#8211; wall and floor coverings<\/li>\n<li>Corresponds to EC1 according to EMICODE and M1 according to VTT.<\/li>\n<\/ul>\n<p>&nbsp;<\/p>\n<p>&nbsp;<\/p>\n","protected":false},"excerpt":{"rendered":"<p>Floor and wall adhesives &#8220;Bostik STIX A720 Power is a water-based floor and wall adhesive suitable for the most common floor coverings. Application: Suitable for bonding the following floor and wall coverings in dry and wet areas to rigid and absorbent substrates: PVC upholstered floor coverings, in rolls, with or without backing Rubber floor coverings [&hellip;]<\/p>\n","protected":false},"featured_media":20512,"template":"","meta":{"_acf_changed":false},"product_brand":[],"product_cat":[424,540],"product_tag":[],"class_list":{"0":"post-23789","1":"product","2":"type-product","3":"status-publish","4":"has-post-thumbnail","6":"product_cat-accessories","7":"product_cat-adhesives","9":"first","10":"instock","11":"taxable","12":"shipping-taxable","13":"purchasable","14":"product-type-simple"},"acf":[],"yoast_head":"<!-- This site is optimized with the Yoast SEO plugin v27.3 - https:\/\/yoast.com\/product\/yoast-seo-wordpress\/ -->\n<title>Adhesive Bostik STIX A720 Power 10l &#8211; Parketa Sala<\/title>\n<meta name=\"robots\" content=\"index,follow\" \/>\n<link rel=\"canonical\" href=\"https:\/\/parketasala.lv\/en\/product\/adhesive-bostik-stix-a720-power-10l\/\" \/>\n<meta property=\"og:locale\" content=\"en_US\" \/>\n<meta property=\"og:type\" content=\"article\" \/>\n<meta property=\"og:title\" content=\"Adhesive Bostik STIX A720 Power 10l &#8211; Parketa Sala\" \/>\n<meta property=\"og:description\" content=\"Floor and wall adhesives &#8220;Bostik STIX A720 Power is a water-based floor and wall adhesive suitable for the most common floor coverings. Application: Suitable for bonding the following floor and wall coverings in dry and wet areas to rigid and absorbent substrates: PVC upholstered floor coverings, in rolls, with or without backing Rubber floor coverings [&hellip;]\" \/>\n<meta property=\"og:url\" content=\"https:\/\/parketasala.lv\/en\/product\/adhesive-bostik-stix-a720-power-10l\/\" \/>\n<meta property=\"og:site_name\" content=\"Parketa Sala\" \/>\n<meta property=\"article:publisher\" content=\"https:\/\/www.facebook.com\/parketasala\/\" \/>\n<meta property=\"article:modified_time\" content=\"2025-03-21T08:52:16+00:00\" \/>\n<meta property=\"og:image\" content=\"https:\/\/parketasala.lv\/wp-content\/uploads\/2024\/07\/Bostik-Stix-A720-Power.jpg\" \/>\n\t<meta property=\"og:image:width\" content=\"466\" \/>\n\t<meta property=\"og:image:height\" content=\"433\" \/>\n\t<meta property=\"og:image:type\" content=\"image\/jpeg\" \/>\n<meta name=\"twitter:card\" content=\"summary_large_image\" \/>\n<meta name=\"twitter:label1\" content=\"Est. reading time\" \/>\n\t<meta name=\"twitter:data1\" content=\"1 minute\" \/>\n<script type=\"application\/ld+json\" class=\"yoast-schema-graph\">{\"@context\":\"https:\\\/\\\/schema.org\",\"@graph\":[{\"@type\":\"WebPage\",\"@id\":\"https:\\\/\\\/parketasala.lv\\\/en\\\/product\\\/adhesive-bostik-stix-a720-power-10l\\\/\",\"url\":\"https:\\\/\\\/parketasala.lv\\\/en\\\/product\\\/adhesive-bostik-stix-a720-power-10l\\\/\",\"name\":\"Adhesive Bostik STIX A720 Power 10l &#8211; Parketa Sala\",\"isPartOf\":{\"@id\":\"https:\\\/\\\/parketasala.lv\\\/en\\\/#website\"},\"primaryImageOfPage\":{\"@id\":\"https:\\\/\\\/parketasala.lv\\\/en\\\/product\\\/adhesive-bostik-stix-a720-power-10l\\\/#primaryimage\"},\"image\":{\"@id\":\"https:\\\/\\\/parketasala.lv\\\/en\\\/product\\\/adhesive-bostik-stix-a720-power-10l\\\/#primaryimage\"},\"thumbnailUrl\":\"https:\\\/\\\/parketasala.lv\\\/wp-content\\\/uploads\\\/2024\\\/07\\\/Bostik-Stix-A720-Power.jpg\",\"datePublished\":\"2024-07-08T11:17:43+00:00\",\"dateModified\":\"2025-03-21T08:52:16+00:00\",\"breadcrumb\":{\"@id\":\"https:\\\/\\\/parketasala.lv\\\/en\\\/product\\\/adhesive-bostik-stix-a720-power-10l\\\/#breadcrumb\"},\"inLanguage\":\"en-US\",\"potentialAction\":[{\"@type\":\"ReadAction\",\"target\":[\"https:\\\/\\\/parketasala.lv\\\/en\\\/product\\\/adhesive-bostik-stix-a720-power-10l\\\/\"]}]},{\"@type\":\"ImageObject\",\"inLanguage\":\"en-US\",\"@id\":\"https:\\\/\\\/parketasala.lv\\\/en\\\/product\\\/adhesive-bostik-stix-a720-power-10l\\\/#primaryimage\",\"url\":\"https:\\\/\\\/parketasala.lv\\\/wp-content\\\/uploads\\\/2024\\\/07\\\/Bostik-Stix-A720-Power.jpg\",\"contentUrl\":\"https:\\\/\\\/parketasala.lv\\\/wp-content\\\/uploads\\\/2024\\\/07\\\/Bostik-Stix-A720-Power.jpg\",\"width\":466,\"height\":433},{\"@type\":\"BreadcrumbList\",\"@id\":\"https:\\\/\\\/parketasala.lv\\\/en\\\/product\\\/adhesive-bostik-stix-a720-power-10l\\\/#breadcrumb\",\"itemListElement\":[{\"@type\":\"ListItem\",\"position\":1,\"name\":\"Home\",\"item\":\"https:\\\/\\\/parketasala.lv\\\/en\\\/home\\\/\"},{\"@type\":\"ListItem\",\"position\":2,\"name\":\"Shop\",\"item\":\"https:\\\/\\\/parketasala.lv\\\/en\\\/shop\\\/\"},{\"@type\":\"ListItem\",\"position\":3,\"name\":\"Adhesive Bostik STIX A720 Power 10l\"}]},{\"@type\":\"WebSite\",\"@id\":\"https:\\\/\\\/parketasala.lv\\\/en\\\/#website\",\"url\":\"https:\\\/\\\/parketasala.lv\\\/en\\\/\",\"name\":\"Parketa Sala\",\"description\":\"Pla&scaron;s lamin\u0101ta, vinila, parketa un kor\u0137a gr\u012bdu kl\u0101sts\",\"publisher\":{\"@id\":\"https:\\\/\\\/parketasala.lv\\\/en\\\/#organization\"},\"potentialAction\":[{\"@type\":\"SearchAction\",\"target\":{\"@type\":\"EntryPoint\",\"urlTemplate\":\"https:\\\/\\\/parketasala.lv\\\/en\\\/?s={search_term_string}\"},\"query-input\":{\"@type\":\"PropertyValueSpecification\",\"valueRequired\":true,\"valueName\":\"search_term_string\"}}],\"inLanguage\":\"en-US\"},{\"@type\":\"Organization\",\"@id\":\"https:\\\/\\\/parketasala.lv\\\/en\\\/#organization\",\"name\":\"Parketa Sala\",\"url\":\"https:\\\/\\\/parketasala.lv\\\/en\\\/\",\"logo\":{\"@type\":\"ImageObject\",\"inLanguage\":\"en-US\",\"@id\":\"https:\\\/\\\/parketasala.lv\\\/en\\\/#\\\/schema\\\/logo\\\/image\\\/\",\"url\":\"https:\\\/\\\/parketasala.lv\\\/wp-content\\\/uploads\\\/2019\\\/12\\\/Logo-x3.png\",\"contentUrl\":\"https:\\\/\\\/parketasala.lv\\\/wp-content\\\/uploads\\\/2019\\\/12\\\/Logo-x3.png\",\"width\":660,\"height\":137,\"caption\":\"Parketa Sala\"},\"image\":{\"@id\":\"https:\\\/\\\/parketasala.lv\\\/en\\\/#\\\/schema\\\/logo\\\/image\\\/\"},\"sameAs\":[\"https:\\\/\\\/www.facebook.com\\\/parketasala\\\/\",\"https:\\\/\\\/www.instagram.com\\\/parketasala\\\/\"]}]}<\/script>\n<!-- \/ Yoast SEO plugin. -->","yoast_head_json":{"title":"Adhesive Bostik STIX A720 Power 10l &#8211; Parketa Sala","robots":{"index,follow":"index,follow"},"canonical":"https:\/\/parketasala.lv\/en\/product\/adhesive-bostik-stix-a720-power-10l\/","og_locale":"en_US","og_type":"article","og_title":"Adhesive Bostik STIX A720 Power 10l &#8211; Parketa Sala","og_description":"Floor and wall adhesives &#8220;Bostik STIX A720 Power is a water-based floor and wall adhesive suitable for the most common floor coverings. Application: Suitable for bonding the following floor and wall coverings in dry and wet areas to rigid and absorbent substrates: PVC upholstered floor coverings, in rolls, with or without backing Rubber floor coverings [&hellip;]","og_url":"https:\/\/parketasala.lv\/en\/product\/adhesive-bostik-stix-a720-power-10l\/","og_site_name":"Parketa Sala","article_publisher":"https:\/\/www.facebook.com\/parketasala\/","article_modified_time":"2025-03-21T08:52:16+00:00","og_image":[{"width":466,"height":433,"url":"https:\/\/parketasala.lv\/wp-content\/uploads\/2024\/07\/Bostik-Stix-A720-Power.jpg","type":"image\/jpeg"}],"twitter_card":"summary_large_image","twitter_misc":{"Est. reading time":"1 minute"},"schema":{"@context":"https:\/\/schema.org","@graph":[{"@type":"WebPage","@id":"https:\/\/parketasala.lv\/en\/product\/adhesive-bostik-stix-a720-power-10l\/","url":"https:\/\/parketasala.lv\/en\/product\/adhesive-bostik-stix-a720-power-10l\/","name":"Adhesive Bostik STIX A720 Power 10l &#8211; Parketa Sala","isPartOf":{"@id":"https:\/\/parketasala.lv\/en\/#website"},"primaryImageOfPage":{"@id":"https:\/\/parketasala.lv\/en\/product\/adhesive-bostik-stix-a720-power-10l\/#primaryimage"},"image":{"@id":"https:\/\/parketasala.lv\/en\/product\/adhesive-bostik-stix-a720-power-10l\/#primaryimage"},"thumbnailUrl":"https:\/\/parketasala.lv\/wp-content\/uploads\/2024\/07\/Bostik-Stix-A720-Power.jpg","datePublished":"2024-07-08T11:17:43+00:00","dateModified":"2025-03-21T08:52:16+00:00","breadcrumb":{"@id":"https:\/\/parketasala.lv\/en\/product\/adhesive-bostik-stix-a720-power-10l\/#breadcrumb"},"inLanguage":"en-US","potentialAction":[{"@type":"ReadAction","target":["https:\/\/parketasala.lv\/en\/product\/adhesive-bostik-stix-a720-power-10l\/"]}]},{"@type":"ImageObject","inLanguage":"en-US","@id":"https:\/\/parketasala.lv\/en\/product\/adhesive-bostik-stix-a720-power-10l\/#primaryimage","url":"https:\/\/parketasala.lv\/wp-content\/uploads\/2024\/07\/Bostik-Stix-A720-Power.jpg","contentUrl":"https:\/\/parketasala.lv\/wp-content\/uploads\/2024\/07\/Bostik-Stix-A720-Power.jpg","width":466,"height":433},{"@type":"BreadcrumbList","@id":"https:\/\/parketasala.lv\/en\/product\/adhesive-bostik-stix-a720-power-10l\/#breadcrumb","itemListElement":[{"@type":"ListItem","position":1,"name":"Home","item":"https:\/\/parketasala.lv\/en\/home\/"},{"@type":"ListItem","position":2,"name":"Shop","item":"https:\/\/parketasala.lv\/en\/shop\/"},{"@type":"ListItem","position":3,"name":"Adhesive Bostik STIX A720 Power 10l"}]},{"@type":"WebSite","@id":"https:\/\/parketasala.lv\/en\/#website","url":"https:\/\/parketasala.lv\/en\/","name":"Parketa Sala","description":"Pla&scaron;s lamin\u0101ta, vinila, parketa un kor\u0137a gr\u012bdu kl\u0101sts","publisher":{"@id":"https:\/\/parketasala.lv\/en\/#organization"},"potentialAction":[{"@type":"SearchAction","target":{"@type":"EntryPoint","urlTemplate":"https:\/\/parketasala.lv\/en\/?s={search_term_string}"},"query-input":{"@type":"PropertyValueSpecification","valueRequired":true,"valueName":"search_term_string"}}],"inLanguage":"en-US"},{"@type":"Organization","@id":"https:\/\/parketasala.lv\/en\/#organization","name":"Parketa Sala","url":"https:\/\/parketasala.lv\/en\/","logo":{"@type":"ImageObject","inLanguage":"en-US","@id":"https:\/\/parketasala.lv\/en\/#\/schema\/logo\/image\/","url":"https:\/\/parketasala.lv\/wp-content\/uploads\/2019\/12\/Logo-x3.png","contentUrl":"https:\/\/parketasala.lv\/wp-content\/uploads\/2019\/12\/Logo-x3.png","width":660,"height":137,"caption":"Parketa Sala"},"image":{"@id":"https:\/\/parketasala.lv\/en\/#\/schema\/logo\/image\/"},"sameAs":["https:\/\/www.facebook.com\/parketasala\/","https:\/\/www.instagram.com\/parketasala\/"]}]}},"_links":{"self":[{"href":"https:\/\/parketasala.lv\/en\/wp-json\/wp\/v2\/product\/23789","targetHints":{"allow":["GET"]}}],"collection":[{"href":"https:\/\/parketasala.lv\/en\/wp-json\/wp\/v2\/product"}],"about":[{"href":"https:\/\/parketasala.lv\/en\/wp-json\/wp\/v2\/types\/product"}],"wp:featuredmedia":[{"embeddable":true,"href":"https:\/\/parketasala.lv\/en\/wp-json\/wp\/v2\/media\/20512"}],"wp:attachment":[{"href":"https:\/\/parketasala.lv\/en\/wp-json\/wp\/v2\/media?parent=23789"}],"wp:term":[{"taxonomy":"product_brand","embeddable":true,"href":"https:\/\/parketasala.lv\/en\/wp-json\/wp\/v2\/product_brand?post=23789"},{"taxonomy":"product_cat","embeddable":true,"href":"https:\/\/parketasala.lv\/en\/wp-json\/wp\/v2\/product_cat?post=23789"},{"taxonomy":"product_tag","embeddable":true,"href":"https:\/\/parketasala.lv\/en\/wp-json\/wp\/v2\/product_tag?post=23789"}],"curies":[{"name":"wp","href":"https:\/\/api.w.org\/{rel}","templated":true}]}}