{"id":23781,"date":"2024-10-17T12:17:29","date_gmt":"2024-10-17T12:17:29","guid":{"rendered":"https:\/\/parketasala.lv\/product\/vinyl-floor-quick-step-ciro-pure-oak-polar\/"},"modified":"2025-03-21T08:52:03","modified_gmt":"2025-03-21T08:52:03","slug":"vinyl-floor-quick-step-ciro-pure-oak-polar","status":"publish","type":"product","link":"https:\/\/parketasala.lv\/en\/product\/vinyl-floor-quick-step-ciro-pure-oak-polar\/","title":{"rendered":"Vinyl floor Quick-Step CIRO Pure oak polar"},"content":{"rendered":"<p>With Quick-Step Ciro Collection vinyl you get the stunning look of parquet flooring while benefiting from the practical properties of vinyl tiles.<\/p>\n<p>Quick-Step Ciro vinyl flooring offers the latest advances in SPC (Stone Polymer Composite) technology and offers the perfect combination of style and performance:<\/p>\n<ul>\n<li>SPC Basis.<\/li>\n<li>The total thickness of the vinyl is 6mm, consisting of 5mm vinyl to which a 1mm thick underlay is glued.<\/li>\n<li>Quick and easy installation thanks to the Uniclic click system.<\/li>\n<li>100% water-safe &#8211; can be safely used in the bathroom, corridor or kitchen.<\/li>\n<li>Ideal for underfloor heating &#8211; thermal resistance with underlay is just 0.04 m2 K\/W.<\/li>\n<li>Quieter and warmer than laminate.<\/li>\n<li>Abrasion-resistant &#8211; vinyl layer 0,55 mm (Class 33).<\/li>\n<li>Scratch &amp; Stain Guard, a protective top layer that protects<strong> against scratches and stains.<\/strong><\/li>\n<li>also suitable for laying on uneven substrates.<\/li>\n<\/ul>\n<p>Quick-Step Alpha vinyl is ideal for laying on <strong>floors with small irregularities<\/strong> (up to 4 mm wide and 1 mm deep) and large areas. The flooring will not discolour and will not fade in direct sunlight. <\/p>\n","protected":false},"excerpt":{"rendered":"<p>With Quick-Step Ciro Collection vinyl you get the stunning look of parquet flooring while benefiting from the practical properties of vinyl tiles. Quick-Step Ciro vinyl flooring offers the latest advances in SPC (Stone Polymer Composite) technology and offers the perfect combination of style and performance: SPC Basis. The total thickness of the vinyl is 6mm, [&hellip;]<\/p>\n","protected":false},"featured_media":20586,"template":"","meta":{"_acf_changed":false},"product_brand":[],"product_cat":[480,567,467,468],"product_tag":[],"class_list":{"0":"post-23781","1":"product","2":"type-product","3":"status-publish","4":"has-post-thumbnail","6":"product_cat-click-to-connect","7":"product_cat-quick-step-en","8":"product_cat-vinyl-flooring","9":"product_cat-wooden-design-en","11":"first","12":"onbackorder","13":"sale","14":"taxable","15":"shipping-taxable","16":"purchasable","17":"product-type-simple"},"acf":[],"yoast_head":"<!-- This site is optimized with the Yoast SEO plugin v27.3 - https:\/\/yoast.com\/product\/yoast-seo-wordpress\/ -->\n<title>Vinyl floor Quick-Step CIRO Pure oak polar &#8211; Parketa Sala<\/title>\n<meta name=\"description\" content=\"Quick-Step Bloom vinyl flooring with Click system and integrated underlay, take out of the package and install!\" \/>\n<meta name=\"robots\" content=\"index,follow\" \/>\n<link rel=\"canonical\" href=\"https:\/\/parketasala.lv\/en\/product\/vinyl-floor-quick-step-ciro-pure-oak-polar\/\" \/>\n<meta property=\"og:locale\" content=\"en_US\" \/>\n<meta property=\"og:type\" content=\"article\" \/>\n<meta property=\"og:title\" content=\"Vinyl floor Quick-Step CIRO Pure oak polar &#8211; Parketa Sala\" \/>\n<meta property=\"og:description\" content=\"Quick-Step Bloom vinyl flooring with Click system and integrated underlay, take out of the package and install!\" \/>\n<meta property=\"og:url\" content=\"https:\/\/parketasala.lv\/en\/product\/vinyl-floor-quick-step-ciro-pure-oak-polar\/\" \/>\n<meta property=\"og:site_name\" content=\"Parketa Sala\" \/>\n<meta property=\"article:publisher\" content=\"https:\/\/www.facebook.com\/parketasala\/\" \/>\n<meta property=\"article:modified_time\" content=\"2025-03-21T08:52:03+00:00\" \/>\n<meta property=\"og:image\" content=\"https:\/\/parketasala.lv\/wp-content\/uploads\/2024\/10\/Quick-Step-Ciro-AVHBU40361_Topshot_Herringbone-768x1024.jpg\" \/>\n\t<meta property=\"og:image:width\" content=\"768\" \/>\n\t<meta property=\"og:image:height\" content=\"1024\" \/>\n\t<meta property=\"og:image:type\" content=\"image\/jpeg\" \/>\n<meta name=\"twitter:card\" content=\"summary_large_image\" \/>\n<meta name=\"twitter:label1\" content=\"Est. reading time\" \/>\n\t<meta name=\"twitter:data1\" content=\"1 minute\" \/>\n<script type=\"application\/ld+json\" class=\"yoast-schema-graph\">{\"@context\":\"https:\\\/\\\/schema.org\",\"@graph\":[{\"@type\":\"WebPage\",\"@id\":\"https:\\\/\\\/parketasala.lv\\\/en\\\/product\\\/vinyl-floor-quick-step-ciro-pure-oak-polar\\\/\",\"url\":\"https:\\\/\\\/parketasala.lv\\\/en\\\/product\\\/vinyl-floor-quick-step-ciro-pure-oak-polar\\\/\",\"name\":\"Vinyl floor Quick-Step CIRO Pure oak polar &#8211; Parketa Sala\",\"isPartOf\":{\"@id\":\"https:\\\/\\\/parketasala.lv\\\/en\\\/#website\"},\"primaryImageOfPage\":{\"@id\":\"https:\\\/\\\/parketasala.lv\\\/en\\\/product\\\/vinyl-floor-quick-step-ciro-pure-oak-polar\\\/#primaryimage\"},\"image\":{\"@id\":\"https:\\\/\\\/parketasala.lv\\\/en\\\/product\\\/vinyl-floor-quick-step-ciro-pure-oak-polar\\\/#primaryimage\"},\"thumbnailUrl\":\"https:\\\/\\\/parketasala.lv\\\/wp-content\\\/uploads\\\/2024\\\/10\\\/Quick-Step-Ciro-AVHBU40361_Topshot_Herringbone.jpg\",\"datePublished\":\"2024-10-17T12:17:29+00:00\",\"dateModified\":\"2025-03-21T08:52:03+00:00\",\"description\":\"Quick-Step Bloom vinyl flooring with Click system and integrated underlay, take out of the package and install!\",\"breadcrumb\":{\"@id\":\"https:\\\/\\\/parketasala.lv\\\/en\\\/product\\\/vinyl-floor-quick-step-ciro-pure-oak-polar\\\/#breadcrumb\"},\"inLanguage\":\"en-US\",\"potentialAction\":[{\"@type\":\"ReadAction\",\"target\":[\"https:\\\/\\\/parketasala.lv\\\/en\\\/product\\\/vinyl-floor-quick-step-ciro-pure-oak-polar\\\/\"]}]},{\"@type\":\"ImageObject\",\"inLanguage\":\"en-US\",\"@id\":\"https:\\\/\\\/parketasala.lv\\\/en\\\/product\\\/vinyl-floor-quick-step-ciro-pure-oak-polar\\\/#primaryimage\",\"url\":\"https:\\\/\\\/parketasala.lv\\\/wp-content\\\/uploads\\\/2024\\\/10\\\/Quick-Step-Ciro-AVHBU40361_Topshot_Herringbone.jpg\",\"contentUrl\":\"https:\\\/\\\/parketasala.lv\\\/wp-content\\\/uploads\\\/2024\\\/10\\\/Quick-Step-Ciro-AVHBU40361_Topshot_Herringbone.jpg\",\"width\":1704,\"height\":2272,\"caption\":\"Vinyl floor Quick Step CIRO AVHBU40361\"},{\"@type\":\"BreadcrumbList\",\"@id\":\"https:\\\/\\\/parketasala.lv\\\/en\\\/product\\\/vinyl-floor-quick-step-ciro-pure-oak-polar\\\/#breadcrumb\",\"itemListElement\":[{\"@type\":\"ListItem\",\"position\":1,\"name\":\"Home\",\"item\":\"https:\\\/\\\/parketasala.lv\\\/en\\\/home\\\/\"},{\"@type\":\"ListItem\",\"position\":2,\"name\":\"Shop\",\"item\":\"https:\\\/\\\/parketasala.lv\\\/en\\\/shop\\\/\"},{\"@type\":\"ListItem\",\"position\":3,\"name\":\"Vinyl floor Quick-Step CIRO Pure oak polar\"}]},{\"@type\":\"WebSite\",\"@id\":\"https:\\\/\\\/parketasala.lv\\\/en\\\/#website\",\"url\":\"https:\\\/\\\/parketasala.lv\\\/en\\\/\",\"name\":\"Parketa Sala\",\"description\":\"Pla&scaron;s lamin\u0101ta, vinila, parketa un kor\u0137a gr\u012bdu kl\u0101sts\",\"publisher\":{\"@id\":\"https:\\\/\\\/parketasala.lv\\\/en\\\/#organization\"},\"potentialAction\":[{\"@type\":\"SearchAction\",\"target\":{\"@type\":\"EntryPoint\",\"urlTemplate\":\"https:\\\/\\\/parketasala.lv\\\/en\\\/?s={search_term_string}\"},\"query-input\":{\"@type\":\"PropertyValueSpecification\",\"valueRequired\":true,\"valueName\":\"search_term_string\"}}],\"inLanguage\":\"en-US\"},{\"@type\":\"Organization\",\"@id\":\"https:\\\/\\\/parketasala.lv\\\/en\\\/#organization\",\"name\":\"Parketa Sala\",\"url\":\"https:\\\/\\\/parketasala.lv\\\/en\\\/\",\"logo\":{\"@type\":\"ImageObject\",\"inLanguage\":\"en-US\",\"@id\":\"https:\\\/\\\/parketasala.lv\\\/en\\\/#\\\/schema\\\/logo\\\/image\\\/\",\"url\":\"https:\\\/\\\/parketasala.lv\\\/wp-content\\\/uploads\\\/2019\\\/12\\\/Logo-x3.png\",\"contentUrl\":\"https:\\\/\\\/parketasala.lv\\\/wp-content\\\/uploads\\\/2019\\\/12\\\/Logo-x3.png\",\"width\":660,\"height\":137,\"caption\":\"Parketa Sala\"},\"image\":{\"@id\":\"https:\\\/\\\/parketasala.lv\\\/en\\\/#\\\/schema\\\/logo\\\/image\\\/\"},\"sameAs\":[\"https:\\\/\\\/www.facebook.com\\\/parketasala\\\/\",\"https:\\\/\\\/www.instagram.com\\\/parketasala\\\/\"]}]}<\/script>\n<!-- \/ Yoast SEO plugin. -->","yoast_head_json":{"title":"Vinyl floor Quick-Step CIRO Pure oak polar &#8211; Parketa Sala","description":"Quick-Step Bloom vinyl flooring with Click system and integrated underlay, take out of the package and install!","robots":{"index,follow":"index,follow"},"canonical":"https:\/\/parketasala.lv\/en\/product\/vinyl-floor-quick-step-ciro-pure-oak-polar\/","og_locale":"en_US","og_type":"article","og_title":"Vinyl floor Quick-Step CIRO Pure oak polar &#8211; Parketa Sala","og_description":"Quick-Step Bloom vinyl flooring with Click system and integrated underlay, take out of the package and install!","og_url":"https:\/\/parketasala.lv\/en\/product\/vinyl-floor-quick-step-ciro-pure-oak-polar\/","og_site_name":"Parketa Sala","article_publisher":"https:\/\/www.facebook.com\/parketasala\/","article_modified_time":"2025-03-21T08:52:03+00:00","og_image":[{"width":768,"height":1024,"url":"https:\/\/parketasala.lv\/wp-content\/uploads\/2024\/10\/Quick-Step-Ciro-AVHBU40361_Topshot_Herringbone-768x1024.jpg","type":"image\/jpeg"}],"twitter_card":"summary_large_image","twitter_misc":{"Est. reading time":"1 minute"},"schema":{"@context":"https:\/\/schema.org","@graph":[{"@type":"WebPage","@id":"https:\/\/parketasala.lv\/en\/product\/vinyl-floor-quick-step-ciro-pure-oak-polar\/","url":"https:\/\/parketasala.lv\/en\/product\/vinyl-floor-quick-step-ciro-pure-oak-polar\/","name":"Vinyl floor Quick-Step CIRO Pure oak polar &#8211; Parketa Sala","isPartOf":{"@id":"https:\/\/parketasala.lv\/en\/#website"},"primaryImageOfPage":{"@id":"https:\/\/parketasala.lv\/en\/product\/vinyl-floor-quick-step-ciro-pure-oak-polar\/#primaryimage"},"image":{"@id":"https:\/\/parketasala.lv\/en\/product\/vinyl-floor-quick-step-ciro-pure-oak-polar\/#primaryimage"},"thumbnailUrl":"https:\/\/parketasala.lv\/wp-content\/uploads\/2024\/10\/Quick-Step-Ciro-AVHBU40361_Topshot_Herringbone.jpg","datePublished":"2024-10-17T12:17:29+00:00","dateModified":"2025-03-21T08:52:03+00:00","description":"Quick-Step Bloom vinyl flooring with Click system and integrated underlay, take out of the package and install!","breadcrumb":{"@id":"https:\/\/parketasala.lv\/en\/product\/vinyl-floor-quick-step-ciro-pure-oak-polar\/#breadcrumb"},"inLanguage":"en-US","potentialAction":[{"@type":"ReadAction","target":["https:\/\/parketasala.lv\/en\/product\/vinyl-floor-quick-step-ciro-pure-oak-polar\/"]}]},{"@type":"ImageObject","inLanguage":"en-US","@id":"https:\/\/parketasala.lv\/en\/product\/vinyl-floor-quick-step-ciro-pure-oak-polar\/#primaryimage","url":"https:\/\/parketasala.lv\/wp-content\/uploads\/2024\/10\/Quick-Step-Ciro-AVHBU40361_Topshot_Herringbone.jpg","contentUrl":"https:\/\/parketasala.lv\/wp-content\/uploads\/2024\/10\/Quick-Step-Ciro-AVHBU40361_Topshot_Herringbone.jpg","width":1704,"height":2272,"caption":"Vinyl floor Quick Step CIRO AVHBU40361"},{"@type":"BreadcrumbList","@id":"https:\/\/parketasala.lv\/en\/product\/vinyl-floor-quick-step-ciro-pure-oak-polar\/#breadcrumb","itemListElement":[{"@type":"ListItem","position":1,"name":"Home","item":"https:\/\/parketasala.lv\/en\/home\/"},{"@type":"ListItem","position":2,"name":"Shop","item":"https:\/\/parketasala.lv\/en\/shop\/"},{"@type":"ListItem","position":3,"name":"Vinyl floor Quick-Step CIRO Pure oak polar"}]},{"@type":"WebSite","@id":"https:\/\/parketasala.lv\/en\/#website","url":"https:\/\/parketasala.lv\/en\/","name":"Parketa Sala","description":"Pla&scaron;s lamin\u0101ta, vinila, parketa un kor\u0137a gr\u012bdu kl\u0101sts","publisher":{"@id":"https:\/\/parketasala.lv\/en\/#organization"},"potentialAction":[{"@type":"SearchAction","target":{"@type":"EntryPoint","urlTemplate":"https:\/\/parketasala.lv\/en\/?s={search_term_string}"},"query-input":{"@type":"PropertyValueSpecification","valueRequired":true,"valueName":"search_term_string"}}],"inLanguage":"en-US"},{"@type":"Organization","@id":"https:\/\/parketasala.lv\/en\/#organization","name":"Parketa Sala","url":"https:\/\/parketasala.lv\/en\/","logo":{"@type":"ImageObject","inLanguage":"en-US","@id":"https:\/\/parketasala.lv\/en\/#\/schema\/logo\/image\/","url":"https:\/\/parketasala.lv\/wp-content\/uploads\/2019\/12\/Logo-x3.png","contentUrl":"https:\/\/parketasala.lv\/wp-content\/uploads\/2019\/12\/Logo-x3.png","width":660,"height":137,"caption":"Parketa Sala"},"image":{"@id":"https:\/\/parketasala.lv\/en\/#\/schema\/logo\/image\/"},"sameAs":["https:\/\/www.facebook.com\/parketasala\/","https:\/\/www.instagram.com\/parketasala\/"]}]}},"_links":{"self":[{"href":"https:\/\/parketasala.lv\/en\/wp-json\/wp\/v2\/product\/23781","targetHints":{"allow":["GET"]}}],"collection":[{"href":"https:\/\/parketasala.lv\/en\/wp-json\/wp\/v2\/product"}],"about":[{"href":"https:\/\/parketasala.lv\/en\/wp-json\/wp\/v2\/types\/product"}],"wp:featuredmedia":[{"embeddable":true,"href":"https:\/\/parketasala.lv\/en\/wp-json\/wp\/v2\/media\/20586"}],"wp:attachment":[{"href":"https:\/\/parketasala.lv\/en\/wp-json\/wp\/v2\/media?parent=23781"}],"wp:term":[{"taxonomy":"product_brand","embeddable":true,"href":"https:\/\/parketasala.lv\/en\/wp-json\/wp\/v2\/product_brand?post=23781"},{"taxonomy":"product_cat","embeddable":true,"href":"https:\/\/parketasala.lv\/en\/wp-json\/wp\/v2\/product_cat?post=23781"},{"taxonomy":"product_tag","embeddable":true,"href":"https:\/\/parketasala.lv\/en\/wp-json\/wp\/v2\/product_tag?post=23781"}],"curies":[{"name":"wp","href":"https:\/\/api.w.org\/{rel}","templated":true}]}}