{"id":23766,"date":"2024-11-13T13:14:42","date_gmt":"2024-11-13T13:14:42","guid":{"rendered":"https:\/\/parketasala.lv\/product\/smartfinish-versasound-2mm\/"},"modified":"2025-03-21T08:51:18","modified_gmt":"2025-03-21T08:51:18","slug":"smartfinish-versasound-2mm","status":"publish","type":"product","link":"https:\/\/parketasala.lv\/en\/product\/smartfinish-versasound-2mm\/","title":{"rendered":"SmartFinish Versasound 2mm"},"content":{"rendered":"<p>Versasound underlay is designed for installation under laminate and parquet on flat concrete and underfloor heating. Provides excellent step noise attenuation and low thermal resistance when used on heated floors. The underlay has an embedded polyethylene film layer which prevents the possible effects of moisture on the floor covering.  <\/p>\n<h4><\/h4>\n<p>Versasound retains its properties over time and does not shrink like polyethylene and other similar underlayers.<\/p>\n<p>&nbsp;<\/p>\n","protected":false},"excerpt":{"rendered":"<p>Versasound underlay is designed for installation under laminate and parquet on flat concrete and underfloor heating. Provides excellent step noise attenuation and low thermal resistance when used on heated floors. The underlay has an embedded polyethylene film layer which prevents the possible effects of moisture on the floor covering. Versasound retains its properties over time [&hellip;]<\/p>\n","protected":false},"featured_media":20772,"template":"","meta":{"_acf_changed":false},"product_brand":[],"product_cat":[424,507],"product_tag":[],"class_list":{"0":"post-23766","1":"product","2":"type-product","3":"status-publish","4":"has-post-thumbnail","6":"product_cat-accessories","7":"product_cat-underlayers","9":"first","10":"instock","11":"taxable","12":"shipping-taxable","13":"purchasable","14":"product-type-simple"},"acf":[],"yoast_head":"<!-- This site is optimized with the Yoast SEO plugin v27.3 - https:\/\/yoast.com\/product\/yoast-seo-wordpress\/ -->\n<title>SmartFinish Versasound 2mm &#8211; Parketa Sala<\/title>\n<meta name=\"robots\" content=\"index,follow\" \/>\n<link rel=\"canonical\" href=\"https:\/\/parketasala.lv\/en\/product\/smartfinish-versasound-2mm\/\" \/>\n<meta property=\"og:locale\" content=\"en_US\" \/>\n<meta property=\"og:type\" content=\"article\" \/>\n<meta property=\"og:title\" content=\"SmartFinish Versasound 2mm &#8211; Parketa Sala\" \/>\n<meta property=\"og:description\" content=\"Versasound underlay is designed for installation under laminate and parquet on flat concrete and underfloor heating. Provides excellent step noise attenuation and low thermal resistance when used on heated floors. The underlay has an embedded polyethylene film layer which prevents the possible effects of moisture on the floor covering. Versasound retains its properties over time [&hellip;]\" \/>\n<meta property=\"og:url\" content=\"https:\/\/parketasala.lv\/en\/product\/smartfinish-versasound-2mm\/\" \/>\n<meta property=\"og:site_name\" content=\"Parketa Sala\" \/>\n<meta property=\"article:publisher\" content=\"https:\/\/www.facebook.com\/parketasala\/\" \/>\n<meta property=\"article:modified_time\" content=\"2025-03-21T08:51:18+00:00\" \/>\n<meta property=\"og:image\" content=\"https:\/\/parketasala.lv\/wp-content\/uploads\/2024\/11\/Apaksklajs_Versasound.jpg\" \/>\n\t<meta property=\"og:image:width\" content=\"1920\" \/>\n\t<meta property=\"og:image:height\" content=\"1352\" \/>\n\t<meta property=\"og:image:type\" content=\"image\/jpeg\" \/>\n<meta name=\"twitter:card\" content=\"summary_large_image\" \/>\n<script type=\"application\/ld+json\" class=\"yoast-schema-graph\">{\"@context\":\"https:\\\/\\\/schema.org\",\"@graph\":[{\"@type\":\"WebPage\",\"@id\":\"https:\\\/\\\/parketasala.lv\\\/en\\\/product\\\/smartfinish-versasound-2mm\\\/\",\"url\":\"https:\\\/\\\/parketasala.lv\\\/en\\\/product\\\/smartfinish-versasound-2mm\\\/\",\"name\":\"SmartFinish Versasound 2mm &#8211; Parketa Sala\",\"isPartOf\":{\"@id\":\"https:\\\/\\\/parketasala.lv\\\/en\\\/#website\"},\"primaryImageOfPage\":{\"@id\":\"https:\\\/\\\/parketasala.lv\\\/en\\\/product\\\/smartfinish-versasound-2mm\\\/#primaryimage\"},\"image\":{\"@id\":\"https:\\\/\\\/parketasala.lv\\\/en\\\/product\\\/smartfinish-versasound-2mm\\\/#primaryimage\"},\"thumbnailUrl\":\"https:\\\/\\\/parketasala.lv\\\/wp-content\\\/uploads\\\/2024\\\/11\\\/Apaksklajs_Versasound.jpg\",\"datePublished\":\"2024-11-13T13:14:42+00:00\",\"dateModified\":\"2025-03-21T08:51:18+00:00\",\"breadcrumb\":{\"@id\":\"https:\\\/\\\/parketasala.lv\\\/en\\\/product\\\/smartfinish-versasound-2mm\\\/#breadcrumb\"},\"inLanguage\":\"en-US\",\"potentialAction\":[{\"@type\":\"ReadAction\",\"target\":[\"https:\\\/\\\/parketasala.lv\\\/en\\\/product\\\/smartfinish-versasound-2mm\\\/\"]}]},{\"@type\":\"ImageObject\",\"inLanguage\":\"en-US\",\"@id\":\"https:\\\/\\\/parketasala.lv\\\/en\\\/product\\\/smartfinish-versasound-2mm\\\/#primaryimage\",\"url\":\"https:\\\/\\\/parketasala.lv\\\/wp-content\\\/uploads\\\/2024\\\/11\\\/Apaksklajs_Versasound.jpg\",\"contentUrl\":\"https:\\\/\\\/parketasala.lv\\\/wp-content\\\/uploads\\\/2024\\\/11\\\/Apaksklajs_Versasound.jpg\",\"width\":1920,\"height\":1352,\"caption\":\"sound-insulating-underlay-versasound-for-warm-and-concrete-floors\"},{\"@type\":\"BreadcrumbList\",\"@id\":\"https:\\\/\\\/parketasala.lv\\\/en\\\/product\\\/smartfinish-versasound-2mm\\\/#breadcrumb\",\"itemListElement\":[{\"@type\":\"ListItem\",\"position\":1,\"name\":\"Home\",\"item\":\"https:\\\/\\\/parketasala.lv\\\/en\\\/home\\\/\"},{\"@type\":\"ListItem\",\"position\":2,\"name\":\"Shop\",\"item\":\"https:\\\/\\\/parketasala.lv\\\/en\\\/shop\\\/\"},{\"@type\":\"ListItem\",\"position\":3,\"name\":\"SmartFinish Versasound 2mm\"}]},{\"@type\":\"WebSite\",\"@id\":\"https:\\\/\\\/parketasala.lv\\\/en\\\/#website\",\"url\":\"https:\\\/\\\/parketasala.lv\\\/en\\\/\",\"name\":\"Parketa Sala\",\"description\":\"Pla&scaron;s lamin\u0101ta, vinila, parketa un kor\u0137a gr\u012bdu kl\u0101sts\",\"publisher\":{\"@id\":\"https:\\\/\\\/parketasala.lv\\\/en\\\/#organization\"},\"potentialAction\":[{\"@type\":\"SearchAction\",\"target\":{\"@type\":\"EntryPoint\",\"urlTemplate\":\"https:\\\/\\\/parketasala.lv\\\/en\\\/?s={search_term_string}\"},\"query-input\":{\"@type\":\"PropertyValueSpecification\",\"valueRequired\":true,\"valueName\":\"search_term_string\"}}],\"inLanguage\":\"en-US\"},{\"@type\":\"Organization\",\"@id\":\"https:\\\/\\\/parketasala.lv\\\/en\\\/#organization\",\"name\":\"Parketa Sala\",\"url\":\"https:\\\/\\\/parketasala.lv\\\/en\\\/\",\"logo\":{\"@type\":\"ImageObject\",\"inLanguage\":\"en-US\",\"@id\":\"https:\\\/\\\/parketasala.lv\\\/en\\\/#\\\/schema\\\/logo\\\/image\\\/\",\"url\":\"https:\\\/\\\/parketasala.lv\\\/wp-content\\\/uploads\\\/2019\\\/12\\\/Logo-x3.png\",\"contentUrl\":\"https:\\\/\\\/parketasala.lv\\\/wp-content\\\/uploads\\\/2019\\\/12\\\/Logo-x3.png\",\"width\":660,\"height\":137,\"caption\":\"Parketa Sala\"},\"image\":{\"@id\":\"https:\\\/\\\/parketasala.lv\\\/en\\\/#\\\/schema\\\/logo\\\/image\\\/\"},\"sameAs\":[\"https:\\\/\\\/www.facebook.com\\\/parketasala\\\/\",\"https:\\\/\\\/www.instagram.com\\\/parketasala\\\/\"]}]}<\/script>\n<!-- \/ Yoast SEO plugin. -->","yoast_head_json":{"title":"SmartFinish Versasound 2mm &#8211; Parketa Sala","robots":{"index,follow":"index,follow"},"canonical":"https:\/\/parketasala.lv\/en\/product\/smartfinish-versasound-2mm\/","og_locale":"en_US","og_type":"article","og_title":"SmartFinish Versasound 2mm &#8211; Parketa Sala","og_description":"Versasound underlay is designed for installation under laminate and parquet on flat concrete and underfloor heating. Provides excellent step noise attenuation and low thermal resistance when used on heated floors. The underlay has an embedded polyethylene film layer which prevents the possible effects of moisture on the floor covering. Versasound retains its properties over time [&hellip;]","og_url":"https:\/\/parketasala.lv\/en\/product\/smartfinish-versasound-2mm\/","og_site_name":"Parketa Sala","article_publisher":"https:\/\/www.facebook.com\/parketasala\/","article_modified_time":"2025-03-21T08:51:18+00:00","og_image":[{"width":1920,"height":1352,"url":"https:\/\/parketasala.lv\/wp-content\/uploads\/2024\/11\/Apaksklajs_Versasound.jpg","type":"image\/jpeg"}],"twitter_card":"summary_large_image","schema":{"@context":"https:\/\/schema.org","@graph":[{"@type":"WebPage","@id":"https:\/\/parketasala.lv\/en\/product\/smartfinish-versasound-2mm\/","url":"https:\/\/parketasala.lv\/en\/product\/smartfinish-versasound-2mm\/","name":"SmartFinish Versasound 2mm &#8211; Parketa Sala","isPartOf":{"@id":"https:\/\/parketasala.lv\/en\/#website"},"primaryImageOfPage":{"@id":"https:\/\/parketasala.lv\/en\/product\/smartfinish-versasound-2mm\/#primaryimage"},"image":{"@id":"https:\/\/parketasala.lv\/en\/product\/smartfinish-versasound-2mm\/#primaryimage"},"thumbnailUrl":"https:\/\/parketasala.lv\/wp-content\/uploads\/2024\/11\/Apaksklajs_Versasound.jpg","datePublished":"2024-11-13T13:14:42+00:00","dateModified":"2025-03-21T08:51:18+00:00","breadcrumb":{"@id":"https:\/\/parketasala.lv\/en\/product\/smartfinish-versasound-2mm\/#breadcrumb"},"inLanguage":"en-US","potentialAction":[{"@type":"ReadAction","target":["https:\/\/parketasala.lv\/en\/product\/smartfinish-versasound-2mm\/"]}]},{"@type":"ImageObject","inLanguage":"en-US","@id":"https:\/\/parketasala.lv\/en\/product\/smartfinish-versasound-2mm\/#primaryimage","url":"https:\/\/parketasala.lv\/wp-content\/uploads\/2024\/11\/Apaksklajs_Versasound.jpg","contentUrl":"https:\/\/parketasala.lv\/wp-content\/uploads\/2024\/11\/Apaksklajs_Versasound.jpg","width":1920,"height":1352,"caption":"sound-insulating-underlay-versasound-for-warm-and-concrete-floors"},{"@type":"BreadcrumbList","@id":"https:\/\/parketasala.lv\/en\/product\/smartfinish-versasound-2mm\/#breadcrumb","itemListElement":[{"@type":"ListItem","position":1,"name":"Home","item":"https:\/\/parketasala.lv\/en\/home\/"},{"@type":"ListItem","position":2,"name":"Shop","item":"https:\/\/parketasala.lv\/en\/shop\/"},{"@type":"ListItem","position":3,"name":"SmartFinish Versasound 2mm"}]},{"@type":"WebSite","@id":"https:\/\/parketasala.lv\/en\/#website","url":"https:\/\/parketasala.lv\/en\/","name":"Parketa Sala","description":"Pla&scaron;s lamin\u0101ta, vinila, parketa un kor\u0137a gr\u012bdu kl\u0101sts","publisher":{"@id":"https:\/\/parketasala.lv\/en\/#organization"},"potentialAction":[{"@type":"SearchAction","target":{"@type":"EntryPoint","urlTemplate":"https:\/\/parketasala.lv\/en\/?s={search_term_string}"},"query-input":{"@type":"PropertyValueSpecification","valueRequired":true,"valueName":"search_term_string"}}],"inLanguage":"en-US"},{"@type":"Organization","@id":"https:\/\/parketasala.lv\/en\/#organization","name":"Parketa Sala","url":"https:\/\/parketasala.lv\/en\/","logo":{"@type":"ImageObject","inLanguage":"en-US","@id":"https:\/\/parketasala.lv\/en\/#\/schema\/logo\/image\/","url":"https:\/\/parketasala.lv\/wp-content\/uploads\/2019\/12\/Logo-x3.png","contentUrl":"https:\/\/parketasala.lv\/wp-content\/uploads\/2019\/12\/Logo-x3.png","width":660,"height":137,"caption":"Parketa Sala"},"image":{"@id":"https:\/\/parketasala.lv\/en\/#\/schema\/logo\/image\/"},"sameAs":["https:\/\/www.facebook.com\/parketasala\/","https:\/\/www.instagram.com\/parketasala\/"]}]}},"_links":{"self":[{"href":"https:\/\/parketasala.lv\/en\/wp-json\/wp\/v2\/product\/23766","targetHints":{"allow":["GET"]}}],"collection":[{"href":"https:\/\/parketasala.lv\/en\/wp-json\/wp\/v2\/product"}],"about":[{"href":"https:\/\/parketasala.lv\/en\/wp-json\/wp\/v2\/types\/product"}],"wp:featuredmedia":[{"embeddable":true,"href":"https:\/\/parketasala.lv\/en\/wp-json\/wp\/v2\/media\/20772"}],"wp:attachment":[{"href":"https:\/\/parketasala.lv\/en\/wp-json\/wp\/v2\/media?parent=23766"}],"wp:term":[{"taxonomy":"product_brand","embeddable":true,"href":"https:\/\/parketasala.lv\/en\/wp-json\/wp\/v2\/product_brand?post=23766"},{"taxonomy":"product_cat","embeddable":true,"href":"https:\/\/parketasala.lv\/en\/wp-json\/wp\/v2\/product_cat?post=23766"},{"taxonomy":"product_tag","embeddable":true,"href":"https:\/\/parketasala.lv\/en\/wp-json\/wp\/v2\/product_tag?post=23766"}],"curies":[{"name":"wp","href":"https:\/\/api.w.org\/{rel}","templated":true}]}}