{"id":23738,"date":"2025-01-15T10:32:17","date_gmt":"2025-01-15T10:32:17","guid":{"rendered":"https:\/\/parketasala.lv\/product\/designer-vinyl-floor-moduleo-moods-hexagon-sierra-oak-58876\/"},"modified":"2025-03-21T08:50:07","modified_gmt":"2025-03-21T08:50:07","slug":"designer-vinyl-floor-moduleo-moods-hexagon-sierra-oak-58876","status":"publish","type":"product","link":"https:\/\/parketasala.lv\/en\/product\/designer-vinyl-floor-moduleo-moods-hexagon-sierra-oak-58876\/","title":{"rendered":"Designer vinyl floor Moduleo Moods Hexagon Sierra Oak 58876"},"content":{"rendered":"<p>The Moods collection is a creatively designed vinyl floor with lively patterns in different geometric shapes, available in both wood and stone decors, as well as soft pastel shades. The result is a unique floor with a distinctive style and personality. And like all Moduleo vinyl floors, it&#8217;s beautiful, practical and durable.  <\/p>\n<h4><\/h4>\n<p>Hexagon &#8211; a set of hexagonal-shaped wooden or tile decorations.<\/p>\n<h5><\/h5>\n<p>This decor can be used in combination with <a href=\"https:\/\/parketasala.lv\/en\/product\/designer-vinyl-floor-moduleo-moods-hexagon-cluster-622\/\">Hexagon Cluster 622<\/a> or with other decors from the Moods collection as desired. <\/p>\n<h5><\/h5>\n<p>Explore more about <a href=\"https:\/\/www.moduleo.com\/en-gb\/luxury-vinyl-flooring\/collections\/moods\">Moods vinyl floors<\/a>.<\/p>\n<h5><\/h5>\n<p>Moods vinyl flooring is most conveniently glued using <a href=\"https:\/\/parketasala.lv\/en\/product\/xtrafloor-flex-pro-underlay\/\">Xtrafloor Flex Pro self-adhesive underlay for vinyl floors .<\/a><\/p>\n","protected":false},"excerpt":{"rendered":"<p>The Moods collection is a creatively designed vinyl floor with lively patterns in different geometric shapes, available in both wood and stone decors, as well as soft pastel shades. The result is a unique floor with a distinctive style and personality. And like all Moduleo vinyl floors, it&#8217;s beautiful, practical and durable. Hexagon &#8211; a [&hellip;]<\/p>\n","protected":false},"featured_media":21005,"template":"","meta":{"_acf_changed":false},"product_brand":[],"product_cat":[470,572,469,467,468],"product_tag":[],"class_list":{"0":"post-23738","1":"product","2":"type-product","3":"status-publish","4":"has-post-thumbnail","6":"product_cat-moduleo","7":"product_cat-special-designs","8":"product_cat-to-be-downloaded-at","9":"product_cat-vinyl-flooring","10":"product_cat-wooden-design-en","12":"first","13":"onbackorder","14":"taxable","15":"shipping-taxable","16":"purchasable","17":"product-type-simple"},"acf":[],"yoast_head":"<!-- This site is optimized with the Yoast SEO plugin v27.3 - https:\/\/yoast.com\/product\/yoast-seo-wordpress\/ -->\n<title>Designer vinyl floor Moduleo Moods Hexagon Sierra Oak 58876 &#8211; Parketa Sala<\/title>\n<meta name=\"robots\" content=\"index,follow\" \/>\n<link rel=\"canonical\" href=\"https:\/\/parketasala.lv\/en\/product\/designer-vinyl-floor-moduleo-moods-hexagon-sierra-oak-58876\/\" \/>\n<meta property=\"og:locale\" content=\"en_US\" \/>\n<meta property=\"og:type\" content=\"article\" \/>\n<meta property=\"og:title\" content=\"Designer vinyl floor Moduleo Moods Hexagon Sierra Oak 58876 &#8211; Parketa Sala\" \/>\n<meta property=\"og:description\" content=\"The Moods collection is a creatively designed vinyl floor with lively patterns in different geometric shapes, available in both wood and stone decors, as well as soft pastel shades. The result is a unique floor with a distinctive style and personality. And like all Moduleo vinyl floors, it&#8217;s beautiful, practical and durable. Hexagon &#8211; a [&hellip;]\" \/>\n<meta property=\"og:url\" content=\"https:\/\/parketasala.lv\/en\/product\/designer-vinyl-floor-moduleo-moods-hexagon-sierra-oak-58876\/\" \/>\n<meta property=\"og:site_name\" content=\"Parketa Sala\" \/>\n<meta property=\"article:publisher\" content=\"https:\/\/www.facebook.com\/parketasala\/\" \/>\n<meta property=\"article:modified_time\" content=\"2025-03-21T08:50:07+00:00\" \/>\n<meta property=\"og:image\" content=\"https:\/\/parketasala.lv\/wp-content\/uploads\/2025\/01\/Sierra-Oak-58876.jpeg\" \/>\n\t<meta property=\"og:image:width\" content=\"1280\" \/>\n\t<meta property=\"og:image:height\" content=\"863\" \/>\n\t<meta property=\"og:image:type\" content=\"image\/jpeg\" \/>\n<meta name=\"twitter:card\" content=\"summary_large_image\" \/>\n<meta name=\"twitter:label1\" content=\"Est. reading time\" \/>\n\t<meta name=\"twitter:data1\" content=\"1 minute\" \/>\n<script type=\"application\/ld+json\" class=\"yoast-schema-graph\">{\"@context\":\"https:\\\/\\\/schema.org\",\"@graph\":[{\"@type\":\"WebPage\",\"@id\":\"https:\\\/\\\/parketasala.lv\\\/en\\\/product\\\/designer-vinyl-floor-moduleo-moods-hexagon-sierra-oak-58876\\\/\",\"url\":\"https:\\\/\\\/parketasala.lv\\\/en\\\/product\\\/designer-vinyl-floor-moduleo-moods-hexagon-sierra-oak-58876\\\/\",\"name\":\"Designer vinyl floor Moduleo Moods Hexagon Sierra Oak 58876 &#8211; Parketa Sala\",\"isPartOf\":{\"@id\":\"https:\\\/\\\/parketasala.lv\\\/en\\\/#website\"},\"primaryImageOfPage\":{\"@id\":\"https:\\\/\\\/parketasala.lv\\\/en\\\/product\\\/designer-vinyl-floor-moduleo-moods-hexagon-sierra-oak-58876\\\/#primaryimage\"},\"image\":{\"@id\":\"https:\\\/\\\/parketasala.lv\\\/en\\\/product\\\/designer-vinyl-floor-moduleo-moods-hexagon-sierra-oak-58876\\\/#primaryimage\"},\"thumbnailUrl\":\"https:\\\/\\\/parketasala.lv\\\/wp-content\\\/uploads\\\/2025\\\/01\\\/Sierra-Oak-58876.jpeg\",\"datePublished\":\"2025-01-15T10:32:17+00:00\",\"dateModified\":\"2025-03-21T08:50:07+00:00\",\"breadcrumb\":{\"@id\":\"https:\\\/\\\/parketasala.lv\\\/en\\\/product\\\/designer-vinyl-floor-moduleo-moods-hexagon-sierra-oak-58876\\\/#breadcrumb\"},\"inLanguage\":\"en-US\",\"potentialAction\":[{\"@type\":\"ReadAction\",\"target\":[\"https:\\\/\\\/parketasala.lv\\\/en\\\/product\\\/designer-vinyl-floor-moduleo-moods-hexagon-sierra-oak-58876\\\/\"]}]},{\"@type\":\"ImageObject\",\"inLanguage\":\"en-US\",\"@id\":\"https:\\\/\\\/parketasala.lv\\\/en\\\/product\\\/designer-vinyl-floor-moduleo-moods-hexagon-sierra-oak-58876\\\/#primaryimage\",\"url\":\"https:\\\/\\\/parketasala.lv\\\/wp-content\\\/uploads\\\/2025\\\/01\\\/Sierra-Oak-58876.jpeg\",\"contentUrl\":\"https:\\\/\\\/parketasala.lv\\\/wp-content\\\/uploads\\\/2025\\\/01\\\/Sierra-Oak-58876.jpeg\",\"width\":1280,\"height\":863,\"caption\":\"limeyama-vinyl-grida-moduleo-moods-hexagon-mono-612\"},{\"@type\":\"BreadcrumbList\",\"@id\":\"https:\\\/\\\/parketasala.lv\\\/en\\\/product\\\/designer-vinyl-floor-moduleo-moods-hexagon-sierra-oak-58876\\\/#breadcrumb\",\"itemListElement\":[{\"@type\":\"ListItem\",\"position\":1,\"name\":\"Home\",\"item\":\"https:\\\/\\\/parketasala.lv\\\/en\\\/home\\\/\"},{\"@type\":\"ListItem\",\"position\":2,\"name\":\"Shop\",\"item\":\"https:\\\/\\\/parketasala.lv\\\/en\\\/shop\\\/\"},{\"@type\":\"ListItem\",\"position\":3,\"name\":\"Designer vinyl floor Moduleo Moods Hexagon Sierra Oak 58876\"}]},{\"@type\":\"WebSite\",\"@id\":\"https:\\\/\\\/parketasala.lv\\\/en\\\/#website\",\"url\":\"https:\\\/\\\/parketasala.lv\\\/en\\\/\",\"name\":\"Parketa Sala\",\"description\":\"Pla&scaron;s lamin\u0101ta, vinila, parketa un kor\u0137a gr\u012bdu kl\u0101sts\",\"publisher\":{\"@id\":\"https:\\\/\\\/parketasala.lv\\\/en\\\/#organization\"},\"potentialAction\":[{\"@type\":\"SearchAction\",\"target\":{\"@type\":\"EntryPoint\",\"urlTemplate\":\"https:\\\/\\\/parketasala.lv\\\/en\\\/?s={search_term_string}\"},\"query-input\":{\"@type\":\"PropertyValueSpecification\",\"valueRequired\":true,\"valueName\":\"search_term_string\"}}],\"inLanguage\":\"en-US\"},{\"@type\":\"Organization\",\"@id\":\"https:\\\/\\\/parketasala.lv\\\/en\\\/#organization\",\"name\":\"Parketa Sala\",\"url\":\"https:\\\/\\\/parketasala.lv\\\/en\\\/\",\"logo\":{\"@type\":\"ImageObject\",\"inLanguage\":\"en-US\",\"@id\":\"https:\\\/\\\/parketasala.lv\\\/en\\\/#\\\/schema\\\/logo\\\/image\\\/\",\"url\":\"https:\\\/\\\/parketasala.lv\\\/wp-content\\\/uploads\\\/2019\\\/12\\\/Logo-x3.png\",\"contentUrl\":\"https:\\\/\\\/parketasala.lv\\\/wp-content\\\/uploads\\\/2019\\\/12\\\/Logo-x3.png\",\"width\":660,\"height\":137,\"caption\":\"Parketa Sala\"},\"image\":{\"@id\":\"https:\\\/\\\/parketasala.lv\\\/en\\\/#\\\/schema\\\/logo\\\/image\\\/\"},\"sameAs\":[\"https:\\\/\\\/www.facebook.com\\\/parketasala\\\/\",\"https:\\\/\\\/www.instagram.com\\\/parketasala\\\/\"]}]}<\/script>\n<!-- \/ Yoast SEO plugin. -->","yoast_head_json":{"title":"Designer vinyl floor Moduleo Moods Hexagon Sierra Oak 58876 &#8211; Parketa Sala","robots":{"index,follow":"index,follow"},"canonical":"https:\/\/parketasala.lv\/en\/product\/designer-vinyl-floor-moduleo-moods-hexagon-sierra-oak-58876\/","og_locale":"en_US","og_type":"article","og_title":"Designer vinyl floor Moduleo Moods Hexagon Sierra Oak 58876 &#8211; Parketa Sala","og_description":"The Moods collection is a creatively designed vinyl floor with lively patterns in different geometric shapes, available in both wood and stone decors, as well as soft pastel shades. The result is a unique floor with a distinctive style and personality. And like all Moduleo vinyl floors, it&#8217;s beautiful, practical and durable. Hexagon &#8211; a [&hellip;]","og_url":"https:\/\/parketasala.lv\/en\/product\/designer-vinyl-floor-moduleo-moods-hexagon-sierra-oak-58876\/","og_site_name":"Parketa Sala","article_publisher":"https:\/\/www.facebook.com\/parketasala\/","article_modified_time":"2025-03-21T08:50:07+00:00","og_image":[{"width":1280,"height":863,"url":"https:\/\/parketasala.lv\/wp-content\/uploads\/2025\/01\/Sierra-Oak-58876.jpeg","type":"image\/jpeg"}],"twitter_card":"summary_large_image","twitter_misc":{"Est. reading time":"1 minute"},"schema":{"@context":"https:\/\/schema.org","@graph":[{"@type":"WebPage","@id":"https:\/\/parketasala.lv\/en\/product\/designer-vinyl-floor-moduleo-moods-hexagon-sierra-oak-58876\/","url":"https:\/\/parketasala.lv\/en\/product\/designer-vinyl-floor-moduleo-moods-hexagon-sierra-oak-58876\/","name":"Designer vinyl floor Moduleo Moods Hexagon Sierra Oak 58876 &#8211; Parketa Sala","isPartOf":{"@id":"https:\/\/parketasala.lv\/en\/#website"},"primaryImageOfPage":{"@id":"https:\/\/parketasala.lv\/en\/product\/designer-vinyl-floor-moduleo-moods-hexagon-sierra-oak-58876\/#primaryimage"},"image":{"@id":"https:\/\/parketasala.lv\/en\/product\/designer-vinyl-floor-moduleo-moods-hexagon-sierra-oak-58876\/#primaryimage"},"thumbnailUrl":"https:\/\/parketasala.lv\/wp-content\/uploads\/2025\/01\/Sierra-Oak-58876.jpeg","datePublished":"2025-01-15T10:32:17+00:00","dateModified":"2025-03-21T08:50:07+00:00","breadcrumb":{"@id":"https:\/\/parketasala.lv\/en\/product\/designer-vinyl-floor-moduleo-moods-hexagon-sierra-oak-58876\/#breadcrumb"},"inLanguage":"en-US","potentialAction":[{"@type":"ReadAction","target":["https:\/\/parketasala.lv\/en\/product\/designer-vinyl-floor-moduleo-moods-hexagon-sierra-oak-58876\/"]}]},{"@type":"ImageObject","inLanguage":"en-US","@id":"https:\/\/parketasala.lv\/en\/product\/designer-vinyl-floor-moduleo-moods-hexagon-sierra-oak-58876\/#primaryimage","url":"https:\/\/parketasala.lv\/wp-content\/uploads\/2025\/01\/Sierra-Oak-58876.jpeg","contentUrl":"https:\/\/parketasala.lv\/wp-content\/uploads\/2025\/01\/Sierra-Oak-58876.jpeg","width":1280,"height":863,"caption":"limeyama-vinyl-grida-moduleo-moods-hexagon-mono-612"},{"@type":"BreadcrumbList","@id":"https:\/\/parketasala.lv\/en\/product\/designer-vinyl-floor-moduleo-moods-hexagon-sierra-oak-58876\/#breadcrumb","itemListElement":[{"@type":"ListItem","position":1,"name":"Home","item":"https:\/\/parketasala.lv\/en\/home\/"},{"@type":"ListItem","position":2,"name":"Shop","item":"https:\/\/parketasala.lv\/en\/shop\/"},{"@type":"ListItem","position":3,"name":"Designer vinyl floor Moduleo Moods Hexagon Sierra Oak 58876"}]},{"@type":"WebSite","@id":"https:\/\/parketasala.lv\/en\/#website","url":"https:\/\/parketasala.lv\/en\/","name":"Parketa Sala","description":"Pla&scaron;s lamin\u0101ta, vinila, parketa un kor\u0137a gr\u012bdu kl\u0101sts","publisher":{"@id":"https:\/\/parketasala.lv\/en\/#organization"},"potentialAction":[{"@type":"SearchAction","target":{"@type":"EntryPoint","urlTemplate":"https:\/\/parketasala.lv\/en\/?s={search_term_string}"},"query-input":{"@type":"PropertyValueSpecification","valueRequired":true,"valueName":"search_term_string"}}],"inLanguage":"en-US"},{"@type":"Organization","@id":"https:\/\/parketasala.lv\/en\/#organization","name":"Parketa Sala","url":"https:\/\/parketasala.lv\/en\/","logo":{"@type":"ImageObject","inLanguage":"en-US","@id":"https:\/\/parketasala.lv\/en\/#\/schema\/logo\/image\/","url":"https:\/\/parketasala.lv\/wp-content\/uploads\/2019\/12\/Logo-x3.png","contentUrl":"https:\/\/parketasala.lv\/wp-content\/uploads\/2019\/12\/Logo-x3.png","width":660,"height":137,"caption":"Parketa Sala"},"image":{"@id":"https:\/\/parketasala.lv\/en\/#\/schema\/logo\/image\/"},"sameAs":["https:\/\/www.facebook.com\/parketasala\/","https:\/\/www.instagram.com\/parketasala\/"]}]}},"_links":{"self":[{"href":"https:\/\/parketasala.lv\/en\/wp-json\/wp\/v2\/product\/23738","targetHints":{"allow":["GET"]}}],"collection":[{"href":"https:\/\/parketasala.lv\/en\/wp-json\/wp\/v2\/product"}],"about":[{"href":"https:\/\/parketasala.lv\/en\/wp-json\/wp\/v2\/types\/product"}],"wp:featuredmedia":[{"embeddable":true,"href":"https:\/\/parketasala.lv\/en\/wp-json\/wp\/v2\/media\/21005"}],"wp:attachment":[{"href":"https:\/\/parketasala.lv\/en\/wp-json\/wp\/v2\/media?parent=23738"}],"wp:term":[{"taxonomy":"product_brand","embeddable":true,"href":"https:\/\/parketasala.lv\/en\/wp-json\/wp\/v2\/product_brand?post=23738"},{"taxonomy":"product_cat","embeddable":true,"href":"https:\/\/parketasala.lv\/en\/wp-json\/wp\/v2\/product_cat?post=23738"},{"taxonomy":"product_tag","embeddable":true,"href":"https:\/\/parketasala.lv\/en\/wp-json\/wp\/v2\/product_tag?post=23738"}],"curies":[{"name":"wp","href":"https:\/\/api.w.org\/{rel}","templated":true}]}}