{"id":23560,"date":"2025-03-05T09:10:33","date_gmt":"2025-03-05T09:10:33","guid":{"rendered":"https:\/\/parketasala.lv\/product\/three-layer-parquet-boen-oak-honey-planks-138-mm-remainder\/"},"modified":"2025-06-10T14:59:41","modified_gmt":"2025-06-10T14:59:41","slug":"three-layer-parquet-boen-oak-honey-planks-138-mm-remainder","status":"publish","type":"product","link":"https:\/\/parketasala.lv\/en\/product\/three-layer-parquet-boen-oak-honey-planks-138-mm-remainder\/","title":{"rendered":"Three-layer parquet BOEN oak Honey Planks 138 mm (remainder)"},"content":{"rendered":"<p>BOEN Oak Honey Planks are three-layer parquet planks in maroon single strips.<\/p>\n<p>The parquet interconnects with the 5G Click system.<\/p>\n<p>Oiled with Live Natural oil. Brushed.<\/p>\n<h4>Sale of the remainder!!! Price valid only if you buy the entire remainder. 17,63 m2 available. <\/h4>\n","protected":false},"excerpt":{"rendered":"<p>BOEN Oak Honey Planks are three-layer parquet planks in maroon single strips. The parquet interconnects with the 5G Click system. Oiled with Live Natural oil. Brushed. Sale of the remainder!!! Price valid only if you buy the entire remainder. 17,63 m2 available.<\/p>\n","protected":false},"featured_media":21530,"template":"","meta":{"_acf_changed":false},"product_brand":[],"product_cat":[402],"product_tag":[],"class_list":{"0":"post-23560","1":"product","2":"type-product","3":"status-publish","4":"has-post-thumbnail","6":"product_cat-uncategorized","8":"first","9":"instock","10":"sale","11":"taxable","12":"shipping-taxable","13":"purchasable","14":"product-type-simple"},"acf":[],"yoast_head":"<!-- This site is optimized with the Yoast SEO plugin v27.3 - https:\/\/yoast.com\/product\/yoast-seo-wordpress\/ -->\n<title>Three-layer parquet BOEN oak Honey Planks 138 mm (remainder) &#8211; Parketa Sala<\/title>\n<meta name=\"robots\" content=\"index,follow\" \/>\n<link rel=\"canonical\" href=\"https:\/\/parketasala.lv\/en\/product\/three-layer-parquet-boen-oak-honey-planks-138-mm-remainder\/\" \/>\n<meta property=\"og:locale\" content=\"en_US\" \/>\n<meta property=\"og:type\" content=\"article\" \/>\n<meta property=\"og:title\" content=\"Three-layer parquet BOEN oak Honey Planks 138 mm (remainder) &#8211; Parketa Sala\" \/>\n<meta property=\"og:description\" content=\"BOEN Oak Honey Planks are three-layer parquet planks in maroon single strips. The parquet interconnects with the 5G Click system. Oiled with Live Natural oil. Brushed. Sale of the remainder!!! Price valid only if you buy the entire remainder. 17,63 m2 available.\" \/>\n<meta property=\"og:url\" content=\"https:\/\/parketasala.lv\/en\/product\/three-layer-parquet-boen-oak-honey-planks-138-mm-remainder\/\" \/>\n<meta property=\"og:site_name\" content=\"Parketa Sala\" \/>\n<meta property=\"article:publisher\" content=\"https:\/\/www.facebook.com\/parketasala\/\" \/>\n<meta property=\"article:modified_time\" content=\"2025-06-10T14:59:41+00:00\" \/>\n<meta property=\"og:image\" content=\"https:\/\/parketasala.lv\/wp-content\/uploads\/2025\/03\/Oak_Honey_138_mm_Plank.jpg\" \/>\n\t<meta property=\"og:image:width\" content=\"1358\" \/>\n\t<meta property=\"og:image:height\" content=\"1920\" \/>\n\t<meta property=\"og:image:type\" content=\"image\/jpeg\" \/>\n<meta name=\"twitter:card\" content=\"summary_large_image\" \/>\n<script type=\"application\/ld+json\" class=\"yoast-schema-graph\">{\"@context\":\"https:\\\/\\\/schema.org\",\"@graph\":[{\"@type\":\"WebPage\",\"@id\":\"https:\\\/\\\/parketasala.lv\\\/en\\\/product\\\/three-layer-parquet-boen-oak-honey-planks-138-mm-remainder\\\/\",\"url\":\"https:\\\/\\\/parketasala.lv\\\/en\\\/product\\\/three-layer-parquet-boen-oak-honey-planks-138-mm-remainder\\\/\",\"name\":\"Three-layer parquet BOEN oak Honey Planks 138 mm (remainder) &#8211; Parketa Sala\",\"isPartOf\":{\"@id\":\"https:\\\/\\\/parketasala.lv\\\/en\\\/#website\"},\"primaryImageOfPage\":{\"@id\":\"https:\\\/\\\/parketasala.lv\\\/en\\\/product\\\/three-layer-parquet-boen-oak-honey-planks-138-mm-remainder\\\/#primaryimage\"},\"image\":{\"@id\":\"https:\\\/\\\/parketasala.lv\\\/en\\\/product\\\/three-layer-parquet-boen-oak-honey-planks-138-mm-remainder\\\/#primaryimage\"},\"thumbnailUrl\":\"https:\\\/\\\/parketasala.lv\\\/wp-content\\\/uploads\\\/2025\\\/03\\\/Oak_Honey_138_mm_Plank.jpg\",\"datePublished\":\"2025-03-05T09:10:33+00:00\",\"dateModified\":\"2025-06-10T14:59:41+00:00\",\"breadcrumb\":{\"@id\":\"https:\\\/\\\/parketasala.lv\\\/en\\\/product\\\/three-layer-parquet-boen-oak-honey-planks-138-mm-remainder\\\/#breadcrumb\"},\"inLanguage\":\"en-US\",\"potentialAction\":[{\"@type\":\"ReadAction\",\"target\":[\"https:\\\/\\\/parketasala.lv\\\/en\\\/product\\\/three-layer-parquet-boen-oak-honey-planks-138-mm-remainder\\\/\"]}]},{\"@type\":\"ImageObject\",\"inLanguage\":\"en-US\",\"@id\":\"https:\\\/\\\/parketasala.lv\\\/en\\\/product\\\/three-layer-parquet-boen-oak-honey-planks-138-mm-remainder\\\/#primaryimage\",\"url\":\"https:\\\/\\\/parketasala.lv\\\/wp-content\\\/uploads\\\/2025\\\/03\\\/Oak_Honey_138_mm_Plank.jpg\",\"contentUrl\":\"https:\\\/\\\/parketasala.lv\\\/wp-content\\\/uploads\\\/2025\\\/03\\\/Oak_Honey_138_mm_Plank.jpg\",\"width\":1358,\"height\":1920,\"caption\":\"trisslan-boen-oak-honey-planks\"},{\"@type\":\"BreadcrumbList\",\"@id\":\"https:\\\/\\\/parketasala.lv\\\/en\\\/product\\\/three-layer-parquet-boen-oak-honey-planks-138-mm-remainder\\\/#breadcrumb\",\"itemListElement\":[{\"@type\":\"ListItem\",\"position\":1,\"name\":\"Home\",\"item\":\"https:\\\/\\\/parketasala.lv\\\/en\\\/home\\\/\"},{\"@type\":\"ListItem\",\"position\":2,\"name\":\"Shop\",\"item\":\"https:\\\/\\\/parketasala.lv\\\/en\\\/shop\\\/\"},{\"@type\":\"ListItem\",\"position\":3,\"name\":\"Three-layer parquet BOEN oak Honey Planks 138 mm (remainder)\"}]},{\"@type\":\"WebSite\",\"@id\":\"https:\\\/\\\/parketasala.lv\\\/en\\\/#website\",\"url\":\"https:\\\/\\\/parketasala.lv\\\/en\\\/\",\"name\":\"Parketa Sala\",\"description\":\"Pla&scaron;s lamin\u0101ta, vinila, parketa un kor\u0137a gr\u012bdu kl\u0101sts\",\"publisher\":{\"@id\":\"https:\\\/\\\/parketasala.lv\\\/en\\\/#organization\"},\"potentialAction\":[{\"@type\":\"SearchAction\",\"target\":{\"@type\":\"EntryPoint\",\"urlTemplate\":\"https:\\\/\\\/parketasala.lv\\\/en\\\/?s={search_term_string}\"},\"query-input\":{\"@type\":\"PropertyValueSpecification\",\"valueRequired\":true,\"valueName\":\"search_term_string\"}}],\"inLanguage\":\"en-US\"},{\"@type\":\"Organization\",\"@id\":\"https:\\\/\\\/parketasala.lv\\\/en\\\/#organization\",\"name\":\"Parketa Sala\",\"url\":\"https:\\\/\\\/parketasala.lv\\\/en\\\/\",\"logo\":{\"@type\":\"ImageObject\",\"inLanguage\":\"en-US\",\"@id\":\"https:\\\/\\\/parketasala.lv\\\/en\\\/#\\\/schema\\\/logo\\\/image\\\/\",\"url\":\"https:\\\/\\\/parketasala.lv\\\/wp-content\\\/uploads\\\/2019\\\/12\\\/Logo-x3.png\",\"contentUrl\":\"https:\\\/\\\/parketasala.lv\\\/wp-content\\\/uploads\\\/2019\\\/12\\\/Logo-x3.png\",\"width\":660,\"height\":137,\"caption\":\"Parketa Sala\"},\"image\":{\"@id\":\"https:\\\/\\\/parketasala.lv\\\/en\\\/#\\\/schema\\\/logo\\\/image\\\/\"},\"sameAs\":[\"https:\\\/\\\/www.facebook.com\\\/parketasala\\\/\",\"https:\\\/\\\/www.instagram.com\\\/parketasala\\\/\"]}]}<\/script>\n<!-- \/ Yoast SEO plugin. -->","yoast_head_json":{"title":"Three-layer parquet BOEN oak Honey Planks 138 mm (remainder) &#8211; Parketa Sala","robots":{"index,follow":"index,follow"},"canonical":"https:\/\/parketasala.lv\/en\/product\/three-layer-parquet-boen-oak-honey-planks-138-mm-remainder\/","og_locale":"en_US","og_type":"article","og_title":"Three-layer parquet BOEN oak Honey Planks 138 mm (remainder) &#8211; Parketa Sala","og_description":"BOEN Oak Honey Planks are three-layer parquet planks in maroon single strips. The parquet interconnects with the 5G Click system. Oiled with Live Natural oil. Brushed. Sale of the remainder!!! Price valid only if you buy the entire remainder. 17,63 m2 available.","og_url":"https:\/\/parketasala.lv\/en\/product\/three-layer-parquet-boen-oak-honey-planks-138-mm-remainder\/","og_site_name":"Parketa Sala","article_publisher":"https:\/\/www.facebook.com\/parketasala\/","article_modified_time":"2025-06-10T14:59:41+00:00","og_image":[{"width":1358,"height":1920,"url":"https:\/\/parketasala.lv\/wp-content\/uploads\/2025\/03\/Oak_Honey_138_mm_Plank.jpg","type":"image\/jpeg"}],"twitter_card":"summary_large_image","schema":{"@context":"https:\/\/schema.org","@graph":[{"@type":"WebPage","@id":"https:\/\/parketasala.lv\/en\/product\/three-layer-parquet-boen-oak-honey-planks-138-mm-remainder\/","url":"https:\/\/parketasala.lv\/en\/product\/three-layer-parquet-boen-oak-honey-planks-138-mm-remainder\/","name":"Three-layer parquet BOEN oak Honey Planks 138 mm (remainder) &#8211; Parketa Sala","isPartOf":{"@id":"https:\/\/parketasala.lv\/en\/#website"},"primaryImageOfPage":{"@id":"https:\/\/parketasala.lv\/en\/product\/three-layer-parquet-boen-oak-honey-planks-138-mm-remainder\/#primaryimage"},"image":{"@id":"https:\/\/parketasala.lv\/en\/product\/three-layer-parquet-boen-oak-honey-planks-138-mm-remainder\/#primaryimage"},"thumbnailUrl":"https:\/\/parketasala.lv\/wp-content\/uploads\/2025\/03\/Oak_Honey_138_mm_Plank.jpg","datePublished":"2025-03-05T09:10:33+00:00","dateModified":"2025-06-10T14:59:41+00:00","breadcrumb":{"@id":"https:\/\/parketasala.lv\/en\/product\/three-layer-parquet-boen-oak-honey-planks-138-mm-remainder\/#breadcrumb"},"inLanguage":"en-US","potentialAction":[{"@type":"ReadAction","target":["https:\/\/parketasala.lv\/en\/product\/three-layer-parquet-boen-oak-honey-planks-138-mm-remainder\/"]}]},{"@type":"ImageObject","inLanguage":"en-US","@id":"https:\/\/parketasala.lv\/en\/product\/three-layer-parquet-boen-oak-honey-planks-138-mm-remainder\/#primaryimage","url":"https:\/\/parketasala.lv\/wp-content\/uploads\/2025\/03\/Oak_Honey_138_mm_Plank.jpg","contentUrl":"https:\/\/parketasala.lv\/wp-content\/uploads\/2025\/03\/Oak_Honey_138_mm_Plank.jpg","width":1358,"height":1920,"caption":"trisslan-boen-oak-honey-planks"},{"@type":"BreadcrumbList","@id":"https:\/\/parketasala.lv\/en\/product\/three-layer-parquet-boen-oak-honey-planks-138-mm-remainder\/#breadcrumb","itemListElement":[{"@type":"ListItem","position":1,"name":"Home","item":"https:\/\/parketasala.lv\/en\/home\/"},{"@type":"ListItem","position":2,"name":"Shop","item":"https:\/\/parketasala.lv\/en\/shop\/"},{"@type":"ListItem","position":3,"name":"Three-layer parquet BOEN oak Honey Planks 138 mm (remainder)"}]},{"@type":"WebSite","@id":"https:\/\/parketasala.lv\/en\/#website","url":"https:\/\/parketasala.lv\/en\/","name":"Parketa Sala","description":"Pla&scaron;s lamin\u0101ta, vinila, parketa un kor\u0137a gr\u012bdu kl\u0101sts","publisher":{"@id":"https:\/\/parketasala.lv\/en\/#organization"},"potentialAction":[{"@type":"SearchAction","target":{"@type":"EntryPoint","urlTemplate":"https:\/\/parketasala.lv\/en\/?s={search_term_string}"},"query-input":{"@type":"PropertyValueSpecification","valueRequired":true,"valueName":"search_term_string"}}],"inLanguage":"en-US"},{"@type":"Organization","@id":"https:\/\/parketasala.lv\/en\/#organization","name":"Parketa Sala","url":"https:\/\/parketasala.lv\/en\/","logo":{"@type":"ImageObject","inLanguage":"en-US","@id":"https:\/\/parketasala.lv\/en\/#\/schema\/logo\/image\/","url":"https:\/\/parketasala.lv\/wp-content\/uploads\/2019\/12\/Logo-x3.png","contentUrl":"https:\/\/parketasala.lv\/wp-content\/uploads\/2019\/12\/Logo-x3.png","width":660,"height":137,"caption":"Parketa Sala"},"image":{"@id":"https:\/\/parketasala.lv\/en\/#\/schema\/logo\/image\/"},"sameAs":["https:\/\/www.facebook.com\/parketasala\/","https:\/\/www.instagram.com\/parketasala\/"]}]}},"_links":{"self":[{"href":"https:\/\/parketasala.lv\/en\/wp-json\/wp\/v2\/product\/23560","targetHints":{"allow":["GET"]}}],"collection":[{"href":"https:\/\/parketasala.lv\/en\/wp-json\/wp\/v2\/product"}],"about":[{"href":"https:\/\/parketasala.lv\/en\/wp-json\/wp\/v2\/types\/product"}],"wp:featuredmedia":[{"embeddable":true,"href":"https:\/\/parketasala.lv\/en\/wp-json\/wp\/v2\/media\/21530"}],"wp:attachment":[{"href":"https:\/\/parketasala.lv\/en\/wp-json\/wp\/v2\/media?parent=23560"}],"wp:term":[{"taxonomy":"product_brand","embeddable":true,"href":"https:\/\/parketasala.lv\/en\/wp-json\/wp\/v2\/product_brand?post=23560"},{"taxonomy":"product_cat","embeddable":true,"href":"https:\/\/parketasala.lv\/en\/wp-json\/wp\/v2\/product_cat?post=23560"},{"taxonomy":"product_tag","embeddable":true,"href":"https:\/\/parketasala.lv\/en\/wp-json\/wp\/v2\/product_tag?post=23560"}],"curies":[{"name":"wp","href":"https:\/\/api.w.org\/{rel}","templated":true}]}}