{"id":23543,"date":"2023-02-02T13:53:42","date_gmt":"2023-02-02T13:53:42","guid":{"rendered":"https:\/\/parketasala.lv\/product\/boen-floor-soap-1l\/"},"modified":"2025-03-21T08:42:42","modified_gmt":"2025-03-21T08:42:42","slug":"boen-floor-soap-1l","status":"publish","type":"product","link":"https:\/\/parketasala.lv\/en\/product\/boen-floor-soap-1l\/","title":{"rendered":"BOEN Floor Soap 1l"},"content":{"rendered":"<p>BOEN Floor Soap is a concentrated cleaner for daily cleaning of oiled parquet floors.<\/p>\n<h5><\/h5>\n<p>With regular use of Floor Soap, parquet becomes more resistant to stains and wear.<\/p>\n<h5><\/h5>\n<p>For cleaning stubborn stains and restoring the oil film, BOEN Oil Freshen Up is recommended. For a long-lasting oil film and if the newly laid parquet is to be used in high-use areas, it is recommended to coat the parquet with BOEN Natural Oil. <\/p>\n<h5><\/h5>\n<p>Consumption &#8211; 3 capfuls per 5 l of water. One pack can be used to wash approximately 200 m2 of parquet flooring at a time. <\/p>\n<p>&nbsp;<\/p>\n","protected":false},"excerpt":{"rendered":"<p>BOEN Floor Soap is a concentrated cleaner for daily cleaning of oiled parquet floors. With regular use of Floor Soap, parquet becomes more resistant to stains and wear. For cleaning stubborn stains and restoring the oil film, BOEN Oil Freshen Up is recommended. For a long-lasting oil film and if the newly laid parquet is [&hellip;]<\/p>\n","protected":false},"featured_media":19240,"template":"","meta":{"_acf_changed":false},"product_brand":[],"product_cat":[424,500],"product_tag":[],"class_list":{"0":"post-23543","1":"product","2":"type-product","3":"status-publish","4":"has-post-thumbnail","6":"product_cat-accessories","7":"product_cat-care-products","9":"first","10":"onbackorder","11":"taxable","12":"shipping-taxable","13":"purchasable","14":"product-type-simple"},"acf":[],"yoast_head":"<!-- This site is optimized with the Yoast SEO plugin v27.3 - https:\/\/yoast.com\/product\/yoast-seo-wordpress\/ -->\n<title>BOEN Floor Soap 1l &#8211; Parketa Sala<\/title>\n<meta name=\"robots\" content=\"index,follow\" \/>\n<link rel=\"canonical\" href=\"https:\/\/parketasala.lv\/en\/product\/boen-floor-soap-1l\/\" \/>\n<meta property=\"og:locale\" content=\"en_US\" \/>\n<meta property=\"og:type\" content=\"article\" \/>\n<meta property=\"og:title\" content=\"BOEN Floor Soap 1l &#8211; Parketa Sala\" \/>\n<meta property=\"og:description\" content=\"BOEN Floor Soap is a concentrated cleaner for daily cleaning of oiled parquet floors. With regular use of Floor Soap, parquet becomes more resistant to stains and wear. For cleaning stubborn stains and restoring the oil film, BOEN Oil Freshen Up is recommended. For a long-lasting oil film and if the newly laid parquet is [&hellip;]\" \/>\n<meta property=\"og:url\" content=\"https:\/\/parketasala.lv\/en\/product\/boen-floor-soap-1l\/\" \/>\n<meta property=\"og:site_name\" content=\"Parketa Sala\" \/>\n<meta property=\"article:publisher\" content=\"https:\/\/www.facebook.com\/parketasala\/\" \/>\n<meta property=\"article:modified_time\" content=\"2025-03-21T08:42:42+00:00\" \/>\n<meta property=\"og:image\" content=\"https:\/\/parketasala.lv\/wp-content\/uploads\/2023\/02\/BOEN-Floor-Soap.jpg\" \/>\n\t<meta property=\"og:image:width\" content=\"1500\" \/>\n\t<meta property=\"og:image:height\" content=\"1500\" \/>\n\t<meta property=\"og:image:type\" content=\"image\/jpeg\" \/>\n<meta name=\"twitter:card\" content=\"summary_large_image\" \/>\n<script type=\"application\/ld+json\" class=\"yoast-schema-graph\">{\"@context\":\"https:\\\/\\\/schema.org\",\"@graph\":[{\"@type\":\"WebPage\",\"@id\":\"https:\\\/\\\/parketasala.lv\\\/en\\\/product\\\/boen-floor-soap-1l\\\/\",\"url\":\"https:\\\/\\\/parketasala.lv\\\/en\\\/product\\\/boen-floor-soap-1l\\\/\",\"name\":\"BOEN Floor Soap 1l &#8211; Parketa Sala\",\"isPartOf\":{\"@id\":\"https:\\\/\\\/parketasala.lv\\\/en\\\/#website\"},\"primaryImageOfPage\":{\"@id\":\"https:\\\/\\\/parketasala.lv\\\/en\\\/product\\\/boen-floor-soap-1l\\\/#primaryimage\"},\"image\":{\"@id\":\"https:\\\/\\\/parketasala.lv\\\/en\\\/product\\\/boen-floor-soap-1l\\\/#primaryimage\"},\"thumbnailUrl\":\"https:\\\/\\\/parketasala.lv\\\/wp-content\\\/uploads\\\/2023\\\/02\\\/BOEN-Floor-Soap.jpg\",\"datePublished\":\"2023-02-02T13:53:42+00:00\",\"dateModified\":\"2025-03-21T08:42:42+00:00\",\"breadcrumb\":{\"@id\":\"https:\\\/\\\/parketasala.lv\\\/en\\\/product\\\/boen-floor-soap-1l\\\/#breadcrumb\"},\"inLanguage\":\"en-US\",\"potentialAction\":[{\"@type\":\"ReadAction\",\"target\":[\"https:\\\/\\\/parketasala.lv\\\/en\\\/product\\\/boen-floor-soap-1l\\\/\"]}]},{\"@type\":\"ImageObject\",\"inLanguage\":\"en-US\",\"@id\":\"https:\\\/\\\/parketasala.lv\\\/en\\\/product\\\/boen-floor-soap-1l\\\/#primaryimage\",\"url\":\"https:\\\/\\\/parketasala.lv\\\/wp-content\\\/uploads\\\/2023\\\/02\\\/BOEN-Floor-Soap.jpg\",\"contentUrl\":\"https:\\\/\\\/parketasala.lv\\\/wp-content\\\/uploads\\\/2023\\\/02\\\/BOEN-Floor-Soap.jpg\",\"width\":1500,\"height\":1500,\"caption\":\"small-gas-glider-boen-ellotam-parquet-grid\"},{\"@type\":\"BreadcrumbList\",\"@id\":\"https:\\\/\\\/parketasala.lv\\\/en\\\/product\\\/boen-floor-soap-1l\\\/#breadcrumb\",\"itemListElement\":[{\"@type\":\"ListItem\",\"position\":1,\"name\":\"Home\",\"item\":\"https:\\\/\\\/parketasala.lv\\\/en\\\/home\\\/\"},{\"@type\":\"ListItem\",\"position\":2,\"name\":\"Shop\",\"item\":\"https:\\\/\\\/parketasala.lv\\\/en\\\/shop\\\/\"},{\"@type\":\"ListItem\",\"position\":3,\"name\":\"BOEN Floor Soap 1l\"}]},{\"@type\":\"WebSite\",\"@id\":\"https:\\\/\\\/parketasala.lv\\\/en\\\/#website\",\"url\":\"https:\\\/\\\/parketasala.lv\\\/en\\\/\",\"name\":\"Parketa Sala\",\"description\":\"Pla&scaron;s lamin\u0101ta, vinila, parketa un kor\u0137a gr\u012bdu kl\u0101sts\",\"publisher\":{\"@id\":\"https:\\\/\\\/parketasala.lv\\\/en\\\/#organization\"},\"potentialAction\":[{\"@type\":\"SearchAction\",\"target\":{\"@type\":\"EntryPoint\",\"urlTemplate\":\"https:\\\/\\\/parketasala.lv\\\/en\\\/?s={search_term_string}\"},\"query-input\":{\"@type\":\"PropertyValueSpecification\",\"valueRequired\":true,\"valueName\":\"search_term_string\"}}],\"inLanguage\":\"en-US\"},{\"@type\":\"Organization\",\"@id\":\"https:\\\/\\\/parketasala.lv\\\/en\\\/#organization\",\"name\":\"Parketa Sala\",\"url\":\"https:\\\/\\\/parketasala.lv\\\/en\\\/\",\"logo\":{\"@type\":\"ImageObject\",\"inLanguage\":\"en-US\",\"@id\":\"https:\\\/\\\/parketasala.lv\\\/en\\\/#\\\/schema\\\/logo\\\/image\\\/\",\"url\":\"https:\\\/\\\/parketasala.lv\\\/wp-content\\\/uploads\\\/2019\\\/12\\\/Logo-x3.png\",\"contentUrl\":\"https:\\\/\\\/parketasala.lv\\\/wp-content\\\/uploads\\\/2019\\\/12\\\/Logo-x3.png\",\"width\":660,\"height\":137,\"caption\":\"Parketa Sala\"},\"image\":{\"@id\":\"https:\\\/\\\/parketasala.lv\\\/en\\\/#\\\/schema\\\/logo\\\/image\\\/\"},\"sameAs\":[\"https:\\\/\\\/www.facebook.com\\\/parketasala\\\/\",\"https:\\\/\\\/www.instagram.com\\\/parketasala\\\/\"]}]}<\/script>\n<!-- \/ Yoast SEO plugin. -->","yoast_head_json":{"title":"BOEN Floor Soap 1l &#8211; Parketa Sala","robots":{"index,follow":"index,follow"},"canonical":"https:\/\/parketasala.lv\/en\/product\/boen-floor-soap-1l\/","og_locale":"en_US","og_type":"article","og_title":"BOEN Floor Soap 1l &#8211; Parketa Sala","og_description":"BOEN Floor Soap is a concentrated cleaner for daily cleaning of oiled parquet floors. With regular use of Floor Soap, parquet becomes more resistant to stains and wear. For cleaning stubborn stains and restoring the oil film, BOEN Oil Freshen Up is recommended. For a long-lasting oil film and if the newly laid parquet is [&hellip;]","og_url":"https:\/\/parketasala.lv\/en\/product\/boen-floor-soap-1l\/","og_site_name":"Parketa Sala","article_publisher":"https:\/\/www.facebook.com\/parketasala\/","article_modified_time":"2025-03-21T08:42:42+00:00","og_image":[{"width":1500,"height":1500,"url":"https:\/\/parketasala.lv\/wp-content\/uploads\/2023\/02\/BOEN-Floor-Soap.jpg","type":"image\/jpeg"}],"twitter_card":"summary_large_image","schema":{"@context":"https:\/\/schema.org","@graph":[{"@type":"WebPage","@id":"https:\/\/parketasala.lv\/en\/product\/boen-floor-soap-1l\/","url":"https:\/\/parketasala.lv\/en\/product\/boen-floor-soap-1l\/","name":"BOEN Floor Soap 1l &#8211; Parketa Sala","isPartOf":{"@id":"https:\/\/parketasala.lv\/en\/#website"},"primaryImageOfPage":{"@id":"https:\/\/parketasala.lv\/en\/product\/boen-floor-soap-1l\/#primaryimage"},"image":{"@id":"https:\/\/parketasala.lv\/en\/product\/boen-floor-soap-1l\/#primaryimage"},"thumbnailUrl":"https:\/\/parketasala.lv\/wp-content\/uploads\/2023\/02\/BOEN-Floor-Soap.jpg","datePublished":"2023-02-02T13:53:42+00:00","dateModified":"2025-03-21T08:42:42+00:00","breadcrumb":{"@id":"https:\/\/parketasala.lv\/en\/product\/boen-floor-soap-1l\/#breadcrumb"},"inLanguage":"en-US","potentialAction":[{"@type":"ReadAction","target":["https:\/\/parketasala.lv\/en\/product\/boen-floor-soap-1l\/"]}]},{"@type":"ImageObject","inLanguage":"en-US","@id":"https:\/\/parketasala.lv\/en\/product\/boen-floor-soap-1l\/#primaryimage","url":"https:\/\/parketasala.lv\/wp-content\/uploads\/2023\/02\/BOEN-Floor-Soap.jpg","contentUrl":"https:\/\/parketasala.lv\/wp-content\/uploads\/2023\/02\/BOEN-Floor-Soap.jpg","width":1500,"height":1500,"caption":"small-gas-glider-boen-ellotam-parquet-grid"},{"@type":"BreadcrumbList","@id":"https:\/\/parketasala.lv\/en\/product\/boen-floor-soap-1l\/#breadcrumb","itemListElement":[{"@type":"ListItem","position":1,"name":"Home","item":"https:\/\/parketasala.lv\/en\/home\/"},{"@type":"ListItem","position":2,"name":"Shop","item":"https:\/\/parketasala.lv\/en\/shop\/"},{"@type":"ListItem","position":3,"name":"BOEN Floor Soap 1l"}]},{"@type":"WebSite","@id":"https:\/\/parketasala.lv\/en\/#website","url":"https:\/\/parketasala.lv\/en\/","name":"Parketa Sala","description":"Pla&scaron;s lamin\u0101ta, vinila, parketa un kor\u0137a gr\u012bdu kl\u0101sts","publisher":{"@id":"https:\/\/parketasala.lv\/en\/#organization"},"potentialAction":[{"@type":"SearchAction","target":{"@type":"EntryPoint","urlTemplate":"https:\/\/parketasala.lv\/en\/?s={search_term_string}"},"query-input":{"@type":"PropertyValueSpecification","valueRequired":true,"valueName":"search_term_string"}}],"inLanguage":"en-US"},{"@type":"Organization","@id":"https:\/\/parketasala.lv\/en\/#organization","name":"Parketa Sala","url":"https:\/\/parketasala.lv\/en\/","logo":{"@type":"ImageObject","inLanguage":"en-US","@id":"https:\/\/parketasala.lv\/en\/#\/schema\/logo\/image\/","url":"https:\/\/parketasala.lv\/wp-content\/uploads\/2019\/12\/Logo-x3.png","contentUrl":"https:\/\/parketasala.lv\/wp-content\/uploads\/2019\/12\/Logo-x3.png","width":660,"height":137,"caption":"Parketa Sala"},"image":{"@id":"https:\/\/parketasala.lv\/en\/#\/schema\/logo\/image\/"},"sameAs":["https:\/\/www.facebook.com\/parketasala\/","https:\/\/www.instagram.com\/parketasala\/"]}]}},"_links":{"self":[{"href":"https:\/\/parketasala.lv\/en\/wp-json\/wp\/v2\/product\/23543","targetHints":{"allow":["GET"]}}],"collection":[{"href":"https:\/\/parketasala.lv\/en\/wp-json\/wp\/v2\/product"}],"about":[{"href":"https:\/\/parketasala.lv\/en\/wp-json\/wp\/v2\/types\/product"}],"wp:featuredmedia":[{"embeddable":true,"href":"https:\/\/parketasala.lv\/en\/wp-json\/wp\/v2\/media\/19240"}],"wp:attachment":[{"href":"https:\/\/parketasala.lv\/en\/wp-json\/wp\/v2\/media?parent=23543"}],"wp:term":[{"taxonomy":"product_brand","embeddable":true,"href":"https:\/\/parketasala.lv\/en\/wp-json\/wp\/v2\/product_brand?post=23543"},{"taxonomy":"product_cat","embeddable":true,"href":"https:\/\/parketasala.lv\/en\/wp-json\/wp\/v2\/product_cat?post=23543"},{"taxonomy":"product_tag","embeddable":true,"href":"https:\/\/parketasala.lv\/en\/wp-json\/wp\/v2\/product_tag?post=23543"}],"curies":[{"name":"wp","href":"https:\/\/api.w.org\/{rel}","templated":true}]}}