{"id":23540,"date":"2023-02-06T11:27:05","date_gmt":"2023-02-06T11:27:05","guid":{"rendered":"https:\/\/parketasala.lv\/product\/hard-wax-oil-osmo-hartwachs-ol-semi-matt-2-5l\/"},"modified":"2025-03-21T08:42:48","modified_gmt":"2025-03-21T08:42:48","slug":"hard-wax-oil-osmo-hartwachs-ol-semi-matt-2-5l","status":"publish","type":"product","link":"https:\/\/parketasala.lv\/en\/product\/hard-wax-oil-osmo-hartwachs-ol-semi-matt-2-5l\/","title":{"rendered":"Hard wax oil Osmo Hartwachs-\u00d6l semi-matt 2.5L"},"content":{"rendered":"<p>A wood finish that is free of stain, glossy to matt, uniquely combining the benefits of natural oils and waxes in one product. Osmo Hartwachs-\u00d6l Original is resistant to dirt, water and wear. It smooths the surface. Compared to conventional finishes, the use of vegetable compounds creates a more even-toned and harmonious appearance. The single application &#8211; without primer or intermediate sanding &#8211; saves time and money. Suitable for wood; the microporous surface allows the wood to breathe and reduces swelling and shrinking. Resistant to wine, beer, cola, coffee, tea, fruit juice, milk and water according to DIN 68861-1C &#8211; does not form water spots. Once dry, the finish is safe for humans, animals and plants. It is suitable for children&#8217;s toys according to EN 71.3 (European standard) and is resistant to saliva and perspiration according to DIN 53160 (German industrial standard).        <\/p>\n<h4>USE OF THE PRODUCT:<\/h4>\n<p>Apply a thin layer on a dry and clean surface in the direction of the fibres. Use an Osmo microfibre roller or natural bristle brush. After drying, apply a second thin coat. When restoring or resurfacing an already oiled surface, one coat on a clean and dry surface is usually sufficient.   <\/p>\n<h4><\/h4>\n<p>PROSPECTS:<\/p>\n<p>Very hard and abrasion resistant<br \/>\nSuitable for wood and microporous<br \/>\nHigh resistance to saliva and sweat, suitable for children&#8217;s toys<br \/>\nHigh resistance to coffee, wine and cola<br \/>\nPartially repairable<\/p>\n<h4>APPROACH:<\/h4>\n<p>Finished surface in 2 days, 2 coats<\/p>\n<p>First coat on untreated sanded wood approx. 35 ml\/m\u00b2.<br \/>\nErrors in wet coatings can be corrected within 30 minutes after the first application.<br \/>\nDrying time approx. 8-10 hours (normal climatic conditions, 23 \u00b0C\/50 % RH). Lower temperatures and\/or higher humidity may increase the drying time. Ensure good ventilation.<br \/>\nIf desired, the surface can be sanded between coats with fine grit sandpaper (P400) or Scotch pad.<br \/>\nSecond coat approx. 35 ml\/m\u00b2.<br \/>\nDrying time approx. 8-10 hours; see point 3.  <\/p>\n<h4>COMPONENTS:<\/h4>\n<p>Based on natural vegetable oils and waxes (sunflower oil, soya oil, safflower oil, carnauba wax and candelilla wax), paraffin, siccatives (drying additives) and water-repellent<br \/>\nadditives. Dearomatised white spirit (benzene-free). The product complies with the EU Regulation (2004\/42\/EC) according to the VOC content max. 500 g\/l (Cat. A\/i (2010)). More detailed ingredients are available on request from<br \/>\n.     <\/p>\n<h4><\/h4>\n<h4>DYING TIME:<\/h4>\n<p>Approx. 8-10 hours (normal climatic conditions, 23 \u00b0C\/50 % RH). Lower temperatures and\/or higher humidity may increase drying time. Ensure good ventilation during drying. After 2-3 weeks, the surface is complete and fully cured.    <\/p>\n","protected":false},"excerpt":{"rendered":"<p>A wood finish that is free of stain, glossy to matt, uniquely combining the benefits of natural oils and waxes in one product. Osmo Hartwachs-\u00d6l Original is resistant to dirt, water and wear. It smooths the surface. Compared to conventional finishes, the use of vegetable compounds creates a more even-toned and harmonious appearance. The single [&hellip;]<\/p>\n","protected":false},"featured_media":19243,"template":"","meta":{"_acf_changed":false},"product_brand":[],"product_cat":[500,550],"product_tag":[],"class_list":{"0":"post-23540","1":"product","2":"type-product","3":"status-publish","4":"has-post-thumbnail","6":"product_cat-care-products","7":"product_cat-varnishes-and-oils","9":"first","10":"instock","11":"taxable","12":"shipping-taxable","13":"purchasable","14":"product-type-simple"},"acf":[],"yoast_head":"<!-- This site is optimized with the Yoast SEO plugin v27.3 - https:\/\/yoast.com\/product\/yoast-seo-wordpress\/ -->\n<title>Hard wax oil Osmo Hartwachs-\u00d6l semi-matt 2.5L &#8211; Parketa Sala<\/title>\n<meta name=\"robots\" content=\"index,follow\" \/>\n<link rel=\"canonical\" href=\"https:\/\/parketasala.lv\/en\/product\/hard-wax-oil-osmo-hartwachs-ol-semi-matt-2-5l\/\" \/>\n<meta property=\"og:locale\" content=\"en_US\" \/>\n<meta property=\"og:type\" content=\"article\" \/>\n<meta property=\"og:title\" content=\"Hard wax oil Osmo Hartwachs-\u00d6l semi-matt 2.5L &#8211; Parketa Sala\" \/>\n<meta property=\"og:description\" content=\"A wood finish that is free of stain, glossy to matt, uniquely combining the benefits of natural oils and waxes in one product. Osmo Hartwachs-\u00d6l Original is resistant to dirt, water and wear. It smooths the surface. Compared to conventional finishes, the use of vegetable compounds creates a more even-toned and harmonious appearance. The single [&hellip;]\" \/>\n<meta property=\"og:url\" content=\"https:\/\/parketasala.lv\/en\/product\/hard-wax-oil-osmo-hartwachs-ol-semi-matt-2-5l\/\" \/>\n<meta property=\"og:site_name\" content=\"Parketa Sala\" \/>\n<meta property=\"article:publisher\" content=\"https:\/\/www.facebook.com\/parketasala\/\" \/>\n<meta property=\"article:modified_time\" content=\"2025-03-21T08:42:48+00:00\" \/>\n<meta property=\"og:image\" content=\"https:\/\/parketasala.lv\/wp-content\/uploads\/2023\/02\/osmo-hartwachs-ol-original-2-scaled.jpg\" \/>\n\t<meta property=\"og:image:width\" content=\"1984\" \/>\n\t<meta property=\"og:image:height\" content=\"2560\" \/>\n\t<meta property=\"og:image:type\" content=\"image\/jpeg\" \/>\n<meta name=\"twitter:card\" content=\"summary_large_image\" \/>\n<meta name=\"twitter:label1\" content=\"Est. reading time\" \/>\n\t<meta name=\"twitter:data1\" content=\"2 minutes\" \/>\n<script type=\"application\/ld+json\" class=\"yoast-schema-graph\">{\"@context\":\"https:\\\/\\\/schema.org\",\"@graph\":[{\"@type\":\"WebPage\",\"@id\":\"https:\\\/\\\/parketasala.lv\\\/en\\\/product\\\/hard-wax-oil-osmo-hartwachs-ol-semi-matt-2-5l\\\/\",\"url\":\"https:\\\/\\\/parketasala.lv\\\/en\\\/product\\\/hard-wax-oil-osmo-hartwachs-ol-semi-matt-2-5l\\\/\",\"name\":\"Hard wax oil Osmo Hartwachs-\u00d6l semi-matt 2.5L &#8211; Parketa Sala\",\"isPartOf\":{\"@id\":\"https:\\\/\\\/parketasala.lv\\\/en\\\/#website\"},\"primaryImageOfPage\":{\"@id\":\"https:\\\/\\\/parketasala.lv\\\/en\\\/product\\\/hard-wax-oil-osmo-hartwachs-ol-semi-matt-2-5l\\\/#primaryimage\"},\"image\":{\"@id\":\"https:\\\/\\\/parketasala.lv\\\/en\\\/product\\\/hard-wax-oil-osmo-hartwachs-ol-semi-matt-2-5l\\\/#primaryimage\"},\"thumbnailUrl\":\"https:\\\/\\\/parketasala.lv\\\/wp-content\\\/uploads\\\/2023\\\/02\\\/osmo-hartwachs-ol-original-2-scaled.jpg\",\"datePublished\":\"2023-02-06T11:27:05+00:00\",\"dateModified\":\"2025-03-21T08:42:48+00:00\",\"breadcrumb\":{\"@id\":\"https:\\\/\\\/parketasala.lv\\\/en\\\/product\\\/hard-wax-oil-osmo-hartwachs-ol-semi-matt-2-5l\\\/#breadcrumb\"},\"inLanguage\":\"en-US\",\"potentialAction\":[{\"@type\":\"ReadAction\",\"target\":[\"https:\\\/\\\/parketasala.lv\\\/en\\\/product\\\/hard-wax-oil-osmo-hartwachs-ol-semi-matt-2-5l\\\/\"]}]},{\"@type\":\"ImageObject\",\"inLanguage\":\"en-US\",\"@id\":\"https:\\\/\\\/parketasala.lv\\\/en\\\/product\\\/hard-wax-oil-osmo-hartwachs-ol-semi-matt-2-5l\\\/#primaryimage\",\"url\":\"https:\\\/\\\/parketasala.lv\\\/wp-content\\\/uploads\\\/2023\\\/02\\\/osmo-hartwachs-ol-original-2-scaled.jpg\",\"contentUrl\":\"https:\\\/\\\/parketasala.lv\\\/wp-content\\\/uploads\\\/2023\\\/02\\\/osmo-hartwachs-ol-original-2-scaled.jpg\",\"width\":1984,\"height\":2560,\"caption\":\"Osmo Hartwachs-\u00d6l Original\"},{\"@type\":\"BreadcrumbList\",\"@id\":\"https:\\\/\\\/parketasala.lv\\\/en\\\/product\\\/hard-wax-oil-osmo-hartwachs-ol-semi-matt-2-5l\\\/#breadcrumb\",\"itemListElement\":[{\"@type\":\"ListItem\",\"position\":1,\"name\":\"Home\",\"item\":\"https:\\\/\\\/parketasala.lv\\\/en\\\/home\\\/\"},{\"@type\":\"ListItem\",\"position\":2,\"name\":\"Shop\",\"item\":\"https:\\\/\\\/parketasala.lv\\\/en\\\/shop\\\/\"},{\"@type\":\"ListItem\",\"position\":3,\"name\":\"Hard wax oil Osmo Hartwachs-\u00d6l semi-matt 2.5L\"}]},{\"@type\":\"WebSite\",\"@id\":\"https:\\\/\\\/parketasala.lv\\\/en\\\/#website\",\"url\":\"https:\\\/\\\/parketasala.lv\\\/en\\\/\",\"name\":\"Parketa Sala\",\"description\":\"Pla&scaron;s lamin\u0101ta, vinila, parketa un kor\u0137a gr\u012bdu kl\u0101sts\",\"publisher\":{\"@id\":\"https:\\\/\\\/parketasala.lv\\\/en\\\/#organization\"},\"potentialAction\":[{\"@type\":\"SearchAction\",\"target\":{\"@type\":\"EntryPoint\",\"urlTemplate\":\"https:\\\/\\\/parketasala.lv\\\/en\\\/?s={search_term_string}\"},\"query-input\":{\"@type\":\"PropertyValueSpecification\",\"valueRequired\":true,\"valueName\":\"search_term_string\"}}],\"inLanguage\":\"en-US\"},{\"@type\":\"Organization\",\"@id\":\"https:\\\/\\\/parketasala.lv\\\/en\\\/#organization\",\"name\":\"Parketa Sala\",\"url\":\"https:\\\/\\\/parketasala.lv\\\/en\\\/\",\"logo\":{\"@type\":\"ImageObject\",\"inLanguage\":\"en-US\",\"@id\":\"https:\\\/\\\/parketasala.lv\\\/en\\\/#\\\/schema\\\/logo\\\/image\\\/\",\"url\":\"https:\\\/\\\/parketasala.lv\\\/wp-content\\\/uploads\\\/2019\\\/12\\\/Logo-x3.png\",\"contentUrl\":\"https:\\\/\\\/parketasala.lv\\\/wp-content\\\/uploads\\\/2019\\\/12\\\/Logo-x3.png\",\"width\":660,\"height\":137,\"caption\":\"Parketa Sala\"},\"image\":{\"@id\":\"https:\\\/\\\/parketasala.lv\\\/en\\\/#\\\/schema\\\/logo\\\/image\\\/\"},\"sameAs\":[\"https:\\\/\\\/www.facebook.com\\\/parketasala\\\/\",\"https:\\\/\\\/www.instagram.com\\\/parketasala\\\/\"]}]}<\/script>\n<!-- \/ Yoast SEO plugin. -->","yoast_head_json":{"title":"Hard wax oil Osmo Hartwachs-\u00d6l semi-matt 2.5L &#8211; Parketa Sala","robots":{"index,follow":"index,follow"},"canonical":"https:\/\/parketasala.lv\/en\/product\/hard-wax-oil-osmo-hartwachs-ol-semi-matt-2-5l\/","og_locale":"en_US","og_type":"article","og_title":"Hard wax oil Osmo Hartwachs-\u00d6l semi-matt 2.5L &#8211; Parketa Sala","og_description":"A wood finish that is free of stain, glossy to matt, uniquely combining the benefits of natural oils and waxes in one product. Osmo Hartwachs-\u00d6l Original is resistant to dirt, water and wear. It smooths the surface. Compared to conventional finishes, the use of vegetable compounds creates a more even-toned and harmonious appearance. The single [&hellip;]","og_url":"https:\/\/parketasala.lv\/en\/product\/hard-wax-oil-osmo-hartwachs-ol-semi-matt-2-5l\/","og_site_name":"Parketa Sala","article_publisher":"https:\/\/www.facebook.com\/parketasala\/","article_modified_time":"2025-03-21T08:42:48+00:00","og_image":[{"width":1984,"height":2560,"url":"https:\/\/parketasala.lv\/wp-content\/uploads\/2023\/02\/osmo-hartwachs-ol-original-2-scaled.jpg","type":"image\/jpeg"}],"twitter_card":"summary_large_image","twitter_misc":{"Est. reading time":"2 minutes"},"schema":{"@context":"https:\/\/schema.org","@graph":[{"@type":"WebPage","@id":"https:\/\/parketasala.lv\/en\/product\/hard-wax-oil-osmo-hartwachs-ol-semi-matt-2-5l\/","url":"https:\/\/parketasala.lv\/en\/product\/hard-wax-oil-osmo-hartwachs-ol-semi-matt-2-5l\/","name":"Hard wax oil Osmo Hartwachs-\u00d6l semi-matt 2.5L &#8211; Parketa Sala","isPartOf":{"@id":"https:\/\/parketasala.lv\/en\/#website"},"primaryImageOfPage":{"@id":"https:\/\/parketasala.lv\/en\/product\/hard-wax-oil-osmo-hartwachs-ol-semi-matt-2-5l\/#primaryimage"},"image":{"@id":"https:\/\/parketasala.lv\/en\/product\/hard-wax-oil-osmo-hartwachs-ol-semi-matt-2-5l\/#primaryimage"},"thumbnailUrl":"https:\/\/parketasala.lv\/wp-content\/uploads\/2023\/02\/osmo-hartwachs-ol-original-2-scaled.jpg","datePublished":"2023-02-06T11:27:05+00:00","dateModified":"2025-03-21T08:42:48+00:00","breadcrumb":{"@id":"https:\/\/parketasala.lv\/en\/product\/hard-wax-oil-osmo-hartwachs-ol-semi-matt-2-5l\/#breadcrumb"},"inLanguage":"en-US","potentialAction":[{"@type":"ReadAction","target":["https:\/\/parketasala.lv\/en\/product\/hard-wax-oil-osmo-hartwachs-ol-semi-matt-2-5l\/"]}]},{"@type":"ImageObject","inLanguage":"en-US","@id":"https:\/\/parketasala.lv\/en\/product\/hard-wax-oil-osmo-hartwachs-ol-semi-matt-2-5l\/#primaryimage","url":"https:\/\/parketasala.lv\/wp-content\/uploads\/2023\/02\/osmo-hartwachs-ol-original-2-scaled.jpg","contentUrl":"https:\/\/parketasala.lv\/wp-content\/uploads\/2023\/02\/osmo-hartwachs-ol-original-2-scaled.jpg","width":1984,"height":2560,"caption":"Osmo Hartwachs-\u00d6l Original"},{"@type":"BreadcrumbList","@id":"https:\/\/parketasala.lv\/en\/product\/hard-wax-oil-osmo-hartwachs-ol-semi-matt-2-5l\/#breadcrumb","itemListElement":[{"@type":"ListItem","position":1,"name":"Home","item":"https:\/\/parketasala.lv\/en\/home\/"},{"@type":"ListItem","position":2,"name":"Shop","item":"https:\/\/parketasala.lv\/en\/shop\/"},{"@type":"ListItem","position":3,"name":"Hard wax oil Osmo Hartwachs-\u00d6l semi-matt 2.5L"}]},{"@type":"WebSite","@id":"https:\/\/parketasala.lv\/en\/#website","url":"https:\/\/parketasala.lv\/en\/","name":"Parketa Sala","description":"Pla&scaron;s lamin\u0101ta, vinila, parketa un kor\u0137a gr\u012bdu kl\u0101sts","publisher":{"@id":"https:\/\/parketasala.lv\/en\/#organization"},"potentialAction":[{"@type":"SearchAction","target":{"@type":"EntryPoint","urlTemplate":"https:\/\/parketasala.lv\/en\/?s={search_term_string}"},"query-input":{"@type":"PropertyValueSpecification","valueRequired":true,"valueName":"search_term_string"}}],"inLanguage":"en-US"},{"@type":"Organization","@id":"https:\/\/parketasala.lv\/en\/#organization","name":"Parketa Sala","url":"https:\/\/parketasala.lv\/en\/","logo":{"@type":"ImageObject","inLanguage":"en-US","@id":"https:\/\/parketasala.lv\/en\/#\/schema\/logo\/image\/","url":"https:\/\/parketasala.lv\/wp-content\/uploads\/2019\/12\/Logo-x3.png","contentUrl":"https:\/\/parketasala.lv\/wp-content\/uploads\/2019\/12\/Logo-x3.png","width":660,"height":137,"caption":"Parketa Sala"},"image":{"@id":"https:\/\/parketasala.lv\/en\/#\/schema\/logo\/image\/"},"sameAs":["https:\/\/www.facebook.com\/parketasala\/","https:\/\/www.instagram.com\/parketasala\/"]}]}},"_links":{"self":[{"href":"https:\/\/parketasala.lv\/en\/wp-json\/wp\/v2\/product\/23540","targetHints":{"allow":["GET"]}}],"collection":[{"href":"https:\/\/parketasala.lv\/en\/wp-json\/wp\/v2\/product"}],"about":[{"href":"https:\/\/parketasala.lv\/en\/wp-json\/wp\/v2\/types\/product"}],"wp:featuredmedia":[{"embeddable":true,"href":"https:\/\/parketasala.lv\/en\/wp-json\/wp\/v2\/media\/19243"}],"wp:attachment":[{"href":"https:\/\/parketasala.lv\/en\/wp-json\/wp\/v2\/media?parent=23540"}],"wp:term":[{"taxonomy":"product_brand","embeddable":true,"href":"https:\/\/parketasala.lv\/en\/wp-json\/wp\/v2\/product_brand?post=23540"},{"taxonomy":"product_cat","embeddable":true,"href":"https:\/\/parketasala.lv\/en\/wp-json\/wp\/v2\/product_cat?post=23540"},{"taxonomy":"product_tag","embeddable":true,"href":"https:\/\/parketasala.lv\/en\/wp-json\/wp\/v2\/product_tag?post=23540"}],"curies":[{"name":"wp","href":"https:\/\/api.w.org\/{rel}","templated":true}]}}