{"id":23527,"date":"2023-03-14T14:45:45","date_gmt":"2023-03-14T14:45:45","guid":{"rendered":"https:\/\/parketasala.lv\/product\/vinyl-flooring-wicanders-hydrocork-rustic-fawn-oak\/"},"modified":"2025-03-21T08:42:46","modified_gmt":"2025-03-21T08:42:46","slug":"vinyl-flooring-wicanders-hydrocork-rustic-fawn-oak","status":"publish","type":"product","link":"https:\/\/parketasala.lv\/en\/product\/vinyl-flooring-wicanders-hydrocork-rustic-fawn-oak\/","title":{"rendered":"Vinyl flooring Wicanders Hydrocork Rustic Fawn Oak"},"content":{"rendered":"<p>Hydrocork, unlike conventional vinyl floors, is enhanced with a natural cork interlayer for a warmer floor and more comfortable walking. A warm floor even when laid directly on a concrete subfloor.  Not afraid of falling objects and water. Recommendation!  If the subfloor is not flat enough, if there are larger areas or if Hydrocork is installed on warm floors, we recommend gluing it to the subfloor with <a href=\"https:\/\/parketasala.lv\/product\/lime-bostik-attack-10l\/\"><strong>vinyl adhesive<\/strong>.<\/a><\/p>\n","protected":false},"excerpt":{"rendered":"<p>Hydrocork, unlike conventional vinyl floors, is enhanced with a natural cork interlayer for a warmer floor and more comfortable walking. A warm floor even when laid directly on a concrete subfloor. Not afraid of falling objects and water. Recommendation! If the subfloor is not flat enough, if there are larger areas or if Hydrocork is [&hellip;]<\/p>\n","protected":false},"featured_media":19333,"template":"","meta":{"_acf_changed":false},"product_brand":[],"product_cat":[480,481,467,468],"product_tag":[],"class_list":{"0":"post-23527","1":"product","2":"type-product","3":"status-publish","4":"has-post-thumbnail","6":"product_cat-click-to-connect","7":"product_cat-hydrocork","8":"product_cat-vinyl-flooring","9":"product_cat-wooden-design-en","11":"first","12":"onbackorder","13":"sale","14":"taxable","15":"shipping-taxable","16":"purchasable","17":"product-type-simple"},"acf":[],"yoast_head":"<!-- This site is optimized with the Yoast SEO plugin v27.3 - https:\/\/yoast.com\/product\/yoast-seo-wordpress\/ -->\n<title>Vinyl flooring Wicanders Hydrocork Rustic Fawn Oak &#8211; Parketa Sala<\/title>\n<meta name=\"robots\" content=\"index,follow\" \/>\n<link rel=\"canonical\" href=\"https:\/\/parketasala.lv\/en\/product\/vinyl-flooring-wicanders-hydrocork-rustic-fawn-oak\/\" \/>\n<meta property=\"og:locale\" content=\"en_US\" \/>\n<meta property=\"og:type\" content=\"article\" \/>\n<meta property=\"og:title\" content=\"Vinyl flooring Wicanders Hydrocork Rustic Fawn Oak &#8211; Parketa Sala\" \/>\n<meta property=\"og:description\" content=\"Hydrocork, unlike conventional vinyl floors, is enhanced with a natural cork interlayer for a warmer floor and more comfortable walking. A warm floor even when laid directly on a concrete subfloor. Not afraid of falling objects and water. Recommendation! If the subfloor is not flat enough, if there are larger areas or if Hydrocork is [&hellip;]\" \/>\n<meta property=\"og:url\" content=\"https:\/\/parketasala.lv\/en\/product\/vinyl-flooring-wicanders-hydrocork-rustic-fawn-oak\/\" \/>\n<meta property=\"og:site_name\" content=\"Parketa Sala\" \/>\n<meta property=\"article:publisher\" content=\"https:\/\/www.facebook.com\/parketasala\/\" \/>\n<meta property=\"article:modified_time\" content=\"2025-03-21T08:42:46+00:00\" \/>\n<meta property=\"og:image\" content=\"https:\/\/parketasala.lv\/wp-content\/uploads\/2023\/03\/Wicanders-Hydrocork-Rustic-Fawn-Oak-80002786-1.jpg\" \/>\n\t<meta property=\"og:image:width\" content=\"1600\" \/>\n\t<meta property=\"og:image:height\" content=\"1066\" \/>\n\t<meta property=\"og:image:type\" content=\"image\/jpeg\" \/>\n<meta name=\"twitter:card\" content=\"summary_large_image\" \/>\n<script type=\"application\/ld+json\" class=\"yoast-schema-graph\">{\"@context\":\"https:\\\/\\\/schema.org\",\"@graph\":[{\"@type\":\"WebPage\",\"@id\":\"https:\\\/\\\/parketasala.lv\\\/en\\\/product\\\/vinyl-flooring-wicanders-hydrocork-rustic-fawn-oak\\\/\",\"url\":\"https:\\\/\\\/parketasala.lv\\\/en\\\/product\\\/vinyl-flooring-wicanders-hydrocork-rustic-fawn-oak\\\/\",\"name\":\"Vinyl flooring Wicanders Hydrocork Rustic Fawn Oak &#8211; Parketa Sala\",\"isPartOf\":{\"@id\":\"https:\\\/\\\/parketasala.lv\\\/en\\\/#website\"},\"primaryImageOfPage\":{\"@id\":\"https:\\\/\\\/parketasala.lv\\\/en\\\/product\\\/vinyl-flooring-wicanders-hydrocork-rustic-fawn-oak\\\/#primaryimage\"},\"image\":{\"@id\":\"https:\\\/\\\/parketasala.lv\\\/en\\\/product\\\/vinyl-flooring-wicanders-hydrocork-rustic-fawn-oak\\\/#primaryimage\"},\"thumbnailUrl\":\"https:\\\/\\\/parketasala.lv\\\/wp-content\\\/uploads\\\/2023\\\/03\\\/Wicanders-Hydrocork-Rustic-Fawn-Oak-80002786-1.jpg\",\"datePublished\":\"2023-03-14T14:45:45+00:00\",\"dateModified\":\"2025-03-21T08:42:46+00:00\",\"breadcrumb\":{\"@id\":\"https:\\\/\\\/parketasala.lv\\\/en\\\/product\\\/vinyl-flooring-wicanders-hydrocork-rustic-fawn-oak\\\/#breadcrumb\"},\"inLanguage\":\"en-US\",\"potentialAction\":[{\"@type\":\"ReadAction\",\"target\":[\"https:\\\/\\\/parketasala.lv\\\/en\\\/product\\\/vinyl-flooring-wicanders-hydrocork-rustic-fawn-oak\\\/\"]}]},{\"@type\":\"ImageObject\",\"inLanguage\":\"en-US\",\"@id\":\"https:\\\/\\\/parketasala.lv\\\/en\\\/product\\\/vinyl-flooring-wicanders-hydrocork-rustic-fawn-oak\\\/#primaryimage\",\"url\":\"https:\\\/\\\/parketasala.lv\\\/wp-content\\\/uploads\\\/2023\\\/03\\\/Wicanders-Hydrocork-Rustic-Fawn-Oak-80002786-1.jpg\",\"contentUrl\":\"https:\\\/\\\/parketasala.lv\\\/wp-content\\\/uploads\\\/2023\\\/03\\\/Wicanders-Hydrocork-Rustic-Fawn-Oak-80002786-1.jpg\",\"width\":1600,\"height\":1066,\"caption\":\"Wicanders Hydrocork Rustic Fawn Oak 80002786\"},{\"@type\":\"BreadcrumbList\",\"@id\":\"https:\\\/\\\/parketasala.lv\\\/en\\\/product\\\/vinyl-flooring-wicanders-hydrocork-rustic-fawn-oak\\\/#breadcrumb\",\"itemListElement\":[{\"@type\":\"ListItem\",\"position\":1,\"name\":\"Home\",\"item\":\"https:\\\/\\\/parketasala.lv\\\/en\\\/home\\\/\"},{\"@type\":\"ListItem\",\"position\":2,\"name\":\"Shop\",\"item\":\"https:\\\/\\\/parketasala.lv\\\/en\\\/shop\\\/\"},{\"@type\":\"ListItem\",\"position\":3,\"name\":\"Vinyl flooring Wicanders Hydrocork Rustic Fawn Oak\"}]},{\"@type\":\"WebSite\",\"@id\":\"https:\\\/\\\/parketasala.lv\\\/en\\\/#website\",\"url\":\"https:\\\/\\\/parketasala.lv\\\/en\\\/\",\"name\":\"Parketa Sala\",\"description\":\"Pla&scaron;s lamin\u0101ta, vinila, parketa un kor\u0137a gr\u012bdu kl\u0101sts\",\"publisher\":{\"@id\":\"https:\\\/\\\/parketasala.lv\\\/en\\\/#organization\"},\"potentialAction\":[{\"@type\":\"SearchAction\",\"target\":{\"@type\":\"EntryPoint\",\"urlTemplate\":\"https:\\\/\\\/parketasala.lv\\\/en\\\/?s={search_term_string}\"},\"query-input\":{\"@type\":\"PropertyValueSpecification\",\"valueRequired\":true,\"valueName\":\"search_term_string\"}}],\"inLanguage\":\"en-US\"},{\"@type\":\"Organization\",\"@id\":\"https:\\\/\\\/parketasala.lv\\\/en\\\/#organization\",\"name\":\"Parketa Sala\",\"url\":\"https:\\\/\\\/parketasala.lv\\\/en\\\/\",\"logo\":{\"@type\":\"ImageObject\",\"inLanguage\":\"en-US\",\"@id\":\"https:\\\/\\\/parketasala.lv\\\/en\\\/#\\\/schema\\\/logo\\\/image\\\/\",\"url\":\"https:\\\/\\\/parketasala.lv\\\/wp-content\\\/uploads\\\/2019\\\/12\\\/Logo-x3.png\",\"contentUrl\":\"https:\\\/\\\/parketasala.lv\\\/wp-content\\\/uploads\\\/2019\\\/12\\\/Logo-x3.png\",\"width\":660,\"height\":137,\"caption\":\"Parketa Sala\"},\"image\":{\"@id\":\"https:\\\/\\\/parketasala.lv\\\/en\\\/#\\\/schema\\\/logo\\\/image\\\/\"},\"sameAs\":[\"https:\\\/\\\/www.facebook.com\\\/parketasala\\\/\",\"https:\\\/\\\/www.instagram.com\\\/parketasala\\\/\"]}]}<\/script>\n<!-- \/ Yoast SEO plugin. -->","yoast_head_json":{"title":"Vinyl flooring Wicanders Hydrocork Rustic Fawn Oak &#8211; Parketa Sala","robots":{"index,follow":"index,follow"},"canonical":"https:\/\/parketasala.lv\/en\/product\/vinyl-flooring-wicanders-hydrocork-rustic-fawn-oak\/","og_locale":"en_US","og_type":"article","og_title":"Vinyl flooring Wicanders Hydrocork Rustic Fawn Oak &#8211; Parketa Sala","og_description":"Hydrocork, unlike conventional vinyl floors, is enhanced with a natural cork interlayer for a warmer floor and more comfortable walking. A warm floor even when laid directly on a concrete subfloor. Not afraid of falling objects and water. Recommendation! If the subfloor is not flat enough, if there are larger areas or if Hydrocork is [&hellip;]","og_url":"https:\/\/parketasala.lv\/en\/product\/vinyl-flooring-wicanders-hydrocork-rustic-fawn-oak\/","og_site_name":"Parketa Sala","article_publisher":"https:\/\/www.facebook.com\/parketasala\/","article_modified_time":"2025-03-21T08:42:46+00:00","og_image":[{"width":1600,"height":1066,"url":"https:\/\/parketasala.lv\/wp-content\/uploads\/2023\/03\/Wicanders-Hydrocork-Rustic-Fawn-Oak-80002786-1.jpg","type":"image\/jpeg"}],"twitter_card":"summary_large_image","schema":{"@context":"https:\/\/schema.org","@graph":[{"@type":"WebPage","@id":"https:\/\/parketasala.lv\/en\/product\/vinyl-flooring-wicanders-hydrocork-rustic-fawn-oak\/","url":"https:\/\/parketasala.lv\/en\/product\/vinyl-flooring-wicanders-hydrocork-rustic-fawn-oak\/","name":"Vinyl flooring Wicanders Hydrocork Rustic Fawn Oak &#8211; Parketa Sala","isPartOf":{"@id":"https:\/\/parketasala.lv\/en\/#website"},"primaryImageOfPage":{"@id":"https:\/\/parketasala.lv\/en\/product\/vinyl-flooring-wicanders-hydrocork-rustic-fawn-oak\/#primaryimage"},"image":{"@id":"https:\/\/parketasala.lv\/en\/product\/vinyl-flooring-wicanders-hydrocork-rustic-fawn-oak\/#primaryimage"},"thumbnailUrl":"https:\/\/parketasala.lv\/wp-content\/uploads\/2023\/03\/Wicanders-Hydrocork-Rustic-Fawn-Oak-80002786-1.jpg","datePublished":"2023-03-14T14:45:45+00:00","dateModified":"2025-03-21T08:42:46+00:00","breadcrumb":{"@id":"https:\/\/parketasala.lv\/en\/product\/vinyl-flooring-wicanders-hydrocork-rustic-fawn-oak\/#breadcrumb"},"inLanguage":"en-US","potentialAction":[{"@type":"ReadAction","target":["https:\/\/parketasala.lv\/en\/product\/vinyl-flooring-wicanders-hydrocork-rustic-fawn-oak\/"]}]},{"@type":"ImageObject","inLanguage":"en-US","@id":"https:\/\/parketasala.lv\/en\/product\/vinyl-flooring-wicanders-hydrocork-rustic-fawn-oak\/#primaryimage","url":"https:\/\/parketasala.lv\/wp-content\/uploads\/2023\/03\/Wicanders-Hydrocork-Rustic-Fawn-Oak-80002786-1.jpg","contentUrl":"https:\/\/parketasala.lv\/wp-content\/uploads\/2023\/03\/Wicanders-Hydrocork-Rustic-Fawn-Oak-80002786-1.jpg","width":1600,"height":1066,"caption":"Wicanders Hydrocork Rustic Fawn Oak 80002786"},{"@type":"BreadcrumbList","@id":"https:\/\/parketasala.lv\/en\/product\/vinyl-flooring-wicanders-hydrocork-rustic-fawn-oak\/#breadcrumb","itemListElement":[{"@type":"ListItem","position":1,"name":"Home","item":"https:\/\/parketasala.lv\/en\/home\/"},{"@type":"ListItem","position":2,"name":"Shop","item":"https:\/\/parketasala.lv\/en\/shop\/"},{"@type":"ListItem","position":3,"name":"Vinyl flooring Wicanders Hydrocork Rustic Fawn Oak"}]},{"@type":"WebSite","@id":"https:\/\/parketasala.lv\/en\/#website","url":"https:\/\/parketasala.lv\/en\/","name":"Parketa Sala","description":"Pla&scaron;s lamin\u0101ta, vinila, parketa un kor\u0137a gr\u012bdu kl\u0101sts","publisher":{"@id":"https:\/\/parketasala.lv\/en\/#organization"},"potentialAction":[{"@type":"SearchAction","target":{"@type":"EntryPoint","urlTemplate":"https:\/\/parketasala.lv\/en\/?s={search_term_string}"},"query-input":{"@type":"PropertyValueSpecification","valueRequired":true,"valueName":"search_term_string"}}],"inLanguage":"en-US"},{"@type":"Organization","@id":"https:\/\/parketasala.lv\/en\/#organization","name":"Parketa Sala","url":"https:\/\/parketasala.lv\/en\/","logo":{"@type":"ImageObject","inLanguage":"en-US","@id":"https:\/\/parketasala.lv\/en\/#\/schema\/logo\/image\/","url":"https:\/\/parketasala.lv\/wp-content\/uploads\/2019\/12\/Logo-x3.png","contentUrl":"https:\/\/parketasala.lv\/wp-content\/uploads\/2019\/12\/Logo-x3.png","width":660,"height":137,"caption":"Parketa Sala"},"image":{"@id":"https:\/\/parketasala.lv\/en\/#\/schema\/logo\/image\/"},"sameAs":["https:\/\/www.facebook.com\/parketasala\/","https:\/\/www.instagram.com\/parketasala\/"]}]}},"_links":{"self":[{"href":"https:\/\/parketasala.lv\/en\/wp-json\/wp\/v2\/product\/23527","targetHints":{"allow":["GET"]}}],"collection":[{"href":"https:\/\/parketasala.lv\/en\/wp-json\/wp\/v2\/product"}],"about":[{"href":"https:\/\/parketasala.lv\/en\/wp-json\/wp\/v2\/types\/product"}],"wp:featuredmedia":[{"embeddable":true,"href":"https:\/\/parketasala.lv\/en\/wp-json\/wp\/v2\/media\/19333"}],"wp:attachment":[{"href":"https:\/\/parketasala.lv\/en\/wp-json\/wp\/v2\/media?parent=23527"}],"wp:term":[{"taxonomy":"product_brand","embeddable":true,"href":"https:\/\/parketasala.lv\/en\/wp-json\/wp\/v2\/product_brand?post=23527"},{"taxonomy":"product_cat","embeddable":true,"href":"https:\/\/parketasala.lv\/en\/wp-json\/wp\/v2\/product_cat?post=23527"},{"taxonomy":"product_tag","embeddable":true,"href":"https:\/\/parketasala.lv\/en\/wp-json\/wp\/v2\/product_tag?post=23527"}],"curies":[{"name":"wp","href":"https:\/\/api.w.org\/{rel}","templated":true}]}}