{"id":23524,"date":"2023-03-23T11:16:02","date_gmt":"2023-03-23T11:16:02","guid":{"rendered":"https:\/\/parketasala.lv\/product\/vinyl-floor-quick-step-oro-marble-carrara-white\/"},"modified":"2025-03-21T08:42:42","modified_gmt":"2025-03-21T08:42:42","slug":"vinyl-floor-quick-step-oro-marble-carrara-white","status":"publish","type":"product","link":"https:\/\/parketasala.lv\/en\/product\/vinyl-floor-quick-step-oro-marble-carrara-white\/","title":{"rendered":"Vinyl floor Quick-Step Oro Marble Carrara White"},"content":{"rendered":"<p>Quick-Step Oro 4+1 vinyl flooring:<\/p>\n<ul>\n<li>Integrated underlay<\/li>\n<li>The total thickness of the vinyl is 5mm, consisting of 4mm vinyl to which a 1mm thick underlay is glued.<\/li>\n<li>\n \t<\/li>\n<li>Quick and easy installation thanks to the Uniclic click system.<\/li>\n<li>100% water-safe &#8211; can be safely used in the bathroom, corridor or kitchen.<\/li>\n<li>Ideal for underfloor heating &#8211; thermal resistance only 0.033 m2 K\/W.<\/li>\n<li>Quieter and warmer than laminate.<\/li>\n<li>Abrasion-resistant &#8211; vinyl layer 0,55 mm (Class 33).<\/li>\n<li>Scratch &amp; Stain Guard, a protective top layer that protects<strong> against scratches and stains.<\/strong><\/li>\n<li>also suitable for laying on uneven substrates.<\/li>\n<\/ul>\n<p>Quick-Step Alpha vinyls are ideal for laying on <strong>floors with small irregularities<\/strong> (up to 4 mm wide and 1 mm deep) and large areas (no width or length limit, so you won&#8217;t need transition profiles). The flooring will not discolour and will not fade in sunlight. <\/p>\n<p>&nbsp;<\/p>\n","protected":false},"excerpt":{"rendered":"<p>Quick-Step Oro 4+1 vinyl flooring: Integrated underlay The total thickness of the vinyl is 5mm, consisting of 4mm vinyl to which a 1mm thick underlay is glued. Quick and easy installation thanks to the Uniclic click system. 100% water-safe &#8211; can be safely used in the bathroom, corridor or kitchen. Ideal for underfloor heating &#8211; [&hellip;]<\/p>\n","protected":false},"featured_media":21497,"template":"","meta":{"_acf_changed":false},"product_brand":[],"product_cat":[480,567,527,467],"product_tag":[],"class_list":{"0":"post-23524","1":"product","2":"type-product","3":"status-publish","4":"has-post-thumbnail","6":"product_cat-click-to-connect","7":"product_cat-quick-step-en","8":"product_cat-tile-design","9":"product_cat-vinyl-flooring","11":"first","12":"onbackorder","13":"sale","14":"taxable","15":"shipping-taxable","16":"purchasable","17":"product-type-simple"},"acf":[],"yoast_head":"<!-- This site is optimized with the Yoast SEO plugin v27.3 - https:\/\/yoast.com\/product\/yoast-seo-wordpress\/ -->\n<title>Vinyl floor Quick-Step Oro Marble Carrara White &#8211; Parketa Sala<\/title>\n<meta name=\"robots\" content=\"index,follow\" \/>\n<link rel=\"canonical\" href=\"https:\/\/parketasala.lv\/en\/product\/vinyl-floor-quick-step-oro-marble-carrara-white\/\" \/>\n<meta property=\"og:locale\" content=\"en_US\" \/>\n<meta property=\"og:type\" content=\"article\" \/>\n<meta property=\"og:title\" content=\"Vinyl floor Quick-Step Oro Marble Carrara White &#8211; Parketa Sala\" \/>\n<meta property=\"og:description\" content=\"Quick-Step Oro 4+1 vinyl flooring: Integrated underlay The total thickness of the vinyl is 5mm, consisting of 4mm vinyl to which a 1mm thick underlay is glued. Quick and easy installation thanks to the Uniclic click system. 100% water-safe &#8211; can be safely used in the bathroom, corridor or kitchen. Ideal for underfloor heating &#8211; [&hellip;]\" \/>\n<meta property=\"og:url\" content=\"https:\/\/parketasala.lv\/en\/product\/vinyl-floor-quick-step-oro-marble-carrara-white\/\" \/>\n<meta property=\"og:site_name\" content=\"Parketa Sala\" \/>\n<meta property=\"article:publisher\" content=\"https:\/\/www.facebook.com\/parketasala\/\" \/>\n<meta property=\"article:modified_time\" content=\"2025-03-21T08:42:42+00:00\" \/>\n<meta property=\"og:image\" content=\"https:\/\/parketasala.lv\/wp-content\/uploads\/2025\/02\/AVSTU40136_Interior03.jpg\" \/>\n\t<meta property=\"og:image:width\" content=\"671\" \/>\n\t<meta property=\"og:image:height\" content=\"1280\" \/>\n\t<meta property=\"og:image:type\" content=\"image\/jpeg\" \/>\n<meta name=\"twitter:card\" content=\"summary_large_image\" \/>\n<meta name=\"twitter:label1\" content=\"Est. reading time\" \/>\n\t<meta name=\"twitter:data1\" content=\"1 minute\" \/>\n<script type=\"application\/ld+json\" class=\"yoast-schema-graph\">{\"@context\":\"https:\\\/\\\/schema.org\",\"@graph\":[{\"@type\":\"WebPage\",\"@id\":\"https:\\\/\\\/parketasala.lv\\\/en\\\/product\\\/vinyl-floor-quick-step-oro-marble-carrara-white\\\/\",\"url\":\"https:\\\/\\\/parketasala.lv\\\/en\\\/product\\\/vinyl-floor-quick-step-oro-marble-carrara-white\\\/\",\"name\":\"Vinyl floor Quick-Step Oro Marble Carrara White &#8211; Parketa Sala\",\"isPartOf\":{\"@id\":\"https:\\\/\\\/parketasala.lv\\\/en\\\/#website\"},\"primaryImageOfPage\":{\"@id\":\"https:\\\/\\\/parketasala.lv\\\/en\\\/product\\\/vinyl-floor-quick-step-oro-marble-carrara-white\\\/#primaryimage\"},\"image\":{\"@id\":\"https:\\\/\\\/parketasala.lv\\\/en\\\/product\\\/vinyl-floor-quick-step-oro-marble-carrara-white\\\/#primaryimage\"},\"thumbnailUrl\":\"https:\\\/\\\/parketasala.lv\\\/wp-content\\\/uploads\\\/2025\\\/02\\\/AVSTU40136_Interior03.jpg\",\"datePublished\":\"2023-03-23T11:16:02+00:00\",\"dateModified\":\"2025-03-21T08:42:42+00:00\",\"breadcrumb\":{\"@id\":\"https:\\\/\\\/parketasala.lv\\\/en\\\/product\\\/vinyl-floor-quick-step-oro-marble-carrara-white\\\/#breadcrumb\"},\"inLanguage\":\"en-US\",\"potentialAction\":[{\"@type\":\"ReadAction\",\"target\":[\"https:\\\/\\\/parketasala.lv\\\/en\\\/product\\\/vinyl-floor-quick-step-oro-marble-carrara-white\\\/\"]}]},{\"@type\":\"ImageObject\",\"inLanguage\":\"en-US\",\"@id\":\"https:\\\/\\\/parketasala.lv\\\/en\\\/product\\\/vinyl-floor-quick-step-oro-marble-carrara-white\\\/#primaryimage\",\"url\":\"https:\\\/\\\/parketasala.lv\\\/wp-content\\\/uploads\\\/2025\\\/02\\\/AVSTU40136_Interior03.jpg\",\"contentUrl\":\"https:\\\/\\\/parketasala.lv\\\/wp-content\\\/uploads\\\/2025\\\/02\\\/AVSTU40136_Interior03.jpg\",\"width\":671,\"height\":1280,\"caption\":\"Vinyl floor Quick-Step Oro Marble Carrara White AVSTU40136\"},{\"@type\":\"BreadcrumbList\",\"@id\":\"https:\\\/\\\/parketasala.lv\\\/en\\\/product\\\/vinyl-floor-quick-step-oro-marble-carrara-white\\\/#breadcrumb\",\"itemListElement\":[{\"@type\":\"ListItem\",\"position\":1,\"name\":\"Home\",\"item\":\"https:\\\/\\\/parketasala.lv\\\/en\\\/home\\\/\"},{\"@type\":\"ListItem\",\"position\":2,\"name\":\"Shop\",\"item\":\"https:\\\/\\\/parketasala.lv\\\/en\\\/shop\\\/\"},{\"@type\":\"ListItem\",\"position\":3,\"name\":\"Vinyl floor Quick-Step Oro Marble Carrara White\"}]},{\"@type\":\"WebSite\",\"@id\":\"https:\\\/\\\/parketasala.lv\\\/en\\\/#website\",\"url\":\"https:\\\/\\\/parketasala.lv\\\/en\\\/\",\"name\":\"Parketa Sala\",\"description\":\"Pla&scaron;s lamin\u0101ta, vinila, parketa un kor\u0137a gr\u012bdu kl\u0101sts\",\"publisher\":{\"@id\":\"https:\\\/\\\/parketasala.lv\\\/en\\\/#organization\"},\"potentialAction\":[{\"@type\":\"SearchAction\",\"target\":{\"@type\":\"EntryPoint\",\"urlTemplate\":\"https:\\\/\\\/parketasala.lv\\\/en\\\/?s={search_term_string}\"},\"query-input\":{\"@type\":\"PropertyValueSpecification\",\"valueRequired\":true,\"valueName\":\"search_term_string\"}}],\"inLanguage\":\"en-US\"},{\"@type\":\"Organization\",\"@id\":\"https:\\\/\\\/parketasala.lv\\\/en\\\/#organization\",\"name\":\"Parketa Sala\",\"url\":\"https:\\\/\\\/parketasala.lv\\\/en\\\/\",\"logo\":{\"@type\":\"ImageObject\",\"inLanguage\":\"en-US\",\"@id\":\"https:\\\/\\\/parketasala.lv\\\/en\\\/#\\\/schema\\\/logo\\\/image\\\/\",\"url\":\"https:\\\/\\\/parketasala.lv\\\/wp-content\\\/uploads\\\/2019\\\/12\\\/Logo-x3.png\",\"contentUrl\":\"https:\\\/\\\/parketasala.lv\\\/wp-content\\\/uploads\\\/2019\\\/12\\\/Logo-x3.png\",\"width\":660,\"height\":137,\"caption\":\"Parketa Sala\"},\"image\":{\"@id\":\"https:\\\/\\\/parketasala.lv\\\/en\\\/#\\\/schema\\\/logo\\\/image\\\/\"},\"sameAs\":[\"https:\\\/\\\/www.facebook.com\\\/parketasala\\\/\",\"https:\\\/\\\/www.instagram.com\\\/parketasala\\\/\"]}]}<\/script>\n<!-- \/ Yoast SEO plugin. -->","yoast_head_json":{"title":"Vinyl floor Quick-Step Oro Marble Carrara White &#8211; Parketa Sala","robots":{"index,follow":"index,follow"},"canonical":"https:\/\/parketasala.lv\/en\/product\/vinyl-floor-quick-step-oro-marble-carrara-white\/","og_locale":"en_US","og_type":"article","og_title":"Vinyl floor Quick-Step Oro Marble Carrara White &#8211; Parketa Sala","og_description":"Quick-Step Oro 4+1 vinyl flooring: Integrated underlay The total thickness of the vinyl is 5mm, consisting of 4mm vinyl to which a 1mm thick underlay is glued. Quick and easy installation thanks to the Uniclic click system. 100% water-safe &#8211; can be safely used in the bathroom, corridor or kitchen. Ideal for underfloor heating &#8211; [&hellip;]","og_url":"https:\/\/parketasala.lv\/en\/product\/vinyl-floor-quick-step-oro-marble-carrara-white\/","og_site_name":"Parketa Sala","article_publisher":"https:\/\/www.facebook.com\/parketasala\/","article_modified_time":"2025-03-21T08:42:42+00:00","og_image":[{"width":671,"height":1280,"url":"https:\/\/parketasala.lv\/wp-content\/uploads\/2025\/02\/AVSTU40136_Interior03.jpg","type":"image\/jpeg"}],"twitter_card":"summary_large_image","twitter_misc":{"Est. reading time":"1 minute"},"schema":{"@context":"https:\/\/schema.org","@graph":[{"@type":"WebPage","@id":"https:\/\/parketasala.lv\/en\/product\/vinyl-floor-quick-step-oro-marble-carrara-white\/","url":"https:\/\/parketasala.lv\/en\/product\/vinyl-floor-quick-step-oro-marble-carrara-white\/","name":"Vinyl floor Quick-Step Oro Marble Carrara White &#8211; Parketa Sala","isPartOf":{"@id":"https:\/\/parketasala.lv\/en\/#website"},"primaryImageOfPage":{"@id":"https:\/\/parketasala.lv\/en\/product\/vinyl-floor-quick-step-oro-marble-carrara-white\/#primaryimage"},"image":{"@id":"https:\/\/parketasala.lv\/en\/product\/vinyl-floor-quick-step-oro-marble-carrara-white\/#primaryimage"},"thumbnailUrl":"https:\/\/parketasala.lv\/wp-content\/uploads\/2025\/02\/AVSTU40136_Interior03.jpg","datePublished":"2023-03-23T11:16:02+00:00","dateModified":"2025-03-21T08:42:42+00:00","breadcrumb":{"@id":"https:\/\/parketasala.lv\/en\/product\/vinyl-floor-quick-step-oro-marble-carrara-white\/#breadcrumb"},"inLanguage":"en-US","potentialAction":[{"@type":"ReadAction","target":["https:\/\/parketasala.lv\/en\/product\/vinyl-floor-quick-step-oro-marble-carrara-white\/"]}]},{"@type":"ImageObject","inLanguage":"en-US","@id":"https:\/\/parketasala.lv\/en\/product\/vinyl-floor-quick-step-oro-marble-carrara-white\/#primaryimage","url":"https:\/\/parketasala.lv\/wp-content\/uploads\/2025\/02\/AVSTU40136_Interior03.jpg","contentUrl":"https:\/\/parketasala.lv\/wp-content\/uploads\/2025\/02\/AVSTU40136_Interior03.jpg","width":671,"height":1280,"caption":"Vinyl floor Quick-Step Oro Marble Carrara White AVSTU40136"},{"@type":"BreadcrumbList","@id":"https:\/\/parketasala.lv\/en\/product\/vinyl-floor-quick-step-oro-marble-carrara-white\/#breadcrumb","itemListElement":[{"@type":"ListItem","position":1,"name":"Home","item":"https:\/\/parketasala.lv\/en\/home\/"},{"@type":"ListItem","position":2,"name":"Shop","item":"https:\/\/parketasala.lv\/en\/shop\/"},{"@type":"ListItem","position":3,"name":"Vinyl floor Quick-Step Oro Marble Carrara White"}]},{"@type":"WebSite","@id":"https:\/\/parketasala.lv\/en\/#website","url":"https:\/\/parketasala.lv\/en\/","name":"Parketa Sala","description":"Pla&scaron;s lamin\u0101ta, vinila, parketa un kor\u0137a gr\u012bdu kl\u0101sts","publisher":{"@id":"https:\/\/parketasala.lv\/en\/#organization"},"potentialAction":[{"@type":"SearchAction","target":{"@type":"EntryPoint","urlTemplate":"https:\/\/parketasala.lv\/en\/?s={search_term_string}"},"query-input":{"@type":"PropertyValueSpecification","valueRequired":true,"valueName":"search_term_string"}}],"inLanguage":"en-US"},{"@type":"Organization","@id":"https:\/\/parketasala.lv\/en\/#organization","name":"Parketa Sala","url":"https:\/\/parketasala.lv\/en\/","logo":{"@type":"ImageObject","inLanguage":"en-US","@id":"https:\/\/parketasala.lv\/en\/#\/schema\/logo\/image\/","url":"https:\/\/parketasala.lv\/wp-content\/uploads\/2019\/12\/Logo-x3.png","contentUrl":"https:\/\/parketasala.lv\/wp-content\/uploads\/2019\/12\/Logo-x3.png","width":660,"height":137,"caption":"Parketa Sala"},"image":{"@id":"https:\/\/parketasala.lv\/en\/#\/schema\/logo\/image\/"},"sameAs":["https:\/\/www.facebook.com\/parketasala\/","https:\/\/www.instagram.com\/parketasala\/"]}]}},"_links":{"self":[{"href":"https:\/\/parketasala.lv\/en\/wp-json\/wp\/v2\/product\/23524","targetHints":{"allow":["GET"]}}],"collection":[{"href":"https:\/\/parketasala.lv\/en\/wp-json\/wp\/v2\/product"}],"about":[{"href":"https:\/\/parketasala.lv\/en\/wp-json\/wp\/v2\/types\/product"}],"wp:featuredmedia":[{"embeddable":true,"href":"https:\/\/parketasala.lv\/en\/wp-json\/wp\/v2\/media\/21497"}],"wp:attachment":[{"href":"https:\/\/parketasala.lv\/en\/wp-json\/wp\/v2\/media?parent=23524"}],"wp:term":[{"taxonomy":"product_brand","embeddable":true,"href":"https:\/\/parketasala.lv\/en\/wp-json\/wp\/v2\/product_brand?post=23524"},{"taxonomy":"product_cat","embeddable":true,"href":"https:\/\/parketasala.lv\/en\/wp-json\/wp\/v2\/product_cat?post=23524"},{"taxonomy":"product_tag","embeddable":true,"href":"https:\/\/parketasala.lv\/en\/wp-json\/wp\/v2\/product_tag?post=23524"}],"curies":[{"name":"wp","href":"https:\/\/api.w.org\/{rel}","templated":true}]}}