{"id":23380,"date":"2023-04-03T11:23:45","date_gmt":"2023-04-03T11:23:45","guid":{"rendered":"https:\/\/parketasala.lv\/product\/pergo-laminate-bergen-pro-red-clay-teak\/"},"modified":"2025-03-21T08:55:08","modified_gmt":"2025-03-21T08:55:08","slug":"pergo-laminate-bergen-pro-red-clay-teak","status":"publish","type":"product","link":"https:\/\/parketasala.lv\/en\/product\/pergo-laminate-bergen-pro-red-clay-teak\/","title":{"rendered":"Pergo laminate Bergen Pro Red Clay Teak"},"content":{"rendered":"<p>Pergo Bergen Pro collection:<\/p>\n<ul>\n<li>The detailed, highly authentic structure accurately depicts the pattern and relief of the wood.<\/li>\n<li>Boards with rounded, laminated v-grooves.<\/li>\n<li>Scratch guard &#8211; 10 times more scratch resistant than conventional laminate. Suitable for any room in an apartment or house with heavy traffic. <\/li>\n<li>AquaSafe water-repellent overlay &#8211; ideal for areas with high humidity, such as bathrooms, kitchens, corridors or utility rooms.<\/li>\n<li>The decor is also available with a wear resistance class of 32. <\/li>\n<\/ul>\n<p>&nbsp;<\/p>\n<p>The ideal choice when you need the charm of real wood, easy cleaning and durability.<\/p>\n<p>&nbsp;<\/p>\n<p>&nbsp;<\/p>\n<h4><\/h4>\n","protected":false},"excerpt":{"rendered":"<p>Pergo Bergen Pro collection: The detailed, highly authentic structure accurately depicts the pattern and relief of the wood. Boards with rounded, laminated v-grooves. Scratch guard &#8211; 10 times more scratch resistant than conventional laminate. Suitable for any room in an apartment or house with heavy traffic. AquaSafe water-repellent overlay &#8211; ideal for areas with high [&hellip;]<\/p>\n","protected":false},"featured_media":19648,"template":"","meta":{"_acf_changed":false},"product_brand":[],"product_cat":[423,437,588,425],"product_tag":[],"class_list":{"0":"post-23380","1":"product","2":"type-product","3":"status-publish","4":"has-post-thumbnail","6":"product_cat-laminate-floor-coverings","7":"product_cat-laminate-for-wet-rooms","8":"product_cat-laminate-pergo","9":"product_cat-wooden-design","11":"first","12":"onbackorder","13":"taxable","14":"shipping-taxable","15":"purchasable","16":"product-type-simple"},"acf":[],"yoast_head":"<!-- This site is optimized with the Yoast SEO plugin v27.3 - https:\/\/yoast.com\/product\/yoast-seo-wordpress\/ -->\n<title>Pergo laminate Bergen Pro Red Clay Teak &#8211; Parketa Sala<\/title>\n<meta name=\"robots\" content=\"index,follow\" \/>\n<link rel=\"canonical\" href=\"https:\/\/parketasala.lv\/en\/product\/pergo-laminate-bergen-pro-red-clay-teak\/\" \/>\n<meta property=\"og:locale\" content=\"en_US\" \/>\n<meta property=\"og:type\" content=\"article\" \/>\n<meta property=\"og:title\" content=\"Pergo laminate Bergen Pro Red Clay Teak &#8211; Parketa Sala\" \/>\n<meta property=\"og:description\" content=\"Pergo Bergen Pro collection: The detailed, highly authentic structure accurately depicts the pattern and relief of the wood. Boards with rounded, laminated v-grooves. Scratch guard &#8211; 10 times more scratch resistant than conventional laminate. Suitable for any room in an apartment or house with heavy traffic. AquaSafe water-repellent overlay &#8211; ideal for areas with high [&hellip;]\" \/>\n<meta property=\"og:url\" content=\"https:\/\/parketasala.lv\/en\/product\/pergo-laminate-bergen-pro-red-clay-teak\/\" \/>\n<meta property=\"og:site_name\" content=\"Parketa Sala\" \/>\n<meta property=\"article:publisher\" content=\"https:\/\/www.facebook.com\/parketasala\/\" \/>\n<meta property=\"article:modified_time\" content=\"2025-03-21T08:55:08+00:00\" \/>\n<meta property=\"og:image\" content=\"https:\/\/parketasala.lv\/wp-content\/uploads\/2023\/04\/L0246-05021_Interior01-scaled.jpg\" \/>\n\t<meta property=\"og:image:width\" content=\"2560\" \/>\n\t<meta property=\"og:image:height\" content=\"1920\" \/>\n\t<meta property=\"og:image:type\" content=\"image\/jpeg\" \/>\n<meta name=\"twitter:card\" content=\"summary_large_image\" \/>\n<script type=\"application\/ld+json\" class=\"yoast-schema-graph\">{\"@context\":\"https:\\\/\\\/schema.org\",\"@graph\":[{\"@type\":\"WebPage\",\"@id\":\"https:\\\/\\\/parketasala.lv\\\/en\\\/product\\\/pergo-laminate-bergen-pro-red-clay-teak\\\/\",\"url\":\"https:\\\/\\\/parketasala.lv\\\/en\\\/product\\\/pergo-laminate-bergen-pro-red-clay-teak\\\/\",\"name\":\"Pergo laminate Bergen Pro Red Clay Teak &#8211; Parketa Sala\",\"isPartOf\":{\"@id\":\"https:\\\/\\\/parketasala.lv\\\/en\\\/#website\"},\"primaryImageOfPage\":{\"@id\":\"https:\\\/\\\/parketasala.lv\\\/en\\\/product\\\/pergo-laminate-bergen-pro-red-clay-teak\\\/#primaryimage\"},\"image\":{\"@id\":\"https:\\\/\\\/parketasala.lv\\\/en\\\/product\\\/pergo-laminate-bergen-pro-red-clay-teak\\\/#primaryimage\"},\"thumbnailUrl\":\"https:\\\/\\\/parketasala.lv\\\/wp-content\\\/uploads\\\/2023\\\/04\\\/L0246-05021_Interior01-scaled.jpg\",\"datePublished\":\"2023-04-03T11:23:45+00:00\",\"dateModified\":\"2025-03-21T08:55:08+00:00\",\"breadcrumb\":{\"@id\":\"https:\\\/\\\/parketasala.lv\\\/en\\\/product\\\/pergo-laminate-bergen-pro-red-clay-teak\\\/#breadcrumb\"},\"inLanguage\":\"en-US\",\"potentialAction\":[{\"@type\":\"ReadAction\",\"target\":[\"https:\\\/\\\/parketasala.lv\\\/en\\\/product\\\/pergo-laminate-bergen-pro-red-clay-teak\\\/\"]}]},{\"@type\":\"ImageObject\",\"inLanguage\":\"en-US\",\"@id\":\"https:\\\/\\\/parketasala.lv\\\/en\\\/product\\\/pergo-laminate-bergen-pro-red-clay-teak\\\/#primaryimage\",\"url\":\"https:\\\/\\\/parketasala.lv\\\/wp-content\\\/uploads\\\/2023\\\/04\\\/L0246-05021_Interior01-scaled.jpg\",\"contentUrl\":\"https:\\\/\\\/parketasala.lv\\\/wp-content\\\/uploads\\\/2023\\\/04\\\/L0246-05021_Interior01-scaled.jpg\",\"width\":2560,\"height\":1920,\"caption\":\"L0246-05021\"},{\"@type\":\"BreadcrumbList\",\"@id\":\"https:\\\/\\\/parketasala.lv\\\/en\\\/product\\\/pergo-laminate-bergen-pro-red-clay-teak\\\/#breadcrumb\",\"itemListElement\":[{\"@type\":\"ListItem\",\"position\":1,\"name\":\"Home\",\"item\":\"https:\\\/\\\/parketasala.lv\\\/en\\\/home\\\/\"},{\"@type\":\"ListItem\",\"position\":2,\"name\":\"Shop\",\"item\":\"https:\\\/\\\/parketasala.lv\\\/en\\\/shop\\\/\"},{\"@type\":\"ListItem\",\"position\":3,\"name\":\"Pergo laminate Bergen Pro Red Clay Teak\"}]},{\"@type\":\"WebSite\",\"@id\":\"https:\\\/\\\/parketasala.lv\\\/en\\\/#website\",\"url\":\"https:\\\/\\\/parketasala.lv\\\/en\\\/\",\"name\":\"Parketa Sala\",\"description\":\"Pla&scaron;s lamin\u0101ta, vinila, parketa un kor\u0137a gr\u012bdu kl\u0101sts\",\"publisher\":{\"@id\":\"https:\\\/\\\/parketasala.lv\\\/en\\\/#organization\"},\"potentialAction\":[{\"@type\":\"SearchAction\",\"target\":{\"@type\":\"EntryPoint\",\"urlTemplate\":\"https:\\\/\\\/parketasala.lv\\\/en\\\/?s={search_term_string}\"},\"query-input\":{\"@type\":\"PropertyValueSpecification\",\"valueRequired\":true,\"valueName\":\"search_term_string\"}}],\"inLanguage\":\"en-US\"},{\"@type\":\"Organization\",\"@id\":\"https:\\\/\\\/parketasala.lv\\\/en\\\/#organization\",\"name\":\"Parketa Sala\",\"url\":\"https:\\\/\\\/parketasala.lv\\\/en\\\/\",\"logo\":{\"@type\":\"ImageObject\",\"inLanguage\":\"en-US\",\"@id\":\"https:\\\/\\\/parketasala.lv\\\/en\\\/#\\\/schema\\\/logo\\\/image\\\/\",\"url\":\"https:\\\/\\\/parketasala.lv\\\/wp-content\\\/uploads\\\/2019\\\/12\\\/Logo-x3.png\",\"contentUrl\":\"https:\\\/\\\/parketasala.lv\\\/wp-content\\\/uploads\\\/2019\\\/12\\\/Logo-x3.png\",\"width\":660,\"height\":137,\"caption\":\"Parketa Sala\"},\"image\":{\"@id\":\"https:\\\/\\\/parketasala.lv\\\/en\\\/#\\\/schema\\\/logo\\\/image\\\/\"},\"sameAs\":[\"https:\\\/\\\/www.facebook.com\\\/parketasala\\\/\",\"https:\\\/\\\/www.instagram.com\\\/parketasala\\\/\"]}]}<\/script>\n<!-- \/ Yoast SEO plugin. -->","yoast_head_json":{"title":"Pergo laminate Bergen Pro Red Clay Teak &#8211; Parketa Sala","robots":{"index,follow":"index,follow"},"canonical":"https:\/\/parketasala.lv\/en\/product\/pergo-laminate-bergen-pro-red-clay-teak\/","og_locale":"en_US","og_type":"article","og_title":"Pergo laminate Bergen Pro Red Clay Teak &#8211; Parketa Sala","og_description":"Pergo Bergen Pro collection: The detailed, highly authentic structure accurately depicts the pattern and relief of the wood. Boards with rounded, laminated v-grooves. Scratch guard &#8211; 10 times more scratch resistant than conventional laminate. Suitable for any room in an apartment or house with heavy traffic. AquaSafe water-repellent overlay &#8211; ideal for areas with high [&hellip;]","og_url":"https:\/\/parketasala.lv\/en\/product\/pergo-laminate-bergen-pro-red-clay-teak\/","og_site_name":"Parketa Sala","article_publisher":"https:\/\/www.facebook.com\/parketasala\/","article_modified_time":"2025-03-21T08:55:08+00:00","og_image":[{"width":2560,"height":1920,"url":"https:\/\/parketasala.lv\/wp-content\/uploads\/2023\/04\/L0246-05021_Interior01-scaled.jpg","type":"image\/jpeg"}],"twitter_card":"summary_large_image","schema":{"@context":"https:\/\/schema.org","@graph":[{"@type":"WebPage","@id":"https:\/\/parketasala.lv\/en\/product\/pergo-laminate-bergen-pro-red-clay-teak\/","url":"https:\/\/parketasala.lv\/en\/product\/pergo-laminate-bergen-pro-red-clay-teak\/","name":"Pergo laminate Bergen Pro Red Clay Teak &#8211; Parketa Sala","isPartOf":{"@id":"https:\/\/parketasala.lv\/en\/#website"},"primaryImageOfPage":{"@id":"https:\/\/parketasala.lv\/en\/product\/pergo-laminate-bergen-pro-red-clay-teak\/#primaryimage"},"image":{"@id":"https:\/\/parketasala.lv\/en\/product\/pergo-laminate-bergen-pro-red-clay-teak\/#primaryimage"},"thumbnailUrl":"https:\/\/parketasala.lv\/wp-content\/uploads\/2023\/04\/L0246-05021_Interior01-scaled.jpg","datePublished":"2023-04-03T11:23:45+00:00","dateModified":"2025-03-21T08:55:08+00:00","breadcrumb":{"@id":"https:\/\/parketasala.lv\/en\/product\/pergo-laminate-bergen-pro-red-clay-teak\/#breadcrumb"},"inLanguage":"en-US","potentialAction":[{"@type":"ReadAction","target":["https:\/\/parketasala.lv\/en\/product\/pergo-laminate-bergen-pro-red-clay-teak\/"]}]},{"@type":"ImageObject","inLanguage":"en-US","@id":"https:\/\/parketasala.lv\/en\/product\/pergo-laminate-bergen-pro-red-clay-teak\/#primaryimage","url":"https:\/\/parketasala.lv\/wp-content\/uploads\/2023\/04\/L0246-05021_Interior01-scaled.jpg","contentUrl":"https:\/\/parketasala.lv\/wp-content\/uploads\/2023\/04\/L0246-05021_Interior01-scaled.jpg","width":2560,"height":1920,"caption":"L0246-05021"},{"@type":"BreadcrumbList","@id":"https:\/\/parketasala.lv\/en\/product\/pergo-laminate-bergen-pro-red-clay-teak\/#breadcrumb","itemListElement":[{"@type":"ListItem","position":1,"name":"Home","item":"https:\/\/parketasala.lv\/en\/home\/"},{"@type":"ListItem","position":2,"name":"Shop","item":"https:\/\/parketasala.lv\/en\/shop\/"},{"@type":"ListItem","position":3,"name":"Pergo laminate Bergen Pro Red Clay Teak"}]},{"@type":"WebSite","@id":"https:\/\/parketasala.lv\/en\/#website","url":"https:\/\/parketasala.lv\/en\/","name":"Parketa Sala","description":"Pla&scaron;s lamin\u0101ta, vinila, parketa un kor\u0137a gr\u012bdu kl\u0101sts","publisher":{"@id":"https:\/\/parketasala.lv\/en\/#organization"},"potentialAction":[{"@type":"SearchAction","target":{"@type":"EntryPoint","urlTemplate":"https:\/\/parketasala.lv\/en\/?s={search_term_string}"},"query-input":{"@type":"PropertyValueSpecification","valueRequired":true,"valueName":"search_term_string"}}],"inLanguage":"en-US"},{"@type":"Organization","@id":"https:\/\/parketasala.lv\/en\/#organization","name":"Parketa Sala","url":"https:\/\/parketasala.lv\/en\/","logo":{"@type":"ImageObject","inLanguage":"en-US","@id":"https:\/\/parketasala.lv\/en\/#\/schema\/logo\/image\/","url":"https:\/\/parketasala.lv\/wp-content\/uploads\/2019\/12\/Logo-x3.png","contentUrl":"https:\/\/parketasala.lv\/wp-content\/uploads\/2019\/12\/Logo-x3.png","width":660,"height":137,"caption":"Parketa Sala"},"image":{"@id":"https:\/\/parketasala.lv\/en\/#\/schema\/logo\/image\/"},"sameAs":["https:\/\/www.facebook.com\/parketasala\/","https:\/\/www.instagram.com\/parketasala\/"]}]}},"_links":{"self":[{"href":"https:\/\/parketasala.lv\/en\/wp-json\/wp\/v2\/product\/23380","targetHints":{"allow":["GET"]}}],"collection":[{"href":"https:\/\/parketasala.lv\/en\/wp-json\/wp\/v2\/product"}],"about":[{"href":"https:\/\/parketasala.lv\/en\/wp-json\/wp\/v2\/types\/product"}],"wp:featuredmedia":[{"embeddable":true,"href":"https:\/\/parketasala.lv\/en\/wp-json\/wp\/v2\/media\/19648"}],"wp:attachment":[{"href":"https:\/\/parketasala.lv\/en\/wp-json\/wp\/v2\/media?parent=23380"}],"wp:term":[{"taxonomy":"product_brand","embeddable":true,"href":"https:\/\/parketasala.lv\/en\/wp-json\/wp\/v2\/product_brand?post=23380"},{"taxonomy":"product_cat","embeddable":true,"href":"https:\/\/parketasala.lv\/en\/wp-json\/wp\/v2\/product_cat?post=23380"},{"taxonomy":"product_tag","embeddable":true,"href":"https:\/\/parketasala.lv\/en\/wp-json\/wp\/v2\/product_tag?post=23380"}],"curies":[{"name":"wp","href":"https:\/\/api.w.org\/{rel}","templated":true}]}}