{"id":23271,"date":"2023-05-08T10:40:48","date_gmt":"2023-05-08T10:40:48","guid":{"rendered":"https:\/\/parketasala.lv\/product\/moduleo-impress-laurel-oak-51222\/"},"modified":"2025-06-18T14:53:49","modified_gmt":"2025-06-18T14:53:49","slug":"moduleo-impress-laurel-oak-51222","status":"publish","type":"product","link":"https:\/\/parketasala.lv\/en\/product\/moduleo-impress-laurel-oak-51222\/","title":{"rendered":"Moduleo Impress Laurel Oak 51222"},"content":{"rendered":"<p>The Impress Collection vinyl floors are suitable for any room in the home, as well as for any public space, as they are resistant to wear class 42 (0.55 mm top layer). All designs are four-sided, available with a click system or glued. Ideal for replacing cold tiles.    Very low thermal resistance! The characteristic feature of this collection is that the texture of the surface matches the pattern of the d\u00e9cor, creating the most natural look possible.<\/p>\n","protected":false},"excerpt":{"rendered":"<p>The Impress Collection vinyl floors are suitable for any room in the home, as well as for any public space, as they are resistant to wear class 42 (0.55 mm top layer). All designs are four-sided, available with a click system or glued. Ideal for replacing cold tiles. Very low thermal resistance! The characteristic feature [&hellip;]<\/p>\n","protected":false},"featured_media":13191,"template":"","meta":{"_acf_changed":false},"product_brand":[],"product_cat":[735,740,776,731,732],"product_tag":[],"class_list":{"0":"post-23271","1":"product","2":"type-product","3":"status-publish","4":"has-post-thumbnail","6":"product_cat-moduleo-ru","7":"product_cat--ru","8":"product_cat-776","9":"product_cat-731","10":"product_cat-732","12":"first","13":"onbackorder","14":"taxable","15":"shipping-taxable","16":"purchasable","17":"product-type-simple"},"acf":[],"yoast_head":"<!-- This site is optimized with the Yoast SEO plugin v27.3 - https:\/\/yoast.com\/product\/yoast-seo-wordpress\/ -->\n<title>Moduleo Impress Laurel Oak 51222 &#8211; Parketa Sala<\/title>\n<meta name=\"robots\" content=\"index,follow\" \/>\n<link rel=\"canonical\" href=\"https:\/\/parketasala.lv\/en\/product\/moduleo-impress-laurel-oak-51222\/\" \/>\n<meta property=\"og:locale\" content=\"en_US\" \/>\n<meta property=\"og:type\" content=\"article\" \/>\n<meta property=\"og:title\" content=\"Moduleo Impress Laurel Oak 51222 &#8211; Parketa Sala\" \/>\n<meta property=\"og:description\" content=\"The Impress Collection vinyl floors are suitable for any room in the home, as well as for any public space, as they are resistant to wear class 42 (0.55 mm top layer). All designs are four-sided, available with a click system or glued. Ideal for replacing cold tiles. Very low thermal resistance! The characteristic feature [&hellip;]\" \/>\n<meta property=\"og:url\" content=\"https:\/\/parketasala.lv\/en\/product\/moduleo-impress-laurel-oak-51222\/\" \/>\n<meta property=\"og:site_name\" content=\"Parketa Sala\" \/>\n<meta property=\"article:publisher\" content=\"https:\/\/www.facebook.com\/parketasala\/\" \/>\n<meta property=\"article:modified_time\" content=\"2025-06-18T14:53:49+00:00\" \/>\n<meta property=\"og:image\" content=\"https:\/\/parketasala.lv\/wp-content\/uploads\/2020\/02\/IM_LAUREL-OAK-51222_room_17425.jpg\" \/>\n\t<meta property=\"og:image:width\" content=\"1920\" \/>\n\t<meta property=\"og:image:height\" content=\"2560\" \/>\n\t<meta property=\"og:image:type\" content=\"image\/jpeg\" \/>\n<meta name=\"twitter:card\" content=\"summary_large_image\" \/>\n<script type=\"application\/ld+json\" class=\"yoast-schema-graph\">{\"@context\":\"https:\\\/\\\/schema.org\",\"@graph\":[{\"@type\":\"WebPage\",\"@id\":\"https:\\\/\\\/parketasala.lv\\\/en\\\/product\\\/moduleo-impress-laurel-oak-51222\\\/\",\"url\":\"https:\\\/\\\/parketasala.lv\\\/en\\\/product\\\/moduleo-impress-laurel-oak-51222\\\/\",\"name\":\"Moduleo Impress Laurel Oak 51222 &#8211; Parketa Sala\",\"isPartOf\":{\"@id\":\"https:\\\/\\\/parketasala.lv\\\/en\\\/#website\"},\"primaryImageOfPage\":{\"@id\":\"https:\\\/\\\/parketasala.lv\\\/en\\\/product\\\/moduleo-impress-laurel-oak-51222\\\/#primaryimage\"},\"image\":{\"@id\":\"https:\\\/\\\/parketasala.lv\\\/en\\\/product\\\/moduleo-impress-laurel-oak-51222\\\/#primaryimage\"},\"thumbnailUrl\":\"https:\\\/\\\/parketasala.lv\\\/wp-content\\\/uploads\\\/2020\\\/02\\\/IM_LAUREL-OAK-51222_room_17425-1152x1536.jpg.webp\",\"datePublished\":\"2023-05-08T10:40:48+00:00\",\"dateModified\":\"2025-06-18T14:53:49+00:00\",\"breadcrumb\":{\"@id\":\"https:\\\/\\\/parketasala.lv\\\/en\\\/product\\\/moduleo-impress-laurel-oak-51222\\\/#breadcrumb\"},\"inLanguage\":\"en-US\",\"potentialAction\":[{\"@type\":\"ReadAction\",\"target\":[\"https:\\\/\\\/parketasala.lv\\\/en\\\/product\\\/moduleo-impress-laurel-oak-51222\\\/\"]}]},{\"@type\":\"ImageObject\",\"inLanguage\":\"en-US\",\"@id\":\"https:\\\/\\\/parketasala.lv\\\/en\\\/product\\\/moduleo-impress-laurel-oak-51222\\\/#primaryimage\",\"url\":\"https:\\\/\\\/parketasala.lv\\\/wp-content\\\/uploads\\\/2020\\\/02\\\/IM_LAUREL-OAK-51222_room_17425-1152x1536.jpg.webp\",\"contentUrl\":\"https:\\\/\\\/parketasala.lv\\\/wp-content\\\/uploads\\\/2020\\\/02\\\/IM_LAUREL-OAK-51222_room_17425-1152x1536.jpg.webp\",\"width\":1920,\"height\":2560,\"caption\":\"vinyl grid moduleo impress laurel oak 51222\"},{\"@type\":\"BreadcrumbList\",\"@id\":\"https:\\\/\\\/parketasala.lv\\\/en\\\/product\\\/moduleo-impress-laurel-oak-51222\\\/#breadcrumb\",\"itemListElement\":[{\"@type\":\"ListItem\",\"position\":1,\"name\":\"Home\",\"item\":\"https:\\\/\\\/parketasala.lv\\\/en\\\/home\\\/\"},{\"@type\":\"ListItem\",\"position\":2,\"name\":\"Shop\",\"item\":\"https:\\\/\\\/parketasala.lv\\\/en\\\/shop\\\/\"},{\"@type\":\"ListItem\",\"position\":3,\"name\":\"Moduleo Impress Laurel Oak 51222\"}]},{\"@type\":\"WebSite\",\"@id\":\"https:\\\/\\\/parketasala.lv\\\/en\\\/#website\",\"url\":\"https:\\\/\\\/parketasala.lv\\\/en\\\/\",\"name\":\"Parketa Sala\",\"description\":\"Pla&scaron;s lamin\u0101ta, vinila, parketa un kor\u0137a gr\u012bdu kl\u0101sts\",\"publisher\":{\"@id\":\"https:\\\/\\\/parketasala.lv\\\/en\\\/#organization\"},\"potentialAction\":[{\"@type\":\"SearchAction\",\"target\":{\"@type\":\"EntryPoint\",\"urlTemplate\":\"https:\\\/\\\/parketasala.lv\\\/en\\\/?s={search_term_string}\"},\"query-input\":{\"@type\":\"PropertyValueSpecification\",\"valueRequired\":true,\"valueName\":\"search_term_string\"}}],\"inLanguage\":\"en-US\"},{\"@type\":\"Organization\",\"@id\":\"https:\\\/\\\/parketasala.lv\\\/en\\\/#organization\",\"name\":\"Parketa Sala\",\"url\":\"https:\\\/\\\/parketasala.lv\\\/en\\\/\",\"logo\":{\"@type\":\"ImageObject\",\"inLanguage\":\"en-US\",\"@id\":\"https:\\\/\\\/parketasala.lv\\\/en\\\/#\\\/schema\\\/logo\\\/image\\\/\",\"url\":\"https:\\\/\\\/parketasala.lv\\\/wp-content\\\/uploads\\\/2019\\\/12\\\/Logo-x3.png\",\"contentUrl\":\"https:\\\/\\\/parketasala.lv\\\/wp-content\\\/uploads\\\/2019\\\/12\\\/Logo-x3.png\",\"width\":660,\"height\":137,\"caption\":\"Parketa Sala\"},\"image\":{\"@id\":\"https:\\\/\\\/parketasala.lv\\\/en\\\/#\\\/schema\\\/logo\\\/image\\\/\"},\"sameAs\":[\"https:\\\/\\\/www.facebook.com\\\/parketasala\\\/\",\"https:\\\/\\\/www.instagram.com\\\/parketasala\\\/\"]}]}<\/script>\n<!-- \/ Yoast SEO plugin. -->","yoast_head_json":{"title":"Moduleo Impress Laurel Oak 51222 &#8211; Parketa Sala","robots":{"index,follow":"index,follow"},"canonical":"https:\/\/parketasala.lv\/en\/product\/moduleo-impress-laurel-oak-51222\/","og_locale":"en_US","og_type":"article","og_title":"Moduleo Impress Laurel Oak 51222 &#8211; Parketa Sala","og_description":"The Impress Collection vinyl floors are suitable for any room in the home, as well as for any public space, as they are resistant to wear class 42 (0.55 mm top layer). All designs are four-sided, available with a click system or glued. Ideal for replacing cold tiles. Very low thermal resistance! The characteristic feature [&hellip;]","og_url":"https:\/\/parketasala.lv\/en\/product\/moduleo-impress-laurel-oak-51222\/","og_site_name":"Parketa Sala","article_publisher":"https:\/\/www.facebook.com\/parketasala\/","article_modified_time":"2025-06-18T14:53:49+00:00","og_image":[{"width":1920,"height":2560,"url":"https:\/\/parketasala.lv\/wp-content\/uploads\/2020\/02\/IM_LAUREL-OAK-51222_room_17425.jpg","type":"image\/jpeg"}],"twitter_card":"summary_large_image","schema":{"@context":"https:\/\/schema.org","@graph":[{"@type":"WebPage","@id":"https:\/\/parketasala.lv\/en\/product\/moduleo-impress-laurel-oak-51222\/","url":"https:\/\/parketasala.lv\/en\/product\/moduleo-impress-laurel-oak-51222\/","name":"Moduleo Impress Laurel Oak 51222 &#8211; Parketa Sala","isPartOf":{"@id":"https:\/\/parketasala.lv\/en\/#website"},"primaryImageOfPage":{"@id":"https:\/\/parketasala.lv\/en\/product\/moduleo-impress-laurel-oak-51222\/#primaryimage"},"image":{"@id":"https:\/\/parketasala.lv\/en\/product\/moduleo-impress-laurel-oak-51222\/#primaryimage"},"thumbnailUrl":"https:\/\/parketasala.lv\/wp-content\/uploads\/2020\/02\/IM_LAUREL-OAK-51222_room_17425-1152x1536.jpg.webp","datePublished":"2023-05-08T10:40:48+00:00","dateModified":"2025-06-18T14:53:49+00:00","breadcrumb":{"@id":"https:\/\/parketasala.lv\/en\/product\/moduleo-impress-laurel-oak-51222\/#breadcrumb"},"inLanguage":"en-US","potentialAction":[{"@type":"ReadAction","target":["https:\/\/parketasala.lv\/en\/product\/moduleo-impress-laurel-oak-51222\/"]}]},{"@type":"ImageObject","inLanguage":"en-US","@id":"https:\/\/parketasala.lv\/en\/product\/moduleo-impress-laurel-oak-51222\/#primaryimage","url":"https:\/\/parketasala.lv\/wp-content\/uploads\/2020\/02\/IM_LAUREL-OAK-51222_room_17425-1152x1536.jpg.webp","contentUrl":"https:\/\/parketasala.lv\/wp-content\/uploads\/2020\/02\/IM_LAUREL-OAK-51222_room_17425-1152x1536.jpg.webp","width":1920,"height":2560,"caption":"vinyl grid moduleo impress laurel oak 51222"},{"@type":"BreadcrumbList","@id":"https:\/\/parketasala.lv\/en\/product\/moduleo-impress-laurel-oak-51222\/#breadcrumb","itemListElement":[{"@type":"ListItem","position":1,"name":"Home","item":"https:\/\/parketasala.lv\/en\/home\/"},{"@type":"ListItem","position":2,"name":"Shop","item":"https:\/\/parketasala.lv\/en\/shop\/"},{"@type":"ListItem","position":3,"name":"Moduleo Impress Laurel Oak 51222"}]},{"@type":"WebSite","@id":"https:\/\/parketasala.lv\/en\/#website","url":"https:\/\/parketasala.lv\/en\/","name":"Parketa Sala","description":"Pla&scaron;s lamin\u0101ta, vinila, parketa un kor\u0137a gr\u012bdu kl\u0101sts","publisher":{"@id":"https:\/\/parketasala.lv\/en\/#organization"},"potentialAction":[{"@type":"SearchAction","target":{"@type":"EntryPoint","urlTemplate":"https:\/\/parketasala.lv\/en\/?s={search_term_string}"},"query-input":{"@type":"PropertyValueSpecification","valueRequired":true,"valueName":"search_term_string"}}],"inLanguage":"en-US"},{"@type":"Organization","@id":"https:\/\/parketasala.lv\/en\/#organization","name":"Parketa Sala","url":"https:\/\/parketasala.lv\/en\/","logo":{"@type":"ImageObject","inLanguage":"en-US","@id":"https:\/\/parketasala.lv\/en\/#\/schema\/logo\/image\/","url":"https:\/\/parketasala.lv\/wp-content\/uploads\/2019\/12\/Logo-x3.png","contentUrl":"https:\/\/parketasala.lv\/wp-content\/uploads\/2019\/12\/Logo-x3.png","width":660,"height":137,"caption":"Parketa Sala"},"image":{"@id":"https:\/\/parketasala.lv\/en\/#\/schema\/logo\/image\/"},"sameAs":["https:\/\/www.facebook.com\/parketasala\/","https:\/\/www.instagram.com\/parketasala\/"]}]}},"_links":{"self":[{"href":"https:\/\/parketasala.lv\/en\/wp-json\/wp\/v2\/product\/23271","targetHints":{"allow":["GET"]}}],"collection":[{"href":"https:\/\/parketasala.lv\/en\/wp-json\/wp\/v2\/product"}],"about":[{"href":"https:\/\/parketasala.lv\/en\/wp-json\/wp\/v2\/types\/product"}],"wp:featuredmedia":[{"embeddable":true,"href":"https:\/\/parketasala.lv\/en\/wp-json\/wp\/v2\/media\/13191"}],"wp:attachment":[{"href":"https:\/\/parketasala.lv\/en\/wp-json\/wp\/v2\/media?parent=23271"}],"wp:term":[{"taxonomy":"product_brand","embeddable":true,"href":"https:\/\/parketasala.lv\/en\/wp-json\/wp\/v2\/product_brand?post=23271"},{"taxonomy":"product_cat","embeddable":true,"href":"https:\/\/parketasala.lv\/en\/wp-json\/wp\/v2\/product_cat?post=23271"},{"taxonomy":"product_tag","embeddable":true,"href":"https:\/\/parketasala.lv\/en\/wp-json\/wp\/v2\/product_tag?post=23271"}],"curies":[{"name":"wp","href":"https:\/\/api.w.org\/{rel}","templated":true}]}}