{"id":23270,"date":"2023-05-03T11:47:18","date_gmt":"2023-05-03T11:47:18","guid":{"rendered":"https:\/\/parketasala.lv\/product\/quick-step-laminate-muse-chalk\/"},"modified":"2025-05-24T09:53:51","modified_gmt":"2025-05-24T09:53:51","slug":"quick-step-laminate-muse-chalk","status":"publish","type":"product","link":"https:\/\/parketasala.lv\/en\/product\/quick-step-laminate-muse-chalk\/","title":{"rendered":"Quick-Step laminate Muse Chalk"},"content":{"rendered":"<p>Quick-Step Muse &#8211; the new 2023 collection.<\/p>\n<p>This collection includes 11 different realistic natural stone and concrete tile decors.<\/p>\n<ul>\n<li>The detailed, highly authentic structure accurately depicts the stone pattern and relief.<\/li>\n<li>Extra wide stone tile designs with micro v-grooves.<\/li>\n<li>Scratch guard &#8211; 10 times more scratch resistant than conventional laminate. Suitable for any room in an apartment or house with heavy traffic. <\/li>\n<li>HydroSeal water-repellent overlay &#8211; ideal for areas with high humidity, such as bathrooms, kitchens, corridors or utility rooms.<\/li>\n<\/ul>\n<p>The ideal choice if you need a durable and natural floor. This flooring comes with up to 25 years warranty, 10 years warranty for bathrooms. *<\/p>\n<p>&nbsp;<\/p>\n<h4>Quick-Step <a href=\"https:\/\/parketasala.lv\/en\/product\/quick-step-polyethylene-foam-sheet\/\" target=\"_blank\" rel=\"noopener noreferrer\">PE tape<\/a> and <a href=\"https:\/\/parketasala.lv\/en\/product\/quick-step-silicone-sealant-hydrokit\/\" target=\"_blank\" rel=\"noopener noreferrer\">Hydrokit<\/a> are mandatory to ensure a 10-year warranty on Muse Collection laminate in rooms with high humidity.<\/h4>\n","protected":false},"excerpt":{"rendered":"<p>Quick-Step Muse &#8211; the new 2023 collection. This collection includes 11 different realistic natural stone and concrete tile decors. The detailed, highly authentic structure accurately depicts the stone pattern and relief. Extra wide stone tile designs with micro v-grooves. Scratch guard &#8211; 10 times more scratch resistant than conventional laminate. Suitable for any room in [&hellip;]<\/p>\n","protected":false},"featured_media":30877,"template":"","meta":{"_acf_changed":false},"product_brand":[],"product_cat":[423,437,439,440,643],"product_tag":[],"class_list":{"0":"post-23270","1":"product","2":"type-product","3":"status-publish","4":"has-post-thumbnail","6":"product_cat-laminate-floor-coverings","7":"product_cat-laminate-for-wet-rooms","8":"product_cat-laminate-shares","9":"product_cat-quick-step-laminate","10":"product_cat-tile-design-en","12":"first","13":"onbackorder","14":"sale","15":"taxable","16":"shipping-taxable","17":"purchasable","18":"product-type-simple"},"acf":[],"yoast_head":"<!-- This site is optimized with the Yoast SEO plugin v27.3 - https:\/\/yoast.com\/product\/yoast-seo-wordpress\/ -->\n<title>Quick-Step laminate Muse Chalk &#8211; Parketa Sala<\/title>\n<meta name=\"robots\" content=\"index,follow\" \/>\n<link rel=\"canonical\" href=\"https:\/\/parketasala.lv\/en\/product\/quick-step-laminate-muse-chalk\/\" \/>\n<meta property=\"og:locale\" content=\"en_US\" \/>\n<meta property=\"og:type\" content=\"article\" \/>\n<meta property=\"og:title\" content=\"Quick-Step laminate Muse Chalk &#8211; Parketa Sala\" \/>\n<meta property=\"og:description\" content=\"Quick-Step Muse &#8211; the new 2023 collection. This collection includes 11 different realistic natural stone and concrete tile decors. The detailed, highly authentic structure accurately depicts the stone pattern and relief. Extra wide stone tile designs with micro v-grooves. Scratch guard &#8211; 10 times more scratch resistant than conventional laminate. Suitable for any room in [&hellip;]\" \/>\n<meta property=\"og:url\" content=\"https:\/\/parketasala.lv\/en\/product\/quick-step-laminate-muse-chalk\/\" \/>\n<meta property=\"og:site_name\" content=\"Parketa Sala\" \/>\n<meta property=\"article:publisher\" content=\"https:\/\/www.facebook.com\/parketasala\/\" \/>\n<meta property=\"article:modified_time\" content=\"2025-05-24T09:53:51+00:00\" \/>\n<meta property=\"og:image\" content=\"https:\/\/parketasala.lv\/wp-content\/uploads\/2023\/05\/MUS5487_Interior01-scaled.jpg\" \/>\n\t<meta property=\"og:image:width\" content=\"1707\" \/>\n\t<meta property=\"og:image:height\" content=\"2560\" \/>\n\t<meta property=\"og:image:type\" content=\"image\/jpeg\" \/>\n<meta name=\"twitter:card\" content=\"summary_large_image\" \/>\n<meta name=\"twitter:label1\" content=\"Est. reading time\" \/>\n\t<meta name=\"twitter:data1\" content=\"1 minute\" \/>\n<script type=\"application\/ld+json\" class=\"yoast-schema-graph\">{\"@context\":\"https:\\\/\\\/schema.org\",\"@graph\":[{\"@type\":\"WebPage\",\"@id\":\"https:\\\/\\\/parketasala.lv\\\/en\\\/product\\\/quick-step-laminate-muse-chalk\\\/\",\"url\":\"https:\\\/\\\/parketasala.lv\\\/en\\\/product\\\/quick-step-laminate-muse-chalk\\\/\",\"name\":\"Quick-Step laminate Muse Chalk &#8211; Parketa Sala\",\"isPartOf\":{\"@id\":\"https:\\\/\\\/parketasala.lv\\\/en\\\/#website\"},\"primaryImageOfPage\":{\"@id\":\"https:\\\/\\\/parketasala.lv\\\/en\\\/product\\\/quick-step-laminate-muse-chalk\\\/#primaryimage\"},\"image\":{\"@id\":\"https:\\\/\\\/parketasala.lv\\\/en\\\/product\\\/quick-step-laminate-muse-chalk\\\/#primaryimage\"},\"thumbnailUrl\":\"https:\\\/\\\/parketasala.lv\\\/wp-content\\\/uploads\\\/2025\\\/09\\\/MUS5487_Interior04.jpg\",\"datePublished\":\"2023-05-03T11:47:18+00:00\",\"dateModified\":\"2025-05-24T09:53:51+00:00\",\"breadcrumb\":{\"@id\":\"https:\\\/\\\/parketasala.lv\\\/en\\\/product\\\/quick-step-laminate-muse-chalk\\\/#breadcrumb\"},\"inLanguage\":\"en-US\",\"potentialAction\":[{\"@type\":\"ReadAction\",\"target\":[\"https:\\\/\\\/parketasala.lv\\\/en\\\/product\\\/quick-step-laminate-muse-chalk\\\/\"]}]},{\"@type\":\"ImageObject\",\"inLanguage\":\"en-US\",\"@id\":\"https:\\\/\\\/parketasala.lv\\\/en\\\/product\\\/quick-step-laminate-muse-chalk\\\/#primaryimage\",\"url\":\"https:\\\/\\\/parketasala.lv\\\/wp-content\\\/uploads\\\/2025\\\/09\\\/MUS5487_Interior04.jpg\",\"contentUrl\":\"https:\\\/\\\/parketasala.lv\\\/wp-content\\\/uploads\\\/2025\\\/09\\\/MUS5487_Interior04.jpg\",\"width\":852,\"height\":1280,\"caption\":\"Quick-Step lamin\u0101ts Muse Stained concrete\"},{\"@type\":\"BreadcrumbList\",\"@id\":\"https:\\\/\\\/parketasala.lv\\\/en\\\/product\\\/quick-step-laminate-muse-chalk\\\/#breadcrumb\",\"itemListElement\":[{\"@type\":\"ListItem\",\"position\":1,\"name\":\"Home\",\"item\":\"https:\\\/\\\/parketasala.lv\\\/en\\\/home\\\/\"},{\"@type\":\"ListItem\",\"position\":2,\"name\":\"Shop\",\"item\":\"https:\\\/\\\/parketasala.lv\\\/en\\\/shop\\\/\"},{\"@type\":\"ListItem\",\"position\":3,\"name\":\"Quick-Step laminate Muse Chalk\"}]},{\"@type\":\"WebSite\",\"@id\":\"https:\\\/\\\/parketasala.lv\\\/en\\\/#website\",\"url\":\"https:\\\/\\\/parketasala.lv\\\/en\\\/\",\"name\":\"Parketa Sala\",\"description\":\"Pla&scaron;s lamin\u0101ta, vinila, parketa un kor\u0137a gr\u012bdu kl\u0101sts\",\"publisher\":{\"@id\":\"https:\\\/\\\/parketasala.lv\\\/en\\\/#organization\"},\"potentialAction\":[{\"@type\":\"SearchAction\",\"target\":{\"@type\":\"EntryPoint\",\"urlTemplate\":\"https:\\\/\\\/parketasala.lv\\\/en\\\/?s={search_term_string}\"},\"query-input\":{\"@type\":\"PropertyValueSpecification\",\"valueRequired\":true,\"valueName\":\"search_term_string\"}}],\"inLanguage\":\"en-US\"},{\"@type\":\"Organization\",\"@id\":\"https:\\\/\\\/parketasala.lv\\\/en\\\/#organization\",\"name\":\"Parketa Sala\",\"url\":\"https:\\\/\\\/parketasala.lv\\\/en\\\/\",\"logo\":{\"@type\":\"ImageObject\",\"inLanguage\":\"en-US\",\"@id\":\"https:\\\/\\\/parketasala.lv\\\/en\\\/#\\\/schema\\\/logo\\\/image\\\/\",\"url\":\"https:\\\/\\\/parketasala.lv\\\/wp-content\\\/uploads\\\/2019\\\/12\\\/Logo-x3.png\",\"contentUrl\":\"https:\\\/\\\/parketasala.lv\\\/wp-content\\\/uploads\\\/2019\\\/12\\\/Logo-x3.png\",\"width\":660,\"height\":137,\"caption\":\"Parketa Sala\"},\"image\":{\"@id\":\"https:\\\/\\\/parketasala.lv\\\/en\\\/#\\\/schema\\\/logo\\\/image\\\/\"},\"sameAs\":[\"https:\\\/\\\/www.facebook.com\\\/parketasala\\\/\",\"https:\\\/\\\/www.instagram.com\\\/parketasala\\\/\"]}]}<\/script>\n<!-- \/ Yoast SEO plugin. -->","yoast_head_json":{"title":"Quick-Step laminate Muse Chalk &#8211; Parketa Sala","robots":{"index,follow":"index,follow"},"canonical":"https:\/\/parketasala.lv\/en\/product\/quick-step-laminate-muse-chalk\/","og_locale":"en_US","og_type":"article","og_title":"Quick-Step laminate Muse Chalk &#8211; Parketa Sala","og_description":"Quick-Step Muse &#8211; the new 2023 collection. This collection includes 11 different realistic natural stone and concrete tile decors. The detailed, highly authentic structure accurately depicts the stone pattern and relief. Extra wide stone tile designs with micro v-grooves. Scratch guard &#8211; 10 times more scratch resistant than conventional laminate. Suitable for any room in [&hellip;]","og_url":"https:\/\/parketasala.lv\/en\/product\/quick-step-laminate-muse-chalk\/","og_site_name":"Parketa Sala","article_publisher":"https:\/\/www.facebook.com\/parketasala\/","article_modified_time":"2025-05-24T09:53:51+00:00","og_image":[{"width":1707,"height":2560,"url":"https:\/\/parketasala.lv\/wp-content\/uploads\/2023\/05\/MUS5487_Interior01-scaled.jpg","type":"image\/jpeg"}],"twitter_card":"summary_large_image","twitter_misc":{"Est. reading time":"1 minute"},"schema":{"@context":"https:\/\/schema.org","@graph":[{"@type":"WebPage","@id":"https:\/\/parketasala.lv\/en\/product\/quick-step-laminate-muse-chalk\/","url":"https:\/\/parketasala.lv\/en\/product\/quick-step-laminate-muse-chalk\/","name":"Quick-Step laminate Muse Chalk &#8211; Parketa Sala","isPartOf":{"@id":"https:\/\/parketasala.lv\/en\/#website"},"primaryImageOfPage":{"@id":"https:\/\/parketasala.lv\/en\/product\/quick-step-laminate-muse-chalk\/#primaryimage"},"image":{"@id":"https:\/\/parketasala.lv\/en\/product\/quick-step-laminate-muse-chalk\/#primaryimage"},"thumbnailUrl":"https:\/\/parketasala.lv\/wp-content\/uploads\/2025\/09\/MUS5487_Interior04.jpg","datePublished":"2023-05-03T11:47:18+00:00","dateModified":"2025-05-24T09:53:51+00:00","breadcrumb":{"@id":"https:\/\/parketasala.lv\/en\/product\/quick-step-laminate-muse-chalk\/#breadcrumb"},"inLanguage":"en-US","potentialAction":[{"@type":"ReadAction","target":["https:\/\/parketasala.lv\/en\/product\/quick-step-laminate-muse-chalk\/"]}]},{"@type":"ImageObject","inLanguage":"en-US","@id":"https:\/\/parketasala.lv\/en\/product\/quick-step-laminate-muse-chalk\/#primaryimage","url":"https:\/\/parketasala.lv\/wp-content\/uploads\/2025\/09\/MUS5487_Interior04.jpg","contentUrl":"https:\/\/parketasala.lv\/wp-content\/uploads\/2025\/09\/MUS5487_Interior04.jpg","width":852,"height":1280,"caption":"Quick-Step lamin\u0101ts Muse Stained concrete"},{"@type":"BreadcrumbList","@id":"https:\/\/parketasala.lv\/en\/product\/quick-step-laminate-muse-chalk\/#breadcrumb","itemListElement":[{"@type":"ListItem","position":1,"name":"Home","item":"https:\/\/parketasala.lv\/en\/home\/"},{"@type":"ListItem","position":2,"name":"Shop","item":"https:\/\/parketasala.lv\/en\/shop\/"},{"@type":"ListItem","position":3,"name":"Quick-Step laminate Muse Chalk"}]},{"@type":"WebSite","@id":"https:\/\/parketasala.lv\/en\/#website","url":"https:\/\/parketasala.lv\/en\/","name":"Parketa Sala","description":"Pla&scaron;s lamin\u0101ta, vinila, parketa un kor\u0137a gr\u012bdu kl\u0101sts","publisher":{"@id":"https:\/\/parketasala.lv\/en\/#organization"},"potentialAction":[{"@type":"SearchAction","target":{"@type":"EntryPoint","urlTemplate":"https:\/\/parketasala.lv\/en\/?s={search_term_string}"},"query-input":{"@type":"PropertyValueSpecification","valueRequired":true,"valueName":"search_term_string"}}],"inLanguage":"en-US"},{"@type":"Organization","@id":"https:\/\/parketasala.lv\/en\/#organization","name":"Parketa Sala","url":"https:\/\/parketasala.lv\/en\/","logo":{"@type":"ImageObject","inLanguage":"en-US","@id":"https:\/\/parketasala.lv\/en\/#\/schema\/logo\/image\/","url":"https:\/\/parketasala.lv\/wp-content\/uploads\/2019\/12\/Logo-x3.png","contentUrl":"https:\/\/parketasala.lv\/wp-content\/uploads\/2019\/12\/Logo-x3.png","width":660,"height":137,"caption":"Parketa Sala"},"image":{"@id":"https:\/\/parketasala.lv\/en\/#\/schema\/logo\/image\/"},"sameAs":["https:\/\/www.facebook.com\/parketasala\/","https:\/\/www.instagram.com\/parketasala\/"]}]}},"_links":{"self":[{"href":"https:\/\/parketasala.lv\/en\/wp-json\/wp\/v2\/product\/23270","targetHints":{"allow":["GET"]}}],"collection":[{"href":"https:\/\/parketasala.lv\/en\/wp-json\/wp\/v2\/product"}],"about":[{"href":"https:\/\/parketasala.lv\/en\/wp-json\/wp\/v2\/types\/product"}],"wp:featuredmedia":[{"embeddable":true,"href":"https:\/\/parketasala.lv\/en\/wp-json\/wp\/v2\/media\/30877"}],"wp:attachment":[{"href":"https:\/\/parketasala.lv\/en\/wp-json\/wp\/v2\/media?parent=23270"}],"wp:term":[{"taxonomy":"product_brand","embeddable":true,"href":"https:\/\/parketasala.lv\/en\/wp-json\/wp\/v2\/product_brand?post=23270"},{"taxonomy":"product_cat","embeddable":true,"href":"https:\/\/parketasala.lv\/en\/wp-json\/wp\/v2\/product_cat?post=23270"},{"taxonomy":"product_tag","embeddable":true,"href":"https:\/\/parketasala.lv\/en\/wp-json\/wp\/v2\/product_tag?post=23270"}],"curies":[{"name":"wp","href":"https:\/\/api.w.org\/{rel}","templated":true}]}}