{"id":23233,"date":"2022-11-08T14:25:40","date_gmt":"2022-11-08T14:25:40","guid":{"rendered":"https:\/\/parketasala.lv\/product\/moduleo-layred-vinyl-floor-tile\/"},"modified":"2025-03-21T08:35:16","modified_gmt":"2025-03-21T08:35:16","slug":"moduleo-layred-vinyl-floor-tile","status":"publish","type":"product","link":"https:\/\/parketasala.lv\/en\/product\/moduleo-layred-vinyl-floor-tile\/","title":{"rendered":"Moduleo LayRed vinyl floor tile"},"content":{"rendered":"<p>Moduleo LayRed baseboard for LayRed vinyl floors.<\/p>\n<h6><\/h6>\n<p>Unlike conventional Moduleo skirting, LayRed skirting has a vinyl coating only on the part that touches the floor (18mm high).<\/p>\n<h6><\/h6>\n<p>This is enough to protect the baseboard from any moisture that may be on the floor (for example, if a liquid spills or if wet cleaning is carried out).<\/p>\n<h6><\/h6>\n<p>The skirting boards are flexible, so they fit well even on less than smooth wall surfaces.<\/p>\n<h1><\/h1>\n<h1><\/h1>\n<h2><\/h2>\n<p><strong>Types of attachment:<\/strong><\/p>\n<h6><\/h6>\n<p>Adhesive <a href=\"https:\/\/parketasala.lv\/en\/product\/mounting-adhesive-bostik-msp108\/\">Bostik MSP108<\/a><\/p>\n<h3><\/h3>\n<h2><\/h2>\n<p><em><strong>Only available in a full pack of 3 skirting boards (7.20 m).<\/strong><\/em><\/p>\n","protected":false},"excerpt":{"rendered":"<p>Moduleo LayRed baseboard for LayRed vinyl floors. Unlike conventional Moduleo skirting, LayRed skirting has a vinyl coating only on the part that touches the floor (18mm high). This is enough to protect the baseboard from any moisture that may be on the floor (for example, if a liquid spills or if wet cleaning is carried [&hellip;]<\/p>\n","protected":false},"featured_media":18080,"template":"","meta":{"_acf_changed":false},"product_brand":[],"product_cat":[424,426],"product_tag":[],"class_list":{"0":"post-23233","1":"product","2":"type-product","3":"status-publish","4":"has-post-thumbnail","6":"product_cat-accessories","7":"product_cat-mdf-skirting","9":"first","10":"onbackorder","11":"taxable","12":"shipping-taxable","13":"purchasable","14":"product-type-simple"},"acf":[],"yoast_head":"<!-- This site is optimized with the Yoast SEO plugin v27.3 - https:\/\/yoast.com\/product\/yoast-seo-wordpress\/ -->\n<title>Moduleo LayRed vinyl floor tile &#8211; Parketa Sala<\/title>\n<meta name=\"robots\" content=\"index,follow\" \/>\n<link rel=\"canonical\" href=\"https:\/\/parketasala.lv\/en\/product\/moduleo-layred-vinyl-floor-tile\/\" \/>\n<meta property=\"og:locale\" content=\"en_US\" \/>\n<meta property=\"og:type\" content=\"article\" \/>\n<meta property=\"og:title\" content=\"Moduleo LayRed vinyl floor tile &#8211; Parketa Sala\" \/>\n<meta property=\"og:description\" content=\"Moduleo LayRed baseboard for LayRed vinyl floors. Unlike conventional Moduleo skirting, LayRed skirting has a vinyl coating only on the part that touches the floor (18mm high). This is enough to protect the baseboard from any moisture that may be on the floor (for example, if a liquid spills or if wet cleaning is carried [&hellip;]\" \/>\n<meta property=\"og:url\" content=\"https:\/\/parketasala.lv\/en\/product\/moduleo-layred-vinyl-floor-tile\/\" \/>\n<meta property=\"og:site_name\" content=\"Parketa Sala\" \/>\n<meta property=\"article:publisher\" content=\"https:\/\/www.facebook.com\/parketasala\/\" \/>\n<meta property=\"article:modified_time\" content=\"2025-03-21T08:35:16+00:00\" \/>\n<meta property=\"og:image\" content=\"https:\/\/parketasala.lv\/wp-content\/uploads\/2022\/11\/LayRed_Accessories_Standaardplint-scaled.jpg\" \/>\n\t<meta property=\"og:image:width\" content=\"2560\" \/>\n\t<meta property=\"og:image:height\" content=\"1810\" \/>\n\t<meta property=\"og:image:type\" content=\"image\/jpeg\" \/>\n<meta name=\"twitter:card\" content=\"summary_large_image\" \/>\n<script type=\"application\/ld+json\" class=\"yoast-schema-graph\">{\"@context\":\"https:\\\/\\\/schema.org\",\"@graph\":[{\"@type\":\"WebPage\",\"@id\":\"https:\\\/\\\/parketasala.lv\\\/en\\\/product\\\/moduleo-layred-vinyl-floor-tile\\\/\",\"url\":\"https:\\\/\\\/parketasala.lv\\\/en\\\/product\\\/moduleo-layred-vinyl-floor-tile\\\/\",\"name\":\"Moduleo LayRed vinyl floor tile &#8211; Parketa Sala\",\"isPartOf\":{\"@id\":\"https:\\\/\\\/parketasala.lv\\\/en\\\/#website\"},\"primaryImageOfPage\":{\"@id\":\"https:\\\/\\\/parketasala.lv\\\/en\\\/product\\\/moduleo-layred-vinyl-floor-tile\\\/#primaryimage\"},\"image\":{\"@id\":\"https:\\\/\\\/parketasala.lv\\\/en\\\/product\\\/moduleo-layred-vinyl-floor-tile\\\/#primaryimage\"},\"thumbnailUrl\":\"https:\\\/\\\/parketasala.lv\\\/wp-content\\\/uploads\\\/2022\\\/11\\\/LayRed_Accessories_Standaardplint-scaled.jpg\",\"datePublished\":\"2022-11-08T14:25:40+00:00\",\"dateModified\":\"2025-03-21T08:35:16+00:00\",\"breadcrumb\":{\"@id\":\"https:\\\/\\\/parketasala.lv\\\/en\\\/product\\\/moduleo-layred-vinyl-floor-tile\\\/#breadcrumb\"},\"inLanguage\":\"en-US\",\"potentialAction\":[{\"@type\":\"ReadAction\",\"target\":[\"https:\\\/\\\/parketasala.lv\\\/en\\\/product\\\/moduleo-layred-vinyl-floor-tile\\\/\"]}]},{\"@type\":\"ImageObject\",\"inLanguage\":\"en-US\",\"@id\":\"https:\\\/\\\/parketasala.lv\\\/en\\\/product\\\/moduleo-layred-vinyl-floor-tile\\\/#primaryimage\",\"url\":\"https:\\\/\\\/parketasala.lv\\\/wp-content\\\/uploads\\\/2022\\\/11\\\/LayRed_Accessories_Standaardplint-scaled.jpg\",\"contentUrl\":\"https:\\\/\\\/parketasala.lv\\\/wp-content\\\/uploads\\\/2022\\\/11\\\/LayRed_Accessories_Standaardplint-scaled.jpg\",\"width\":2560,\"height\":1810,\"caption\":\"Moduleo LayRed baseboard\"},{\"@type\":\"BreadcrumbList\",\"@id\":\"https:\\\/\\\/parketasala.lv\\\/en\\\/product\\\/moduleo-layred-vinyl-floor-tile\\\/#breadcrumb\",\"itemListElement\":[{\"@type\":\"ListItem\",\"position\":1,\"name\":\"Home\",\"item\":\"https:\\\/\\\/parketasala.lv\\\/en\\\/home\\\/\"},{\"@type\":\"ListItem\",\"position\":2,\"name\":\"Shop\",\"item\":\"https:\\\/\\\/parketasala.lv\\\/en\\\/shop\\\/\"},{\"@type\":\"ListItem\",\"position\":3,\"name\":\"Moduleo LayRed vinyl floor tile\"}]},{\"@type\":\"WebSite\",\"@id\":\"https:\\\/\\\/parketasala.lv\\\/en\\\/#website\",\"url\":\"https:\\\/\\\/parketasala.lv\\\/en\\\/\",\"name\":\"Parketa Sala\",\"description\":\"Pla&scaron;s lamin\u0101ta, vinila, parketa un kor\u0137a gr\u012bdu kl\u0101sts\",\"publisher\":{\"@id\":\"https:\\\/\\\/parketasala.lv\\\/en\\\/#organization\"},\"potentialAction\":[{\"@type\":\"SearchAction\",\"target\":{\"@type\":\"EntryPoint\",\"urlTemplate\":\"https:\\\/\\\/parketasala.lv\\\/en\\\/?s={search_term_string}\"},\"query-input\":{\"@type\":\"PropertyValueSpecification\",\"valueRequired\":true,\"valueName\":\"search_term_string\"}}],\"inLanguage\":\"en-US\"},{\"@type\":\"Organization\",\"@id\":\"https:\\\/\\\/parketasala.lv\\\/en\\\/#organization\",\"name\":\"Parketa Sala\",\"url\":\"https:\\\/\\\/parketasala.lv\\\/en\\\/\",\"logo\":{\"@type\":\"ImageObject\",\"inLanguage\":\"en-US\",\"@id\":\"https:\\\/\\\/parketasala.lv\\\/en\\\/#\\\/schema\\\/logo\\\/image\\\/\",\"url\":\"https:\\\/\\\/parketasala.lv\\\/wp-content\\\/uploads\\\/2019\\\/12\\\/Logo-x3.png\",\"contentUrl\":\"https:\\\/\\\/parketasala.lv\\\/wp-content\\\/uploads\\\/2019\\\/12\\\/Logo-x3.png\",\"width\":660,\"height\":137,\"caption\":\"Parketa Sala\"},\"image\":{\"@id\":\"https:\\\/\\\/parketasala.lv\\\/en\\\/#\\\/schema\\\/logo\\\/image\\\/\"},\"sameAs\":[\"https:\\\/\\\/www.facebook.com\\\/parketasala\\\/\",\"https:\\\/\\\/www.instagram.com\\\/parketasala\\\/\"]}]}<\/script>\n<!-- \/ Yoast SEO plugin. -->","yoast_head_json":{"title":"Moduleo LayRed vinyl floor tile &#8211; Parketa Sala","robots":{"index,follow":"index,follow"},"canonical":"https:\/\/parketasala.lv\/en\/product\/moduleo-layred-vinyl-floor-tile\/","og_locale":"en_US","og_type":"article","og_title":"Moduleo LayRed vinyl floor tile &#8211; Parketa Sala","og_description":"Moduleo LayRed baseboard for LayRed vinyl floors. Unlike conventional Moduleo skirting, LayRed skirting has a vinyl coating only on the part that touches the floor (18mm high). This is enough to protect the baseboard from any moisture that may be on the floor (for example, if a liquid spills or if wet cleaning is carried [&hellip;]","og_url":"https:\/\/parketasala.lv\/en\/product\/moduleo-layred-vinyl-floor-tile\/","og_site_name":"Parketa Sala","article_publisher":"https:\/\/www.facebook.com\/parketasala\/","article_modified_time":"2025-03-21T08:35:16+00:00","og_image":[{"width":2560,"height":1810,"url":"https:\/\/parketasala.lv\/wp-content\/uploads\/2022\/11\/LayRed_Accessories_Standaardplint-scaled.jpg","type":"image\/jpeg"}],"twitter_card":"summary_large_image","schema":{"@context":"https:\/\/schema.org","@graph":[{"@type":"WebPage","@id":"https:\/\/parketasala.lv\/en\/product\/moduleo-layred-vinyl-floor-tile\/","url":"https:\/\/parketasala.lv\/en\/product\/moduleo-layred-vinyl-floor-tile\/","name":"Moduleo LayRed vinyl floor tile &#8211; Parketa Sala","isPartOf":{"@id":"https:\/\/parketasala.lv\/en\/#website"},"primaryImageOfPage":{"@id":"https:\/\/parketasala.lv\/en\/product\/moduleo-layred-vinyl-floor-tile\/#primaryimage"},"image":{"@id":"https:\/\/parketasala.lv\/en\/product\/moduleo-layred-vinyl-floor-tile\/#primaryimage"},"thumbnailUrl":"https:\/\/parketasala.lv\/wp-content\/uploads\/2022\/11\/LayRed_Accessories_Standaardplint-scaled.jpg","datePublished":"2022-11-08T14:25:40+00:00","dateModified":"2025-03-21T08:35:16+00:00","breadcrumb":{"@id":"https:\/\/parketasala.lv\/en\/product\/moduleo-layred-vinyl-floor-tile\/#breadcrumb"},"inLanguage":"en-US","potentialAction":[{"@type":"ReadAction","target":["https:\/\/parketasala.lv\/en\/product\/moduleo-layred-vinyl-floor-tile\/"]}]},{"@type":"ImageObject","inLanguage":"en-US","@id":"https:\/\/parketasala.lv\/en\/product\/moduleo-layred-vinyl-floor-tile\/#primaryimage","url":"https:\/\/parketasala.lv\/wp-content\/uploads\/2022\/11\/LayRed_Accessories_Standaardplint-scaled.jpg","contentUrl":"https:\/\/parketasala.lv\/wp-content\/uploads\/2022\/11\/LayRed_Accessories_Standaardplint-scaled.jpg","width":2560,"height":1810,"caption":"Moduleo LayRed baseboard"},{"@type":"BreadcrumbList","@id":"https:\/\/parketasala.lv\/en\/product\/moduleo-layred-vinyl-floor-tile\/#breadcrumb","itemListElement":[{"@type":"ListItem","position":1,"name":"Home","item":"https:\/\/parketasala.lv\/en\/home\/"},{"@type":"ListItem","position":2,"name":"Shop","item":"https:\/\/parketasala.lv\/en\/shop\/"},{"@type":"ListItem","position":3,"name":"Moduleo LayRed vinyl floor tile"}]},{"@type":"WebSite","@id":"https:\/\/parketasala.lv\/en\/#website","url":"https:\/\/parketasala.lv\/en\/","name":"Parketa Sala","description":"Pla&scaron;s lamin\u0101ta, vinila, parketa un kor\u0137a gr\u012bdu kl\u0101sts","publisher":{"@id":"https:\/\/parketasala.lv\/en\/#organization"},"potentialAction":[{"@type":"SearchAction","target":{"@type":"EntryPoint","urlTemplate":"https:\/\/parketasala.lv\/en\/?s={search_term_string}"},"query-input":{"@type":"PropertyValueSpecification","valueRequired":true,"valueName":"search_term_string"}}],"inLanguage":"en-US"},{"@type":"Organization","@id":"https:\/\/parketasala.lv\/en\/#organization","name":"Parketa Sala","url":"https:\/\/parketasala.lv\/en\/","logo":{"@type":"ImageObject","inLanguage":"en-US","@id":"https:\/\/parketasala.lv\/en\/#\/schema\/logo\/image\/","url":"https:\/\/parketasala.lv\/wp-content\/uploads\/2019\/12\/Logo-x3.png","contentUrl":"https:\/\/parketasala.lv\/wp-content\/uploads\/2019\/12\/Logo-x3.png","width":660,"height":137,"caption":"Parketa Sala"},"image":{"@id":"https:\/\/parketasala.lv\/en\/#\/schema\/logo\/image\/"},"sameAs":["https:\/\/www.facebook.com\/parketasala\/","https:\/\/www.instagram.com\/parketasala\/"]}]}},"_links":{"self":[{"href":"https:\/\/parketasala.lv\/en\/wp-json\/wp\/v2\/product\/23233","targetHints":{"allow":["GET"]}}],"collection":[{"href":"https:\/\/parketasala.lv\/en\/wp-json\/wp\/v2\/product"}],"about":[{"href":"https:\/\/parketasala.lv\/en\/wp-json\/wp\/v2\/types\/product"}],"wp:featuredmedia":[{"embeddable":true,"href":"https:\/\/parketasala.lv\/en\/wp-json\/wp\/v2\/media\/18080"}],"wp:attachment":[{"href":"https:\/\/parketasala.lv\/en\/wp-json\/wp\/v2\/media?parent=23233"}],"wp:term":[{"taxonomy":"product_brand","embeddable":true,"href":"https:\/\/parketasala.lv\/en\/wp-json\/wp\/v2\/product_brand?post=23233"},{"taxonomy":"product_cat","embeddable":true,"href":"https:\/\/parketasala.lv\/en\/wp-json\/wp\/v2\/product_cat?post=23233"},{"taxonomy":"product_tag","embeddable":true,"href":"https:\/\/parketasala.lv\/en\/wp-json\/wp\/v2\/product_tag?post=23233"}],"curies":[{"name":"wp","href":"https:\/\/api.w.org\/{rel}","templated":true}]}}