{"id":23152,"date":"2022-11-25T11:40:03","date_gmt":"2022-11-25T11:40:03","guid":{"rendered":"https:\/\/parketasala.lv\/product\/moduleo-layred-decostrip\/"},"modified":"2025-03-21T08:32:40","modified_gmt":"2025-03-21T08:32:40","slug":"moduleo-layred-decostrip","status":"publish","type":"product","link":"https:\/\/parketasala.lv\/en\/product\/moduleo-layred-decostrip\/","title":{"rendered":"Moduleo LayRed Decostrip"},"content":{"rendered":"<p>Moduleo LayRed Decostrip Floor Tile is designed for LayRed vinyl floors.<\/p>\n<h4><\/h4>\n<p>These Decostrip skirting boards are the perfect shade match for every <a href=\"https:\/\/parketasala.lv\/en\/product-category\/vinyl-flooring\/moduleo\/?filter_biezums=6mm\">Moduleo LayRed<\/a> floor.<\/p>\n<h4><\/h4>\n<p>Due to the wide range of shades, it is also possible to find a compatible colour for floors from other manufacturers that do not offer the original skirting (the flooring must be no thinner than 6mm).<\/p>\n<h1><\/h1>\n<h2><\/h2>\n<p><strong>Installation:<\/strong><\/p>\n<h6><\/h6>\n<p>The floor adhesive is self-adhesive.<\/p>\n<ul>\n<li>Remove the protective tape from the self-adhesive edge<\/li>\n<li>Place the Decostrip Floor Tile on the floor<\/li>\n<li>Press the self-adhesive part of the skirting to the wall<\/li>\n<\/ul>\n<h3><\/h3>\n<h2><\/h2>\n<p><em><strong>Only available in a full pack of 3 skirting boards (7.20 m).<\/strong><\/em><\/p>\n","protected":false},"excerpt":{"rendered":"<p>Moduleo LayRed Decostrip Floor Tile is designed for LayRed vinyl floors. These Decostrip skirting boards are the perfect shade match for every Moduleo LayRed floor. Due to the wide range of shades, it is also possible to find a compatible colour for floors from other manufacturers that do not offer the original skirting (the flooring [&hellip;]<\/p>\n","protected":false},"featured_media":18386,"template":"","meta":{"_acf_changed":false},"product_brand":[],"product_cat":[424,426],"product_tag":[],"class_list":{"0":"post-23152","1":"product","2":"type-product","3":"status-publish","4":"has-post-thumbnail","6":"product_cat-accessories","7":"product_cat-mdf-skirting","9":"first","10":"onbackorder","11":"taxable","12":"shipping-taxable","13":"purchasable","14":"product-type-simple"},"acf":[],"yoast_head":"<!-- This site is optimized with the Yoast SEO plugin v27.3 - https:\/\/yoast.com\/product\/yoast-seo-wordpress\/ -->\n<title>Moduleo LayRed Decostrip &#8211; Parketa Sala<\/title>\n<meta name=\"robots\" content=\"index,follow\" \/>\n<link rel=\"canonical\" href=\"https:\/\/parketasala.lv\/en\/product\/moduleo-layred-decostrip\/\" \/>\n<meta property=\"og:locale\" content=\"en_US\" \/>\n<meta property=\"og:type\" content=\"article\" \/>\n<meta property=\"og:title\" content=\"Moduleo LayRed Decostrip &#8211; Parketa Sala\" \/>\n<meta property=\"og:description\" content=\"Moduleo LayRed Decostrip Floor Tile is designed for LayRed vinyl floors. These Decostrip skirting boards are the perfect shade match for every Moduleo LayRed floor. Due to the wide range of shades, it is also possible to find a compatible colour for floors from other manufacturers that do not offer the original skirting (the flooring [&hellip;]\" \/>\n<meta property=\"og:url\" content=\"https:\/\/parketasala.lv\/en\/product\/moduleo-layred-decostrip\/\" \/>\n<meta property=\"og:site_name\" content=\"Parketa Sala\" \/>\n<meta property=\"article:publisher\" content=\"https:\/\/www.facebook.com\/parketasala\/\" \/>\n<meta property=\"article:modified_time\" content=\"2025-03-21T08:32:40+00:00\" \/>\n<meta property=\"og:image\" content=\"https:\/\/parketasala.lv\/wp-content\/uploads\/2022\/11\/LayRed-Decostrip-1-scaled.jpg\" \/>\n\t<meta property=\"og:image:width\" content=\"2560\" \/>\n\t<meta property=\"og:image:height\" content=\"1810\" \/>\n\t<meta property=\"og:image:type\" content=\"image\/jpeg\" \/>\n<meta name=\"twitter:card\" content=\"summary_large_image\" \/>\n<meta name=\"twitter:label1\" content=\"Est. reading time\" \/>\n\t<meta name=\"twitter:data1\" content=\"1 minute\" \/>\n<script type=\"application\/ld+json\" class=\"yoast-schema-graph\">{\"@context\":\"https:\\\/\\\/schema.org\",\"@graph\":[{\"@type\":\"WebPage\",\"@id\":\"https:\\\/\\\/parketasala.lv\\\/en\\\/product\\\/moduleo-layred-decostrip\\\/\",\"url\":\"https:\\\/\\\/parketasala.lv\\\/en\\\/product\\\/moduleo-layred-decostrip\\\/\",\"name\":\"Moduleo LayRed Decostrip &#8211; Parketa Sala\",\"isPartOf\":{\"@id\":\"https:\\\/\\\/parketasala.lv\\\/en\\\/#website\"},\"primaryImageOfPage\":{\"@id\":\"https:\\\/\\\/parketasala.lv\\\/en\\\/product\\\/moduleo-layred-decostrip\\\/#primaryimage\"},\"image\":{\"@id\":\"https:\\\/\\\/parketasala.lv\\\/en\\\/product\\\/moduleo-layred-decostrip\\\/#primaryimage\"},\"thumbnailUrl\":\"https:\\\/\\\/parketasala.lv\\\/wp-content\\\/uploads\\\/2022\\\/11\\\/LayRed-Decostrip-1-scaled.jpg\",\"datePublished\":\"2022-11-25T11:40:03+00:00\",\"dateModified\":\"2025-03-21T08:32:40+00:00\",\"breadcrumb\":{\"@id\":\"https:\\\/\\\/parketasala.lv\\\/en\\\/product\\\/moduleo-layred-decostrip\\\/#breadcrumb\"},\"inLanguage\":\"en-US\",\"potentialAction\":[{\"@type\":\"ReadAction\",\"target\":[\"https:\\\/\\\/parketasala.lv\\\/en\\\/product\\\/moduleo-layred-decostrip\\\/\"]}]},{\"@type\":\"ImageObject\",\"inLanguage\":\"en-US\",\"@id\":\"https:\\\/\\\/parketasala.lv\\\/en\\\/product\\\/moduleo-layred-decostrip\\\/#primaryimage\",\"url\":\"https:\\\/\\\/parketasala.lv\\\/wp-content\\\/uploads\\\/2022\\\/11\\\/LayRed-Decostrip-1-scaled.jpg\",\"contentUrl\":\"https:\\\/\\\/parketasala.lv\\\/wp-content\\\/uploads\\\/2022\\\/11\\\/LayRed-Decostrip-1-scaled.jpg\",\"width\":2560,\"height\":1810,\"caption\":\"LayRed Decostrip\"},{\"@type\":\"BreadcrumbList\",\"@id\":\"https:\\\/\\\/parketasala.lv\\\/en\\\/product\\\/moduleo-layred-decostrip\\\/#breadcrumb\",\"itemListElement\":[{\"@type\":\"ListItem\",\"position\":1,\"name\":\"Home\",\"item\":\"https:\\\/\\\/parketasala.lv\\\/en\\\/home\\\/\"},{\"@type\":\"ListItem\",\"position\":2,\"name\":\"Shop\",\"item\":\"https:\\\/\\\/parketasala.lv\\\/en\\\/shop\\\/\"},{\"@type\":\"ListItem\",\"position\":3,\"name\":\"Moduleo LayRed Decostrip\"}]},{\"@type\":\"WebSite\",\"@id\":\"https:\\\/\\\/parketasala.lv\\\/en\\\/#website\",\"url\":\"https:\\\/\\\/parketasala.lv\\\/en\\\/\",\"name\":\"Parketa Sala\",\"description\":\"Pla&scaron;s lamin\u0101ta, vinila, parketa un kor\u0137a gr\u012bdu kl\u0101sts\",\"publisher\":{\"@id\":\"https:\\\/\\\/parketasala.lv\\\/en\\\/#organization\"},\"potentialAction\":[{\"@type\":\"SearchAction\",\"target\":{\"@type\":\"EntryPoint\",\"urlTemplate\":\"https:\\\/\\\/parketasala.lv\\\/en\\\/?s={search_term_string}\"},\"query-input\":{\"@type\":\"PropertyValueSpecification\",\"valueRequired\":true,\"valueName\":\"search_term_string\"}}],\"inLanguage\":\"en-US\"},{\"@type\":\"Organization\",\"@id\":\"https:\\\/\\\/parketasala.lv\\\/en\\\/#organization\",\"name\":\"Parketa Sala\",\"url\":\"https:\\\/\\\/parketasala.lv\\\/en\\\/\",\"logo\":{\"@type\":\"ImageObject\",\"inLanguage\":\"en-US\",\"@id\":\"https:\\\/\\\/parketasala.lv\\\/en\\\/#\\\/schema\\\/logo\\\/image\\\/\",\"url\":\"https:\\\/\\\/parketasala.lv\\\/wp-content\\\/uploads\\\/2019\\\/12\\\/Logo-x3.png\",\"contentUrl\":\"https:\\\/\\\/parketasala.lv\\\/wp-content\\\/uploads\\\/2019\\\/12\\\/Logo-x3.png\",\"width\":660,\"height\":137,\"caption\":\"Parketa Sala\"},\"image\":{\"@id\":\"https:\\\/\\\/parketasala.lv\\\/en\\\/#\\\/schema\\\/logo\\\/image\\\/\"},\"sameAs\":[\"https:\\\/\\\/www.facebook.com\\\/parketasala\\\/\",\"https:\\\/\\\/www.instagram.com\\\/parketasala\\\/\"]}]}<\/script>\n<!-- \/ Yoast SEO plugin. -->","yoast_head_json":{"title":"Moduleo LayRed Decostrip &#8211; Parketa Sala","robots":{"index,follow":"index,follow"},"canonical":"https:\/\/parketasala.lv\/en\/product\/moduleo-layred-decostrip\/","og_locale":"en_US","og_type":"article","og_title":"Moduleo LayRed Decostrip &#8211; Parketa Sala","og_description":"Moduleo LayRed Decostrip Floor Tile is designed for LayRed vinyl floors. These Decostrip skirting boards are the perfect shade match for every Moduleo LayRed floor. Due to the wide range of shades, it is also possible to find a compatible colour for floors from other manufacturers that do not offer the original skirting (the flooring [&hellip;]","og_url":"https:\/\/parketasala.lv\/en\/product\/moduleo-layred-decostrip\/","og_site_name":"Parketa Sala","article_publisher":"https:\/\/www.facebook.com\/parketasala\/","article_modified_time":"2025-03-21T08:32:40+00:00","og_image":[{"width":2560,"height":1810,"url":"https:\/\/parketasala.lv\/wp-content\/uploads\/2022\/11\/LayRed-Decostrip-1-scaled.jpg","type":"image\/jpeg"}],"twitter_card":"summary_large_image","twitter_misc":{"Est. reading time":"1 minute"},"schema":{"@context":"https:\/\/schema.org","@graph":[{"@type":"WebPage","@id":"https:\/\/parketasala.lv\/en\/product\/moduleo-layred-decostrip\/","url":"https:\/\/parketasala.lv\/en\/product\/moduleo-layred-decostrip\/","name":"Moduleo LayRed Decostrip &#8211; Parketa Sala","isPartOf":{"@id":"https:\/\/parketasala.lv\/en\/#website"},"primaryImageOfPage":{"@id":"https:\/\/parketasala.lv\/en\/product\/moduleo-layred-decostrip\/#primaryimage"},"image":{"@id":"https:\/\/parketasala.lv\/en\/product\/moduleo-layred-decostrip\/#primaryimage"},"thumbnailUrl":"https:\/\/parketasala.lv\/wp-content\/uploads\/2022\/11\/LayRed-Decostrip-1-scaled.jpg","datePublished":"2022-11-25T11:40:03+00:00","dateModified":"2025-03-21T08:32:40+00:00","breadcrumb":{"@id":"https:\/\/parketasala.lv\/en\/product\/moduleo-layred-decostrip\/#breadcrumb"},"inLanguage":"en-US","potentialAction":[{"@type":"ReadAction","target":["https:\/\/parketasala.lv\/en\/product\/moduleo-layred-decostrip\/"]}]},{"@type":"ImageObject","inLanguage":"en-US","@id":"https:\/\/parketasala.lv\/en\/product\/moduleo-layred-decostrip\/#primaryimage","url":"https:\/\/parketasala.lv\/wp-content\/uploads\/2022\/11\/LayRed-Decostrip-1-scaled.jpg","contentUrl":"https:\/\/parketasala.lv\/wp-content\/uploads\/2022\/11\/LayRed-Decostrip-1-scaled.jpg","width":2560,"height":1810,"caption":"LayRed Decostrip"},{"@type":"BreadcrumbList","@id":"https:\/\/parketasala.lv\/en\/product\/moduleo-layred-decostrip\/#breadcrumb","itemListElement":[{"@type":"ListItem","position":1,"name":"Home","item":"https:\/\/parketasala.lv\/en\/home\/"},{"@type":"ListItem","position":2,"name":"Shop","item":"https:\/\/parketasala.lv\/en\/shop\/"},{"@type":"ListItem","position":3,"name":"Moduleo LayRed Decostrip"}]},{"@type":"WebSite","@id":"https:\/\/parketasala.lv\/en\/#website","url":"https:\/\/parketasala.lv\/en\/","name":"Parketa Sala","description":"Pla&scaron;s lamin\u0101ta, vinila, parketa un kor\u0137a gr\u012bdu kl\u0101sts","publisher":{"@id":"https:\/\/parketasala.lv\/en\/#organization"},"potentialAction":[{"@type":"SearchAction","target":{"@type":"EntryPoint","urlTemplate":"https:\/\/parketasala.lv\/en\/?s={search_term_string}"},"query-input":{"@type":"PropertyValueSpecification","valueRequired":true,"valueName":"search_term_string"}}],"inLanguage":"en-US"},{"@type":"Organization","@id":"https:\/\/parketasala.lv\/en\/#organization","name":"Parketa Sala","url":"https:\/\/parketasala.lv\/en\/","logo":{"@type":"ImageObject","inLanguage":"en-US","@id":"https:\/\/parketasala.lv\/en\/#\/schema\/logo\/image\/","url":"https:\/\/parketasala.lv\/wp-content\/uploads\/2019\/12\/Logo-x3.png","contentUrl":"https:\/\/parketasala.lv\/wp-content\/uploads\/2019\/12\/Logo-x3.png","width":660,"height":137,"caption":"Parketa Sala"},"image":{"@id":"https:\/\/parketasala.lv\/en\/#\/schema\/logo\/image\/"},"sameAs":["https:\/\/www.facebook.com\/parketasala\/","https:\/\/www.instagram.com\/parketasala\/"]}]}},"_links":{"self":[{"href":"https:\/\/parketasala.lv\/en\/wp-json\/wp\/v2\/product\/23152","targetHints":{"allow":["GET"]}}],"collection":[{"href":"https:\/\/parketasala.lv\/en\/wp-json\/wp\/v2\/product"}],"about":[{"href":"https:\/\/parketasala.lv\/en\/wp-json\/wp\/v2\/types\/product"}],"wp:featuredmedia":[{"embeddable":true,"href":"https:\/\/parketasala.lv\/en\/wp-json\/wp\/v2\/media\/18386"}],"wp:attachment":[{"href":"https:\/\/parketasala.lv\/en\/wp-json\/wp\/v2\/media?parent=23152"}],"wp:term":[{"taxonomy":"product_brand","embeddable":true,"href":"https:\/\/parketasala.lv\/en\/wp-json\/wp\/v2\/product_brand?post=23152"},{"taxonomy":"product_cat","embeddable":true,"href":"https:\/\/parketasala.lv\/en\/wp-json\/wp\/v2\/product_cat?post=23152"},{"taxonomy":"product_tag","embeddable":true,"href":"https:\/\/parketasala.lv\/en\/wp-json\/wp\/v2\/product_tag?post=23152"}],"curies":[{"name":"wp","href":"https:\/\/api.w.org\/{rel}","templated":true}]}}