{"id":23046,"date":"2021-05-28T11:37:57","date_gmt":"2021-05-28T11:37:57","guid":{"rendered":"https:\/\/parketasala.lv\/product\/quick-step-paintable-skirting-board-17172400mm\/"},"modified":"2025-03-21T08:30:55","modified_gmt":"2025-03-21T08:30:55","slug":"quick-step-paintable-skirting-board-17172400mm","status":"publish","type":"product","link":"https:\/\/parketasala.lv\/en\/product\/quick-step-paintable-skirting-board-17172400mm\/","title":{"rendered":"Quick-Step paintable skirting board 17*17*2400mm"},"content":{"rendered":"<p>Quick-Step Painting Floor Tile.<\/p>\n<h4><\/h4>\n<p>Can also be used as a finishing touch in combination with existing skirting boards.<\/p>\n<p>&nbsp;<\/p>\n<h5><\/h5>\n<p>&nbsp;<\/p>\n<p>&nbsp;<\/p>\n<h5><\/h5>\n<p>Types of attachment:<\/p>\n<ol>\n<li style=\"list-style-type: none;\">\n<ol>\n<li>Glue <a href=\"https:\/\/parketasala.lv\/en\/product\/quick-step-one4all-adhesive\/\" target=\"_blank\" rel=\"noopener noreferrer\">ONE4ALLGLUE<\/a><\/li>\n<\/ol>\n<\/li>\n<\/ol>\n<p>&nbsp;<\/p>\n<h4><strong><em>Only available in full pack &#8211; 6 skirting boards (14.40 m)<\/em><\/strong><\/h4>\n","protected":false},"excerpt":{"rendered":"<p>Quick-Step Painting Floor Tile. Can also be used as a finishing touch in combination with existing skirting boards. &nbsp; &nbsp; &nbsp; Types of attachment: Glue ONE4ALLGLUE &nbsp; Only available in full pack &#8211; 6 skirting boards (14.40 m)<\/p>\n","protected":false},"featured_media":19320,"template":"","meta":{"_acf_changed":false},"product_brand":[],"product_cat":[424,426],"product_tag":[],"class_list":{"0":"post-23046","1":"product","2":"type-product","3":"status-publish","4":"has-post-thumbnail","6":"product_cat-accessories","7":"product_cat-mdf-skirting","9":"first","10":"onbackorder","11":"taxable","12":"shipping-taxable","13":"purchasable","14":"product-type-simple"},"acf":[],"yoast_head":"<!-- This site is optimized with the Yoast SEO plugin v27.3 - https:\/\/yoast.com\/product\/yoast-seo-wordpress\/ -->\n<title>Quick-Step paintable skirting board 17*17*2400mm &#8211; Parketa Sala<\/title>\n<meta name=\"robots\" content=\"index,follow\" \/>\n<link rel=\"canonical\" href=\"https:\/\/parketasala.lv\/en\/product\/quick-step-paintable-skirting-board-17172400mm\/\" \/>\n<meta property=\"og:locale\" content=\"en_US\" \/>\n<meta property=\"og:type\" content=\"article\" \/>\n<meta property=\"og:title\" content=\"Quick-Step paintable skirting board 17*17*2400mm &#8211; Parketa Sala\" \/>\n<meta property=\"og:description\" content=\"Quick-Step Painting Floor Tile. Can also be used as a finishing touch in combination with existing skirting boards. &nbsp; &nbsp; &nbsp; Types of attachment: Glue ONE4ALLGLUE &nbsp; Only available in full pack &#8211; 6 skirting boards (14.40 m)\" \/>\n<meta property=\"og:url\" content=\"https:\/\/parketasala.lv\/en\/product\/quick-step-paintable-skirting-board-17172400mm\/\" \/>\n<meta property=\"og:site_name\" content=\"Parketa Sala\" \/>\n<meta property=\"article:publisher\" content=\"https:\/\/www.facebook.com\/parketasala\/\" \/>\n<meta property=\"article:modified_time\" content=\"2025-03-21T08:30:55+00:00\" \/>\n<meta property=\"og:image\" content=\"https:\/\/parketasala.lv\/wp-content\/uploads\/2023\/03\/QSSCOTPAINT_Installed_EWF_PAL3095.jpg\" \/>\n\t<meta property=\"og:image:width\" content=\"2000\" \/>\n\t<meta property=\"og:image:height\" content=\"1334\" \/>\n\t<meta property=\"og:image:type\" content=\"image\/jpeg\" \/>\n<meta name=\"twitter:card\" content=\"summary_large_image\" \/>\n<script type=\"application\/ld+json\" class=\"yoast-schema-graph\">{\"@context\":\"https:\\\/\\\/schema.org\",\"@graph\":[{\"@type\":\"WebPage\",\"@id\":\"https:\\\/\\\/parketasala.lv\\\/en\\\/product\\\/quick-step-paintable-skirting-board-17172400mm\\\/\",\"url\":\"https:\\\/\\\/parketasala.lv\\\/en\\\/product\\\/quick-step-paintable-skirting-board-17172400mm\\\/\",\"name\":\"Quick-Step paintable skirting board 17*17*2400mm &#8211; Parketa Sala\",\"isPartOf\":{\"@id\":\"https:\\\/\\\/parketasala.lv\\\/en\\\/#website\"},\"primaryImageOfPage\":{\"@id\":\"https:\\\/\\\/parketasala.lv\\\/en\\\/product\\\/quick-step-paintable-skirting-board-17172400mm\\\/#primaryimage\"},\"image\":{\"@id\":\"https:\\\/\\\/parketasala.lv\\\/en\\\/product\\\/quick-step-paintable-skirting-board-17172400mm\\\/#primaryimage\"},\"thumbnailUrl\":\"https:\\\/\\\/parketasala.lv\\\/wp-content\\\/uploads\\\/2023\\\/03\\\/QSSCOTPAINT_Installed_EWF_PAL3095.jpg\",\"datePublished\":\"2021-05-28T11:37:57+00:00\",\"dateModified\":\"2025-03-21T08:30:55+00:00\",\"breadcrumb\":{\"@id\":\"https:\\\/\\\/parketasala.lv\\\/en\\\/product\\\/quick-step-paintable-skirting-board-17172400mm\\\/#breadcrumb\"},\"inLanguage\":\"en-US\",\"potentialAction\":[{\"@type\":\"ReadAction\",\"target\":[\"https:\\\/\\\/parketasala.lv\\\/en\\\/product\\\/quick-step-paintable-skirting-board-17172400mm\\\/\"]}]},{\"@type\":\"ImageObject\",\"inLanguage\":\"en-US\",\"@id\":\"https:\\\/\\\/parketasala.lv\\\/en\\\/product\\\/quick-step-paintable-skirting-board-17172400mm\\\/#primaryimage\",\"url\":\"https:\\\/\\\/parketasala.lv\\\/wp-content\\\/uploads\\\/2023\\\/03\\\/QSSCOTPAINT_Installed_EWF_PAL3095.jpg\",\"contentUrl\":\"https:\\\/\\\/parketasala.lv\\\/wp-content\\\/uploads\\\/2023\\\/03\\\/QSSCOTPAINT_Installed_EWF_PAL3095.jpg\",\"width\":2000,\"height\":1334,\"caption\":\"QSSCOTPAINT\"},{\"@type\":\"BreadcrumbList\",\"@id\":\"https:\\\/\\\/parketasala.lv\\\/en\\\/product\\\/quick-step-paintable-skirting-board-17172400mm\\\/#breadcrumb\",\"itemListElement\":[{\"@type\":\"ListItem\",\"position\":1,\"name\":\"Home\",\"item\":\"https:\\\/\\\/parketasala.lv\\\/en\\\/home\\\/\"},{\"@type\":\"ListItem\",\"position\":2,\"name\":\"Shop\",\"item\":\"https:\\\/\\\/parketasala.lv\\\/en\\\/shop\\\/\"},{\"@type\":\"ListItem\",\"position\":3,\"name\":\"Quick-Step paintable skirting board 17*17*2400mm\"}]},{\"@type\":\"WebSite\",\"@id\":\"https:\\\/\\\/parketasala.lv\\\/en\\\/#website\",\"url\":\"https:\\\/\\\/parketasala.lv\\\/en\\\/\",\"name\":\"Parketa Sala\",\"description\":\"Pla&scaron;s lamin\u0101ta, vinila, parketa un kor\u0137a gr\u012bdu kl\u0101sts\",\"publisher\":{\"@id\":\"https:\\\/\\\/parketasala.lv\\\/en\\\/#organization\"},\"potentialAction\":[{\"@type\":\"SearchAction\",\"target\":{\"@type\":\"EntryPoint\",\"urlTemplate\":\"https:\\\/\\\/parketasala.lv\\\/en\\\/?s={search_term_string}\"},\"query-input\":{\"@type\":\"PropertyValueSpecification\",\"valueRequired\":true,\"valueName\":\"search_term_string\"}}],\"inLanguage\":\"en-US\"},{\"@type\":\"Organization\",\"@id\":\"https:\\\/\\\/parketasala.lv\\\/en\\\/#organization\",\"name\":\"Parketa Sala\",\"url\":\"https:\\\/\\\/parketasala.lv\\\/en\\\/\",\"logo\":{\"@type\":\"ImageObject\",\"inLanguage\":\"en-US\",\"@id\":\"https:\\\/\\\/parketasala.lv\\\/en\\\/#\\\/schema\\\/logo\\\/image\\\/\",\"url\":\"https:\\\/\\\/parketasala.lv\\\/wp-content\\\/uploads\\\/2019\\\/12\\\/Logo-x3.png\",\"contentUrl\":\"https:\\\/\\\/parketasala.lv\\\/wp-content\\\/uploads\\\/2019\\\/12\\\/Logo-x3.png\",\"width\":660,\"height\":137,\"caption\":\"Parketa Sala\"},\"image\":{\"@id\":\"https:\\\/\\\/parketasala.lv\\\/en\\\/#\\\/schema\\\/logo\\\/image\\\/\"},\"sameAs\":[\"https:\\\/\\\/www.facebook.com\\\/parketasala\\\/\",\"https:\\\/\\\/www.instagram.com\\\/parketasala\\\/\"]}]}<\/script>\n<!-- \/ Yoast SEO plugin. -->","yoast_head_json":{"title":"Quick-Step paintable skirting board 17*17*2400mm &#8211; Parketa Sala","robots":{"index,follow":"index,follow"},"canonical":"https:\/\/parketasala.lv\/en\/product\/quick-step-paintable-skirting-board-17172400mm\/","og_locale":"en_US","og_type":"article","og_title":"Quick-Step paintable skirting board 17*17*2400mm &#8211; Parketa Sala","og_description":"Quick-Step Painting Floor Tile. Can also be used as a finishing touch in combination with existing skirting boards. &nbsp; &nbsp; &nbsp; Types of attachment: Glue ONE4ALLGLUE &nbsp; Only available in full pack &#8211; 6 skirting boards (14.40 m)","og_url":"https:\/\/parketasala.lv\/en\/product\/quick-step-paintable-skirting-board-17172400mm\/","og_site_name":"Parketa Sala","article_publisher":"https:\/\/www.facebook.com\/parketasala\/","article_modified_time":"2025-03-21T08:30:55+00:00","og_image":[{"width":2000,"height":1334,"url":"https:\/\/parketasala.lv\/wp-content\/uploads\/2023\/03\/QSSCOTPAINT_Installed_EWF_PAL3095.jpg","type":"image\/jpeg"}],"twitter_card":"summary_large_image","schema":{"@context":"https:\/\/schema.org","@graph":[{"@type":"WebPage","@id":"https:\/\/parketasala.lv\/en\/product\/quick-step-paintable-skirting-board-17172400mm\/","url":"https:\/\/parketasala.lv\/en\/product\/quick-step-paintable-skirting-board-17172400mm\/","name":"Quick-Step paintable skirting board 17*17*2400mm &#8211; Parketa Sala","isPartOf":{"@id":"https:\/\/parketasala.lv\/en\/#website"},"primaryImageOfPage":{"@id":"https:\/\/parketasala.lv\/en\/product\/quick-step-paintable-skirting-board-17172400mm\/#primaryimage"},"image":{"@id":"https:\/\/parketasala.lv\/en\/product\/quick-step-paintable-skirting-board-17172400mm\/#primaryimage"},"thumbnailUrl":"https:\/\/parketasala.lv\/wp-content\/uploads\/2023\/03\/QSSCOTPAINT_Installed_EWF_PAL3095.jpg","datePublished":"2021-05-28T11:37:57+00:00","dateModified":"2025-03-21T08:30:55+00:00","breadcrumb":{"@id":"https:\/\/parketasala.lv\/en\/product\/quick-step-paintable-skirting-board-17172400mm\/#breadcrumb"},"inLanguage":"en-US","potentialAction":[{"@type":"ReadAction","target":["https:\/\/parketasala.lv\/en\/product\/quick-step-paintable-skirting-board-17172400mm\/"]}]},{"@type":"ImageObject","inLanguage":"en-US","@id":"https:\/\/parketasala.lv\/en\/product\/quick-step-paintable-skirting-board-17172400mm\/#primaryimage","url":"https:\/\/parketasala.lv\/wp-content\/uploads\/2023\/03\/QSSCOTPAINT_Installed_EWF_PAL3095.jpg","contentUrl":"https:\/\/parketasala.lv\/wp-content\/uploads\/2023\/03\/QSSCOTPAINT_Installed_EWF_PAL3095.jpg","width":2000,"height":1334,"caption":"QSSCOTPAINT"},{"@type":"BreadcrumbList","@id":"https:\/\/parketasala.lv\/en\/product\/quick-step-paintable-skirting-board-17172400mm\/#breadcrumb","itemListElement":[{"@type":"ListItem","position":1,"name":"Home","item":"https:\/\/parketasala.lv\/en\/home\/"},{"@type":"ListItem","position":2,"name":"Shop","item":"https:\/\/parketasala.lv\/en\/shop\/"},{"@type":"ListItem","position":3,"name":"Quick-Step paintable skirting board 17*17*2400mm"}]},{"@type":"WebSite","@id":"https:\/\/parketasala.lv\/en\/#website","url":"https:\/\/parketasala.lv\/en\/","name":"Parketa Sala","description":"Pla&scaron;s lamin\u0101ta, vinila, parketa un kor\u0137a gr\u012bdu kl\u0101sts","publisher":{"@id":"https:\/\/parketasala.lv\/en\/#organization"},"potentialAction":[{"@type":"SearchAction","target":{"@type":"EntryPoint","urlTemplate":"https:\/\/parketasala.lv\/en\/?s={search_term_string}"},"query-input":{"@type":"PropertyValueSpecification","valueRequired":true,"valueName":"search_term_string"}}],"inLanguage":"en-US"},{"@type":"Organization","@id":"https:\/\/parketasala.lv\/en\/#organization","name":"Parketa Sala","url":"https:\/\/parketasala.lv\/en\/","logo":{"@type":"ImageObject","inLanguage":"en-US","@id":"https:\/\/parketasala.lv\/en\/#\/schema\/logo\/image\/","url":"https:\/\/parketasala.lv\/wp-content\/uploads\/2019\/12\/Logo-x3.png","contentUrl":"https:\/\/parketasala.lv\/wp-content\/uploads\/2019\/12\/Logo-x3.png","width":660,"height":137,"caption":"Parketa Sala"},"image":{"@id":"https:\/\/parketasala.lv\/en\/#\/schema\/logo\/image\/"},"sameAs":["https:\/\/www.facebook.com\/parketasala\/","https:\/\/www.instagram.com\/parketasala\/"]}]}},"_links":{"self":[{"href":"https:\/\/parketasala.lv\/en\/wp-json\/wp\/v2\/product\/23046","targetHints":{"allow":["GET"]}}],"collection":[{"href":"https:\/\/parketasala.lv\/en\/wp-json\/wp\/v2\/product"}],"about":[{"href":"https:\/\/parketasala.lv\/en\/wp-json\/wp\/v2\/types\/product"}],"wp:featuredmedia":[{"embeddable":true,"href":"https:\/\/parketasala.lv\/en\/wp-json\/wp\/v2\/media\/19320"}],"wp:attachment":[{"href":"https:\/\/parketasala.lv\/en\/wp-json\/wp\/v2\/media?parent=23046"}],"wp:term":[{"taxonomy":"product_brand","embeddable":true,"href":"https:\/\/parketasala.lv\/en\/wp-json\/wp\/v2\/product_brand?post=23046"},{"taxonomy":"product_cat","embeddable":true,"href":"https:\/\/parketasala.lv\/en\/wp-json\/wp\/v2\/product_cat?post=23046"},{"taxonomy":"product_tag","embeddable":true,"href":"https:\/\/parketasala.lv\/en\/wp-json\/wp\/v2\/product_tag?post=23046"}],"curies":[{"name":"wp","href":"https:\/\/api.w.org\/{rel}","templated":true}]}}