{"id":23030,"date":"2021-09-16T15:12:33","date_gmt":"2021-09-16T15:12:33","guid":{"rendered":"https:\/\/parketasala.lv\/product\/adhesive-bostik-wood-h200-elastic-21-kg\/"},"modified":"2025-03-21T08:29:47","modified_gmt":"2025-03-21T08:29:47","slug":"adhesive-bostik-wood-h200-elastic-21-kg","status":"publish","type":"product","link":"https:\/\/parketasala.lv\/en\/product\/adhesive-bostik-wood-h200-elastic-21-kg\/","title":{"rendered":"Adhesive Bostik Wood H200 Elastic 21 kg"},"content":{"rendered":"<p>Parquet glue<\/p>\n<p>BOSTIK Wood H200 Elastic is a one-component parquet adhesive based on MS polymer, suitable for all types of parquet floors (unfinished or varnished) on absorbent and dense substrates such as concrete, wood, metal, tiles, floor levelling compounds.<\/p>\n<p>APPLICATION<\/p>\n<p>&#8211; Mosaic pattern for parquet<\/p>\n<p>&#8211; Lacquered or rough laminate parquet of any thickness<\/p>\n<p>&#8211; For parquet with untreated surface<\/p>\n<p>&#8211; Gala for parquet<\/p>\n<p>&#8211; For wood of all species (including beech, birch and bamboo)<\/p>\n<p>&#8211; Mosaics for parquet<\/p>\n<p>&#8211; Ideal for exotic woods<\/p>\n<p>FOREWORD<\/p>\n<p>&#8211; Excellent adhesion to all types of trees and substrates<\/p>\n<p>&#8211; Moisture resistant (can be used in wet areas)<\/p>\n<p>&#8211; Fast binding<\/p>\n<p>&#8211; Very good mechanical and acoustic properties: up to 18dB step noise reduction<\/p>\n<p>&#8211; Water-free: does not deform wood<\/p>\n<p>&#8211; Solvent-free and isocitrate-free<\/p>\n<p>&#8211; The floor can be laid without drying the adhesive<\/p>\n<p>&#8211; Suitable for underfloor heating<\/p>\n<p>&#8211; After drying, maintains constant elasticity at temperatures of -40 \u00b0C to +120 \u00b0C<\/p>\n<p>&#8211; Chemically inert: does not corrode metal<\/p>\n<p>PACKAGING: 3x7kg plastic bags in a plastic bucket<\/p>\n","protected":false},"excerpt":{"rendered":"<p>Parquet glue BOSTIK Wood H200 Elastic is a one-component parquet adhesive based on MS polymer, suitable for all types of parquet floors (unfinished or varnished) on absorbent and dense substrates such as concrete, wood, metal, tiles, floor levelling compounds. APPLICATION &#8211; Mosaic pattern for parquet &#8211; Lacquered or rough laminate parquet of any thickness &#8211; [&hellip;]<\/p>\n","protected":false},"featured_media":20737,"template":"","meta":{"_acf_changed":false},"product_brand":[],"product_cat":[536],"product_tag":[],"class_list":{"0":"post-23030","1":"product","2":"type-product","3":"status-publish","4":"has-post-thumbnail","6":"product_cat-3-layer-parquet","8":"first","9":"instock","10":"taxable","11":"shipping-taxable","12":"purchasable","13":"product-type-simple"},"acf":[],"yoast_head":"<!-- This site is optimized with the Yoast SEO plugin v27.3 - https:\/\/yoast.com\/product\/yoast-seo-wordpress\/ -->\n<title>Adhesive Bostik Wood H200 Elastic 21 kg &#8211; Parketa Sala<\/title>\n<meta name=\"robots\" content=\"index,follow\" \/>\n<link rel=\"canonical\" href=\"https:\/\/parketasala.lv\/en\/product\/adhesive-bostik-wood-h200-elastic-21-kg\/\" \/>\n<meta property=\"og:locale\" content=\"en_US\" \/>\n<meta property=\"og:type\" content=\"article\" \/>\n<meta property=\"og:title\" content=\"Adhesive Bostik Wood H200 Elastic 21 kg &#8211; Parketa Sala\" \/>\n<meta property=\"og:description\" content=\"Parquet glue BOSTIK Wood H200 Elastic is a one-component parquet adhesive based on MS polymer, suitable for all types of parquet floors (unfinished or varnished) on absorbent and dense substrates such as concrete, wood, metal, tiles, floor levelling compounds. APPLICATION &#8211; Mosaic pattern for parquet &#8211; Lacquered or rough laminate parquet of any thickness &#8211; [&hellip;]\" \/>\n<meta property=\"og:url\" content=\"https:\/\/parketasala.lv\/en\/product\/adhesive-bostik-wood-h200-elastic-21-kg\/\" \/>\n<meta property=\"og:site_name\" content=\"Parketa Sala\" \/>\n<meta property=\"article:publisher\" content=\"https:\/\/www.facebook.com\/parketasala\/\" \/>\n<meta property=\"article:modified_time\" content=\"2025-03-21T08:29:47+00:00\" \/>\n<meta property=\"og:image\" content=\"https:\/\/parketasala.lv\/wp-content\/uploads\/2024\/11\/9b8f44702dacf3263ff18a7cac9c45cdfa11d403_T_30615783_WOOD_H200_ELASTIC_P_21kg_3D_1024x1024.webp\" \/>\n\t<meta property=\"og:image:width\" content=\"1000\" \/>\n\t<meta property=\"og:image:height\" content=\"1000\" \/>\n\t<meta property=\"og:image:type\" content=\"image\/webp\" \/>\n<meta name=\"twitter:card\" content=\"summary_large_image\" \/>\n<meta name=\"twitter:label1\" content=\"Est. reading time\" \/>\n\t<meta name=\"twitter:data1\" content=\"1 minute\" \/>\n<script type=\"application\/ld+json\" class=\"yoast-schema-graph\">{\"@context\":\"https:\\\/\\\/schema.org\",\"@graph\":[{\"@type\":\"WebPage\",\"@id\":\"https:\\\/\\\/parketasala.lv\\\/en\\\/product\\\/adhesive-bostik-wood-h200-elastic-21-kg\\\/\",\"url\":\"https:\\\/\\\/parketasala.lv\\\/en\\\/product\\\/adhesive-bostik-wood-h200-elastic-21-kg\\\/\",\"name\":\"Adhesive Bostik Wood H200 Elastic 21 kg &#8211; Parketa Sala\",\"isPartOf\":{\"@id\":\"https:\\\/\\\/parketasala.lv\\\/en\\\/#website\"},\"primaryImageOfPage\":{\"@id\":\"https:\\\/\\\/parketasala.lv\\\/en\\\/product\\\/adhesive-bostik-wood-h200-elastic-21-kg\\\/#primaryimage\"},\"image\":{\"@id\":\"https:\\\/\\\/parketasala.lv\\\/en\\\/product\\\/adhesive-bostik-wood-h200-elastic-21-kg\\\/#primaryimage\"},\"thumbnailUrl\":\"https:\\\/\\\/parketasala.lv\\\/wp-content\\\/uploads\\\/2024\\\/11\\\/9b8f44702dacf3263ff18a7cac9c45cdfa11d403_T_30615783_WOOD_H200_ELASTIC_P_21kg_3D_1024x1024.webp\",\"datePublished\":\"2021-09-16T15:12:33+00:00\",\"dateModified\":\"2025-03-21T08:29:47+00:00\",\"breadcrumb\":{\"@id\":\"https:\\\/\\\/parketasala.lv\\\/en\\\/product\\\/adhesive-bostik-wood-h200-elastic-21-kg\\\/#breadcrumb\"},\"inLanguage\":\"en-US\",\"potentialAction\":[{\"@type\":\"ReadAction\",\"target\":[\"https:\\\/\\\/parketasala.lv\\\/en\\\/product\\\/adhesive-bostik-wood-h200-elastic-21-kg\\\/\"]}]},{\"@type\":\"ImageObject\",\"inLanguage\":\"en-US\",\"@id\":\"https:\\\/\\\/parketasala.lv\\\/en\\\/product\\\/adhesive-bostik-wood-h200-elastic-21-kg\\\/#primaryimage\",\"url\":\"https:\\\/\\\/parketasala.lv\\\/wp-content\\\/uploads\\\/2024\\\/11\\\/9b8f44702dacf3263ff18a7cac9c45cdfa11d403_T_30615783_WOOD_H200_ELASTIC_P_21kg_3D_1024x1024.webp\",\"contentUrl\":\"https:\\\/\\\/parketasala.lv\\\/wp-content\\\/uploads\\\/2024\\\/11\\\/9b8f44702dacf3263ff18a7cac9c45cdfa11d403_T_30615783_WOOD_H200_ELASTIC_P_21kg_3D_1024x1024.webp\",\"width\":1000,\"height\":1000,\"caption\":\"parquet-lime-boostik-wood-h200-elastic\"},{\"@type\":\"BreadcrumbList\",\"@id\":\"https:\\\/\\\/parketasala.lv\\\/en\\\/product\\\/adhesive-bostik-wood-h200-elastic-21-kg\\\/#breadcrumb\",\"itemListElement\":[{\"@type\":\"ListItem\",\"position\":1,\"name\":\"Home\",\"item\":\"https:\\\/\\\/parketasala.lv\\\/en\\\/home\\\/\"},{\"@type\":\"ListItem\",\"position\":2,\"name\":\"Shop\",\"item\":\"https:\\\/\\\/parketasala.lv\\\/en\\\/shop\\\/\"},{\"@type\":\"ListItem\",\"position\":3,\"name\":\"Adhesive Bostik Wood H200 Elastic 21 kg\"}]},{\"@type\":\"WebSite\",\"@id\":\"https:\\\/\\\/parketasala.lv\\\/en\\\/#website\",\"url\":\"https:\\\/\\\/parketasala.lv\\\/en\\\/\",\"name\":\"Parketa Sala\",\"description\":\"Pla&scaron;s lamin\u0101ta, vinila, parketa un kor\u0137a gr\u012bdu kl\u0101sts\",\"publisher\":{\"@id\":\"https:\\\/\\\/parketasala.lv\\\/en\\\/#organization\"},\"potentialAction\":[{\"@type\":\"SearchAction\",\"target\":{\"@type\":\"EntryPoint\",\"urlTemplate\":\"https:\\\/\\\/parketasala.lv\\\/en\\\/?s={search_term_string}\"},\"query-input\":{\"@type\":\"PropertyValueSpecification\",\"valueRequired\":true,\"valueName\":\"search_term_string\"}}],\"inLanguage\":\"en-US\"},{\"@type\":\"Organization\",\"@id\":\"https:\\\/\\\/parketasala.lv\\\/en\\\/#organization\",\"name\":\"Parketa Sala\",\"url\":\"https:\\\/\\\/parketasala.lv\\\/en\\\/\",\"logo\":{\"@type\":\"ImageObject\",\"inLanguage\":\"en-US\",\"@id\":\"https:\\\/\\\/parketasala.lv\\\/en\\\/#\\\/schema\\\/logo\\\/image\\\/\",\"url\":\"https:\\\/\\\/parketasala.lv\\\/wp-content\\\/uploads\\\/2019\\\/12\\\/Logo-x3.png\",\"contentUrl\":\"https:\\\/\\\/parketasala.lv\\\/wp-content\\\/uploads\\\/2019\\\/12\\\/Logo-x3.png\",\"width\":660,\"height\":137,\"caption\":\"Parketa Sala\"},\"image\":{\"@id\":\"https:\\\/\\\/parketasala.lv\\\/en\\\/#\\\/schema\\\/logo\\\/image\\\/\"},\"sameAs\":[\"https:\\\/\\\/www.facebook.com\\\/parketasala\\\/\",\"https:\\\/\\\/www.instagram.com\\\/parketasala\\\/\"]}]}<\/script>\n<!-- \/ Yoast SEO plugin. -->","yoast_head_json":{"title":"Adhesive Bostik Wood H200 Elastic 21 kg &#8211; Parketa Sala","robots":{"index,follow":"index,follow"},"canonical":"https:\/\/parketasala.lv\/en\/product\/adhesive-bostik-wood-h200-elastic-21-kg\/","og_locale":"en_US","og_type":"article","og_title":"Adhesive Bostik Wood H200 Elastic 21 kg &#8211; Parketa Sala","og_description":"Parquet glue BOSTIK Wood H200 Elastic is a one-component parquet adhesive based on MS polymer, suitable for all types of parquet floors (unfinished or varnished) on absorbent and dense substrates such as concrete, wood, metal, tiles, floor levelling compounds. APPLICATION &#8211; Mosaic pattern for parquet &#8211; Lacquered or rough laminate parquet of any thickness &#8211; [&hellip;]","og_url":"https:\/\/parketasala.lv\/en\/product\/adhesive-bostik-wood-h200-elastic-21-kg\/","og_site_name":"Parketa Sala","article_publisher":"https:\/\/www.facebook.com\/parketasala\/","article_modified_time":"2025-03-21T08:29:47+00:00","og_image":[{"width":1000,"height":1000,"url":"https:\/\/parketasala.lv\/wp-content\/uploads\/2024\/11\/9b8f44702dacf3263ff18a7cac9c45cdfa11d403_T_30615783_WOOD_H200_ELASTIC_P_21kg_3D_1024x1024.webp","type":"image\/webp"}],"twitter_card":"summary_large_image","twitter_misc":{"Est. reading time":"1 minute"},"schema":{"@context":"https:\/\/schema.org","@graph":[{"@type":"WebPage","@id":"https:\/\/parketasala.lv\/en\/product\/adhesive-bostik-wood-h200-elastic-21-kg\/","url":"https:\/\/parketasala.lv\/en\/product\/adhesive-bostik-wood-h200-elastic-21-kg\/","name":"Adhesive Bostik Wood H200 Elastic 21 kg &#8211; Parketa Sala","isPartOf":{"@id":"https:\/\/parketasala.lv\/en\/#website"},"primaryImageOfPage":{"@id":"https:\/\/parketasala.lv\/en\/product\/adhesive-bostik-wood-h200-elastic-21-kg\/#primaryimage"},"image":{"@id":"https:\/\/parketasala.lv\/en\/product\/adhesive-bostik-wood-h200-elastic-21-kg\/#primaryimage"},"thumbnailUrl":"https:\/\/parketasala.lv\/wp-content\/uploads\/2024\/11\/9b8f44702dacf3263ff18a7cac9c45cdfa11d403_T_30615783_WOOD_H200_ELASTIC_P_21kg_3D_1024x1024.webp","datePublished":"2021-09-16T15:12:33+00:00","dateModified":"2025-03-21T08:29:47+00:00","breadcrumb":{"@id":"https:\/\/parketasala.lv\/en\/product\/adhesive-bostik-wood-h200-elastic-21-kg\/#breadcrumb"},"inLanguage":"en-US","potentialAction":[{"@type":"ReadAction","target":["https:\/\/parketasala.lv\/en\/product\/adhesive-bostik-wood-h200-elastic-21-kg\/"]}]},{"@type":"ImageObject","inLanguage":"en-US","@id":"https:\/\/parketasala.lv\/en\/product\/adhesive-bostik-wood-h200-elastic-21-kg\/#primaryimage","url":"https:\/\/parketasala.lv\/wp-content\/uploads\/2024\/11\/9b8f44702dacf3263ff18a7cac9c45cdfa11d403_T_30615783_WOOD_H200_ELASTIC_P_21kg_3D_1024x1024.webp","contentUrl":"https:\/\/parketasala.lv\/wp-content\/uploads\/2024\/11\/9b8f44702dacf3263ff18a7cac9c45cdfa11d403_T_30615783_WOOD_H200_ELASTIC_P_21kg_3D_1024x1024.webp","width":1000,"height":1000,"caption":"parquet-lime-boostik-wood-h200-elastic"},{"@type":"BreadcrumbList","@id":"https:\/\/parketasala.lv\/en\/product\/adhesive-bostik-wood-h200-elastic-21-kg\/#breadcrumb","itemListElement":[{"@type":"ListItem","position":1,"name":"Home","item":"https:\/\/parketasala.lv\/en\/home\/"},{"@type":"ListItem","position":2,"name":"Shop","item":"https:\/\/parketasala.lv\/en\/shop\/"},{"@type":"ListItem","position":3,"name":"Adhesive Bostik Wood H200 Elastic 21 kg"}]},{"@type":"WebSite","@id":"https:\/\/parketasala.lv\/en\/#website","url":"https:\/\/parketasala.lv\/en\/","name":"Parketa Sala","description":"Pla&scaron;s lamin\u0101ta, vinila, parketa un kor\u0137a gr\u012bdu kl\u0101sts","publisher":{"@id":"https:\/\/parketasala.lv\/en\/#organization"},"potentialAction":[{"@type":"SearchAction","target":{"@type":"EntryPoint","urlTemplate":"https:\/\/parketasala.lv\/en\/?s={search_term_string}"},"query-input":{"@type":"PropertyValueSpecification","valueRequired":true,"valueName":"search_term_string"}}],"inLanguage":"en-US"},{"@type":"Organization","@id":"https:\/\/parketasala.lv\/en\/#organization","name":"Parketa Sala","url":"https:\/\/parketasala.lv\/en\/","logo":{"@type":"ImageObject","inLanguage":"en-US","@id":"https:\/\/parketasala.lv\/en\/#\/schema\/logo\/image\/","url":"https:\/\/parketasala.lv\/wp-content\/uploads\/2019\/12\/Logo-x3.png","contentUrl":"https:\/\/parketasala.lv\/wp-content\/uploads\/2019\/12\/Logo-x3.png","width":660,"height":137,"caption":"Parketa Sala"},"image":{"@id":"https:\/\/parketasala.lv\/en\/#\/schema\/logo\/image\/"},"sameAs":["https:\/\/www.facebook.com\/parketasala\/","https:\/\/www.instagram.com\/parketasala\/"]}]}},"_links":{"self":[{"href":"https:\/\/parketasala.lv\/en\/wp-json\/wp\/v2\/product\/23030","targetHints":{"allow":["GET"]}}],"collection":[{"href":"https:\/\/parketasala.lv\/en\/wp-json\/wp\/v2\/product"}],"about":[{"href":"https:\/\/parketasala.lv\/en\/wp-json\/wp\/v2\/types\/product"}],"wp:featuredmedia":[{"embeddable":true,"href":"https:\/\/parketasala.lv\/en\/wp-json\/wp\/v2\/media\/20737"}],"wp:attachment":[{"href":"https:\/\/parketasala.lv\/en\/wp-json\/wp\/v2\/media?parent=23030"}],"wp:term":[{"taxonomy":"product_brand","embeddable":true,"href":"https:\/\/parketasala.lv\/en\/wp-json\/wp\/v2\/product_brand?post=23030"},{"taxonomy":"product_cat","embeddable":true,"href":"https:\/\/parketasala.lv\/en\/wp-json\/wp\/v2\/product_cat?post=23030"},{"taxonomy":"product_tag","embeddable":true,"href":"https:\/\/parketasala.lv\/en\/wp-json\/wp\/v2\/product_tag?post=23030"}],"curies":[{"name":"wp","href":"https:\/\/api.w.org\/{rel}","templated":true}]}}