{"id":23015,"date":"2022-01-13T14:49:22","date_gmt":"2022-01-13T14:49:22","guid":{"rendered":"https:\/\/parketasala.lv\/product\/tarkett-swiss-oak-natural-vinyl-flooring\/"},"modified":"2025-03-21T08:29:45","modified_gmt":"2025-03-21T08:29:45","slug":"tarkett-swiss-oak-natural-vinyl-flooring","status":"publish","type":"product","link":"https:\/\/parketasala.lv\/en\/product\/tarkett-swiss-oak-natural-vinyl-flooring\/","title":{"rendered":"Tarkett Swiss Oak Natural vinyl flooring"},"content":{"rendered":"<p>Design features:<\/p>\n<ul>\n<li>Extra wide boards &#8211; 285 mm!<\/li>\n<li>Naturally matt wood surface structure<\/li>\n<li>A small fascia on all four sides of the board<\/li>\n<\/ul>\n","protected":false},"excerpt":{"rendered":"<p>Design features: Extra wide boards &#8211; 285 mm! Naturally matt wood surface structure A small fascia on all four sides of the board<\/p>\n","protected":false},"featured_media":16116,"template":"","meta":{"_acf_changed":false},"product_brand":[],"product_cat":[578,469,467,468],"product_tag":[],"class_list":{"0":"post-23015","1":"product","2":"type-product","3":"status-publish","4":"has-post-thumbnail","6":"product_cat-tarkett-vinyl-flooring","7":"product_cat-to-be-downloaded-at","8":"product_cat-vinyl-flooring","9":"product_cat-wooden-design-en","11":"first","12":"onbackorder","13":"taxable","14":"shipping-taxable","15":"purchasable","16":"product-type-simple"},"acf":[],"yoast_head":"<!-- This site is optimized with the Yoast SEO plugin v27.3 - https:\/\/yoast.com\/product\/yoast-seo-wordpress\/ -->\n<title>Tarkett Swiss Oak Natural vinyl flooring &#8211; Parketa Sala<\/title>\n<meta name=\"robots\" content=\"index,follow\" \/>\n<link rel=\"canonical\" href=\"https:\/\/parketasala.lv\/en\/product\/tarkett-swiss-oak-natural-vinyl-flooring\/\" \/>\n<meta property=\"og:locale\" content=\"en_US\" \/>\n<meta property=\"og:type\" content=\"article\" \/>\n<meta property=\"og:title\" content=\"Tarkett Swiss Oak Natural vinyl flooring &#8211; Parketa Sala\" \/>\n<meta property=\"og:description\" content=\"Design features: Extra wide boards &#8211; 285 mm! Naturally matt wood surface structure A small fascia on all four sides of the board\" \/>\n<meta property=\"og:url\" content=\"https:\/\/parketasala.lv\/en\/product\/tarkett-swiss-oak-natural-vinyl-flooring\/\" \/>\n<meta property=\"og:site_name\" content=\"Parketa Sala\" \/>\n<meta property=\"article:publisher\" content=\"https:\/\/www.facebook.com\/parketasala\/\" \/>\n<meta property=\"article:modified_time\" content=\"2025-03-21T08:29:45+00:00\" \/>\n<meta property=\"og:image\" content=\"https:\/\/parketasala.lv\/wp-content\/uploads\/2022\/01\/Swiss-natural-scaled.jpg\" \/>\n\t<meta property=\"og:image:width\" content=\"2560\" \/>\n\t<meta property=\"og:image:height\" content=\"1440\" \/>\n\t<meta property=\"og:image:type\" content=\"image\/jpeg\" \/>\n<meta name=\"twitter:card\" content=\"summary_large_image\" \/>\n<script type=\"application\/ld+json\" class=\"yoast-schema-graph\">{\"@context\":\"https:\\\/\\\/schema.org\",\"@graph\":[{\"@type\":\"WebPage\",\"@id\":\"https:\\\/\\\/parketasala.lv\\\/en\\\/product\\\/tarkett-swiss-oak-natural-vinyl-flooring\\\/\",\"url\":\"https:\\\/\\\/parketasala.lv\\\/en\\\/product\\\/tarkett-swiss-oak-natural-vinyl-flooring\\\/\",\"name\":\"Tarkett Swiss Oak Natural vinyl flooring &#8211; Parketa Sala\",\"isPartOf\":{\"@id\":\"https:\\\/\\\/parketasala.lv\\\/en\\\/#website\"},\"primaryImageOfPage\":{\"@id\":\"https:\\\/\\\/parketasala.lv\\\/en\\\/product\\\/tarkett-swiss-oak-natural-vinyl-flooring\\\/#primaryimage\"},\"image\":{\"@id\":\"https:\\\/\\\/parketasala.lv\\\/en\\\/product\\\/tarkett-swiss-oak-natural-vinyl-flooring\\\/#primaryimage\"},\"thumbnailUrl\":\"https:\\\/\\\/parketasala.lv\\\/wp-content\\\/uploads\\\/2022\\\/01\\\/Swiss-natural-scaled.jpg\",\"datePublished\":\"2022-01-13T14:49:22+00:00\",\"dateModified\":\"2025-03-21T08:29:45+00:00\",\"breadcrumb\":{\"@id\":\"https:\\\/\\\/parketasala.lv\\\/en\\\/product\\\/tarkett-swiss-oak-natural-vinyl-flooring\\\/#breadcrumb\"},\"inLanguage\":\"en-US\",\"potentialAction\":[{\"@type\":\"ReadAction\",\"target\":[\"https:\\\/\\\/parketasala.lv\\\/en\\\/product\\\/tarkett-swiss-oak-natural-vinyl-flooring\\\/\"]}]},{\"@type\":\"ImageObject\",\"inLanguage\":\"en-US\",\"@id\":\"https:\\\/\\\/parketasala.lv\\\/en\\\/product\\\/tarkett-swiss-oak-natural-vinyl-flooring\\\/#primaryimage\",\"url\":\"https:\\\/\\\/parketasala.lv\\\/wp-content\\\/uploads\\\/2022\\\/01\\\/Swiss-natural-scaled.jpg\",\"contentUrl\":\"https:\\\/\\\/parketasala.lv\\\/wp-content\\\/uploads\\\/2022\\\/01\\\/Swiss-natural-scaled.jpg\",\"width\":2560,\"height\":1440,\"caption\":\"limejama-vinyl-grida-tarkett-swiss-oak-natural-id-inspiration-55-24515075\"},{\"@type\":\"BreadcrumbList\",\"@id\":\"https:\\\/\\\/parketasala.lv\\\/en\\\/product\\\/tarkett-swiss-oak-natural-vinyl-flooring\\\/#breadcrumb\",\"itemListElement\":[{\"@type\":\"ListItem\",\"position\":1,\"name\":\"Home\",\"item\":\"https:\\\/\\\/parketasala.lv\\\/en\\\/home\\\/\"},{\"@type\":\"ListItem\",\"position\":2,\"name\":\"Shop\",\"item\":\"https:\\\/\\\/parketasala.lv\\\/en\\\/shop\\\/\"},{\"@type\":\"ListItem\",\"position\":3,\"name\":\"Tarkett Swiss Oak Natural vinyl flooring\"}]},{\"@type\":\"WebSite\",\"@id\":\"https:\\\/\\\/parketasala.lv\\\/en\\\/#website\",\"url\":\"https:\\\/\\\/parketasala.lv\\\/en\\\/\",\"name\":\"Parketa Sala\",\"description\":\"Pla&scaron;s lamin\u0101ta, vinila, parketa un kor\u0137a gr\u012bdu kl\u0101sts\",\"publisher\":{\"@id\":\"https:\\\/\\\/parketasala.lv\\\/en\\\/#organization\"},\"potentialAction\":[{\"@type\":\"SearchAction\",\"target\":{\"@type\":\"EntryPoint\",\"urlTemplate\":\"https:\\\/\\\/parketasala.lv\\\/en\\\/?s={search_term_string}\"},\"query-input\":{\"@type\":\"PropertyValueSpecification\",\"valueRequired\":true,\"valueName\":\"search_term_string\"}}],\"inLanguage\":\"en-US\"},{\"@type\":\"Organization\",\"@id\":\"https:\\\/\\\/parketasala.lv\\\/en\\\/#organization\",\"name\":\"Parketa Sala\",\"url\":\"https:\\\/\\\/parketasala.lv\\\/en\\\/\",\"logo\":{\"@type\":\"ImageObject\",\"inLanguage\":\"en-US\",\"@id\":\"https:\\\/\\\/parketasala.lv\\\/en\\\/#\\\/schema\\\/logo\\\/image\\\/\",\"url\":\"https:\\\/\\\/parketasala.lv\\\/wp-content\\\/uploads\\\/2019\\\/12\\\/Logo-x3.png\",\"contentUrl\":\"https:\\\/\\\/parketasala.lv\\\/wp-content\\\/uploads\\\/2019\\\/12\\\/Logo-x3.png\",\"width\":660,\"height\":137,\"caption\":\"Parketa Sala\"},\"image\":{\"@id\":\"https:\\\/\\\/parketasala.lv\\\/en\\\/#\\\/schema\\\/logo\\\/image\\\/\"},\"sameAs\":[\"https:\\\/\\\/www.facebook.com\\\/parketasala\\\/\",\"https:\\\/\\\/www.instagram.com\\\/parketasala\\\/\"]}]}<\/script>\n<!-- \/ Yoast SEO plugin. -->","yoast_head_json":{"title":"Tarkett Swiss Oak Natural vinyl flooring &#8211; Parketa Sala","robots":{"index,follow":"index,follow"},"canonical":"https:\/\/parketasala.lv\/en\/product\/tarkett-swiss-oak-natural-vinyl-flooring\/","og_locale":"en_US","og_type":"article","og_title":"Tarkett Swiss Oak Natural vinyl flooring &#8211; Parketa Sala","og_description":"Design features: Extra wide boards &#8211; 285 mm! Naturally matt wood surface structure A small fascia on all four sides of the board","og_url":"https:\/\/parketasala.lv\/en\/product\/tarkett-swiss-oak-natural-vinyl-flooring\/","og_site_name":"Parketa Sala","article_publisher":"https:\/\/www.facebook.com\/parketasala\/","article_modified_time":"2025-03-21T08:29:45+00:00","og_image":[{"width":2560,"height":1440,"url":"https:\/\/parketasala.lv\/wp-content\/uploads\/2022\/01\/Swiss-natural-scaled.jpg","type":"image\/jpeg"}],"twitter_card":"summary_large_image","schema":{"@context":"https:\/\/schema.org","@graph":[{"@type":"WebPage","@id":"https:\/\/parketasala.lv\/en\/product\/tarkett-swiss-oak-natural-vinyl-flooring\/","url":"https:\/\/parketasala.lv\/en\/product\/tarkett-swiss-oak-natural-vinyl-flooring\/","name":"Tarkett Swiss Oak Natural vinyl flooring &#8211; Parketa Sala","isPartOf":{"@id":"https:\/\/parketasala.lv\/en\/#website"},"primaryImageOfPage":{"@id":"https:\/\/parketasala.lv\/en\/product\/tarkett-swiss-oak-natural-vinyl-flooring\/#primaryimage"},"image":{"@id":"https:\/\/parketasala.lv\/en\/product\/tarkett-swiss-oak-natural-vinyl-flooring\/#primaryimage"},"thumbnailUrl":"https:\/\/parketasala.lv\/wp-content\/uploads\/2022\/01\/Swiss-natural-scaled.jpg","datePublished":"2022-01-13T14:49:22+00:00","dateModified":"2025-03-21T08:29:45+00:00","breadcrumb":{"@id":"https:\/\/parketasala.lv\/en\/product\/tarkett-swiss-oak-natural-vinyl-flooring\/#breadcrumb"},"inLanguage":"en-US","potentialAction":[{"@type":"ReadAction","target":["https:\/\/parketasala.lv\/en\/product\/tarkett-swiss-oak-natural-vinyl-flooring\/"]}]},{"@type":"ImageObject","inLanguage":"en-US","@id":"https:\/\/parketasala.lv\/en\/product\/tarkett-swiss-oak-natural-vinyl-flooring\/#primaryimage","url":"https:\/\/parketasala.lv\/wp-content\/uploads\/2022\/01\/Swiss-natural-scaled.jpg","contentUrl":"https:\/\/parketasala.lv\/wp-content\/uploads\/2022\/01\/Swiss-natural-scaled.jpg","width":2560,"height":1440,"caption":"limejama-vinyl-grida-tarkett-swiss-oak-natural-id-inspiration-55-24515075"},{"@type":"BreadcrumbList","@id":"https:\/\/parketasala.lv\/en\/product\/tarkett-swiss-oak-natural-vinyl-flooring\/#breadcrumb","itemListElement":[{"@type":"ListItem","position":1,"name":"Home","item":"https:\/\/parketasala.lv\/en\/home\/"},{"@type":"ListItem","position":2,"name":"Shop","item":"https:\/\/parketasala.lv\/en\/shop\/"},{"@type":"ListItem","position":3,"name":"Tarkett Swiss Oak Natural vinyl flooring"}]},{"@type":"WebSite","@id":"https:\/\/parketasala.lv\/en\/#website","url":"https:\/\/parketasala.lv\/en\/","name":"Parketa Sala","description":"Pla&scaron;s lamin\u0101ta, vinila, parketa un kor\u0137a gr\u012bdu kl\u0101sts","publisher":{"@id":"https:\/\/parketasala.lv\/en\/#organization"},"potentialAction":[{"@type":"SearchAction","target":{"@type":"EntryPoint","urlTemplate":"https:\/\/parketasala.lv\/en\/?s={search_term_string}"},"query-input":{"@type":"PropertyValueSpecification","valueRequired":true,"valueName":"search_term_string"}}],"inLanguage":"en-US"},{"@type":"Organization","@id":"https:\/\/parketasala.lv\/en\/#organization","name":"Parketa Sala","url":"https:\/\/parketasala.lv\/en\/","logo":{"@type":"ImageObject","inLanguage":"en-US","@id":"https:\/\/parketasala.lv\/en\/#\/schema\/logo\/image\/","url":"https:\/\/parketasala.lv\/wp-content\/uploads\/2019\/12\/Logo-x3.png","contentUrl":"https:\/\/parketasala.lv\/wp-content\/uploads\/2019\/12\/Logo-x3.png","width":660,"height":137,"caption":"Parketa Sala"},"image":{"@id":"https:\/\/parketasala.lv\/en\/#\/schema\/logo\/image\/"},"sameAs":["https:\/\/www.facebook.com\/parketasala\/","https:\/\/www.instagram.com\/parketasala\/"]}]}},"_links":{"self":[{"href":"https:\/\/parketasala.lv\/en\/wp-json\/wp\/v2\/product\/23015","targetHints":{"allow":["GET"]}}],"collection":[{"href":"https:\/\/parketasala.lv\/en\/wp-json\/wp\/v2\/product"}],"about":[{"href":"https:\/\/parketasala.lv\/en\/wp-json\/wp\/v2\/types\/product"}],"wp:featuredmedia":[{"embeddable":true,"href":"https:\/\/parketasala.lv\/en\/wp-json\/wp\/v2\/media\/16116"}],"wp:attachment":[{"href":"https:\/\/parketasala.lv\/en\/wp-json\/wp\/v2\/media?parent=23015"}],"wp:term":[{"taxonomy":"product_brand","embeddable":true,"href":"https:\/\/parketasala.lv\/en\/wp-json\/wp\/v2\/product_brand?post=23015"},{"taxonomy":"product_cat","embeddable":true,"href":"https:\/\/parketasala.lv\/en\/wp-json\/wp\/v2\/product_cat?post=23015"},{"taxonomy":"product_tag","embeddable":true,"href":"https:\/\/parketasala.lv\/en\/wp-json\/wp\/v2\/product_tag?post=23015"}],"curies":[{"name":"wp","href":"https:\/\/api.w.org\/{rel}","templated":true}]}}