{"id":22899,"date":"2022-01-29T11:20:53","date_gmt":"2022-01-29T11:20:53","guid":{"rendered":"https:\/\/parketasala.lv\/product\/tarkett-park-oak-linen-vinyl-flooring\/"},"modified":"2025-03-21T08:26:35","modified_gmt":"2025-03-21T08:26:35","slug":"tarkett-park-oak-linen-vinyl-flooring","status":"publish","type":"product","link":"https:\/\/parketasala.lv\/en\/product\/tarkett-park-oak-linen-vinyl-flooring\/","title":{"rendered":"Tarkett Park Oak LINEN vinyl flooring"},"content":{"rendered":"<p>Vinyl floors from the Tarkett iD Supernature 70 Herringbone collection are designed for use in commercial environments or in the home under the heaviest of loads. Vinyl flooring is the ideal floor covering for all occasions: <\/p>\n<ul>\n<li>not afraid of moisture and water, even in the bathroom<\/li>\n<li>not afraid of falling objects<\/li>\n<li>minimal step noise<\/li>\n<li>excellent performance on warm floors<\/li>\n<li>Size of boards &#8211; 10 x 50 cm<\/li>\n<li>Can be installed in 8 different patterns, including the classic herringbone pattern.<\/li>\n<li>Naturally matt wood surface structure<\/li>\n<li>A small fascia on all four sides of the board<\/li>\n<li>Good cleaning properties<\/li>\n<li>Installation &#8211; using adhesive or self-adhesive underlay<\/li>\n<\/ul>\n<p>&nbsp;<\/p>\n<p>&nbsp;<\/p>\n","protected":false},"excerpt":{"rendered":"<p>Vinyl floors from the Tarkett iD Supernature 70 Herringbone collection are designed for use in commercial environments or in the home under the heaviest of loads. Vinyl flooring is the ideal floor covering for all occasions: not afraid of moisture and water, even in the bathroom not afraid of falling objects minimal step noise excellent [&hellip;]<\/p>\n","protected":false},"featured_media":20505,"template":"","meta":{"_acf_changed":false},"product_brand":[],"product_cat":[494,496,572,578,469,467,497,468],"product_tag":[],"class_list":{"0":"post-22899","1":"product","2":"type-product","3":"status-publish","4":"has-post-thumbnail","6":"product_cat-outlet-en","7":"product_cat-promotions","8":"product_cat-special-designs","9":"product_cat-tarkett-vinyl-flooring","10":"product_cat-to-be-downloaded-at","11":"product_cat-vinyl-flooring","12":"product_cat-vinyl-flooring-en","13":"product_cat-wooden-design-en","15":"first","16":"instock","17":"sale","18":"taxable","19":"shipping-taxable","20":"purchasable","21":"product-type-simple"},"acf":[],"yoast_head":"<!-- This site is optimized with the Yoast SEO plugin v27.3 - https:\/\/yoast.com\/product\/yoast-seo-wordpress\/ -->\n<title>Tarkett Park Oak LINEN vinyl flooring &#8211; Parketa Sala<\/title>\n<meta name=\"robots\" content=\"index,follow\" \/>\n<link rel=\"canonical\" href=\"https:\/\/parketasala.lv\/en\/product\/tarkett-park-oak-linen-vinyl-flooring\/\" \/>\n<meta property=\"og:locale\" content=\"en_US\" \/>\n<meta property=\"og:type\" content=\"article\" \/>\n<meta property=\"og:title\" content=\"Tarkett Park Oak LINEN vinyl flooring &#8211; Parketa Sala\" \/>\n<meta property=\"og:description\" content=\"Vinyl floors from the Tarkett iD Supernature 70 Herringbone collection are designed for use in commercial environments or in the home under the heaviest of loads. Vinyl flooring is the ideal floor covering for all occasions: not afraid of moisture and water, even in the bathroom not afraid of falling objects minimal step noise excellent [&hellip;]\" \/>\n<meta property=\"og:url\" content=\"https:\/\/parketasala.lv\/en\/product\/tarkett-park-oak-linen-vinyl-flooring\/\" \/>\n<meta property=\"og:site_name\" content=\"Parketa Sala\" \/>\n<meta property=\"article:publisher\" content=\"https:\/\/www.facebook.com\/parketasala\/\" \/>\n<meta property=\"article:modified_time\" content=\"2025-03-21T08:26:35+00:00\" \/>\n<meta property=\"og:image\" content=\"https:\/\/parketasala.lv\/wp-content\/uploads\/2022\/01\/PXL_20240516_101636050.jpg\" \/>\n\t<meta property=\"og:image:width\" content=\"2156\" \/>\n\t<meta property=\"og:image:height\" content=\"2148\" \/>\n\t<meta property=\"og:image:type\" content=\"image\/jpeg\" \/>\n<meta name=\"twitter:card\" content=\"summary_large_image\" \/>\n<meta name=\"twitter:label1\" content=\"Est. reading time\" \/>\n\t<meta name=\"twitter:data1\" content=\"1 minute\" \/>\n<script type=\"application\/ld+json\" class=\"yoast-schema-graph\">{\"@context\":\"https:\\\/\\\/schema.org\",\"@graph\":[{\"@type\":\"WebPage\",\"@id\":\"https:\\\/\\\/parketasala.lv\\\/en\\\/product\\\/tarkett-park-oak-linen-vinyl-flooring\\\/\",\"url\":\"https:\\\/\\\/parketasala.lv\\\/en\\\/product\\\/tarkett-park-oak-linen-vinyl-flooring\\\/\",\"name\":\"Tarkett Park Oak LINEN vinyl flooring &#8211; Parketa Sala\",\"isPartOf\":{\"@id\":\"https:\\\/\\\/parketasala.lv\\\/en\\\/#website\"},\"primaryImageOfPage\":{\"@id\":\"https:\\\/\\\/parketasala.lv\\\/en\\\/product\\\/tarkett-park-oak-linen-vinyl-flooring\\\/#primaryimage\"},\"image\":{\"@id\":\"https:\\\/\\\/parketasala.lv\\\/en\\\/product\\\/tarkett-park-oak-linen-vinyl-flooring\\\/#primaryimage\"},\"thumbnailUrl\":\"https:\\\/\\\/parketasala.lv\\\/wp-content\\\/uploads\\\/2022\\\/01\\\/PXL_20240516_101636050.jpg\",\"datePublished\":\"2022-01-29T11:20:53+00:00\",\"dateModified\":\"2025-03-21T08:26:35+00:00\",\"breadcrumb\":{\"@id\":\"https:\\\/\\\/parketasala.lv\\\/en\\\/product\\\/tarkett-park-oak-linen-vinyl-flooring\\\/#breadcrumb\"},\"inLanguage\":\"en-US\",\"potentialAction\":[{\"@type\":\"ReadAction\",\"target\":[\"https:\\\/\\\/parketasala.lv\\\/en\\\/product\\\/tarkett-park-oak-linen-vinyl-flooring\\\/\"]}]},{\"@type\":\"ImageObject\",\"inLanguage\":\"en-US\",\"@id\":\"https:\\\/\\\/parketasala.lv\\\/en\\\/product\\\/tarkett-park-oak-linen-vinyl-flooring\\\/#primaryimage\",\"url\":\"https:\\\/\\\/parketasala.lv\\\/wp-content\\\/uploads\\\/2022\\\/01\\\/PXL_20240516_101636050.jpg\",\"contentUrl\":\"https:\\\/\\\/parketasala.lv\\\/wp-content\\\/uploads\\\/2022\\\/01\\\/PXL_20240516_101636050.jpg\",\"width\":2156,\"height\":2148,\"caption\":\"limejama-vinila-grida-tarkett-24404108\"},{\"@type\":\"BreadcrumbList\",\"@id\":\"https:\\\/\\\/parketasala.lv\\\/en\\\/product\\\/tarkett-park-oak-linen-vinyl-flooring\\\/#breadcrumb\",\"itemListElement\":[{\"@type\":\"ListItem\",\"position\":1,\"name\":\"Home\",\"item\":\"https:\\\/\\\/parketasala.lv\\\/en\\\/home\\\/\"},{\"@type\":\"ListItem\",\"position\":2,\"name\":\"Shop\",\"item\":\"https:\\\/\\\/parketasala.lv\\\/en\\\/shop\\\/\"},{\"@type\":\"ListItem\",\"position\":3,\"name\":\"Tarkett Park Oak LINEN vinyl flooring\"}]},{\"@type\":\"WebSite\",\"@id\":\"https:\\\/\\\/parketasala.lv\\\/en\\\/#website\",\"url\":\"https:\\\/\\\/parketasala.lv\\\/en\\\/\",\"name\":\"Parketa Sala\",\"description\":\"Pla&scaron;s lamin\u0101ta, vinila, parketa un kor\u0137a gr\u012bdu kl\u0101sts\",\"publisher\":{\"@id\":\"https:\\\/\\\/parketasala.lv\\\/en\\\/#organization\"},\"potentialAction\":[{\"@type\":\"SearchAction\",\"target\":{\"@type\":\"EntryPoint\",\"urlTemplate\":\"https:\\\/\\\/parketasala.lv\\\/en\\\/?s={search_term_string}\"},\"query-input\":{\"@type\":\"PropertyValueSpecification\",\"valueRequired\":true,\"valueName\":\"search_term_string\"}}],\"inLanguage\":\"en-US\"},{\"@type\":\"Organization\",\"@id\":\"https:\\\/\\\/parketasala.lv\\\/en\\\/#organization\",\"name\":\"Parketa Sala\",\"url\":\"https:\\\/\\\/parketasala.lv\\\/en\\\/\",\"logo\":{\"@type\":\"ImageObject\",\"inLanguage\":\"en-US\",\"@id\":\"https:\\\/\\\/parketasala.lv\\\/en\\\/#\\\/schema\\\/logo\\\/image\\\/\",\"url\":\"https:\\\/\\\/parketasala.lv\\\/wp-content\\\/uploads\\\/2019\\\/12\\\/Logo-x3.png\",\"contentUrl\":\"https:\\\/\\\/parketasala.lv\\\/wp-content\\\/uploads\\\/2019\\\/12\\\/Logo-x3.png\",\"width\":660,\"height\":137,\"caption\":\"Parketa Sala\"},\"image\":{\"@id\":\"https:\\\/\\\/parketasala.lv\\\/en\\\/#\\\/schema\\\/logo\\\/image\\\/\"},\"sameAs\":[\"https:\\\/\\\/www.facebook.com\\\/parketasala\\\/\",\"https:\\\/\\\/www.instagram.com\\\/parketasala\\\/\"]}]}<\/script>\n<!-- \/ Yoast SEO plugin. -->","yoast_head_json":{"title":"Tarkett Park Oak LINEN vinyl flooring &#8211; Parketa Sala","robots":{"index,follow":"index,follow"},"canonical":"https:\/\/parketasala.lv\/en\/product\/tarkett-park-oak-linen-vinyl-flooring\/","og_locale":"en_US","og_type":"article","og_title":"Tarkett Park Oak LINEN vinyl flooring &#8211; Parketa Sala","og_description":"Vinyl floors from the Tarkett iD Supernature 70 Herringbone collection are designed for use in commercial environments or in the home under the heaviest of loads. Vinyl flooring is the ideal floor covering for all occasions: not afraid of moisture and water, even in the bathroom not afraid of falling objects minimal step noise excellent [&hellip;]","og_url":"https:\/\/parketasala.lv\/en\/product\/tarkett-park-oak-linen-vinyl-flooring\/","og_site_name":"Parketa Sala","article_publisher":"https:\/\/www.facebook.com\/parketasala\/","article_modified_time":"2025-03-21T08:26:35+00:00","og_image":[{"width":2156,"height":2148,"url":"https:\/\/parketasala.lv\/wp-content\/uploads\/2022\/01\/PXL_20240516_101636050.jpg","type":"image\/jpeg"}],"twitter_card":"summary_large_image","twitter_misc":{"Est. reading time":"1 minute"},"schema":{"@context":"https:\/\/schema.org","@graph":[{"@type":"WebPage","@id":"https:\/\/parketasala.lv\/en\/product\/tarkett-park-oak-linen-vinyl-flooring\/","url":"https:\/\/parketasala.lv\/en\/product\/tarkett-park-oak-linen-vinyl-flooring\/","name":"Tarkett Park Oak LINEN vinyl flooring &#8211; Parketa Sala","isPartOf":{"@id":"https:\/\/parketasala.lv\/en\/#website"},"primaryImageOfPage":{"@id":"https:\/\/parketasala.lv\/en\/product\/tarkett-park-oak-linen-vinyl-flooring\/#primaryimage"},"image":{"@id":"https:\/\/parketasala.lv\/en\/product\/tarkett-park-oak-linen-vinyl-flooring\/#primaryimage"},"thumbnailUrl":"https:\/\/parketasala.lv\/wp-content\/uploads\/2022\/01\/PXL_20240516_101636050.jpg","datePublished":"2022-01-29T11:20:53+00:00","dateModified":"2025-03-21T08:26:35+00:00","breadcrumb":{"@id":"https:\/\/parketasala.lv\/en\/product\/tarkett-park-oak-linen-vinyl-flooring\/#breadcrumb"},"inLanguage":"en-US","potentialAction":[{"@type":"ReadAction","target":["https:\/\/parketasala.lv\/en\/product\/tarkett-park-oak-linen-vinyl-flooring\/"]}]},{"@type":"ImageObject","inLanguage":"en-US","@id":"https:\/\/parketasala.lv\/en\/product\/tarkett-park-oak-linen-vinyl-flooring\/#primaryimage","url":"https:\/\/parketasala.lv\/wp-content\/uploads\/2022\/01\/PXL_20240516_101636050.jpg","contentUrl":"https:\/\/parketasala.lv\/wp-content\/uploads\/2022\/01\/PXL_20240516_101636050.jpg","width":2156,"height":2148,"caption":"limejama-vinila-grida-tarkett-24404108"},{"@type":"BreadcrumbList","@id":"https:\/\/parketasala.lv\/en\/product\/tarkett-park-oak-linen-vinyl-flooring\/#breadcrumb","itemListElement":[{"@type":"ListItem","position":1,"name":"Home","item":"https:\/\/parketasala.lv\/en\/home\/"},{"@type":"ListItem","position":2,"name":"Shop","item":"https:\/\/parketasala.lv\/en\/shop\/"},{"@type":"ListItem","position":3,"name":"Tarkett Park Oak LINEN vinyl flooring"}]},{"@type":"WebSite","@id":"https:\/\/parketasala.lv\/en\/#website","url":"https:\/\/parketasala.lv\/en\/","name":"Parketa Sala","description":"Pla&scaron;s lamin\u0101ta, vinila, parketa un kor\u0137a gr\u012bdu kl\u0101sts","publisher":{"@id":"https:\/\/parketasala.lv\/en\/#organization"},"potentialAction":[{"@type":"SearchAction","target":{"@type":"EntryPoint","urlTemplate":"https:\/\/parketasala.lv\/en\/?s={search_term_string}"},"query-input":{"@type":"PropertyValueSpecification","valueRequired":true,"valueName":"search_term_string"}}],"inLanguage":"en-US"},{"@type":"Organization","@id":"https:\/\/parketasala.lv\/en\/#organization","name":"Parketa Sala","url":"https:\/\/parketasala.lv\/en\/","logo":{"@type":"ImageObject","inLanguage":"en-US","@id":"https:\/\/parketasala.lv\/en\/#\/schema\/logo\/image\/","url":"https:\/\/parketasala.lv\/wp-content\/uploads\/2019\/12\/Logo-x3.png","contentUrl":"https:\/\/parketasala.lv\/wp-content\/uploads\/2019\/12\/Logo-x3.png","width":660,"height":137,"caption":"Parketa Sala"},"image":{"@id":"https:\/\/parketasala.lv\/en\/#\/schema\/logo\/image\/"},"sameAs":["https:\/\/www.facebook.com\/parketasala\/","https:\/\/www.instagram.com\/parketasala\/"]}]}},"_links":{"self":[{"href":"https:\/\/parketasala.lv\/en\/wp-json\/wp\/v2\/product\/22899","targetHints":{"allow":["GET"]}}],"collection":[{"href":"https:\/\/parketasala.lv\/en\/wp-json\/wp\/v2\/product"}],"about":[{"href":"https:\/\/parketasala.lv\/en\/wp-json\/wp\/v2\/types\/product"}],"wp:featuredmedia":[{"embeddable":true,"href":"https:\/\/parketasala.lv\/en\/wp-json\/wp\/v2\/media\/20505"}],"wp:attachment":[{"href":"https:\/\/parketasala.lv\/en\/wp-json\/wp\/v2\/media?parent=22899"}],"wp:term":[{"taxonomy":"product_brand","embeddable":true,"href":"https:\/\/parketasala.lv\/en\/wp-json\/wp\/v2\/product_brand?post=22899"},{"taxonomy":"product_cat","embeddable":true,"href":"https:\/\/parketasala.lv\/en\/wp-json\/wp\/v2\/product_cat?post=22899"},{"taxonomy":"product_tag","embeddable":true,"href":"https:\/\/parketasala.lv\/en\/wp-json\/wp\/v2\/product_tag?post=22899"}],"curies":[{"name":"wp","href":"https:\/\/api.w.org\/{rel}","templated":true}]}}