{"id":22897,"date":"2022-01-29T13:01:43","date_gmt":"2022-01-29T13:01:43","guid":{"rendered":"https:\/\/parketasala.lv\/product\/tarkett-park-oak-smoke-vinyl-flooring\/"},"modified":"2025-06-21T11:51:54","modified_gmt":"2025-06-21T11:51:54","slug":"tarkett-park-oak-smoke-vinyl-flooring","status":"publish","type":"product","link":"https:\/\/parketasala.lv\/en\/product\/tarkett-park-oak-smoke-vinyl-flooring\/","title":{"rendered":"Tarkett Park Oak SMOKE vinyl flooring"},"content":{"rendered":"<p>Vinyl floors from the Tarkett iD Supernature Herringbone collection are designed for use in commercial environments or in the home under the heaviest of loads. Vinyl flooring is the ideal floor covering for all occasions: <\/p>\n<ul>\n<li>not afraid of moisture and water, even in the bathroom<\/li>\n<li>not afraid of falling objects<\/li>\n<li>minimal step noise<\/li>\n<li>excellent performance on warm floors<\/li>\n<li>Size of boards &#8211; 10 x 50 cm<\/li>\n<li>Can be installed in 8 different patterns, including the classic herringbone pattern.<\/li>\n<li>Naturally matt wood surface structure<\/li>\n<li>A small fascia on all four sides of the board<\/li>\n<li>Good cleaning properties<\/li>\n<li>Installation &#8211; using adhesive or self-adhesive underlay<\/li>\n<\/ul>\n<p><strong>Available balance &#8211; 14,67 m2<\/strong><\/p>\n","protected":false},"excerpt":{"rendered":"<p>Vinyl floors from the Tarkett iD Supernature Herringbone collection are designed for use in commercial environments or in the home under the heaviest of loads. Vinyl flooring is the ideal floor covering for all occasions: not afraid of moisture and water, even in the bathroom not afraid of falling objects minimal step noise excellent performance [&hellip;]<\/p>\n","protected":false},"featured_media":16679,"template":"","meta":{"_acf_changed":false},"product_brand":[],"product_cat":[494,572,578,469,467,497,468],"product_tag":[],"class_list":{"0":"post-22897","1":"product","2":"type-product","3":"status-publish","4":"has-post-thumbnail","6":"product_cat-outlet-en","7":"product_cat-special-designs","8":"product_cat-tarkett-vinyl-flooring","9":"product_cat-to-be-downloaded-at","10":"product_cat-vinyl-flooring","11":"product_cat-vinyl-flooring-en","12":"product_cat-wooden-design-en","14":"first","15":"instock","16":"sale","17":"taxable","18":"shipping-taxable","19":"purchasable","20":"product-type-simple"},"acf":[],"yoast_head":"<!-- This site is optimized with the Yoast SEO plugin v27.3 - https:\/\/yoast.com\/product\/yoast-seo-wordpress\/ -->\n<title>Tarkett Park Oak SMOKE vinyl flooring &#8211; Parketa Sala<\/title>\n<meta name=\"robots\" content=\"index,follow\" \/>\n<link rel=\"canonical\" href=\"https:\/\/parketasala.lv\/en\/product\/tarkett-park-oak-smoke-vinyl-flooring\/\" \/>\n<meta property=\"og:locale\" content=\"en_US\" \/>\n<meta property=\"og:type\" content=\"article\" \/>\n<meta property=\"og:title\" content=\"Tarkett Park Oak SMOKE vinyl flooring &#8211; Parketa Sala\" \/>\n<meta property=\"og:description\" content=\"Vinyl floors from the Tarkett iD Supernature Herringbone collection are designed for use in commercial environments or in the home under the heaviest of loads. Vinyl flooring is the ideal floor covering for all occasions: not afraid of moisture and water, even in the bathroom not afraid of falling objects minimal step noise excellent performance [&hellip;]\" \/>\n<meta property=\"og:url\" content=\"https:\/\/parketasala.lv\/en\/product\/tarkett-park-oak-smoke-vinyl-flooring\/\" \/>\n<meta property=\"og:site_name\" content=\"Parketa Sala\" \/>\n<meta property=\"article:publisher\" content=\"https:\/\/www.facebook.com\/parketasala\/\" \/>\n<meta property=\"article:modified_time\" content=\"2025-06-21T11:51:54+00:00\" \/>\n<meta property=\"og:image\" content=\"https:\/\/parketasala.lv\/wp-content\/uploads\/2022\/01\/THP_iD_Supernature_Park-Oak_Smoke_001-scaled.jpg\" \/>\n\t<meta property=\"og:image:width\" content=\"1810\" \/>\n\t<meta property=\"og:image:height\" content=\"2560\" \/>\n\t<meta property=\"og:image:type\" content=\"image\/jpeg\" \/>\n<meta name=\"twitter:card\" content=\"summary_large_image\" \/>\n<meta name=\"twitter:label1\" content=\"Est. reading time\" \/>\n\t<meta name=\"twitter:data1\" content=\"1 minute\" \/>\n<script type=\"application\/ld+json\" class=\"yoast-schema-graph\">{\"@context\":\"https:\\\/\\\/schema.org\",\"@graph\":[{\"@type\":\"WebPage\",\"@id\":\"https:\\\/\\\/parketasala.lv\\\/en\\\/product\\\/tarkett-park-oak-smoke-vinyl-flooring\\\/\",\"url\":\"https:\\\/\\\/parketasala.lv\\\/en\\\/product\\\/tarkett-park-oak-smoke-vinyl-flooring\\\/\",\"name\":\"Tarkett Park Oak SMOKE vinyl flooring &#8211; Parketa Sala\",\"isPartOf\":{\"@id\":\"https:\\\/\\\/parketasala.lv\\\/en\\\/#website\"},\"primaryImageOfPage\":{\"@id\":\"https:\\\/\\\/parketasala.lv\\\/en\\\/product\\\/tarkett-park-oak-smoke-vinyl-flooring\\\/#primaryimage\"},\"image\":{\"@id\":\"https:\\\/\\\/parketasala.lv\\\/en\\\/product\\\/tarkett-park-oak-smoke-vinyl-flooring\\\/#primaryimage\"},\"thumbnailUrl\":\"https:\\\/\\\/parketasala.lv\\\/wp-content\\\/uploads\\\/2022\\\/01\\\/THP_iD_Supernature_Park-Oak_Smoke_001-scaled.jpg\",\"datePublished\":\"2022-01-29T13:01:43+00:00\",\"dateModified\":\"2025-06-21T11:51:54+00:00\",\"breadcrumb\":{\"@id\":\"https:\\\/\\\/parketasala.lv\\\/en\\\/product\\\/tarkett-park-oak-smoke-vinyl-flooring\\\/#breadcrumb\"},\"inLanguage\":\"en-US\",\"potentialAction\":[{\"@type\":\"ReadAction\",\"target\":[\"https:\\\/\\\/parketasala.lv\\\/en\\\/product\\\/tarkett-park-oak-smoke-vinyl-flooring\\\/\"]}]},{\"@type\":\"ImageObject\",\"inLanguage\":\"en-US\",\"@id\":\"https:\\\/\\\/parketasala.lv\\\/en\\\/product\\\/tarkett-park-oak-smoke-vinyl-flooring\\\/#primaryimage\",\"url\":\"https:\\\/\\\/parketasala.lv\\\/wp-content\\\/uploads\\\/2022\\\/01\\\/THP_iD_Supernature_Park-Oak_Smoke_001-scaled.jpg\",\"contentUrl\":\"https:\\\/\\\/parketasala.lv\\\/wp-content\\\/uploads\\\/2022\\\/01\\\/THP_iD_Supernature_Park-Oak_Smoke_001-scaled.jpg\",\"width\":1810,\"height\":2560,\"caption\":\"Tarkett iD Supernature - Herringbone Park Oak Smoke 24404106\"},{\"@type\":\"BreadcrumbList\",\"@id\":\"https:\\\/\\\/parketasala.lv\\\/en\\\/product\\\/tarkett-park-oak-smoke-vinyl-flooring\\\/#breadcrumb\",\"itemListElement\":[{\"@type\":\"ListItem\",\"position\":1,\"name\":\"Home\",\"item\":\"https:\\\/\\\/parketasala.lv\\\/en\\\/home\\\/\"},{\"@type\":\"ListItem\",\"position\":2,\"name\":\"Shop\",\"item\":\"https:\\\/\\\/parketasala.lv\\\/en\\\/shop\\\/\"},{\"@type\":\"ListItem\",\"position\":3,\"name\":\"Tarkett Park Oak SMOKE vinyl flooring\"}]},{\"@type\":\"WebSite\",\"@id\":\"https:\\\/\\\/parketasala.lv\\\/en\\\/#website\",\"url\":\"https:\\\/\\\/parketasala.lv\\\/en\\\/\",\"name\":\"Parketa Sala\",\"description\":\"Pla&scaron;s lamin\u0101ta, vinila, parketa un kor\u0137a gr\u012bdu kl\u0101sts\",\"publisher\":{\"@id\":\"https:\\\/\\\/parketasala.lv\\\/en\\\/#organization\"},\"potentialAction\":[{\"@type\":\"SearchAction\",\"target\":{\"@type\":\"EntryPoint\",\"urlTemplate\":\"https:\\\/\\\/parketasala.lv\\\/en\\\/?s={search_term_string}\"},\"query-input\":{\"@type\":\"PropertyValueSpecification\",\"valueRequired\":true,\"valueName\":\"search_term_string\"}}],\"inLanguage\":\"en-US\"},{\"@type\":\"Organization\",\"@id\":\"https:\\\/\\\/parketasala.lv\\\/en\\\/#organization\",\"name\":\"Parketa Sala\",\"url\":\"https:\\\/\\\/parketasala.lv\\\/en\\\/\",\"logo\":{\"@type\":\"ImageObject\",\"inLanguage\":\"en-US\",\"@id\":\"https:\\\/\\\/parketasala.lv\\\/en\\\/#\\\/schema\\\/logo\\\/image\\\/\",\"url\":\"https:\\\/\\\/parketasala.lv\\\/wp-content\\\/uploads\\\/2019\\\/12\\\/Logo-x3.png\",\"contentUrl\":\"https:\\\/\\\/parketasala.lv\\\/wp-content\\\/uploads\\\/2019\\\/12\\\/Logo-x3.png\",\"width\":660,\"height\":137,\"caption\":\"Parketa Sala\"},\"image\":{\"@id\":\"https:\\\/\\\/parketasala.lv\\\/en\\\/#\\\/schema\\\/logo\\\/image\\\/\"},\"sameAs\":[\"https:\\\/\\\/www.facebook.com\\\/parketasala\\\/\",\"https:\\\/\\\/www.instagram.com\\\/parketasala\\\/\"]}]}<\/script>\n<!-- \/ Yoast SEO plugin. -->","yoast_head_json":{"title":"Tarkett Park Oak SMOKE vinyl flooring &#8211; Parketa Sala","robots":{"index,follow":"index,follow"},"canonical":"https:\/\/parketasala.lv\/en\/product\/tarkett-park-oak-smoke-vinyl-flooring\/","og_locale":"en_US","og_type":"article","og_title":"Tarkett Park Oak SMOKE vinyl flooring &#8211; Parketa Sala","og_description":"Vinyl floors from the Tarkett iD Supernature Herringbone collection are designed for use in commercial environments or in the home under the heaviest of loads. Vinyl flooring is the ideal floor covering for all occasions: not afraid of moisture and water, even in the bathroom not afraid of falling objects minimal step noise excellent performance [&hellip;]","og_url":"https:\/\/parketasala.lv\/en\/product\/tarkett-park-oak-smoke-vinyl-flooring\/","og_site_name":"Parketa Sala","article_publisher":"https:\/\/www.facebook.com\/parketasala\/","article_modified_time":"2025-06-21T11:51:54+00:00","og_image":[{"width":1810,"height":2560,"url":"https:\/\/parketasala.lv\/wp-content\/uploads\/2022\/01\/THP_iD_Supernature_Park-Oak_Smoke_001-scaled.jpg","type":"image\/jpeg"}],"twitter_card":"summary_large_image","twitter_misc":{"Est. reading time":"1 minute"},"schema":{"@context":"https:\/\/schema.org","@graph":[{"@type":"WebPage","@id":"https:\/\/parketasala.lv\/en\/product\/tarkett-park-oak-smoke-vinyl-flooring\/","url":"https:\/\/parketasala.lv\/en\/product\/tarkett-park-oak-smoke-vinyl-flooring\/","name":"Tarkett Park Oak SMOKE vinyl flooring &#8211; Parketa Sala","isPartOf":{"@id":"https:\/\/parketasala.lv\/en\/#website"},"primaryImageOfPage":{"@id":"https:\/\/parketasala.lv\/en\/product\/tarkett-park-oak-smoke-vinyl-flooring\/#primaryimage"},"image":{"@id":"https:\/\/parketasala.lv\/en\/product\/tarkett-park-oak-smoke-vinyl-flooring\/#primaryimage"},"thumbnailUrl":"https:\/\/parketasala.lv\/wp-content\/uploads\/2022\/01\/THP_iD_Supernature_Park-Oak_Smoke_001-scaled.jpg","datePublished":"2022-01-29T13:01:43+00:00","dateModified":"2025-06-21T11:51:54+00:00","breadcrumb":{"@id":"https:\/\/parketasala.lv\/en\/product\/tarkett-park-oak-smoke-vinyl-flooring\/#breadcrumb"},"inLanguage":"en-US","potentialAction":[{"@type":"ReadAction","target":["https:\/\/parketasala.lv\/en\/product\/tarkett-park-oak-smoke-vinyl-flooring\/"]}]},{"@type":"ImageObject","inLanguage":"en-US","@id":"https:\/\/parketasala.lv\/en\/product\/tarkett-park-oak-smoke-vinyl-flooring\/#primaryimage","url":"https:\/\/parketasala.lv\/wp-content\/uploads\/2022\/01\/THP_iD_Supernature_Park-Oak_Smoke_001-scaled.jpg","contentUrl":"https:\/\/parketasala.lv\/wp-content\/uploads\/2022\/01\/THP_iD_Supernature_Park-Oak_Smoke_001-scaled.jpg","width":1810,"height":2560,"caption":"Tarkett iD Supernature - Herringbone Park Oak Smoke 24404106"},{"@type":"BreadcrumbList","@id":"https:\/\/parketasala.lv\/en\/product\/tarkett-park-oak-smoke-vinyl-flooring\/#breadcrumb","itemListElement":[{"@type":"ListItem","position":1,"name":"Home","item":"https:\/\/parketasala.lv\/en\/home\/"},{"@type":"ListItem","position":2,"name":"Shop","item":"https:\/\/parketasala.lv\/en\/shop\/"},{"@type":"ListItem","position":3,"name":"Tarkett Park Oak SMOKE vinyl flooring"}]},{"@type":"WebSite","@id":"https:\/\/parketasala.lv\/en\/#website","url":"https:\/\/parketasala.lv\/en\/","name":"Parketa Sala","description":"Pla&scaron;s lamin\u0101ta, vinila, parketa un kor\u0137a gr\u012bdu kl\u0101sts","publisher":{"@id":"https:\/\/parketasala.lv\/en\/#organization"},"potentialAction":[{"@type":"SearchAction","target":{"@type":"EntryPoint","urlTemplate":"https:\/\/parketasala.lv\/en\/?s={search_term_string}"},"query-input":{"@type":"PropertyValueSpecification","valueRequired":true,"valueName":"search_term_string"}}],"inLanguage":"en-US"},{"@type":"Organization","@id":"https:\/\/parketasala.lv\/en\/#organization","name":"Parketa Sala","url":"https:\/\/parketasala.lv\/en\/","logo":{"@type":"ImageObject","inLanguage":"en-US","@id":"https:\/\/parketasala.lv\/en\/#\/schema\/logo\/image\/","url":"https:\/\/parketasala.lv\/wp-content\/uploads\/2019\/12\/Logo-x3.png","contentUrl":"https:\/\/parketasala.lv\/wp-content\/uploads\/2019\/12\/Logo-x3.png","width":660,"height":137,"caption":"Parketa Sala"},"image":{"@id":"https:\/\/parketasala.lv\/en\/#\/schema\/logo\/image\/"},"sameAs":["https:\/\/www.facebook.com\/parketasala\/","https:\/\/www.instagram.com\/parketasala\/"]}]}},"_links":{"self":[{"href":"https:\/\/parketasala.lv\/en\/wp-json\/wp\/v2\/product\/22897","targetHints":{"allow":["GET"]}}],"collection":[{"href":"https:\/\/parketasala.lv\/en\/wp-json\/wp\/v2\/product"}],"about":[{"href":"https:\/\/parketasala.lv\/en\/wp-json\/wp\/v2\/types\/product"}],"wp:featuredmedia":[{"embeddable":true,"href":"https:\/\/parketasala.lv\/en\/wp-json\/wp\/v2\/media\/16679"}],"wp:attachment":[{"href":"https:\/\/parketasala.lv\/en\/wp-json\/wp\/v2\/media?parent=22897"}],"wp:term":[{"taxonomy":"product_brand","embeddable":true,"href":"https:\/\/parketasala.lv\/en\/wp-json\/wp\/v2\/product_brand?post=22897"},{"taxonomy":"product_cat","embeddable":true,"href":"https:\/\/parketasala.lv\/en\/wp-json\/wp\/v2\/product_cat?post=22897"},{"taxonomy":"product_tag","embeddable":true,"href":"https:\/\/parketasala.lv\/en\/wp-json\/wp\/v2\/product_tag?post=22897"}],"curies":[{"name":"wp","href":"https:\/\/api.w.org\/{rel}","templated":true}]}}