{"id":22856,"date":"2022-02-18T12:38:17","date_gmt":"2022-02-18T12:38:17","guid":{"rendered":"https:\/\/parketasala.lv\/product\/quick-step-laminated-skirting-board-for-vinyl-17172400mm-10\/"},"modified":"2025-03-21T08:25:27","modified_gmt":"2025-03-21T08:25:27","slug":"quick-step-laminated-skirting-board-for-vinyl-17172400mm-10-2","status":"publish","type":"product","link":"https:\/\/parketasala.lv\/en\/product\/quick-step-laminated-skirting-board-for-vinyl-17172400mm-10-2\/","title":{"rendered":"Quick-Step laminated skirting board for vinyl 17*17*2400mm"},"content":{"rendered":"<p>Quick-Step<strong> laminated skirting boards:<\/strong><\/p>\n<ul>\n<li>They are many times more resistant to knocks and scratches than most other skirting boards covered with decorative paper.<\/li>\n<li>The colour, texture and gloss are a perfect match for Quick-Step Alpha Vinyl or Vinyl Flex floors!<\/li>\n<li>Use Hydrostrip<a href=\"https:\/\/parketasala.lv\/en\/product\/quick-step-hydroxy-scotia-for-skirting-boards\/\">(NEHSTRIPSCOT15<\/a>) PE foam tape<a href=\"https:\/\/parketasala.lv\/en\/product\/quick-step-polyethylene-foam-sheet-for-vinyl-flooring\/\">(NEVRFOAMSTRIP15<\/a>) and Quick-Step <a href=\"https:\/\/parketasala.lv\/en\/product\/quick-step-silicone-sealant-hydrokit\/\">Hydrokit<\/a> to waterproof rooms with high humidity.<\/li>\n<li>Can also be used as a finishing touch in combination with existing skirting boards.<\/li>\n<li>Due to the wide range of shades, it is also possible to find a matching colour for floors from other manufacturers that do not offer the original skirting boards.<\/li>\n<\/ul>\n<p>&nbsp;<\/p>\n<h5><\/h5>\n<p>Types of attachment:<\/p>\n<ol>\n<li style=\"list-style-type: none;\">\n<ol>\n<li>Adhesive <a href=\"https:\/\/parketasala.lv\/en\/product\/mounting-adhesive-bostik-msp108\/\">MSP108<\/a>, <a href=\"https:\/\/parketasala.lv\/en\/product\/quick-step-one4all-adhesive\/\" target=\"_blank\" rel=\"noopener noreferrer\">ONE4ALLGLUE<\/a><\/li>\n<\/ol>\n<\/li>\n<\/ol>\n<ol>\n<li style=\"list-style-type: none;\">\n<\/li>\n<\/ol>\n<p>&nbsp;<\/p>\n<h4><strong><em>Only available in full pack &#8211; 6 skirting boards (14.40 m)<\/em><\/strong><\/h4>\n","protected":false},"excerpt":{"rendered":"<p>Quick-Step laminated skirting boards: They are many times more resistant to knocks and scratches than most other skirting boards covered with decorative paper. The colour, texture and gloss are a perfect match for Quick-Step Alpha Vinyl or Vinyl Flex floors! Use Hydrostrip(NEHSTRIPSCOT15) PE foam tape(NEVRFOAMSTRIP15) and Quick-Step Hydrokit to waterproof rooms with high humidity. Can [&hellip;]<\/p>\n","protected":false},"featured_media":16807,"template":"","meta":{"_acf_changed":false},"product_brand":[],"product_cat":[424,426],"product_tag":[],"class_list":{"0":"post-22856","1":"product","2":"type-product","3":"status-publish","4":"has-post-thumbnail","6":"product_cat-accessories","7":"product_cat-mdf-skirting","9":"first","10":"onbackorder","11":"taxable","12":"shipping-taxable","13":"purchasable","14":"product-type-simple"},"acf":[],"yoast_head":"<!-- This site is optimized with the Yoast SEO plugin v27.3 - https:\/\/yoast.com\/product\/yoast-seo-wordpress\/ -->\n<title>Quick-Step laminated skirting board for vinyl 17*17*2400mm &#8211; Parketa Sala<\/title>\n<meta name=\"robots\" content=\"index,follow\" \/>\n<link rel=\"canonical\" href=\"https:\/\/parketasala.lv\/en\/product\/quick-step-laminated-skirting-board-for-vinyl-17172400mm-10-2\/\" \/>\n<meta property=\"og:locale\" content=\"en_US\" \/>\n<meta property=\"og:type\" content=\"article\" \/>\n<meta property=\"og:title\" content=\"Quick-Step laminated skirting board for vinyl 17*17*2400mm &#8211; Parketa Sala\" \/>\n<meta property=\"og:description\" content=\"Quick-Step laminated skirting boards: They are many times more resistant to knocks and scratches than most other skirting boards covered with decorative paper. The colour, texture and gloss are a perfect match for Quick-Step Alpha Vinyl or Vinyl Flex floors! Use Hydrostrip(NEHSTRIPSCOT15) PE foam tape(NEVRFOAMSTRIP15) and Quick-Step Hydrokit to waterproof rooms with high humidity. Can [&hellip;]\" \/>\n<meta property=\"og:url\" content=\"https:\/\/parketasala.lv\/en\/product\/quick-step-laminated-skirting-board-for-vinyl-17172400mm-10-2\/\" \/>\n<meta property=\"og:site_name\" content=\"Parketa Sala\" \/>\n<meta property=\"article:publisher\" content=\"https:\/\/www.facebook.com\/parketasala\/\" \/>\n<meta property=\"article:modified_time\" content=\"2025-03-21T08:25:27+00:00\" \/>\n<meta property=\"og:image\" content=\"https:\/\/parketasala.lv\/wp-content\/uploads\/2022\/02\/QSVSCOT40199_VinylScotia01.jpg\" \/>\n\t<meta property=\"og:image:width\" content=\"1500\" \/>\n\t<meta property=\"og:image:height\" content=\"1500\" \/>\n\t<meta property=\"og:image:type\" content=\"image\/jpeg\" \/>\n<meta name=\"twitter:card\" content=\"summary_large_image\" \/>\n<meta name=\"twitter:label1\" content=\"Est. reading time\" \/>\n\t<meta name=\"twitter:data1\" content=\"1 minute\" \/>\n<script type=\"application\/ld+json\" class=\"yoast-schema-graph\">{\"@context\":\"https:\\\/\\\/schema.org\",\"@graph\":[{\"@type\":\"WebPage\",\"@id\":\"https:\\\/\\\/parketasala.lv\\\/en\\\/product\\\/quick-step-laminated-skirting-board-for-vinyl-17172400mm-10-2\\\/\",\"url\":\"https:\\\/\\\/parketasala.lv\\\/en\\\/product\\\/quick-step-laminated-skirting-board-for-vinyl-17172400mm-10-2\\\/\",\"name\":\"Quick-Step laminated skirting board for vinyl 17*17*2400mm &#8211; Parketa Sala\",\"isPartOf\":{\"@id\":\"https:\\\/\\\/parketasala.lv\\\/en\\\/#website\"},\"primaryImageOfPage\":{\"@id\":\"https:\\\/\\\/parketasala.lv\\\/en\\\/product\\\/quick-step-laminated-skirting-board-for-vinyl-17172400mm-10-2\\\/#primaryimage\"},\"image\":{\"@id\":\"https:\\\/\\\/parketasala.lv\\\/en\\\/product\\\/quick-step-laminated-skirting-board-for-vinyl-17172400mm-10-2\\\/#primaryimage\"},\"thumbnailUrl\":\"https:\\\/\\\/parketasala.lv\\\/wp-content\\\/uploads\\\/2022\\\/02\\\/QSVSCOT40199_VinylScotia01.jpg\",\"datePublished\":\"2022-02-18T12:38:17+00:00\",\"dateModified\":\"2025-03-21T08:25:27+00:00\",\"breadcrumb\":{\"@id\":\"https:\\\/\\\/parketasala.lv\\\/en\\\/product\\\/quick-step-laminated-skirting-board-for-vinyl-17172400mm-10-2\\\/#breadcrumb\"},\"inLanguage\":\"en-US\",\"potentialAction\":[{\"@type\":\"ReadAction\",\"target\":[\"https:\\\/\\\/parketasala.lv\\\/en\\\/product\\\/quick-step-laminated-skirting-board-for-vinyl-17172400mm-10-2\\\/\"]}]},{\"@type\":\"ImageObject\",\"inLanguage\":\"en-US\",\"@id\":\"https:\\\/\\\/parketasala.lv\\\/en\\\/product\\\/quick-step-laminated-skirting-board-for-vinyl-17172400mm-10-2\\\/#primaryimage\",\"url\":\"https:\\\/\\\/parketasala.lv\\\/wp-content\\\/uploads\\\/2022\\\/02\\\/QSVSCOT40199_VinylScotia01.jpg\",\"contentUrl\":\"https:\\\/\\\/parketasala.lv\\\/wp-content\\\/uploads\\\/2022\\\/02\\\/QSVSCOT40199_VinylScotia01.jpg\",\"width\":1500,\"height\":1500,\"caption\":\"QSVSCOT40199\"},{\"@type\":\"BreadcrumbList\",\"@id\":\"https:\\\/\\\/parketasala.lv\\\/en\\\/product\\\/quick-step-laminated-skirting-board-for-vinyl-17172400mm-10-2\\\/#breadcrumb\",\"itemListElement\":[{\"@type\":\"ListItem\",\"position\":1,\"name\":\"Home\",\"item\":\"https:\\\/\\\/parketasala.lv\\\/en\\\/home\\\/\"},{\"@type\":\"ListItem\",\"position\":2,\"name\":\"Shop\",\"item\":\"https:\\\/\\\/parketasala.lv\\\/en\\\/shop\\\/\"},{\"@type\":\"ListItem\",\"position\":3,\"name\":\"Quick-Step laminated skirting board for vinyl 17*17*2400mm\"}]},{\"@type\":\"WebSite\",\"@id\":\"https:\\\/\\\/parketasala.lv\\\/en\\\/#website\",\"url\":\"https:\\\/\\\/parketasala.lv\\\/en\\\/\",\"name\":\"Parketa Sala\",\"description\":\"Pla&scaron;s lamin\u0101ta, vinila, parketa un kor\u0137a gr\u012bdu kl\u0101sts\",\"publisher\":{\"@id\":\"https:\\\/\\\/parketasala.lv\\\/en\\\/#organization\"},\"potentialAction\":[{\"@type\":\"SearchAction\",\"target\":{\"@type\":\"EntryPoint\",\"urlTemplate\":\"https:\\\/\\\/parketasala.lv\\\/en\\\/?s={search_term_string}\"},\"query-input\":{\"@type\":\"PropertyValueSpecification\",\"valueRequired\":true,\"valueName\":\"search_term_string\"}}],\"inLanguage\":\"en-US\"},{\"@type\":\"Organization\",\"@id\":\"https:\\\/\\\/parketasala.lv\\\/en\\\/#organization\",\"name\":\"Parketa Sala\",\"url\":\"https:\\\/\\\/parketasala.lv\\\/en\\\/\",\"logo\":{\"@type\":\"ImageObject\",\"inLanguage\":\"en-US\",\"@id\":\"https:\\\/\\\/parketasala.lv\\\/en\\\/#\\\/schema\\\/logo\\\/image\\\/\",\"url\":\"https:\\\/\\\/parketasala.lv\\\/wp-content\\\/uploads\\\/2019\\\/12\\\/Logo-x3.png\",\"contentUrl\":\"https:\\\/\\\/parketasala.lv\\\/wp-content\\\/uploads\\\/2019\\\/12\\\/Logo-x3.png\",\"width\":660,\"height\":137,\"caption\":\"Parketa Sala\"},\"image\":{\"@id\":\"https:\\\/\\\/parketasala.lv\\\/en\\\/#\\\/schema\\\/logo\\\/image\\\/\"},\"sameAs\":[\"https:\\\/\\\/www.facebook.com\\\/parketasala\\\/\",\"https:\\\/\\\/www.instagram.com\\\/parketasala\\\/\"]}]}<\/script>\n<!-- \/ Yoast SEO plugin. -->","yoast_head_json":{"title":"Quick-Step laminated skirting board for vinyl 17*17*2400mm &#8211; Parketa Sala","robots":{"index,follow":"index,follow"},"canonical":"https:\/\/parketasala.lv\/en\/product\/quick-step-laminated-skirting-board-for-vinyl-17172400mm-10-2\/","og_locale":"en_US","og_type":"article","og_title":"Quick-Step laminated skirting board for vinyl 17*17*2400mm &#8211; Parketa Sala","og_description":"Quick-Step laminated skirting boards: They are many times more resistant to knocks and scratches than most other skirting boards covered with decorative paper. The colour, texture and gloss are a perfect match for Quick-Step Alpha Vinyl or Vinyl Flex floors! Use Hydrostrip(NEHSTRIPSCOT15) PE foam tape(NEVRFOAMSTRIP15) and Quick-Step Hydrokit to waterproof rooms with high humidity. Can [&hellip;]","og_url":"https:\/\/parketasala.lv\/en\/product\/quick-step-laminated-skirting-board-for-vinyl-17172400mm-10-2\/","og_site_name":"Parketa Sala","article_publisher":"https:\/\/www.facebook.com\/parketasala\/","article_modified_time":"2025-03-21T08:25:27+00:00","og_image":[{"width":1500,"height":1500,"url":"https:\/\/parketasala.lv\/wp-content\/uploads\/2022\/02\/QSVSCOT40199_VinylScotia01.jpg","type":"image\/jpeg"}],"twitter_card":"summary_large_image","twitter_misc":{"Est. reading time":"1 minute"},"schema":{"@context":"https:\/\/schema.org","@graph":[{"@type":"WebPage","@id":"https:\/\/parketasala.lv\/en\/product\/quick-step-laminated-skirting-board-for-vinyl-17172400mm-10-2\/","url":"https:\/\/parketasala.lv\/en\/product\/quick-step-laminated-skirting-board-for-vinyl-17172400mm-10-2\/","name":"Quick-Step laminated skirting board for vinyl 17*17*2400mm &#8211; Parketa Sala","isPartOf":{"@id":"https:\/\/parketasala.lv\/en\/#website"},"primaryImageOfPage":{"@id":"https:\/\/parketasala.lv\/en\/product\/quick-step-laminated-skirting-board-for-vinyl-17172400mm-10-2\/#primaryimage"},"image":{"@id":"https:\/\/parketasala.lv\/en\/product\/quick-step-laminated-skirting-board-for-vinyl-17172400mm-10-2\/#primaryimage"},"thumbnailUrl":"https:\/\/parketasala.lv\/wp-content\/uploads\/2022\/02\/QSVSCOT40199_VinylScotia01.jpg","datePublished":"2022-02-18T12:38:17+00:00","dateModified":"2025-03-21T08:25:27+00:00","breadcrumb":{"@id":"https:\/\/parketasala.lv\/en\/product\/quick-step-laminated-skirting-board-for-vinyl-17172400mm-10-2\/#breadcrumb"},"inLanguage":"en-US","potentialAction":[{"@type":"ReadAction","target":["https:\/\/parketasala.lv\/en\/product\/quick-step-laminated-skirting-board-for-vinyl-17172400mm-10-2\/"]}]},{"@type":"ImageObject","inLanguage":"en-US","@id":"https:\/\/parketasala.lv\/en\/product\/quick-step-laminated-skirting-board-for-vinyl-17172400mm-10-2\/#primaryimage","url":"https:\/\/parketasala.lv\/wp-content\/uploads\/2022\/02\/QSVSCOT40199_VinylScotia01.jpg","contentUrl":"https:\/\/parketasala.lv\/wp-content\/uploads\/2022\/02\/QSVSCOT40199_VinylScotia01.jpg","width":1500,"height":1500,"caption":"QSVSCOT40199"},{"@type":"BreadcrumbList","@id":"https:\/\/parketasala.lv\/en\/product\/quick-step-laminated-skirting-board-for-vinyl-17172400mm-10-2\/#breadcrumb","itemListElement":[{"@type":"ListItem","position":1,"name":"Home","item":"https:\/\/parketasala.lv\/en\/home\/"},{"@type":"ListItem","position":2,"name":"Shop","item":"https:\/\/parketasala.lv\/en\/shop\/"},{"@type":"ListItem","position":3,"name":"Quick-Step laminated skirting board for vinyl 17*17*2400mm"}]},{"@type":"WebSite","@id":"https:\/\/parketasala.lv\/en\/#website","url":"https:\/\/parketasala.lv\/en\/","name":"Parketa Sala","description":"Pla&scaron;s lamin\u0101ta, vinila, parketa un kor\u0137a gr\u012bdu kl\u0101sts","publisher":{"@id":"https:\/\/parketasala.lv\/en\/#organization"},"potentialAction":[{"@type":"SearchAction","target":{"@type":"EntryPoint","urlTemplate":"https:\/\/parketasala.lv\/en\/?s={search_term_string}"},"query-input":{"@type":"PropertyValueSpecification","valueRequired":true,"valueName":"search_term_string"}}],"inLanguage":"en-US"},{"@type":"Organization","@id":"https:\/\/parketasala.lv\/en\/#organization","name":"Parketa Sala","url":"https:\/\/parketasala.lv\/en\/","logo":{"@type":"ImageObject","inLanguage":"en-US","@id":"https:\/\/parketasala.lv\/en\/#\/schema\/logo\/image\/","url":"https:\/\/parketasala.lv\/wp-content\/uploads\/2019\/12\/Logo-x3.png","contentUrl":"https:\/\/parketasala.lv\/wp-content\/uploads\/2019\/12\/Logo-x3.png","width":660,"height":137,"caption":"Parketa Sala"},"image":{"@id":"https:\/\/parketasala.lv\/en\/#\/schema\/logo\/image\/"},"sameAs":["https:\/\/www.facebook.com\/parketasala\/","https:\/\/www.instagram.com\/parketasala\/"]}]}},"_links":{"self":[{"href":"https:\/\/parketasala.lv\/en\/wp-json\/wp\/v2\/product\/22856","targetHints":{"allow":["GET"]}}],"collection":[{"href":"https:\/\/parketasala.lv\/en\/wp-json\/wp\/v2\/product"}],"about":[{"href":"https:\/\/parketasala.lv\/en\/wp-json\/wp\/v2\/types\/product"}],"wp:featuredmedia":[{"embeddable":true,"href":"https:\/\/parketasala.lv\/en\/wp-json\/wp\/v2\/media\/16807"}],"wp:attachment":[{"href":"https:\/\/parketasala.lv\/en\/wp-json\/wp\/v2\/media?parent=22856"}],"wp:term":[{"taxonomy":"product_brand","embeddable":true,"href":"https:\/\/parketasala.lv\/en\/wp-json\/wp\/v2\/product_brand?post=22856"},{"taxonomy":"product_cat","embeddable":true,"href":"https:\/\/parketasala.lv\/en\/wp-json\/wp\/v2\/product_cat?post=22856"},{"taxonomy":"product_tag","embeddable":true,"href":"https:\/\/parketasala.lv\/en\/wp-json\/wp\/v2\/product_tag?post=22856"}],"curies":[{"name":"wp","href":"https:\/\/api.w.org\/{rel}","templated":true}]}}