{"id":22842,"date":"2022-05-14T09:11:47","date_gmt":"2022-05-14T09:11:47","guid":{"rendered":"https:\/\/parketasala.lv\/product\/vinyl-floor-moduleo-layred-cantera-46930\/"},"modified":"2025-03-21T08:25:09","modified_gmt":"2025-03-21T08:25:09","slug":"vinyl-floor-moduleo-layred-cantera-46930","status":"publish","type":"product","link":"https:\/\/parketasala.lv\/en\/product\/vinyl-floor-moduleo-layred-cantera-46930\/","title":{"rendered":"Vinyl floor Moduleo LayRed Cantera 46930"},"content":{"rendered":"<p>LayRed vinyl flooring is a solid subfloor vinyl flooring with a Click joint and integrated underlay. Suitable for any room in domestic and public environments, with a durability rating of 33.  Abrasion resistance class (0,55 mm surface layer).<\/p>\n<ul>\n<li>out of the package and laid &#8211; no additional materials required (underlay or adhesive)<\/li>\n<li>less demanding on subfloor flatness than conventional vinyl<\/li>\n<li>one of the quietest floor types<\/li>\n<li>not afraid of water and shocks<\/li>\n<li>excellent thermal transmittance when laid on underfloor heating<\/li>\n<\/ul>\n","protected":false},"excerpt":{"rendered":"<p>LayRed vinyl flooring is a solid subfloor vinyl flooring with a Click joint and integrated underlay. Suitable for any room in domestic and public environments, with a durability rating of 33. Abrasion resistance class (0,55 mm surface layer). out of the package and laid &#8211; no additional materials required (underlay or adhesive) less demanding on [&hellip;]<\/p>\n","protected":false},"featured_media":12850,"template":"","meta":{"_acf_changed":false},"product_brand":[],"product_cat":[480,470,527,467],"product_tag":[],"class_list":{"0":"post-22842","1":"product","2":"type-product","3":"status-publish","4":"has-post-thumbnail","6":"product_cat-click-to-connect","7":"product_cat-moduleo","8":"product_cat-tile-design","9":"product_cat-vinyl-flooring","11":"first","12":"onbackorder","13":"taxable","14":"shipping-taxable","15":"purchasable","16":"product-type-simple"},"acf":[],"yoast_head":"<!-- This site is optimized with the Yoast SEO plugin v27.3 - https:\/\/yoast.com\/product\/yoast-seo-wordpress\/ -->\n<title>Vinyl floor Moduleo LayRed Cantera 46930 &#8211; Parketa Sala<\/title>\n<meta name=\"robots\" content=\"index,follow\" \/>\n<link rel=\"canonical\" href=\"https:\/\/parketasala.lv\/en\/product\/vinyl-floor-moduleo-layred-cantera-46930\/\" \/>\n<meta property=\"og:locale\" content=\"en_US\" \/>\n<meta property=\"og:type\" content=\"article\" \/>\n<meta property=\"og:title\" content=\"Vinyl floor Moduleo LayRed Cantera 46930 &#8211; Parketa Sala\" \/>\n<meta property=\"og:description\" content=\"LayRed vinyl flooring is a solid subfloor vinyl flooring with a Click joint and integrated underlay. Suitable for any room in domestic and public environments, with a durability rating of 33. Abrasion resistance class (0,55 mm surface layer). out of the package and laid &#8211; no additional materials required (underlay or adhesive) less demanding on [&hellip;]\" \/>\n<meta property=\"og:url\" content=\"https:\/\/parketasala.lv\/en\/product\/vinyl-floor-moduleo-layred-cantera-46930\/\" \/>\n<meta property=\"og:site_name\" content=\"Parketa Sala\" \/>\n<meta property=\"article:publisher\" content=\"https:\/\/www.facebook.com\/parketasala\/\" \/>\n<meta property=\"article:modified_time\" content=\"2025-03-21T08:25:09+00:00\" \/>\n<meta property=\"og:image\" content=\"https:\/\/parketasala.lv\/wp-content\/uploads\/2020\/01\/SE_cantera-46930_Detail_12776-1024x671.jpg\" \/>\n\t<meta property=\"og:image:width\" content=\"1024\" \/>\n\t<meta property=\"og:image:height\" content=\"671\" \/>\n\t<meta property=\"og:image:type\" content=\"image\/jpeg\" \/>\n<meta name=\"twitter:card\" content=\"summary_large_image\" \/>\n<script type=\"application\/ld+json\" class=\"yoast-schema-graph\">{\"@context\":\"https:\\\/\\\/schema.org\",\"@graph\":[{\"@type\":\"WebPage\",\"@id\":\"https:\\\/\\\/parketasala.lv\\\/en\\\/product\\\/vinyl-floor-moduleo-layred-cantera-46930\\\/\",\"url\":\"https:\\\/\\\/parketasala.lv\\\/en\\\/product\\\/vinyl-floor-moduleo-layred-cantera-46930\\\/\",\"name\":\"Vinyl floor Moduleo LayRed Cantera 46930 &#8211; Parketa Sala\",\"isPartOf\":{\"@id\":\"https:\\\/\\\/parketasala.lv\\\/en\\\/#website\"},\"primaryImageOfPage\":{\"@id\":\"https:\\\/\\\/parketasala.lv\\\/en\\\/product\\\/vinyl-floor-moduleo-layred-cantera-46930\\\/#primaryimage\"},\"image\":{\"@id\":\"https:\\\/\\\/parketasala.lv\\\/en\\\/product\\\/vinyl-floor-moduleo-layred-cantera-46930\\\/#primaryimage\"},\"thumbnailUrl\":\"https:\\\/\\\/parketasala.lv\\\/wp-content\\\/uploads\\\/2020\\\/01\\\/SE_cantera-46930_Detail_12776.jpg\",\"datePublished\":\"2022-05-14T09:11:47+00:00\",\"dateModified\":\"2025-03-21T08:25:09+00:00\",\"breadcrumb\":{\"@id\":\"https:\\\/\\\/parketasala.lv\\\/en\\\/product\\\/vinyl-floor-moduleo-layred-cantera-46930\\\/#breadcrumb\"},\"inLanguage\":\"en-US\",\"potentialAction\":[{\"@type\":\"ReadAction\",\"target\":[\"https:\\\/\\\/parketasala.lv\\\/en\\\/product\\\/vinyl-floor-moduleo-layred-cantera-46930\\\/\"]}]},{\"@type\":\"ImageObject\",\"inLanguage\":\"en-US\",\"@id\":\"https:\\\/\\\/parketasala.lv\\\/en\\\/product\\\/vinyl-floor-moduleo-layred-cantera-46930\\\/#primaryimage\",\"url\":\"https:\\\/\\\/parketasala.lv\\\/wp-content\\\/uploads\\\/2020\\\/01\\\/SE_cantera-46930_Detail_12776.jpg\",\"contentUrl\":\"https:\\\/\\\/parketasala.lv\\\/wp-content\\\/uploads\\\/2020\\\/01\\\/SE_cantera-46930_Detail_12776.jpg\",\"width\":2559,\"height\":1677,\"caption\":\"Moduleo Roots Cantera 46930\"},{\"@type\":\"BreadcrumbList\",\"@id\":\"https:\\\/\\\/parketasala.lv\\\/en\\\/product\\\/vinyl-floor-moduleo-layred-cantera-46930\\\/#breadcrumb\",\"itemListElement\":[{\"@type\":\"ListItem\",\"position\":1,\"name\":\"Home\",\"item\":\"https:\\\/\\\/parketasala.lv\\\/en\\\/home\\\/\"},{\"@type\":\"ListItem\",\"position\":2,\"name\":\"Shop\",\"item\":\"https:\\\/\\\/parketasala.lv\\\/en\\\/shop\\\/\"},{\"@type\":\"ListItem\",\"position\":3,\"name\":\"Vinyl floor Moduleo LayRed Cantera 46930\"}]},{\"@type\":\"WebSite\",\"@id\":\"https:\\\/\\\/parketasala.lv\\\/en\\\/#website\",\"url\":\"https:\\\/\\\/parketasala.lv\\\/en\\\/\",\"name\":\"Parketa Sala\",\"description\":\"Pla&scaron;s lamin\u0101ta, vinila, parketa un kor\u0137a gr\u012bdu kl\u0101sts\",\"publisher\":{\"@id\":\"https:\\\/\\\/parketasala.lv\\\/en\\\/#organization\"},\"potentialAction\":[{\"@type\":\"SearchAction\",\"target\":{\"@type\":\"EntryPoint\",\"urlTemplate\":\"https:\\\/\\\/parketasala.lv\\\/en\\\/?s={search_term_string}\"},\"query-input\":{\"@type\":\"PropertyValueSpecification\",\"valueRequired\":true,\"valueName\":\"search_term_string\"}}],\"inLanguage\":\"en-US\"},{\"@type\":\"Organization\",\"@id\":\"https:\\\/\\\/parketasala.lv\\\/en\\\/#organization\",\"name\":\"Parketa Sala\",\"url\":\"https:\\\/\\\/parketasala.lv\\\/en\\\/\",\"logo\":{\"@type\":\"ImageObject\",\"inLanguage\":\"en-US\",\"@id\":\"https:\\\/\\\/parketasala.lv\\\/en\\\/#\\\/schema\\\/logo\\\/image\\\/\",\"url\":\"https:\\\/\\\/parketasala.lv\\\/wp-content\\\/uploads\\\/2019\\\/12\\\/Logo-x3.png\",\"contentUrl\":\"https:\\\/\\\/parketasala.lv\\\/wp-content\\\/uploads\\\/2019\\\/12\\\/Logo-x3.png\",\"width\":660,\"height\":137,\"caption\":\"Parketa Sala\"},\"image\":{\"@id\":\"https:\\\/\\\/parketasala.lv\\\/en\\\/#\\\/schema\\\/logo\\\/image\\\/\"},\"sameAs\":[\"https:\\\/\\\/www.facebook.com\\\/parketasala\\\/\",\"https:\\\/\\\/www.instagram.com\\\/parketasala\\\/\"]}]}<\/script>\n<!-- \/ Yoast SEO plugin. -->","yoast_head_json":{"title":"Vinyl floor Moduleo LayRed Cantera 46930 &#8211; Parketa Sala","robots":{"index,follow":"index,follow"},"canonical":"https:\/\/parketasala.lv\/en\/product\/vinyl-floor-moduleo-layred-cantera-46930\/","og_locale":"en_US","og_type":"article","og_title":"Vinyl floor Moduleo LayRed Cantera 46930 &#8211; Parketa Sala","og_description":"LayRed vinyl flooring is a solid subfloor vinyl flooring with a Click joint and integrated underlay. Suitable for any room in domestic and public environments, with a durability rating of 33. Abrasion resistance class (0,55 mm surface layer). out of the package and laid &#8211; no additional materials required (underlay or adhesive) less demanding on [&hellip;]","og_url":"https:\/\/parketasala.lv\/en\/product\/vinyl-floor-moduleo-layred-cantera-46930\/","og_site_name":"Parketa Sala","article_publisher":"https:\/\/www.facebook.com\/parketasala\/","article_modified_time":"2025-03-21T08:25:09+00:00","og_image":[{"width":1024,"height":671,"url":"https:\/\/parketasala.lv\/wp-content\/uploads\/2020\/01\/SE_cantera-46930_Detail_12776-1024x671.jpg","type":"image\/jpeg"}],"twitter_card":"summary_large_image","schema":{"@context":"https:\/\/schema.org","@graph":[{"@type":"WebPage","@id":"https:\/\/parketasala.lv\/en\/product\/vinyl-floor-moduleo-layred-cantera-46930\/","url":"https:\/\/parketasala.lv\/en\/product\/vinyl-floor-moduleo-layred-cantera-46930\/","name":"Vinyl floor Moduleo LayRed Cantera 46930 &#8211; Parketa Sala","isPartOf":{"@id":"https:\/\/parketasala.lv\/en\/#website"},"primaryImageOfPage":{"@id":"https:\/\/parketasala.lv\/en\/product\/vinyl-floor-moduleo-layred-cantera-46930\/#primaryimage"},"image":{"@id":"https:\/\/parketasala.lv\/en\/product\/vinyl-floor-moduleo-layred-cantera-46930\/#primaryimage"},"thumbnailUrl":"https:\/\/parketasala.lv\/wp-content\/uploads\/2020\/01\/SE_cantera-46930_Detail_12776.jpg","datePublished":"2022-05-14T09:11:47+00:00","dateModified":"2025-03-21T08:25:09+00:00","breadcrumb":{"@id":"https:\/\/parketasala.lv\/en\/product\/vinyl-floor-moduleo-layred-cantera-46930\/#breadcrumb"},"inLanguage":"en-US","potentialAction":[{"@type":"ReadAction","target":["https:\/\/parketasala.lv\/en\/product\/vinyl-floor-moduleo-layred-cantera-46930\/"]}]},{"@type":"ImageObject","inLanguage":"en-US","@id":"https:\/\/parketasala.lv\/en\/product\/vinyl-floor-moduleo-layred-cantera-46930\/#primaryimage","url":"https:\/\/parketasala.lv\/wp-content\/uploads\/2020\/01\/SE_cantera-46930_Detail_12776.jpg","contentUrl":"https:\/\/parketasala.lv\/wp-content\/uploads\/2020\/01\/SE_cantera-46930_Detail_12776.jpg","width":2559,"height":1677,"caption":"Moduleo Roots Cantera 46930"},{"@type":"BreadcrumbList","@id":"https:\/\/parketasala.lv\/en\/product\/vinyl-floor-moduleo-layred-cantera-46930\/#breadcrumb","itemListElement":[{"@type":"ListItem","position":1,"name":"Home","item":"https:\/\/parketasala.lv\/en\/home\/"},{"@type":"ListItem","position":2,"name":"Shop","item":"https:\/\/parketasala.lv\/en\/shop\/"},{"@type":"ListItem","position":3,"name":"Vinyl floor Moduleo LayRed Cantera 46930"}]},{"@type":"WebSite","@id":"https:\/\/parketasala.lv\/en\/#website","url":"https:\/\/parketasala.lv\/en\/","name":"Parketa Sala","description":"Pla&scaron;s lamin\u0101ta, vinila, parketa un kor\u0137a gr\u012bdu kl\u0101sts","publisher":{"@id":"https:\/\/parketasala.lv\/en\/#organization"},"potentialAction":[{"@type":"SearchAction","target":{"@type":"EntryPoint","urlTemplate":"https:\/\/parketasala.lv\/en\/?s={search_term_string}"},"query-input":{"@type":"PropertyValueSpecification","valueRequired":true,"valueName":"search_term_string"}}],"inLanguage":"en-US"},{"@type":"Organization","@id":"https:\/\/parketasala.lv\/en\/#organization","name":"Parketa Sala","url":"https:\/\/parketasala.lv\/en\/","logo":{"@type":"ImageObject","inLanguage":"en-US","@id":"https:\/\/parketasala.lv\/en\/#\/schema\/logo\/image\/","url":"https:\/\/parketasala.lv\/wp-content\/uploads\/2019\/12\/Logo-x3.png","contentUrl":"https:\/\/parketasala.lv\/wp-content\/uploads\/2019\/12\/Logo-x3.png","width":660,"height":137,"caption":"Parketa Sala"},"image":{"@id":"https:\/\/parketasala.lv\/en\/#\/schema\/logo\/image\/"},"sameAs":["https:\/\/www.facebook.com\/parketasala\/","https:\/\/www.instagram.com\/parketasala\/"]}]}},"_links":{"self":[{"href":"https:\/\/parketasala.lv\/en\/wp-json\/wp\/v2\/product\/22842","targetHints":{"allow":["GET"]}}],"collection":[{"href":"https:\/\/parketasala.lv\/en\/wp-json\/wp\/v2\/product"}],"about":[{"href":"https:\/\/parketasala.lv\/en\/wp-json\/wp\/v2\/types\/product"}],"wp:featuredmedia":[{"embeddable":true,"href":"https:\/\/parketasala.lv\/en\/wp-json\/wp\/v2\/media\/12850"}],"wp:attachment":[{"href":"https:\/\/parketasala.lv\/en\/wp-json\/wp\/v2\/media?parent=22842"}],"wp:term":[{"taxonomy":"product_brand","embeddable":true,"href":"https:\/\/parketasala.lv\/en\/wp-json\/wp\/v2\/product_brand?post=22842"},{"taxonomy":"product_cat","embeddable":true,"href":"https:\/\/parketasala.lv\/en\/wp-json\/wp\/v2\/product_cat?post=22842"},{"taxonomy":"product_tag","embeddable":true,"href":"https:\/\/parketasala.lv\/en\/wp-json\/wp\/v2\/product_tag?post=22842"}],"curies":[{"name":"wp","href":"https:\/\/api.w.org\/{rel}","templated":true}]}}