{"id":22670,"date":"2022-06-13T15:15:29","date_gmt":"2022-06-13T15:15:29","guid":{"rendered":"https:\/\/parketasala.lv\/product\/designer-vinyl-floor-moduleo-moods-arrow-line-421\/"},"modified":"2025-03-21T08:38:11","modified_gmt":"2025-03-21T08:38:11","slug":"designer-vinyl-floor-moduleo-moods-arrow-line-421","status":"publish","type":"product","link":"https:\/\/parketasala.lv\/en\/product\/designer-vinyl-floor-moduleo-moods-arrow-line-421\/","title":{"rendered":"Designer vinyl floor Moduleo Moods Arrow Line 421"},"content":{"rendered":"<p>The Moods collection is a creatively designed vinyl floor with lively patterns in different geometric shapes, available in both wood and stone decors, as well as soft pastel shades. The result is a unique floor with a distinctive style and personality. And like all Moduleo vinyl floors, it&#8217;s beautiful, practical and durable.  <\/p>\n<p>Arrow Line &#8211; French shave decor.<\/p>\n<p>Decorator name &#8211; Mustang Slate 70998<\/p>\n<p>Decorator name &#8211; Mustang Slate 70928<\/p>\n","protected":false},"excerpt":{"rendered":"<p>The Moods collection is a creatively designed vinyl floor with lively patterns in different geometric shapes, available in both wood and stone decors, as well as soft pastel shades. The result is a unique floor with a distinctive style and personality. And like all Moduleo vinyl floors, it&#8217;s beautiful, practical and durable. Arrow Line &#8211; [&hellip;]<\/p>\n","protected":false},"featured_media":17537,"template":"","meta":{"_acf_changed":false},"product_brand":[],"product_cat":[470,572,527,469,467],"product_tag":[],"class_list":{"0":"post-22670","1":"product","2":"type-product","3":"status-publish","4":"has-post-thumbnail","6":"product_cat-moduleo","7":"product_cat-special-designs","8":"product_cat-tile-design","9":"product_cat-to-be-downloaded-at","10":"product_cat-vinyl-flooring","12":"first","13":"onbackorder","14":"taxable","15":"shipping-taxable","16":"purchasable","17":"product-type-simple"},"acf":[],"yoast_head":"<!-- This site is optimized with the Yoast SEO plugin v27.3 - https:\/\/yoast.com\/product\/yoast-seo-wordpress\/ -->\n<title>Designer vinyl floor Moduleo Moods Arrow Line 421 &#8211; Parketa Sala<\/title>\n<meta name=\"robots\" content=\"index,follow\" \/>\n<link rel=\"canonical\" href=\"https:\/\/parketasala.lv\/en\/product\/designer-vinyl-floor-moduleo-moods-arrow-line-421\/\" \/>\n<meta property=\"og:locale\" content=\"en_US\" \/>\n<meta property=\"og:type\" content=\"article\" \/>\n<meta property=\"og:title\" content=\"Designer vinyl floor Moduleo Moods Arrow Line 421 &#8211; Parketa Sala\" \/>\n<meta property=\"og:description\" content=\"The Moods collection is a creatively designed vinyl floor with lively patterns in different geometric shapes, available in both wood and stone decors, as well as soft pastel shades. The result is a unique floor with a distinctive style and personality. And like all Moduleo vinyl floors, it&#8217;s beautiful, practical and durable. Arrow Line &#8211; [&hellip;]\" \/>\n<meta property=\"og:url\" content=\"https:\/\/parketasala.lv\/en\/product\/designer-vinyl-floor-moduleo-moods-arrow-line-421\/\" \/>\n<meta property=\"og:site_name\" content=\"Parketa Sala\" \/>\n<meta property=\"article:publisher\" content=\"https:\/\/www.facebook.com\/parketasala\/\" \/>\n<meta property=\"article:modified_time\" content=\"2025-03-21T08:38:11+00:00\" \/>\n<meta property=\"og:image\" content=\"https:\/\/parketasala.lv\/wp-content\/uploads\/2022\/06\/Pattern-421.jpg\" \/>\n\t<meta property=\"og:image:width\" content=\"930\" \/>\n\t<meta property=\"og:image:height\" content=\"620\" \/>\n\t<meta property=\"og:image:type\" content=\"image\/jpeg\" \/>\n<meta name=\"twitter:card\" content=\"summary_large_image\" \/>\n<script type=\"application\/ld+json\" class=\"yoast-schema-graph\">{\"@context\":\"https:\\\/\\\/schema.org\",\"@graph\":[{\"@type\":\"WebPage\",\"@id\":\"https:\\\/\\\/parketasala.lv\\\/en\\\/product\\\/designer-vinyl-floor-moduleo-moods-arrow-line-421\\\/\",\"url\":\"https:\\\/\\\/parketasala.lv\\\/en\\\/product\\\/designer-vinyl-floor-moduleo-moods-arrow-line-421\\\/\",\"name\":\"Designer vinyl floor Moduleo Moods Arrow Line 421 &#8211; Parketa Sala\",\"isPartOf\":{\"@id\":\"https:\\\/\\\/parketasala.lv\\\/en\\\/#website\"},\"primaryImageOfPage\":{\"@id\":\"https:\\\/\\\/parketasala.lv\\\/en\\\/product\\\/designer-vinyl-floor-moduleo-moods-arrow-line-421\\\/#primaryimage\"},\"image\":{\"@id\":\"https:\\\/\\\/parketasala.lv\\\/en\\\/product\\\/designer-vinyl-floor-moduleo-moods-arrow-line-421\\\/#primaryimage\"},\"thumbnailUrl\":\"https:\\\/\\\/parketasala.lv\\\/wp-content\\\/uploads\\\/2022\\\/06\\\/Pattern-421.jpg\",\"datePublished\":\"2022-06-13T15:15:29+00:00\",\"dateModified\":\"2025-03-21T08:38:11+00:00\",\"breadcrumb\":{\"@id\":\"https:\\\/\\\/parketasala.lv\\\/en\\\/product\\\/designer-vinyl-floor-moduleo-moods-arrow-line-421\\\/#breadcrumb\"},\"inLanguage\":\"en-US\",\"potentialAction\":[{\"@type\":\"ReadAction\",\"target\":[\"https:\\\/\\\/parketasala.lv\\\/en\\\/product\\\/designer-vinyl-floor-moduleo-moods-arrow-line-421\\\/\"]}]},{\"@type\":\"ImageObject\",\"inLanguage\":\"en-US\",\"@id\":\"https:\\\/\\\/parketasala.lv\\\/en\\\/product\\\/designer-vinyl-floor-moduleo-moods-arrow-line-421\\\/#primaryimage\",\"url\":\"https:\\\/\\\/parketasala.lv\\\/wp-content\\\/uploads\\\/2022\\\/06\\\/Pattern-421.jpg\",\"contentUrl\":\"https:\\\/\\\/parketasala.lv\\\/wp-content\\\/uploads\\\/2022\\\/06\\\/Pattern-421.jpg\",\"width\":930,\"height\":620,\"caption\":\"design-vinyl-grida-module-moods-arrow-line-521\"},{\"@type\":\"BreadcrumbList\",\"@id\":\"https:\\\/\\\/parketasala.lv\\\/en\\\/product\\\/designer-vinyl-floor-moduleo-moods-arrow-line-421\\\/#breadcrumb\",\"itemListElement\":[{\"@type\":\"ListItem\",\"position\":1,\"name\":\"Home\",\"item\":\"https:\\\/\\\/parketasala.lv\\\/en\\\/home\\\/\"},{\"@type\":\"ListItem\",\"position\":2,\"name\":\"Shop\",\"item\":\"https:\\\/\\\/parketasala.lv\\\/en\\\/shop\\\/\"},{\"@type\":\"ListItem\",\"position\":3,\"name\":\"Designer vinyl floor Moduleo Moods Arrow Line 421\"}]},{\"@type\":\"WebSite\",\"@id\":\"https:\\\/\\\/parketasala.lv\\\/en\\\/#website\",\"url\":\"https:\\\/\\\/parketasala.lv\\\/en\\\/\",\"name\":\"Parketa Sala\",\"description\":\"Pla&scaron;s lamin\u0101ta, vinila, parketa un kor\u0137a gr\u012bdu kl\u0101sts\",\"publisher\":{\"@id\":\"https:\\\/\\\/parketasala.lv\\\/en\\\/#organization\"},\"potentialAction\":[{\"@type\":\"SearchAction\",\"target\":{\"@type\":\"EntryPoint\",\"urlTemplate\":\"https:\\\/\\\/parketasala.lv\\\/en\\\/?s={search_term_string}\"},\"query-input\":{\"@type\":\"PropertyValueSpecification\",\"valueRequired\":true,\"valueName\":\"search_term_string\"}}],\"inLanguage\":\"en-US\"},{\"@type\":\"Organization\",\"@id\":\"https:\\\/\\\/parketasala.lv\\\/en\\\/#organization\",\"name\":\"Parketa Sala\",\"url\":\"https:\\\/\\\/parketasala.lv\\\/en\\\/\",\"logo\":{\"@type\":\"ImageObject\",\"inLanguage\":\"en-US\",\"@id\":\"https:\\\/\\\/parketasala.lv\\\/en\\\/#\\\/schema\\\/logo\\\/image\\\/\",\"url\":\"https:\\\/\\\/parketasala.lv\\\/wp-content\\\/uploads\\\/2019\\\/12\\\/Logo-x3.png\",\"contentUrl\":\"https:\\\/\\\/parketasala.lv\\\/wp-content\\\/uploads\\\/2019\\\/12\\\/Logo-x3.png\",\"width\":660,\"height\":137,\"caption\":\"Parketa Sala\"},\"image\":{\"@id\":\"https:\\\/\\\/parketasala.lv\\\/en\\\/#\\\/schema\\\/logo\\\/image\\\/\"},\"sameAs\":[\"https:\\\/\\\/www.facebook.com\\\/parketasala\\\/\",\"https:\\\/\\\/www.instagram.com\\\/parketasala\\\/\"]}]}<\/script>\n<!-- \/ Yoast SEO plugin. -->","yoast_head_json":{"title":"Designer vinyl floor Moduleo Moods Arrow Line 421 &#8211; Parketa Sala","robots":{"index,follow":"index,follow"},"canonical":"https:\/\/parketasala.lv\/en\/product\/designer-vinyl-floor-moduleo-moods-arrow-line-421\/","og_locale":"en_US","og_type":"article","og_title":"Designer vinyl floor Moduleo Moods Arrow Line 421 &#8211; Parketa Sala","og_description":"The Moods collection is a creatively designed vinyl floor with lively patterns in different geometric shapes, available in both wood and stone decors, as well as soft pastel shades. The result is a unique floor with a distinctive style and personality. And like all Moduleo vinyl floors, it&#8217;s beautiful, practical and durable. Arrow Line &#8211; [&hellip;]","og_url":"https:\/\/parketasala.lv\/en\/product\/designer-vinyl-floor-moduleo-moods-arrow-line-421\/","og_site_name":"Parketa Sala","article_publisher":"https:\/\/www.facebook.com\/parketasala\/","article_modified_time":"2025-03-21T08:38:11+00:00","og_image":[{"width":930,"height":620,"url":"https:\/\/parketasala.lv\/wp-content\/uploads\/2022\/06\/Pattern-421.jpg","type":"image\/jpeg"}],"twitter_card":"summary_large_image","schema":{"@context":"https:\/\/schema.org","@graph":[{"@type":"WebPage","@id":"https:\/\/parketasala.lv\/en\/product\/designer-vinyl-floor-moduleo-moods-arrow-line-421\/","url":"https:\/\/parketasala.lv\/en\/product\/designer-vinyl-floor-moduleo-moods-arrow-line-421\/","name":"Designer vinyl floor Moduleo Moods Arrow Line 421 &#8211; Parketa Sala","isPartOf":{"@id":"https:\/\/parketasala.lv\/en\/#website"},"primaryImageOfPage":{"@id":"https:\/\/parketasala.lv\/en\/product\/designer-vinyl-floor-moduleo-moods-arrow-line-421\/#primaryimage"},"image":{"@id":"https:\/\/parketasala.lv\/en\/product\/designer-vinyl-floor-moduleo-moods-arrow-line-421\/#primaryimage"},"thumbnailUrl":"https:\/\/parketasala.lv\/wp-content\/uploads\/2022\/06\/Pattern-421.jpg","datePublished":"2022-06-13T15:15:29+00:00","dateModified":"2025-03-21T08:38:11+00:00","breadcrumb":{"@id":"https:\/\/parketasala.lv\/en\/product\/designer-vinyl-floor-moduleo-moods-arrow-line-421\/#breadcrumb"},"inLanguage":"en-US","potentialAction":[{"@type":"ReadAction","target":["https:\/\/parketasala.lv\/en\/product\/designer-vinyl-floor-moduleo-moods-arrow-line-421\/"]}]},{"@type":"ImageObject","inLanguage":"en-US","@id":"https:\/\/parketasala.lv\/en\/product\/designer-vinyl-floor-moduleo-moods-arrow-line-421\/#primaryimage","url":"https:\/\/parketasala.lv\/wp-content\/uploads\/2022\/06\/Pattern-421.jpg","contentUrl":"https:\/\/parketasala.lv\/wp-content\/uploads\/2022\/06\/Pattern-421.jpg","width":930,"height":620,"caption":"design-vinyl-grida-module-moods-arrow-line-521"},{"@type":"BreadcrumbList","@id":"https:\/\/parketasala.lv\/en\/product\/designer-vinyl-floor-moduleo-moods-arrow-line-421\/#breadcrumb","itemListElement":[{"@type":"ListItem","position":1,"name":"Home","item":"https:\/\/parketasala.lv\/en\/home\/"},{"@type":"ListItem","position":2,"name":"Shop","item":"https:\/\/parketasala.lv\/en\/shop\/"},{"@type":"ListItem","position":3,"name":"Designer vinyl floor Moduleo Moods Arrow Line 421"}]},{"@type":"WebSite","@id":"https:\/\/parketasala.lv\/en\/#website","url":"https:\/\/parketasala.lv\/en\/","name":"Parketa Sala","description":"Pla&scaron;s lamin\u0101ta, vinila, parketa un kor\u0137a gr\u012bdu kl\u0101sts","publisher":{"@id":"https:\/\/parketasala.lv\/en\/#organization"},"potentialAction":[{"@type":"SearchAction","target":{"@type":"EntryPoint","urlTemplate":"https:\/\/parketasala.lv\/en\/?s={search_term_string}"},"query-input":{"@type":"PropertyValueSpecification","valueRequired":true,"valueName":"search_term_string"}}],"inLanguage":"en-US"},{"@type":"Organization","@id":"https:\/\/parketasala.lv\/en\/#organization","name":"Parketa Sala","url":"https:\/\/parketasala.lv\/en\/","logo":{"@type":"ImageObject","inLanguage":"en-US","@id":"https:\/\/parketasala.lv\/en\/#\/schema\/logo\/image\/","url":"https:\/\/parketasala.lv\/wp-content\/uploads\/2019\/12\/Logo-x3.png","contentUrl":"https:\/\/parketasala.lv\/wp-content\/uploads\/2019\/12\/Logo-x3.png","width":660,"height":137,"caption":"Parketa Sala"},"image":{"@id":"https:\/\/parketasala.lv\/en\/#\/schema\/logo\/image\/"},"sameAs":["https:\/\/www.facebook.com\/parketasala\/","https:\/\/www.instagram.com\/parketasala\/"]}]}},"_links":{"self":[{"href":"https:\/\/parketasala.lv\/en\/wp-json\/wp\/v2\/product\/22670","targetHints":{"allow":["GET"]}}],"collection":[{"href":"https:\/\/parketasala.lv\/en\/wp-json\/wp\/v2\/product"}],"about":[{"href":"https:\/\/parketasala.lv\/en\/wp-json\/wp\/v2\/types\/product"}],"wp:featuredmedia":[{"embeddable":true,"href":"https:\/\/parketasala.lv\/en\/wp-json\/wp\/v2\/media\/17537"}],"wp:attachment":[{"href":"https:\/\/parketasala.lv\/en\/wp-json\/wp\/v2\/media?parent=22670"}],"wp:term":[{"taxonomy":"product_brand","embeddable":true,"href":"https:\/\/parketasala.lv\/en\/wp-json\/wp\/v2\/product_brand?post=22670"},{"taxonomy":"product_cat","embeddable":true,"href":"https:\/\/parketasala.lv\/en\/wp-json\/wp\/v2\/product_cat?post=22670"},{"taxonomy":"product_tag","embeddable":true,"href":"https:\/\/parketasala.lv\/en\/wp-json\/wp\/v2\/product_tag?post=22670"}],"curies":[{"name":"wp","href":"https:\/\/api.w.org\/{rel}","templated":true}]}}