{"id":22521,"date":"2021-05-10T13:09:45","date_gmt":"2021-05-10T13:09:45","guid":{"rendered":"https:\/\/parketasala.lv\/product\/quick-step-paintable-nosing-baseboard-161292400mm\/"},"modified":"2025-03-21T08:18:07","modified_gmt":"2025-03-21T08:18:07","slug":"quick-step-paintable-nosing-baseboard-161292400mm","status":"publish","type":"product","link":"https:\/\/parketasala.lv\/en\/product\/quick-step-paintable-nosing-baseboard-161292400mm\/","title":{"rendered":"Quick-Step paintable nosing &#8211; baseboard 16*129*2400mm"},"content":{"rendered":"<h4>Multifunctional paintable nosegay &#8211; skirting board. Thanks to Incizo technology, it can be cut to the desired height (thanks to pre-specified cut points). <\/h4>\n<h4>This paintable skirting board can be placed on top of existing skirting boards. Installation is quick and there is no risk of damaging your walls. <\/h4>\n<h4><\/h4>\n<h4>Once the skirting boards are installed, you can paint them or leave them white.<\/h4>\n<p>&nbsp;<\/p>\n<h4>Types of assembly:<\/h4>\n<ul>\n<li>Using Quick-Step <a href=\"https:\/\/parketasala.lv\/en\/product\/quick-step-one4all-adhesive\/\">ONE4ALL<\/a> adhesive<\/li>\n<\/ul>\n<h4><\/h4>\n<h4><strong><em>Only available in full pack &#8211; 6 skirting boards (14.40 m)<\/em><\/strong><\/h4>\n","protected":false},"excerpt":{"rendered":"<p>Multifunctional paintable nosegay &#8211; skirting board. Thanks to Incizo technology, it can be cut to the desired height (thanks to pre-specified cut points). This paintable skirting board can be placed on top of existing skirting boards. Installation is quick and there is no risk of damaging your walls. Once the skirting boards are installed, you [&hellip;]<\/p>\n","protected":false},"featured_media":15339,"template":"","meta":{"_acf_changed":false},"product_brand":[],"product_cat":[424,426],"product_tag":[],"class_list":{"0":"post-22521","1":"product","2":"type-product","3":"status-publish","4":"has-post-thumbnail","6":"product_cat-accessories","7":"product_cat-mdf-skirting","9":"first","10":"onbackorder","11":"taxable","12":"shipping-taxable","13":"purchasable","14":"product-type-simple"},"acf":[],"yoast_head":"<!-- This site is optimized with the Yoast SEO plugin v27.3 - https:\/\/yoast.com\/product\/yoast-seo-wordpress\/ -->\n<title>Quick-Step paintable nosing - baseboard 16*129*2400mm &#8211; Parketa Sala<\/title>\n<meta name=\"robots\" content=\"index,follow\" \/>\n<link rel=\"canonical\" href=\"https:\/\/parketasala.lv\/en\/product\/quick-step-paintable-nosing-baseboard-161292400mm\/\" \/>\n<meta property=\"og:locale\" content=\"en_US\" \/>\n<meta property=\"og:type\" content=\"article\" \/>\n<meta property=\"og:title\" content=\"Quick-Step paintable nosing - baseboard 16*129*2400mm &#8211; Parketa Sala\" \/>\n<meta property=\"og:description\" content=\"Multifunctional paintable nosegay &#8211; skirting board. Thanks to Incizo technology, it can be cut to the desired height (thanks to pre-specified cut points). This paintable skirting board can be placed on top of existing skirting boards. Installation is quick and there is no risk of damaging your walls. Once the skirting boards are installed, you [&hellip;]\" \/>\n<meta property=\"og:url\" content=\"https:\/\/parketasala.lv\/en\/product\/quick-step-paintable-nosing-baseboard-161292400mm\/\" \/>\n<meta property=\"og:site_name\" content=\"Parketa Sala\" \/>\n<meta property=\"article:publisher\" content=\"https:\/\/www.facebook.com\/parketasala\/\" \/>\n<meta property=\"article:modified_time\" content=\"2025-03-21T08:18:07+00:00\" \/>\n<meta property=\"og:image\" content=\"https:\/\/parketasala.lv\/wp-content\/uploads\/2021\/05\/QSISKRCOVER-2-scaled.jpg\" \/>\n\t<meta property=\"og:image:width\" content=\"2560\" \/>\n\t<meta property=\"og:image:height\" content=\"1707\" \/>\n\t<meta property=\"og:image:type\" content=\"image\/jpeg\" \/>\n<meta name=\"twitter:card\" content=\"summary_large_image\" \/>\n<script type=\"application\/ld+json\" class=\"yoast-schema-graph\">{\"@context\":\"https:\\\/\\\/schema.org\",\"@graph\":[{\"@type\":\"WebPage\",\"@id\":\"https:\\\/\\\/parketasala.lv\\\/en\\\/product\\\/quick-step-paintable-nosing-baseboard-161292400mm\\\/\",\"url\":\"https:\\\/\\\/parketasala.lv\\\/en\\\/product\\\/quick-step-paintable-nosing-baseboard-161292400mm\\\/\",\"name\":\"Quick-Step paintable nosing - baseboard 16*129*2400mm &#8211; Parketa Sala\",\"isPartOf\":{\"@id\":\"https:\\\/\\\/parketasala.lv\\\/en\\\/#website\"},\"primaryImageOfPage\":{\"@id\":\"https:\\\/\\\/parketasala.lv\\\/en\\\/product\\\/quick-step-paintable-nosing-baseboard-161292400mm\\\/#primaryimage\"},\"image\":{\"@id\":\"https:\\\/\\\/parketasala.lv\\\/en\\\/product\\\/quick-step-paintable-nosing-baseboard-161292400mm\\\/#primaryimage\"},\"thumbnailUrl\":\"https:\\\/\\\/parketasala.lv\\\/wp-content\\\/uploads\\\/2021\\\/05\\\/QSISKRCOVER-2-scaled.jpg\",\"datePublished\":\"2021-05-10T13:09:45+00:00\",\"dateModified\":\"2025-03-21T08:18:07+00:00\",\"breadcrumb\":{\"@id\":\"https:\\\/\\\/parketasala.lv\\\/en\\\/product\\\/quick-step-paintable-nosing-baseboard-161292400mm\\\/#breadcrumb\"},\"inLanguage\":\"en-US\",\"potentialAction\":[{\"@type\":\"ReadAction\",\"target\":[\"https:\\\/\\\/parketasala.lv\\\/en\\\/product\\\/quick-step-paintable-nosing-baseboard-161292400mm\\\/\"]}]},{\"@type\":\"ImageObject\",\"inLanguage\":\"en-US\",\"@id\":\"https:\\\/\\\/parketasala.lv\\\/en\\\/product\\\/quick-step-paintable-nosing-baseboard-161292400mm\\\/#primaryimage\",\"url\":\"https:\\\/\\\/parketasala.lv\\\/wp-content\\\/uploads\\\/2021\\\/05\\\/QSISKRCOVER-2-scaled.jpg\",\"contentUrl\":\"https:\\\/\\\/parketasala.lv\\\/wp-content\\\/uploads\\\/2021\\\/05\\\/QSISKRCOVER-2-scaled.jpg\",\"width\":2560,\"height\":1707,\"caption\":\"\"},{\"@type\":\"BreadcrumbList\",\"@id\":\"https:\\\/\\\/parketasala.lv\\\/en\\\/product\\\/quick-step-paintable-nosing-baseboard-161292400mm\\\/#breadcrumb\",\"itemListElement\":[{\"@type\":\"ListItem\",\"position\":1,\"name\":\"Home\",\"item\":\"https:\\\/\\\/parketasala.lv\\\/en\\\/home\\\/\"},{\"@type\":\"ListItem\",\"position\":2,\"name\":\"Shop\",\"item\":\"https:\\\/\\\/parketasala.lv\\\/en\\\/shop\\\/\"},{\"@type\":\"ListItem\",\"position\":3,\"name\":\"Quick-Step paintable nosing &#8211; baseboard 16*129*2400mm\"}]},{\"@type\":\"WebSite\",\"@id\":\"https:\\\/\\\/parketasala.lv\\\/en\\\/#website\",\"url\":\"https:\\\/\\\/parketasala.lv\\\/en\\\/\",\"name\":\"Parketa Sala\",\"description\":\"Pla&scaron;s lamin\u0101ta, vinila, parketa un kor\u0137a gr\u012bdu kl\u0101sts\",\"publisher\":{\"@id\":\"https:\\\/\\\/parketasala.lv\\\/en\\\/#organization\"},\"potentialAction\":[{\"@type\":\"SearchAction\",\"target\":{\"@type\":\"EntryPoint\",\"urlTemplate\":\"https:\\\/\\\/parketasala.lv\\\/en\\\/?s={search_term_string}\"},\"query-input\":{\"@type\":\"PropertyValueSpecification\",\"valueRequired\":true,\"valueName\":\"search_term_string\"}}],\"inLanguage\":\"en-US\"},{\"@type\":\"Organization\",\"@id\":\"https:\\\/\\\/parketasala.lv\\\/en\\\/#organization\",\"name\":\"Parketa Sala\",\"url\":\"https:\\\/\\\/parketasala.lv\\\/en\\\/\",\"logo\":{\"@type\":\"ImageObject\",\"inLanguage\":\"en-US\",\"@id\":\"https:\\\/\\\/parketasala.lv\\\/en\\\/#\\\/schema\\\/logo\\\/image\\\/\",\"url\":\"https:\\\/\\\/parketasala.lv\\\/wp-content\\\/uploads\\\/2019\\\/12\\\/Logo-x3.png\",\"contentUrl\":\"https:\\\/\\\/parketasala.lv\\\/wp-content\\\/uploads\\\/2019\\\/12\\\/Logo-x3.png\",\"width\":660,\"height\":137,\"caption\":\"Parketa Sala\"},\"image\":{\"@id\":\"https:\\\/\\\/parketasala.lv\\\/en\\\/#\\\/schema\\\/logo\\\/image\\\/\"},\"sameAs\":[\"https:\\\/\\\/www.facebook.com\\\/parketasala\\\/\",\"https:\\\/\\\/www.instagram.com\\\/parketasala\\\/\"]}]}<\/script>\n<!-- \/ Yoast SEO plugin. -->","yoast_head_json":{"title":"Quick-Step paintable nosing - baseboard 16*129*2400mm &#8211; Parketa Sala","robots":{"index,follow":"index,follow"},"canonical":"https:\/\/parketasala.lv\/en\/product\/quick-step-paintable-nosing-baseboard-161292400mm\/","og_locale":"en_US","og_type":"article","og_title":"Quick-Step paintable nosing - baseboard 16*129*2400mm &#8211; Parketa Sala","og_description":"Multifunctional paintable nosegay &#8211; skirting board. Thanks to Incizo technology, it can be cut to the desired height (thanks to pre-specified cut points). This paintable skirting board can be placed on top of existing skirting boards. Installation is quick and there is no risk of damaging your walls. Once the skirting boards are installed, you [&hellip;]","og_url":"https:\/\/parketasala.lv\/en\/product\/quick-step-paintable-nosing-baseboard-161292400mm\/","og_site_name":"Parketa Sala","article_publisher":"https:\/\/www.facebook.com\/parketasala\/","article_modified_time":"2025-03-21T08:18:07+00:00","og_image":[{"width":2560,"height":1707,"url":"https:\/\/parketasala.lv\/wp-content\/uploads\/2021\/05\/QSISKRCOVER-2-scaled.jpg","type":"image\/jpeg"}],"twitter_card":"summary_large_image","schema":{"@context":"https:\/\/schema.org","@graph":[{"@type":"WebPage","@id":"https:\/\/parketasala.lv\/en\/product\/quick-step-paintable-nosing-baseboard-161292400mm\/","url":"https:\/\/parketasala.lv\/en\/product\/quick-step-paintable-nosing-baseboard-161292400mm\/","name":"Quick-Step paintable nosing - baseboard 16*129*2400mm &#8211; Parketa Sala","isPartOf":{"@id":"https:\/\/parketasala.lv\/en\/#website"},"primaryImageOfPage":{"@id":"https:\/\/parketasala.lv\/en\/product\/quick-step-paintable-nosing-baseboard-161292400mm\/#primaryimage"},"image":{"@id":"https:\/\/parketasala.lv\/en\/product\/quick-step-paintable-nosing-baseboard-161292400mm\/#primaryimage"},"thumbnailUrl":"https:\/\/parketasala.lv\/wp-content\/uploads\/2021\/05\/QSISKRCOVER-2-scaled.jpg","datePublished":"2021-05-10T13:09:45+00:00","dateModified":"2025-03-21T08:18:07+00:00","breadcrumb":{"@id":"https:\/\/parketasala.lv\/en\/product\/quick-step-paintable-nosing-baseboard-161292400mm\/#breadcrumb"},"inLanguage":"en-US","potentialAction":[{"@type":"ReadAction","target":["https:\/\/parketasala.lv\/en\/product\/quick-step-paintable-nosing-baseboard-161292400mm\/"]}]},{"@type":"ImageObject","inLanguage":"en-US","@id":"https:\/\/parketasala.lv\/en\/product\/quick-step-paintable-nosing-baseboard-161292400mm\/#primaryimage","url":"https:\/\/parketasala.lv\/wp-content\/uploads\/2021\/05\/QSISKRCOVER-2-scaled.jpg","contentUrl":"https:\/\/parketasala.lv\/wp-content\/uploads\/2021\/05\/QSISKRCOVER-2-scaled.jpg","width":2560,"height":1707,"caption":""},{"@type":"BreadcrumbList","@id":"https:\/\/parketasala.lv\/en\/product\/quick-step-paintable-nosing-baseboard-161292400mm\/#breadcrumb","itemListElement":[{"@type":"ListItem","position":1,"name":"Home","item":"https:\/\/parketasala.lv\/en\/home\/"},{"@type":"ListItem","position":2,"name":"Shop","item":"https:\/\/parketasala.lv\/en\/shop\/"},{"@type":"ListItem","position":3,"name":"Quick-Step paintable nosing &#8211; baseboard 16*129*2400mm"}]},{"@type":"WebSite","@id":"https:\/\/parketasala.lv\/en\/#website","url":"https:\/\/parketasala.lv\/en\/","name":"Parketa Sala","description":"Pla&scaron;s lamin\u0101ta, vinila, parketa un kor\u0137a gr\u012bdu kl\u0101sts","publisher":{"@id":"https:\/\/parketasala.lv\/en\/#organization"},"potentialAction":[{"@type":"SearchAction","target":{"@type":"EntryPoint","urlTemplate":"https:\/\/parketasala.lv\/en\/?s={search_term_string}"},"query-input":{"@type":"PropertyValueSpecification","valueRequired":true,"valueName":"search_term_string"}}],"inLanguage":"en-US"},{"@type":"Organization","@id":"https:\/\/parketasala.lv\/en\/#organization","name":"Parketa Sala","url":"https:\/\/parketasala.lv\/en\/","logo":{"@type":"ImageObject","inLanguage":"en-US","@id":"https:\/\/parketasala.lv\/en\/#\/schema\/logo\/image\/","url":"https:\/\/parketasala.lv\/wp-content\/uploads\/2019\/12\/Logo-x3.png","contentUrl":"https:\/\/parketasala.lv\/wp-content\/uploads\/2019\/12\/Logo-x3.png","width":660,"height":137,"caption":"Parketa Sala"},"image":{"@id":"https:\/\/parketasala.lv\/en\/#\/schema\/logo\/image\/"},"sameAs":["https:\/\/www.facebook.com\/parketasala\/","https:\/\/www.instagram.com\/parketasala\/"]}]}},"_links":{"self":[{"href":"https:\/\/parketasala.lv\/en\/wp-json\/wp\/v2\/product\/22521","targetHints":{"allow":["GET"]}}],"collection":[{"href":"https:\/\/parketasala.lv\/en\/wp-json\/wp\/v2\/product"}],"about":[{"href":"https:\/\/parketasala.lv\/en\/wp-json\/wp\/v2\/types\/product"}],"wp:featuredmedia":[{"embeddable":true,"href":"https:\/\/parketasala.lv\/en\/wp-json\/wp\/v2\/media\/15339"}],"wp:attachment":[{"href":"https:\/\/parketasala.lv\/en\/wp-json\/wp\/v2\/media?parent=22521"}],"wp:term":[{"taxonomy":"product_brand","embeddable":true,"href":"https:\/\/parketasala.lv\/en\/wp-json\/wp\/v2\/product_brand?post=22521"},{"taxonomy":"product_cat","embeddable":true,"href":"https:\/\/parketasala.lv\/en\/wp-json\/wp\/v2\/product_cat?post=22521"},{"taxonomy":"product_tag","embeddable":true,"href":"https:\/\/parketasala.lv\/en\/wp-json\/wp\/v2\/product_tag?post=22521"}],"curies":[{"name":"wp","href":"https:\/\/api.w.org\/{rel}","templated":true}]}}