{"id":22218,"date":"2020-03-05T15:02:10","date_gmt":"2020-03-05T15:02:10","guid":{"rendered":"https:\/\/parketasala.lv\/product\/quick-step-incizo-threshold-profile-for-parquet-1451\/"},"modified":"2025-03-21T08:04:09","modified_gmt":"2025-03-21T08:04:09","slug":"quick-step-incizo-threshold-profile-for-parquet-1451","status":"publish","type":"product","link":"https:\/\/parketasala.lv\/en\/product\/quick-step-incizo-threshold-profile-for-parquet-1451\/","title":{"rendered":"Quick-Step Incizo threshold profile for parquet 1451"},"content":{"rendered":"<p>The Quick-Step Incizo profile is extremely handy for giving your floors and stairs a flawless finish.<br \/>\nYou can use the same profile in all finishing situations:<\/p>\n<ul>\n<li>between two floor coverings of the same height<\/li>\n<li>between different altitudes (level 0)<\/li>\n<li>transition to a wall or window<\/li>\n<\/ul>\n<p>Simply cut the Incizo base profile into the desired shape using the supplied knife.<\/p>\n<p>For application on stairs or steps, please order the Incizo Aluminium Stair Sub Profile.<\/p>\n","protected":false},"excerpt":{"rendered":"<p>The Quick-Step Incizo profile is extremely handy for giving your floors and stairs a flawless finish. You can use the same profile in all finishing situations: between two floor coverings of the same height between different altitudes (level 0) transition to a wall or window Simply cut the Incizo base profile into the desired shape [&hellip;]<\/p>\n","protected":false},"featured_media":14120,"template":"","meta":{"_acf_changed":false},"product_brand":[],"product_cat":[424,448],"product_tag":[],"class_list":{"0":"post-22218","1":"product","2":"type-product","3":"status-publish","4":"has-post-thumbnail","6":"product_cat-accessories","7":"product_cat-threshold-profiles","9":"first","10":"onbackorder","11":"taxable","12":"shipping-taxable","13":"purchasable","14":"product-type-simple"},"acf":[],"yoast_head":"<!-- This site is optimized with the Yoast SEO plugin v27.3 - https:\/\/yoast.com\/product\/yoast-seo-wordpress\/ -->\n<title>Quick-Step Incizo threshold profile for parquet 1451 &#8211; Parketa Sala<\/title>\n<meta name=\"robots\" content=\"index,follow\" \/>\n<link rel=\"canonical\" href=\"https:\/\/parketasala.lv\/en\/product\/quick-step-incizo-threshold-profile-for-parquet-1451\/\" \/>\n<meta property=\"og:locale\" content=\"en_US\" \/>\n<meta property=\"og:type\" content=\"article\" \/>\n<meta property=\"og:title\" content=\"Quick-Step Incizo threshold profile for parquet 1451 &#8211; Parketa Sala\" \/>\n<meta property=\"og:description\" content=\"The Quick-Step Incizo profile is extremely handy for giving your floors and stairs a flawless finish. You can use the same profile in all finishing situations: between two floor coverings of the same height between different altitudes (level 0) transition to a wall or window Simply cut the Incizo base profile into the desired shape [&hellip;]\" \/>\n<meta property=\"og:url\" content=\"https:\/\/parketasala.lv\/en\/product\/quick-step-incizo-threshold-profile-for-parquet-1451\/\" \/>\n<meta property=\"og:site_name\" content=\"Parketa Sala\" \/>\n<meta property=\"article:publisher\" content=\"https:\/\/www.facebook.com\/parketasala\/\" \/>\n<meta property=\"article:modified_time\" content=\"2025-03-21T08:04:09+00:00\" \/>\n<meta property=\"og:image\" content=\"https:\/\/parketasala.lv\/wp-content\/uploads\/2020\/03\/QSWINCP01451_IncizoProfile01.jpg\" \/>\n\t<meta property=\"og:image:width\" content=\"1280\" \/>\n\t<meta property=\"og:image:height\" content=\"1280\" \/>\n\t<meta property=\"og:image:type\" content=\"image\/jpeg\" \/>\n<meta name=\"twitter:card\" content=\"summary_large_image\" \/>\n<script type=\"application\/ld+json\" class=\"yoast-schema-graph\">{\"@context\":\"https:\\\/\\\/schema.org\",\"@graph\":[{\"@type\":\"WebPage\",\"@id\":\"https:\\\/\\\/parketasala.lv\\\/en\\\/product\\\/quick-step-incizo-threshold-profile-for-parquet-1451\\\/\",\"url\":\"https:\\\/\\\/parketasala.lv\\\/en\\\/product\\\/quick-step-incizo-threshold-profile-for-parquet-1451\\\/\",\"name\":\"Quick-Step Incizo threshold profile for parquet 1451 &#8211; Parketa Sala\",\"isPartOf\":{\"@id\":\"https:\\\/\\\/parketasala.lv\\\/en\\\/#website\"},\"primaryImageOfPage\":{\"@id\":\"https:\\\/\\\/parketasala.lv\\\/en\\\/product\\\/quick-step-incizo-threshold-profile-for-parquet-1451\\\/#primaryimage\"},\"image\":{\"@id\":\"https:\\\/\\\/parketasala.lv\\\/en\\\/product\\\/quick-step-incizo-threshold-profile-for-parquet-1451\\\/#primaryimage\"},\"thumbnailUrl\":\"https:\\\/\\\/parketasala.lv\\\/wp-content\\\/uploads\\\/2020\\\/03\\\/QSWINCP01451_IncizoProfile01.jpg\",\"datePublished\":\"2020-03-05T15:02:10+00:00\",\"dateModified\":\"2025-03-21T08:04:09+00:00\",\"breadcrumb\":{\"@id\":\"https:\\\/\\\/parketasala.lv\\\/en\\\/product\\\/quick-step-incizo-threshold-profile-for-parquet-1451\\\/#breadcrumb\"},\"inLanguage\":\"en-US\",\"potentialAction\":[{\"@type\":\"ReadAction\",\"target\":[\"https:\\\/\\\/parketasala.lv\\\/en\\\/product\\\/quick-step-incizo-threshold-profile-for-parquet-1451\\\/\"]}]},{\"@type\":\"ImageObject\",\"inLanguage\":\"en-US\",\"@id\":\"https:\\\/\\\/parketasala.lv\\\/en\\\/product\\\/quick-step-incizo-threshold-profile-for-parquet-1451\\\/#primaryimage\",\"url\":\"https:\\\/\\\/parketasala.lv\\\/wp-content\\\/uploads\\\/2020\\\/03\\\/QSWINCP01451_IncizoProfile01.jpg\",\"contentUrl\":\"https:\\\/\\\/parketasala.lv\\\/wp-content\\\/uploads\\\/2020\\\/03\\\/QSWINCP01451_IncizoProfile01.jpg\",\"width\":1280,\"height\":1280,\"caption\":\"Quick-Step Incizo threshold profile for parquet QSWINCP01451\"},{\"@type\":\"BreadcrumbList\",\"@id\":\"https:\\\/\\\/parketasala.lv\\\/en\\\/product\\\/quick-step-incizo-threshold-profile-for-parquet-1451\\\/#breadcrumb\",\"itemListElement\":[{\"@type\":\"ListItem\",\"position\":1,\"name\":\"Home\",\"item\":\"https:\\\/\\\/parketasala.lv\\\/en\\\/home\\\/\"},{\"@type\":\"ListItem\",\"position\":2,\"name\":\"Shop\",\"item\":\"https:\\\/\\\/parketasala.lv\\\/en\\\/shop\\\/\"},{\"@type\":\"ListItem\",\"position\":3,\"name\":\"Quick-Step Incizo threshold profile for parquet 1451\"}]},{\"@type\":\"WebSite\",\"@id\":\"https:\\\/\\\/parketasala.lv\\\/en\\\/#website\",\"url\":\"https:\\\/\\\/parketasala.lv\\\/en\\\/\",\"name\":\"Parketa Sala\",\"description\":\"Pla&scaron;s lamin\u0101ta, vinila, parketa un kor\u0137a gr\u012bdu kl\u0101sts\",\"publisher\":{\"@id\":\"https:\\\/\\\/parketasala.lv\\\/en\\\/#organization\"},\"potentialAction\":[{\"@type\":\"SearchAction\",\"target\":{\"@type\":\"EntryPoint\",\"urlTemplate\":\"https:\\\/\\\/parketasala.lv\\\/en\\\/?s={search_term_string}\"},\"query-input\":{\"@type\":\"PropertyValueSpecification\",\"valueRequired\":true,\"valueName\":\"search_term_string\"}}],\"inLanguage\":\"en-US\"},{\"@type\":\"Organization\",\"@id\":\"https:\\\/\\\/parketasala.lv\\\/en\\\/#organization\",\"name\":\"Parketa Sala\",\"url\":\"https:\\\/\\\/parketasala.lv\\\/en\\\/\",\"logo\":{\"@type\":\"ImageObject\",\"inLanguage\":\"en-US\",\"@id\":\"https:\\\/\\\/parketasala.lv\\\/en\\\/#\\\/schema\\\/logo\\\/image\\\/\",\"url\":\"https:\\\/\\\/parketasala.lv\\\/wp-content\\\/uploads\\\/2019\\\/12\\\/Logo-x3.png\",\"contentUrl\":\"https:\\\/\\\/parketasala.lv\\\/wp-content\\\/uploads\\\/2019\\\/12\\\/Logo-x3.png\",\"width\":660,\"height\":137,\"caption\":\"Parketa Sala\"},\"image\":{\"@id\":\"https:\\\/\\\/parketasala.lv\\\/en\\\/#\\\/schema\\\/logo\\\/image\\\/\"},\"sameAs\":[\"https:\\\/\\\/www.facebook.com\\\/parketasala\\\/\",\"https:\\\/\\\/www.instagram.com\\\/parketasala\\\/\"]}]}<\/script>\n<!-- \/ Yoast SEO plugin. -->","yoast_head_json":{"title":"Quick-Step Incizo threshold profile for parquet 1451 &#8211; Parketa Sala","robots":{"index,follow":"index,follow"},"canonical":"https:\/\/parketasala.lv\/en\/product\/quick-step-incizo-threshold-profile-for-parquet-1451\/","og_locale":"en_US","og_type":"article","og_title":"Quick-Step Incizo threshold profile for parquet 1451 &#8211; Parketa Sala","og_description":"The Quick-Step Incizo profile is extremely handy for giving your floors and stairs a flawless finish. You can use the same profile in all finishing situations: between two floor coverings of the same height between different altitudes (level 0) transition to a wall or window Simply cut the Incizo base profile into the desired shape [&hellip;]","og_url":"https:\/\/parketasala.lv\/en\/product\/quick-step-incizo-threshold-profile-for-parquet-1451\/","og_site_name":"Parketa Sala","article_publisher":"https:\/\/www.facebook.com\/parketasala\/","article_modified_time":"2025-03-21T08:04:09+00:00","og_image":[{"width":1280,"height":1280,"url":"https:\/\/parketasala.lv\/wp-content\/uploads\/2020\/03\/QSWINCP01451_IncizoProfile01.jpg","type":"image\/jpeg"}],"twitter_card":"summary_large_image","schema":{"@context":"https:\/\/schema.org","@graph":[{"@type":"WebPage","@id":"https:\/\/parketasala.lv\/en\/product\/quick-step-incizo-threshold-profile-for-parquet-1451\/","url":"https:\/\/parketasala.lv\/en\/product\/quick-step-incizo-threshold-profile-for-parquet-1451\/","name":"Quick-Step Incizo threshold profile for parquet 1451 &#8211; Parketa Sala","isPartOf":{"@id":"https:\/\/parketasala.lv\/en\/#website"},"primaryImageOfPage":{"@id":"https:\/\/parketasala.lv\/en\/product\/quick-step-incizo-threshold-profile-for-parquet-1451\/#primaryimage"},"image":{"@id":"https:\/\/parketasala.lv\/en\/product\/quick-step-incizo-threshold-profile-for-parquet-1451\/#primaryimage"},"thumbnailUrl":"https:\/\/parketasala.lv\/wp-content\/uploads\/2020\/03\/QSWINCP01451_IncizoProfile01.jpg","datePublished":"2020-03-05T15:02:10+00:00","dateModified":"2025-03-21T08:04:09+00:00","breadcrumb":{"@id":"https:\/\/parketasala.lv\/en\/product\/quick-step-incizo-threshold-profile-for-parquet-1451\/#breadcrumb"},"inLanguage":"en-US","potentialAction":[{"@type":"ReadAction","target":["https:\/\/parketasala.lv\/en\/product\/quick-step-incizo-threshold-profile-for-parquet-1451\/"]}]},{"@type":"ImageObject","inLanguage":"en-US","@id":"https:\/\/parketasala.lv\/en\/product\/quick-step-incizo-threshold-profile-for-parquet-1451\/#primaryimage","url":"https:\/\/parketasala.lv\/wp-content\/uploads\/2020\/03\/QSWINCP01451_IncizoProfile01.jpg","contentUrl":"https:\/\/parketasala.lv\/wp-content\/uploads\/2020\/03\/QSWINCP01451_IncizoProfile01.jpg","width":1280,"height":1280,"caption":"Quick-Step Incizo threshold profile for parquet QSWINCP01451"},{"@type":"BreadcrumbList","@id":"https:\/\/parketasala.lv\/en\/product\/quick-step-incizo-threshold-profile-for-parquet-1451\/#breadcrumb","itemListElement":[{"@type":"ListItem","position":1,"name":"Home","item":"https:\/\/parketasala.lv\/en\/home\/"},{"@type":"ListItem","position":2,"name":"Shop","item":"https:\/\/parketasala.lv\/en\/shop\/"},{"@type":"ListItem","position":3,"name":"Quick-Step Incizo threshold profile for parquet 1451"}]},{"@type":"WebSite","@id":"https:\/\/parketasala.lv\/en\/#website","url":"https:\/\/parketasala.lv\/en\/","name":"Parketa Sala","description":"Pla&scaron;s lamin\u0101ta, vinila, parketa un kor\u0137a gr\u012bdu kl\u0101sts","publisher":{"@id":"https:\/\/parketasala.lv\/en\/#organization"},"potentialAction":[{"@type":"SearchAction","target":{"@type":"EntryPoint","urlTemplate":"https:\/\/parketasala.lv\/en\/?s={search_term_string}"},"query-input":{"@type":"PropertyValueSpecification","valueRequired":true,"valueName":"search_term_string"}}],"inLanguage":"en-US"},{"@type":"Organization","@id":"https:\/\/parketasala.lv\/en\/#organization","name":"Parketa Sala","url":"https:\/\/parketasala.lv\/en\/","logo":{"@type":"ImageObject","inLanguage":"en-US","@id":"https:\/\/parketasala.lv\/en\/#\/schema\/logo\/image\/","url":"https:\/\/parketasala.lv\/wp-content\/uploads\/2019\/12\/Logo-x3.png","contentUrl":"https:\/\/parketasala.lv\/wp-content\/uploads\/2019\/12\/Logo-x3.png","width":660,"height":137,"caption":"Parketa Sala"},"image":{"@id":"https:\/\/parketasala.lv\/en\/#\/schema\/logo\/image\/"},"sameAs":["https:\/\/www.facebook.com\/parketasala\/","https:\/\/www.instagram.com\/parketasala\/"]}]}},"_links":{"self":[{"href":"https:\/\/parketasala.lv\/en\/wp-json\/wp\/v2\/product\/22218","targetHints":{"allow":["GET"]}}],"collection":[{"href":"https:\/\/parketasala.lv\/en\/wp-json\/wp\/v2\/product"}],"about":[{"href":"https:\/\/parketasala.lv\/en\/wp-json\/wp\/v2\/types\/product"}],"wp:featuredmedia":[{"embeddable":true,"href":"https:\/\/parketasala.lv\/en\/wp-json\/wp\/v2\/media\/14120"}],"wp:attachment":[{"href":"https:\/\/parketasala.lv\/en\/wp-json\/wp\/v2\/media?parent=22218"}],"wp:term":[{"taxonomy":"product_brand","embeddable":true,"href":"https:\/\/parketasala.lv\/en\/wp-json\/wp\/v2\/product_brand?post=22218"},{"taxonomy":"product_cat","embeddable":true,"href":"https:\/\/parketasala.lv\/en\/wp-json\/wp\/v2\/product_cat?post=22218"},{"taxonomy":"product_tag","embeddable":true,"href":"https:\/\/parketasala.lv\/en\/wp-json\/wp\/v2\/product_tag?post=22218"}],"curies":[{"name":"wp","href":"https:\/\/api.w.org\/{rel}","templated":true}]}}