{"id":22202,"date":"2020-03-11T15:33:28","date_gmt":"2020-03-11T15:33:28","guid":{"rendered":"https:\/\/parketasala.lv\/product\/step-outer-profile-for-moduleo-adhesive-vinyl-floors\/"},"modified":"2025-03-21T08:03:18","modified_gmt":"2025-03-21T08:03:18","slug":"step-outer-profile-for-moduleo-adhesive-vinyl-floors","status":"publish","type":"product","link":"https:\/\/parketasala.lv\/en\/product\/step-outer-profile-for-moduleo-adhesive-vinyl-floors\/","title":{"rendered":"Step outer profile for Moduleo adhesive vinyl floors"},"content":{"rendered":"<p>The step profile is a simple and durable solution for finishing the outer corners of Moduleo <strong>adhesive-backed<\/strong> vinyl flooring steps.<\/p>\n","protected":false},"excerpt":{"rendered":"<p>The step profile is a simple and durable solution for finishing the outer corners of Moduleo adhesive-backed vinyl flooring steps.<\/p>\n","protected":false},"featured_media":14175,"template":"","meta":{"_acf_changed":false},"product_brand":[],"product_cat":[424,448],"product_tag":[],"class_list":{"0":"post-22202","1":"product","2":"type-product","3":"status-publish","4":"has-post-thumbnail","6":"product_cat-accessories","7":"product_cat-threshold-profiles","9":"first","10":"onbackorder","11":"taxable","12":"shipping-taxable","13":"purchasable","14":"product-type-simple"},"acf":[],"yoast_head":"<!-- This site is optimized with the Yoast SEO plugin v27.3 - https:\/\/yoast.com\/product\/yoast-seo-wordpress\/ -->\n<title>Step outer profile for Moduleo adhesive vinyl floors &#8211; Parketa Sala<\/title>\n<meta name=\"robots\" content=\"index,follow\" \/>\n<link rel=\"canonical\" href=\"https:\/\/parketasala.lv\/en\/product\/step-outer-profile-for-moduleo-adhesive-vinyl-floors\/\" \/>\n<meta property=\"og:locale\" content=\"en_US\" \/>\n<meta property=\"og:type\" content=\"article\" \/>\n<meta property=\"og:title\" content=\"Step outer profile for Moduleo adhesive vinyl floors &#8211; Parketa Sala\" \/>\n<meta property=\"og:description\" content=\"The step profile is a simple and durable solution for finishing the outer corners of Moduleo adhesive-backed vinyl flooring steps.\" \/>\n<meta property=\"og:url\" content=\"https:\/\/parketasala.lv\/en\/product\/step-outer-profile-for-moduleo-adhesive-vinyl-floors\/\" \/>\n<meta property=\"og:site_name\" content=\"Parketa Sala\" \/>\n<meta property=\"article:publisher\" content=\"https:\/\/www.facebook.com\/parketasala\/\" \/>\n<meta property=\"article:modified_time\" content=\"2025-03-21T08:03:18+00:00\" \/>\n<meta property=\"og:image\" content=\"https:\/\/parketasala.lv\/wp-content\/uploads\/2020\/03\/STAIR-NOSING_OUTER-CORNER_DRYBACK_15209-1024x780.jpg\" \/>\n\t<meta property=\"og:image:width\" content=\"1024\" \/>\n\t<meta property=\"og:image:height\" content=\"780\" \/>\n\t<meta property=\"og:image:type\" content=\"image\/jpeg\" \/>\n<meta name=\"twitter:card\" content=\"summary_large_image\" \/>\n<script type=\"application\/ld+json\" class=\"yoast-schema-graph\">{\"@context\":\"https:\\\/\\\/schema.org\",\"@graph\":[{\"@type\":\"WebPage\",\"@id\":\"https:\\\/\\\/parketasala.lv\\\/en\\\/product\\\/step-outer-profile-for-moduleo-adhesive-vinyl-floors\\\/\",\"url\":\"https:\\\/\\\/parketasala.lv\\\/en\\\/product\\\/step-outer-profile-for-moduleo-adhesive-vinyl-floors\\\/\",\"name\":\"Step outer profile for Moduleo adhesive vinyl floors &#8211; Parketa Sala\",\"isPartOf\":{\"@id\":\"https:\\\/\\\/parketasala.lv\\\/en\\\/#website\"},\"primaryImageOfPage\":{\"@id\":\"https:\\\/\\\/parketasala.lv\\\/en\\\/product\\\/step-outer-profile-for-moduleo-adhesive-vinyl-floors\\\/#primaryimage\"},\"image\":{\"@id\":\"https:\\\/\\\/parketasala.lv\\\/en\\\/product\\\/step-outer-profile-for-moduleo-adhesive-vinyl-floors\\\/#primaryimage\"},\"thumbnailUrl\":\"https:\\\/\\\/parketasala.lv\\\/wp-content\\\/uploads\\\/2020\\\/03\\\/STAIR-NOSING_OUTER-CORNER_DRYBACK_15209.jpg\",\"datePublished\":\"2020-03-11T15:33:28+00:00\",\"dateModified\":\"2025-03-21T08:03:18+00:00\",\"breadcrumb\":{\"@id\":\"https:\\\/\\\/parketasala.lv\\\/en\\\/product\\\/step-outer-profile-for-moduleo-adhesive-vinyl-floors\\\/#breadcrumb\"},\"inLanguage\":\"en-US\",\"potentialAction\":[{\"@type\":\"ReadAction\",\"target\":[\"https:\\\/\\\/parketasala.lv\\\/en\\\/product\\\/step-outer-profile-for-moduleo-adhesive-vinyl-floors\\\/\"]}]},{\"@type\":\"ImageObject\",\"inLanguage\":\"en-US\",\"@id\":\"https:\\\/\\\/parketasala.lv\\\/en\\\/product\\\/step-outer-profile-for-moduleo-adhesive-vinyl-floors\\\/#primaryimage\",\"url\":\"https:\\\/\\\/parketasala.lv\\\/wp-content\\\/uploads\\\/2020\\\/03\\\/STAIR-NOSING_OUTER-CORNER_DRYBACK_15209.jpg\",\"contentUrl\":\"https:\\\/\\\/parketasala.lv\\\/wp-content\\\/uploads\\\/2020\\\/03\\\/STAIR-NOSING_OUTER-CORNER_DRYBACK_15209.jpg\",\"width\":2559,\"height\":1949,\"caption\":\"xtrafloor profile for external corner\"},{\"@type\":\"BreadcrumbList\",\"@id\":\"https:\\\/\\\/parketasala.lv\\\/en\\\/product\\\/step-outer-profile-for-moduleo-adhesive-vinyl-floors\\\/#breadcrumb\",\"itemListElement\":[{\"@type\":\"ListItem\",\"position\":1,\"name\":\"Home\",\"item\":\"https:\\\/\\\/parketasala.lv\\\/en\\\/home\\\/\"},{\"@type\":\"ListItem\",\"position\":2,\"name\":\"Shop\",\"item\":\"https:\\\/\\\/parketasala.lv\\\/en\\\/shop\\\/\"},{\"@type\":\"ListItem\",\"position\":3,\"name\":\"Step outer profile for Moduleo adhesive vinyl floors\"}]},{\"@type\":\"WebSite\",\"@id\":\"https:\\\/\\\/parketasala.lv\\\/en\\\/#website\",\"url\":\"https:\\\/\\\/parketasala.lv\\\/en\\\/\",\"name\":\"Parketa Sala\",\"description\":\"Pla&scaron;s lamin\u0101ta, vinila, parketa un kor\u0137a gr\u012bdu kl\u0101sts\",\"publisher\":{\"@id\":\"https:\\\/\\\/parketasala.lv\\\/en\\\/#organization\"},\"potentialAction\":[{\"@type\":\"SearchAction\",\"target\":{\"@type\":\"EntryPoint\",\"urlTemplate\":\"https:\\\/\\\/parketasala.lv\\\/en\\\/?s={search_term_string}\"},\"query-input\":{\"@type\":\"PropertyValueSpecification\",\"valueRequired\":true,\"valueName\":\"search_term_string\"}}],\"inLanguage\":\"en-US\"},{\"@type\":\"Organization\",\"@id\":\"https:\\\/\\\/parketasala.lv\\\/en\\\/#organization\",\"name\":\"Parketa Sala\",\"url\":\"https:\\\/\\\/parketasala.lv\\\/en\\\/\",\"logo\":{\"@type\":\"ImageObject\",\"inLanguage\":\"en-US\",\"@id\":\"https:\\\/\\\/parketasala.lv\\\/en\\\/#\\\/schema\\\/logo\\\/image\\\/\",\"url\":\"https:\\\/\\\/parketasala.lv\\\/wp-content\\\/uploads\\\/2019\\\/12\\\/Logo-x3.png\",\"contentUrl\":\"https:\\\/\\\/parketasala.lv\\\/wp-content\\\/uploads\\\/2019\\\/12\\\/Logo-x3.png\",\"width\":660,\"height\":137,\"caption\":\"Parketa Sala\"},\"image\":{\"@id\":\"https:\\\/\\\/parketasala.lv\\\/en\\\/#\\\/schema\\\/logo\\\/image\\\/\"},\"sameAs\":[\"https:\\\/\\\/www.facebook.com\\\/parketasala\\\/\",\"https:\\\/\\\/www.instagram.com\\\/parketasala\\\/\"]}]}<\/script>\n<!-- \/ Yoast SEO plugin. -->","yoast_head_json":{"title":"Step outer profile for Moduleo adhesive vinyl floors &#8211; Parketa Sala","robots":{"index,follow":"index,follow"},"canonical":"https:\/\/parketasala.lv\/en\/product\/step-outer-profile-for-moduleo-adhesive-vinyl-floors\/","og_locale":"en_US","og_type":"article","og_title":"Step outer profile for Moduleo adhesive vinyl floors &#8211; Parketa Sala","og_description":"The step profile is a simple and durable solution for finishing the outer corners of Moduleo adhesive-backed vinyl flooring steps.","og_url":"https:\/\/parketasala.lv\/en\/product\/step-outer-profile-for-moduleo-adhesive-vinyl-floors\/","og_site_name":"Parketa Sala","article_publisher":"https:\/\/www.facebook.com\/parketasala\/","article_modified_time":"2025-03-21T08:03:18+00:00","og_image":[{"width":1024,"height":780,"url":"https:\/\/parketasala.lv\/wp-content\/uploads\/2020\/03\/STAIR-NOSING_OUTER-CORNER_DRYBACK_15209-1024x780.jpg","type":"image\/jpeg"}],"twitter_card":"summary_large_image","schema":{"@context":"https:\/\/schema.org","@graph":[{"@type":"WebPage","@id":"https:\/\/parketasala.lv\/en\/product\/step-outer-profile-for-moduleo-adhesive-vinyl-floors\/","url":"https:\/\/parketasala.lv\/en\/product\/step-outer-profile-for-moduleo-adhesive-vinyl-floors\/","name":"Step outer profile for Moduleo adhesive vinyl floors &#8211; Parketa Sala","isPartOf":{"@id":"https:\/\/parketasala.lv\/en\/#website"},"primaryImageOfPage":{"@id":"https:\/\/parketasala.lv\/en\/product\/step-outer-profile-for-moduleo-adhesive-vinyl-floors\/#primaryimage"},"image":{"@id":"https:\/\/parketasala.lv\/en\/product\/step-outer-profile-for-moduleo-adhesive-vinyl-floors\/#primaryimage"},"thumbnailUrl":"https:\/\/parketasala.lv\/wp-content\/uploads\/2020\/03\/STAIR-NOSING_OUTER-CORNER_DRYBACK_15209.jpg","datePublished":"2020-03-11T15:33:28+00:00","dateModified":"2025-03-21T08:03:18+00:00","breadcrumb":{"@id":"https:\/\/parketasala.lv\/en\/product\/step-outer-profile-for-moduleo-adhesive-vinyl-floors\/#breadcrumb"},"inLanguage":"en-US","potentialAction":[{"@type":"ReadAction","target":["https:\/\/parketasala.lv\/en\/product\/step-outer-profile-for-moduleo-adhesive-vinyl-floors\/"]}]},{"@type":"ImageObject","inLanguage":"en-US","@id":"https:\/\/parketasala.lv\/en\/product\/step-outer-profile-for-moduleo-adhesive-vinyl-floors\/#primaryimage","url":"https:\/\/parketasala.lv\/wp-content\/uploads\/2020\/03\/STAIR-NOSING_OUTER-CORNER_DRYBACK_15209.jpg","contentUrl":"https:\/\/parketasala.lv\/wp-content\/uploads\/2020\/03\/STAIR-NOSING_OUTER-CORNER_DRYBACK_15209.jpg","width":2559,"height":1949,"caption":"xtrafloor profile for external corner"},{"@type":"BreadcrumbList","@id":"https:\/\/parketasala.lv\/en\/product\/step-outer-profile-for-moduleo-adhesive-vinyl-floors\/#breadcrumb","itemListElement":[{"@type":"ListItem","position":1,"name":"Home","item":"https:\/\/parketasala.lv\/en\/home\/"},{"@type":"ListItem","position":2,"name":"Shop","item":"https:\/\/parketasala.lv\/en\/shop\/"},{"@type":"ListItem","position":3,"name":"Step outer profile for Moduleo adhesive vinyl floors"}]},{"@type":"WebSite","@id":"https:\/\/parketasala.lv\/en\/#website","url":"https:\/\/parketasala.lv\/en\/","name":"Parketa Sala","description":"Pla&scaron;s lamin\u0101ta, vinila, parketa un kor\u0137a gr\u012bdu kl\u0101sts","publisher":{"@id":"https:\/\/parketasala.lv\/en\/#organization"},"potentialAction":[{"@type":"SearchAction","target":{"@type":"EntryPoint","urlTemplate":"https:\/\/parketasala.lv\/en\/?s={search_term_string}"},"query-input":{"@type":"PropertyValueSpecification","valueRequired":true,"valueName":"search_term_string"}}],"inLanguage":"en-US"},{"@type":"Organization","@id":"https:\/\/parketasala.lv\/en\/#organization","name":"Parketa Sala","url":"https:\/\/parketasala.lv\/en\/","logo":{"@type":"ImageObject","inLanguage":"en-US","@id":"https:\/\/parketasala.lv\/en\/#\/schema\/logo\/image\/","url":"https:\/\/parketasala.lv\/wp-content\/uploads\/2019\/12\/Logo-x3.png","contentUrl":"https:\/\/parketasala.lv\/wp-content\/uploads\/2019\/12\/Logo-x3.png","width":660,"height":137,"caption":"Parketa Sala"},"image":{"@id":"https:\/\/parketasala.lv\/en\/#\/schema\/logo\/image\/"},"sameAs":["https:\/\/www.facebook.com\/parketasala\/","https:\/\/www.instagram.com\/parketasala\/"]}]}},"_links":{"self":[{"href":"https:\/\/parketasala.lv\/en\/wp-json\/wp\/v2\/product\/22202","targetHints":{"allow":["GET"]}}],"collection":[{"href":"https:\/\/parketasala.lv\/en\/wp-json\/wp\/v2\/product"}],"about":[{"href":"https:\/\/parketasala.lv\/en\/wp-json\/wp\/v2\/types\/product"}],"wp:featuredmedia":[{"embeddable":true,"href":"https:\/\/parketasala.lv\/en\/wp-json\/wp\/v2\/media\/14175"}],"wp:attachment":[{"href":"https:\/\/parketasala.lv\/en\/wp-json\/wp\/v2\/media?parent=22202"}],"wp:term":[{"taxonomy":"product_brand","embeddable":true,"href":"https:\/\/parketasala.lv\/en\/wp-json\/wp\/v2\/product_brand?post=22202"},{"taxonomy":"product_cat","embeddable":true,"href":"https:\/\/parketasala.lv\/en\/wp-json\/wp\/v2\/product_cat?post=22202"},{"taxonomy":"product_tag","embeddable":true,"href":"https:\/\/parketasala.lv\/en\/wp-json\/wp\/v2\/product_tag?post=22202"}],"curies":[{"name":"wp","href":"https:\/\/api.w.org\/{rel}","templated":true}]}}