{"id":22117,"date":"2020-04-03T13:56:19","date_gmt":"2020-04-03T13:56:19","guid":{"rendered":"https:\/\/parketasala.lv\/product\/quick-step-livyn-glue-15-kg\/"},"modified":"2025-03-21T08:22:56","modified_gmt":"2025-03-21T08:22:56","slug":"quick-step-livyn-glue-15-kg","status":"publish","type":"product","link":"https:\/\/parketasala.lv\/en\/product\/quick-step-livyn-glue-15-kg\/","title":{"rendered":"Quick-Step Livyn Glue 15 kg"},"content":{"rendered":"<p>High quality acrylic adhesive developed for Quick-Step Livyn flooring.<\/p>\n<p>Intended for:<\/p>\n<ul>\n<li>For homogeneous, heterogeneous PVC floorings and rubber floorings (up to 2,5 mm thick)<\/li>\n<li>For indoor use<\/li>\n<li>For underfloor heating<\/li>\n<\/ul>\n<p>Features:<\/p>\n<ul>\n<li>very easy to apply<\/li>\n<li>without solvent<\/li>\n<li>fibre-reinforced and suitable for bonding porous floor coverings<\/li>\n<li>good initial grip<\/li>\n<li>strong final grip<\/li>\n<li>solvent-free<\/li>\n<li>Consumption: 250 &#8211; 350 g\/m\u00b2<\/li>\n<li>Environmentally friendly product due to low emissions<\/li>\n<\/ul>\n<p>The package (15 kg) is designed for approximately 50.00m2.<\/p>\n","protected":false},"excerpt":{"rendered":"<p>High quality acrylic adhesive developed for Quick-Step Livyn flooring. Intended for: For homogeneous, heterogeneous PVC floorings and rubber floorings (up to 2,5 mm thick) For indoor use For underfloor heating Features: very easy to apply without solvent fibre-reinforced and suitable for bonding porous floor coverings good initial grip strong final grip solvent-free Consumption: 250 &#8211; [&hellip;]<\/p>\n","protected":false},"featured_media":19318,"template":"","meta":{"_acf_changed":false},"product_brand":[],"product_cat":[424,540],"product_tag":[],"class_list":{"0":"post-22117","1":"product","2":"type-product","3":"status-publish","4":"has-post-thumbnail","6":"product_cat-accessories","7":"product_cat-adhesives","9":"first","10":"onbackorder","11":"taxable","12":"shipping-taxable","13":"purchasable","14":"product-type-simple"},"acf":[],"yoast_head":"<!-- This site is optimized with the Yoast SEO plugin v27.3 - https:\/\/yoast.com\/product\/yoast-seo-wordpress\/ -->\n<title>Quick-Step Livyn Glue 15 kg &#8211; Parketa Sala<\/title>\n<meta name=\"robots\" content=\"index,follow\" \/>\n<link rel=\"canonical\" href=\"https:\/\/parketasala.lv\/en\/product\/quick-step-livyn-glue-15-kg\/\" \/>\n<meta property=\"og:locale\" content=\"en_US\" \/>\n<meta property=\"og:type\" content=\"article\" \/>\n<meta property=\"og:title\" content=\"Quick-Step Livyn Glue 15 kg &#8211; Parketa Sala\" \/>\n<meta property=\"og:description\" content=\"High quality acrylic adhesive developed for Quick-Step Livyn flooring. Intended for: For homogeneous, heterogeneous PVC floorings and rubber floorings (up to 2,5 mm thick) For indoor use For underfloor heating Features: very easy to apply without solvent fibre-reinforced and suitable for bonding porous floor coverings good initial grip strong final grip solvent-free Consumption: 250 &#8211; [&hellip;]\" \/>\n<meta property=\"og:url\" content=\"https:\/\/parketasala.lv\/en\/product\/quick-step-livyn-glue-15-kg\/\" \/>\n<meta property=\"og:site_name\" content=\"Parketa Sala\" \/>\n<meta property=\"article:publisher\" content=\"https:\/\/www.facebook.com\/parketasala\/\" \/>\n<meta property=\"article:modified_time\" content=\"2025-03-21T08:22:56+00:00\" \/>\n<meta property=\"og:image\" content=\"https:\/\/parketasala.lv\/wp-content\/uploads\/2023\/03\/QSVGLUE15A-2-scaled.jpg\" \/>\n\t<meta property=\"og:image:width\" content=\"2560\" \/>\n\t<meta property=\"og:image:height\" content=\"1707\" \/>\n\t<meta property=\"og:image:type\" content=\"image\/jpeg\" \/>\n<meta name=\"twitter:card\" content=\"summary_large_image\" \/>\n<script type=\"application\/ld+json\" class=\"yoast-schema-graph\">{\"@context\":\"https:\\\/\\\/schema.org\",\"@graph\":[{\"@type\":\"WebPage\",\"@id\":\"https:\\\/\\\/parketasala.lv\\\/en\\\/product\\\/quick-step-livyn-glue-15-kg\\\/\",\"url\":\"https:\\\/\\\/parketasala.lv\\\/en\\\/product\\\/quick-step-livyn-glue-15-kg\\\/\",\"name\":\"Quick-Step Livyn Glue 15 kg &#8211; Parketa Sala\",\"isPartOf\":{\"@id\":\"https:\\\/\\\/parketasala.lv\\\/en\\\/#website\"},\"primaryImageOfPage\":{\"@id\":\"https:\\\/\\\/parketasala.lv\\\/en\\\/product\\\/quick-step-livyn-glue-15-kg\\\/#primaryimage\"},\"image\":{\"@id\":\"https:\\\/\\\/parketasala.lv\\\/en\\\/product\\\/quick-step-livyn-glue-15-kg\\\/#primaryimage\"},\"thumbnailUrl\":\"https:\\\/\\\/parketasala.lv\\\/wp-content\\\/uploads\\\/2023\\\/03\\\/QSVGLUE15A-2-scaled.jpg\",\"datePublished\":\"2020-04-03T13:56:19+00:00\",\"dateModified\":\"2025-03-21T08:22:56+00:00\",\"breadcrumb\":{\"@id\":\"https:\\\/\\\/parketasala.lv\\\/en\\\/product\\\/quick-step-livyn-glue-15-kg\\\/#breadcrumb\"},\"inLanguage\":\"en-US\",\"potentialAction\":[{\"@type\":\"ReadAction\",\"target\":[\"https:\\\/\\\/parketasala.lv\\\/en\\\/product\\\/quick-step-livyn-glue-15-kg\\\/\"]}]},{\"@type\":\"ImageObject\",\"inLanguage\":\"en-US\",\"@id\":\"https:\\\/\\\/parketasala.lv\\\/en\\\/product\\\/quick-step-livyn-glue-15-kg\\\/#primaryimage\",\"url\":\"https:\\\/\\\/parketasala.lv\\\/wp-content\\\/uploads\\\/2023\\\/03\\\/QSVGLUE15A-2-scaled.jpg\",\"contentUrl\":\"https:\\\/\\\/parketasala.lv\\\/wp-content\\\/uploads\\\/2023\\\/03\\\/QSVGLUE15A-2-scaled.jpg\",\"width\":2560,\"height\":1707,\"caption\":\"QSVGLUE15A\"},{\"@type\":\"BreadcrumbList\",\"@id\":\"https:\\\/\\\/parketasala.lv\\\/en\\\/product\\\/quick-step-livyn-glue-15-kg\\\/#breadcrumb\",\"itemListElement\":[{\"@type\":\"ListItem\",\"position\":1,\"name\":\"Home\",\"item\":\"https:\\\/\\\/parketasala.lv\\\/en\\\/home\\\/\"},{\"@type\":\"ListItem\",\"position\":2,\"name\":\"Shop\",\"item\":\"https:\\\/\\\/parketasala.lv\\\/en\\\/shop\\\/\"},{\"@type\":\"ListItem\",\"position\":3,\"name\":\"Quick-Step Livyn Glue 15 kg\"}]},{\"@type\":\"WebSite\",\"@id\":\"https:\\\/\\\/parketasala.lv\\\/en\\\/#website\",\"url\":\"https:\\\/\\\/parketasala.lv\\\/en\\\/\",\"name\":\"Parketa Sala\",\"description\":\"Pla&scaron;s lamin\u0101ta, vinila, parketa un kor\u0137a gr\u012bdu kl\u0101sts\",\"publisher\":{\"@id\":\"https:\\\/\\\/parketasala.lv\\\/en\\\/#organization\"},\"potentialAction\":[{\"@type\":\"SearchAction\",\"target\":{\"@type\":\"EntryPoint\",\"urlTemplate\":\"https:\\\/\\\/parketasala.lv\\\/en\\\/?s={search_term_string}\"},\"query-input\":{\"@type\":\"PropertyValueSpecification\",\"valueRequired\":true,\"valueName\":\"search_term_string\"}}],\"inLanguage\":\"en-US\"},{\"@type\":\"Organization\",\"@id\":\"https:\\\/\\\/parketasala.lv\\\/en\\\/#organization\",\"name\":\"Parketa Sala\",\"url\":\"https:\\\/\\\/parketasala.lv\\\/en\\\/\",\"logo\":{\"@type\":\"ImageObject\",\"inLanguage\":\"en-US\",\"@id\":\"https:\\\/\\\/parketasala.lv\\\/en\\\/#\\\/schema\\\/logo\\\/image\\\/\",\"url\":\"https:\\\/\\\/parketasala.lv\\\/wp-content\\\/uploads\\\/2019\\\/12\\\/Logo-x3.png\",\"contentUrl\":\"https:\\\/\\\/parketasala.lv\\\/wp-content\\\/uploads\\\/2019\\\/12\\\/Logo-x3.png\",\"width\":660,\"height\":137,\"caption\":\"Parketa Sala\"},\"image\":{\"@id\":\"https:\\\/\\\/parketasala.lv\\\/en\\\/#\\\/schema\\\/logo\\\/image\\\/\"},\"sameAs\":[\"https:\\\/\\\/www.facebook.com\\\/parketasala\\\/\",\"https:\\\/\\\/www.instagram.com\\\/parketasala\\\/\"]}]}<\/script>\n<!-- \/ Yoast SEO plugin. -->","yoast_head_json":{"title":"Quick-Step Livyn Glue 15 kg &#8211; Parketa Sala","robots":{"index,follow":"index,follow"},"canonical":"https:\/\/parketasala.lv\/en\/product\/quick-step-livyn-glue-15-kg\/","og_locale":"en_US","og_type":"article","og_title":"Quick-Step Livyn Glue 15 kg &#8211; Parketa Sala","og_description":"High quality acrylic adhesive developed for Quick-Step Livyn flooring. Intended for: For homogeneous, heterogeneous PVC floorings and rubber floorings (up to 2,5 mm thick) For indoor use For underfloor heating Features: very easy to apply without solvent fibre-reinforced and suitable for bonding porous floor coverings good initial grip strong final grip solvent-free Consumption: 250 &#8211; [&hellip;]","og_url":"https:\/\/parketasala.lv\/en\/product\/quick-step-livyn-glue-15-kg\/","og_site_name":"Parketa Sala","article_publisher":"https:\/\/www.facebook.com\/parketasala\/","article_modified_time":"2025-03-21T08:22:56+00:00","og_image":[{"width":2560,"height":1707,"url":"https:\/\/parketasala.lv\/wp-content\/uploads\/2023\/03\/QSVGLUE15A-2-scaled.jpg","type":"image\/jpeg"}],"twitter_card":"summary_large_image","schema":{"@context":"https:\/\/schema.org","@graph":[{"@type":"WebPage","@id":"https:\/\/parketasala.lv\/en\/product\/quick-step-livyn-glue-15-kg\/","url":"https:\/\/parketasala.lv\/en\/product\/quick-step-livyn-glue-15-kg\/","name":"Quick-Step Livyn Glue 15 kg &#8211; Parketa Sala","isPartOf":{"@id":"https:\/\/parketasala.lv\/en\/#website"},"primaryImageOfPage":{"@id":"https:\/\/parketasala.lv\/en\/product\/quick-step-livyn-glue-15-kg\/#primaryimage"},"image":{"@id":"https:\/\/parketasala.lv\/en\/product\/quick-step-livyn-glue-15-kg\/#primaryimage"},"thumbnailUrl":"https:\/\/parketasala.lv\/wp-content\/uploads\/2023\/03\/QSVGLUE15A-2-scaled.jpg","datePublished":"2020-04-03T13:56:19+00:00","dateModified":"2025-03-21T08:22:56+00:00","breadcrumb":{"@id":"https:\/\/parketasala.lv\/en\/product\/quick-step-livyn-glue-15-kg\/#breadcrumb"},"inLanguage":"en-US","potentialAction":[{"@type":"ReadAction","target":["https:\/\/parketasala.lv\/en\/product\/quick-step-livyn-glue-15-kg\/"]}]},{"@type":"ImageObject","inLanguage":"en-US","@id":"https:\/\/parketasala.lv\/en\/product\/quick-step-livyn-glue-15-kg\/#primaryimage","url":"https:\/\/parketasala.lv\/wp-content\/uploads\/2023\/03\/QSVGLUE15A-2-scaled.jpg","contentUrl":"https:\/\/parketasala.lv\/wp-content\/uploads\/2023\/03\/QSVGLUE15A-2-scaled.jpg","width":2560,"height":1707,"caption":"QSVGLUE15A"},{"@type":"BreadcrumbList","@id":"https:\/\/parketasala.lv\/en\/product\/quick-step-livyn-glue-15-kg\/#breadcrumb","itemListElement":[{"@type":"ListItem","position":1,"name":"Home","item":"https:\/\/parketasala.lv\/en\/home\/"},{"@type":"ListItem","position":2,"name":"Shop","item":"https:\/\/parketasala.lv\/en\/shop\/"},{"@type":"ListItem","position":3,"name":"Quick-Step Livyn Glue 15 kg"}]},{"@type":"WebSite","@id":"https:\/\/parketasala.lv\/en\/#website","url":"https:\/\/parketasala.lv\/en\/","name":"Parketa Sala","description":"Pla&scaron;s lamin\u0101ta, vinila, parketa un kor\u0137a gr\u012bdu kl\u0101sts","publisher":{"@id":"https:\/\/parketasala.lv\/en\/#organization"},"potentialAction":[{"@type":"SearchAction","target":{"@type":"EntryPoint","urlTemplate":"https:\/\/parketasala.lv\/en\/?s={search_term_string}"},"query-input":{"@type":"PropertyValueSpecification","valueRequired":true,"valueName":"search_term_string"}}],"inLanguage":"en-US"},{"@type":"Organization","@id":"https:\/\/parketasala.lv\/en\/#organization","name":"Parketa Sala","url":"https:\/\/parketasala.lv\/en\/","logo":{"@type":"ImageObject","inLanguage":"en-US","@id":"https:\/\/parketasala.lv\/en\/#\/schema\/logo\/image\/","url":"https:\/\/parketasala.lv\/wp-content\/uploads\/2019\/12\/Logo-x3.png","contentUrl":"https:\/\/parketasala.lv\/wp-content\/uploads\/2019\/12\/Logo-x3.png","width":660,"height":137,"caption":"Parketa Sala"},"image":{"@id":"https:\/\/parketasala.lv\/en\/#\/schema\/logo\/image\/"},"sameAs":["https:\/\/www.facebook.com\/parketasala\/","https:\/\/www.instagram.com\/parketasala\/"]}]}},"_links":{"self":[{"href":"https:\/\/parketasala.lv\/en\/wp-json\/wp\/v2\/product\/22117","targetHints":{"allow":["GET"]}}],"collection":[{"href":"https:\/\/parketasala.lv\/en\/wp-json\/wp\/v2\/product"}],"about":[{"href":"https:\/\/parketasala.lv\/en\/wp-json\/wp\/v2\/types\/product"}],"wp:featuredmedia":[{"embeddable":true,"href":"https:\/\/parketasala.lv\/en\/wp-json\/wp\/v2\/media\/19318"}],"wp:attachment":[{"href":"https:\/\/parketasala.lv\/en\/wp-json\/wp\/v2\/media?parent=22117"}],"wp:term":[{"taxonomy":"product_brand","embeddable":true,"href":"https:\/\/parketasala.lv\/en\/wp-json\/wp\/v2\/product_brand?post=22117"},{"taxonomy":"product_cat","embeddable":true,"href":"https:\/\/parketasala.lv\/en\/wp-json\/wp\/v2\/product_cat?post=22117"},{"taxonomy":"product_tag","embeddable":true,"href":"https:\/\/parketasala.lv\/en\/wp-json\/wp\/v2\/product_tag?post=22117"}],"curies":[{"name":"wp","href":"https:\/\/api.w.org\/{rel}","templated":true}]}}