{"id":22104,"date":"2020-04-18T09:36:48","date_gmt":"2020-04-18T09:36:48","guid":{"rendered":"https:\/\/parketasala.lv\/product\/haro-oak-vintage-oak-15802200-mm\/"},"modified":"2025-03-21T08:22:51","modified_gmt":"2025-03-21T08:22:51","slug":"haro-oak-vintage-oak-15802200-mm","status":"publish","type":"product","link":"https:\/\/parketasala.lv\/en\/product\/haro-oak-vintage-oak-15802200-mm\/","title":{"rendered":"HARO Oak Vintage Oak 15*80*2200 mm"},"content":{"rendered":"<p>HARO skirting boards are the natural choice if you are installing HARO laminate, as they are perfectly matched to the flooring. Due to the wide range of shades, it is also possible to find a matching colour for floors from other manufacturers that do not offer the original skirting boards. <\/p>\n","protected":false},"excerpt":{"rendered":"<p>HARO skirting boards are the natural choice if you are installing HARO laminate, as they are perfectly matched to the flooring. Due to the wide range of shades, it is also possible to find a matching colour for floors from other manufacturers that do not offer the original skirting boards.<\/p>\n","protected":false},"featured_media":14448,"template":"","meta":{"_acf_changed":false},"product_brand":[],"product_cat":[402],"product_tag":[],"class_list":{"0":"post-22104","1":"product","2":"type-product","3":"status-publish","4":"has-post-thumbnail","6":"product_cat-uncategorized","8":"first","9":"onbackorder","10":"taxable","11":"shipping-taxable","12":"purchasable","13":"product-type-simple"},"acf":[],"yoast_head":"<!-- This site is optimized with the Yoast SEO plugin v27.3 - https:\/\/yoast.com\/product\/yoast-seo-wordpress\/ -->\n<title>HARO Oak Vintage Oak 15*80*2200 mm &#8211; Parketa Sala<\/title>\n<meta name=\"robots\" content=\"index,follow\" \/>\n<link rel=\"canonical\" href=\"https:\/\/parketasala.lv\/en\/product\/haro-oak-vintage-oak-15802200-mm\/\" \/>\n<meta property=\"og:locale\" content=\"en_US\" \/>\n<meta property=\"og:type\" content=\"article\" \/>\n<meta property=\"og:title\" content=\"HARO Oak Vintage Oak 15*80*2200 mm &#8211; Parketa Sala\" \/>\n<meta property=\"og:description\" content=\"HARO skirting boards are the natural choice if you are installing HARO laminate, as they are perfectly matched to the flooring. Due to the wide range of shades, it is also possible to find a matching colour for floors from other manufacturers that do not offer the original skirting boards.\" \/>\n<meta property=\"og:url\" content=\"https:\/\/parketasala.lv\/en\/product\/haro-oak-vintage-oak-15802200-mm\/\" \/>\n<meta property=\"og:site_name\" content=\"Parketa Sala\" \/>\n<meta property=\"article:publisher\" content=\"https:\/\/www.facebook.com\/parketasala\/\" \/>\n<meta property=\"article:modified_time\" content=\"2025-03-21T08:22:51+00:00\" \/>\n<meta property=\"og:image\" content=\"https:\/\/parketasala.lv\/wp-content\/uploads\/2020\/04\/408646_Stecksockelleiste_15x80mm-Kubus_24m-MDF-foliert_Eiche-Altholz_PLZ.jpg\" \/>\n\t<meta property=\"og:image:width\" content=\"1000\" \/>\n\t<meta property=\"og:image:height\" content=\"1000\" \/>\n\t<meta property=\"og:image:type\" content=\"image\/jpeg\" \/>\n<meta name=\"twitter:card\" content=\"summary_large_image\" \/>\n<script type=\"application\/ld+json\" class=\"yoast-schema-graph\">{\"@context\":\"https:\\\/\\\/schema.org\",\"@graph\":[{\"@type\":\"WebPage\",\"@id\":\"https:\\\/\\\/parketasala.lv\\\/en\\\/product\\\/haro-oak-vintage-oak-15802200-mm\\\/\",\"url\":\"https:\\\/\\\/parketasala.lv\\\/en\\\/product\\\/haro-oak-vintage-oak-15802200-mm\\\/\",\"name\":\"HARO Oak Vintage Oak 15*80*2200 mm &#8211; Parketa Sala\",\"isPartOf\":{\"@id\":\"https:\\\/\\\/parketasala.lv\\\/en\\\/#website\"},\"primaryImageOfPage\":{\"@id\":\"https:\\\/\\\/parketasala.lv\\\/en\\\/product\\\/haro-oak-vintage-oak-15802200-mm\\\/#primaryimage\"},\"image\":{\"@id\":\"https:\\\/\\\/parketasala.lv\\\/en\\\/product\\\/haro-oak-vintage-oak-15802200-mm\\\/#primaryimage\"},\"thumbnailUrl\":\"https:\\\/\\\/parketasala.lv\\\/wp-content\\\/uploads\\\/2020\\\/04\\\/408646_Stecksockelleiste_15x80mm-Kubus_24m-MDF-foliert_Eiche-Altholz_PLZ.jpg\",\"datePublished\":\"2020-04-18T09:36:48+00:00\",\"dateModified\":\"2025-03-21T08:22:51+00:00\",\"breadcrumb\":{\"@id\":\"https:\\\/\\\/parketasala.lv\\\/en\\\/product\\\/haro-oak-vintage-oak-15802200-mm\\\/#breadcrumb\"},\"inLanguage\":\"en-US\",\"potentialAction\":[{\"@type\":\"ReadAction\",\"target\":[\"https:\\\/\\\/parketasala.lv\\\/en\\\/product\\\/haro-oak-vintage-oak-15802200-mm\\\/\"]}]},{\"@type\":\"ImageObject\",\"inLanguage\":\"en-US\",\"@id\":\"https:\\\/\\\/parketasala.lv\\\/en\\\/product\\\/haro-oak-vintage-oak-15802200-mm\\\/#primaryimage\",\"url\":\"https:\\\/\\\/parketasala.lv\\\/wp-content\\\/uploads\\\/2020\\\/04\\\/408646_Stecksockelleiste_15x80mm-Kubus_24m-MDF-foliert_Eiche-Altholz_PLZ.jpg\",\"contentUrl\":\"https:\\\/\\\/parketasala.lv\\\/wp-content\\\/uploads\\\/2020\\\/04\\\/408646_Stecksockelleiste_15x80mm-Kubus_24m-MDF-foliert_Eiche-Altholz_PLZ.jpg\",\"width\":1000,\"height\":1000,\"caption\":\"mdf floor tile 15*80mm vintage oak\"},{\"@type\":\"BreadcrumbList\",\"@id\":\"https:\\\/\\\/parketasala.lv\\\/en\\\/product\\\/haro-oak-vintage-oak-15802200-mm\\\/#breadcrumb\",\"itemListElement\":[{\"@type\":\"ListItem\",\"position\":1,\"name\":\"Home\",\"item\":\"https:\\\/\\\/parketasala.lv\\\/en\\\/home\\\/\"},{\"@type\":\"ListItem\",\"position\":2,\"name\":\"Shop\",\"item\":\"https:\\\/\\\/parketasala.lv\\\/en\\\/shop\\\/\"},{\"@type\":\"ListItem\",\"position\":3,\"name\":\"HARO Oak Vintage Oak 15*80*2200 mm\"}]},{\"@type\":\"WebSite\",\"@id\":\"https:\\\/\\\/parketasala.lv\\\/en\\\/#website\",\"url\":\"https:\\\/\\\/parketasala.lv\\\/en\\\/\",\"name\":\"Parketa Sala\",\"description\":\"Pla&scaron;s lamin\u0101ta, vinila, parketa un kor\u0137a gr\u012bdu kl\u0101sts\",\"publisher\":{\"@id\":\"https:\\\/\\\/parketasala.lv\\\/en\\\/#organization\"},\"potentialAction\":[{\"@type\":\"SearchAction\",\"target\":{\"@type\":\"EntryPoint\",\"urlTemplate\":\"https:\\\/\\\/parketasala.lv\\\/en\\\/?s={search_term_string}\"},\"query-input\":{\"@type\":\"PropertyValueSpecification\",\"valueRequired\":true,\"valueName\":\"search_term_string\"}}],\"inLanguage\":\"en-US\"},{\"@type\":\"Organization\",\"@id\":\"https:\\\/\\\/parketasala.lv\\\/en\\\/#organization\",\"name\":\"Parketa Sala\",\"url\":\"https:\\\/\\\/parketasala.lv\\\/en\\\/\",\"logo\":{\"@type\":\"ImageObject\",\"inLanguage\":\"en-US\",\"@id\":\"https:\\\/\\\/parketasala.lv\\\/en\\\/#\\\/schema\\\/logo\\\/image\\\/\",\"url\":\"https:\\\/\\\/parketasala.lv\\\/wp-content\\\/uploads\\\/2019\\\/12\\\/Logo-x3.png\",\"contentUrl\":\"https:\\\/\\\/parketasala.lv\\\/wp-content\\\/uploads\\\/2019\\\/12\\\/Logo-x3.png\",\"width\":660,\"height\":137,\"caption\":\"Parketa Sala\"},\"image\":{\"@id\":\"https:\\\/\\\/parketasala.lv\\\/en\\\/#\\\/schema\\\/logo\\\/image\\\/\"},\"sameAs\":[\"https:\\\/\\\/www.facebook.com\\\/parketasala\\\/\",\"https:\\\/\\\/www.instagram.com\\\/parketasala\\\/\"]}]}<\/script>\n<!-- \/ Yoast SEO plugin. -->","yoast_head_json":{"title":"HARO Oak Vintage Oak 15*80*2200 mm &#8211; Parketa Sala","robots":{"index,follow":"index,follow"},"canonical":"https:\/\/parketasala.lv\/en\/product\/haro-oak-vintage-oak-15802200-mm\/","og_locale":"en_US","og_type":"article","og_title":"HARO Oak Vintage Oak 15*80*2200 mm &#8211; Parketa Sala","og_description":"HARO skirting boards are the natural choice if you are installing HARO laminate, as they are perfectly matched to the flooring. Due to the wide range of shades, it is also possible to find a matching colour for floors from other manufacturers that do not offer the original skirting boards.","og_url":"https:\/\/parketasala.lv\/en\/product\/haro-oak-vintage-oak-15802200-mm\/","og_site_name":"Parketa Sala","article_publisher":"https:\/\/www.facebook.com\/parketasala\/","article_modified_time":"2025-03-21T08:22:51+00:00","og_image":[{"width":1000,"height":1000,"url":"https:\/\/parketasala.lv\/wp-content\/uploads\/2020\/04\/408646_Stecksockelleiste_15x80mm-Kubus_24m-MDF-foliert_Eiche-Altholz_PLZ.jpg","type":"image\/jpeg"}],"twitter_card":"summary_large_image","schema":{"@context":"https:\/\/schema.org","@graph":[{"@type":"WebPage","@id":"https:\/\/parketasala.lv\/en\/product\/haro-oak-vintage-oak-15802200-mm\/","url":"https:\/\/parketasala.lv\/en\/product\/haro-oak-vintage-oak-15802200-mm\/","name":"HARO Oak Vintage Oak 15*80*2200 mm &#8211; Parketa Sala","isPartOf":{"@id":"https:\/\/parketasala.lv\/en\/#website"},"primaryImageOfPage":{"@id":"https:\/\/parketasala.lv\/en\/product\/haro-oak-vintage-oak-15802200-mm\/#primaryimage"},"image":{"@id":"https:\/\/parketasala.lv\/en\/product\/haro-oak-vintage-oak-15802200-mm\/#primaryimage"},"thumbnailUrl":"https:\/\/parketasala.lv\/wp-content\/uploads\/2020\/04\/408646_Stecksockelleiste_15x80mm-Kubus_24m-MDF-foliert_Eiche-Altholz_PLZ.jpg","datePublished":"2020-04-18T09:36:48+00:00","dateModified":"2025-03-21T08:22:51+00:00","breadcrumb":{"@id":"https:\/\/parketasala.lv\/en\/product\/haro-oak-vintage-oak-15802200-mm\/#breadcrumb"},"inLanguage":"en-US","potentialAction":[{"@type":"ReadAction","target":["https:\/\/parketasala.lv\/en\/product\/haro-oak-vintage-oak-15802200-mm\/"]}]},{"@type":"ImageObject","inLanguage":"en-US","@id":"https:\/\/parketasala.lv\/en\/product\/haro-oak-vintage-oak-15802200-mm\/#primaryimage","url":"https:\/\/parketasala.lv\/wp-content\/uploads\/2020\/04\/408646_Stecksockelleiste_15x80mm-Kubus_24m-MDF-foliert_Eiche-Altholz_PLZ.jpg","contentUrl":"https:\/\/parketasala.lv\/wp-content\/uploads\/2020\/04\/408646_Stecksockelleiste_15x80mm-Kubus_24m-MDF-foliert_Eiche-Altholz_PLZ.jpg","width":1000,"height":1000,"caption":"mdf floor tile 15*80mm vintage oak"},{"@type":"BreadcrumbList","@id":"https:\/\/parketasala.lv\/en\/product\/haro-oak-vintage-oak-15802200-mm\/#breadcrumb","itemListElement":[{"@type":"ListItem","position":1,"name":"Home","item":"https:\/\/parketasala.lv\/en\/home\/"},{"@type":"ListItem","position":2,"name":"Shop","item":"https:\/\/parketasala.lv\/en\/shop\/"},{"@type":"ListItem","position":3,"name":"HARO Oak Vintage Oak 15*80*2200 mm"}]},{"@type":"WebSite","@id":"https:\/\/parketasala.lv\/en\/#website","url":"https:\/\/parketasala.lv\/en\/","name":"Parketa Sala","description":"Pla&scaron;s lamin\u0101ta, vinila, parketa un kor\u0137a gr\u012bdu kl\u0101sts","publisher":{"@id":"https:\/\/parketasala.lv\/en\/#organization"},"potentialAction":[{"@type":"SearchAction","target":{"@type":"EntryPoint","urlTemplate":"https:\/\/parketasala.lv\/en\/?s={search_term_string}"},"query-input":{"@type":"PropertyValueSpecification","valueRequired":true,"valueName":"search_term_string"}}],"inLanguage":"en-US"},{"@type":"Organization","@id":"https:\/\/parketasala.lv\/en\/#organization","name":"Parketa Sala","url":"https:\/\/parketasala.lv\/en\/","logo":{"@type":"ImageObject","inLanguage":"en-US","@id":"https:\/\/parketasala.lv\/en\/#\/schema\/logo\/image\/","url":"https:\/\/parketasala.lv\/wp-content\/uploads\/2019\/12\/Logo-x3.png","contentUrl":"https:\/\/parketasala.lv\/wp-content\/uploads\/2019\/12\/Logo-x3.png","width":660,"height":137,"caption":"Parketa Sala"},"image":{"@id":"https:\/\/parketasala.lv\/en\/#\/schema\/logo\/image\/"},"sameAs":["https:\/\/www.facebook.com\/parketasala\/","https:\/\/www.instagram.com\/parketasala\/"]}]}},"_links":{"self":[{"href":"https:\/\/parketasala.lv\/en\/wp-json\/wp\/v2\/product\/22104","targetHints":{"allow":["GET"]}}],"collection":[{"href":"https:\/\/parketasala.lv\/en\/wp-json\/wp\/v2\/product"}],"about":[{"href":"https:\/\/parketasala.lv\/en\/wp-json\/wp\/v2\/types\/product"}],"wp:featuredmedia":[{"embeddable":true,"href":"https:\/\/parketasala.lv\/en\/wp-json\/wp\/v2\/media\/14448"}],"wp:attachment":[{"href":"https:\/\/parketasala.lv\/en\/wp-json\/wp\/v2\/media?parent=22104"}],"wp:term":[{"taxonomy":"product_brand","embeddable":true,"href":"https:\/\/parketasala.lv\/en\/wp-json\/wp\/v2\/product_brand?post=22104"},{"taxonomy":"product_cat","embeddable":true,"href":"https:\/\/parketasala.lv\/en\/wp-json\/wp\/v2\/product_cat?post=22104"},{"taxonomy":"product_tag","embeddable":true,"href":"https:\/\/parketasala.lv\/en\/wp-json\/wp\/v2\/product_tag?post=22104"}],"curies":[{"name":"wp","href":"https:\/\/api.w.org\/{rel}","templated":true}]}}