{"id":22057,"date":"2020-01-30T13:28:28","date_gmt":"2020-01-30T13:28:28","guid":{"rendered":"https:\/\/parketasala.lv\/product\/quick-step-laminate-majestic-valley-oak-light-beige\/"},"modified":"2025-05-24T09:21:02","modified_gmt":"2025-05-24T09:21:02","slug":"quick-step-laminate-majestic-valley-oak-light-beige","status":"publish","type":"product","link":"https:\/\/parketasala.lv\/en\/product\/quick-step-laminate-majestic-valley-oak-light-beige\/","title":{"rendered":"Quick-Step laminate Majestic Valley Oak Light Beige"},"content":{"rendered":"<p>Give your interior a majestic look with the longest, widest and most luxurious laminate from Quick-Step ever. The natural lines, grooves and branches of the wood are perfectly imitated, making it almost impossible to distinguish laminate from real wood. <\/p>\n<p>Quick-Step gives you all the benefits of laminate with the aesthetics of real wood.<\/p>\n<ul>\n<li><strong>HydroSeal<\/strong><\/li>\n<\/ul>\n<p>The new Quick-Step Majestic collection is made of a water-resistant base plate and coated with the water-repellent &#8220;HydroSeal&#8221; coating (on the grooves). Thanks to this coating, spilled water forms droplets on the floor surface which can be easily wiped away. <\/p>\n<p>This ensures excellent protection against moisture.<\/p>\n<p>Thanks to these features, Majestic is perfect for every room in your home &#8211; even the kitchen, bathroom or hallway!<\/p>\n<ul>\n<li><strong>Scratch Guard<\/strong><\/li>\n<\/ul>\n<p>This floor has a scratch-resistant top layer called Scratch Guard, which acts as a barrier between pet nails, dragged furniture, scratches and other common potentially damaging activities that are a fact of life.<\/p>\n<h4>Quick-Step <a href=\"https:\/\/parketasala.lv\/en\/product\/quick-step-polyethylene-foam-sheet\/\" target=\"_blank\" rel=\"noopener noreferrer\">PE tape<\/a> and <a href=\"https:\/\/parketasala.lv\/en\/product\/quick-step-silicone-sealant-hydrokit\/\" target=\"_blank\" rel=\"noopener noreferrer\">Hydrokit<\/a> are mandatory to ensure the 10-year warranty of Impressive and Majestic laminate in rooms with high humidity.<\/h4>\n","protected":false},"excerpt":{"rendered":"<p>Give your interior a majestic look with the longest, widest and most luxurious laminate from Quick-Step ever. The natural lines, grooves and branches of the wood are perfectly imitated, making it almost impossible to distinguish laminate from real wood. Quick-Step gives you all the benefits of laminate with the aesthetics of real wood. HydroSeal The [&hellip;]<\/p>\n","protected":false},"featured_media":30694,"template":"","meta":{"_acf_changed":false},"product_brand":[],"product_cat":[423,437,439,440,425,438],"product_tag":[],"class_list":{"0":"post-22057","1":"product","2":"type-product","3":"status-publish","4":"has-post-thumbnail","6":"product_cat-laminate-floor-coverings","7":"product_cat-laminate-for-wet-rooms","8":"product_cat-laminate-shares","9":"product_cat-quick-step-laminate","10":"product_cat-wooden-design","11":"product_cat-xl-laminate","13":"first","14":"onbackorder","15":"sale","16":"taxable","17":"shipping-taxable","18":"purchasable","19":"product-type-simple"},"acf":[],"yoast_head":"<!-- This site is optimized with the Yoast SEO plugin v27.3 - https:\/\/yoast.com\/product\/yoast-seo-wordpress\/ -->\n<title>Quick-Step laminate Majestic Valley Oak Light Beige &#8211; Parketa Sala<\/title>\n<meta name=\"robots\" content=\"index,follow\" \/>\n<link rel=\"canonical\" href=\"https:\/\/parketasala.lv\/en\/product\/quick-step-laminate-majestic-valley-oak-light-beige\/\" \/>\n<meta property=\"og:locale\" content=\"en_US\" \/>\n<meta property=\"og:type\" content=\"article\" \/>\n<meta property=\"og:title\" content=\"Quick-Step laminate Majestic Valley Oak Light Beige &#8211; Parketa Sala\" \/>\n<meta property=\"og:description\" content=\"Give your interior a majestic look with the longest, widest and most luxurious laminate from Quick-Step ever. The natural lines, grooves and branches of the wood are perfectly imitated, making it almost impossible to distinguish laminate from real wood. Quick-Step gives you all the benefits of laminate with the aesthetics of real wood. HydroSeal The [&hellip;]\" \/>\n<meta property=\"og:url\" content=\"https:\/\/parketasala.lv\/en\/product\/quick-step-laminate-majestic-valley-oak-light-beige\/\" \/>\n<meta property=\"og:site_name\" content=\"Parketa Sala\" \/>\n<meta property=\"article:publisher\" content=\"https:\/\/www.facebook.com\/parketasala\/\" \/>\n<meta property=\"article:modified_time\" content=\"2025-05-24T09:21:02+00:00\" \/>\n<meta property=\"og:image\" content=\"https:\/\/parketasala.lv\/wp-content\/uploads\/2020\/01\/MJ3554-Interior-2-scaled.jpg\" \/>\n\t<meta property=\"og:image:width\" content=\"2560\" \/>\n\t<meta property=\"og:image:height\" content=\"1707\" \/>\n\t<meta property=\"og:image:type\" content=\"image\/jpeg\" \/>\n<meta name=\"twitter:card\" content=\"summary_large_image\" \/>\n<meta name=\"twitter:label1\" content=\"Est. reading time\" \/>\n\t<meta name=\"twitter:data1\" content=\"1 minute\" \/>\n<script type=\"application\/ld+json\" class=\"yoast-schema-graph\">{\"@context\":\"https:\\\/\\\/schema.org\",\"@graph\":[{\"@type\":\"WebPage\",\"@id\":\"https:\\\/\\\/parketasala.lv\\\/en\\\/product\\\/quick-step-laminate-majestic-valley-oak-light-beige\\\/\",\"url\":\"https:\\\/\\\/parketasala.lv\\\/en\\\/product\\\/quick-step-laminate-majestic-valley-oak-light-beige\\\/\",\"name\":\"Quick-Step laminate Majestic Valley Oak Light Beige &#8211; Parketa Sala\",\"isPartOf\":{\"@id\":\"https:\\\/\\\/parketasala.lv\\\/en\\\/#website\"},\"primaryImageOfPage\":{\"@id\":\"https:\\\/\\\/parketasala.lv\\\/en\\\/product\\\/quick-step-laminate-majestic-valley-oak-light-beige\\\/#primaryimage\"},\"image\":{\"@id\":\"https:\\\/\\\/parketasala.lv\\\/en\\\/product\\\/quick-step-laminate-majestic-valley-oak-light-beige\\\/#primaryimage\"},\"thumbnailUrl\":\"https:\\\/\\\/parketasala.lv\\\/wp-content\\\/uploads\\\/2025\\\/09\\\/MJ3554_Interior04_USP.jpg\",\"datePublished\":\"2020-01-30T13:28:28+00:00\",\"dateModified\":\"2025-05-24T09:21:02+00:00\",\"breadcrumb\":{\"@id\":\"https:\\\/\\\/parketasala.lv\\\/en\\\/product\\\/quick-step-laminate-majestic-valley-oak-light-beige\\\/#breadcrumb\"},\"inLanguage\":\"en-US\",\"potentialAction\":[{\"@type\":\"ReadAction\",\"target\":[\"https:\\\/\\\/parketasala.lv\\\/en\\\/product\\\/quick-step-laminate-majestic-valley-oak-light-beige\\\/\"]}]},{\"@type\":\"ImageObject\",\"inLanguage\":\"en-US\",\"@id\":\"https:\\\/\\\/parketasala.lv\\\/en\\\/product\\\/quick-step-laminate-majestic-valley-oak-light-beige\\\/#primaryimage\",\"url\":\"https:\\\/\\\/parketasala.lv\\\/wp-content\\\/uploads\\\/2025\\\/09\\\/MJ3554_Interior04_USP.jpg\",\"contentUrl\":\"https:\\\/\\\/parketasala.lv\\\/wp-content\\\/uploads\\\/2025\\\/09\\\/MJ3554_Interior04_USP.jpg\",\"width\":1280,\"height\":854,\"caption\":\"Quick-Step lamin\u0101ts Majestic Valley Oak Light Beige MJ3554 32. klase\"},{\"@type\":\"BreadcrumbList\",\"@id\":\"https:\\\/\\\/parketasala.lv\\\/en\\\/product\\\/quick-step-laminate-majestic-valley-oak-light-beige\\\/#breadcrumb\",\"itemListElement\":[{\"@type\":\"ListItem\",\"position\":1,\"name\":\"Home\",\"item\":\"https:\\\/\\\/parketasala.lv\\\/en\\\/home\\\/\"},{\"@type\":\"ListItem\",\"position\":2,\"name\":\"Shop\",\"item\":\"https:\\\/\\\/parketasala.lv\\\/en\\\/shop\\\/\"},{\"@type\":\"ListItem\",\"position\":3,\"name\":\"Quick-Step laminate Majestic Valley Oak Light Beige\"}]},{\"@type\":\"WebSite\",\"@id\":\"https:\\\/\\\/parketasala.lv\\\/en\\\/#website\",\"url\":\"https:\\\/\\\/parketasala.lv\\\/en\\\/\",\"name\":\"Parketa Sala\",\"description\":\"Pla&scaron;s lamin\u0101ta, vinila, parketa un kor\u0137a gr\u012bdu kl\u0101sts\",\"publisher\":{\"@id\":\"https:\\\/\\\/parketasala.lv\\\/en\\\/#organization\"},\"potentialAction\":[{\"@type\":\"SearchAction\",\"target\":{\"@type\":\"EntryPoint\",\"urlTemplate\":\"https:\\\/\\\/parketasala.lv\\\/en\\\/?s={search_term_string}\"},\"query-input\":{\"@type\":\"PropertyValueSpecification\",\"valueRequired\":true,\"valueName\":\"search_term_string\"}}],\"inLanguage\":\"en-US\"},{\"@type\":\"Organization\",\"@id\":\"https:\\\/\\\/parketasala.lv\\\/en\\\/#organization\",\"name\":\"Parketa Sala\",\"url\":\"https:\\\/\\\/parketasala.lv\\\/en\\\/\",\"logo\":{\"@type\":\"ImageObject\",\"inLanguage\":\"en-US\",\"@id\":\"https:\\\/\\\/parketasala.lv\\\/en\\\/#\\\/schema\\\/logo\\\/image\\\/\",\"url\":\"https:\\\/\\\/parketasala.lv\\\/wp-content\\\/uploads\\\/2019\\\/12\\\/Logo-x3.png\",\"contentUrl\":\"https:\\\/\\\/parketasala.lv\\\/wp-content\\\/uploads\\\/2019\\\/12\\\/Logo-x3.png\",\"width\":660,\"height\":137,\"caption\":\"Parketa Sala\"},\"image\":{\"@id\":\"https:\\\/\\\/parketasala.lv\\\/en\\\/#\\\/schema\\\/logo\\\/image\\\/\"},\"sameAs\":[\"https:\\\/\\\/www.facebook.com\\\/parketasala\\\/\",\"https:\\\/\\\/www.instagram.com\\\/parketasala\\\/\"]}]}<\/script>\n<!-- \/ Yoast SEO plugin. -->","yoast_head_json":{"title":"Quick-Step laminate Majestic Valley Oak Light Beige &#8211; Parketa Sala","robots":{"index,follow":"index,follow"},"canonical":"https:\/\/parketasala.lv\/en\/product\/quick-step-laminate-majestic-valley-oak-light-beige\/","og_locale":"en_US","og_type":"article","og_title":"Quick-Step laminate Majestic Valley Oak Light Beige &#8211; Parketa Sala","og_description":"Give your interior a majestic look with the longest, widest and most luxurious laminate from Quick-Step ever. The natural lines, grooves and branches of the wood are perfectly imitated, making it almost impossible to distinguish laminate from real wood. Quick-Step gives you all the benefits of laminate with the aesthetics of real wood. HydroSeal The [&hellip;]","og_url":"https:\/\/parketasala.lv\/en\/product\/quick-step-laminate-majestic-valley-oak-light-beige\/","og_site_name":"Parketa Sala","article_publisher":"https:\/\/www.facebook.com\/parketasala\/","article_modified_time":"2025-05-24T09:21:02+00:00","og_image":[{"width":2560,"height":1707,"url":"https:\/\/parketasala.lv\/wp-content\/uploads\/2020\/01\/MJ3554-Interior-2-scaled.jpg","type":"image\/jpeg"}],"twitter_card":"summary_large_image","twitter_misc":{"Est. reading time":"1 minute"},"schema":{"@context":"https:\/\/schema.org","@graph":[{"@type":"WebPage","@id":"https:\/\/parketasala.lv\/en\/product\/quick-step-laminate-majestic-valley-oak-light-beige\/","url":"https:\/\/parketasala.lv\/en\/product\/quick-step-laminate-majestic-valley-oak-light-beige\/","name":"Quick-Step laminate Majestic Valley Oak Light Beige &#8211; Parketa Sala","isPartOf":{"@id":"https:\/\/parketasala.lv\/en\/#website"},"primaryImageOfPage":{"@id":"https:\/\/parketasala.lv\/en\/product\/quick-step-laminate-majestic-valley-oak-light-beige\/#primaryimage"},"image":{"@id":"https:\/\/parketasala.lv\/en\/product\/quick-step-laminate-majestic-valley-oak-light-beige\/#primaryimage"},"thumbnailUrl":"https:\/\/parketasala.lv\/wp-content\/uploads\/2025\/09\/MJ3554_Interior04_USP.jpg","datePublished":"2020-01-30T13:28:28+00:00","dateModified":"2025-05-24T09:21:02+00:00","breadcrumb":{"@id":"https:\/\/parketasala.lv\/en\/product\/quick-step-laminate-majestic-valley-oak-light-beige\/#breadcrumb"},"inLanguage":"en-US","potentialAction":[{"@type":"ReadAction","target":["https:\/\/parketasala.lv\/en\/product\/quick-step-laminate-majestic-valley-oak-light-beige\/"]}]},{"@type":"ImageObject","inLanguage":"en-US","@id":"https:\/\/parketasala.lv\/en\/product\/quick-step-laminate-majestic-valley-oak-light-beige\/#primaryimage","url":"https:\/\/parketasala.lv\/wp-content\/uploads\/2025\/09\/MJ3554_Interior04_USP.jpg","contentUrl":"https:\/\/parketasala.lv\/wp-content\/uploads\/2025\/09\/MJ3554_Interior04_USP.jpg","width":1280,"height":854,"caption":"Quick-Step lamin\u0101ts Majestic Valley Oak Light Beige MJ3554 32. klase"},{"@type":"BreadcrumbList","@id":"https:\/\/parketasala.lv\/en\/product\/quick-step-laminate-majestic-valley-oak-light-beige\/#breadcrumb","itemListElement":[{"@type":"ListItem","position":1,"name":"Home","item":"https:\/\/parketasala.lv\/en\/home\/"},{"@type":"ListItem","position":2,"name":"Shop","item":"https:\/\/parketasala.lv\/en\/shop\/"},{"@type":"ListItem","position":3,"name":"Quick-Step laminate Majestic Valley Oak Light Beige"}]},{"@type":"WebSite","@id":"https:\/\/parketasala.lv\/en\/#website","url":"https:\/\/parketasala.lv\/en\/","name":"Parketa Sala","description":"Pla&scaron;s lamin\u0101ta, vinila, parketa un kor\u0137a gr\u012bdu kl\u0101sts","publisher":{"@id":"https:\/\/parketasala.lv\/en\/#organization"},"potentialAction":[{"@type":"SearchAction","target":{"@type":"EntryPoint","urlTemplate":"https:\/\/parketasala.lv\/en\/?s={search_term_string}"},"query-input":{"@type":"PropertyValueSpecification","valueRequired":true,"valueName":"search_term_string"}}],"inLanguage":"en-US"},{"@type":"Organization","@id":"https:\/\/parketasala.lv\/en\/#organization","name":"Parketa Sala","url":"https:\/\/parketasala.lv\/en\/","logo":{"@type":"ImageObject","inLanguage":"en-US","@id":"https:\/\/parketasala.lv\/en\/#\/schema\/logo\/image\/","url":"https:\/\/parketasala.lv\/wp-content\/uploads\/2019\/12\/Logo-x3.png","contentUrl":"https:\/\/parketasala.lv\/wp-content\/uploads\/2019\/12\/Logo-x3.png","width":660,"height":137,"caption":"Parketa Sala"},"image":{"@id":"https:\/\/parketasala.lv\/en\/#\/schema\/logo\/image\/"},"sameAs":["https:\/\/www.facebook.com\/parketasala\/","https:\/\/www.instagram.com\/parketasala\/"]}]}},"_links":{"self":[{"href":"https:\/\/parketasala.lv\/en\/wp-json\/wp\/v2\/product\/22057","targetHints":{"allow":["GET"]}}],"collection":[{"href":"https:\/\/parketasala.lv\/en\/wp-json\/wp\/v2\/product"}],"about":[{"href":"https:\/\/parketasala.lv\/en\/wp-json\/wp\/v2\/types\/product"}],"wp:featuredmedia":[{"embeddable":true,"href":"https:\/\/parketasala.lv\/en\/wp-json\/wp\/v2\/media\/30694"}],"wp:attachment":[{"href":"https:\/\/parketasala.lv\/en\/wp-json\/wp\/v2\/media?parent=22057"}],"wp:term":[{"taxonomy":"product_brand","embeddable":true,"href":"https:\/\/parketasala.lv\/en\/wp-json\/wp\/v2\/product_brand?post=22057"},{"taxonomy":"product_cat","embeddable":true,"href":"https:\/\/parketasala.lv\/en\/wp-json\/wp\/v2\/product_cat?post=22057"},{"taxonomy":"product_tag","embeddable":true,"href":"https:\/\/parketasala.lv\/en\/wp-json\/wp\/v2\/product_tag?post=22057"}],"curies":[{"name":"wp","href":"https:\/\/api.w.org\/{rel}","templated":true}]}}