{"id":21973,"date":"2020-02-05T17:05:03","date_gmt":"2020-02-05T17:05:03","guid":{"rendered":"https:\/\/parketasala.lv\/product\/moduleo-transform-steel-rock-46940-adhesive-vinyl-flooring\/"},"modified":"2025-06-25T12:06:15","modified_gmt":"2025-06-25T12:06:15","slug":"moduleo-transform-steel-rock-46940-adhesive-vinyl-flooring","status":"publish","type":"product","link":"https:\/\/parketasala.lv\/en\/product\/moduleo-transform-steel-rock-46940-adhesive-vinyl-flooring\/","title":{"rendered":"Moduleo Transform Steel Rock 46940 Adhesive vinyl flooring"},"content":{"rendered":"<p>The Transform Collection vinyl floors are suitable for any room in the home, as well as for any public space, as they are resistant to wear class 42 (0.55 mm top layer).  All designs have a four-sided phase, are available with a click system or can be glued. Ideal for replacing cold tiles.  Very low thermal resistance!<\/p>\n<p>&nbsp;<\/p>\n","protected":false},"excerpt":{"rendered":"<p>The Transform Collection vinyl floors are suitable for any room in the home, as well as for any public space, as they are resistant to wear class 42 (0.55 mm top layer). All designs have a four-sided phase, are available with a click system or can be glued. Ideal for replacing cold tiles. Very low [&hellip;]<\/p>\n","protected":false},"featured_media":13155,"template":"","meta":{"_acf_changed":false},"product_brand":[],"product_cat":[470,527,469,467],"product_tag":[],"class_list":{"0":"post-21973","1":"product","2":"type-product","3":"status-publish","4":"has-post-thumbnail","6":"product_cat-moduleo","7":"product_cat-tile-design","8":"product_cat-to-be-downloaded-at","9":"product_cat-vinyl-flooring","11":"first","12":"onbackorder","13":"taxable","14":"shipping-taxable","15":"purchasable","16":"product-type-simple"},"acf":[],"yoast_head":"<!-- This site is optimized with the Yoast SEO plugin v27.3 - https:\/\/yoast.com\/product\/yoast-seo-wordpress\/ -->\n<title>Moduleo Transform Steel Rock 46940 Adhesive vinyl flooring &#8211; Parketa Sala<\/title>\n<meta name=\"robots\" content=\"index,follow\" \/>\n<link rel=\"canonical\" href=\"https:\/\/parketasala.lv\/en\/product\/moduleo-transform-steel-rock-46940-adhesive-vinyl-flooring\/\" \/>\n<meta property=\"og:locale\" content=\"en_US\" \/>\n<meta property=\"og:type\" content=\"article\" \/>\n<meta property=\"og:title\" content=\"Moduleo Transform Steel Rock 46940 Adhesive vinyl flooring &#8211; Parketa Sala\" \/>\n<meta property=\"og:description\" content=\"The Transform Collection vinyl floors are suitable for any room in the home, as well as for any public space, as they are resistant to wear class 42 (0.55 mm top layer). All designs have a four-sided phase, are available with a click system or can be glued. Ideal for replacing cold tiles. Very low [&hellip;]\" \/>\n<meta property=\"og:url\" content=\"https:\/\/parketasala.lv\/en\/product\/moduleo-transform-steel-rock-46940-adhesive-vinyl-flooring\/\" \/>\n<meta property=\"og:site_name\" content=\"Parketa Sala\" \/>\n<meta property=\"article:publisher\" content=\"https:\/\/www.facebook.com\/parketasala\/\" \/>\n<meta property=\"article:modified_time\" content=\"2025-06-25T12:06:15+00:00\" \/>\n<meta property=\"og:image\" content=\"https:\/\/parketasala.lv\/wp-content\/uploads\/2020\/02\/TR_STEELROCK-46940_01_Room_12005-1024x767.jpg\" \/>\n\t<meta property=\"og:image:width\" content=\"1024\" \/>\n\t<meta property=\"og:image:height\" content=\"767\" \/>\n\t<meta property=\"og:image:type\" content=\"image\/jpeg\" \/>\n<meta name=\"twitter:card\" content=\"summary_large_image\" \/>\n<script type=\"application\/ld+json\" class=\"yoast-schema-graph\">{\"@context\":\"https:\\\/\\\/schema.org\",\"@graph\":[{\"@type\":\"WebPage\",\"@id\":\"https:\\\/\\\/parketasala.lv\\\/en\\\/product\\\/moduleo-transform-steel-rock-46940-adhesive-vinyl-flooring\\\/\",\"url\":\"https:\\\/\\\/parketasala.lv\\\/en\\\/product\\\/moduleo-transform-steel-rock-46940-adhesive-vinyl-flooring\\\/\",\"name\":\"Moduleo Transform Steel Rock 46940 Adhesive vinyl flooring &#8211; Parketa Sala\",\"isPartOf\":{\"@id\":\"https:\\\/\\\/parketasala.lv\\\/en\\\/#website\"},\"primaryImageOfPage\":{\"@id\":\"https:\\\/\\\/parketasala.lv\\\/en\\\/product\\\/moduleo-transform-steel-rock-46940-adhesive-vinyl-flooring\\\/#primaryimage\"},\"image\":{\"@id\":\"https:\\\/\\\/parketasala.lv\\\/en\\\/product\\\/moduleo-transform-steel-rock-46940-adhesive-vinyl-flooring\\\/#primaryimage\"},\"thumbnailUrl\":\"https:\\\/\\\/parketasala.lv\\\/wp-content\\\/uploads\\\/2020\\\/02\\\/TR_STEELROCK-46940_01_Room_12005.jpg\",\"datePublished\":\"2020-02-05T17:05:03+00:00\",\"dateModified\":\"2025-06-25T12:06:15+00:00\",\"breadcrumb\":{\"@id\":\"https:\\\/\\\/parketasala.lv\\\/en\\\/product\\\/moduleo-transform-steel-rock-46940-adhesive-vinyl-flooring\\\/#breadcrumb\"},\"inLanguage\":\"en-US\",\"potentialAction\":[{\"@type\":\"ReadAction\",\"target\":[\"https:\\\/\\\/parketasala.lv\\\/en\\\/product\\\/moduleo-transform-steel-rock-46940-adhesive-vinyl-flooring\\\/\"]}]},{\"@type\":\"ImageObject\",\"inLanguage\":\"en-US\",\"@id\":\"https:\\\/\\\/parketasala.lv\\\/en\\\/product\\\/moduleo-transform-steel-rock-46940-adhesive-vinyl-flooring\\\/#primaryimage\",\"url\":\"https:\\\/\\\/parketasala.lv\\\/wp-content\\\/uploads\\\/2020\\\/02\\\/TR_STEELROCK-46940_01_Room_12005.jpg\",\"contentUrl\":\"https:\\\/\\\/parketasala.lv\\\/wp-content\\\/uploads\\\/2020\\\/02\\\/TR_STEELROCK-46940_01_Room_12005.jpg\",\"width\":2559,\"height\":1917,\"caption\":\"Moduleo Transform Steel Rock 46940 Adhesive vinyl flooring\"},{\"@type\":\"BreadcrumbList\",\"@id\":\"https:\\\/\\\/parketasala.lv\\\/en\\\/product\\\/moduleo-transform-steel-rock-46940-adhesive-vinyl-flooring\\\/#breadcrumb\",\"itemListElement\":[{\"@type\":\"ListItem\",\"position\":1,\"name\":\"Home\",\"item\":\"https:\\\/\\\/parketasala.lv\\\/en\\\/home\\\/\"},{\"@type\":\"ListItem\",\"position\":2,\"name\":\"Shop\",\"item\":\"https:\\\/\\\/parketasala.lv\\\/en\\\/shop\\\/\"},{\"@type\":\"ListItem\",\"position\":3,\"name\":\"Moduleo Transform Steel Rock 46940 Adhesive vinyl flooring\"}]},{\"@type\":\"WebSite\",\"@id\":\"https:\\\/\\\/parketasala.lv\\\/en\\\/#website\",\"url\":\"https:\\\/\\\/parketasala.lv\\\/en\\\/\",\"name\":\"Parketa Sala\",\"description\":\"Pla&scaron;s lamin\u0101ta, vinila, parketa un kor\u0137a gr\u012bdu kl\u0101sts\",\"publisher\":{\"@id\":\"https:\\\/\\\/parketasala.lv\\\/en\\\/#organization\"},\"potentialAction\":[{\"@type\":\"SearchAction\",\"target\":{\"@type\":\"EntryPoint\",\"urlTemplate\":\"https:\\\/\\\/parketasala.lv\\\/en\\\/?s={search_term_string}\"},\"query-input\":{\"@type\":\"PropertyValueSpecification\",\"valueRequired\":true,\"valueName\":\"search_term_string\"}}],\"inLanguage\":\"en-US\"},{\"@type\":\"Organization\",\"@id\":\"https:\\\/\\\/parketasala.lv\\\/en\\\/#organization\",\"name\":\"Parketa Sala\",\"url\":\"https:\\\/\\\/parketasala.lv\\\/en\\\/\",\"logo\":{\"@type\":\"ImageObject\",\"inLanguage\":\"en-US\",\"@id\":\"https:\\\/\\\/parketasala.lv\\\/en\\\/#\\\/schema\\\/logo\\\/image\\\/\",\"url\":\"https:\\\/\\\/parketasala.lv\\\/wp-content\\\/uploads\\\/2019\\\/12\\\/Logo-x3.png\",\"contentUrl\":\"https:\\\/\\\/parketasala.lv\\\/wp-content\\\/uploads\\\/2019\\\/12\\\/Logo-x3.png\",\"width\":660,\"height\":137,\"caption\":\"Parketa Sala\"},\"image\":{\"@id\":\"https:\\\/\\\/parketasala.lv\\\/en\\\/#\\\/schema\\\/logo\\\/image\\\/\"},\"sameAs\":[\"https:\\\/\\\/www.facebook.com\\\/parketasala\\\/\",\"https:\\\/\\\/www.instagram.com\\\/parketasala\\\/\"]}]}<\/script>\n<!-- \/ Yoast SEO plugin. -->","yoast_head_json":{"title":"Moduleo Transform Steel Rock 46940 Adhesive vinyl flooring &#8211; Parketa Sala","robots":{"index,follow":"index,follow"},"canonical":"https:\/\/parketasala.lv\/en\/product\/moduleo-transform-steel-rock-46940-adhesive-vinyl-flooring\/","og_locale":"en_US","og_type":"article","og_title":"Moduleo Transform Steel Rock 46940 Adhesive vinyl flooring &#8211; Parketa Sala","og_description":"The Transform Collection vinyl floors are suitable for any room in the home, as well as for any public space, as they are resistant to wear class 42 (0.55 mm top layer). All designs have a four-sided phase, are available with a click system or can be glued. Ideal for replacing cold tiles. Very low [&hellip;]","og_url":"https:\/\/parketasala.lv\/en\/product\/moduleo-transform-steel-rock-46940-adhesive-vinyl-flooring\/","og_site_name":"Parketa Sala","article_publisher":"https:\/\/www.facebook.com\/parketasala\/","article_modified_time":"2025-06-25T12:06:15+00:00","og_image":[{"width":1024,"height":767,"url":"https:\/\/parketasala.lv\/wp-content\/uploads\/2020\/02\/TR_STEELROCK-46940_01_Room_12005-1024x767.jpg","type":"image\/jpeg"}],"twitter_card":"summary_large_image","schema":{"@context":"https:\/\/schema.org","@graph":[{"@type":"WebPage","@id":"https:\/\/parketasala.lv\/en\/product\/moduleo-transform-steel-rock-46940-adhesive-vinyl-flooring\/","url":"https:\/\/parketasala.lv\/en\/product\/moduleo-transform-steel-rock-46940-adhesive-vinyl-flooring\/","name":"Moduleo Transform Steel Rock 46940 Adhesive vinyl flooring &#8211; Parketa Sala","isPartOf":{"@id":"https:\/\/parketasala.lv\/en\/#website"},"primaryImageOfPage":{"@id":"https:\/\/parketasala.lv\/en\/product\/moduleo-transform-steel-rock-46940-adhesive-vinyl-flooring\/#primaryimage"},"image":{"@id":"https:\/\/parketasala.lv\/en\/product\/moduleo-transform-steel-rock-46940-adhesive-vinyl-flooring\/#primaryimage"},"thumbnailUrl":"https:\/\/parketasala.lv\/wp-content\/uploads\/2020\/02\/TR_STEELROCK-46940_01_Room_12005.jpg","datePublished":"2020-02-05T17:05:03+00:00","dateModified":"2025-06-25T12:06:15+00:00","breadcrumb":{"@id":"https:\/\/parketasala.lv\/en\/product\/moduleo-transform-steel-rock-46940-adhesive-vinyl-flooring\/#breadcrumb"},"inLanguage":"en-US","potentialAction":[{"@type":"ReadAction","target":["https:\/\/parketasala.lv\/en\/product\/moduleo-transform-steel-rock-46940-adhesive-vinyl-flooring\/"]}]},{"@type":"ImageObject","inLanguage":"en-US","@id":"https:\/\/parketasala.lv\/en\/product\/moduleo-transform-steel-rock-46940-adhesive-vinyl-flooring\/#primaryimage","url":"https:\/\/parketasala.lv\/wp-content\/uploads\/2020\/02\/TR_STEELROCK-46940_01_Room_12005.jpg","contentUrl":"https:\/\/parketasala.lv\/wp-content\/uploads\/2020\/02\/TR_STEELROCK-46940_01_Room_12005.jpg","width":2559,"height":1917,"caption":"Moduleo Transform Steel Rock 46940 Adhesive vinyl flooring"},{"@type":"BreadcrumbList","@id":"https:\/\/parketasala.lv\/en\/product\/moduleo-transform-steel-rock-46940-adhesive-vinyl-flooring\/#breadcrumb","itemListElement":[{"@type":"ListItem","position":1,"name":"Home","item":"https:\/\/parketasala.lv\/en\/home\/"},{"@type":"ListItem","position":2,"name":"Shop","item":"https:\/\/parketasala.lv\/en\/shop\/"},{"@type":"ListItem","position":3,"name":"Moduleo Transform Steel Rock 46940 Adhesive vinyl flooring"}]},{"@type":"WebSite","@id":"https:\/\/parketasala.lv\/en\/#website","url":"https:\/\/parketasala.lv\/en\/","name":"Parketa Sala","description":"Pla&scaron;s lamin\u0101ta, vinila, parketa un kor\u0137a gr\u012bdu kl\u0101sts","publisher":{"@id":"https:\/\/parketasala.lv\/en\/#organization"},"potentialAction":[{"@type":"SearchAction","target":{"@type":"EntryPoint","urlTemplate":"https:\/\/parketasala.lv\/en\/?s={search_term_string}"},"query-input":{"@type":"PropertyValueSpecification","valueRequired":true,"valueName":"search_term_string"}}],"inLanguage":"en-US"},{"@type":"Organization","@id":"https:\/\/parketasala.lv\/en\/#organization","name":"Parketa Sala","url":"https:\/\/parketasala.lv\/en\/","logo":{"@type":"ImageObject","inLanguage":"en-US","@id":"https:\/\/parketasala.lv\/en\/#\/schema\/logo\/image\/","url":"https:\/\/parketasala.lv\/wp-content\/uploads\/2019\/12\/Logo-x3.png","contentUrl":"https:\/\/parketasala.lv\/wp-content\/uploads\/2019\/12\/Logo-x3.png","width":660,"height":137,"caption":"Parketa Sala"},"image":{"@id":"https:\/\/parketasala.lv\/en\/#\/schema\/logo\/image\/"},"sameAs":["https:\/\/www.facebook.com\/parketasala\/","https:\/\/www.instagram.com\/parketasala\/"]}]}},"_links":{"self":[{"href":"https:\/\/parketasala.lv\/en\/wp-json\/wp\/v2\/product\/21973","targetHints":{"allow":["GET"]}}],"collection":[{"href":"https:\/\/parketasala.lv\/en\/wp-json\/wp\/v2\/product"}],"about":[{"href":"https:\/\/parketasala.lv\/en\/wp-json\/wp\/v2\/types\/product"}],"wp:featuredmedia":[{"embeddable":true,"href":"https:\/\/parketasala.lv\/en\/wp-json\/wp\/v2\/media\/13155"}],"wp:attachment":[{"href":"https:\/\/parketasala.lv\/en\/wp-json\/wp\/v2\/media?parent=21973"}],"wp:term":[{"taxonomy":"product_brand","embeddable":true,"href":"https:\/\/parketasala.lv\/en\/wp-json\/wp\/v2\/product_brand?post=21973"},{"taxonomy":"product_cat","embeddable":true,"href":"https:\/\/parketasala.lv\/en\/wp-json\/wp\/v2\/product_cat?post=21973"},{"taxonomy":"product_tag","embeddable":true,"href":"https:\/\/parketasala.lv\/en\/wp-json\/wp\/v2\/product_tag?post=21973"}],"curies":[{"name":"wp","href":"https:\/\/api.w.org\/{rel}","templated":true}]}}