{"id":21851,"date":"2020-01-09T09:38:47","date_gmt":"2020-01-09T09:38:47","guid":{"rendered":"https:\/\/parketasala.lv\/product\/quick-step-laminate-impressive-classic-oak-beige\/"},"modified":"2025-05-24T09:33:56","modified_gmt":"2025-05-24T09:33:56","slug":"quick-step-laminate-impressive-classic-oak-beige","status":"publish","type":"product","link":"https:\/\/parketasala.lv\/en\/product\/quick-step-laminate-impressive-classic-oak-beige\/","title":{"rendered":"Quick-Step laminate Impressive Classic Oak Beige"},"content":{"rendered":"<p>The Quick-Step Impressive series combines the best design and technical features. The Impressive series is distinguished by its increased resistance to moisture. <\/p>\n<p>&nbsp;<\/p>\n<h4>Quick-Step <a href=\"https:\/\/parketasala.lv\/en\/product\/quick-step-polyethylene-foam-sheet\/\" target=\"_blank\" rel=\"noopener noreferrer\">PE tape<\/a> and <a href=\"https:\/\/parketasala.lv\/en\/product\/quick-step-silicone-sealant-hydrokit\/\" target=\"_blank\" rel=\"noopener noreferrer\">Hydrokit<\/a> are mandatory to ensure the 10-year warranty of Impressive and Majestic laminate in rooms with high humidity.<\/h4>\n","protected":false},"excerpt":{"rendered":"<p>The Quick-Step Impressive series combines the best design and technical features. The Impressive series is distinguished by its increased resistance to moisture. &nbsp; Quick-Step PE tape and Hydrokit are mandatory to ensure the 10-year warranty of Impressive and Majestic laminate in rooms with high humidity.<\/p>\n","protected":false},"featured_media":29705,"template":"","meta":{"_acf_changed":false},"product_brand":[],"product_cat":[423,437,439,440,425],"product_tag":[],"class_list":{"0":"post-21851","1":"product","2":"type-product","3":"status-publish","4":"has-post-thumbnail","6":"product_cat-laminate-floor-coverings","7":"product_cat-laminate-for-wet-rooms","8":"product_cat-laminate-shares","9":"product_cat-quick-step-laminate","10":"product_cat-wooden-design","12":"first","13":"instock","14":"sale","15":"taxable","16":"shipping-taxable","17":"purchasable","18":"product-type-simple"},"acf":[],"yoast_head":"<!-- This site is optimized with the Yoast SEO plugin v27.3 - https:\/\/yoast.com\/product\/yoast-seo-wordpress\/ -->\n<title>Quick-Step laminate Impressive Classic Oak Beige &#8211; Parketa Sala<\/title>\n<meta name=\"robots\" content=\"index,follow\" \/>\n<link rel=\"canonical\" href=\"https:\/\/parketasala.lv\/en\/product\/quick-step-laminate-impressive-classic-oak-beige\/\" \/>\n<meta property=\"og:locale\" content=\"en_US\" \/>\n<meta property=\"og:type\" content=\"article\" \/>\n<meta property=\"og:title\" content=\"Quick-Step laminate Impressive Classic Oak Beige &#8211; Parketa Sala\" \/>\n<meta property=\"og:description\" content=\"The Quick-Step Impressive series combines the best design and technical features. The Impressive series is distinguished by its increased resistance to moisture. &nbsp; Quick-Step PE tape and Hydrokit are mandatory to ensure the 10-year warranty of Impressive and Majestic laminate in rooms with high humidity.\" \/>\n<meta property=\"og:url\" content=\"https:\/\/parketasala.lv\/en\/product\/quick-step-laminate-impressive-classic-oak-beige\/\" \/>\n<meta property=\"og:site_name\" content=\"Parketa Sala\" \/>\n<meta property=\"article:publisher\" content=\"https:\/\/www.facebook.com\/parketasala\/\" \/>\n<meta property=\"article:modified_time\" content=\"2025-05-24T09:33:56+00:00\" \/>\n<meta property=\"og:image\" content=\"https:\/\/parketasala.lv\/wp-content\/uploads\/2020\/01\/IM1847_Interior04-1-1024x690.jpg\" \/>\n\t<meta property=\"og:image:width\" content=\"1024\" \/>\n\t<meta property=\"og:image:height\" content=\"690\" \/>\n\t<meta property=\"og:image:type\" content=\"image\/jpeg\" \/>\n<meta name=\"twitter:card\" content=\"summary_large_image\" \/>\n<script type=\"application\/ld+json\" class=\"yoast-schema-graph\">{\"@context\":\"https:\\\/\\\/schema.org\",\"@graph\":[{\"@type\":\"WebPage\",\"@id\":\"https:\\\/\\\/parketasala.lv\\\/en\\\/product\\\/quick-step-laminate-impressive-classic-oak-beige\\\/\",\"url\":\"https:\\\/\\\/parketasala.lv\\\/en\\\/product\\\/quick-step-laminate-impressive-classic-oak-beige\\\/\",\"name\":\"Quick-Step laminate Impressive Classic Oak Beige &#8211; Parketa Sala\",\"isPartOf\":{\"@id\":\"https:\\\/\\\/parketasala.lv\\\/en\\\/#website\"},\"primaryImageOfPage\":{\"@id\":\"https:\\\/\\\/parketasala.lv\\\/en\\\/product\\\/quick-step-laminate-impressive-classic-oak-beige\\\/#primaryimage\"},\"image\":{\"@id\":\"https:\\\/\\\/parketasala.lv\\\/en\\\/product\\\/quick-step-laminate-impressive-classic-oak-beige\\\/#primaryimage\"},\"thumbnailUrl\":\"https:\\\/\\\/parketasala.lv\\\/wp-content\\\/uploads\\\/2025\\\/08\\\/IM1847_Interior07_kit.jpg\",\"datePublished\":\"2020-01-09T09:38:47+00:00\",\"dateModified\":\"2025-05-24T09:33:56+00:00\",\"breadcrumb\":{\"@id\":\"https:\\\/\\\/parketasala.lv\\\/en\\\/product\\\/quick-step-laminate-impressive-classic-oak-beige\\\/#breadcrumb\"},\"inLanguage\":\"en-US\",\"potentialAction\":[{\"@type\":\"ReadAction\",\"target\":[\"https:\\\/\\\/parketasala.lv\\\/en\\\/product\\\/quick-step-laminate-impressive-classic-oak-beige\\\/\"]}]},{\"@type\":\"ImageObject\",\"inLanguage\":\"en-US\",\"@id\":\"https:\\\/\\\/parketasala.lv\\\/en\\\/product\\\/quick-step-laminate-impressive-classic-oak-beige\\\/#primaryimage\",\"url\":\"https:\\\/\\\/parketasala.lv\\\/wp-content\\\/uploads\\\/2025\\\/08\\\/IM1847_Interior07_kit.jpg\",\"contentUrl\":\"https:\\\/\\\/parketasala.lv\\\/wp-content\\\/uploads\\\/2025\\\/08\\\/IM1847_Interior07_kit.jpg\",\"width\":1280,\"height\":854,\"caption\":\"Lamin\u0101ts Quick-Step Impressive IM1847\"},{\"@type\":\"BreadcrumbList\",\"@id\":\"https:\\\/\\\/parketasala.lv\\\/en\\\/product\\\/quick-step-laminate-impressive-classic-oak-beige\\\/#breadcrumb\",\"itemListElement\":[{\"@type\":\"ListItem\",\"position\":1,\"name\":\"Home\",\"item\":\"https:\\\/\\\/parketasala.lv\\\/en\\\/home\\\/\"},{\"@type\":\"ListItem\",\"position\":2,\"name\":\"Shop\",\"item\":\"https:\\\/\\\/parketasala.lv\\\/en\\\/shop\\\/\"},{\"@type\":\"ListItem\",\"position\":3,\"name\":\"Quick-Step laminate Impressive Classic Oak Beige\"}]},{\"@type\":\"WebSite\",\"@id\":\"https:\\\/\\\/parketasala.lv\\\/en\\\/#website\",\"url\":\"https:\\\/\\\/parketasala.lv\\\/en\\\/\",\"name\":\"Parketa Sala\",\"description\":\"Pla&scaron;s lamin\u0101ta, vinila, parketa un kor\u0137a gr\u012bdu kl\u0101sts\",\"publisher\":{\"@id\":\"https:\\\/\\\/parketasala.lv\\\/en\\\/#organization\"},\"potentialAction\":[{\"@type\":\"SearchAction\",\"target\":{\"@type\":\"EntryPoint\",\"urlTemplate\":\"https:\\\/\\\/parketasala.lv\\\/en\\\/?s={search_term_string}\"},\"query-input\":{\"@type\":\"PropertyValueSpecification\",\"valueRequired\":true,\"valueName\":\"search_term_string\"}}],\"inLanguage\":\"en-US\"},{\"@type\":\"Organization\",\"@id\":\"https:\\\/\\\/parketasala.lv\\\/en\\\/#organization\",\"name\":\"Parketa Sala\",\"url\":\"https:\\\/\\\/parketasala.lv\\\/en\\\/\",\"logo\":{\"@type\":\"ImageObject\",\"inLanguage\":\"en-US\",\"@id\":\"https:\\\/\\\/parketasala.lv\\\/en\\\/#\\\/schema\\\/logo\\\/image\\\/\",\"url\":\"https:\\\/\\\/parketasala.lv\\\/wp-content\\\/uploads\\\/2019\\\/12\\\/Logo-x3.png\",\"contentUrl\":\"https:\\\/\\\/parketasala.lv\\\/wp-content\\\/uploads\\\/2019\\\/12\\\/Logo-x3.png\",\"width\":660,\"height\":137,\"caption\":\"Parketa Sala\"},\"image\":{\"@id\":\"https:\\\/\\\/parketasala.lv\\\/en\\\/#\\\/schema\\\/logo\\\/image\\\/\"},\"sameAs\":[\"https:\\\/\\\/www.facebook.com\\\/parketasala\\\/\",\"https:\\\/\\\/www.instagram.com\\\/parketasala\\\/\"]}]}<\/script>\n<!-- \/ Yoast SEO plugin. -->","yoast_head_json":{"title":"Quick-Step laminate Impressive Classic Oak Beige &#8211; Parketa Sala","robots":{"index,follow":"index,follow"},"canonical":"https:\/\/parketasala.lv\/en\/product\/quick-step-laminate-impressive-classic-oak-beige\/","og_locale":"en_US","og_type":"article","og_title":"Quick-Step laminate Impressive Classic Oak Beige &#8211; Parketa Sala","og_description":"The Quick-Step Impressive series combines the best design and technical features. The Impressive series is distinguished by its increased resistance to moisture. &nbsp; Quick-Step PE tape and Hydrokit are mandatory to ensure the 10-year warranty of Impressive and Majestic laminate in rooms with high humidity.","og_url":"https:\/\/parketasala.lv\/en\/product\/quick-step-laminate-impressive-classic-oak-beige\/","og_site_name":"Parketa Sala","article_publisher":"https:\/\/www.facebook.com\/parketasala\/","article_modified_time":"2025-05-24T09:33:56+00:00","og_image":[{"width":1024,"height":690,"url":"https:\/\/parketasala.lv\/wp-content\/uploads\/2020\/01\/IM1847_Interior04-1-1024x690.jpg","type":"image\/jpeg"}],"twitter_card":"summary_large_image","schema":{"@context":"https:\/\/schema.org","@graph":[{"@type":"WebPage","@id":"https:\/\/parketasala.lv\/en\/product\/quick-step-laminate-impressive-classic-oak-beige\/","url":"https:\/\/parketasala.lv\/en\/product\/quick-step-laminate-impressive-classic-oak-beige\/","name":"Quick-Step laminate Impressive Classic Oak Beige &#8211; Parketa Sala","isPartOf":{"@id":"https:\/\/parketasala.lv\/en\/#website"},"primaryImageOfPage":{"@id":"https:\/\/parketasala.lv\/en\/product\/quick-step-laminate-impressive-classic-oak-beige\/#primaryimage"},"image":{"@id":"https:\/\/parketasala.lv\/en\/product\/quick-step-laminate-impressive-classic-oak-beige\/#primaryimage"},"thumbnailUrl":"https:\/\/parketasala.lv\/wp-content\/uploads\/2025\/08\/IM1847_Interior07_kit.jpg","datePublished":"2020-01-09T09:38:47+00:00","dateModified":"2025-05-24T09:33:56+00:00","breadcrumb":{"@id":"https:\/\/parketasala.lv\/en\/product\/quick-step-laminate-impressive-classic-oak-beige\/#breadcrumb"},"inLanguage":"en-US","potentialAction":[{"@type":"ReadAction","target":["https:\/\/parketasala.lv\/en\/product\/quick-step-laminate-impressive-classic-oak-beige\/"]}]},{"@type":"ImageObject","inLanguage":"en-US","@id":"https:\/\/parketasala.lv\/en\/product\/quick-step-laminate-impressive-classic-oak-beige\/#primaryimage","url":"https:\/\/parketasala.lv\/wp-content\/uploads\/2025\/08\/IM1847_Interior07_kit.jpg","contentUrl":"https:\/\/parketasala.lv\/wp-content\/uploads\/2025\/08\/IM1847_Interior07_kit.jpg","width":1280,"height":854,"caption":"Lamin\u0101ts Quick-Step Impressive IM1847"},{"@type":"BreadcrumbList","@id":"https:\/\/parketasala.lv\/en\/product\/quick-step-laminate-impressive-classic-oak-beige\/#breadcrumb","itemListElement":[{"@type":"ListItem","position":1,"name":"Home","item":"https:\/\/parketasala.lv\/en\/home\/"},{"@type":"ListItem","position":2,"name":"Shop","item":"https:\/\/parketasala.lv\/en\/shop\/"},{"@type":"ListItem","position":3,"name":"Quick-Step laminate Impressive Classic Oak Beige"}]},{"@type":"WebSite","@id":"https:\/\/parketasala.lv\/en\/#website","url":"https:\/\/parketasala.lv\/en\/","name":"Parketa Sala","description":"Pla&scaron;s lamin\u0101ta, vinila, parketa un kor\u0137a gr\u012bdu kl\u0101sts","publisher":{"@id":"https:\/\/parketasala.lv\/en\/#organization"},"potentialAction":[{"@type":"SearchAction","target":{"@type":"EntryPoint","urlTemplate":"https:\/\/parketasala.lv\/en\/?s={search_term_string}"},"query-input":{"@type":"PropertyValueSpecification","valueRequired":true,"valueName":"search_term_string"}}],"inLanguage":"en-US"},{"@type":"Organization","@id":"https:\/\/parketasala.lv\/en\/#organization","name":"Parketa Sala","url":"https:\/\/parketasala.lv\/en\/","logo":{"@type":"ImageObject","inLanguage":"en-US","@id":"https:\/\/parketasala.lv\/en\/#\/schema\/logo\/image\/","url":"https:\/\/parketasala.lv\/wp-content\/uploads\/2019\/12\/Logo-x3.png","contentUrl":"https:\/\/parketasala.lv\/wp-content\/uploads\/2019\/12\/Logo-x3.png","width":660,"height":137,"caption":"Parketa Sala"},"image":{"@id":"https:\/\/parketasala.lv\/en\/#\/schema\/logo\/image\/"},"sameAs":["https:\/\/www.facebook.com\/parketasala\/","https:\/\/www.instagram.com\/parketasala\/"]}]}},"_links":{"self":[{"href":"https:\/\/parketasala.lv\/en\/wp-json\/wp\/v2\/product\/21851","targetHints":{"allow":["GET"]}}],"collection":[{"href":"https:\/\/parketasala.lv\/en\/wp-json\/wp\/v2\/product"}],"about":[{"href":"https:\/\/parketasala.lv\/en\/wp-json\/wp\/v2\/types\/product"}],"wp:featuredmedia":[{"embeddable":true,"href":"https:\/\/parketasala.lv\/en\/wp-json\/wp\/v2\/media\/29705"}],"wp:attachment":[{"href":"https:\/\/parketasala.lv\/en\/wp-json\/wp\/v2\/media?parent=21851"}],"wp:term":[{"taxonomy":"product_brand","embeddable":true,"href":"https:\/\/parketasala.lv\/en\/wp-json\/wp\/v2\/product_brand?post=21851"},{"taxonomy":"product_cat","embeddable":true,"href":"https:\/\/parketasala.lv\/en\/wp-json\/wp\/v2\/product_cat?post=21851"},{"taxonomy":"product_tag","embeddable":true,"href":"https:\/\/parketasala.lv\/en\/wp-json\/wp\/v2\/product_tag?post=21851"}],"curies":[{"name":"wp","href":"https:\/\/api.w.org\/{rel}","templated":true}]}}