{"id":21825,"date":"2020-01-20T13:27:33","date_gmt":"2020-01-20T13:27:33","guid":{"rendered":"https:\/\/parketasala.lv\/product\/quick-step-silicone-sealant-hydrokit\/"},"modified":"2025-03-20T08:30:58","modified_gmt":"2025-03-20T08:30:58","slug":"quick-step-silicone-sealant-hydrokit","status":"publish","type":"product","link":"https:\/\/parketasala.lv\/en\/product\/quick-step-silicone-sealant-hydrokit\/","title":{"rendered":"Quick-Step Silicone Sealant Hydrokit"},"content":{"rendered":"<p>Quick-Step Hydrokit is a flexible, waterproof, transparent silicone sealant.<\/p>\n<p>Intended for:<\/p>\n<ul>\n<li>Compensation for filling joints (perimeter, door thresholds, radiator pipes, between skirting boards)<\/li>\n<li>For sealing threshold and end profiles<\/li>\n<li>Quick Step Impressive or Majestic for perimeter seams in rooms with high humidity (using <a href=\"https:\/\/parketasala.lv\/en\/product\/quick-step-polyethylene-foam-sheet\/\" target=\"_blank\" rel=\"noopener noreferrer\">PE Foam Seam Tape<\/a>).<\/li>\n<\/ul>\n<p>310ml pack is enough for a 12m long seam (5mmx5mm).<\/p>\n<h4>Quick-Step <a href=\"https:\/\/parketasala.lv\/en\/product\/quick-step-polyethylene-foam-sheet\/\" target=\"_blank\" rel=\"noopener noreferrer\">PE tape<\/a> and Hydrokit are mandatory to ensure the 10-year warranty of Impressive and Majestic laminate in rooms with high humidity.<\/h4>\n","protected":false},"excerpt":{"rendered":"<p>Quick-Step Hydrokit is a flexible, waterproof, transparent silicone sealant. Intended for: Compensation for filling joints (perimeter, door thresholds, radiator pipes, between skirting boards) For sealing threshold and end profiles Quick Step Impressive or Majestic for perimeter seams in rooms with high humidity (using PE Foam Seam Tape). 310ml pack is enough for a 12m long [&hellip;]<\/p>\n","protected":false},"featured_media":12317,"template":"","meta":{"_acf_changed":false},"product_brand":[],"product_cat":[424,459],"product_tag":[],"class_list":{"0":"post-21825","1":"product","2":"type-product","3":"status-publish","4":"has-post-thumbnail","6":"product_cat-accessories","7":"product_cat-mounting-and-other-accessories","9":"first","10":"instock","11":"taxable","12":"shipping-taxable","13":"purchasable","14":"product-type-simple"},"acf":[],"yoast_head":"<!-- This site is optimized with the Yoast SEO plugin v27.3 - https:\/\/yoast.com\/product\/yoast-seo-wordpress\/ -->\n<title>Quick-Step Silicone Sealant Hydrokit &#8211; Parketa Sala<\/title>\n<meta name=\"robots\" content=\"index,follow\" \/>\n<link rel=\"canonical\" href=\"https:\/\/parketasala.lv\/en\/product\/quick-step-silicone-sealant-hydrokit\/\" \/>\n<meta property=\"og:locale\" content=\"en_US\" \/>\n<meta property=\"og:type\" content=\"article\" \/>\n<meta property=\"og:title\" content=\"Quick-Step Silicone Sealant Hydrokit &#8211; Parketa Sala\" \/>\n<meta property=\"og:description\" content=\"Quick-Step Hydrokit is a flexible, waterproof, transparent silicone sealant. Intended for: Compensation for filling joints (perimeter, door thresholds, radiator pipes, between skirting boards) For sealing threshold and end profiles Quick Step Impressive or Majestic for perimeter seams in rooms with high humidity (using PE Foam Seam Tape). 310ml pack is enough for a 12m long [&hellip;]\" \/>\n<meta property=\"og:url\" content=\"https:\/\/parketasala.lv\/en\/product\/quick-step-silicone-sealant-hydrokit\/\" \/>\n<meta property=\"og:site_name\" content=\"Parketa Sala\" \/>\n<meta property=\"article:publisher\" content=\"https:\/\/www.facebook.com\/parketasala\/\" \/>\n<meta property=\"article:modified_time\" content=\"2025-03-20T08:30:58+00:00\" \/>\n<meta property=\"og:image\" content=\"https:\/\/parketasala.lv\/wp-content\/uploads\/2020\/01\/HYDROKIT_QSKITTRANSP_01_1-scaled.jpg\" \/>\n\t<meta property=\"og:image:width\" content=\"2560\" \/>\n\t<meta property=\"og:image:height\" content=\"1707\" \/>\n\t<meta property=\"og:image:type\" content=\"image\/jpeg\" \/>\n<meta name=\"twitter:card\" content=\"summary_large_image\" \/>\n<script type=\"application\/ld+json\" class=\"yoast-schema-graph\">{\"@context\":\"https:\\\/\\\/schema.org\",\"@graph\":[{\"@type\":\"WebPage\",\"@id\":\"https:\\\/\\\/parketasala.lv\\\/en\\\/product\\\/quick-step-silicone-sealant-hydrokit\\\/\",\"url\":\"https:\\\/\\\/parketasala.lv\\\/en\\\/product\\\/quick-step-silicone-sealant-hydrokit\\\/\",\"name\":\"Quick-Step Silicone Sealant Hydrokit &#8211; Parketa Sala\",\"isPartOf\":{\"@id\":\"https:\\\/\\\/parketasala.lv\\\/en\\\/#website\"},\"primaryImageOfPage\":{\"@id\":\"https:\\\/\\\/parketasala.lv\\\/en\\\/product\\\/quick-step-silicone-sealant-hydrokit\\\/#primaryimage\"},\"image\":{\"@id\":\"https:\\\/\\\/parketasala.lv\\\/en\\\/product\\\/quick-step-silicone-sealant-hydrokit\\\/#primaryimage\"},\"thumbnailUrl\":\"https:\\\/\\\/parketasala.lv\\\/wp-content\\\/uploads\\\/2020\\\/01\\\/HYDROKIT_QSKITTRANSP_01_1-scaled.jpg.webp\",\"datePublished\":\"2020-01-20T13:27:33+00:00\",\"dateModified\":\"2025-03-20T08:30:58+00:00\",\"breadcrumb\":{\"@id\":\"https:\\\/\\\/parketasala.lv\\\/en\\\/product\\\/quick-step-silicone-sealant-hydrokit\\\/#breadcrumb\"},\"inLanguage\":\"en-US\",\"potentialAction\":[{\"@type\":\"ReadAction\",\"target\":[\"https:\\\/\\\/parketasala.lv\\\/en\\\/product\\\/quick-step-silicone-sealant-hydrokit\\\/\"]}]},{\"@type\":\"ImageObject\",\"inLanguage\":\"en-US\",\"@id\":\"https:\\\/\\\/parketasala.lv\\\/en\\\/product\\\/quick-step-silicone-sealant-hydrokit\\\/#primaryimage\",\"url\":\"https:\\\/\\\/parketasala.lv\\\/wp-content\\\/uploads\\\/2020\\\/01\\\/HYDROKIT_QSKITTRANSP_01_1-scaled.jpg.webp\",\"contentUrl\":\"https:\\\/\\\/parketasala.lv\\\/wp-content\\\/uploads\\\/2020\\\/01\\\/HYDROKIT_QSKITTRANSP_01_1-scaled.jpg.webp\",\"width\":2560,\"height\":1707,\"caption\":\"Quick-Step Silicone Sealant Hydrokit QSKITTRANSP\"},{\"@type\":\"BreadcrumbList\",\"@id\":\"https:\\\/\\\/parketasala.lv\\\/en\\\/product\\\/quick-step-silicone-sealant-hydrokit\\\/#breadcrumb\",\"itemListElement\":[{\"@type\":\"ListItem\",\"position\":1,\"name\":\"Home\",\"item\":\"https:\\\/\\\/parketasala.lv\\\/en\\\/home\\\/\"},{\"@type\":\"ListItem\",\"position\":2,\"name\":\"Shop\",\"item\":\"https:\\\/\\\/parketasala.lv\\\/en\\\/shop\\\/\"},{\"@type\":\"ListItem\",\"position\":3,\"name\":\"Quick-Step Silicone Sealant Hydrokit\"}]},{\"@type\":\"WebSite\",\"@id\":\"https:\\\/\\\/parketasala.lv\\\/en\\\/#website\",\"url\":\"https:\\\/\\\/parketasala.lv\\\/en\\\/\",\"name\":\"Parketa Sala\",\"description\":\"Pla&scaron;s lamin\u0101ta, vinila, parketa un kor\u0137a gr\u012bdu kl\u0101sts\",\"publisher\":{\"@id\":\"https:\\\/\\\/parketasala.lv\\\/en\\\/#organization\"},\"potentialAction\":[{\"@type\":\"SearchAction\",\"target\":{\"@type\":\"EntryPoint\",\"urlTemplate\":\"https:\\\/\\\/parketasala.lv\\\/en\\\/?s={search_term_string}\"},\"query-input\":{\"@type\":\"PropertyValueSpecification\",\"valueRequired\":true,\"valueName\":\"search_term_string\"}}],\"inLanguage\":\"en-US\"},{\"@type\":\"Organization\",\"@id\":\"https:\\\/\\\/parketasala.lv\\\/en\\\/#organization\",\"name\":\"Parketa Sala\",\"url\":\"https:\\\/\\\/parketasala.lv\\\/en\\\/\",\"logo\":{\"@type\":\"ImageObject\",\"inLanguage\":\"en-US\",\"@id\":\"https:\\\/\\\/parketasala.lv\\\/en\\\/#\\\/schema\\\/logo\\\/image\\\/\",\"url\":\"https:\\\/\\\/parketasala.lv\\\/wp-content\\\/uploads\\\/2019\\\/12\\\/Logo-x3.png\",\"contentUrl\":\"https:\\\/\\\/parketasala.lv\\\/wp-content\\\/uploads\\\/2019\\\/12\\\/Logo-x3.png\",\"width\":660,\"height\":137,\"caption\":\"Parketa Sala\"},\"image\":{\"@id\":\"https:\\\/\\\/parketasala.lv\\\/en\\\/#\\\/schema\\\/logo\\\/image\\\/\"},\"sameAs\":[\"https:\\\/\\\/www.facebook.com\\\/parketasala\\\/\",\"https:\\\/\\\/www.instagram.com\\\/parketasala\\\/\"]}]}<\/script>\n<!-- \/ Yoast SEO plugin. -->","yoast_head_json":{"title":"Quick-Step Silicone Sealant Hydrokit &#8211; Parketa Sala","robots":{"index,follow":"index,follow"},"canonical":"https:\/\/parketasala.lv\/en\/product\/quick-step-silicone-sealant-hydrokit\/","og_locale":"en_US","og_type":"article","og_title":"Quick-Step Silicone Sealant Hydrokit &#8211; Parketa Sala","og_description":"Quick-Step Hydrokit is a flexible, waterproof, transparent silicone sealant. Intended for: Compensation for filling joints (perimeter, door thresholds, radiator pipes, between skirting boards) For sealing threshold and end profiles Quick Step Impressive or Majestic for perimeter seams in rooms with high humidity (using PE Foam Seam Tape). 310ml pack is enough for a 12m long [&hellip;]","og_url":"https:\/\/parketasala.lv\/en\/product\/quick-step-silicone-sealant-hydrokit\/","og_site_name":"Parketa Sala","article_publisher":"https:\/\/www.facebook.com\/parketasala\/","article_modified_time":"2025-03-20T08:30:58+00:00","og_image":[{"width":2560,"height":1707,"url":"https:\/\/parketasala.lv\/wp-content\/uploads\/2020\/01\/HYDROKIT_QSKITTRANSP_01_1-scaled.jpg","type":"image\/jpeg"}],"twitter_card":"summary_large_image","schema":{"@context":"https:\/\/schema.org","@graph":[{"@type":"WebPage","@id":"https:\/\/parketasala.lv\/en\/product\/quick-step-silicone-sealant-hydrokit\/","url":"https:\/\/parketasala.lv\/en\/product\/quick-step-silicone-sealant-hydrokit\/","name":"Quick-Step Silicone Sealant Hydrokit &#8211; Parketa Sala","isPartOf":{"@id":"https:\/\/parketasala.lv\/en\/#website"},"primaryImageOfPage":{"@id":"https:\/\/parketasala.lv\/en\/product\/quick-step-silicone-sealant-hydrokit\/#primaryimage"},"image":{"@id":"https:\/\/parketasala.lv\/en\/product\/quick-step-silicone-sealant-hydrokit\/#primaryimage"},"thumbnailUrl":"https:\/\/parketasala.lv\/wp-content\/uploads\/2020\/01\/HYDROKIT_QSKITTRANSP_01_1-scaled.jpg.webp","datePublished":"2020-01-20T13:27:33+00:00","dateModified":"2025-03-20T08:30:58+00:00","breadcrumb":{"@id":"https:\/\/parketasala.lv\/en\/product\/quick-step-silicone-sealant-hydrokit\/#breadcrumb"},"inLanguage":"en-US","potentialAction":[{"@type":"ReadAction","target":["https:\/\/parketasala.lv\/en\/product\/quick-step-silicone-sealant-hydrokit\/"]}]},{"@type":"ImageObject","inLanguage":"en-US","@id":"https:\/\/parketasala.lv\/en\/product\/quick-step-silicone-sealant-hydrokit\/#primaryimage","url":"https:\/\/parketasala.lv\/wp-content\/uploads\/2020\/01\/HYDROKIT_QSKITTRANSP_01_1-scaled.jpg.webp","contentUrl":"https:\/\/parketasala.lv\/wp-content\/uploads\/2020\/01\/HYDROKIT_QSKITTRANSP_01_1-scaled.jpg.webp","width":2560,"height":1707,"caption":"Quick-Step Silicone Sealant Hydrokit QSKITTRANSP"},{"@type":"BreadcrumbList","@id":"https:\/\/parketasala.lv\/en\/product\/quick-step-silicone-sealant-hydrokit\/#breadcrumb","itemListElement":[{"@type":"ListItem","position":1,"name":"Home","item":"https:\/\/parketasala.lv\/en\/home\/"},{"@type":"ListItem","position":2,"name":"Shop","item":"https:\/\/parketasala.lv\/en\/shop\/"},{"@type":"ListItem","position":3,"name":"Quick-Step Silicone Sealant Hydrokit"}]},{"@type":"WebSite","@id":"https:\/\/parketasala.lv\/en\/#website","url":"https:\/\/parketasala.lv\/en\/","name":"Parketa Sala","description":"Pla&scaron;s lamin\u0101ta, vinila, parketa un kor\u0137a gr\u012bdu kl\u0101sts","publisher":{"@id":"https:\/\/parketasala.lv\/en\/#organization"},"potentialAction":[{"@type":"SearchAction","target":{"@type":"EntryPoint","urlTemplate":"https:\/\/parketasala.lv\/en\/?s={search_term_string}"},"query-input":{"@type":"PropertyValueSpecification","valueRequired":true,"valueName":"search_term_string"}}],"inLanguage":"en-US"},{"@type":"Organization","@id":"https:\/\/parketasala.lv\/en\/#organization","name":"Parketa Sala","url":"https:\/\/parketasala.lv\/en\/","logo":{"@type":"ImageObject","inLanguage":"en-US","@id":"https:\/\/parketasala.lv\/en\/#\/schema\/logo\/image\/","url":"https:\/\/parketasala.lv\/wp-content\/uploads\/2019\/12\/Logo-x3.png","contentUrl":"https:\/\/parketasala.lv\/wp-content\/uploads\/2019\/12\/Logo-x3.png","width":660,"height":137,"caption":"Parketa Sala"},"image":{"@id":"https:\/\/parketasala.lv\/en\/#\/schema\/logo\/image\/"},"sameAs":["https:\/\/www.facebook.com\/parketasala\/","https:\/\/www.instagram.com\/parketasala\/"]}]}},"_links":{"self":[{"href":"https:\/\/parketasala.lv\/en\/wp-json\/wp\/v2\/product\/21825","targetHints":{"allow":["GET"]}}],"collection":[{"href":"https:\/\/parketasala.lv\/en\/wp-json\/wp\/v2\/product"}],"about":[{"href":"https:\/\/parketasala.lv\/en\/wp-json\/wp\/v2\/types\/product"}],"wp:featuredmedia":[{"embeddable":true,"href":"https:\/\/parketasala.lv\/en\/wp-json\/wp\/v2\/media\/12317"}],"wp:attachment":[{"href":"https:\/\/parketasala.lv\/en\/wp-json\/wp\/v2\/media?parent=21825"}],"wp:term":[{"taxonomy":"product_brand","embeddable":true,"href":"https:\/\/parketasala.lv\/en\/wp-json\/wp\/v2\/product_brand?post=21825"},{"taxonomy":"product_cat","embeddable":true,"href":"https:\/\/parketasala.lv\/en\/wp-json\/wp\/v2\/product_cat?post=21825"},{"taxonomy":"product_tag","embeddable":true,"href":"https:\/\/parketasala.lv\/en\/wp-json\/wp\/v2\/product_tag?post=21825"}],"curies":[{"name":"wp","href":"https:\/\/api.w.org\/{rel}","templated":true}]}}