{"id":21740,"date":"2020-01-25T13:16:41","date_gmt":"2020-01-25T13:16:41","guid":{"rendered":"https:\/\/parketasala.lv\/product\/floor-mouldings-haro-oak-emilia-puro-15802200-mm\/"},"modified":"2025-03-20T09:29:04","modified_gmt":"2025-03-20T09:29:04","slug":"floor-mouldings-haro-oak-emilia-puro-15802200-mm","status":"publish","type":"product","link":"https:\/\/parketasala.lv\/en\/product\/floor-mouldings-haro-oak-emilia-puro-15802200-mm\/","title":{"rendered":"Floor mouldings HARO Oak Emilia Puro 15*80*2200 mm"},"content":{"rendered":"<p>HARO skirting boards are the natural choice if you are installing HARO laminate, as they are perfectly matched to the flooring. Due to the wide range of shades, it is also possible to find a matching colour for floors from other manufacturers that do not offer the original skirting boards. <\/p>\n","protected":false},"excerpt":{"rendered":"<p>HARO skirting boards are the natural choice if you are installing HARO laminate, as they are perfectly matched to the flooring. Due to the wide range of shades, it is also possible to find a matching colour for floors from other manufacturers that do not offer the original skirting boards.<\/p>\n","protected":false},"featured_media":12504,"template":"","meta":{"_acf_changed":false},"product_brand":[],"product_cat":[424,426],"product_tag":[],"class_list":{"0":"post-21740","1":"product","2":"type-product","3":"status-publish","4":"has-post-thumbnail","6":"product_cat-accessories","7":"product_cat-mdf-skirting","9":"first","10":"onbackorder","11":"taxable","12":"shipping-taxable","13":"purchasable","14":"product-type-simple"},"acf":[],"yoast_head":"<!-- This site is optimized with the Yoast SEO plugin v27.3 - https:\/\/yoast.com\/product\/yoast-seo-wordpress\/ -->\n<title>Floor mouldings HARO Oak Emilia Puro 15*80*2200 mm &#8211; Parketa Sala<\/title>\n<meta name=\"robots\" content=\"index,follow\" \/>\n<link rel=\"canonical\" href=\"https:\/\/parketasala.lv\/en\/product\/floor-mouldings-haro-oak-emilia-puro-15802200-mm\/\" \/>\n<meta property=\"og:locale\" content=\"en_US\" \/>\n<meta property=\"og:type\" content=\"article\" \/>\n<meta property=\"og:title\" content=\"Floor mouldings HARO Oak Emilia Puro 15*80*2200 mm &#8211; Parketa Sala\" \/>\n<meta property=\"og:description\" content=\"HARO skirting boards are the natural choice if you are installing HARO laminate, as they are perfectly matched to the flooring. Due to the wide range of shades, it is also possible to find a matching colour for floors from other manufacturers that do not offer the original skirting boards.\" \/>\n<meta property=\"og:url\" content=\"https:\/\/parketasala.lv\/en\/product\/floor-mouldings-haro-oak-emilia-puro-15802200-mm\/\" \/>\n<meta property=\"og:site_name\" content=\"Parketa Sala\" \/>\n<meta property=\"article:publisher\" content=\"https:\/\/www.facebook.com\/parketasala\/\" \/>\n<meta property=\"article:modified_time\" content=\"2025-03-20T09:29:04+00:00\" \/>\n<meta property=\"og:image\" content=\"https:\/\/parketasala.lv\/wp-content\/uploads\/2020\/01\/410778_Stecksockelleiste_15x80mm-Kubus_24m-MDF-foliert_Eiche-Emilia-puro-Eiche-Olbia_PLZ.jpg\" \/>\n\t<meta property=\"og:image:width\" content=\"1000\" \/>\n\t<meta property=\"og:image:height\" content=\"1000\" \/>\n\t<meta property=\"og:image:type\" content=\"image\/jpeg\" \/>\n<meta name=\"twitter:card\" content=\"summary_large_image\" \/>\n<script type=\"application\/ld+json\" class=\"yoast-schema-graph\">{\"@context\":\"https:\\\/\\\/schema.org\",\"@graph\":[{\"@type\":\"WebPage\",\"@id\":\"https:\\\/\\\/parketasala.lv\\\/en\\\/product\\\/floor-mouldings-haro-oak-emilia-puro-15802200-mm\\\/\",\"url\":\"https:\\\/\\\/parketasala.lv\\\/en\\\/product\\\/floor-mouldings-haro-oak-emilia-puro-15802200-mm\\\/\",\"name\":\"Floor mouldings HARO Oak Emilia Puro 15*80*2200 mm &#8211; Parketa Sala\",\"isPartOf\":{\"@id\":\"https:\\\/\\\/parketasala.lv\\\/en\\\/#website\"},\"primaryImageOfPage\":{\"@id\":\"https:\\\/\\\/parketasala.lv\\\/en\\\/product\\\/floor-mouldings-haro-oak-emilia-puro-15802200-mm\\\/#primaryimage\"},\"image\":{\"@id\":\"https:\\\/\\\/parketasala.lv\\\/en\\\/product\\\/floor-mouldings-haro-oak-emilia-puro-15802200-mm\\\/#primaryimage\"},\"thumbnailUrl\":\"https:\\\/\\\/parketasala.lv\\\/wp-content\\\/uploads\\\/2020\\\/01\\\/410778_Stecksockelleiste_15x80mm-Kubus_24m-MDF-foliert_Eiche-Emilia-puro-Eiche-Olbia_PLZ.jpg.webp\",\"datePublished\":\"2020-01-25T13:16:41+00:00\",\"dateModified\":\"2025-03-20T09:29:04+00:00\",\"breadcrumb\":{\"@id\":\"https:\\\/\\\/parketasala.lv\\\/en\\\/product\\\/floor-mouldings-haro-oak-emilia-puro-15802200-mm\\\/#breadcrumb\"},\"inLanguage\":\"en-US\",\"potentialAction\":[{\"@type\":\"ReadAction\",\"target\":[\"https:\\\/\\\/parketasala.lv\\\/en\\\/product\\\/floor-mouldings-haro-oak-emilia-puro-15802200-mm\\\/\"]}]},{\"@type\":\"ImageObject\",\"inLanguage\":\"en-US\",\"@id\":\"https:\\\/\\\/parketasala.lv\\\/en\\\/product\\\/floor-mouldings-haro-oak-emilia-puro-15802200-mm\\\/#primaryimage\",\"url\":\"https:\\\/\\\/parketasala.lv\\\/wp-content\\\/uploads\\\/2020\\\/01\\\/410778_Stecksockelleiste_15x80mm-Kubus_24m-MDF-foliert_Eiche-Emilia-puro-Eiche-Olbia_PLZ.jpg.webp\",\"contentUrl\":\"https:\\\/\\\/parketasala.lv\\\/wp-content\\\/uploads\\\/2020\\\/01\\\/410778_Stecksockelleiste_15x80mm-Kubus_24m-MDF-foliert_Eiche-Emilia-puro-Eiche-Olbia_PLZ.jpg.webp\",\"width\":1000,\"height\":1000,\"caption\":\"mdf floor tile haro 15*80 mm\"},{\"@type\":\"BreadcrumbList\",\"@id\":\"https:\\\/\\\/parketasala.lv\\\/en\\\/product\\\/floor-mouldings-haro-oak-emilia-puro-15802200-mm\\\/#breadcrumb\",\"itemListElement\":[{\"@type\":\"ListItem\",\"position\":1,\"name\":\"Home\",\"item\":\"https:\\\/\\\/parketasala.lv\\\/en\\\/home\\\/\"},{\"@type\":\"ListItem\",\"position\":2,\"name\":\"Shop\",\"item\":\"https:\\\/\\\/parketasala.lv\\\/en\\\/shop\\\/\"},{\"@type\":\"ListItem\",\"position\":3,\"name\":\"Floor mouldings HARO Oak Emilia Puro 15*80*2200 mm\"}]},{\"@type\":\"WebSite\",\"@id\":\"https:\\\/\\\/parketasala.lv\\\/en\\\/#website\",\"url\":\"https:\\\/\\\/parketasala.lv\\\/en\\\/\",\"name\":\"Parketa Sala\",\"description\":\"Pla&scaron;s lamin\u0101ta, vinila, parketa un kor\u0137a gr\u012bdu kl\u0101sts\",\"publisher\":{\"@id\":\"https:\\\/\\\/parketasala.lv\\\/en\\\/#organization\"},\"potentialAction\":[{\"@type\":\"SearchAction\",\"target\":{\"@type\":\"EntryPoint\",\"urlTemplate\":\"https:\\\/\\\/parketasala.lv\\\/en\\\/?s={search_term_string}\"},\"query-input\":{\"@type\":\"PropertyValueSpecification\",\"valueRequired\":true,\"valueName\":\"search_term_string\"}}],\"inLanguage\":\"en-US\"},{\"@type\":\"Organization\",\"@id\":\"https:\\\/\\\/parketasala.lv\\\/en\\\/#organization\",\"name\":\"Parketa Sala\",\"url\":\"https:\\\/\\\/parketasala.lv\\\/en\\\/\",\"logo\":{\"@type\":\"ImageObject\",\"inLanguage\":\"en-US\",\"@id\":\"https:\\\/\\\/parketasala.lv\\\/en\\\/#\\\/schema\\\/logo\\\/image\\\/\",\"url\":\"https:\\\/\\\/parketasala.lv\\\/wp-content\\\/uploads\\\/2019\\\/12\\\/Logo-x3.png\",\"contentUrl\":\"https:\\\/\\\/parketasala.lv\\\/wp-content\\\/uploads\\\/2019\\\/12\\\/Logo-x3.png\",\"width\":660,\"height\":137,\"caption\":\"Parketa Sala\"},\"image\":{\"@id\":\"https:\\\/\\\/parketasala.lv\\\/en\\\/#\\\/schema\\\/logo\\\/image\\\/\"},\"sameAs\":[\"https:\\\/\\\/www.facebook.com\\\/parketasala\\\/\",\"https:\\\/\\\/www.instagram.com\\\/parketasala\\\/\"]}]}<\/script>\n<!-- \/ Yoast SEO plugin. -->","yoast_head_json":{"title":"Floor mouldings HARO Oak Emilia Puro 15*80*2200 mm &#8211; Parketa Sala","robots":{"index,follow":"index,follow"},"canonical":"https:\/\/parketasala.lv\/en\/product\/floor-mouldings-haro-oak-emilia-puro-15802200-mm\/","og_locale":"en_US","og_type":"article","og_title":"Floor mouldings HARO Oak Emilia Puro 15*80*2200 mm &#8211; Parketa Sala","og_description":"HARO skirting boards are the natural choice if you are installing HARO laminate, as they are perfectly matched to the flooring. Due to the wide range of shades, it is also possible to find a matching colour for floors from other manufacturers that do not offer the original skirting boards.","og_url":"https:\/\/parketasala.lv\/en\/product\/floor-mouldings-haro-oak-emilia-puro-15802200-mm\/","og_site_name":"Parketa Sala","article_publisher":"https:\/\/www.facebook.com\/parketasala\/","article_modified_time":"2025-03-20T09:29:04+00:00","og_image":[{"width":1000,"height":1000,"url":"https:\/\/parketasala.lv\/wp-content\/uploads\/2020\/01\/410778_Stecksockelleiste_15x80mm-Kubus_24m-MDF-foliert_Eiche-Emilia-puro-Eiche-Olbia_PLZ.jpg","type":"image\/jpeg"}],"twitter_card":"summary_large_image","schema":{"@context":"https:\/\/schema.org","@graph":[{"@type":"WebPage","@id":"https:\/\/parketasala.lv\/en\/product\/floor-mouldings-haro-oak-emilia-puro-15802200-mm\/","url":"https:\/\/parketasala.lv\/en\/product\/floor-mouldings-haro-oak-emilia-puro-15802200-mm\/","name":"Floor mouldings HARO Oak Emilia Puro 15*80*2200 mm &#8211; Parketa Sala","isPartOf":{"@id":"https:\/\/parketasala.lv\/en\/#website"},"primaryImageOfPage":{"@id":"https:\/\/parketasala.lv\/en\/product\/floor-mouldings-haro-oak-emilia-puro-15802200-mm\/#primaryimage"},"image":{"@id":"https:\/\/parketasala.lv\/en\/product\/floor-mouldings-haro-oak-emilia-puro-15802200-mm\/#primaryimage"},"thumbnailUrl":"https:\/\/parketasala.lv\/wp-content\/uploads\/2020\/01\/410778_Stecksockelleiste_15x80mm-Kubus_24m-MDF-foliert_Eiche-Emilia-puro-Eiche-Olbia_PLZ.jpg.webp","datePublished":"2020-01-25T13:16:41+00:00","dateModified":"2025-03-20T09:29:04+00:00","breadcrumb":{"@id":"https:\/\/parketasala.lv\/en\/product\/floor-mouldings-haro-oak-emilia-puro-15802200-mm\/#breadcrumb"},"inLanguage":"en-US","potentialAction":[{"@type":"ReadAction","target":["https:\/\/parketasala.lv\/en\/product\/floor-mouldings-haro-oak-emilia-puro-15802200-mm\/"]}]},{"@type":"ImageObject","inLanguage":"en-US","@id":"https:\/\/parketasala.lv\/en\/product\/floor-mouldings-haro-oak-emilia-puro-15802200-mm\/#primaryimage","url":"https:\/\/parketasala.lv\/wp-content\/uploads\/2020\/01\/410778_Stecksockelleiste_15x80mm-Kubus_24m-MDF-foliert_Eiche-Emilia-puro-Eiche-Olbia_PLZ.jpg.webp","contentUrl":"https:\/\/parketasala.lv\/wp-content\/uploads\/2020\/01\/410778_Stecksockelleiste_15x80mm-Kubus_24m-MDF-foliert_Eiche-Emilia-puro-Eiche-Olbia_PLZ.jpg.webp","width":1000,"height":1000,"caption":"mdf floor tile haro 15*80 mm"},{"@type":"BreadcrumbList","@id":"https:\/\/parketasala.lv\/en\/product\/floor-mouldings-haro-oak-emilia-puro-15802200-mm\/#breadcrumb","itemListElement":[{"@type":"ListItem","position":1,"name":"Home","item":"https:\/\/parketasala.lv\/en\/home\/"},{"@type":"ListItem","position":2,"name":"Shop","item":"https:\/\/parketasala.lv\/en\/shop\/"},{"@type":"ListItem","position":3,"name":"Floor mouldings HARO Oak Emilia Puro 15*80*2200 mm"}]},{"@type":"WebSite","@id":"https:\/\/parketasala.lv\/en\/#website","url":"https:\/\/parketasala.lv\/en\/","name":"Parketa Sala","description":"Pla&scaron;s lamin\u0101ta, vinila, parketa un kor\u0137a gr\u012bdu kl\u0101sts","publisher":{"@id":"https:\/\/parketasala.lv\/en\/#organization"},"potentialAction":[{"@type":"SearchAction","target":{"@type":"EntryPoint","urlTemplate":"https:\/\/parketasala.lv\/en\/?s={search_term_string}"},"query-input":{"@type":"PropertyValueSpecification","valueRequired":true,"valueName":"search_term_string"}}],"inLanguage":"en-US"},{"@type":"Organization","@id":"https:\/\/parketasala.lv\/en\/#organization","name":"Parketa Sala","url":"https:\/\/parketasala.lv\/en\/","logo":{"@type":"ImageObject","inLanguage":"en-US","@id":"https:\/\/parketasala.lv\/en\/#\/schema\/logo\/image\/","url":"https:\/\/parketasala.lv\/wp-content\/uploads\/2019\/12\/Logo-x3.png","contentUrl":"https:\/\/parketasala.lv\/wp-content\/uploads\/2019\/12\/Logo-x3.png","width":660,"height":137,"caption":"Parketa Sala"},"image":{"@id":"https:\/\/parketasala.lv\/en\/#\/schema\/logo\/image\/"},"sameAs":["https:\/\/www.facebook.com\/parketasala\/","https:\/\/www.instagram.com\/parketasala\/"]}]}},"_links":{"self":[{"href":"https:\/\/parketasala.lv\/en\/wp-json\/wp\/v2\/product\/21740","targetHints":{"allow":["GET"]}}],"collection":[{"href":"https:\/\/parketasala.lv\/en\/wp-json\/wp\/v2\/product"}],"about":[{"href":"https:\/\/parketasala.lv\/en\/wp-json\/wp\/v2\/types\/product"}],"wp:featuredmedia":[{"embeddable":true,"href":"https:\/\/parketasala.lv\/en\/wp-json\/wp\/v2\/media\/12504"}],"wp:attachment":[{"href":"https:\/\/parketasala.lv\/en\/wp-json\/wp\/v2\/media?parent=21740"}],"wp:term":[{"taxonomy":"product_brand","embeddable":true,"href":"https:\/\/parketasala.lv\/en\/wp-json\/wp\/v2\/product_brand?post=21740"},{"taxonomy":"product_cat","embeddable":true,"href":"https:\/\/parketasala.lv\/en\/wp-json\/wp\/v2\/product_cat?post=21740"},{"taxonomy":"product_tag","embeddable":true,"href":"https:\/\/parketasala.lv\/en\/wp-json\/wp\/v2\/product_tag?post=21740"}],"curies":[{"name":"wp","href":"https:\/\/api.w.org\/{rel}","templated":true}]}}