{"id":21690,"date":"2020-01-27T13:27:40","date_gmt":"2020-01-27T13:27:40","guid":{"rendered":"https:\/\/parketasala.lv\/product\/haro-alpine-oak-nature-19582200mm\/"},"modified":"2025-03-21T07:55:28","modified_gmt":"2025-03-21T07:55:28","slug":"haro-alpine-oak-nature-19582200mm","status":"publish","type":"product","link":"https:\/\/parketasala.lv\/en\/product\/haro-alpine-oak-nature-19582200mm\/","title":{"rendered":"HARO Alpine Oak Nature 19*58*2200mm"},"content":{"rendered":"<p>HARO skirting boards are the natural choice if you are installing HARO laminate, as they are perfectly matched to the flooring. Due to the wide range of shades, it is also possible to find a matching colour for floors from other manufacturers that do not offer the original skirting boards. <\/p>\n","protected":false},"excerpt":{"rendered":"<p>HARO skirting boards are the natural choice if you are installing HARO laminate, as they are perfectly matched to the flooring. Due to the wide range of shades, it is also possible to find a matching colour for floors from other manufacturers that do not offer the original skirting boards.<\/p>\n","protected":false},"featured_media":12587,"template":"","meta":{"_acf_changed":false},"product_brand":[],"product_cat":[424,426],"product_tag":[],"class_list":{"0":"post-21690","1":"product","2":"type-product","3":"status-publish","4":"has-post-thumbnail","6":"product_cat-accessories","7":"product_cat-mdf-skirting","9":"first","10":"instock","11":"taxable","12":"shipping-taxable","13":"purchasable","14":"product-type-simple"},"acf":[],"yoast_head":"<!-- This site is optimized with the Yoast SEO plugin v27.3 - https:\/\/yoast.com\/product\/yoast-seo-wordpress\/ -->\n<title>HARO Alpine Oak Nature 19*58*2200mm &#8211; Parketa Sala<\/title>\n<meta name=\"robots\" content=\"index,follow\" \/>\n<link rel=\"canonical\" href=\"https:\/\/parketasala.lv\/en\/product\/haro-alpine-oak-nature-19582200mm\/\" \/>\n<meta property=\"og:locale\" content=\"en_US\" \/>\n<meta property=\"og:type\" content=\"article\" \/>\n<meta property=\"og:title\" content=\"HARO Alpine Oak Nature 19*58*2200mm &#8211; Parketa Sala\" \/>\n<meta property=\"og:description\" content=\"HARO skirting boards are the natural choice if you are installing HARO laminate, as they are perfectly matched to the flooring. Due to the wide range of shades, it is also possible to find a matching colour for floors from other manufacturers that do not offer the original skirting boards.\" \/>\n<meta property=\"og:url\" content=\"https:\/\/parketasala.lv\/en\/product\/haro-alpine-oak-nature-19582200mm\/\" \/>\n<meta property=\"og:site_name\" content=\"Parketa Sala\" \/>\n<meta property=\"article:publisher\" content=\"https:\/\/www.facebook.com\/parketasala\/\" \/>\n<meta property=\"article:modified_time\" content=\"2025-03-21T07:55:28+00:00\" \/>\n<meta property=\"og:image\" content=\"https:\/\/parketasala.lv\/wp-content\/uploads\/2020\/01\/408616_Stecksockelleiste_19x58mm_22m-MDF-foliert_Eiche-premium-natur-Alpineiche-natur_PLZ.jpg\" \/>\n\t<meta property=\"og:image:width\" content=\"1000\" \/>\n\t<meta property=\"og:image:height\" content=\"1000\" \/>\n\t<meta property=\"og:image:type\" content=\"image\/jpeg\" \/>\n<meta name=\"twitter:card\" content=\"summary_large_image\" \/>\n<script type=\"application\/ld+json\" class=\"yoast-schema-graph\">{\"@context\":\"https:\\\/\\\/schema.org\",\"@graph\":[{\"@type\":\"WebPage\",\"@id\":\"https:\\\/\\\/parketasala.lv\\\/en\\\/product\\\/haro-alpine-oak-nature-19582200mm\\\/\",\"url\":\"https:\\\/\\\/parketasala.lv\\\/en\\\/product\\\/haro-alpine-oak-nature-19582200mm\\\/\",\"name\":\"HARO Alpine Oak Nature 19*58*2200mm &#8211; Parketa Sala\",\"isPartOf\":{\"@id\":\"https:\\\/\\\/parketasala.lv\\\/en\\\/#website\"},\"primaryImageOfPage\":{\"@id\":\"https:\\\/\\\/parketasala.lv\\\/en\\\/product\\\/haro-alpine-oak-nature-19582200mm\\\/#primaryimage\"},\"image\":{\"@id\":\"https:\\\/\\\/parketasala.lv\\\/en\\\/product\\\/haro-alpine-oak-nature-19582200mm\\\/#primaryimage\"},\"thumbnailUrl\":\"https:\\\/\\\/parketasala.lv\\\/wp-content\\\/uploads\\\/2020\\\/01\\\/408616_Stecksockelleiste_19x58mm_22m-MDF-foliert_Eiche-premium-natur-Alpineiche-natur_PLZ.jpg\",\"datePublished\":\"2020-01-27T13:27:40+00:00\",\"dateModified\":\"2025-03-21T07:55:28+00:00\",\"breadcrumb\":{\"@id\":\"https:\\\/\\\/parketasala.lv\\\/en\\\/product\\\/haro-alpine-oak-nature-19582200mm\\\/#breadcrumb\"},\"inLanguage\":\"en-US\",\"potentialAction\":[{\"@type\":\"ReadAction\",\"target\":[\"https:\\\/\\\/parketasala.lv\\\/en\\\/product\\\/haro-alpine-oak-nature-19582200mm\\\/\"]}]},{\"@type\":\"ImageObject\",\"inLanguage\":\"en-US\",\"@id\":\"https:\\\/\\\/parketasala.lv\\\/en\\\/product\\\/haro-alpine-oak-nature-19582200mm\\\/#primaryimage\",\"url\":\"https:\\\/\\\/parketasala.lv\\\/wp-content\\\/uploads\\\/2020\\\/01\\\/408616_Stecksockelleiste_19x58mm_22m-MDF-foliert_Eiche-premium-natur-Alpineiche-natur_PLZ.jpg\",\"contentUrl\":\"https:\\\/\\\/parketasala.lv\\\/wp-content\\\/uploads\\\/2020\\\/01\\\/408616_Stecksockelleiste_19x58mm_22m-MDF-foliert_Eiche-premium-natur-Alpineiche-natur_PLZ.jpg\",\"width\":1000,\"height\":1000,\"caption\":\"Mdf skirting HARO 19*58 mm\"},{\"@type\":\"BreadcrumbList\",\"@id\":\"https:\\\/\\\/parketasala.lv\\\/en\\\/product\\\/haro-alpine-oak-nature-19582200mm\\\/#breadcrumb\",\"itemListElement\":[{\"@type\":\"ListItem\",\"position\":1,\"name\":\"Home\",\"item\":\"https:\\\/\\\/parketasala.lv\\\/en\\\/home\\\/\"},{\"@type\":\"ListItem\",\"position\":2,\"name\":\"Shop\",\"item\":\"https:\\\/\\\/parketasala.lv\\\/en\\\/shop\\\/\"},{\"@type\":\"ListItem\",\"position\":3,\"name\":\"HARO Alpine Oak Nature 19*58*2200mm\"}]},{\"@type\":\"WebSite\",\"@id\":\"https:\\\/\\\/parketasala.lv\\\/en\\\/#website\",\"url\":\"https:\\\/\\\/parketasala.lv\\\/en\\\/\",\"name\":\"Parketa Sala\",\"description\":\"Pla&scaron;s lamin\u0101ta, vinila, parketa un kor\u0137a gr\u012bdu kl\u0101sts\",\"publisher\":{\"@id\":\"https:\\\/\\\/parketasala.lv\\\/en\\\/#organization\"},\"potentialAction\":[{\"@type\":\"SearchAction\",\"target\":{\"@type\":\"EntryPoint\",\"urlTemplate\":\"https:\\\/\\\/parketasala.lv\\\/en\\\/?s={search_term_string}\"},\"query-input\":{\"@type\":\"PropertyValueSpecification\",\"valueRequired\":true,\"valueName\":\"search_term_string\"}}],\"inLanguage\":\"en-US\"},{\"@type\":\"Organization\",\"@id\":\"https:\\\/\\\/parketasala.lv\\\/en\\\/#organization\",\"name\":\"Parketa Sala\",\"url\":\"https:\\\/\\\/parketasala.lv\\\/en\\\/\",\"logo\":{\"@type\":\"ImageObject\",\"inLanguage\":\"en-US\",\"@id\":\"https:\\\/\\\/parketasala.lv\\\/en\\\/#\\\/schema\\\/logo\\\/image\\\/\",\"url\":\"https:\\\/\\\/parketasala.lv\\\/wp-content\\\/uploads\\\/2019\\\/12\\\/Logo-x3.png\",\"contentUrl\":\"https:\\\/\\\/parketasala.lv\\\/wp-content\\\/uploads\\\/2019\\\/12\\\/Logo-x3.png\",\"width\":660,\"height\":137,\"caption\":\"Parketa Sala\"},\"image\":{\"@id\":\"https:\\\/\\\/parketasala.lv\\\/en\\\/#\\\/schema\\\/logo\\\/image\\\/\"},\"sameAs\":[\"https:\\\/\\\/www.facebook.com\\\/parketasala\\\/\",\"https:\\\/\\\/www.instagram.com\\\/parketasala\\\/\"]}]}<\/script>\n<!-- \/ Yoast SEO plugin. -->","yoast_head_json":{"title":"HARO Alpine Oak Nature 19*58*2200mm &#8211; Parketa Sala","robots":{"index,follow":"index,follow"},"canonical":"https:\/\/parketasala.lv\/en\/product\/haro-alpine-oak-nature-19582200mm\/","og_locale":"en_US","og_type":"article","og_title":"HARO Alpine Oak Nature 19*58*2200mm &#8211; Parketa Sala","og_description":"HARO skirting boards are the natural choice if you are installing HARO laminate, as they are perfectly matched to the flooring. Due to the wide range of shades, it is also possible to find a matching colour for floors from other manufacturers that do not offer the original skirting boards.","og_url":"https:\/\/parketasala.lv\/en\/product\/haro-alpine-oak-nature-19582200mm\/","og_site_name":"Parketa Sala","article_publisher":"https:\/\/www.facebook.com\/parketasala\/","article_modified_time":"2025-03-21T07:55:28+00:00","og_image":[{"width":1000,"height":1000,"url":"https:\/\/parketasala.lv\/wp-content\/uploads\/2020\/01\/408616_Stecksockelleiste_19x58mm_22m-MDF-foliert_Eiche-premium-natur-Alpineiche-natur_PLZ.jpg","type":"image\/jpeg"}],"twitter_card":"summary_large_image","schema":{"@context":"https:\/\/schema.org","@graph":[{"@type":"WebPage","@id":"https:\/\/parketasala.lv\/en\/product\/haro-alpine-oak-nature-19582200mm\/","url":"https:\/\/parketasala.lv\/en\/product\/haro-alpine-oak-nature-19582200mm\/","name":"HARO Alpine Oak Nature 19*58*2200mm &#8211; Parketa Sala","isPartOf":{"@id":"https:\/\/parketasala.lv\/en\/#website"},"primaryImageOfPage":{"@id":"https:\/\/parketasala.lv\/en\/product\/haro-alpine-oak-nature-19582200mm\/#primaryimage"},"image":{"@id":"https:\/\/parketasala.lv\/en\/product\/haro-alpine-oak-nature-19582200mm\/#primaryimage"},"thumbnailUrl":"https:\/\/parketasala.lv\/wp-content\/uploads\/2020\/01\/408616_Stecksockelleiste_19x58mm_22m-MDF-foliert_Eiche-premium-natur-Alpineiche-natur_PLZ.jpg","datePublished":"2020-01-27T13:27:40+00:00","dateModified":"2025-03-21T07:55:28+00:00","breadcrumb":{"@id":"https:\/\/parketasala.lv\/en\/product\/haro-alpine-oak-nature-19582200mm\/#breadcrumb"},"inLanguage":"en-US","potentialAction":[{"@type":"ReadAction","target":["https:\/\/parketasala.lv\/en\/product\/haro-alpine-oak-nature-19582200mm\/"]}]},{"@type":"ImageObject","inLanguage":"en-US","@id":"https:\/\/parketasala.lv\/en\/product\/haro-alpine-oak-nature-19582200mm\/#primaryimage","url":"https:\/\/parketasala.lv\/wp-content\/uploads\/2020\/01\/408616_Stecksockelleiste_19x58mm_22m-MDF-foliert_Eiche-premium-natur-Alpineiche-natur_PLZ.jpg","contentUrl":"https:\/\/parketasala.lv\/wp-content\/uploads\/2020\/01\/408616_Stecksockelleiste_19x58mm_22m-MDF-foliert_Eiche-premium-natur-Alpineiche-natur_PLZ.jpg","width":1000,"height":1000,"caption":"Mdf skirting HARO 19*58 mm"},{"@type":"BreadcrumbList","@id":"https:\/\/parketasala.lv\/en\/product\/haro-alpine-oak-nature-19582200mm\/#breadcrumb","itemListElement":[{"@type":"ListItem","position":1,"name":"Home","item":"https:\/\/parketasala.lv\/en\/home\/"},{"@type":"ListItem","position":2,"name":"Shop","item":"https:\/\/parketasala.lv\/en\/shop\/"},{"@type":"ListItem","position":3,"name":"HARO Alpine Oak Nature 19*58*2200mm"}]},{"@type":"WebSite","@id":"https:\/\/parketasala.lv\/en\/#website","url":"https:\/\/parketasala.lv\/en\/","name":"Parketa Sala","description":"Pla&scaron;s lamin\u0101ta, vinila, parketa un kor\u0137a gr\u012bdu kl\u0101sts","publisher":{"@id":"https:\/\/parketasala.lv\/en\/#organization"},"potentialAction":[{"@type":"SearchAction","target":{"@type":"EntryPoint","urlTemplate":"https:\/\/parketasala.lv\/en\/?s={search_term_string}"},"query-input":{"@type":"PropertyValueSpecification","valueRequired":true,"valueName":"search_term_string"}}],"inLanguage":"en-US"},{"@type":"Organization","@id":"https:\/\/parketasala.lv\/en\/#organization","name":"Parketa Sala","url":"https:\/\/parketasala.lv\/en\/","logo":{"@type":"ImageObject","inLanguage":"en-US","@id":"https:\/\/parketasala.lv\/en\/#\/schema\/logo\/image\/","url":"https:\/\/parketasala.lv\/wp-content\/uploads\/2019\/12\/Logo-x3.png","contentUrl":"https:\/\/parketasala.lv\/wp-content\/uploads\/2019\/12\/Logo-x3.png","width":660,"height":137,"caption":"Parketa Sala"},"image":{"@id":"https:\/\/parketasala.lv\/en\/#\/schema\/logo\/image\/"},"sameAs":["https:\/\/www.facebook.com\/parketasala\/","https:\/\/www.instagram.com\/parketasala\/"]}]}},"_links":{"self":[{"href":"https:\/\/parketasala.lv\/en\/wp-json\/wp\/v2\/product\/21690","targetHints":{"allow":["GET"]}}],"collection":[{"href":"https:\/\/parketasala.lv\/en\/wp-json\/wp\/v2\/product"}],"about":[{"href":"https:\/\/parketasala.lv\/en\/wp-json\/wp\/v2\/types\/product"}],"wp:featuredmedia":[{"embeddable":true,"href":"https:\/\/parketasala.lv\/en\/wp-json\/wp\/v2\/media\/12587"}],"wp:attachment":[{"href":"https:\/\/parketasala.lv\/en\/wp-json\/wp\/v2\/media?parent=21690"}],"wp:term":[{"taxonomy":"product_brand","embeddable":true,"href":"https:\/\/parketasala.lv\/en\/wp-json\/wp\/v2\/product_brand?post=21690"},{"taxonomy":"product_cat","embeddable":true,"href":"https:\/\/parketasala.lv\/en\/wp-json\/wp\/v2\/product_cat?post=21690"},{"taxonomy":"product_tag","embeddable":true,"href":"https:\/\/parketasala.lv\/en\/wp-json\/wp\/v2\/product_tag?post=21690"}],"curies":[{"name":"wp","href":"https:\/\/api.w.org\/{rel}","templated":true}]}}